{"id":27813,"date":"2024-05-14T17:56:09","date_gmt":"2024-05-14T20:56:09","guid":{"rendered":"https:\/\/escolhelab.com.br\/?page_id=27813"},"modified":"2025-03-05T11:06:43","modified_gmt":"2025-03-05T14:06:43","slug":"quem-ssomos","status":"publish","type":"page","link":"https:\/\/escolhelab.com.br\/en\/quem-ssomos\/","title":{"rendered":"quem somos"},"content":{"rendered":"<div data-elementor-type=\"wp-page\" data-elementor-id=\"27813\" class=\"elementor elementor-27813\" data-elementor-post-type=\"page\">\n\t\t\t\t<div class=\"elementor-element elementor-element-145b71c2 e-con-full e-flex e-con e-parent\" data-id=\"145b71c2\" data-element_type=\"container\" data-e-type=\"container\" data-settings=\"{&quot;background_background&quot;:&quot;classic&quot;}\">\n\t\t\t\t<div class=\"elementor-element elementor-element-35477753 color-scheme-inherit text-left elementor-widget elementor-widget-text-editor\" data-id=\"35477753\" data-element_type=\"widget\" data-e-type=\"widget\" data-widget_type=\"text-editor.default\">\n\t\t\t\t\t\t\t\t\t<p><span style=\"font-family: helvetica, arial, sans-serif; font-size: 24pt;\">Quem somos<\/span><\/p><p>A \u201cLoja Escolhelab\u201d surgiu com a necessidade de clientes que precisam adquirir produtos e equipamentos de uma forma pr\u00e1tica e simples no processo de compra.\u00a0\u00a0<\/p><p>A Loja Escolhaelab \u00e9 uma loja virtual (pertence a Tellogic Sistemas) presente no mercado h\u00e1 14 anos e que conta com profissionais experientes na comercializa\u00e7\u00e3o de produtos eletr\u00f5nicos, comsumiveis (conectores, cabos, etc), servi\u00e7os de telecom, eletrica e outros, visando a qualidade no atendimento ao cliente.<\/p><p>Proporcionamos um atendimento personalizado, com produtos de proced\u00eancia e com garantia de qualidade. \u00a0Mais do que simples produtos, oferecemos servi\u00e7os que fazem a diferen\u00e7a, com rapidez e efici\u00eancia.<\/p><p>Nossos produtos s\u00e3o direcionados a v\u00e1rios segmentos empresariais, residencias e atunomos e dispomos de v\u00e1rias marcas, com pre\u00e7os competitivos e qualidade.<\/p><p>Vendemos artigos como c\u00e2meras, centrais pabx, lampadas, ferramentas em geral, tomadas, conectores, telefones (IP, comuns, sem fio), fontes,cabos em geral (para cftv, telefonia e rede) equipamentos para redes de dados, linha de produtos pl\u00e1ticos, linha de vidaria, equipamentos de medi\u00e7\u00e3o dentre outros.<\/p><p>Consulte nossa loja online para ver toda a nossa linha de produtos.<\/p>\t\t\t\t\t\t\t\t<\/div>\n\t\t\t\t<\/div>\n\t\t\t\t<\/div>","protected":false},"excerpt":{"rendered":"<p>Quem somos A \u201cLoja Escolhelab\u201d surgiu com a necessidade de clientes que precisam adquirir produtos e equipamentos de uma forma<\/p>","protected":false},"author":1,"featured_media":0,"parent":0,"menu_order":0,"comment_status":"closed","ping_status":"closed","template":"","meta":{"_acf_changed":false,"iawp_total_views":9,"footnotes":""},"class_list":["post-27813","page","type-page","status-publish","hentry"],"acf":[],"yoast_head":"<!-- This site is optimized with the Yoast SEO Premium plugin v26.2 (Yoast SEO v27.3) - https:\/\/yoast.com\/product\/yoast-seo-premium-wordpress\/ -->\n<title>quem somos - Loja de produtos para laboratorio<\/title>\n<meta name=\"robots\" content=\"index, follow, max-snippet:-1, max-image-preview:large, max-video-preview:-1\" \/>\n<link rel=\"canonical\" href=\"https:\/\/escolhelab.com.br\/en\/quem-ssomos\/\" \/>\n<meta property=\"og:locale\" content=\"en_US\" \/>\n<meta property=\"og:type\" content=\"article\" \/>\n<meta property=\"og:title\" content=\"quem somos\" \/>\n<meta property=\"og:description\" content=\"Quem somos A \u201cLoja Escolhelab\u201d surgiu com a necessidade de clientes que precisam adquirir produtos e equipamentos de uma forma\" \/>\n<meta property=\"og:url\" content=\"https:\/\/escolhelab.com.br\/en\/quem-ssomos\/\" \/>\n<meta property=\"og:site_name\" content=\"Loja de produtos para laboratorio\" \/>\n<meta property=\"article:modified_time\" content=\"2025-03-05T14:06:43+00:00\" \/>\n<meta property=\"og:image\" content=\"https:\/\/escolhelab.com.br\/wp-content\/uploads\/2024\/06\/logo-pq-escolhelab-escolhelab-com-br-2.png\" \/>\n\t<meta property=\"og:image:width\" content=\"197\" \/>\n\t<meta property=\"og:image:height\" content=\"26\" \/>\n\t<meta property=\"og:image:type\" content=\"image\/png\" \/>\n<meta name=\"twitter:card\" content=\"summary_large_image\" \/>\n<meta name=\"twitter:label1\" content=\"Est. reading time\" \/>\n\t<meta name=\"twitter:data1\" content=\"1 minute\" \/>\n<script type=\"application\/ld+json\" class=\"yoast-schema-graph\">{\"@context\":\"https:\\\/\\\/schema.org\",\"@graph\":[{\"@type\":\"WebPage\",\"@id\":\"https:\\\/\\\/escolhelab.com.br\\\/quem-ssomos\\\/\",\"url\":\"https:\\\/\\\/escolhelab.com.br\\\/quem-ssomos\\\/\",\"name\":\"quem somos - Loja de produtos para laboratorio\",\"isPartOf\":{\"@id\":\"https:\\\/\\\/escolhelab.com.br\\\/#website\"},\"datePublished\":\"2024-05-14T20:56:09+00:00\",\"dateModified\":\"2025-03-05T14:06:43+00:00\",\"breadcrumb\":{\"@id\":\"https:\\\/\\\/escolhelab.com.br\\\/quem-ssomos\\\/#breadcrumb\"},\"inLanguage\":\"en-US\",\"potentialAction\":[{\"@type\":\"ReadAction\",\"target\":[\"https:\\\/\\\/escolhelab.com.br\\\/quem-ssomos\\\/\"]}]},{\"@type\":\"BreadcrumbList\",\"@id\":\"https:\\\/\\\/escolhelab.com.br\\\/quem-ssomos\\\/#breadcrumb\",\"itemListElement\":[{\"@type\":\"ListItem\",\"position\":1,\"name\":\"In\u00edcio\",\"item\":\"https:\\\/\\\/escolhelab.com.br\\\/\"},{\"@type\":\"ListItem\",\"position\":2,\"name\":\"quem somos\"}]},{\"@type\":\"WebSite\",\"@id\":\"https:\\\/\\\/escolhelab.com.br\\\/#website\",\"url\":\"https:\\\/\\\/escolhelab.com.br\\\/\",\"name\":\"Loja de produtos para laboratorio\",\"description\":\"Produtos para Laborat\u00f3rio,Artigos e outros na loja do quimico\",\"publisher\":{\"@id\":\"https:\\\/\\\/escolhelab.com.br\\\/#organization\"},\"alternateName\":\"escolhelab\",\"potentialAction\":[{\"@type\":\"SearchAction\",\"target\":{\"@type\":\"EntryPoint\",\"urlTemplate\":\"https:\\\/\\\/escolhelab.com.br\\\/?s={search_term_string}\"},\"query-input\":{\"@type\":\"PropertyValueSpecification\",\"valueRequired\":true,\"valueName\":\"search_term_string\"}}],\"inLanguage\":\"en-US\"},{\"@type\":\"Organization\",\"@id\":\"https:\\\/\\\/escolhelab.com.br\\\/#organization\",\"name\":\"loja escolhelab\",\"alternateName\":\"escolhelab\",\"url\":\"https:\\\/\\\/escolhelab.com.br\\\/\",\"logo\":{\"@type\":\"ImageObject\",\"inLanguage\":\"en-US\",\"@id\":\"https:\\\/\\\/escolhelab.com.br\\\/#\\\/schema\\\/logo\\\/image\\\/\",\"url\":\"https:\\\/\\\/escolhelab.com.br\\\/wp-content\\\/uploads\\\/2024\\\/12\\\/icone-e-512-512escolhelab-com-br-2-800x800.png\",\"contentUrl\":\"https:\\\/\\\/escolhelab.com.br\\\/wp-content\\\/uploads\\\/2024\\\/12\\\/icone-e-512-512escolhelab-com-br-2-800x800.png\",\"width\":800,\"height\":800,\"caption\":\"loja escolhelab\"},\"image\":{\"@id\":\"https:\\\/\\\/escolhelab.com.br\\\/#\\\/schema\\\/logo\\\/image\\\/\"}}]}<\/script>\n<!-- \/ Yoast SEO Premium plugin. -->","yoast_head_json":{"title":"quem somos - Loja de produtos para laboratorio","robots":{"index":"index","follow":"follow","max-snippet":"max-snippet:-1","max-image-preview":"max-image-preview:large","max-video-preview":"max-video-preview:-1"},"canonical":"https:\/\/escolhelab.com.br\/en\/quem-ssomos\/","og_locale":"en_US","og_type":"article","og_title":"quem somos","og_description":"Quem somos A \u201cLoja Escolhelab\u201d surgiu com a necessidade de clientes que precisam adquirir produtos e equipamentos de uma forma","og_url":"https:\/\/escolhelab.com.br\/en\/quem-ssomos\/","og_site_name":"Loja de produtos para laboratorio","article_modified_time":"2025-03-05T14:06:43+00:00","og_image":[{"width":197,"height":26,"url":"https:\/\/escolhelab.com.br\/wp-content\/uploads\/2024\/06\/logo-pq-escolhelab-escolhelab-com-br-2.png","type":"image\/png"}],"twitter_card":"summary_large_image","twitter_misc":{"Est. reading time":"1 minute"},"schema":{"@context":"https:\/\/schema.org","@graph":[{"@type":"WebPage","@id":"https:\/\/escolhelab.com.br\/quem-ssomos\/","url":"https:\/\/escolhelab.com.br\/quem-ssomos\/","name":"quem somos - Loja de produtos para laboratorio","isPartOf":{"@id":"https:\/\/escolhelab.com.br\/#website"},"datePublished":"2024-05-14T20:56:09+00:00","dateModified":"2025-03-05T14:06:43+00:00","breadcrumb":{"@id":"https:\/\/escolhelab.com.br\/quem-ssomos\/#breadcrumb"},"inLanguage":"en-US","potentialAction":[{"@type":"ReadAction","target":["https:\/\/escolhelab.com.br\/quem-ssomos\/"]}]},{"@type":"BreadcrumbList","@id":"https:\/\/escolhelab.com.br\/quem-ssomos\/#breadcrumb","itemListElement":[{"@type":"ListItem","position":1,"name":"In\u00edcio","item":"https:\/\/escolhelab.com.br\/"},{"@type":"ListItem","position":2,"name":"quem somos"}]},{"@type":"WebSite","@id":"https:\/\/escolhelab.com.br\/#website","url":"https:\/\/escolhelab.com.br\/","name":"Loja de produtos para laboratorio","description":"Produtos para Laborat\u00f3rio,Artigos e outros na loja do quimico","publisher":{"@id":"https:\/\/escolhelab.com.br\/#organization"},"alternateName":"escolhelab","potentialAction":[{"@type":"SearchAction","target":{"@type":"EntryPoint","urlTemplate":"https:\/\/escolhelab.com.br\/?s={search_term_string}"},"query-input":{"@type":"PropertyValueSpecification","valueRequired":true,"valueName":"search_term_string"}}],"inLanguage":"en-US"},{"@type":"Organization","@id":"https:\/\/escolhelab.com.br\/#organization","name":"loja escolhelab","alternateName":"escolhelab","url":"https:\/\/escolhelab.com.br\/","logo":{"@type":"ImageObject","inLanguage":"en-US","@id":"https:\/\/escolhelab.com.br\/#\/schema\/logo\/image\/","url":"https:\/\/escolhelab.com.br\/wp-content\/uploads\/2024\/12\/icone-e-512-512escolhelab-com-br-2-800x800.png","contentUrl":"https:\/\/escolhelab.com.br\/wp-content\/uploads\/2024\/12\/icone-e-512-512escolhelab-com-br-2-800x800.png","width":800,"height":800,"caption":"loja escolhelab"},"image":{"@id":"https:\/\/escolhelab.com.br\/#\/schema\/logo\/image\/"}}]}},"_links":{"self":[{"href":"https:\/\/escolhelab.com.br\/en\/wp-json\/wp\/v2\/pages\/27813","targetHints":{"allow":["GET"]}}],"collection":[{"href":"https:\/\/escolhelab.com.br\/en\/wp-json\/wp\/v2\/pages"}],"about":[{"href":"https:\/\/escolhelab.com.br\/en\/wp-json\/wp\/v2\/types\/page"}],"author":[{"embeddable":true,"href":"https:\/\/escolhelab.com.br\/en\/wp-json\/wp\/v2\/users\/1"}],"replies":[{"embeddable":true,"href":"https:\/\/escolhelab.com.br\/en\/wp-json\/wp\/v2\/comments?post=27813"}],"version-history":[{"count":0,"href":"https:\/\/escolhelab.com.br\/en\/wp-json\/wp\/v2\/pages\/27813\/revisions"}],"wp:attachment":[{"href":"https:\/\/escolhelab.com.br\/en\/wp-json\/wp\/v2\/media?parent=27813"}],"curies":[{"name":"wp","href":"https:\/\/api.w.org\/{rel}","templated":true}]}}