{"id":27828,"date":"2024-05-14T18:07:42","date_gmt":"2024-05-14T21:07:42","guid":{"rendered":"https:\/\/escolhelab.com.br\/?page_id=27828"},"modified":"2026-02-20T14:39:58","modified_gmt":"2026-02-20T17:39:58","slug":"formas-de-envio","status":"publish","type":"page","link":"https:\/\/escolhelab.com.br\/en\/formas-de-envio\/","title":{"rendered":"formas de envio"},"content":{"rendered":"<div data-elementor-type=\"wp-page\" data-elementor-id=\"27828\" class=\"elementor elementor-27828\" data-elementor-post-type=\"page\">\n\t\t\t\t<div class=\"elementor-element elementor-element-617706c9 e-con-full e-flex e-con e-parent\" data-id=\"617706c9\" data-element_type=\"container\" data-e-type=\"container\" data-settings=\"{&quot;background_background&quot;:&quot;classic&quot;}\">\n\t\t\t\t<div class=\"elementor-element elementor-element-66d82b45 color-scheme-inherit text-left elementor-widget elementor-widget-text-editor\" data-id=\"66d82b45\" data-element_type=\"widget\" data-e-type=\"widget\" data-widget_type=\"text-editor.default\">\n\t\t\t\t\t\t\t\t\t<p><span style=\"font-family: helvetica, arial, sans-serif; font-size: 18pt;\">Formas de envio<\/span><\/p><p>Adquirindo nossos produtos na Loja do Escolhafacil voc\u00ea pode receb\u00ea-los em seu endere\u00e7o de forma r\u00e1pida, segura e econ\u00f4mica. O frete \u00e9 calculado automaticamente no ato da compra e pode ser escolhido pelo comprador, conforme descrito abaixo:<\/p><p>\u00a0 \u00a0 <img loading=\"lazy\" decoding=\"async\" class=\"alignnone wp-image-28169\" src=\"https:\/\/escolhelab.com.br\/wp-content\/uploads\/2024\/05\/Calculo-Correios-Sedex-e-Pac-400x179.webp\" alt=\"\" width=\"105\" height=\"47\" srcset=\"https:\/\/escolhelab.com.br\/wp-content\/uploads\/2024\/05\/Calculo-Correios-Sedex-e-Pac-400x179.webp 400w, https:\/\/escolhelab.com.br\/wp-content\/uploads\/2024\/05\/Calculo-Correios-Sedex-e-Pac-430x192.webp 430w, https:\/\/escolhelab.com.br\/wp-content\/uploads\/2024\/05\/Calculo-Correios-Sedex-e-Pac-150x67.webp 150w, https:\/\/escolhelab.com.br\/wp-content\/uploads\/2024\/05\/Calculo-Correios-Sedex-e-Pac.webp 600w\" sizes=\"auto, (max-width: 105px) 100vw, 105px\" \/> <img loading=\"lazy\" decoding=\"async\" class=\"alignnone size-full wp-image-28168\" src=\"https:\/\/escolhelab.com.br\/wp-content\/uploads\/2024\/05\/icone-jadlog.png\" alt=\"\" width=\"120\" height=\"54\" \/><\/p>\t\t\t\t\t\t\t\t<\/div>\n\t\t\t\t<\/div>\n\t\t<div class=\"elementor-element elementor-element-75dca82c e-con-full e-flex e-con e-parent\" data-id=\"75dca82c\" data-element_type=\"container\" data-e-type=\"container\" data-settings=\"{&quot;background_background&quot;:&quot;classic&quot;}\">\n\t\t\t\t<div class=\"elementor-element elementor-element-53e1913a elementor-widget elementor-widget-wd_accordion\" data-id=\"53e1913a\" data-element_type=\"widget\" data-e-type=\"widget\" data-widget_type=\"wd_accordion.default\">\n\t\t\t\t<div class=\"elementor-widget-container\">\n\t\t\t\t\t\n\t\t<div class=\"wd-accordion wd-style-simple wd-titles-left wd-opener-pos-left wd-opener-style-arrow\" data-state=\"all_closed\">\n\t\t\t\t\t\t\t\n\t\t\t\t<div class=\"wd-accordion-item\">\n\t\t\t\t\t<div class=\"wd-accordion-title wd-role-btn\" data-accordion-index=\"0\" tabindex=\"0\">\n\t\t\t\t\t\t<div class=\"wd-accordion-title-text\">\n\t\t\t\t\t\t\t\t\t\t\t\t\t\t<span>\n\t\t\t\t\t\t\t\tFrete correios\t\t\t\t\t\t\t<\/span>\n\t\t\t\t\t\t<\/div>\n\t\t\t\t\t\t<span class=\"wd-accordion-opener\"><\/span>\n\t\t\t\t\t<\/div>\n\n\t\t\t\t\t<div class=\"wd-accordion-content wd-entry-content\" data-accordion-index=\"0\">\n\t\t\t\t\t\t\t\t\t\t\t\t\t\n\t\t\t\t\t\t\t<p>* Servi\u00e7o Tipo PAC\u00a0:\u00a0 Seu pedido ser\u00e1 entregue em at\u00e9 15 (quinze) dias \u00fateis \u00e0 partir da data de confirma\u00e7\u00e3o do pagamento, baseando-se no prazo estipulado para entrega que \u00e9 informado no momento da compra de cada produto.<\/p><p>** Servi\u00e7o Tipo SEDEX:\u00a0Sua encomenda ser\u00e1 entregue em at\u00e9 10 (dez) dias \u00fateis, \u00e0 partir da data de confirma\u00e7\u00e3o do pagamento, baseando-se no prazo estipulado entrega que \u00e9 informado no momento da compra de cada produto\u00a0.<\/p>\n\t\t\t\t\t\t\t\t\t\t\t\t\t\t\t\t\t\t<\/div>\n\t\t\t\t<\/div>\n\t\t\t\t\t<\/div>\n\t\t\t\t\t\t<\/div>\n\t\t\t\t<\/div>\n\t\t\t\t<div class=\"elementor-element elementor-element-7c005633 elementor-widget elementor-widget-wd_accordion\" data-id=\"7c005633\" data-element_type=\"widget\" data-e-type=\"widget\" data-widget_type=\"wd_accordion.default\">\n\t\t\t\t<div class=\"elementor-widget-container\">\n\t\t\t\t\t\n\t\t<div class=\"wd-accordion wd-style-simple wd-titles-left wd-opener-pos-left wd-opener-style-arrow\" data-state=\"all_closed\">\n\t\t\t\t\t\t\t\n\t\t\t\t<div class=\"wd-accordion-item\">\n\t\t\t\t\t<div class=\"wd-accordion-title wd-role-btn\" data-accordion-index=\"0\" tabindex=\"0\">\n\t\t\t\t\t\t<div class=\"wd-accordion-title-text\">\n\t\t\t\t\t\t\t\t\t\t\t\t\t\t<span>\n\t\t\t\t\t\t\t\tFrete via transportadora\t\t\t\t\t\t\t<\/span>\n\t\t\t\t\t\t<\/div>\n\t\t\t\t\t\t<span class=\"wd-accordion-opener\"><\/span>\n\t\t\t\t\t<\/div>\n\n\t\t\t\t\t<div class=\"wd-accordion-content wd-entry-content\" data-accordion-index=\"0\">\n\t\t\t\t\t\t\t\t\t\t\t\t\t\n\t\t\t\t\t\t\t<p>*** NOSSA TRANSPORTADORA:\u00a0Para mercadorias acima de\u00a030 kg, tais como equipamentos, grandes\u00a0 volumes e outros; a entrega ser\u00e1 feita via nossa transportadora e ser\u00e1 entregue em at\u00e9 15(quinze) dias \u00fateis nos estados:<\/p><p>SP\/RJ\/RS\/PR\/SC\/MG\/DF\/GO\/ES\/BA; interior e demais Estados em at\u00e9 20 (vinte) dias\u00a0\u00fateis, \u00e0 partir da data de confirma\u00e7\u00e3o do pagamento e baseando-se no prazo estipulado para entrega que \u00e9 informado no momento da compra de cada produto.<\/p>\n\t\t\t\t\t\t\t\t\t\t\t\t\t\t\t\t\t\t<\/div>\n\t\t\t\t<\/div>\n\t\t\t\t\t<\/div>\n\t\t\t\t\t\t<\/div>\n\t\t\t\t<\/div>\n\t\t\t\t<div class=\"elementor-element elementor-element-438e901d elementor-widget elementor-widget-wd_accordion\" data-id=\"438e901d\" data-element_type=\"widget\" data-e-type=\"widget\" data-widget_type=\"wd_accordion.default\">\n\t\t\t\t<div class=\"elementor-widget-container\">\n\t\t\t\t\t\n\t\t<div class=\"wd-accordion wd-style-simple wd-titles-left wd-opener-pos-left wd-opener-style-arrow\" data-state=\"all_closed\">\n\t\t\t\t\t\t\t\n\t\t\t\t<div class=\"wd-accordion-item\">\n\t\t\t\t\t<div class=\"wd-accordion-title wd-role-btn\" data-accordion-index=\"0\" tabindex=\"0\">\n\t\t\t\t\t\t<div class=\"wd-accordion-title-text\">\n\t\t\t\t\t\t\t\t\t\t\t\t\t\t<span>\n\t\t\t\t\t\t\t\tTransportadora do cliente\t\t\t\t\t\t\t<\/span>\n\t\t\t\t\t\t<\/div>\n\t\t\t\t\t\t<span class=\"wd-accordion-opener\"><\/span>\n\t\t\t\t\t<\/div>\n\n\t\t\t\t\t<div class=\"wd-accordion-content wd-entry-content\" data-accordion-index=\"0\">\n\t\t\t\t\t\t\t\t\t\t\t\t\t\n\t\t\t\t\t\t\t<p>** TRANSPORTADORA DO CLIENTE: Ap\u00f3s a libera\u00e7\u00e3o do pedido do cliente, o mesmo poder\u00e1 optar pelo envio atrav\u00e9s de sua transportadora.\u00a0 Neste caso, para que o cliente solicite que sua transportadora efetue a coleta direto na Loja Escolhefacil, o cliente dever\u00e1 informar no ato da compra qual ser\u00e1 a transportadora, entrando em contato com nosso Departamento de Vendas atrav\u00e9s do email: vendas@escolhelab.com.br ou telefone (11) 5197-6054. O prazo de entrega ficar\u00e1 em aberto e depender\u00e1 do tempo de coleta informado pela transportadora do cliente.<\/p>\n\t\t\t\t\t\t\t\t\t\t\t\t\t\t\t\t\t\t<\/div>\n\t\t\t\t<\/div>\n\t\t\t\t\t<\/div>\n\t\t\t\t\t\t<\/div>\n\t\t\t\t<\/div>\n\t\t\t\t<div class=\"elementor-element elementor-element-204d0a49 elementor-widget elementor-widget-wd_accordion\" data-id=\"204d0a49\" data-element_type=\"widget\" data-e-type=\"widget\" data-widget_type=\"wd_accordion.default\">\n\t\t\t\t<div class=\"elementor-widget-container\">\n\t\t\t\t\t\n\t\t<div class=\"wd-accordion wd-style-simple wd-titles-left wd-opener-pos-left wd-opener-style-arrow\" data-state=\"all_closed\">\n\t\t\t\t\t\t\t\n\t\t\t\t<div class=\"wd-accordion-item\">\n\t\t\t\t\t<div class=\"wd-accordion-title wd-role-btn\" data-accordion-index=\"0\" tabindex=\"0\">\n\t\t\t\t\t\t<div class=\"wd-accordion-title-text\">\n\t\t\t\t\t\t\t\t\t\t\t\t\t\t<span>\n\t\t\t\t\t\t\t\tObserva\u00e7\u00f5es gerais\t\t\t\t\t\t\t<\/span>\n\t\t\t\t\t\t<\/div>\n\t\t\t\t\t\t<span class=\"wd-accordion-opener\"><\/span>\n\t\t\t\t\t<\/div>\n\n\t\t\t\t\t<div class=\"wd-accordion-content wd-entry-content\" data-accordion-index=\"0\">\n\t\t\t\t\t\t\t\t\t\t\t\t\t\n\t\t\t\t\t\t\t<p>Observa\u00e7\u00f5es Gerais:<\/p><p>Para as modalidades Via Correio, a entrega ser\u00e1 efetuada mediante endere\u00e7o e CEP informados pelo cliente.\u00a0Caso n\u00e3o seja poss\u00edvel a entrega do objeto, ap\u00f3s 3 (tr\u00eas) tentativas, ser\u00e1 deixado um aviso comunicando que o objeto dever\u00e1 ser retirado na\u00a0Ag\u00eancia dos Correios\u00a0mais pr\u00f3xima do endere\u00e7o do DESTINAT\u00c1RIO, por um per\u00edodo de 7 (sete) dias corridos. Ap\u00f3s este prazo o objeto ser\u00e1 devolvido imediatamente ao REMETENTE.\u00a0<\/p><p>Em fun\u00e7\u00e3o da variedade de produtos dispon\u00edveis em nossa loja, todos os itens est\u00e3o sujeitos a disponibilidade de estoque com varia\u00e7\u00e3o no\u00a0Prazo de Entrega.<\/p><p>Ser\u00e3o classificadas como exce\u00e7\u00e3o, para efeito de contagem do prazo estabelecido para entrega, sem que isso seja caracterizado como descumprimento do prazo comprometido pela Loja Escolhelab, as seguintes situa\u00e7\u00f5es:<\/p><ul><li>\u00a0Indica\u00e7\u00e3o incorreta ou incompleta do endere\u00e7o do DESTINAT\u00c1RIO, principalmente com rela\u00e7\u00e3o ao CEP;<\/li><li>\u00b7Localiza\u00e7\u00e3o do DESTINAT\u00c1RIO em \u00e1rea n\u00e3o acess\u00edvel, de forma permanente ou tempor\u00e1ria, para a entrega;\u00a0\u00a0\u00a0\u00a0\u00a0<\/li><\/ul>\n\t\t\t\t\t\t\t\t\t\t\t\t\t\t\t\t\t\t<\/div>\n\t\t\t\t<\/div>\n\t\t\t\t\t<\/div>\n\t\t\t\t\t\t<\/div>\n\t\t\t\t<\/div>\n\t\t\t\t<\/div>\n\t\t\t\t<\/div>","protected":false},"excerpt":{"rendered":"<p>Formas de envio Adquirindo nossos produtos na Loja do Escolhafacil voc\u00ea pode receb\u00ea-los em seu endere\u00e7o de forma r\u00e1pida, segura<\/p>","protected":false},"author":1,"featured_media":0,"parent":0,"menu_order":0,"comment_status":"closed","ping_status":"closed","template":"","meta":{"_acf_changed":false,"iawp_total_views":11,"footnotes":""},"class_list":["post-27828","page","type-page","status-publish","hentry"],"acf":[],"yoast_head":"<!-- This site is optimized with the Yoast SEO Premium plugin v26.2 (Yoast SEO v27.3) - https:\/\/yoast.com\/product\/yoast-seo-premium-wordpress\/ -->\n<title>formas de envio - Loja de produtos para laboratorio<\/title>\n<meta name=\"description\" content=\"Formas de envio dos produtos de laborat\u00f3rio da loja escolhelab\" \/>\n<meta name=\"robots\" content=\"index, follow, max-snippet:-1, max-image-preview:large, max-video-preview:-1\" \/>\n<link rel=\"canonical\" href=\"https:\/\/escolhelab.com.br\/en\/formas-de-envio\/\" \/>\n<meta property=\"og:locale\" content=\"en_US\" \/>\n<meta property=\"og:type\" content=\"article\" \/>\n<meta property=\"og:title\" content=\"formas de envio\" \/>\n<meta property=\"og:description\" content=\"Formas de envio dos produtos de laborat\u00f3rio da loja escolhelab\" \/>\n<meta property=\"og:url\" content=\"https:\/\/escolhelab.com.br\/en\/formas-de-envio\/\" \/>\n<meta property=\"og:site_name\" content=\"Loja de produtos para laboratorio\" \/>\n<meta property=\"article:modified_time\" content=\"2026-02-20T17:39:58+00:00\" \/>\n<meta property=\"og:image\" content=\"https:\/\/escolhelab.com.br\/wp-content\/uploads\/2024\/05\/Calculo-Correios-Sedex-e-Pac.webp\" \/>\n\t<meta property=\"og:image:width\" content=\"600\" \/>\n\t<meta property=\"og:image:height\" content=\"268\" \/>\n\t<meta property=\"og:image:type\" content=\"image\/webp\" \/>\n<meta name=\"twitter:card\" content=\"summary_large_image\" \/>\n<meta name=\"twitter:label1\" content=\"Est. reading time\" \/>\n\t<meta name=\"twitter:data1\" content=\"3 minutes\" \/>\n<script type=\"application\/ld+json\" class=\"yoast-schema-graph\">{\"@context\":\"https:\\\/\\\/schema.org\",\"@graph\":[{\"@type\":\"WebPage\",\"@id\":\"https:\\\/\\\/escolhelab.com.br\\\/formas-de-envio\\\/\",\"url\":\"https:\\\/\\\/escolhelab.com.br\\\/formas-de-envio\\\/\",\"name\":\"formas de envio - Loja de produtos para laboratorio\",\"isPartOf\":{\"@id\":\"https:\\\/\\\/escolhelab.com.br\\\/#website\"},\"primaryImageOfPage\":{\"@id\":\"https:\\\/\\\/escolhelab.com.br\\\/formas-de-envio\\\/#primaryimage\"},\"image\":{\"@id\":\"https:\\\/\\\/escolhelab.com.br\\\/formas-de-envio\\\/#primaryimage\"},\"thumbnailUrl\":\"https:\\\/\\\/escolhelab.com.br\\\/wp-content\\\/uploads\\\/2024\\\/05\\\/Calculo-Correios-Sedex-e-Pac-400x179.webp\",\"datePublished\":\"2024-05-14T21:07:42+00:00\",\"dateModified\":\"2026-02-20T17:39:58+00:00\",\"description\":\"Formas de envio dos produtos de laborat\u00f3rio da loja escolhelab\",\"breadcrumb\":{\"@id\":\"https:\\\/\\\/escolhelab.com.br\\\/formas-de-envio\\\/#breadcrumb\"},\"inLanguage\":\"en-US\",\"potentialAction\":[{\"@type\":\"ReadAction\",\"target\":[\"https:\\\/\\\/escolhelab.com.br\\\/formas-de-envio\\\/\"]}]},{\"@type\":\"ImageObject\",\"inLanguage\":\"en-US\",\"@id\":\"https:\\\/\\\/escolhelab.com.br\\\/formas-de-envio\\\/#primaryimage\",\"url\":\"https:\\\/\\\/escolhelab.com.br\\\/wp-content\\\/uploads\\\/2024\\\/05\\\/Calculo-Correios-Sedex-e-Pac-400x179.webp\",\"contentUrl\":\"https:\\\/\\\/escolhelab.com.br\\\/wp-content\\\/uploads\\\/2024\\\/05\\\/Calculo-Correios-Sedex-e-Pac-400x179.webp\"},{\"@type\":\"BreadcrumbList\",\"@id\":\"https:\\\/\\\/escolhelab.com.br\\\/formas-de-envio\\\/#breadcrumb\",\"itemListElement\":[{\"@type\":\"ListItem\",\"position\":1,\"name\":\"In\u00edcio\",\"item\":\"https:\\\/\\\/escolhelab.com.br\\\/\"},{\"@type\":\"ListItem\",\"position\":2,\"name\":\"formas de envio\"}]},{\"@type\":\"WebSite\",\"@id\":\"https:\\\/\\\/escolhelab.com.br\\\/#website\",\"url\":\"https:\\\/\\\/escolhelab.com.br\\\/\",\"name\":\"Loja de produtos para laboratorio\",\"description\":\"Produtos para Laborat\u00f3rio,Artigos e outros na loja do quimico\",\"publisher\":{\"@id\":\"https:\\\/\\\/escolhelab.com.br\\\/#organization\"},\"alternateName\":\"escolhelab\",\"potentialAction\":[{\"@type\":\"SearchAction\",\"target\":{\"@type\":\"EntryPoint\",\"urlTemplate\":\"https:\\\/\\\/escolhelab.com.br\\\/?s={search_term_string}\"},\"query-input\":{\"@type\":\"PropertyValueSpecification\",\"valueRequired\":true,\"valueName\":\"search_term_string\"}}],\"inLanguage\":\"en-US\"},{\"@type\":\"Organization\",\"@id\":\"https:\\\/\\\/escolhelab.com.br\\\/#organization\",\"name\":\"loja escolhelab\",\"alternateName\":\"escolhelab\",\"url\":\"https:\\\/\\\/escolhelab.com.br\\\/\",\"logo\":{\"@type\":\"ImageObject\",\"inLanguage\":\"en-US\",\"@id\":\"https:\\\/\\\/escolhelab.com.br\\\/#\\\/schema\\\/logo\\\/image\\\/\",\"url\":\"https:\\\/\\\/escolhelab.com.br\\\/wp-content\\\/uploads\\\/2024\\\/12\\\/icone-e-512-512escolhelab-com-br-2-800x800.png\",\"contentUrl\":\"https:\\\/\\\/escolhelab.com.br\\\/wp-content\\\/uploads\\\/2024\\\/12\\\/icone-e-512-512escolhelab-com-br-2-800x800.png\",\"width\":800,\"height\":800,\"caption\":\"loja escolhelab\"},\"image\":{\"@id\":\"https:\\\/\\\/escolhelab.com.br\\\/#\\\/schema\\\/logo\\\/image\\\/\"}}]}<\/script>\n<!-- \/ Yoast SEO Premium plugin. -->","yoast_head_json":{"title":"formas de envio - Loja de produtos para laboratorio","description":"Formas de envio dos produtos de laborat\u00f3rio da loja escolhelab","robots":{"index":"index","follow":"follow","max-snippet":"max-snippet:-1","max-image-preview":"max-image-preview:large","max-video-preview":"max-video-preview:-1"},"canonical":"https:\/\/escolhelab.com.br\/en\/formas-de-envio\/","og_locale":"en_US","og_type":"article","og_title":"formas de envio","og_description":"Formas de envio dos produtos de laborat\u00f3rio da loja escolhelab","og_url":"https:\/\/escolhelab.com.br\/en\/formas-de-envio\/","og_site_name":"Loja de produtos para laboratorio","article_modified_time":"2026-02-20T17:39:58+00:00","og_image":[{"width":600,"height":268,"url":"https:\/\/escolhelab.com.br\/wp-content\/uploads\/2024\/05\/Calculo-Correios-Sedex-e-Pac.webp","type":"image\/webp"}],"twitter_card":"summary_large_image","twitter_misc":{"Est. reading time":"3 minutes"},"schema":{"@context":"https:\/\/schema.org","@graph":[{"@type":"WebPage","@id":"https:\/\/escolhelab.com.br\/formas-de-envio\/","url":"https:\/\/escolhelab.com.br\/formas-de-envio\/","name":"formas de envio - Loja de produtos para laboratorio","isPartOf":{"@id":"https:\/\/escolhelab.com.br\/#website"},"primaryImageOfPage":{"@id":"https:\/\/escolhelab.com.br\/formas-de-envio\/#primaryimage"},"image":{"@id":"https:\/\/escolhelab.com.br\/formas-de-envio\/#primaryimage"},"thumbnailUrl":"https:\/\/escolhelab.com.br\/wp-content\/uploads\/2024\/05\/Calculo-Correios-Sedex-e-Pac-400x179.webp","datePublished":"2024-05-14T21:07:42+00:00","dateModified":"2026-02-20T17:39:58+00:00","description":"Formas de envio dos produtos de laborat\u00f3rio da loja escolhelab","breadcrumb":{"@id":"https:\/\/escolhelab.com.br\/formas-de-envio\/#breadcrumb"},"inLanguage":"en-US","potentialAction":[{"@type":"ReadAction","target":["https:\/\/escolhelab.com.br\/formas-de-envio\/"]}]},{"@type":"ImageObject","inLanguage":"en-US","@id":"https:\/\/escolhelab.com.br\/formas-de-envio\/#primaryimage","url":"https:\/\/escolhelab.com.br\/wp-content\/uploads\/2024\/05\/Calculo-Correios-Sedex-e-Pac-400x179.webp","contentUrl":"https:\/\/escolhelab.com.br\/wp-content\/uploads\/2024\/05\/Calculo-Correios-Sedex-e-Pac-400x179.webp"},{"@type":"BreadcrumbList","@id":"https:\/\/escolhelab.com.br\/formas-de-envio\/#breadcrumb","itemListElement":[{"@type":"ListItem","position":1,"name":"In\u00edcio","item":"https:\/\/escolhelab.com.br\/"},{"@type":"ListItem","position":2,"name":"formas de envio"}]},{"@type":"WebSite","@id":"https:\/\/escolhelab.com.br\/#website","url":"https:\/\/escolhelab.com.br\/","name":"Loja de produtos para laboratorio","description":"Produtos para Laborat\u00f3rio,Artigos e outros na loja do quimico","publisher":{"@id":"https:\/\/escolhelab.com.br\/#organization"},"alternateName":"escolhelab","potentialAction":[{"@type":"SearchAction","target":{"@type":"EntryPoint","urlTemplate":"https:\/\/escolhelab.com.br\/?s={search_term_string}"},"query-input":{"@type":"PropertyValueSpecification","valueRequired":true,"valueName":"search_term_string"}}],"inLanguage":"en-US"},{"@type":"Organization","@id":"https:\/\/escolhelab.com.br\/#organization","name":"loja escolhelab","alternateName":"escolhelab","url":"https:\/\/escolhelab.com.br\/","logo":{"@type":"ImageObject","inLanguage":"en-US","@id":"https:\/\/escolhelab.com.br\/#\/schema\/logo\/image\/","url":"https:\/\/escolhelab.com.br\/wp-content\/uploads\/2024\/12\/icone-e-512-512escolhelab-com-br-2-800x800.png","contentUrl":"https:\/\/escolhelab.com.br\/wp-content\/uploads\/2024\/12\/icone-e-512-512escolhelab-com-br-2-800x800.png","width":800,"height":800,"caption":"loja escolhelab"},"image":{"@id":"https:\/\/escolhelab.com.br\/#\/schema\/logo\/image\/"}}]}},"_links":{"self":[{"href":"https:\/\/escolhelab.com.br\/en\/wp-json\/wp\/v2\/pages\/27828","targetHints":{"allow":["GET"]}}],"collection":[{"href":"https:\/\/escolhelab.com.br\/en\/wp-json\/wp\/v2\/pages"}],"about":[{"href":"https:\/\/escolhelab.com.br\/en\/wp-json\/wp\/v2\/types\/page"}],"author":[{"embeddable":true,"href":"https:\/\/escolhelab.com.br\/en\/wp-json\/wp\/v2\/users\/1"}],"replies":[{"embeddable":true,"href":"https:\/\/escolhelab.com.br\/en\/wp-json\/wp\/v2\/comments?post=27828"}],"version-history":[{"count":0,"href":"https:\/\/escolhelab.com.br\/en\/wp-json\/wp\/v2\/pages\/27828\/revisions"}],"wp:attachment":[{"href":"https:\/\/escolhelab.com.br\/en\/wp-json\/wp\/v2\/media?parent=27828"}],"curies":[{"name":"wp","href":"https:\/\/api.w.org\/{rel}","templated":true}]}}