{"id":28110,"date":"2024-05-16T16:57:15","date_gmt":"2024-05-16T19:57:15","guid":{"rendered":"https:\/\/escolhelab.com.br\/?page_id=28110"},"modified":"2026-02-20T14:34:29","modified_gmt":"2026-02-20T17:34:29","slug":"politica-de-privacidade","status":"publish","type":"page","link":"https:\/\/escolhelab.com.br\/en\/politica-de-privacidade\/","title":{"rendered":"politica de privacidade"},"content":{"rendered":"<div data-elementor-type=\"wp-page\" data-elementor-id=\"28110\" class=\"elementor elementor-28110\" data-elementor-post-type=\"page\">\n\t\t\t\t<div class=\"elementor-element elementor-element-1c960db2 e-con-full e-flex e-con e-parent\" data-id=\"1c960db2\" data-element_type=\"container\" data-e-type=\"container\" data-settings=\"{&quot;background_background&quot;:&quot;classic&quot;}\">\n\t\t<div class=\"elementor-element elementor-element-572c118a e-con-full e-flex e-con e-child\" data-id=\"572c118a\" data-element_type=\"container\" data-e-type=\"container\">\n\t\t\t\t<div class=\"elementor-element elementor-element-158dbaf6 color-scheme-inherit text-left elementor-widget elementor-widget-text-editor\" data-id=\"158dbaf6\" data-element_type=\"widget\" data-e-type=\"widget\" data-widget_type=\"text-editor.default\">\n\t\t\t\t\t\t\t\t\t<p style=\"text-align: justify;\"><strong><span style=\"font-family: helvetica, arial, sans-serif; font-size: 24pt;\">Pol\u00edtica de Privacidade<\/span><\/strong><\/p><p><span style=\"font-family: helvetica, arial, sans-serif; font-size: 12pt;\">A Escolhelab tem o compromisso com a transpar\u00eancia, a privacidade e a seguran\u00e7a dos dados de seus clientes durante todo o processo de intera\u00e7\u00e3o com nosso site, aplicativo .<\/span><\/p><p><span style=\"font-family: helvetica, arial, sans-serif; font-size: 12pt;\"> A Pol\u00edtica de Privacidade, detalhada a seguir, demonstra como os seus dados pessoais s\u00e3o tratados, quais informa\u00e7\u00f5es coletamos e como as utilizamos, armazenamos ou exclu\u00edmos, em linha com as disposi\u00e7\u00f5es da Lei Geral de Prote\u00e7\u00e3o de Dados (Lei 13.709\/18).<\/span><\/p><p><span style=\"font-family: helvetica, arial, sans-serif; font-size: 12pt;\">A Escolhelab tem o compromisso com a privacidade e a seguran\u00e7a de seus clientes durante todo o processo de navega\u00e7\u00e3o e compra pelo site. Os dados cadastrais dos clientes n\u00e3o s\u00e3o vendidos, trocados ou divulgados para terceiros, exceto quando essas informa\u00e7\u00f5es s\u00e3o necess\u00e1rias para o processo de entrega, cobran\u00e7a, ou para participa\u00e7\u00e3o em promo\u00e7\u00f5es solicitadas pelos clientes. Seus dados pessoais s\u00e3o pe\u00e7a fundamental para que seu pedido chegue em seguran\u00e7a, que voc\u00ea Cliente designou para receber nossos produtos, de acordo com nossa disponibilidade de estoque e prazo de entrega.<\/span><\/p><p><span style=\"font-family: helvetica, arial, sans-serif;\">A Escolhelab\u00a0 faz uso de cookies &#8211; <span style=\"text-decoration: underline; color: #0000ff;\"><strong><a style=\"color: #0000ff; text-decoration: underline;\" href=\"https:\/\/escolhelab.com.br\/en\/politica-de-cookies-br\/\">link para politica de cookies<\/a><\/strong><\/span> As suas suas informa\u00e7\u00f5es de navega\u00e7\u00e3o (sess\u00e3o do browser) ter\u00e1 como objetivo tra\u00e7ar um perfil desse usu\u00e1rio que visita a nossa loja, e aperfei\u00e7oar sempre nossos servi\u00e7os, produtos, conte\u00fados e garantir as melhores ofertas e promo\u00e7\u00f5es para voc\u00ea. Durante todo este processo mantemos suas informa\u00e7\u00f5es em sigilo absoluto. Vale lembrar que seus dados s\u00e3o registrados pela Loja Escolhelab de forma automatizada, dispensando manipula\u00e7\u00e3o humana.<\/span><\/p><p><span style=\"font-family: helvetica, arial, sans-serif; font-size: 12pt;\">\u00a0A Escolhelab n\u00e3o entra em contato com seus Clientes para coleta de dados relativos \u00e0 \u00e1rea financeira, por exemplo solicitando n\u00famero de conta, ag\u00eancia, confirma\u00e7\u00e3o de senha de conta banc\u00e1ria, informa\u00e7\u00e3o de senhas de cart\u00f5es de cr\u00e9dito, etc. Informamos que utilizamos um ambiente seguro para a realiza\u00e7\u00e3o de pagamentos atrav\u00e9s do sistema \u201cPague Seguro o atrav\u00e9s de PIx \u201d, no qual\u00a0 o Cliente transita com sua informa\u00e7\u00e3o pessoais e banc\u00e1rias no ambiente confi\u00e1vel. Durante a utiliza\u00e7\u00e3o ou na finaliza\u00e7\u00e3o do processo de compra, caso tenha qualquer d\u00favida entre em contato conosco atrav\u00e9s do e-mail : vendas@escolhelab.com.br\u00a0e teremos o maior prazer em te ajudar.<\/span><\/p><p><span style=\"font-family: helvetica, arial, sans-serif; font-size: 12pt;\">Para que seus dados permane\u00e7am intactos, n\u00f3s desaconselhamos expressamente a divulga\u00e7\u00e3o de sua senha \u00e0 terceiros, mesmo a amigos e parentes.<\/span><\/p><p><span style=\"font-family: helvetica, arial, sans-serif; font-size: 12pt;\">As altera\u00e7\u00f5es sobre nossa pol\u00edtica de privacidade ser\u00e3o devidamente informadas neste espa\u00e7o.<\/span><\/p><p><span style=\"font-family: helvetica, arial, sans-serif; font-size: 12pt;\">Se voc\u00ea n\u00e3o deseja mais receber nossos e-mails, envie um e mail com sua solicita\u00e7\u00e3o\u00a0 \u00a0para\u00a0vendas@escolhe\u00e7ab.com.br<\/span><\/p>\t\t\t\t\t\t\t\t<\/div>\n\t\t\t\t<\/div>\n\t\t\t\t<\/div>\n\t\t\t\t<\/div>","protected":false},"excerpt":{"rendered":"<p>Pol\u00edtica de Privacidade A Escolhelab tem o compromisso com a transpar\u00eancia, a privacidade e a seguran\u00e7a dos dados de seus<\/p>","protected":false},"author":1,"featured_media":0,"parent":0,"menu_order":0,"comment_status":"closed","ping_status":"closed","template":"","meta":{"_acf_changed":false,"iawp_total_views":13,"footnotes":""},"class_list":["post-28110","page","type-page","status-publish","hentry"],"acf":[],"yoast_head":"<!-- This site is optimized with the Yoast SEO Premium plugin v26.2 (Yoast SEO v27.3) - https:\/\/yoast.com\/product\/yoast-seo-premium-wordpress\/ -->\n<title>politica de privacidade - Loja de produtos para laboratorio<\/title>\n<meta name=\"robots\" content=\"index, follow, max-snippet:-1, max-image-preview:large, max-video-preview:-1\" \/>\n<link rel=\"canonical\" href=\"https:\/\/escolhelab.com.br\/en\/politica-de-privacidade\/\" \/>\n<meta property=\"og:locale\" content=\"en_US\" \/>\n<meta property=\"og:type\" content=\"article\" \/>\n<meta property=\"og:title\" content=\"politica de privacidade\" \/>\n<meta property=\"og:description\" content=\"Pol\u00edtica de Privacidade A Escolhelab tem o compromisso com a transpar\u00eancia, a privacidade e a seguran\u00e7a dos dados de seus\" \/>\n<meta property=\"og:url\" content=\"https:\/\/escolhelab.com.br\/en\/politica-de-privacidade\/\" \/>\n<meta property=\"og:site_name\" content=\"Loja de produtos para laboratorio\" \/>\n<meta property=\"article:modified_time\" content=\"2026-02-20T17:34:29+00:00\" \/>\n<meta property=\"og:image\" content=\"https:\/\/escolhelab.com.br\/wp-content\/uploads\/2024\/06\/logo-pq-escolhelab-escolhelab-com-br-2.png\" \/>\n\t<meta property=\"og:image:width\" content=\"197\" \/>\n\t<meta property=\"og:image:height\" content=\"26\" \/>\n\t<meta property=\"og:image:type\" content=\"image\/png\" \/>\n<meta name=\"twitter:card\" content=\"summary_large_image\" \/>\n<meta name=\"twitter:label1\" content=\"Est. reading time\" \/>\n\t<meta name=\"twitter:data1\" content=\"3 minutes\" \/>\n<script type=\"application\/ld+json\" class=\"yoast-schema-graph\">{\"@context\":\"https:\\\/\\\/schema.org\",\"@graph\":[{\"@type\":\"WebPage\",\"@id\":\"https:\\\/\\\/escolhelab.com.br\\\/politica-de-privacidade\\\/\",\"url\":\"https:\\\/\\\/escolhelab.com.br\\\/politica-de-privacidade\\\/\",\"name\":\"politica de privacidade - Loja de produtos para laboratorio\",\"isPartOf\":{\"@id\":\"https:\\\/\\\/escolhelab.com.br\\\/#website\"},\"datePublished\":\"2024-05-16T19:57:15+00:00\",\"dateModified\":\"2026-02-20T17:34:29+00:00\",\"breadcrumb\":{\"@id\":\"https:\\\/\\\/escolhelab.com.br\\\/politica-de-privacidade\\\/#breadcrumb\"},\"inLanguage\":\"en-US\",\"potentialAction\":[{\"@type\":\"ReadAction\",\"target\":[\"https:\\\/\\\/escolhelab.com.br\\\/politica-de-privacidade\\\/\"]}]},{\"@type\":\"BreadcrumbList\",\"@id\":\"https:\\\/\\\/escolhelab.com.br\\\/politica-de-privacidade\\\/#breadcrumb\",\"itemListElement\":[{\"@type\":\"ListItem\",\"position\":1,\"name\":\"In\u00edcio\",\"item\":\"https:\\\/\\\/escolhelab.com.br\\\/\"},{\"@type\":\"ListItem\",\"position\":2,\"name\":\"politica de privacidade\"}]},{\"@type\":\"WebSite\",\"@id\":\"https:\\\/\\\/escolhelab.com.br\\\/#website\",\"url\":\"https:\\\/\\\/escolhelab.com.br\\\/\",\"name\":\"Loja de produtos para laboratorio\",\"description\":\"Produtos para Laborat\u00f3rio,Artigos e outros na loja do quimico\",\"publisher\":{\"@id\":\"https:\\\/\\\/escolhelab.com.br\\\/#organization\"},\"alternateName\":\"escolhelab\",\"potentialAction\":[{\"@type\":\"SearchAction\",\"target\":{\"@type\":\"EntryPoint\",\"urlTemplate\":\"https:\\\/\\\/escolhelab.com.br\\\/?s={search_term_string}\"},\"query-input\":{\"@type\":\"PropertyValueSpecification\",\"valueRequired\":true,\"valueName\":\"search_term_string\"}}],\"inLanguage\":\"en-US\"},{\"@type\":\"Organization\",\"@id\":\"https:\\\/\\\/escolhelab.com.br\\\/#organization\",\"name\":\"loja escolhelab\",\"alternateName\":\"escolhelab\",\"url\":\"https:\\\/\\\/escolhelab.com.br\\\/\",\"logo\":{\"@type\":\"ImageObject\",\"inLanguage\":\"en-US\",\"@id\":\"https:\\\/\\\/escolhelab.com.br\\\/#\\\/schema\\\/logo\\\/image\\\/\",\"url\":\"https:\\\/\\\/escolhelab.com.br\\\/wp-content\\\/uploads\\\/2024\\\/12\\\/icone-e-512-512escolhelab-com-br-2-800x800.png\",\"contentUrl\":\"https:\\\/\\\/escolhelab.com.br\\\/wp-content\\\/uploads\\\/2024\\\/12\\\/icone-e-512-512escolhelab-com-br-2-800x800.png\",\"width\":800,\"height\":800,\"caption\":\"loja escolhelab\"},\"image\":{\"@id\":\"https:\\\/\\\/escolhelab.com.br\\\/#\\\/schema\\\/logo\\\/image\\\/\"}}]}<\/script>\n<!-- \/ Yoast SEO Premium plugin. -->","yoast_head_json":{"title":"politica de privacidade - Loja de produtos para laboratorio","robots":{"index":"index","follow":"follow","max-snippet":"max-snippet:-1","max-image-preview":"max-image-preview:large","max-video-preview":"max-video-preview:-1"},"canonical":"https:\/\/escolhelab.com.br\/en\/politica-de-privacidade\/","og_locale":"en_US","og_type":"article","og_title":"politica de privacidade","og_description":"Pol\u00edtica de Privacidade A Escolhelab tem o compromisso com a transpar\u00eancia, a privacidade e a seguran\u00e7a dos dados de seus","og_url":"https:\/\/escolhelab.com.br\/en\/politica-de-privacidade\/","og_site_name":"Loja de produtos para laboratorio","article_modified_time":"2026-02-20T17:34:29+00:00","og_image":[{"width":197,"height":26,"url":"https:\/\/escolhelab.com.br\/wp-content\/uploads\/2024\/06\/logo-pq-escolhelab-escolhelab-com-br-2.png","type":"image\/png"}],"twitter_card":"summary_large_image","twitter_misc":{"Est. reading time":"3 minutes"},"schema":{"@context":"https:\/\/schema.org","@graph":[{"@type":"WebPage","@id":"https:\/\/escolhelab.com.br\/politica-de-privacidade\/","url":"https:\/\/escolhelab.com.br\/politica-de-privacidade\/","name":"politica de privacidade - Loja de produtos para laboratorio","isPartOf":{"@id":"https:\/\/escolhelab.com.br\/#website"},"datePublished":"2024-05-16T19:57:15+00:00","dateModified":"2026-02-20T17:34:29+00:00","breadcrumb":{"@id":"https:\/\/escolhelab.com.br\/politica-de-privacidade\/#breadcrumb"},"inLanguage":"en-US","potentialAction":[{"@type":"ReadAction","target":["https:\/\/escolhelab.com.br\/politica-de-privacidade\/"]}]},{"@type":"BreadcrumbList","@id":"https:\/\/escolhelab.com.br\/politica-de-privacidade\/#breadcrumb","itemListElement":[{"@type":"ListItem","position":1,"name":"In\u00edcio","item":"https:\/\/escolhelab.com.br\/"},{"@type":"ListItem","position":2,"name":"politica de privacidade"}]},{"@type":"WebSite","@id":"https:\/\/escolhelab.com.br\/#website","url":"https:\/\/escolhelab.com.br\/","name":"Loja de produtos para laboratorio","description":"Produtos para Laborat\u00f3rio,Artigos e outros na loja do quimico","publisher":{"@id":"https:\/\/escolhelab.com.br\/#organization"},"alternateName":"escolhelab","potentialAction":[{"@type":"SearchAction","target":{"@type":"EntryPoint","urlTemplate":"https:\/\/escolhelab.com.br\/?s={search_term_string}"},"query-input":{"@type":"PropertyValueSpecification","valueRequired":true,"valueName":"search_term_string"}}],"inLanguage":"en-US"},{"@type":"Organization","@id":"https:\/\/escolhelab.com.br\/#organization","name":"loja escolhelab","alternateName":"escolhelab","url":"https:\/\/escolhelab.com.br\/","logo":{"@type":"ImageObject","inLanguage":"en-US","@id":"https:\/\/escolhelab.com.br\/#\/schema\/logo\/image\/","url":"https:\/\/escolhelab.com.br\/wp-content\/uploads\/2024\/12\/icone-e-512-512escolhelab-com-br-2-800x800.png","contentUrl":"https:\/\/escolhelab.com.br\/wp-content\/uploads\/2024\/12\/icone-e-512-512escolhelab-com-br-2-800x800.png","width":800,"height":800,"caption":"loja escolhelab"},"image":{"@id":"https:\/\/escolhelab.com.br\/#\/schema\/logo\/image\/"}}]}},"_links":{"self":[{"href":"https:\/\/escolhelab.com.br\/en\/wp-json\/wp\/v2\/pages\/28110","targetHints":{"allow":["GET"]}}],"collection":[{"href":"https:\/\/escolhelab.com.br\/en\/wp-json\/wp\/v2\/pages"}],"about":[{"href":"https:\/\/escolhelab.com.br\/en\/wp-json\/wp\/v2\/types\/page"}],"author":[{"embeddable":true,"href":"https:\/\/escolhelab.com.br\/en\/wp-json\/wp\/v2\/users\/1"}],"replies":[{"embeddable":true,"href":"https:\/\/escolhelab.com.br\/en\/wp-json\/wp\/v2\/comments?post=28110"}],"version-history":[{"count":0,"href":"https:\/\/escolhelab.com.br\/en\/wp-json\/wp\/v2\/pages\/28110\/revisions"}],"wp:attachment":[{"href":"https:\/\/escolhelab.com.br\/en\/wp-json\/wp\/v2\/media?parent=28110"}],"curies":[{"name":"wp","href":"https:\/\/api.w.org\/{rel}","templated":true}]}}