{"id":28205,"date":"2024-05-16T20:36:51","date_gmt":"2024-05-16T23:36:51","guid":{"rendered":"https:\/\/escolhelab.com.br\/?page_id=28205"},"modified":"2025-01-29T11:32:32","modified_gmt":"2025-01-29T14:32:32","slug":"formas-de-pagamento","status":"publish","type":"page","link":"https:\/\/escolhelab.com.br\/en\/formas-de-pagamento\/","title":{"rendered":"formas de pagamento"},"content":{"rendered":"<div data-elementor-type=\"wp-page\" data-elementor-id=\"28205\" class=\"elementor elementor-28205\" data-elementor-post-type=\"page\">\n\t\t\t\t<div class=\"elementor-element elementor-element-73ceeffc e-con-full e-flex e-con e-parent\" data-id=\"73ceeffc\" data-element_type=\"container\" data-e-type=\"container\" data-settings=\"{&quot;background_background&quot;:&quot;classic&quot;}\">\n\t\t\t\t<div class=\"elementor-element elementor-element-6b2fd445 color-scheme-inherit text-left elementor-widget elementor-widget-text-editor\" data-id=\"6b2fd445\" data-element_type=\"widget\" data-e-type=\"widget\" data-widget_type=\"text-editor.default\">\n\t\t\t\t\t\t\t\t\t<p><span style=\"font-family: helvetica, arial, sans-serif; font-size: 18pt;\">Formas de pagamento<\/span><\/p><p>Verifique as formas de pagementos que a loja escolheflab para voc\u00ea nosso cliente. Temos v\u00e1rias formas de pagamento com toda a seguran\u00e7a para voc\u00ea comprar nossos produtos com toda a tranquilidade.<\/p><p><img loading=\"lazy\" decoding=\"async\" class=\"alignnone  wp-image-28221\" src=\"https:\/\/escolhelab.com.br\/wp-content\/uploads\/2024\/05\/icone-mercado-pago-escolhefacil-com-100x30.png.webp\" alt=\"\" width=\"83\" height=\"25\" srcset=\"https:\/\/escolhelab.com.br\/wp-content\/uploads\/2024\/05\/icone-mercado-pago-escolhefacil-com-100x30.png.webp 100w, https:\/\/escolhelab.com.br\/wp-content\/uploads\/2024\/05\/elementor\/thumbs\/icone-mercado-pago-escolhefacil-com-100x30.png.webp 500w\" sizes=\"auto, (max-width: 83px) 100vw, 83px\" \/> <img loading=\"lazy\" decoding=\"async\" class=\"alignnone  wp-image-28220\" src=\"https:\/\/escolhelab.com.br\/wp-content\/uploads\/2024\/05\/logo-pix-1-100x51.png.webp\" alt=\"\" width=\"67\" height=\"34\" \/> <img loading=\"lazy\" decoding=\"async\" class=\"alignnone  wp-image-28209\" src=\"https:\/\/escolhelab.com.br\/wp-content\/uploads\/2024\/05\/icons8-boleto-bankario-48.png\" alt=\"\" width=\"35\" height=\"35\" \/><\/p>\t\t\t\t\t\t\t\t<\/div>\n\t\t\t\t<\/div>\n\t\t<div class=\"elementor-element elementor-element-3fa5a036 e-con-full e-flex e-con e-parent\" data-id=\"3fa5a036\" data-element_type=\"container\" data-e-type=\"container\">\n\t\t\t\t<div class=\"elementor-element elementor-element-1b1c1ae6 elementor-widget elementor-widget-wd_accordion\" data-id=\"1b1c1ae6\" data-element_type=\"widget\" data-e-type=\"widget\" data-widget_type=\"wd_accordion.default\">\n\t\t\t\t<div class=\"elementor-widget-container\">\n\t\t\t\t\t\n\t\t<div class=\"wd-accordion wd-style-simple wd-titles-left wd-opener-pos-left wd-opener-style-arrow\" data-state=\"all_closed\">\n\t\t\t\t\t\t\t\n\t\t\t\t<div class=\"wd-accordion-item\">\n\t\t\t\t\t<div class=\"wd-accordion-title wd-role-btn\" data-accordion-index=\"0\" tabindex=\"0\">\n\t\t\t\t\t\t<div class=\"wd-accordion-title-text\">\n\t\t\t\t\t\t\t\t\t\t\t\t\t\t\t<span class=\"img-wrapper\">\n\t\t\t\t\t\t\t\t\t<img loading=\"lazy\" decoding=\"async\" width=\"50\" height=\"50\" src=\"https:\/\/escolhelab.com.br\/wp-content\/uploads\/2024\/07\/logo-do-pix-escolhelab-c0m-2-50x50.png\" class=\"attachment-50x50 size-50x50\" alt=\"\" srcset=\"https:\/\/escolhelab.com.br\/wp-content\/uploads\/2024\/07\/logo-do-pix-escolhelab-c0m-2-50x50.png 50w, https:\/\/escolhelab.com.br\/wp-content\/uploads\/2024\/07\/logo-do-pix-escolhelab-c0m-2.png 66w\" sizes=\"auto, (max-width: 50px) 100vw, 50px\" \/>\t\t\t\t\t\t\t\t<\/span>\n\t\t\t\t\t\t\t\t\t\t\t\t\t\t<span>\n\t\t\t\t\t\t\t\tPague com PIX  via mercado pago-\t\t\t\t\t\t\t<\/span>\n\t\t\t\t\t\t<\/div>\n\t\t\t\t\t\t<span class=\"wd-accordion-opener\"><\/span>\n\t\t\t\t\t<\/div>\n\n\t\t\t\t\t<div class=\"wd-accordion-content wd-entry-content\" data-accordion-index=\"0\">\n\t\t\t\t\t\t\t\t\t\t\t\t\t\n\t\t\t\t\t\t\t<p style=\"text-align: left;\">Pagamento a vista PIX em conta:<\/p><p style=\"text-align: left;\">Para Pagamento \u00e0 vista com PIX em conta ser\u00e1 emitido no seu pedido um qrcde gerado atrav\u00e9s do\u00a0 mercado pago <img loading=\"lazy\" decoding=\"async\" class=\"alignnone wp-image-28221\" src=\"https:\/\/escolhelab.com.br\/wp-content\/uploads\/2024\/05\/icone-mercado-pago-escolhefacil-com-100x30.png.webp\" alt=\"\" width=\"67\" height=\"20\" srcset=\"https:\/\/escolhelab.com.br\/wp-content\/uploads\/2024\/05\/icone-mercado-pago-escolhefacil-com-100x30.png.webp 100w, https:\/\/escolhelab.com.br\/wp-content\/uploads\/2024\/05\/elementor\/thumbs\/icone-mercado-pago-escolhefacil-com-100x30.png.webp 500w\" sizes=\"auto, (max-width: 67px) 100vw, 67px\" \/>\u00a0 , e os dados para efetuar o pagamento atreves do PIX . Ao fazer o PIX, voc\u00ea dever\u00e1 enviar o comprovante\u00a0 \u00a0para <em>vendas@a.escolhelab.com.br<\/em>\u00a0informando\u00a0 o seu nome ou raz\u00e3o social e o n\u00famero do seu pedido.<\/p>\n\t\t\t\t\t\t\t\t\t\t\t\t\t\t\t\t\t\t<\/div>\n\t\t\t\t<\/div>\n\t\t\t\t\t<\/div>\n\t\t\t\t\t\t<\/div>\n\t\t\t\t<\/div>\n\t\t\t\t<\/div>\n\t\t<div class=\"elementor-element elementor-element-5414e06e e-con-full e-flex e-con e-parent\" data-id=\"5414e06e\" data-element_type=\"container\" data-e-type=\"container\">\n\t\t\t\t<div class=\"elementor-element elementor-element-8a9c4c4 elementor-widget elementor-widget-wd_accordion\" data-id=\"8a9c4c4\" data-element_type=\"widget\" data-e-type=\"widget\" data-widget_type=\"wd_accordion.default\">\n\t\t\t\t<div class=\"elementor-widget-container\">\n\t\t\t\t\t\n\t\t<div class=\"wd-accordion wd-style-simple wd-titles-left wd-opener-pos-left wd-opener-style-arrow\" data-state=\"all_closed\">\n\t\t\t\t\t\t\t\n\t\t\t\t<div class=\"wd-accordion-item\">\n\t\t\t\t\t<div class=\"wd-accordion-title wd-role-btn\" data-accordion-index=\"0\" tabindex=\"0\">\n\t\t\t\t\t\t<div class=\"wd-accordion-title-text\">\n\t\t\t\t\t\t\t\t\t\t\t\t\t\t\t<span class=\"img-wrapper\">\n\t\t\t\t\t\t\t\t\t<img loading=\"lazy\" decoding=\"async\" width=\"50\" height=\"50\" src=\"https:\/\/escolhelab.com.br\/wp-content\/uploads\/2025\/01\/icone-cartao-ceredito-50x50.png\" class=\"attachment-50x50 size-50x50\" alt=\"\" srcset=\"https:\/\/escolhelab.com.br\/wp-content\/uploads\/2025\/01\/icone-cartao-ceredito-50x50.png 50w, https:\/\/escolhelab.com.br\/wp-content\/uploads\/2025\/01\/icone-cartao-ceredito-150x150.png 150w\" sizes=\"auto, (max-width: 50px) 100vw, 50px\" \/>\t\t\t\t\t\t\t\t<\/span>\n\t\t\t\t\t\t\t\t\t\t\t\t\t\t<span>\n\t\t\t\t\t\t\t\tPague com cart\u00e3o credito via mercado pago\t\t\t\t\t\t\t<\/span>\n\t\t\t\t\t\t<\/div>\n\t\t\t\t\t\t<span class=\"wd-accordion-opener\"><\/span>\n\t\t\t\t\t<\/div>\n\n\t\t\t\t\t<div class=\"wd-accordion-content wd-entry-content\" data-accordion-index=\"0\">\n\t\t\t\t\t\t\t\t\t\t\t\t\t\n\t\t\t\t\t\t\t<p>Pagamento mercado Pago :<\/p><p>O pague seguro \u00e9 um sistema de pagamentos online que permite que pessoas f\u00edsicas e empresas possam enviar e receber pagamentos com efici\u00eancia e seguran\u00e7a.<br \/>\u2013 Cart\u00f5es de Cr\u00e9dito: Visa, MasterCard, Diners, Hipercard; <img loading=\"lazy\" decoding=\"async\" class=\"alignnone wp-image-28219\" src=\"https:\/\/escolhelab.com.br\/wp-content\/uploads\/2024\/05\/logo-mercado-pago-escolhelab-com-br-400x86.png\" alt=\"\" width=\"149\" height=\"32\" srcset=\"https:\/\/escolhelab.com.br\/wp-content\/uploads\/2024\/05\/logo-mercado-pago-escolhelab-com-br-400x86.png 400w, https:\/\/escolhelab.com.br\/wp-content\/uploads\/2024\/05\/logo-mercado-pago-escolhelab-com-br-430x93.png 430w, https:\/\/escolhelab.com.br\/wp-content\/uploads\/2024\/05\/logo-mercado-pago-escolhelab-com-br-150x32.png 150w, https:\/\/escolhelab.com.br\/wp-content\/uploads\/2024\/05\/elementor\/thumbs\/logo-mercado-pago-escolhelab-com-br-qo9o3f9lbz2d0isncm0wudsusnrkt5zali3apyilf0.png 143w, https:\/\/escolhelab.com.br\/wp-content\/uploads\/2024\/05\/logo-mercado-pago-escolhelab-com-br.png 502w\" sizes=\"auto, (max-width: 149px) 100vw, 149px\" \/><br \/>Essa modalidade de pagamento e efetuado diretamente com com o mercado pago <img loading=\"lazy\" decoding=\"async\" class=\"alignnone wp-image-28221\" src=\"https:\/\/escolhelab.com.br\/wp-content\/uploads\/2024\/05\/icone-mercado-pago-escolhefacil-com-100x30.png.webp\" alt=\"\" width=\"63\" height=\"19\" srcset=\"https:\/\/escolhelab.com.br\/wp-content\/uploads\/2024\/05\/icone-mercado-pago-escolhefacil-com-100x30.png.webp 100w, https:\/\/escolhelab.com.br\/wp-content\/uploads\/2024\/05\/elementor\/thumbs\/icone-mercado-pago-escolhefacil-com-100x30.png.webp 500w\" sizes=\"auto, (max-width: 63px) 100vw, 63px\" \/>\u00a0em um ambiente seguro sem qualquer risco ao comprador.<br \/>Os seus dados s\u00e3o informados diretamente ao mercado pago\u00a0 \u00a0para efetuar a sua transa\u00e7\u00e3o de pagamento.<br \/>Site totalmente segue<br \/>Os seus dados s\u00e3o informados diretamente ao mercado pago\u00a0 \u00a0para efetuar a sua transa\u00e7\u00e3o de pagamento.<br \/>Site totalmente seguro.<\/p>\n\t\t\t\t\t\t\t\t\t\t\t\t\t\t\t\t\t\t<\/div>\n\t\t\t\t<\/div>\n\t\t\t\t\t<\/div>\n\t\t\t\t\t\t<\/div>\n\t\t\t\t<\/div>\n\t\t\t\t<\/div>\n\t\t<div class=\"elementor-element elementor-element-1e65b7cd e-con-full e-flex e-con e-parent\" data-id=\"1e65b7cd\" data-element_type=\"container\" data-e-type=\"container\">\n\t\t\t\t<div class=\"elementor-element elementor-element-295a7470 elementor-widget elementor-widget-wd_accordion\" data-id=\"295a7470\" data-element_type=\"widget\" data-e-type=\"widget\" data-widget_type=\"wd_accordion.default\">\n\t\t\t\t<div class=\"elementor-widget-container\">\n\t\t\t\t\t\n\t\t<div class=\"wd-accordion wd-style-simple wd-titles-left wd-opener-pos-left wd-opener-style-arrow\" data-state=\"all_closed\">\n\t\t\t\t\t\t\t\n\t\t\t\t<div class=\"wd-accordion-item\">\n\t\t\t\t\t<div class=\"wd-accordion-title wd-role-btn\" data-accordion-index=\"0\" tabindex=\"0\">\n\t\t\t\t\t\t<div class=\"wd-accordion-title-text\">\n\t\t\t\t\t\t\t\t\t\t\t\t\t\t\t<span class=\"img-wrapper\">\n\t\t\t\t\t\t\t\t\t<img loading=\"lazy\" decoding=\"async\" width=\"40\" height=\"40\" src=\"https:\/\/escolhelab.com.br\/wp-content\/uploads\/2025\/01\/boleto-bancario-40x40.jpg\" class=\"attachment-40x40 size-40x40\" alt=\"\" srcset=\"https:\/\/escolhelab.com.br\/wp-content\/uploads\/2025\/01\/boleto-bancario-40x40.jpg 40w, https:\/\/escolhelab.com.br\/wp-content\/uploads\/2025\/01\/boleto-bancario-150x150.jpg 150w, https:\/\/escolhelab.com.br\/wp-content\/uploads\/2025\/01\/boleto-bancario-80x80.jpg 80w, https:\/\/escolhelab.com.br\/wp-content\/uploads\/2025\/01\/boleto-bancario-50x50.jpg 50w\" sizes=\"auto, (max-width: 40px) 100vw, 40px\" \/>\t\t\t\t\t\t\t\t<\/span>\n\t\t\t\t\t\t\t\t\t\t\t\t\t\t<span>\n\t\t\t\t\t\t\t\tPague com boleto banc\u00e1rio \t\t\t\t\t\t\t<\/span>\n\t\t\t\t\t\t<\/div>\n\t\t\t\t\t\t<span class=\"wd-accordion-opener\"><\/span>\n\t\t\t\t\t<\/div>\n\n\t\t\t\t\t<div class=\"wd-accordion-content wd-entry-content\" data-accordion-index=\"0\">\n\t\t\t\t\t\t\t\t\t\t\t\t\t\n\t\t\t\t\t\t\t<p>Pagamento via boleto Bradesco<\/p><p>Pagamento via boleto banc\u00e1rio ser\u00e1 feito atrav\u00e9s da loja escolehafacil. Na hora da compra ser\u00e1 efetuado uma solicita\u00e7\u00e3o de emiss\u00e3o de boleto a loja escolhelab no qual ser\u00e1 enviado por email para o cliente. O boleto ser\u00e1 emitido pelo Mercado pago <img loading=\"lazy\" decoding=\"async\" class=\"alignnone wp-image-28221\" src=\"https:\/\/escolhelab.com.br\/wp-content\/uploads\/2024\/05\/icone-mercado-pago-escolhefacil-com-100x30.png.webp\" alt=\"\" width=\"70\" height=\"21\" srcset=\"https:\/\/escolhelab.com.br\/wp-content\/uploads\/2024\/05\/icone-mercado-pago-escolhefacil-com-100x30.png.webp 100w, https:\/\/escolhelab.com.br\/wp-content\/uploads\/2024\/05\/elementor\/thumbs\/icone-mercado-pago-escolhefacil-com-100x30.png.webp 500w\" sizes=\"auto, (max-width: 70px) 100vw, 70px\" \/>\u00a0para seu pagamento.<br \/>Ap\u00f3s o pagamento dever\u00e1 ser enviado o comprovante e n\u00famero do pedido para o email vendas@escolhelab.com.br para darmos o prosseguimento\u00a0 nas etapas\u00a0 do seu pedido.<br \/>O pagamento atrav\u00e9s de boleto\u00a0 s\u00f3 ser\u00e1 aceito para sua emiss\u00e3o com o valor m\u00ednimo de R$ 100,00 de compras.<\/p>\n\t\t\t\t\t\t\t\t\t\t\t\t\t\t\t\t\t\t<\/div>\n\t\t\t\t<\/div>\n\t\t\t\t\t<\/div>\n\t\t\t\t\t\t<\/div>\n\t\t\t\t<\/div>\n\t\t\t\t<\/div>\n\t\t\t\t<\/div>","protected":false},"excerpt":{"rendered":"<p>Formas de pagamento Verifique as formas de pagementos que a loja escolheflab para voc\u00ea nosso cliente. Temos v\u00e1rias formas de<\/p>","protected":false},"author":1,"featured_media":0,"parent":0,"menu_order":0,"comment_status":"closed","ping_status":"closed","template":"","meta":{"_acf_changed":false,"iawp_total_views":6,"footnotes":""},"class_list":["post-28205","page","type-page","status-publish","hentry"],"acf":[],"yoast_head":"<!-- This site is optimized with the Yoast SEO Premium plugin v26.2 (Yoast SEO v27.3) - https:\/\/yoast.com\/product\/yoast-seo-premium-wordpress\/ -->\n<title>formas de pagamento - Loja de produtos para laboratorio<\/title>\n<meta name=\"robots\" content=\"index, follow, max-snippet:-1, max-image-preview:large, max-video-preview:-1\" \/>\n<link rel=\"canonical\" href=\"https:\/\/escolhelab.com.br\/en\/formas-de-pagamento\/\" \/>\n<meta property=\"og:locale\" content=\"en_US\" \/>\n<meta property=\"og:type\" content=\"article\" \/>\n<meta property=\"og:title\" content=\"formas de pagamento\" \/>\n<meta property=\"og:description\" content=\"Formas de pagamento Verifique as formas de pagementos que a loja escolheflab para voc\u00ea nosso cliente. Temos v\u00e1rias formas de\" \/>\n<meta property=\"og:url\" content=\"https:\/\/escolhelab.com.br\/en\/formas-de-pagamento\/\" \/>\n<meta property=\"og:site_name\" content=\"Loja de produtos para laboratorio\" \/>\n<meta property=\"article:modified_time\" content=\"2025-01-29T14:32:32+00:00\" \/>\n<meta property=\"og:image\" content=\"https:\/\/escolhelab.com.br\/wp-content\/uploads\/2024\/05\/icone-mercado-pago-escolhefacil-com-100x30.png.webp\" \/>\n<meta name=\"twitter:card\" content=\"summary_large_image\" \/>\n<meta name=\"twitter:label1\" content=\"Est. reading time\" \/>\n\t<meta name=\"twitter:data1\" content=\"4 minutes\" \/>\n<script type=\"application\/ld+json\" class=\"yoast-schema-graph\">{\"@context\":\"https:\\\/\\\/schema.org\",\"@graph\":[{\"@type\":\"WebPage\",\"@id\":\"https:\\\/\\\/escolhelab.com.br\\\/formas-de-pagamento\\\/\",\"url\":\"https:\\\/\\\/escolhelab.com.br\\\/formas-de-pagamento\\\/\",\"name\":\"formas de pagamento - Loja de produtos para laboratorio\",\"isPartOf\":{\"@id\":\"https:\\\/\\\/escolhelab.com.br\\\/#website\"},\"primaryImageOfPage\":{\"@id\":\"https:\\\/\\\/escolhelab.com.br\\\/formas-de-pagamento\\\/#primaryimage\"},\"image\":{\"@id\":\"https:\\\/\\\/escolhelab.com.br\\\/formas-de-pagamento\\\/#primaryimage\"},\"thumbnailUrl\":\"https:\\\/\\\/escolhelab.com.br\\\/wp-content\\\/uploads\\\/2024\\\/05\\\/icone-mercado-pago-escolhefacil-com-100x30.png.webp\",\"datePublished\":\"2024-05-16T23:36:51+00:00\",\"dateModified\":\"2025-01-29T14:32:32+00:00\",\"breadcrumb\":{\"@id\":\"https:\\\/\\\/escolhelab.com.br\\\/formas-de-pagamento\\\/#breadcrumb\"},\"inLanguage\":\"en-US\",\"potentialAction\":[{\"@type\":\"ReadAction\",\"target\":[\"https:\\\/\\\/escolhelab.com.br\\\/formas-de-pagamento\\\/\"]}]},{\"@type\":\"ImageObject\",\"inLanguage\":\"en-US\",\"@id\":\"https:\\\/\\\/escolhelab.com.br\\\/formas-de-pagamento\\\/#primaryimage\",\"url\":\"https:\\\/\\\/escolhelab.com.br\\\/wp-content\\\/uploads\\\/2024\\\/05\\\/icone-mercado-pago-escolhefacil-com-100x30.png.webp\",\"contentUrl\":\"https:\\\/\\\/escolhelab.com.br\\\/wp-content\\\/uploads\\\/2024\\\/05\\\/icone-mercado-pago-escolhefacil-com-100x30.png.webp\"},{\"@type\":\"BreadcrumbList\",\"@id\":\"https:\\\/\\\/escolhelab.com.br\\\/formas-de-pagamento\\\/#breadcrumb\",\"itemListElement\":[{\"@type\":\"ListItem\",\"position\":1,\"name\":\"In\u00edcio\",\"item\":\"https:\\\/\\\/escolhelab.com.br\\\/\"},{\"@type\":\"ListItem\",\"position\":2,\"name\":\"formas de pagamento\"}]},{\"@type\":\"WebSite\",\"@id\":\"https:\\\/\\\/escolhelab.com.br\\\/#website\",\"url\":\"https:\\\/\\\/escolhelab.com.br\\\/\",\"name\":\"Loja de produtos para laboratorio\",\"description\":\"Produtos para Laborat\u00f3rio,Artigos e outros na loja do quimico\",\"publisher\":{\"@id\":\"https:\\\/\\\/escolhelab.com.br\\\/#organization\"},\"alternateName\":\"escolhelab\",\"potentialAction\":[{\"@type\":\"SearchAction\",\"target\":{\"@type\":\"EntryPoint\",\"urlTemplate\":\"https:\\\/\\\/escolhelab.com.br\\\/?s={search_term_string}\"},\"query-input\":{\"@type\":\"PropertyValueSpecification\",\"valueRequired\":true,\"valueName\":\"search_term_string\"}}],\"inLanguage\":\"en-US\"},{\"@type\":\"Organization\",\"@id\":\"https:\\\/\\\/escolhelab.com.br\\\/#organization\",\"name\":\"loja escolhelab\",\"alternateName\":\"escolhelab\",\"url\":\"https:\\\/\\\/escolhelab.com.br\\\/\",\"logo\":{\"@type\":\"ImageObject\",\"inLanguage\":\"en-US\",\"@id\":\"https:\\\/\\\/escolhelab.com.br\\\/#\\\/schema\\\/logo\\\/image\\\/\",\"url\":\"https:\\\/\\\/escolhelab.com.br\\\/wp-content\\\/uploads\\\/2024\\\/12\\\/icone-e-512-512escolhelab-com-br-2-800x800.png\",\"contentUrl\":\"https:\\\/\\\/escolhelab.com.br\\\/wp-content\\\/uploads\\\/2024\\\/12\\\/icone-e-512-512escolhelab-com-br-2-800x800.png\",\"width\":800,\"height\":800,\"caption\":\"loja escolhelab\"},\"image\":{\"@id\":\"https:\\\/\\\/escolhelab.com.br\\\/#\\\/schema\\\/logo\\\/image\\\/\"}}]}<\/script>\n<!-- \/ Yoast SEO Premium plugin. -->","yoast_head_json":{"title":"formas de pagamento - Loja de produtos para laboratorio","robots":{"index":"index","follow":"follow","max-snippet":"max-snippet:-1","max-image-preview":"max-image-preview:large","max-video-preview":"max-video-preview:-1"},"canonical":"https:\/\/escolhelab.com.br\/en\/formas-de-pagamento\/","og_locale":"en_US","og_type":"article","og_title":"formas de pagamento","og_description":"Formas de pagamento Verifique as formas de pagementos que a loja escolheflab para voc\u00ea nosso cliente. Temos v\u00e1rias formas de","og_url":"https:\/\/escolhelab.com.br\/en\/formas-de-pagamento\/","og_site_name":"Loja de produtos para laboratorio","article_modified_time":"2025-01-29T14:32:32+00:00","og_image":[{"url":"https:\/\/escolhelab.com.br\/wp-content\/uploads\/2024\/05\/icone-mercado-pago-escolhefacil-com-100x30.png.webp","type":"","width":"","height":""}],"twitter_card":"summary_large_image","twitter_misc":{"Est. reading time":"4 minutes"},"schema":{"@context":"https:\/\/schema.org","@graph":[{"@type":"WebPage","@id":"https:\/\/escolhelab.com.br\/formas-de-pagamento\/","url":"https:\/\/escolhelab.com.br\/formas-de-pagamento\/","name":"formas de pagamento - Loja de produtos para laboratorio","isPartOf":{"@id":"https:\/\/escolhelab.com.br\/#website"},"primaryImageOfPage":{"@id":"https:\/\/escolhelab.com.br\/formas-de-pagamento\/#primaryimage"},"image":{"@id":"https:\/\/escolhelab.com.br\/formas-de-pagamento\/#primaryimage"},"thumbnailUrl":"https:\/\/escolhelab.com.br\/wp-content\/uploads\/2024\/05\/icone-mercado-pago-escolhefacil-com-100x30.png.webp","datePublished":"2024-05-16T23:36:51+00:00","dateModified":"2025-01-29T14:32:32+00:00","breadcrumb":{"@id":"https:\/\/escolhelab.com.br\/formas-de-pagamento\/#breadcrumb"},"inLanguage":"en-US","potentialAction":[{"@type":"ReadAction","target":["https:\/\/escolhelab.com.br\/formas-de-pagamento\/"]}]},{"@type":"ImageObject","inLanguage":"en-US","@id":"https:\/\/escolhelab.com.br\/formas-de-pagamento\/#primaryimage","url":"https:\/\/escolhelab.com.br\/wp-content\/uploads\/2024\/05\/icone-mercado-pago-escolhefacil-com-100x30.png.webp","contentUrl":"https:\/\/escolhelab.com.br\/wp-content\/uploads\/2024\/05\/icone-mercado-pago-escolhefacil-com-100x30.png.webp"},{"@type":"BreadcrumbList","@id":"https:\/\/escolhelab.com.br\/formas-de-pagamento\/#breadcrumb","itemListElement":[{"@type":"ListItem","position":1,"name":"In\u00edcio","item":"https:\/\/escolhelab.com.br\/"},{"@type":"ListItem","position":2,"name":"formas de pagamento"}]},{"@type":"WebSite","@id":"https:\/\/escolhelab.com.br\/#website","url":"https:\/\/escolhelab.com.br\/","name":"Loja de produtos para laboratorio","description":"Produtos para Laborat\u00f3rio,Artigos e outros na loja do quimico","publisher":{"@id":"https:\/\/escolhelab.com.br\/#organization"},"alternateName":"escolhelab","potentialAction":[{"@type":"SearchAction","target":{"@type":"EntryPoint","urlTemplate":"https:\/\/escolhelab.com.br\/?s={search_term_string}"},"query-input":{"@type":"PropertyValueSpecification","valueRequired":true,"valueName":"search_term_string"}}],"inLanguage":"en-US"},{"@type":"Organization","@id":"https:\/\/escolhelab.com.br\/#organization","name":"loja escolhelab","alternateName":"escolhelab","url":"https:\/\/escolhelab.com.br\/","logo":{"@type":"ImageObject","inLanguage":"en-US","@id":"https:\/\/escolhelab.com.br\/#\/schema\/logo\/image\/","url":"https:\/\/escolhelab.com.br\/wp-content\/uploads\/2024\/12\/icone-e-512-512escolhelab-com-br-2-800x800.png","contentUrl":"https:\/\/escolhelab.com.br\/wp-content\/uploads\/2024\/12\/icone-e-512-512escolhelab-com-br-2-800x800.png","width":800,"height":800,"caption":"loja escolhelab"},"image":{"@id":"https:\/\/escolhelab.com.br\/#\/schema\/logo\/image\/"}}]}},"_links":{"self":[{"href":"https:\/\/escolhelab.com.br\/en\/wp-json\/wp\/v2\/pages\/28205","targetHints":{"allow":["GET"]}}],"collection":[{"href":"https:\/\/escolhelab.com.br\/en\/wp-json\/wp\/v2\/pages"}],"about":[{"href":"https:\/\/escolhelab.com.br\/en\/wp-json\/wp\/v2\/types\/page"}],"author":[{"embeddable":true,"href":"https:\/\/escolhelab.com.br\/en\/wp-json\/wp\/v2\/users\/1"}],"replies":[{"embeddable":true,"href":"https:\/\/escolhelab.com.br\/en\/wp-json\/wp\/v2\/comments?post=28205"}],"version-history":[{"count":0,"href":"https:\/\/escolhelab.com.br\/en\/wp-json\/wp\/v2\/pages\/28205\/revisions"}],"wp:attachment":[{"href":"https:\/\/escolhelab.com.br\/en\/wp-json\/wp\/v2\/media?parent=28205"}],"curies":[{"name":"wp","href":"https:\/\/api.w.org\/{rel}","templated":true}]}}