{"id":28236,"date":"2024-05-16T21:41:31","date_gmt":"2024-05-17T00:41:31","guid":{"rendered":"https:\/\/escolhelab.com.br\/?page_id=28236"},"modified":"2025-02-17T16:24:44","modified_gmt":"2025-02-17T19:24:44","slug":"troca-e-devolucao","status":"publish","type":"page","link":"https:\/\/escolhelab.com.br\/en\/troca-e-devolucao\/","title":{"rendered":"pagina devolu\u00e7\u00e3o  troca e ereembolso"},"content":{"rendered":"<div data-elementor-type=\"wp-page\" data-elementor-id=\"28236\" class=\"elementor elementor-28236\" data-elementor-post-type=\"page\">\n\t\t\t\t<div class=\"elementor-element elementor-element-c95846d e-con-full e-flex e-con e-parent\" data-id=\"c95846d\" data-element_type=\"container\" data-e-type=\"container\">\n\t\t\t\t<div class=\"elementor-element elementor-element-31fb0f7b color-scheme-inherit text-left elementor-widget elementor-widget-text-editor\" data-id=\"31fb0f7b\" data-element_type=\"widget\" data-e-type=\"widget\" data-widget_type=\"text-editor.default\">\n\t\t\t\t\t\t\t\t\t<p>\u00a0 \u00a0<span style=\"font-family: helvetica, arial, sans-serif; font-size: 24pt;\">Pol\u00edtica de devolu\u00e7\u00e3o ou troca e reembolso<\/span><\/p><p>A \u201cLoja Escolhelab\u201d oferece aos seus clientes produtos de qualidade, buscando parcerias com os melhores fornecedores nas v\u00e1rias categorias que comercializa.<br \/>\u00a0 \u00a0 \u00a0Pelo respeito que tem por seus clientes, para manter a credibilidade e alcan\u00e7ar sempre a satisfa\u00e7\u00e3o do consumidor, criou uma Pol\u00edtica de Troca e Devolu\u00e7\u00e3o. e Reembolso<\/p>\t\t\t\t\t\t\t\t<\/div>\n\t\t\t\t<div class=\"elementor-element elementor-element-43ea3833 elementor-widget elementor-widget-wd_accordion\" data-id=\"43ea3833\" data-element_type=\"widget\" data-e-type=\"widget\" data-widget_type=\"wd_accordion.default\">\n\t\t\t\t<div class=\"elementor-widget-container\">\n\t\t\t\t\t\n\t\t<div class=\"wd-accordion wd-style-simple wd-titles-left wd-opener-pos-left wd-opener-style-arrow\" data-state=\"first\">\n\t\t\t\t\t\t\t\n\t\t\t\t<div class=\"wd-accordion-item\">\n\t\t\t\t\t<div class=\"wd-accordion-title wd-role-btn wd-active\" data-accordion-index=\"0\" tabindex=\"0\">\n\t\t\t\t\t\t<div class=\"wd-accordion-title-text\">\n\t\t\t\t\t\t\t\t\t\t\t\t\t\t<span>\n\t\t\t\t\t\t\t\tConsidera\u00e7\u00f5es gerais\t\t\t\t\t\t\t<\/span>\n\t\t\t\t\t\t<\/div>\n\t\t\t\t\t\t<span class=\"wd-accordion-opener\"><\/span>\n\t\t\t\t\t<\/div>\n\n\t\t\t\t\t<div class=\"wd-accordion-content wd-entry-content wd-active\" data-accordion-index=\"0\">\n\t\t\t\t\t\t\t\t\t\t\t\t\t\n\t\t\t\t\t\t\t<ul><li>As ocorr\u00eancias que envolvam troca ou devolu\u00e7\u00e3o devem ser comunicadas \u00e0 \u201cLoja Escolhelab\u201d por escrito, e enviada para <span style=\"text-decoration: underline;\">vendas@lescolhelab.com.br <\/span>ou atrav\u00e9s de nossa p\u00e1gina \u201cFale conosco\u201d\u00a0<\/li><li>Produto devolvido sem essa comunica\u00e7\u00e3o, fora do prazo ou com aus\u00eancia de itens\/acess\u00f3rios que o acompanhem, ser\u00e1 reenviado sem consulta pr\u00e9via;<\/li><li>Os produtos n\u00e3o sofrem qualquer altera\u00e7\u00e3o em nosso estoque: enviamos ao nosso cliente exatamente como nos foram entregues pelo fabricante e todos os produtos e os equipamentos s\u00e3o conferidos antes do envio;<\/li><li>N\u00e3o aceitaremos devolu\u00e7\u00e3o de qualquer natureza sem a autoriza\u00e7\u00e3o pr\u00e9via, por escrito, da \u201d Loja Escolhelab\u201d.<\/li><\/ul>\n\t\t\t\t\t\t\t\t\t\t\t\t\t\t\t\t\t\t<\/div>\n\t\t\t\t<\/div>\n\t\t\t\t\t<\/div>\n\t\t\t\t\t\t<\/div>\n\t\t\t\t<\/div>\n\t\t\t\t<div class=\"elementor-element elementor-element-540dd264 elementor-widget elementor-widget-wd_accordion\" data-id=\"540dd264\" data-element_type=\"widget\" data-e-type=\"widget\" data-widget_type=\"wd_accordion.default\">\n\t\t\t\t<div class=\"elementor-widget-container\">\n\t\t\t\t\t\n\t\t<div class=\"wd-accordion wd-style-simple wd-titles-left wd-opener-pos-left wd-opener-style-arrow\" data-state=\"first\">\n\t\t\t\t\t\t\t\n\t\t\t\t<div class=\"wd-accordion-item\">\n\t\t\t\t\t<div class=\"wd-accordion-title wd-role-btn wd-active\" data-accordion-index=\"0\" tabindex=\"0\">\n\t\t\t\t\t\t<div class=\"wd-accordion-title-text\">\n\t\t\t\t\t\t\t\t\t\t\t\t\t\t<span>\n\t\t\t\t\t\t\t\tAvaria e recebimento do produto\t\t\t\t\t\t\t<\/span>\n\t\t\t\t\t\t<\/div>\n\t\t\t\t\t\t<span class=\"wd-accordion-opener\"><\/span>\n\t\t\t\t\t<\/div>\n\n\t\t\t\t\t<div class=\"wd-accordion-content wd-entry-content wd-active\" data-accordion-index=\"0\">\n\t\t\t\t\t\t\t\t\t\t\t\t\t\n\t\t\t\t\t\t\t<p>Se ocorrer qualquer uma das hip\u00f3teses abaixo, recuse o recebimento do produto:<\/p><ul><li>Embalagem aberta ou avariada;<br \/>\u2022 Produto avariado;<br \/>\u2022 Produto em desacordo com o pedido.<\/li><\/ul><p>Se, no entanto, o produto for recebido inadvertidamente, constatada a ocorr\u00eancia de uma ou mais hip\u00f3teses descritas acima, por favor, entre em contato com nosso\u00a0Departamento de Vendas,\u00a0atrav\u00e9s do e-m<span style=\"text-decoration: underline;\">ail:vendas@escolhelab.com.br<\/span><\/p><p>Todos os produtos passar\u00e3o por uma pr\u00e9via an\u00e1lise t\u00e9cnica e caso seja constatado a aus\u00eancia de defeito ou descumprimento de alguma das condi\u00e7\u00f5es descritas no t\u00f3pico anterior, o produto ser\u00e1 reenviado ao cliente.<\/p><p>Em caso de troca, ap\u00f3s libera\u00e7\u00e3o da Loja Escolhelab, o produto dever\u00e1 ser encaminhado na embalagem original, com todos os manuais, acess\u00f3rios e acompanhado da Nota Fiscal da empresa compradora ou consumidor, com o c\u00f3digo da opera\u00e7\u00e3o fiscal \u201cMaterial para Troca\u201d.<\/p><p>Esclarecemos que em caso de defeito, mesmo que dentro do prazo de sete dias corridos previstos para a desist\u00eancia da compra, a Loja Escolhelab reserva-se o direito de providenciar a substitui\u00e7\u00e3o ou conserto do produto, nos termos do C\u00f3digo de Defesa do Consumidor, sendo que quando houver assist\u00eancia t\u00e9cnica autorizada pr\u00f3xima ao comprador, o mesmo dever\u00e1 ser encaminhado para reparos at\u00e9 o local da assist\u00eancia t\u00e9cnica, sendo o custo para essa finalidade e se houver custo de manuten\u00e7\u00e3o para o corre\u00e7\u00e3o do defeito, ser\u00e1 por conta da Loja Escoilhelab, ap\u00f3s aprova\u00e7\u00e3o da despesa com or\u00e7amento por escrito da assist\u00eancia t\u00e9cnica autorizada.<\/p>\n\t\t\t\t\t\t\t\t\t\t\t\t\t\t\t\t\t\t<\/div>\n\t\t\t\t<\/div>\n\t\t\t\t\t<\/div>\n\t\t\t\t\t\t<\/div>\n\t\t\t\t<\/div>\n\t\t\t\t<div class=\"elementor-element elementor-element-23ed035e elementor-widget elementor-widget-wd_accordion\" data-id=\"23ed035e\" data-element_type=\"widget\" data-e-type=\"widget\" data-widget_type=\"wd_accordion.default\">\n\t\t\t\t<div class=\"elementor-widget-container\">\n\t\t\t\t\t\n\t\t<div class=\"wd-accordion wd-style-simple wd-titles-left wd-opener-pos-left wd-opener-style-arrow\" data-state=\"first\">\n\t\t\t\t\t\t\t\n\t\t\t\t<div class=\"wd-accordion-item\">\n\t\t\t\t\t<div class=\"wd-accordion-title wd-role-btn wd-active\" data-accordion-index=\"0\" tabindex=\"0\">\n\t\t\t\t\t\t<div class=\"wd-accordion-title-text\">\n\t\t\t\t\t\t\t\t\t\t\t\t\t\t<span>\n\t\t\t\t\t\t\t\tResponsabilidade de aplica\u00e7\u00f5es\t\t\t\t\t\t\t<\/span>\n\t\t\t\t\t\t<\/div>\n\t\t\t\t\t\t<span class=\"wd-accordion-opener\"><\/span>\n\t\t\t\t\t<\/div>\n\n\t\t\t\t\t<div class=\"wd-accordion-content wd-entry-content wd-active\" data-accordion-index=\"0\">\n\t\t\t\t\t\t\t\t\t\t\t\t\t\n\t\t\t\t\t\t\t<p>A Loja do escolhefacil se reserva o direito de n\u00e3o se responsabilizar por qualquer item que esteja acoplado indevidamente ao produto, alvo de devolu\u00e7\u00e3o\/troca, bem como quaisquer acess\u00f3rios que n\u00e3o perten\u00e7am ao mesmo, sendo esses itens de total responsabilidade do comprador.<\/p><p>Todas as aplica\u00e7\u00f5es na utiliza\u00e7\u00e3o do produto s\u00e3o de total responsabilidade do comprador, ficando a crit\u00e9rio do usu\u00e1rio verificar as condi\u00e7\u00f5es pr\u00e9vias de utiliza\u00e7\u00e3o e especifica\u00e7\u00f5es exigidas de acordo com normas . Portanto a Loja Escolhelab n\u00e3o ser\u00e1 respons\u00e1vel pela ma utiliza\u00e7\u00e3o do produto.<\/p><p>Assist\u00eancia T\u00e9cnica<\/p><p>Em caso de n\u00e3o haver assist\u00eancia t\u00e9cnica autorizada \u00a0na regi\u00e3o do comprador, o equipamento\/produto com defeito dever\u00e1 ser encaminhado com frete a cobrar, atrav\u00e9s de Transportadora AUTORIZADA POR ESCRITO PELA LOJA ESCOLHELAB, COM NOTA FISCAL DE REMESSA PARA CONSERTO EM GARANTIA. \u00a0<\/p><p>Todos esses procedimentos devem ser feitos ap\u00f3s a comunica\u00e7\u00e3o por escrito e a devida autoriza\u00e7\u00e3o pela Loja Escolhelab, sendo outros custos de total responsabilidade do comprador.<\/p><p>Isen\u00e7\u00e3o de Troca<\/p><p>A Loja Escolhelab isenta-se da obriga\u00e7\u00e3o de trocar ou consertar qualquer produto cujo defeito tenha sido ocasionado por for\u00e7a da natureza (raios, descargas el\u00e9tricas, etc.) ou instala\u00e7\u00e3o inadequada (voltagem errada ao especificado, etc.), de acordo com o laudo que nos ser\u00e1 fornecido pela Assist\u00eancia T\u00e9cnica.<\/p>\n\t\t\t\t\t\t\t\t\t\t\t\t\t\t\t\t\t\t<\/div>\n\t\t\t\t<\/div>\n\t\t\t\t\t<\/div>\n\t\t\t\t\t\t<\/div>\n\t\t\t\t<\/div>\n\t\t\t\t<div class=\"elementor-element elementor-element-1c3eecfc elementor-widget elementor-widget-wd_accordion\" data-id=\"1c3eecfc\" data-element_type=\"widget\" data-e-type=\"widget\" data-widget_type=\"wd_accordion.default\">\n\t\t\t\t<div class=\"elementor-widget-container\">\n\t\t\t\t\t\n\t\t<div class=\"wd-accordion wd-style-simple wd-titles-left wd-opener-pos-left wd-opener-style-arrow\" data-state=\"first\">\n\t\t\t\t\t\t\t\n\t\t\t\t<div class=\"wd-accordion-item\">\n\t\t\t\t\t<div class=\"wd-accordion-title wd-role-btn wd-active\" data-accordion-index=\"0\" tabindex=\"0\">\n\t\t\t\t\t\t<div class=\"wd-accordion-title-text\">\n\t\t\t\t\t\t\t\t\t\t\t\t\t\t<span>\n\t\t\t\t\t\t\t\tDevolu\u00e7\u00e3o por desit\u00eancia\t\t\t\t\t\t\t<\/span>\n\t\t\t\t\t\t<\/div>\n\t\t\t\t\t\t<span class=\"wd-accordion-opener\"><\/span>\n\t\t\t\t\t<\/div>\n\n\t\t\t\t\t<div class=\"wd-accordion-content wd-entry-content wd-active\" data-accordion-index=\"0\">\n\t\t\t\t\t\t\t\t\t\t\t\t\t\n\t\t\t\t\t\t\t<p>Para devolver um produto, as seguintes condi\u00e7\u00f5es dever\u00e3o ser observadas:<\/p><ul><li>O prazo para desistir da compra do produto \u00e9 de at\u00e9 sete dias corridos, a contar da data do recebimento;<\/li><li>O produto dever\u00e1 ser encaminhado na embalagem original, sem ind\u00edcios de uso, sem viola\u00e7\u00e3o do lacre original do fabricante, acompanhado de nota fiscal, manual e todos os seus acess\u00f3rios.<\/li><\/ul><p>No caso de necessidade solicite sua troca ou devolu\u00e7\u00e3o enviando um e-mail para: <span style=\"text-decoration: underline;\">vendas@escolhelab.com.br<\/span><\/p><p>Toda e qualquer restitui\u00e7\u00e3o do valor do produto, incluindo o valor pelo servi\u00e7o de entrega, exceto valor pelo servi\u00e7o de devolu\u00e7\u00e3o\/retorno de mercadoria, ser\u00e1 efetuado somente atrav\u00e9s de dep\u00f3sito banc\u00e1rio em conta do comprador.<\/p>\n\t\t\t\t\t\t\t\t\t\t\t\t\t\t\t\t\t\t<\/div>\n\t\t\t\t<\/div>\n\t\t\t\t\t<\/div>\n\t\t\t\t\t\t<\/div>\n\t\t\t\t<\/div>\n\t\t\t\t<div class=\"elementor-element elementor-element-98de6ef elementor-widget elementor-widget-wd_accordion\" data-id=\"98de6ef\" data-element_type=\"widget\" data-e-type=\"widget\" data-widget_type=\"wd_accordion.default\">\n\t\t\t\t<div class=\"elementor-widget-container\">\n\t\t\t\t\t\n\t\t<div class=\"wd-accordion wd-style-simple wd-titles-left wd-opener-pos-left wd-opener-style-arrow\" data-state=\"first\">\n\t\t\t\t\t\t\t\n\t\t\t\t<div class=\"wd-accordion-item\">\n\t\t\t\t\t<div class=\"wd-accordion-title wd-role-btn wd-active\" data-accordion-index=\"0\" tabindex=\"0\">\n\t\t\t\t\t\t<div class=\"wd-accordion-title-text\">\n\t\t\t\t\t\t\t\t\t\t\t\t\t\t<span>\n\t\t\t\t\t\t\t\tReembolso\t\t\t\t\t\t\t<\/span>\n\t\t\t\t\t\t<\/div>\n\t\t\t\t\t\t<span class=\"wd-accordion-opener\"><\/span>\n\t\t\t\t\t<\/div>\n\n\t\t\t\t\t<div class=\"wd-accordion-content wd-entry-content wd-active\" data-accordion-index=\"0\">\n\t\t\t\t\t\t\t\t\t\t\t\t\t\n\t\t\t\t\t\t\t<p>A Loja escolhelab devolver o valor do produto dependendo da forma de pagamento que voc\u00ea escolheu durante a compra. Ou seja, se voc\u00ea pagou com:<\/p><ul><li style=\"text-align: justify;\">Cart\u00e3o de cr\u00e9dito: a administradora do cart\u00e3o recebe a notifica\u00e7\u00e3o e, ent\u00e3o, voc\u00ea vai ser estornado de todo o valor do produto devolvido de uma vez, mesmo que tenha escolhido pagar parcelado. Voc\u00ea pode conferir o reembolso do valor na fatura do cart\u00e3o, que vai estar como cr\u00e9dito. O prazo do estorno depende da administradora do cart\u00e3o, mas geralmente o valor aparece em at\u00e9 duas faturas, geradas depois da sua solicita\u00e7\u00e3o de devolu\u00e7\u00e3o do produto.\u00a0<\/li><li style=\"text-align: justify;\">- Boleto banc\u00e1rio ou d\u00e9bito em conta: vamos fazer um dep\u00f3sito em at\u00e9 10 (dez) dias \u00fateis na conta corrente de quem fez a compra, ou seja no cpf ou cnpj do cadastra da compra em nosso site.\u00a0<\/li><li style=\"text-align: justify;\">PIX: voc\u00ea recebe um cr\u00e9dito em conta no valor do PIX feito, em at\u00e9 2 (duas) horas. Nota:\u00a0 voc\u00ea devera mandar um emaipara vendas@escolhelab.com.br com o seu endere\u00e7o PIX com o mesmo nome e numero de peido que efetuou a compra em nossa loja.<\/li><\/ul><p>\u00a0 \u00a0 \u00a0 \u00a0Nota: essa reembolso so ser\u00e1 valido depois de ter efetuados todos os passos de devolu\u00e7\u00e3o e troca que consta nos itens acima<\/p>\n\t\t\t\t\t\t\t\t\t\t\t\t\t\t\t\t\t\t<\/div>\n\t\t\t\t<\/div>\n\t\t\t\t\t<\/div>\n\t\t\t\t\t\t<\/div>\n\t\t\t\t<\/div>\n\t\t\t\t<div class=\"elementor-element elementor-element-7a5d3e0c elementor-widget elementor-widget-wd_accordion\" data-id=\"7a5d3e0c\" data-element_type=\"widget\" data-e-type=\"widget\" data-widget_type=\"wd_accordion.default\">\n\t\t\t\t<div class=\"elementor-widget-container\">\n\t\t\t\t\t\n\t\t<div class=\"wd-accordion wd-style-simple wd-titles-left wd-opener-pos-left wd-opener-style-arrow\" data-state=\"all_closed\">\n\t\t\t\t\t\t\t\n\t\t\t\t<div class=\"wd-accordion-item\">\n\t\t\t\t\t<div class=\"wd-accordion-title wd-role-btn\" data-accordion-index=\"0\" tabindex=\"0\">\n\t\t\t\t\t\t<div class=\"wd-accordion-title-text\">\n\t\t\t\t\t\t\t\t\t\t\t\t\t\t<span>\n\t\t\t\t\t\t\t\tOutras informa\u00e7\u00f5es\t\t\t\t\t\t\t<\/span>\n\t\t\t\t\t\t<\/div>\n\t\t\t\t\t\t<span class=\"wd-accordion-opener\"><\/span>\n\t\t\t\t\t<\/div>\n\n\t\t\t\t\t<div class=\"wd-accordion-content wd-entry-content\" data-accordion-index=\"0\">\n\t\t\t\t\t\t\t\t\t\t\t\t\t\n\t\t\t\t\t\t\t<ul><li>Reservamo-nos o direito de, a qualquer tempo, revisar, modificar, descontinuar ou alterar a linha de comercializa\u00e7\u00e3o de nossos Produtos, bem como as condi\u00e7\u00f5es aqui descritas, sem que isso implique em qualquer responsabilidade ou obriga\u00e7\u00e3o para com os clientes, propriet\u00e1rios ou terceiros.<\/li><li>As fotos exibidas em nossa loja s\u00e3o mera ilustra\u00e7\u00e3o e podem ser alteradas a qualquer momento.<\/li><\/ul>\n\t\t\t\t\t\t\t\t\t\t\t\t\t\t\t\t\t\t<\/div>\n\t\t\t\t<\/div>\n\t\t\t\t\t<\/div>\n\t\t\t\t\t\t<\/div>\n\t\t\t\t<\/div>\n\t\t\t\t<div class=\"elementor-element elementor-element-60996173 color-scheme-inherit text-left elementor-widget elementor-widget-text-editor\" data-id=\"60996173\" data-element_type=\"widget\" data-e-type=\"widget\" data-widget_type=\"text-editor.default\">\n\t\t\t\t\t\t\t\t\t<p>Em caso de qualquer d\u00favida com rela\u00e7\u00e3o aos nossos produtos, por favor entre em contato com nosso Depto de Vendas, atrav\u00e9s do <span style=\"text-decoration: underline;\">e-mail:vendas@escolhefaci.com<\/span>\u00a0 e\u00a0 teremos o maior prazer em atend\u00ea-lo!!<\/p>\t\t\t\t\t\t\t\t<\/div>\n\t\t\t\t<\/div>\n\t\t\t\t<\/div>","protected":false},"excerpt":{"rendered":"<p>Pol\u00edtica de devolu\u00e7\u00e3o ou troca e reembolso A \u201cLoja Escolhelab\u201d oferece aos seus clientes produtos de qualidade, buscando parcerias com<\/p>","protected":false},"author":1,"featured_media":0,"parent":0,"menu_order":0,"comment_status":"closed","ping_status":"closed","template":"","meta":{"_acf_changed":false,"iawp_total_views":20,"footnotes":""},"class_list":["post-28236","page","type-page","status-publish","hentry"],"acf":[],"yoast_head":"<!-- This site is optimized with the Yoast SEO Premium plugin v26.2 (Yoast SEO v27.3) - https:\/\/yoast.com\/product\/yoast-seo-premium-wordpress\/ -->\n<title>pagina devolu\u00e7\u00e3o troca e ereembolso - Loja de produtos para laboratorio<\/title>\n<meta name=\"robots\" content=\"index, follow, max-snippet:-1, max-image-preview:large, max-video-preview:-1\" \/>\n<link rel=\"canonical\" href=\"https:\/\/escolhelab.com.br\/en\/troca-e-devolucao\/\" \/>\n<meta property=\"og:locale\" content=\"en_US\" \/>\n<meta property=\"og:type\" content=\"article\" \/>\n<meta property=\"og:title\" content=\"pagina devolu\u00e7\u00e3o troca e ereembolso\" \/>\n<meta property=\"og:description\" content=\"Pol\u00edtica de devolu\u00e7\u00e3o ou troca e reembolso A \u201cLoja Escolhelab\u201d oferece aos seus clientes produtos de qualidade, buscando parcerias com\" \/>\n<meta property=\"og:url\" content=\"https:\/\/escolhelab.com.br\/en\/troca-e-devolucao\/\" \/>\n<meta property=\"og:site_name\" content=\"Loja de produtos para laboratorio\" \/>\n<meta property=\"article:modified_time\" content=\"2025-02-17T19:24:44+00:00\" \/>\n<meta property=\"og:image\" content=\"https:\/\/escolhelab.com.br\/wp-content\/uploads\/2024\/06\/logo-pq-escolhelab-escolhelab-com-br-2.png\" \/>\n\t<meta property=\"og:image:width\" content=\"197\" \/>\n\t<meta property=\"og:image:height\" content=\"26\" \/>\n\t<meta property=\"og:image:type\" content=\"image\/png\" \/>\n<meta name=\"twitter:card\" content=\"summary_large_image\" \/>\n<meta name=\"twitter:label1\" content=\"Est. reading time\" \/>\n\t<meta name=\"twitter:data1\" content=\"6 minutes\" \/>\n<script type=\"application\/ld+json\" class=\"yoast-schema-graph\">{\"@context\":\"https:\\\/\\\/schema.org\",\"@graph\":[{\"@type\":\"WebPage\",\"@id\":\"https:\\\/\\\/escolhelab.com.br\\\/troca-e-devolucao\\\/\",\"url\":\"https:\\\/\\\/escolhelab.com.br\\\/troca-e-devolucao\\\/\",\"name\":\"pagina devolu\u00e7\u00e3o troca e ereembolso - Loja de produtos para laboratorio\",\"isPartOf\":{\"@id\":\"https:\\\/\\\/escolhelab.com.br\\\/#website\"},\"datePublished\":\"2024-05-17T00:41:31+00:00\",\"dateModified\":\"2025-02-17T19:24:44+00:00\",\"breadcrumb\":{\"@id\":\"https:\\\/\\\/escolhelab.com.br\\\/troca-e-devolucao\\\/#breadcrumb\"},\"inLanguage\":\"en-US\",\"potentialAction\":[{\"@type\":\"ReadAction\",\"target\":[\"https:\\\/\\\/escolhelab.com.br\\\/troca-e-devolucao\\\/\"]}]},{\"@type\":\"BreadcrumbList\",\"@id\":\"https:\\\/\\\/escolhelab.com.br\\\/troca-e-devolucao\\\/#breadcrumb\",\"itemListElement\":[{\"@type\":\"ListItem\",\"position\":1,\"name\":\"In\u00edcio\",\"item\":\"https:\\\/\\\/escolhelab.com.br\\\/\"},{\"@type\":\"ListItem\",\"position\":2,\"name\":\"pagina devolu\u00e7\u00e3o troca e ereembolso\"}]},{\"@type\":\"WebSite\",\"@id\":\"https:\\\/\\\/escolhelab.com.br\\\/#website\",\"url\":\"https:\\\/\\\/escolhelab.com.br\\\/\",\"name\":\"Loja de produtos para laboratorio\",\"description\":\"Produtos para Laborat\u00f3rio,Artigos e outros na loja do quimico\",\"publisher\":{\"@id\":\"https:\\\/\\\/escolhelab.com.br\\\/#organization\"},\"alternateName\":\"escolhelab\",\"potentialAction\":[{\"@type\":\"SearchAction\",\"target\":{\"@type\":\"EntryPoint\",\"urlTemplate\":\"https:\\\/\\\/escolhelab.com.br\\\/?s={search_term_string}\"},\"query-input\":{\"@type\":\"PropertyValueSpecification\",\"valueRequired\":true,\"valueName\":\"search_term_string\"}}],\"inLanguage\":\"en-US\"},{\"@type\":\"Organization\",\"@id\":\"https:\\\/\\\/escolhelab.com.br\\\/#organization\",\"name\":\"loja escolhelab\",\"alternateName\":\"escolhelab\",\"url\":\"https:\\\/\\\/escolhelab.com.br\\\/\",\"logo\":{\"@type\":\"ImageObject\",\"inLanguage\":\"en-US\",\"@id\":\"https:\\\/\\\/escolhelab.com.br\\\/#\\\/schema\\\/logo\\\/image\\\/\",\"url\":\"https:\\\/\\\/escolhelab.com.br\\\/wp-content\\\/uploads\\\/2024\\\/12\\\/icone-e-512-512escolhelab-com-br-2-800x800.png\",\"contentUrl\":\"https:\\\/\\\/escolhelab.com.br\\\/wp-content\\\/uploads\\\/2024\\\/12\\\/icone-e-512-512escolhelab-com-br-2-800x800.png\",\"width\":800,\"height\":800,\"caption\":\"loja escolhelab\"},\"image\":{\"@id\":\"https:\\\/\\\/escolhelab.com.br\\\/#\\\/schema\\\/logo\\\/image\\\/\"}}]}<\/script>\n<!-- \/ Yoast SEO Premium plugin. -->","yoast_head_json":{"title":"pagina devolu\u00e7\u00e3o troca e ereembolso - Loja de produtos para laboratorio","robots":{"index":"index","follow":"follow","max-snippet":"max-snippet:-1","max-image-preview":"max-image-preview:large","max-video-preview":"max-video-preview:-1"},"canonical":"https:\/\/escolhelab.com.br\/en\/troca-e-devolucao\/","og_locale":"en_US","og_type":"article","og_title":"pagina devolu\u00e7\u00e3o troca e ereembolso","og_description":"Pol\u00edtica de devolu\u00e7\u00e3o ou troca e reembolso A \u201cLoja Escolhelab\u201d oferece aos seus clientes produtos de qualidade, buscando parcerias com","og_url":"https:\/\/escolhelab.com.br\/en\/troca-e-devolucao\/","og_site_name":"Loja de produtos para laboratorio","article_modified_time":"2025-02-17T19:24:44+00:00","og_image":[{"width":197,"height":26,"url":"https:\/\/escolhelab.com.br\/wp-content\/uploads\/2024\/06\/logo-pq-escolhelab-escolhelab-com-br-2.png","type":"image\/png"}],"twitter_card":"summary_large_image","twitter_misc":{"Est. reading time":"6 minutes"},"schema":{"@context":"https:\/\/schema.org","@graph":[{"@type":"WebPage","@id":"https:\/\/escolhelab.com.br\/troca-e-devolucao\/","url":"https:\/\/escolhelab.com.br\/troca-e-devolucao\/","name":"pagina devolu\u00e7\u00e3o troca e ereembolso - Loja de produtos para laboratorio","isPartOf":{"@id":"https:\/\/escolhelab.com.br\/#website"},"datePublished":"2024-05-17T00:41:31+00:00","dateModified":"2025-02-17T19:24:44+00:00","breadcrumb":{"@id":"https:\/\/escolhelab.com.br\/troca-e-devolucao\/#breadcrumb"},"inLanguage":"en-US","potentialAction":[{"@type":"ReadAction","target":["https:\/\/escolhelab.com.br\/troca-e-devolucao\/"]}]},{"@type":"BreadcrumbList","@id":"https:\/\/escolhelab.com.br\/troca-e-devolucao\/#breadcrumb","itemListElement":[{"@type":"ListItem","position":1,"name":"In\u00edcio","item":"https:\/\/escolhelab.com.br\/"},{"@type":"ListItem","position":2,"name":"pagina devolu\u00e7\u00e3o troca e ereembolso"}]},{"@type":"WebSite","@id":"https:\/\/escolhelab.com.br\/#website","url":"https:\/\/escolhelab.com.br\/","name":"Loja de produtos para laboratorio","description":"Produtos para Laborat\u00f3rio,Artigos e outros na loja do quimico","publisher":{"@id":"https:\/\/escolhelab.com.br\/#organization"},"alternateName":"escolhelab","potentialAction":[{"@type":"SearchAction","target":{"@type":"EntryPoint","urlTemplate":"https:\/\/escolhelab.com.br\/?s={search_term_string}"},"query-input":{"@type":"PropertyValueSpecification","valueRequired":true,"valueName":"search_term_string"}}],"inLanguage":"en-US"},{"@type":"Organization","@id":"https:\/\/escolhelab.com.br\/#organization","name":"loja escolhelab","alternateName":"escolhelab","url":"https:\/\/escolhelab.com.br\/","logo":{"@type":"ImageObject","inLanguage":"en-US","@id":"https:\/\/escolhelab.com.br\/#\/schema\/logo\/image\/","url":"https:\/\/escolhelab.com.br\/wp-content\/uploads\/2024\/12\/icone-e-512-512escolhelab-com-br-2-800x800.png","contentUrl":"https:\/\/escolhelab.com.br\/wp-content\/uploads\/2024\/12\/icone-e-512-512escolhelab-com-br-2-800x800.png","width":800,"height":800,"caption":"loja escolhelab"},"image":{"@id":"https:\/\/escolhelab.com.br\/#\/schema\/logo\/image\/"}}]}},"_links":{"self":[{"href":"https:\/\/escolhelab.com.br\/en\/wp-json\/wp\/v2\/pages\/28236","targetHints":{"allow":["GET"]}}],"collection":[{"href":"https:\/\/escolhelab.com.br\/en\/wp-json\/wp\/v2\/pages"}],"about":[{"href":"https:\/\/escolhelab.com.br\/en\/wp-json\/wp\/v2\/types\/page"}],"author":[{"embeddable":true,"href":"https:\/\/escolhelab.com.br\/en\/wp-json\/wp\/v2\/users\/1"}],"replies":[{"embeddable":true,"href":"https:\/\/escolhelab.com.br\/en\/wp-json\/wp\/v2\/comments?post=28236"}],"version-history":[{"count":0,"href":"https:\/\/escolhelab.com.br\/en\/wp-json\/wp\/v2\/pages\/28236\/revisions"}],"wp:attachment":[{"href":"https:\/\/escolhelab.com.br\/en\/wp-json\/wp\/v2\/media?parent=28236"}],"curies":[{"name":"wp","href":"https:\/\/api.w.org\/{rel}","templated":true}]}}