{"id":31206,"date":"2024-06-11T09:11:38","date_gmt":"2024-06-11T12:11:38","guid":{"rendered":"https:\/\/escolhelab.com.br\/politica-de-cookies-br\/"},"modified":"2025-02-17T16:11:13","modified_gmt":"2025-02-17T19:11:13","slug":"politica-de-cookies-br","status":"publish","type":"page","link":"https:\/\/escolhelab.com.br\/en\/politica-de-cookies-br\/","title":{"rendered":"pol\u00edtica de Cookies (BR)"},"content":{"rendered":"<div data-elementor-type=\"wp-page\" data-elementor-id=\"31206\" class=\"elementor elementor-31206\" data-elementor-post-type=\"page\">\n\t\t\t\t<div class=\"wd-negative-gap elementor-element elementor-element-1d00cd29 e-flex e-con-boxed e-con e-parent\" data-id=\"1d00cd29\" data-element_type=\"container\" data-e-type=\"container\" data-settings=\"{&quot;background_background&quot;:&quot;classic&quot;}\">\n\t\t\t\t\t<div class=\"e-con-inner\">\n\t\t\t\t<div class=\"elementor-element elementor-element-3896471 elementor-widget elementor-widget-heading\" data-id=\"3896471\" data-element_type=\"widget\" data-e-type=\"widget\" data-widget_type=\"heading.default\">\n\t\t\t\t\t<h2 class=\"elementor-heading-title elementor-size-default\">Politica de cookies (BR)<\/h2>\t\t\t\t<\/div>\n\t\t\t\t<div class=\"elementor-element elementor-element-7a83d96d color-scheme-inherit text-left elementor-widget elementor-widget-text-editor\" data-id=\"7a83d96d\" data-element_type=\"widget\" data-e-type=\"widget\" data-widget_type=\"text-editor.default\">\n\t\t\t\t\t\t\t\t\t<p><span style=\"font-family: helvetica, arial, sans-serif;\"><i>Esta Pol\u00edtica de Cookies foi atualizada pela \u00faltima vez em 13 de junho de 2024 e se aplica a cidad\u00e3os e residentes legais permanentes do Brasil.<\/i><\/span><\/p><h2><span style=\"font-family: helvetica, arial, sans-serif;\">1. Introdu\u00e7\u00e3o<\/span><\/h2><p><span style=\"font-family: helvetica, arial, sans-serif;\">Nosso site,\u00a0(doravante: \u201co site\u201d) usa cookies e outras tecnologias relacionadas (por conveni\u00eancia todas as tecnologias s\u00e3o referidas como \u201ccookies\u201d). Os cookies tamb\u00e9m s\u00e3o inseridos por terceiros que contratamos. No documento abaixo informamos sobre o uso de cookies em nosso site.<\/span><\/p><h2><span style=\"font-family: helvetica, arial, sans-serif;\">2. O que s\u00e3o cookies?<\/span><\/h2><p><span style=\"font-family: helvetica, arial, sans-serif;\">S\u00e3o codigo enviados com as p\u00e1ginas deste site e armazenado pelo seu navegador do seu computador ou outro dispositivo enquanto voc\u00ea navega pelo nosso site. As informa\u00e7\u00f5es armazenadas podem ser enviadas de volta aos nossos servidores durante uma visita subsequente. Essas informa\u00e7\u00f5es ser\u00e3o uteis para nossa empresa para pordermos lhe atender melhor.<\/span><\/p><h2><span style=\"font-family: helvetica, arial, sans-serif;\">3. O que s\u00e3o scripts?<\/span><\/h2><p><span style=\"font-family: helvetica, arial, sans-serif;\">Um script \u00e9 uma parte de c\u00f3digo de programa usado para fazer nosso site funcionar de forma adequada e interativa. Este c\u00f3digo \u00e9 executado em nosso servidor ou em seu dispositivo.<\/span><\/p><h2><span style=\"font-family: helvetica, arial, sans-serif;\">4. O que \u00e9 um web beacon?<\/span><\/h2><p><span style=\"font-family: helvetica, arial, sans-serif;\">Um web beacon (ou uma tag pixel) \u00e9 um pequena e invis\u00edvel texto ou imagem em um site que \u00e9 usado para monitorar o tr\u00e1fego em um site. Para fazer isso, v\u00e1rios dados sobre voc\u00ea s\u00e3o armazenados usando web beacons.<\/span><\/p><h2><span style=\"font-family: helvetica, arial, sans-serif;\">5. Cookies<\/span><\/h2><p class=\"cmplz-subtitle\"><span style=\"font-family: helvetica, arial, sans-serif;\">5.1 Cookies t\u00e9cnicos ou funcionais<\/span><\/p><p><span style=\"font-family: helvetica, arial, sans-serif;\">Alguns cookies garantem que certas partes do site funcionem corretamente e que suas prefer\u00eancias de usu\u00e1rio permane\u00e7am conhecidas. Ao inserir cookies funcionais, facilitamos a visita ao nosso site. Dessa forma, voc\u00ea n\u00e3o precisa inserir repetidamente as mesmas informa\u00e7\u00f5es ao visitar nosso site e, por exemplo, os itens permanecem em seu carrinho de compras at\u00e9 que voc\u00ea tenha conclu\u00eddo a compra. Podemos inserir esses cookies sem o seu consentimento.<\/span><\/p><h2><span style=\"font-family: helvetica, arial, sans-serif;\">6. Cookies inseridos<\/span><\/h2><p><span style=\"font-family: helvetica, arial, sans-serif;\">Voc\u00ea pode usar seu navegador de internet para excluir cookies automaticamente ou manualmente. Voc\u00ea tamb\u00e9m pode especificar que certos cookies podem n\u00e3o ser inseridos. Outra op\u00e7\u00e3o \u00e9 alterar as configura\u00e7\u00f5es do seu navegador para que voc\u00ea receba uma mensagem cada vez que um cookie \u00e9 inserido. Para obter mais informa\u00e7\u00f5es sobre essas op\u00e7\u00f5es, consulte as instru\u00e7\u00f5es na se\u00e7\u00e3o Ajuda do seu navegador.<\/span><\/p><p><span style=\"font-family: helvetica, arial, sans-serif;\">Por favor, observe que nosso site pode n\u00e3o funcionar corretamente se todos os cookies forem desativados. Se voc\u00ea excluir os cookies do seu navegador, eles ser\u00e3o inseridos novamente ap\u00f3s o seu consentimento quando voc\u00ea visitar nossos sites outra vez.<\/span><\/p><h2><span style=\"font-family: helvetica, arial, sans-serif;\">8. Seus direitos em rela\u00e7\u00e3o aos dados pessoais<\/span><\/h2><p><span style=\"font-family: helvetica, arial, sans-serif;\">Voc\u00ea tem os seguintes direitos em rela\u00e7\u00e3o aos seus dados pessoais:<\/span><\/p><ul><li><span style=\"font-family: helvetica, arial, sans-serif;\">confirma\u00e7\u00e3o da exist\u00eancia de processamento;<\/span><\/li><li><span style=\"font-family: helvetica, arial, sans-serif;\">acesso aos dados;<\/span><\/li><li><span style=\"font-family: helvetica, arial, sans-serif;\">corre\u00e7\u00e3o de dados incompletos, imprecisos ou desatualizados;<\/span><\/li><li><span style=\"font-family: helvetica, arial, sans-serif;\">anonimiza\u00e7\u00e3o, bloqueio ou exclus\u00e3o de dados desnecess\u00e1rios, excessivos ou processados em desacordo com as disposi\u00e7\u00f5es da Lei Geral de Prote\u00e7\u00e3o de Dados Pessoais (LGPD);<\/span><\/li><li><span style=\"font-family: helvetica, arial, sans-serif;\">portabilidade dos dados para outro prestador de servi\u00e7os ou produtos, mediante pedido expresso, nos termos da regulamenta\u00e7\u00e3o da autoridade nacional, respeitando os segredos comerciais e industriais;<\/span><\/li><li><span style=\"font-family: helvetica, arial, sans-serif;\">elimina\u00e7\u00e3o dos dados pessoais tratados com o consentimento do titular, salvo nos casos previstos no art. 16 da Lei Geral de Prote\u00e7\u00e3o de Dados Pessoais (LGPD);<\/span><\/li><li><span style=\"font-family: helvetica, arial, sans-serif;\">informa\u00e7\u00f5es sobre entidades p\u00fablicas e privadas com as quais o controlador compartilhou dados;<\/span><\/li><li><span style=\"font-family: helvetica, arial, sans-serif;\">informa\u00e7\u00f5es sobre a possibilidade de n\u00e3o consentimento e sobre as consequ\u00eancias da nega\u00e7\u00e3o.<\/span><\/li><\/ul><p><span style=\"font-family: helvetica, arial, sans-serif;\">Para exercer esses direitos, entre em contato conosco. Consulte os detalhes de contato no final desta Pol\u00edtica de Cookies. Se voc\u00ea tem uma reclama\u00e7\u00e3o sobre como lidamos com seus dados, gostar\u00edamos de ouvi-la, mas voc\u00ea tamb\u00e9m tem o direito de enviar uma reclama\u00e7\u00e3o \u00e0 Autoridade Nacional de Prote\u00e7\u00e3o de Dados (ANPD):<\/span><\/p><p><span style=\"font-family: helvetica, arial, sans-serif;\">Autoridade Nacional de Prote\u00e7\u00e3o de Dados<\/span><\/p><p><span style=\"font-family: helvetica, arial, sans-serif;\">Esplanada dos Minist\u00e9rios,<\/span><br \/><span style=\"font-family: helvetica, arial, sans-serif;\">Bloco C,<\/span><br \/><span style=\"font-family: helvetica, arial, sans-serif;\">2\u00ba andar,<\/span><br \/><span style=\"font-family: helvetica, arial, sans-serif;\">CEP 70297-400 \u2013 Bras\u00edlia \u2013 DF.<\/span><br \/><span style=\"font-family: helvetica, arial, sans-serif;\"><a href=\"https:\/\/www.gov.br\/anpd\/pt-br\/canais_atendimento\/\" target=\"_blank\" rel=\"noopener\">Website<\/a><\/span><\/p><h2><span style=\"font-family: helvetica, arial, sans-serif;\">9. Detalhes de contato<\/span><\/h2><p><span style=\"font-family: helvetica, arial, sans-serif;\">Para perguntas e\/ou coment\u00e1rios sobre nossa Pol\u00edtica de Cookies e esta declara\u00e7\u00e3o, entre em contato conosco usando os seguintes detalhes de contato:<\/span><\/p><p><span class=\"cmplz-contact-organisation\" style=\"font-family: helvetica, arial, sans-serif;\">escolhelab<\/span><br \/><span class=\"cmplz-contact-address\" style=\"font-family: helvetica, arial, sans-serif;\">Santo Andr\u00e9 \u2013 S\u00e3o Paulo<\/span><br \/><span class=\"cmplz-contact-country\" style=\"font-family: helvetica, arial, sans-serif;\">Brasil<\/span><br \/><span style=\"font-family: helvetica, arial, sans-serif;\">Website:<\/span><br \/><span style=\"font-family: helvetica, arial, sans-serif;\">E-mail:\u00a0<span class=\"cmplz-contact-email\">vendas@escolhelab.com.br<\/span><\/span><br \/><span class=\"cmplz-contact-telephone\" style=\"font-family: helvetica, arial, sans-serif;\">N\u00famero de telefone: 1151976054<\/span><\/p><p><span style=\"font-family: helvetica, arial, sans-serif;\">Esta Pol\u00edtica de Cookies foi sincronizada\u00a0em 13 de junho de 2024<\/span><\/p>\t\t\t\t\t\t\t\t<\/div>\n\t\t\t\t\t<\/div>\n\t\t\t\t<\/div>\n\t\t\t\t<\/div>","protected":false},"excerpt":{"rendered":"<p>Politica de cookies (BR) Esta Pol\u00edtica de Cookies foi atualizada pela \u00faltima vez em 13 de junho de 2024 e<\/p>","protected":false},"author":1,"featured_media":0,"parent":0,"menu_order":0,"comment_status":"closed","ping_status":"closed","template":"elementor_theme","meta":{"_acf_changed":false,"iawp_total_views":10,"footnotes":""},"class_list":["post-31206","page","type-page","status-publish","hentry"],"acf":[],"yoast_head":"<!-- This site is optimized with the Yoast SEO Premium plugin v26.2 (Yoast SEO v27.3) - https:\/\/yoast.com\/product\/yoast-seo-premium-wordpress\/ -->\n<title>pol\u00edtica de Cookies (BR) - Loja de produtos para laboratorio<\/title>\n<meta name=\"robots\" content=\"index, follow, max-snippet:-1, max-image-preview:large, max-video-preview:-1\" \/>\n<link rel=\"canonical\" href=\"https:\/\/escolhelab.com.br\/en\/politica-de-cookies-br\/\" \/>\n<meta property=\"og:locale\" content=\"en_US\" \/>\n<meta property=\"og:type\" content=\"article\" \/>\n<meta property=\"og:title\" content=\"pol\u00edtica de Cookies (BR)\" \/>\n<meta property=\"og:description\" content=\"Politica de cookies (BR) Esta Pol\u00edtica de Cookies foi atualizada pela \u00faltima vez em 13 de junho de 2024 e\" \/>\n<meta property=\"og:url\" content=\"https:\/\/escolhelab.com.br\/en\/politica-de-cookies-br\/\" \/>\n<meta property=\"og:site_name\" content=\"Loja de produtos para laboratorio\" \/>\n<meta property=\"article:modified_time\" content=\"2025-02-17T19:11:13+00:00\" \/>\n<meta property=\"og:image\" content=\"https:\/\/escolhelab.com.br\/wp-content\/uploads\/2024\/06\/logo-pq-escolhelab-escolhelab-com-br-2.png\" \/>\n\t<meta property=\"og:image:width\" content=\"197\" \/>\n\t<meta property=\"og:image:height\" content=\"26\" \/>\n\t<meta property=\"og:image:type\" content=\"image\/png\" \/>\n<meta name=\"twitter:card\" content=\"summary_large_image\" \/>\n<meta name=\"twitter:label1\" content=\"Est. reading time\" \/>\n\t<meta name=\"twitter:data1\" content=\"4 minutes\" \/>\n<script type=\"application\/ld+json\" class=\"yoast-schema-graph\">{\"@context\":\"https:\\\/\\\/schema.org\",\"@graph\":[{\"@type\":\"WebPage\",\"@id\":\"https:\\\/\\\/escolhelab.com.br\\\/politica-de-cookies-br\\\/\",\"url\":\"https:\\\/\\\/escolhelab.com.br\\\/politica-de-cookies-br\\\/\",\"name\":\"pol\u00edtica de Cookies (BR) - Loja de produtos para laboratorio\",\"isPartOf\":{\"@id\":\"https:\\\/\\\/escolhelab.com.br\\\/#website\"},\"datePublished\":\"2024-06-11T12:11:38+00:00\",\"dateModified\":\"2025-02-17T19:11:13+00:00\",\"breadcrumb\":{\"@id\":\"https:\\\/\\\/escolhelab.com.br\\\/politica-de-cookies-br\\\/#breadcrumb\"},\"inLanguage\":\"en-US\",\"potentialAction\":[{\"@type\":\"ReadAction\",\"target\":[\"https:\\\/\\\/escolhelab.com.br\\\/politica-de-cookies-br\\\/\"]}]},{\"@type\":\"BreadcrumbList\",\"@id\":\"https:\\\/\\\/escolhelab.com.br\\\/politica-de-cookies-br\\\/#breadcrumb\",\"itemListElement\":[{\"@type\":\"ListItem\",\"position\":1,\"name\":\"In\u00edcio\",\"item\":\"https:\\\/\\\/escolhelab.com.br\\\/\"},{\"@type\":\"ListItem\",\"position\":2,\"name\":\"pol\u00edtica de Cookies (BR)\"}]},{\"@type\":\"WebSite\",\"@id\":\"https:\\\/\\\/escolhelab.com.br\\\/#website\",\"url\":\"https:\\\/\\\/escolhelab.com.br\\\/\",\"name\":\"Loja de produtos para laboratorio\",\"description\":\"Produtos para Laborat\u00f3rio,Artigos e outros na loja do quimico\",\"publisher\":{\"@id\":\"https:\\\/\\\/escolhelab.com.br\\\/#organization\"},\"alternateName\":\"escolhelab\",\"potentialAction\":[{\"@type\":\"SearchAction\",\"target\":{\"@type\":\"EntryPoint\",\"urlTemplate\":\"https:\\\/\\\/escolhelab.com.br\\\/?s={search_term_string}\"},\"query-input\":{\"@type\":\"PropertyValueSpecification\",\"valueRequired\":true,\"valueName\":\"search_term_string\"}}],\"inLanguage\":\"en-US\"},{\"@type\":\"Organization\",\"@id\":\"https:\\\/\\\/escolhelab.com.br\\\/#organization\",\"name\":\"loja escolhelab\",\"alternateName\":\"escolhelab\",\"url\":\"https:\\\/\\\/escolhelab.com.br\\\/\",\"logo\":{\"@type\":\"ImageObject\",\"inLanguage\":\"en-US\",\"@id\":\"https:\\\/\\\/escolhelab.com.br\\\/#\\\/schema\\\/logo\\\/image\\\/\",\"url\":\"https:\\\/\\\/escolhelab.com.br\\\/wp-content\\\/uploads\\\/2024\\\/12\\\/icone-e-512-512escolhelab-com-br-2-800x800.png\",\"contentUrl\":\"https:\\\/\\\/escolhelab.com.br\\\/wp-content\\\/uploads\\\/2024\\\/12\\\/icone-e-512-512escolhelab-com-br-2-800x800.png\",\"width\":800,\"height\":800,\"caption\":\"loja escolhelab\"},\"image\":{\"@id\":\"https:\\\/\\\/escolhelab.com.br\\\/#\\\/schema\\\/logo\\\/image\\\/\"}}]}<\/script>\n<!-- \/ Yoast SEO Premium plugin. -->","yoast_head_json":{"title":"pol\u00edtica de Cookies (BR) - Loja de produtos para laboratorio","robots":{"index":"index","follow":"follow","max-snippet":"max-snippet:-1","max-image-preview":"max-image-preview:large","max-video-preview":"max-video-preview:-1"},"canonical":"https:\/\/escolhelab.com.br\/en\/politica-de-cookies-br\/","og_locale":"en_US","og_type":"article","og_title":"pol\u00edtica de Cookies (BR)","og_description":"Politica de cookies (BR) Esta Pol\u00edtica de Cookies foi atualizada pela \u00faltima vez em 13 de junho de 2024 e","og_url":"https:\/\/escolhelab.com.br\/en\/politica-de-cookies-br\/","og_site_name":"Loja de produtos para laboratorio","article_modified_time":"2025-02-17T19:11:13+00:00","og_image":[{"width":197,"height":26,"url":"https:\/\/escolhelab.com.br\/wp-content\/uploads\/2024\/06\/logo-pq-escolhelab-escolhelab-com-br-2.png","type":"image\/png"}],"twitter_card":"summary_large_image","twitter_misc":{"Est. reading time":"4 minutes"},"schema":{"@context":"https:\/\/schema.org","@graph":[{"@type":"WebPage","@id":"https:\/\/escolhelab.com.br\/politica-de-cookies-br\/","url":"https:\/\/escolhelab.com.br\/politica-de-cookies-br\/","name":"pol\u00edtica de Cookies (BR) - Loja de produtos para laboratorio","isPartOf":{"@id":"https:\/\/escolhelab.com.br\/#website"},"datePublished":"2024-06-11T12:11:38+00:00","dateModified":"2025-02-17T19:11:13+00:00","breadcrumb":{"@id":"https:\/\/escolhelab.com.br\/politica-de-cookies-br\/#breadcrumb"},"inLanguage":"en-US","potentialAction":[{"@type":"ReadAction","target":["https:\/\/escolhelab.com.br\/politica-de-cookies-br\/"]}]},{"@type":"BreadcrumbList","@id":"https:\/\/escolhelab.com.br\/politica-de-cookies-br\/#breadcrumb","itemListElement":[{"@type":"ListItem","position":1,"name":"In\u00edcio","item":"https:\/\/escolhelab.com.br\/"},{"@type":"ListItem","position":2,"name":"pol\u00edtica de Cookies (BR)"}]},{"@type":"WebSite","@id":"https:\/\/escolhelab.com.br\/#website","url":"https:\/\/escolhelab.com.br\/","name":"Loja de produtos para laboratorio","description":"Produtos para Laborat\u00f3rio,Artigos e outros na loja do quimico","publisher":{"@id":"https:\/\/escolhelab.com.br\/#organization"},"alternateName":"escolhelab","potentialAction":[{"@type":"SearchAction","target":{"@type":"EntryPoint","urlTemplate":"https:\/\/escolhelab.com.br\/?s={search_term_string}"},"query-input":{"@type":"PropertyValueSpecification","valueRequired":true,"valueName":"search_term_string"}}],"inLanguage":"en-US"},{"@type":"Organization","@id":"https:\/\/escolhelab.com.br\/#organization","name":"loja escolhelab","alternateName":"escolhelab","url":"https:\/\/escolhelab.com.br\/","logo":{"@type":"ImageObject","inLanguage":"en-US","@id":"https:\/\/escolhelab.com.br\/#\/schema\/logo\/image\/","url":"https:\/\/escolhelab.com.br\/wp-content\/uploads\/2024\/12\/icone-e-512-512escolhelab-com-br-2-800x800.png","contentUrl":"https:\/\/escolhelab.com.br\/wp-content\/uploads\/2024\/12\/icone-e-512-512escolhelab-com-br-2-800x800.png","width":800,"height":800,"caption":"loja escolhelab"},"image":{"@id":"https:\/\/escolhelab.com.br\/#\/schema\/logo\/image\/"}}]}},"_links":{"self":[{"href":"https:\/\/escolhelab.com.br\/en\/wp-json\/wp\/v2\/pages\/31206","targetHints":{"allow":["GET"]}}],"collection":[{"href":"https:\/\/escolhelab.com.br\/en\/wp-json\/wp\/v2\/pages"}],"about":[{"href":"https:\/\/escolhelab.com.br\/en\/wp-json\/wp\/v2\/types\/page"}],"author":[{"embeddable":true,"href":"https:\/\/escolhelab.com.br\/en\/wp-json\/wp\/v2\/users\/1"}],"replies":[{"embeddable":true,"href":"https:\/\/escolhelab.com.br\/en\/wp-json\/wp\/v2\/comments?post=31206"}],"version-history":[{"count":0,"href":"https:\/\/escolhelab.com.br\/en\/wp-json\/wp\/v2\/pages\/31206\/revisions"}],"wp:attachment":[{"href":"https:\/\/escolhelab.com.br\/en\/wp-json\/wp\/v2\/media?parent=31206"}],"curies":[{"name":"wp","href":"https:\/\/api.w.org\/{rel}","templated":true}]}}