{"id":44207,"date":"2026-04-29T18:37:20","date_gmt":"2026-04-29T21:37:20","guid":{"rendered":"https:\/\/escolhelab.com.br\/?page_id=44207"},"modified":"2026-04-29T18:40:26","modified_gmt":"2026-04-29T21:40:26","slug":"politica-de-condicoes-de-uso","status":"publish","type":"page","link":"https:\/\/escolhelab.com.br\/en\/politica-de-condicoes-de-uso\/","title":{"rendered":"pol\u00edtica de Condi\u00e7\u00f5es de Uso"},"content":{"rendered":"<div data-elementor-type=\"wp-page\" data-elementor-id=\"44207\" class=\"elementor elementor-44207\" data-elementor-post-type=\"page\">\n\t\t\t\t<div class=\"wd-negative-gap elementor-element elementor-element-42074f7 e-flex e-con-boxed e-con e-parent\" data-id=\"42074f7\" data-element_type=\"container\" data-e-type=\"container\" data-settings=\"{&quot;background_background&quot;:&quot;classic&quot;}\">\n\t\t\t\t\t<div class=\"e-con-inner\">\n\t\t\t\t<div class=\"elementor-element elementor-element-24148d6 color-scheme-inherit text-left elementor-widget elementor-widget-text-editor\" data-id=\"24148d6\" data-element_type=\"widget\" data-e-type=\"widget\" data-widget_type=\"text-editor.default\">\n\t\t\t\t\t\t\t\t\t<p><span style=\"font-size: 18pt;\"><strong>Pol\u00edtica de Condi\u00e7\u00f5es de Uso<\/strong><\/span><\/p>\n<p><span style=\"font-size: 12pt; font-family: helvetica, arial, sans-serif;\">Os produtos comercializados pela Loja Escolhelab s\u00e3o destinados a uso t\u00e9cnico, cient\u00edfico e laboratorial, devendo ser utilizados por profissionais qualificados, conforme normas aplic\u00e1veis.<\/span><br \/><span style=\"font-size: 12pt; font-family: helvetica, arial, sans-serif;\">Certificados de calibra\u00e7\u00e3o (RBC ou Rastre\u00e1veis) n\u00e3o est\u00e3o inclusos nos pre\u00e7os dos produtos. Caso necess\u00e1rio, poder\u00e3o ser solicitados mediante or\u00e7amento adicional.<\/span><br \/><span style=\"font-size: 12pt; font-family: helvetica, arial, sans-serif;\">A aplica\u00e7\u00e3 manuseio e utiliza\u00e7\u00e3o dos produtos s\u00e3o de responsabilidade do usu\u00e1rio, que deve seguir as normas t\u00e9cnicas, metodologias anal\u00edticas e boas pr\u00e1ticas laboratoriais vigentes.<\/span><br \/><span style=\"font-size: 12pt; font-family: helvetica, arial, sans-serif;\">A Loja Escolhelab n\u00e3o se responsabiliza por resultados, an\u00e1lise e laudos a partir do uso inadequado dos produtos ou fora da metodologia e especifica\u00e7\u00f5es recomendadas utilizado e emitido pelo cliente.<\/span><br \/><span style=\"font-size: 12pt; font-family: helvetica, arial, sans-serif;\">Os equipamentos s\u00e3o fornecidos com manual de instru\u00e7\u00e3o do fabricante. A instala\u00e7\u00e3o e opera\u00e7\u00e3o inicial s\u00e3o de responsabilidade do cliente, podendo contar com nosso suporte t\u00e9cnico ou do fabricante quando aplic\u00e1vel.<\/span><br \/><span style=\"font-size: 12pt; font-family: helvetica, arial, sans-serif;\">Produtos qu\u00edmicos s\u00e3o acompanhados de laudo de an\u00e1lise do fabricante, conforme lote de fabrica\u00e7\u00e3o.<\/span><br \/><span style=\"font-size: 12pt; font-family: helvetica, arial, sans-serif;\">Informamos produto qu\u00edmicos considerados reagentes <strong>s\u00e3o\u00a0<\/strong><strong>para uso exclusivo em laborat\u00f3rio e fins industriai<\/strong>s. E\u00a0<strong>n\u00e3o aplic\u00e1vel para consumo Humano<\/strong><\/span><br \/><span style=\"font-size: 12pt; font-family: helvetica, arial, sans-serif;\">As especifica\u00e7\u00f5es t\u00e9cnicas dos produtos podem ser atualizadas pelos fabricantes, mantendo sempre os padr\u00f5es de qualidade e conformidade a qualquer momneto.<\/span><br \/><span style=\"font-size: 12pt; font-family: helvetica, arial, sans-serif;\">Imagens e fotos dos produtos s\u00e3o meramente ilustrativas.<\/span><br \/><span style=\"font-size: 12pt; font-family: helvetica, arial, sans-serif;\">A Loja Escolhelab disponibiliza seus produtos em ambiente seguro de compra, utilizando plataformas confi\u00e1veis como o <strong>Mercado Pago<\/strong>\u00a0para processamento de pagamentos.<\/span><br \/><br \/><span style=\"font-size: 12pt; font-family: helvetica, arial, sans-serif;\"><strong>Em caso de d\u00favidas<\/strong><\/span><\/p>\n<p>Enviar um email para atendimento@rscolhelab.com.br<\/p>\t\t\t\t\t\t\t\t<\/div>\n\t\t\t\t\t<\/div>\n\t\t\t\t<\/div>\n\t\t\t\t<\/div>","protected":false},"excerpt":{"rendered":"<p>Pol\u00edtica de Condi\u00e7\u00f5es de Uso Os produtos comercializados pela Loja Escolhelab s\u00e3o destinados a uso t\u00e9cnico, cient\u00edfico e laboratorial, devendo<\/p>","protected":false},"author":1,"featured_media":0,"parent":0,"menu_order":0,"comment_status":"closed","ping_status":"closed","template":"","meta":{"_acf_changed":false,"iawp_total_views":0,"footnotes":""},"class_list":["post-44207","page","type-page","status-publish","hentry"],"acf":[],"yoast_head":"<!-- This site is optimized with the Yoast SEO Premium plugin v26.2 (Yoast SEO v27.5) - https:\/\/yoast.com\/product\/yoast-seo-premium-wordpress\/ -->\n<title>pol\u00edtica de Condi\u00e7\u00f5es de Uso - Loja de produtos para laboratorio<\/title>\n<meta name=\"robots\" content=\"index, follow, max-snippet:-1, max-image-preview:large, max-video-preview:-1\" \/>\n<link rel=\"canonical\" href=\"https:\/\/escolhelab.com.br\/en\/politica-de-condicoes-de-uso\/\" \/>\n<meta property=\"og:locale\" content=\"en_US\" \/>\n<meta property=\"og:type\" content=\"article\" \/>\n<meta property=\"og:title\" content=\"pol\u00edtica de Condi\u00e7\u00f5es de Uso\" \/>\n<meta property=\"og:description\" content=\"Pol\u00edtica de Condi\u00e7\u00f5es de Uso Os produtos comercializados pela Loja Escolhelab s\u00e3o destinados a uso t\u00e9cnico, cient\u00edfico e laboratorial, devendo\" \/>\n<meta property=\"og:url\" content=\"https:\/\/escolhelab.com.br\/en\/politica-de-condicoes-de-uso\/\" \/>\n<meta property=\"og:site_name\" content=\"Loja de produtos para laboratorio\" \/>\n<meta property=\"article:modified_time\" content=\"2026-04-29T21:40:26+00:00\" \/>\n<meta property=\"og:image\" content=\"https:\/\/escolhelab.com.br\/wp-content\/uploads\/2024\/06\/logo-pq-escolhelab-escolhelab-com-br-2.png\" \/>\n\t<meta property=\"og:image:width\" content=\"197\" \/>\n\t<meta property=\"og:image:height\" content=\"26\" \/>\n\t<meta property=\"og:image:type\" content=\"image\/png\" \/>\n<meta name=\"twitter:card\" content=\"summary_large_image\" \/>\n<meta name=\"twitter:label1\" content=\"Est. reading time\" \/>\n\t<meta name=\"twitter:data1\" content=\"2 minutes\" \/>\n<script type=\"application\/ld+json\" class=\"yoast-schema-graph\">{\"@context\":\"https:\\\/\\\/schema.org\",\"@graph\":[{\"@type\":\"WebPage\",\"@id\":\"https:\\\/\\\/escolhelab.com.br\\\/politica-de-condicoes-de-uso\\\/\",\"url\":\"https:\\\/\\\/escolhelab.com.br\\\/politica-de-condicoes-de-uso\\\/\",\"name\":\"pol\u00edtica de Condi\u00e7\u00f5es de Uso - Loja de produtos para laboratorio\",\"isPartOf\":{\"@id\":\"https:\\\/\\\/escolhelab.com.br\\\/#website\"},\"datePublished\":\"2026-04-29T21:37:20+00:00\",\"dateModified\":\"2026-04-29T21:40:26+00:00\",\"breadcrumb\":{\"@id\":\"https:\\\/\\\/escolhelab.com.br\\\/politica-de-condicoes-de-uso\\\/#breadcrumb\"},\"inLanguage\":\"en-US\",\"potentialAction\":[{\"@type\":\"ReadAction\",\"target\":[\"https:\\\/\\\/escolhelab.com.br\\\/politica-de-condicoes-de-uso\\\/\"]}]},{\"@type\":\"BreadcrumbList\",\"@id\":\"https:\\\/\\\/escolhelab.com.br\\\/politica-de-condicoes-de-uso\\\/#breadcrumb\",\"itemListElement\":[{\"@type\":\"ListItem\",\"position\":1,\"name\":\"In\u00edcio\",\"item\":\"https:\\\/\\\/escolhelab.com.br\\\/\"},{\"@type\":\"ListItem\",\"position\":2,\"name\":\"pol\u00edtica de Condi\u00e7\u00f5es de Uso\"}]},{\"@type\":\"WebSite\",\"@id\":\"https:\\\/\\\/escolhelab.com.br\\\/#website\",\"url\":\"https:\\\/\\\/escolhelab.com.br\\\/\",\"name\":\"Loja de produtos para laboratorio\",\"description\":\"Produtos para Laborat\u00f3rio,Artigos e outros na loja do quimico\",\"publisher\":{\"@id\":\"https:\\\/\\\/escolhelab.com.br\\\/#organization\"},\"alternateName\":\"escolhelab\",\"potentialAction\":[{\"@type\":\"SearchAction\",\"target\":{\"@type\":\"EntryPoint\",\"urlTemplate\":\"https:\\\/\\\/escolhelab.com.br\\\/?s={search_term_string}\"},\"query-input\":{\"@type\":\"PropertyValueSpecification\",\"valueRequired\":true,\"valueName\":\"search_term_string\"}}],\"inLanguage\":\"en-US\"},{\"@type\":\"Organization\",\"@id\":\"https:\\\/\\\/escolhelab.com.br\\\/#organization\",\"name\":\"loja escolhelab\",\"alternateName\":\"escolhelab\",\"url\":\"https:\\\/\\\/escolhelab.com.br\\\/\",\"logo\":{\"@type\":\"ImageObject\",\"inLanguage\":\"en-US\",\"@id\":\"https:\\\/\\\/escolhelab.com.br\\\/#\\\/schema\\\/logo\\\/image\\\/\",\"url\":\"https:\\\/\\\/escolhelab.com.br\\\/wp-content\\\/uploads\\\/2024\\\/12\\\/icone-e-512-512escolhelab-com-br-2-800x800.png\",\"contentUrl\":\"https:\\\/\\\/escolhelab.com.br\\\/wp-content\\\/uploads\\\/2024\\\/12\\\/icone-e-512-512escolhelab-com-br-2-800x800.png\",\"width\":800,\"height\":800,\"caption\":\"loja escolhelab\"},\"image\":{\"@id\":\"https:\\\/\\\/escolhelab.com.br\\\/#\\\/schema\\\/logo\\\/image\\\/\"}}]}<\/script>\n<!-- \/ Yoast SEO Premium plugin. -->","yoast_head_json":{"title":"pol\u00edtica de Condi\u00e7\u00f5es de Uso - Loja de produtos para laboratorio","robots":{"index":"index","follow":"follow","max-snippet":"max-snippet:-1","max-image-preview":"max-image-preview:large","max-video-preview":"max-video-preview:-1"},"canonical":"https:\/\/escolhelab.com.br\/en\/politica-de-condicoes-de-uso\/","og_locale":"en_US","og_type":"article","og_title":"pol\u00edtica de Condi\u00e7\u00f5es de Uso","og_description":"Pol\u00edtica de Condi\u00e7\u00f5es de Uso Os produtos comercializados pela Loja Escolhelab s\u00e3o destinados a uso t\u00e9cnico, cient\u00edfico e laboratorial, devendo","og_url":"https:\/\/escolhelab.com.br\/en\/politica-de-condicoes-de-uso\/","og_site_name":"Loja de produtos para laboratorio","article_modified_time":"2026-04-29T21:40:26+00:00","og_image":[{"width":197,"height":26,"url":"https:\/\/escolhelab.com.br\/wp-content\/uploads\/2024\/06\/logo-pq-escolhelab-escolhelab-com-br-2.png","type":"image\/png"}],"twitter_card":"summary_large_image","twitter_misc":{"Est. reading time":"2 minutes"},"schema":{"@context":"https:\/\/schema.org","@graph":[{"@type":"WebPage","@id":"https:\/\/escolhelab.com.br\/politica-de-condicoes-de-uso\/","url":"https:\/\/escolhelab.com.br\/politica-de-condicoes-de-uso\/","name":"pol\u00edtica de Condi\u00e7\u00f5es de Uso - Loja de produtos para laboratorio","isPartOf":{"@id":"https:\/\/escolhelab.com.br\/#website"},"datePublished":"2026-04-29T21:37:20+00:00","dateModified":"2026-04-29T21:40:26+00:00","breadcrumb":{"@id":"https:\/\/escolhelab.com.br\/politica-de-condicoes-de-uso\/#breadcrumb"},"inLanguage":"en-US","potentialAction":[{"@type":"ReadAction","target":["https:\/\/escolhelab.com.br\/politica-de-condicoes-de-uso\/"]}]},{"@type":"BreadcrumbList","@id":"https:\/\/escolhelab.com.br\/politica-de-condicoes-de-uso\/#breadcrumb","itemListElement":[{"@type":"ListItem","position":1,"name":"In\u00edcio","item":"https:\/\/escolhelab.com.br\/"},{"@type":"ListItem","position":2,"name":"pol\u00edtica de Condi\u00e7\u00f5es de Uso"}]},{"@type":"WebSite","@id":"https:\/\/escolhelab.com.br\/#website","url":"https:\/\/escolhelab.com.br\/","name":"Loja de produtos para laboratorio","description":"Produtos para Laborat\u00f3rio,Artigos e outros na loja do quimico","publisher":{"@id":"https:\/\/escolhelab.com.br\/#organization"},"alternateName":"escolhelab","potentialAction":[{"@type":"SearchAction","target":{"@type":"EntryPoint","urlTemplate":"https:\/\/escolhelab.com.br\/?s={search_term_string}"},"query-input":{"@type":"PropertyValueSpecification","valueRequired":true,"valueName":"search_term_string"}}],"inLanguage":"en-US"},{"@type":"Organization","@id":"https:\/\/escolhelab.com.br\/#organization","name":"loja escolhelab","alternateName":"escolhelab","url":"https:\/\/escolhelab.com.br\/","logo":{"@type":"ImageObject","inLanguage":"en-US","@id":"https:\/\/escolhelab.com.br\/#\/schema\/logo\/image\/","url":"https:\/\/escolhelab.com.br\/wp-content\/uploads\/2024\/12\/icone-e-512-512escolhelab-com-br-2-800x800.png","contentUrl":"https:\/\/escolhelab.com.br\/wp-content\/uploads\/2024\/12\/icone-e-512-512escolhelab-com-br-2-800x800.png","width":800,"height":800,"caption":"loja escolhelab"},"image":{"@id":"https:\/\/escolhelab.com.br\/#\/schema\/logo\/image\/"}}]}},"_links":{"self":[{"href":"https:\/\/escolhelab.com.br\/en\/wp-json\/wp\/v2\/pages\/44207","targetHints":{"allow":["GET"]}}],"collection":[{"href":"https:\/\/escolhelab.com.br\/en\/wp-json\/wp\/v2\/pages"}],"about":[{"href":"https:\/\/escolhelab.com.br\/en\/wp-json\/wp\/v2\/types\/page"}],"author":[{"embeddable":true,"href":"https:\/\/escolhelab.com.br\/en\/wp-json\/wp\/v2\/users\/1"}],"replies":[{"embeddable":true,"href":"https:\/\/escolhelab.com.br\/en\/wp-json\/wp\/v2\/comments?post=44207"}],"version-history":[{"count":0,"href":"https:\/\/escolhelab.com.br\/en\/wp-json\/wp\/v2\/pages\/44207\/revisions"}],"wp:attachment":[{"href":"https:\/\/escolhelab.com.br\/en\/wp-json\/wp\/v2\/media?parent=44207"}],"curies":[{"name":"wp","href":"https:\/\/api.w.org\/{rel}","templated":true}]}}