{"id":30794,"date":"2024-06-07T13:50:02","date_gmt":"2024-06-07T16:50:02","guid":{"rendered":"https:\/\/escolhelab.com.br\/?post_type=product&#038;p=30794"},"modified":"2025-10-23T14:38:38","modified_gmt":"2025-10-23T17:38:38","slug":"conector-para-cabo-de-rede-ez-rj45-vazado-cat5e","status":"publish","type":"product","link":"https:\/\/escolhelab.com.br\/en\/conector-para-cabo-de-rede-ez-rj45-vazado-cat5e\/","title":{"rendered":"Conector para Cabo de Rede Ez-rj45 Vazado Cat5e"},"content":{"rendered":"<pre><span style=\"font-family: helvetica, arial, sans-serif;\"><span style=\"font-size: 14pt;\"><strong>Conector para Cabo de Rede Ez-rj45 Vazado\r\n<\/strong><\/span>\r\nOs conectores tipo Feed-Thru (ou passantes) foi projetada para trabalhar em conjunto com ferramenta de crimpagem O FT-45 \u2122 \u00e9 um produto compacta e altamente eficaz para instaladores e t\u00e9cnicos que terminam os conectores RJ-45 regularmente. Ao inv\u00e9s de Outro estilo tradicional de ferramenta oversized, pesada e de crimpagem, carregado com recursos que raramente s\u00e3o usados ou que simplesmente n\u00e3o funcionam bem, levamos essa ferramenta em uma nova dire\u00e7\u00e3o.Um projeto com patente pendente permite que os condutores sejam cortados com a face final do conector quando usados com a ferramenta FT-45 \u2122.<\/span><\/pre>\n<p>&nbsp;<\/p>","protected":false},"excerpt":{"rendered":"<pre><span style=\"font-family: helvetica, arial, sans-serif;\">Alicate de crimpar Multi fun\u00e7\u00e3o , ele serve para corta fio e recomendado para crimpagem de conectores de passagem com a frente vazada tipo \"Easy Crimp\" ou simplesmente EZ Crimp.\r\nEste modelo de alicate de crimpar para conectores de rede possui o diferencial de cirtar o excesso de fio no ato da<\/span><\/pre>","protected":false},"featured_media":30826,"comment_status":"open","ping_status":"closed","template":"","meta":{"_acf_changed":false,"iawp_total_views":5},"product_brand":[],"product_cat":[738,606],"product_tag":[],"class_list":{"0":"post-30794","1":"product","2":"type-product","3":"status-publish","4":"has-post-thumbnail","6":"product_cat-acessorios-e-perifericos","7":"product_cat-quimico","8":"product_shipping_class-produto-eletronicos-e-informatica","10":"first","11":"outofstock","12":"shipping-taxable","13":"purchasable","14":"product-type-simple"},"acf":[],"yoast_head":"<!-- This site is optimized with the Yoast SEO Premium plugin v26.2 (Yoast SEO v27.3) - https:\/\/yoast.com\/product\/yoast-seo-premium-wordpress\/ -->\n<title>Conector para Cabo de Rede Ez-rj45 Vazado Cat5e<\/title>\n<meta name=\"description\" content=\"% Conector para Cabo de Rede Ez-rj45 Vazado Cat5e\" \/>\n<meta name=\"robots\" content=\"index, follow, max-snippet:-1, max-image-preview:large, max-video-preview:-1\" \/>\n<link rel=\"canonical\" href=\"https:\/\/escolhelab.com.br\/en\/conector-para-cabo-de-rede-ez-rj45-vazado-cat5e\/\" \/>\n<meta property=\"og:locale\" content=\"en_US\" \/>\n<meta property=\"og:type\" content=\"article\" \/>\n<meta property=\"og:title\" content=\"Conector para Cabo de Rede Ez-rj45 Vazado Cat5e\" \/>\n<meta property=\"og:description\" content=\"% Conector para Cabo de Rede Ez-rj45 Vazado Cat5e\" \/>\n<meta property=\"og:url\" content=\"https:\/\/escolhelab.com.br\/en\/conector-para-cabo-de-rede-ez-rj45-vazado-cat5e\/\" \/>\n<meta property=\"og:site_name\" content=\"Loja de produtos para laboratorio\" \/>\n<meta property=\"article:modified_time\" content=\"2025-10-23T17:38:38+00:00\" \/>\n<meta property=\"og:image\" content=\"https:\/\/escolhelab.com.br\/wp-content\/uploads\/2024\/06\/conector-rj-45-escolhefacil-com-3.jpg\" \/>\n\t<meta property=\"og:image:width\" content=\"700\" \/>\n\t<meta property=\"og:image:height\" content=\"800\" \/>\n\t<meta property=\"og:image:type\" content=\"image\/jpeg\" \/>\n<meta name=\"twitter:card\" content=\"summary_large_image\" \/>\n<meta name=\"twitter:label1\" content=\"Est. reading time\" \/>\n\t<meta name=\"twitter:data1\" content=\"1 minute\" \/>\n<script type=\"application\/ld+json\" class=\"yoast-schema-graph\">{\"@context\":\"https:\\\/\\\/schema.org\",\"@graph\":[{\"@type\":\"WebPage\",\"@id\":\"https:\\\/\\\/escolhelab.com.br\\\/conector-para-cabo-de-rede-ez-rj45-vazado-cat5e\\\/\",\"url\":\"https:\\\/\\\/escolhelab.com.br\\\/conector-para-cabo-de-rede-ez-rj45-vazado-cat5e\\\/\",\"name\":\"Conector para Cabo de Rede Ez-rj45 Vazado Cat5e\",\"isPartOf\":{\"@id\":\"https:\\\/\\\/escolhelab.com.br\\\/#website\"},\"primaryImageOfPage\":{\"@id\":\"https:\\\/\\\/escolhelab.com.br\\\/conector-para-cabo-de-rede-ez-rj45-vazado-cat5e\\\/#primaryimage\"},\"image\":{\"@id\":\"https:\\\/\\\/escolhelab.com.br\\\/conector-para-cabo-de-rede-ez-rj45-vazado-cat5e\\\/#primaryimage\"},\"thumbnailUrl\":\"https:\\\/\\\/escolhelab.com.br\\\/wp-content\\\/uploads\\\/2024\\\/06\\\/conector-rj-45-escolhefacil-com-3.jpg\",\"datePublished\":\"2024-06-07T16:50:02+00:00\",\"dateModified\":\"2025-10-23T17:38:38+00:00\",\"description\":\"% Conector para Cabo de Rede Ez-rj45 Vazado Cat5e\",\"breadcrumb\":{\"@id\":\"https:\\\/\\\/escolhelab.com.br\\\/conector-para-cabo-de-rede-ez-rj45-vazado-cat5e\\\/#breadcrumb\"},\"inLanguage\":\"en-US\",\"potentialAction\":[{\"@type\":\"ReadAction\",\"target\":[\"https:\\\/\\\/escolhelab.com.br\\\/conector-para-cabo-de-rede-ez-rj45-vazado-cat5e\\\/\"]}]},{\"@type\":\"ImageObject\",\"inLanguage\":\"en-US\",\"@id\":\"https:\\\/\\\/escolhelab.com.br\\\/conector-para-cabo-de-rede-ez-rj45-vazado-cat5e\\\/#primaryimage\",\"url\":\"https:\\\/\\\/escolhelab.com.br\\\/wp-content\\\/uploads\\\/2024\\\/06\\\/conector-rj-45-escolhefacil-com-3.jpg\",\"contentUrl\":\"https:\\\/\\\/escolhelab.com.br\\\/wp-content\\\/uploads\\\/2024\\\/06\\\/conector-rj-45-escolhefacil-com-3.jpg\",\"width\":700,\"height\":800},{\"@type\":\"BreadcrumbList\",\"@id\":\"https:\\\/\\\/escolhelab.com.br\\\/conector-para-cabo-de-rede-ez-rj45-vazado-cat5e\\\/#breadcrumb\",\"itemListElement\":[{\"@type\":\"ListItem\",\"position\":1,\"name\":\"In\u00edcio\",\"item\":\"https:\\\/\\\/escolhelab.com.br\\\/\"},{\"@type\":\"ListItem\",\"position\":2,\"name\":\"loja\",\"item\":\"https:\\\/\\\/escolhelab.com.br\\\/loja\\\/\"},{\"@type\":\"ListItem\",\"position\":3,\"name\":\"Conector para Cabo de Rede Ez-rj45 Vazado Cat5e\"}]},{\"@type\":\"WebSite\",\"@id\":\"https:\\\/\\\/escolhelab.com.br\\\/#website\",\"url\":\"https:\\\/\\\/escolhelab.com.br\\\/\",\"name\":\"Loja de produtos para laboratorio\",\"description\":\"Produtos para Laborat\u00f3rio,Artigos e outros na loja do quimico\",\"publisher\":{\"@id\":\"https:\\\/\\\/escolhelab.com.br\\\/#organization\"},\"alternateName\":\"escolhelab\",\"potentialAction\":[{\"@type\":\"SearchAction\",\"target\":{\"@type\":\"EntryPoint\",\"urlTemplate\":\"https:\\\/\\\/escolhelab.com.br\\\/?s={search_term_string}\"},\"query-input\":{\"@type\":\"PropertyValueSpecification\",\"valueRequired\":true,\"valueName\":\"search_term_string\"}}],\"inLanguage\":\"en-US\"},{\"@type\":\"Organization\",\"@id\":\"https:\\\/\\\/escolhelab.com.br\\\/#organization\",\"name\":\"loja escolhelab\",\"alternateName\":\"escolhelab\",\"url\":\"https:\\\/\\\/escolhelab.com.br\\\/\",\"logo\":{\"@type\":\"ImageObject\",\"inLanguage\":\"en-US\",\"@id\":\"https:\\\/\\\/escolhelab.com.br\\\/#\\\/schema\\\/logo\\\/image\\\/\",\"url\":\"https:\\\/\\\/escolhelab.com.br\\\/wp-content\\\/uploads\\\/2024\\\/12\\\/icone-e-512-512escolhelab-com-br-2-800x800.png\",\"contentUrl\":\"https:\\\/\\\/escolhelab.com.br\\\/wp-content\\\/uploads\\\/2024\\\/12\\\/icone-e-512-512escolhelab-com-br-2-800x800.png\",\"width\":800,\"height\":800,\"caption\":\"loja escolhelab\"},\"image\":{\"@id\":\"https:\\\/\\\/escolhelab.com.br\\\/#\\\/schema\\\/logo\\\/image\\\/\"}}]}<\/script>\n<!-- \/ Yoast SEO Premium plugin. -->","yoast_head_json":{"title":"Conector para Cabo de Rede Ez-rj45 Vazado Cat5e","description":"% Conector para Cabo de Rede Ez-rj45 Vazado Cat5e","robots":{"index":"index","follow":"follow","max-snippet":"max-snippet:-1","max-image-preview":"max-image-preview:large","max-video-preview":"max-video-preview:-1"},"canonical":"https:\/\/escolhelab.com.br\/en\/conector-para-cabo-de-rede-ez-rj45-vazado-cat5e\/","og_locale":"en_US","og_type":"article","og_title":"Conector para Cabo de Rede Ez-rj45 Vazado Cat5e","og_description":"% Conector para Cabo de Rede Ez-rj45 Vazado Cat5e","og_url":"https:\/\/escolhelab.com.br\/en\/conector-para-cabo-de-rede-ez-rj45-vazado-cat5e\/","og_site_name":"Loja de produtos para laboratorio","article_modified_time":"2025-10-23T17:38:38+00:00","og_image":[{"width":700,"height":800,"url":"https:\/\/escolhelab.com.br\/wp-content\/uploads\/2024\/06\/conector-rj-45-escolhefacil-com-3.jpg","type":"image\/jpeg"}],"twitter_card":"summary_large_image","twitter_misc":{"Est. reading time":"1 minute"},"schema":{"@context":"https:\/\/schema.org","@graph":[{"@type":"WebPage","@id":"https:\/\/escolhelab.com.br\/conector-para-cabo-de-rede-ez-rj45-vazado-cat5e\/","url":"https:\/\/escolhelab.com.br\/conector-para-cabo-de-rede-ez-rj45-vazado-cat5e\/","name":"Conector para Cabo de Rede Ez-rj45 Vazado Cat5e","isPartOf":{"@id":"https:\/\/escolhelab.com.br\/#website"},"primaryImageOfPage":{"@id":"https:\/\/escolhelab.com.br\/conector-para-cabo-de-rede-ez-rj45-vazado-cat5e\/#primaryimage"},"image":{"@id":"https:\/\/escolhelab.com.br\/conector-para-cabo-de-rede-ez-rj45-vazado-cat5e\/#primaryimage"},"thumbnailUrl":"https:\/\/escolhelab.com.br\/wp-content\/uploads\/2024\/06\/conector-rj-45-escolhefacil-com-3.jpg","datePublished":"2024-06-07T16:50:02+00:00","dateModified":"2025-10-23T17:38:38+00:00","description":"% Conector para Cabo de Rede Ez-rj45 Vazado Cat5e","breadcrumb":{"@id":"https:\/\/escolhelab.com.br\/conector-para-cabo-de-rede-ez-rj45-vazado-cat5e\/#breadcrumb"},"inLanguage":"en-US","potentialAction":[{"@type":"ReadAction","target":["https:\/\/escolhelab.com.br\/conector-para-cabo-de-rede-ez-rj45-vazado-cat5e\/"]}]},{"@type":"ImageObject","inLanguage":"en-US","@id":"https:\/\/escolhelab.com.br\/conector-para-cabo-de-rede-ez-rj45-vazado-cat5e\/#primaryimage","url":"https:\/\/escolhelab.com.br\/wp-content\/uploads\/2024\/06\/conector-rj-45-escolhefacil-com-3.jpg","contentUrl":"https:\/\/escolhelab.com.br\/wp-content\/uploads\/2024\/06\/conector-rj-45-escolhefacil-com-3.jpg","width":700,"height":800},{"@type":"BreadcrumbList","@id":"https:\/\/escolhelab.com.br\/conector-para-cabo-de-rede-ez-rj45-vazado-cat5e\/#breadcrumb","itemListElement":[{"@type":"ListItem","position":1,"name":"In\u00edcio","item":"https:\/\/escolhelab.com.br\/"},{"@type":"ListItem","position":2,"name":"loja","item":"https:\/\/escolhelab.com.br\/loja\/"},{"@type":"ListItem","position":3,"name":"Conector para Cabo de Rede Ez-rj45 Vazado Cat5e"}]},{"@type":"WebSite","@id":"https:\/\/escolhelab.com.br\/#website","url":"https:\/\/escolhelab.com.br\/","name":"Loja de produtos para laboratorio","description":"Produtos para Laborat\u00f3rio,Artigos e outros na loja do quimico","publisher":{"@id":"https:\/\/escolhelab.com.br\/#organization"},"alternateName":"escolhelab","potentialAction":[{"@type":"SearchAction","target":{"@type":"EntryPoint","urlTemplate":"https:\/\/escolhelab.com.br\/?s={search_term_string}"},"query-input":{"@type":"PropertyValueSpecification","valueRequired":true,"valueName":"search_term_string"}}],"inLanguage":"en-US"},{"@type":"Organization","@id":"https:\/\/escolhelab.com.br\/#organization","name":"loja escolhelab","alternateName":"escolhelab","url":"https:\/\/escolhelab.com.br\/","logo":{"@type":"ImageObject","inLanguage":"en-US","@id":"https:\/\/escolhelab.com.br\/#\/schema\/logo\/image\/","url":"https:\/\/escolhelab.com.br\/wp-content\/uploads\/2024\/12\/icone-e-512-512escolhelab-com-br-2-800x800.png","contentUrl":"https:\/\/escolhelab.com.br\/wp-content\/uploads\/2024\/12\/icone-e-512-512escolhelab-com-br-2-800x800.png","width":800,"height":800,"caption":"loja escolhelab"},"image":{"@id":"https:\/\/escolhelab.com.br\/#\/schema\/logo\/image\/"}}]}},"tiered_pricing_type":"percentage","tiered_pricing_fixed_rules":[],"tiered_pricing_product_settings":{"layout":"default","base_unit_name":{"singular":null,"plural":null},"default_variation":null},"tiered_pricing_minimum_quantity":null,"tiered_pricing_roles_data":[],"tiered_pricing_percentage_rules":{"2":"2","3":"4"},"tiered_pricing_maximum_quantity":null,"tiered_pricing_quantity_step":null,"_links":{"self":[{"href":"https:\/\/escolhelab.com.br\/en\/wp-json\/wp\/v2\/product\/30794","targetHints":{"allow":["GET"]}}],"collection":[{"href":"https:\/\/escolhelab.com.br\/en\/wp-json\/wp\/v2\/product"}],"about":[{"href":"https:\/\/escolhelab.com.br\/en\/wp-json\/wp\/v2\/types\/product"}],"replies":[{"embeddable":true,"href":"https:\/\/escolhelab.com.br\/en\/wp-json\/wp\/v2\/comments?post=30794"}],"version-history":[{"count":0,"href":"https:\/\/escolhelab.com.br\/en\/wp-json\/wp\/v2\/product\/30794\/revisions"}],"wp:featuredmedia":[{"embeddable":true,"href":"https:\/\/escolhelab.com.br\/en\/wp-json\/wp\/v2\/media\/30826"}],"wp:attachment":[{"href":"https:\/\/escolhelab.com.br\/en\/wp-json\/wp\/v2\/media?parent=30794"}],"wp:term":[{"taxonomy":"product_brand","embeddable":true,"href":"https:\/\/escolhelab.com.br\/en\/wp-json\/wp\/v2\/product_brand?post=30794"},{"taxonomy":"product_cat","embeddable":true,"href":"https:\/\/escolhelab.com.br\/en\/wp-json\/wp\/v2\/product_cat?post=30794"},{"taxonomy":"product_tag","embeddable":true,"href":"https:\/\/escolhelab.com.br\/en\/wp-json\/wp\/v2\/product_tag?post=30794"}],"curies":[{"name":"wp","href":"https:\/\/api.w.org\/{rel}","templated":true}]}}