{"id":30796,"date":"2024-06-07T13:50:02","date_gmt":"2024-06-07T16:50:02","guid":{"rendered":"https:\/\/escolhelab.com.br\/?post_type=product&#038;p=30796"},"modified":"2025-09-06T17:41:37","modified_gmt":"2025-09-06T20:41:37","slug":"balde-pp-de-polipropileno-graduado","status":"publish","type":"product","link":"https:\/\/escolhelab.com.br\/en\/balde-pp-de-polipropileno-graduado\/","title":{"rendered":"Balde PP  de polipropileno graduado"},"content":{"rendered":"<p><span style=\"font-size: 14pt; font-family: helvetica, arial, sans-serif;\"><strong>Balde PP de polipropileno graduado<\/strong><\/span><\/p>\n<p><span style=\"font-family: helvetica, arial, sans-serif;\">O\u00a0<strong>Balde Graduado em Polietileno com Al\u00e7a e Bico<\/strong>\u00a0\u00e9 uma ferramenta pr\u00e1tica e confi\u00e1vel para o manuseio, transporte e medi\u00e7\u00e3o de l\u00edquidos em diversas aplica\u00e7\u00f5es. Fabricado em polietileno de alta resist\u00eancia, oferece durabilidade e seguran\u00e7a mesmo em ambientes exigentes como laborat\u00f3rios, ind\u00fastrias qu\u00edmicas, farmac\u00eauticas e aliment\u00edcias, al\u00e9m de setores de limpeza e manuten\u00e7\u00e3o. A gradua\u00e7\u00e3o lateral permite medir volumes de forma precisa, tornando-o ideal para processos que demandam controle rigoroso de quantidade. O bico facilita o derramamento controlado, reduzindo desperd\u00edcios e evitando acidentes. Equipado com uma al\u00e7a ergon\u00f4mica embutida, garante praticidade no transporte, especialmente em tarefas que envolvem grandes volumes de l\u00edquidos. Seu design robusto e funcional atende \u00e0s demandas de rotina com efici\u00eancia e confiabilidade.<\/span><\/p>\n<table border=\"1\" width=\"714\" cellspacing=\"0\" cellpadding=\"0\">\n<tbody>\n<tr>\n<td><span style=\"font-family: helvetica, arial, sans-serif;\"><strong>Capacidade<\/strong><\/span><\/td>\n<td><span style=\"font-family: helvetica, arial, sans-serif;\"><strong>Peso<\/strong><\/span><\/td>\n<td><span style=\"font-family: helvetica, arial, sans-serif;\"><strong>Di\u00e2metro boca<\/strong><\/span><\/td>\n<td><span style=\"font-family: helvetica, arial, sans-serif;\"><strong>Altura<\/strong><\/span><\/td>\n<td><span style=\"font-family: helvetica, arial, sans-serif;\"><strong>Di\u00e2metro fundo<\/strong><\/span><\/td>\n<td><span style=\"font-family: helvetica, arial, sans-serif;\"><strong>Subdivis\u00e3o<\/strong><\/span><\/td>\n<\/tr>\n<tr>\n<td><span style=\"font-family: helvetica, arial, sans-serif;\">11 Litros<\/span><\/td>\n<td><span style=\"font-family: helvetica, arial, sans-serif;\">600g<\/span><\/td>\n<td><span style=\"font-family: helvetica, arial, sans-serif;\">260 mil\u00edmetros<\/span><\/td>\n<td><span style=\"font-family: helvetica, arial, sans-serif;\">270 mil\u00edmetros<\/span><\/td>\n<td><span style=\"font-family: helvetica, arial, sans-serif;\">230 mil\u00edmetros<\/span><\/td>\n<td><span style=\"font-family: helvetica, arial, sans-serif;\">500\/500ml<\/span><\/td>\n<\/tr>\n<tr>\n<td><span style=\"font-family: helvetica, arial, sans-serif;\">20 Litros<\/span><\/td>\n<td><span style=\"font-family: helvetica, arial, sans-serif;\">1000g<\/span><\/td>\n<td><span style=\"font-family: helvetica, arial, sans-serif;\">300 mil\u00edmetros<\/span><\/td>\n<td><span style=\"font-family: helvetica, arial, sans-serif;\">350 mil\u00edmetros<\/span><\/td>\n<td><span style=\"font-family: helvetica, arial, sans-serif;\">270 mil\u00edmetros<\/span><\/td>\n<td><span style=\"font-family: helvetica, arial, sans-serif;\">1,1 m<\/span><\/td>\n<\/tr>\n<\/tbody>\n<\/table>","protected":false},"excerpt":{"rendered":"<p><span style=\"font-family: helvetica, arial, sans-serif\">O\u00a0Balde Graduado em Polietileno com Al\u00e7a e Bico\u00a0\u00e9 uma ferramenta pr\u00e1tica e confi\u00e1vel para o manuseio, transporte e medi\u00e7\u00e3o de l\u00edquidos em diversas aplica\u00e7\u00f5es. Fabricado em polietileno de alta resist\u00eancia, oferece durabilidade e seguran\u00e7a mesmo em ambientes exigentes como<\/span><\/p>","protected":false},"featured_media":30833,"comment_status":"open","ping_status":"closed","template":"","meta":{"_acf_changed":false,"iawp_total_views":111},"product_brand":[],"product_cat":[730,606],"product_tag":[],"class_list":{"0":"post-30796","1":"product","2":"type-product","3":"status-publish","4":"has-post-thumbnail","6":"product_cat-plastico-e-borrachas","7":"product_cat-quimico","8":"product_shipping_class-produtos-laboratorio-quimico","10":"first","11":"instock","12":"featured","13":"shipping-taxable","14":"purchasable","15":"product-type-variable"},"acf":[],"yoast_head":"<!-- This site is optimized with the Yoast SEO Premium plugin v26.2 (Yoast SEO v27.3) - https:\/\/yoast.com\/product\/yoast-seo-premium-wordpress\/ -->\n<title>Balde PP de polipropileno graduado<\/title>\n<meta name=\"description\" content=\"O\u00a0Balde Graduado em Polietileno com Al\u00e7a e Bico\u00a0\u00e9 uma ferramenta pr\u00e1tica e confi\u00e1vel para o manuseio, transporte e medi\u00e7\u00e3o de l\u00edquidos e.\" \/>\n<meta name=\"robots\" content=\"index, follow, max-snippet:-1, max-image-preview:large, max-video-preview:-1\" \/>\n<link rel=\"canonical\" href=\"https:\/\/escolhelab.com.br\/en\/balde-pp-de-polipropileno-graduado\/\" \/>\n<meta property=\"og:locale\" content=\"en_US\" \/>\n<meta property=\"og:type\" content=\"article\" \/>\n<meta property=\"og:title\" content=\"Balde PP de polipropileno graduado\" \/>\n<meta property=\"og:description\" content=\"O\u00a0Balde Graduado em Polietileno com Al\u00e7a e Bico\u00a0\u00e9 uma ferramenta pr\u00e1tica e confi\u00e1vel para o manuseio, transporte e medi\u00e7\u00e3o de l\u00edquidos e.\" \/>\n<meta property=\"og:url\" content=\"https:\/\/escolhelab.com.br\/en\/balde-pp-de-polipropileno-graduado\/\" \/>\n<meta property=\"og:site_name\" content=\"Loja de produtos para laboratorio\" \/>\n<meta property=\"article:modified_time\" content=\"2025-09-06T20:41:37+00:00\" \/>\n<meta property=\"og:image\" content=\"https:\/\/escolhelab.com.br\/wp-content\/uploads\/2024\/06\/balde-polipropileno-20-litros-escolhefacil-com-1-3.png\" \/>\n\t<meta property=\"og:image:width\" content=\"700\" \/>\n\t<meta property=\"og:image:height\" content=\"800\" \/>\n\t<meta property=\"og:image:type\" content=\"image\/png\" \/>\n<meta name=\"twitter:card\" content=\"summary_large_image\" \/>\n<meta name=\"twitter:label1\" content=\"Est. reading time\" \/>\n\t<meta name=\"twitter:data1\" content=\"2 minutes\" \/>\n<script type=\"application\/ld+json\" class=\"yoast-schema-graph\">{\"@context\":\"https:\\\/\\\/schema.org\",\"@graph\":[{\"@type\":\"WebPage\",\"@id\":\"https:\\\/\\\/escolhelab.com.br\\\/balde-pp-de-polipropileno-graduado\\\/\",\"url\":\"https:\\\/\\\/escolhelab.com.br\\\/balde-pp-de-polipropileno-graduado\\\/\",\"name\":\"Balde PP de polipropileno graduado\",\"isPartOf\":{\"@id\":\"https:\\\/\\\/escolhelab.com.br\\\/#website\"},\"primaryImageOfPage\":{\"@id\":\"https:\\\/\\\/escolhelab.com.br\\\/balde-pp-de-polipropileno-graduado\\\/#primaryimage\"},\"image\":{\"@id\":\"https:\\\/\\\/escolhelab.com.br\\\/balde-pp-de-polipropileno-graduado\\\/#primaryimage\"},\"thumbnailUrl\":\"https:\\\/\\\/escolhelab.com.br\\\/wp-content\\\/uploads\\\/2024\\\/06\\\/balde-polipropileno-20-litros-escolhefacil-com-1-3.png\",\"datePublished\":\"2024-06-07T16:50:02+00:00\",\"dateModified\":\"2025-09-06T20:41:37+00:00\",\"description\":\"O\u00a0Balde Graduado em Polietileno com Al\u00e7a e Bico\u00a0\u00e9 uma ferramenta pr\u00e1tica e confi\u00e1vel para o manuseio, transporte e medi\u00e7\u00e3o de l\u00edquidos e.\",\"breadcrumb\":{\"@id\":\"https:\\\/\\\/escolhelab.com.br\\\/balde-pp-de-polipropileno-graduado\\\/#breadcrumb\"},\"inLanguage\":\"en-US\",\"potentialAction\":[{\"@type\":\"ReadAction\",\"target\":[\"https:\\\/\\\/escolhelab.com.br\\\/balde-pp-de-polipropileno-graduado\\\/\"]}]},{\"@type\":\"ImageObject\",\"inLanguage\":\"en-US\",\"@id\":\"https:\\\/\\\/escolhelab.com.br\\\/balde-pp-de-polipropileno-graduado\\\/#primaryimage\",\"url\":\"https:\\\/\\\/escolhelab.com.br\\\/wp-content\\\/uploads\\\/2024\\\/06\\\/balde-polipropileno-20-litros-escolhefacil-com-1-3.png\",\"contentUrl\":\"https:\\\/\\\/escolhelab.com.br\\\/wp-content\\\/uploads\\\/2024\\\/06\\\/balde-polipropileno-20-litros-escolhefacil-com-1-3.png\",\"width\":700,\"height\":800},{\"@type\":\"BreadcrumbList\",\"@id\":\"https:\\\/\\\/escolhelab.com.br\\\/balde-pp-de-polipropileno-graduado\\\/#breadcrumb\",\"itemListElement\":[{\"@type\":\"ListItem\",\"position\":1,\"name\":\"In\u00edcio\",\"item\":\"https:\\\/\\\/escolhelab.com.br\\\/\"},{\"@type\":\"ListItem\",\"position\":2,\"name\":\"loja\",\"item\":\"https:\\\/\\\/escolhelab.com.br\\\/loja\\\/\"},{\"@type\":\"ListItem\",\"position\":3,\"name\":\"Balde PP de polipropileno graduado\"}]},{\"@type\":\"WebSite\",\"@id\":\"https:\\\/\\\/escolhelab.com.br\\\/#website\",\"url\":\"https:\\\/\\\/escolhelab.com.br\\\/\",\"name\":\"Loja de produtos para laboratorio\",\"description\":\"Produtos para Laborat\u00f3rio,Artigos e outros na loja do quimico\",\"publisher\":{\"@id\":\"https:\\\/\\\/escolhelab.com.br\\\/#organization\"},\"alternateName\":\"escolhelab\",\"potentialAction\":[{\"@type\":\"SearchAction\",\"target\":{\"@type\":\"EntryPoint\",\"urlTemplate\":\"https:\\\/\\\/escolhelab.com.br\\\/?s={search_term_string}\"},\"query-input\":{\"@type\":\"PropertyValueSpecification\",\"valueRequired\":true,\"valueName\":\"search_term_string\"}}],\"inLanguage\":\"en-US\"},{\"@type\":\"Organization\",\"@id\":\"https:\\\/\\\/escolhelab.com.br\\\/#organization\",\"name\":\"loja escolhelab\",\"alternateName\":\"escolhelab\",\"url\":\"https:\\\/\\\/escolhelab.com.br\\\/\",\"logo\":{\"@type\":\"ImageObject\",\"inLanguage\":\"en-US\",\"@id\":\"https:\\\/\\\/escolhelab.com.br\\\/#\\\/schema\\\/logo\\\/image\\\/\",\"url\":\"https:\\\/\\\/escolhelab.com.br\\\/wp-content\\\/uploads\\\/2024\\\/12\\\/icone-e-512-512escolhelab-com-br-2-800x800.png\",\"contentUrl\":\"https:\\\/\\\/escolhelab.com.br\\\/wp-content\\\/uploads\\\/2024\\\/12\\\/icone-e-512-512escolhelab-com-br-2-800x800.png\",\"width\":800,\"height\":800,\"caption\":\"loja escolhelab\"},\"image\":{\"@id\":\"https:\\\/\\\/escolhelab.com.br\\\/#\\\/schema\\\/logo\\\/image\\\/\"}}]}<\/script>\n<!-- \/ Yoast SEO Premium plugin. -->","yoast_head_json":{"title":"Balde PP de polipropileno graduado","description":"O\u00a0Balde Graduado em Polietileno com Al\u00e7a e Bico\u00a0\u00e9 uma ferramenta pr\u00e1tica e confi\u00e1vel para o manuseio, transporte e medi\u00e7\u00e3o de l\u00edquidos e.","robots":{"index":"index","follow":"follow","max-snippet":"max-snippet:-1","max-image-preview":"max-image-preview:large","max-video-preview":"max-video-preview:-1"},"canonical":"https:\/\/escolhelab.com.br\/en\/balde-pp-de-polipropileno-graduado\/","og_locale":"en_US","og_type":"article","og_title":"Balde PP de polipropileno graduado","og_description":"O\u00a0Balde Graduado em Polietileno com Al\u00e7a e Bico\u00a0\u00e9 uma ferramenta pr\u00e1tica e confi\u00e1vel para o manuseio, transporte e medi\u00e7\u00e3o de l\u00edquidos e.","og_url":"https:\/\/escolhelab.com.br\/en\/balde-pp-de-polipropileno-graduado\/","og_site_name":"Loja de produtos para laboratorio","article_modified_time":"2025-09-06T20:41:37+00:00","og_image":[{"width":700,"height":800,"url":"https:\/\/escolhelab.com.br\/wp-content\/uploads\/2024\/06\/balde-polipropileno-20-litros-escolhefacil-com-1-3.png","type":"image\/png"}],"twitter_card":"summary_large_image","twitter_misc":{"Est. reading time":"2 minutes"},"schema":{"@context":"https:\/\/schema.org","@graph":[{"@type":"WebPage","@id":"https:\/\/escolhelab.com.br\/balde-pp-de-polipropileno-graduado\/","url":"https:\/\/escolhelab.com.br\/balde-pp-de-polipropileno-graduado\/","name":"Balde PP de polipropileno graduado","isPartOf":{"@id":"https:\/\/escolhelab.com.br\/#website"},"primaryImageOfPage":{"@id":"https:\/\/escolhelab.com.br\/balde-pp-de-polipropileno-graduado\/#primaryimage"},"image":{"@id":"https:\/\/escolhelab.com.br\/balde-pp-de-polipropileno-graduado\/#primaryimage"},"thumbnailUrl":"https:\/\/escolhelab.com.br\/wp-content\/uploads\/2024\/06\/balde-polipropileno-20-litros-escolhefacil-com-1-3.png","datePublished":"2024-06-07T16:50:02+00:00","dateModified":"2025-09-06T20:41:37+00:00","description":"O\u00a0Balde Graduado em Polietileno com Al\u00e7a e Bico\u00a0\u00e9 uma ferramenta pr\u00e1tica e confi\u00e1vel para o manuseio, transporte e medi\u00e7\u00e3o de l\u00edquidos e.","breadcrumb":{"@id":"https:\/\/escolhelab.com.br\/balde-pp-de-polipropileno-graduado\/#breadcrumb"},"inLanguage":"en-US","potentialAction":[{"@type":"ReadAction","target":["https:\/\/escolhelab.com.br\/balde-pp-de-polipropileno-graduado\/"]}]},{"@type":"ImageObject","inLanguage":"en-US","@id":"https:\/\/escolhelab.com.br\/balde-pp-de-polipropileno-graduado\/#primaryimage","url":"https:\/\/escolhelab.com.br\/wp-content\/uploads\/2024\/06\/balde-polipropileno-20-litros-escolhefacil-com-1-3.png","contentUrl":"https:\/\/escolhelab.com.br\/wp-content\/uploads\/2024\/06\/balde-polipropileno-20-litros-escolhefacil-com-1-3.png","width":700,"height":800},{"@type":"BreadcrumbList","@id":"https:\/\/escolhelab.com.br\/balde-pp-de-polipropileno-graduado\/#breadcrumb","itemListElement":[{"@type":"ListItem","position":1,"name":"In\u00edcio","item":"https:\/\/escolhelab.com.br\/"},{"@type":"ListItem","position":2,"name":"loja","item":"https:\/\/escolhelab.com.br\/loja\/"},{"@type":"ListItem","position":3,"name":"Balde PP de polipropileno graduado"}]},{"@type":"WebSite","@id":"https:\/\/escolhelab.com.br\/#website","url":"https:\/\/escolhelab.com.br\/","name":"Loja de produtos para laboratorio","description":"Produtos para Laborat\u00f3rio,Artigos e outros na loja do quimico","publisher":{"@id":"https:\/\/escolhelab.com.br\/#organization"},"alternateName":"escolhelab","potentialAction":[{"@type":"SearchAction","target":{"@type":"EntryPoint","urlTemplate":"https:\/\/escolhelab.com.br\/?s={search_term_string}"},"query-input":{"@type":"PropertyValueSpecification","valueRequired":true,"valueName":"search_term_string"}}],"inLanguage":"en-US"},{"@type":"Organization","@id":"https:\/\/escolhelab.com.br\/#organization","name":"loja escolhelab","alternateName":"escolhelab","url":"https:\/\/escolhelab.com.br\/","logo":{"@type":"ImageObject","inLanguage":"en-US","@id":"https:\/\/escolhelab.com.br\/#\/schema\/logo\/image\/","url":"https:\/\/escolhelab.com.br\/wp-content\/uploads\/2024\/12\/icone-e-512-512escolhelab-com-br-2-800x800.png","contentUrl":"https:\/\/escolhelab.com.br\/wp-content\/uploads\/2024\/12\/icone-e-512-512escolhelab-com-br-2-800x800.png","width":800,"height":800,"caption":"loja escolhelab"},"image":{"@id":"https:\/\/escolhelab.com.br\/#\/schema\/logo\/image\/"}}]}},"tiered_pricing_type":"fixed","tiered_pricing_fixed_rules":[],"tiered_pricing_product_settings":{"layout":"default","base_unit_name":{"singular":null,"plural":null},"default_variation":null},"tiered_pricing_minimum_quantity":null,"tiered_pricing_roles_data":[],"tiered_pricing_percentage_rules":[],"tiered_pricing_maximum_quantity":null,"tiered_pricing_quantity_step":null,"_links":{"self":[{"href":"https:\/\/escolhelab.com.br\/en\/wp-json\/wp\/v2\/product\/30796","targetHints":{"allow":["GET"]}}],"collection":[{"href":"https:\/\/escolhelab.com.br\/en\/wp-json\/wp\/v2\/product"}],"about":[{"href":"https:\/\/escolhelab.com.br\/en\/wp-json\/wp\/v2\/types\/product"}],"replies":[{"embeddable":true,"href":"https:\/\/escolhelab.com.br\/en\/wp-json\/wp\/v2\/comments?post=30796"}],"version-history":[{"count":0,"href":"https:\/\/escolhelab.com.br\/en\/wp-json\/wp\/v2\/product\/30796\/revisions"}],"wp:featuredmedia":[{"embeddable":true,"href":"https:\/\/escolhelab.com.br\/en\/wp-json\/wp\/v2\/media\/30833"}],"wp:attachment":[{"href":"https:\/\/escolhelab.com.br\/en\/wp-json\/wp\/v2\/media?parent=30796"}],"wp:term":[{"taxonomy":"product_brand","embeddable":true,"href":"https:\/\/escolhelab.com.br\/en\/wp-json\/wp\/v2\/product_brand?post=30796"},{"taxonomy":"product_cat","embeddable":true,"href":"https:\/\/escolhelab.com.br\/en\/wp-json\/wp\/v2\/product_cat?post=30796"},{"taxonomy":"product_tag","embeddable":true,"href":"https:\/\/escolhelab.com.br\/en\/wp-json\/wp\/v2\/product_tag?post=30796"}],"curies":[{"name":"wp","href":"https:\/\/api.w.org\/{rel}","templated":true}]}}