{"id":30798,"date":"2024-06-07T13:50:02","date_gmt":"2024-06-07T16:50:02","guid":{"rendered":"https:\/\/escolhelab.com.br\/?post_type=product&#038;p=30798"},"modified":"2025-11-07T15:25:28","modified_gmt":"2025-11-07T18:25:28","slug":"case-para-hd-sata-2-5-hhd-ssd-usb-2-0-original-em-abs","status":"publish","type":"product","link":"https:\/\/escolhelab.com.br\/en\/case-para-hd-sata-2-5-hhd-ssd-usb-2-0-original-em-abs\/","title":{"rendered":"Case para HD SATA 2.5&#8243; HHD\/SSD USB 2.0 Original em ABS"},"content":{"rendered":"<p><a href=\"https:\/\/escolhelab.com.br\/en\/produto\/case-para-hd-sata-2-5-hhd-ssd-usb-2-0\/\"><span style=\"font-size: 14pt;\"><strong><span style=\"font-family: helvetica, arial, sans-serif;\">Case para HD SATA 2.5<\/span><\/strong><\/span><\/a><\/p>\n<p>O case para HD Sata 2.5 \u00e9 o produto indicado para aqueles que querem a praticidade de um HD externo, o case \u00e9 compacto e leve para HDs padr\u00e3o Sata II. Ele comporta tranquilamente um HD de notebook e vem com sistema Plug &amp; Play (\u00e9 s\u00f3 plugar e come\u00e7ar a usar). Possui 480 Mbps de velocidade de transmiss\u00e3o. O seu corpo em ABS garante prote\u00e7\u00e3o e alta dissipa\u00e7\u00e3o de calor. A praticidade de abertura dispenso de uso do parafuso, abrir e feche com facilidade e economize de tempo. Moderno s\u00e3o sin\u00f4nimos de seguran\u00e7a e comodidade para transportar dados<\/p>","protected":false},"excerpt":{"rendered":"<p>O case para HD Sata 2.5 \u00e9 o produto indicado para aqueles que querem a praticidade de um HD externo, o case \u00e9 compacto e leve para HDs padr\u00e3o Sata II. Ele comporta tranquilamente um HD de notebook e vem com sistema Plug &amp; Play (\u00e9 s\u00f3 plugar e come\u00e7ar a usar). Possui 480 Mbps de velocidade de transmiss\u00e3o.<\/p>","protected":false},"featured_media":30838,"comment_status":"open","ping_status":"closed","template":"","meta":{"_acf_changed":false,"iawp_total_views":10},"product_brand":[],"product_cat":[738,722],"product_tag":[],"class_list":{"0":"post-30798","1":"product","2":"type-product","3":"status-publish","4":"has-post-thumbnail","6":"product_cat-acessorios-e-perifericos","7":"product_cat-produtos-para-laboratorio-informatica","8":"product_shipping_class-produto-eletronicos-e-informatica","10":"first","11":"outofstock","12":"sale","13":"featured","14":"shipping-taxable","15":"purchasable","16":"product-type-simple"},"acf":[],"yoast_head":"<!-- This site is optimized with the Yoast SEO Premium plugin v26.2 (Yoast SEO v27.3) - https:\/\/yoast.com\/product\/yoast-seo-premium-wordpress\/ -->\n<title>Case para HD SATA 2.5&quot; HHD\/SSD USB 2.0 Original em ABS<\/title>\n<meta name=\"description\" content=\"% Case para HD SATA 2.5&quot; HHD\/SSD USB 2.0 Original em ABS\" \/>\n<meta name=\"robots\" content=\"index, follow, max-snippet:-1, max-image-preview:large, max-video-preview:-1\" \/>\n<link rel=\"canonical\" href=\"https:\/\/escolhelab.com.br\/en\/case-para-hd-sata-2-5-hhd-ssd-usb-2-0-original-em-abs\/\" \/>\n<meta property=\"og:locale\" content=\"en_US\" \/>\n<meta property=\"og:type\" content=\"article\" \/>\n<meta property=\"og:title\" content=\"Case para HD SATA 2.5&quot; HHD\/SSD USB 2.0 Original em ABS\" \/>\n<meta property=\"og:description\" content=\"% Case para HD SATA 2.5&quot; HHD\/SSD USB 2.0 Original em ABS\" \/>\n<meta property=\"og:url\" content=\"https:\/\/escolhelab.com.br\/en\/case-para-hd-sata-2-5-hhd-ssd-usb-2-0-original-em-abs\/\" \/>\n<meta property=\"og:site_name\" content=\"Loja de produtos para laboratorio\" \/>\n<meta property=\"article:modified_time\" content=\"2025-11-07T18:25:28+00:00\" \/>\n<meta property=\"og:image\" content=\"https:\/\/escolhelab.com.br\/wp-content\/uploads\/2024\/06\/case-hd-25-escolhefacil-com-3.png\" \/>\n\t<meta property=\"og:image:width\" content=\"700\" \/>\n\t<meta property=\"og:image:height\" content=\"800\" \/>\n\t<meta property=\"og:image:type\" content=\"image\/png\" \/>\n<meta name=\"twitter:card\" content=\"summary_large_image\" \/>\n<meta name=\"twitter:label1\" content=\"Est. reading time\" \/>\n\t<meta name=\"twitter:data1\" content=\"1 minute\" \/>\n<script type=\"application\/ld+json\" class=\"yoast-schema-graph\">{\"@context\":\"https:\\\/\\\/schema.org\",\"@graph\":[{\"@type\":\"WebPage\",\"@id\":\"https:\\\/\\\/escolhelab.com.br\\\/case-para-hd-sata-2-5-hhd-ssd-usb-2-0-original-em-abs\\\/\",\"url\":\"https:\\\/\\\/escolhelab.com.br\\\/case-para-hd-sata-2-5-hhd-ssd-usb-2-0-original-em-abs\\\/\",\"name\":\"Case para HD SATA 2.5\\\" HHD\\\/SSD USB 2.0 Original em ABS\",\"isPartOf\":{\"@id\":\"https:\\\/\\\/escolhelab.com.br\\\/#website\"},\"primaryImageOfPage\":{\"@id\":\"https:\\\/\\\/escolhelab.com.br\\\/case-para-hd-sata-2-5-hhd-ssd-usb-2-0-original-em-abs\\\/#primaryimage\"},\"image\":{\"@id\":\"https:\\\/\\\/escolhelab.com.br\\\/case-para-hd-sata-2-5-hhd-ssd-usb-2-0-original-em-abs\\\/#primaryimage\"},\"thumbnailUrl\":\"https:\\\/\\\/escolhelab.com.br\\\/wp-content\\\/uploads\\\/2024\\\/06\\\/case-hd-25-escolhefacil-com-3.png\",\"datePublished\":\"2024-06-07T16:50:02+00:00\",\"dateModified\":\"2025-11-07T18:25:28+00:00\",\"description\":\"% Case para HD SATA 2.5\\\" HHD\\\/SSD USB 2.0 Original em ABS\",\"breadcrumb\":{\"@id\":\"https:\\\/\\\/escolhelab.com.br\\\/case-para-hd-sata-2-5-hhd-ssd-usb-2-0-original-em-abs\\\/#breadcrumb\"},\"inLanguage\":\"en-US\",\"potentialAction\":[{\"@type\":\"ReadAction\",\"target\":[\"https:\\\/\\\/escolhelab.com.br\\\/case-para-hd-sata-2-5-hhd-ssd-usb-2-0-original-em-abs\\\/\"]}]},{\"@type\":\"ImageObject\",\"inLanguage\":\"en-US\",\"@id\":\"https:\\\/\\\/escolhelab.com.br\\\/case-para-hd-sata-2-5-hhd-ssd-usb-2-0-original-em-abs\\\/#primaryimage\",\"url\":\"https:\\\/\\\/escolhelab.com.br\\\/wp-content\\\/uploads\\\/2024\\\/06\\\/case-hd-25-escolhefacil-com-3.png\",\"contentUrl\":\"https:\\\/\\\/escolhelab.com.br\\\/wp-content\\\/uploads\\\/2024\\\/06\\\/case-hd-25-escolhefacil-com-3.png\",\"width\":700,\"height\":800},{\"@type\":\"BreadcrumbList\",\"@id\":\"https:\\\/\\\/escolhelab.com.br\\\/case-para-hd-sata-2-5-hhd-ssd-usb-2-0-original-em-abs\\\/#breadcrumb\",\"itemListElement\":[{\"@type\":\"ListItem\",\"position\":1,\"name\":\"In\u00edcio\",\"item\":\"https:\\\/\\\/escolhelab.com.br\\\/\"},{\"@type\":\"ListItem\",\"position\":2,\"name\":\"loja\",\"item\":\"https:\\\/\\\/escolhelab.com.br\\\/loja\\\/\"},{\"@type\":\"ListItem\",\"position\":3,\"name\":\"Case para HD SATA 2.5&#8243; HHD\\\/SSD USB 2.0 Original em ABS\"}]},{\"@type\":\"WebSite\",\"@id\":\"https:\\\/\\\/escolhelab.com.br\\\/#website\",\"url\":\"https:\\\/\\\/escolhelab.com.br\\\/\",\"name\":\"Loja de produtos para laboratorio\",\"description\":\"Produtos para Laborat\u00f3rio,Artigos e outros na loja do quimico\",\"publisher\":{\"@id\":\"https:\\\/\\\/escolhelab.com.br\\\/#organization\"},\"alternateName\":\"escolhelab\",\"potentialAction\":[{\"@type\":\"SearchAction\",\"target\":{\"@type\":\"EntryPoint\",\"urlTemplate\":\"https:\\\/\\\/escolhelab.com.br\\\/?s={search_term_string}\"},\"query-input\":{\"@type\":\"PropertyValueSpecification\",\"valueRequired\":true,\"valueName\":\"search_term_string\"}}],\"inLanguage\":\"en-US\"},{\"@type\":\"Organization\",\"@id\":\"https:\\\/\\\/escolhelab.com.br\\\/#organization\",\"name\":\"loja escolhelab\",\"alternateName\":\"escolhelab\",\"url\":\"https:\\\/\\\/escolhelab.com.br\\\/\",\"logo\":{\"@type\":\"ImageObject\",\"inLanguage\":\"en-US\",\"@id\":\"https:\\\/\\\/escolhelab.com.br\\\/#\\\/schema\\\/logo\\\/image\\\/\",\"url\":\"https:\\\/\\\/escolhelab.com.br\\\/wp-content\\\/uploads\\\/2024\\\/12\\\/icone-e-512-512escolhelab-com-br-2-800x800.png\",\"contentUrl\":\"https:\\\/\\\/escolhelab.com.br\\\/wp-content\\\/uploads\\\/2024\\\/12\\\/icone-e-512-512escolhelab-com-br-2-800x800.png\",\"width\":800,\"height\":800,\"caption\":\"loja escolhelab\"},\"image\":{\"@id\":\"https:\\\/\\\/escolhelab.com.br\\\/#\\\/schema\\\/logo\\\/image\\\/\"}}]}<\/script>\n<!-- \/ Yoast SEO Premium plugin. -->","yoast_head_json":{"title":"Case para HD SATA 2.5\" HHD\/SSD USB 2.0 Original em ABS","description":"% Case para HD SATA 2.5\" HHD\/SSD USB 2.0 Original em ABS","robots":{"index":"index","follow":"follow","max-snippet":"max-snippet:-1","max-image-preview":"max-image-preview:large","max-video-preview":"max-video-preview:-1"},"canonical":"https:\/\/escolhelab.com.br\/en\/case-para-hd-sata-2-5-hhd-ssd-usb-2-0-original-em-abs\/","og_locale":"en_US","og_type":"article","og_title":"Case para HD SATA 2.5\" HHD\/SSD USB 2.0 Original em ABS","og_description":"% Case para HD SATA 2.5\" HHD\/SSD USB 2.0 Original em ABS","og_url":"https:\/\/escolhelab.com.br\/en\/case-para-hd-sata-2-5-hhd-ssd-usb-2-0-original-em-abs\/","og_site_name":"Loja de produtos para laboratorio","article_modified_time":"2025-11-07T18:25:28+00:00","og_image":[{"width":700,"height":800,"url":"https:\/\/escolhelab.com.br\/wp-content\/uploads\/2024\/06\/case-hd-25-escolhefacil-com-3.png","type":"image\/png"}],"twitter_card":"summary_large_image","twitter_misc":{"Est. reading time":"1 minute"},"schema":{"@context":"https:\/\/schema.org","@graph":[{"@type":"WebPage","@id":"https:\/\/escolhelab.com.br\/case-para-hd-sata-2-5-hhd-ssd-usb-2-0-original-em-abs\/","url":"https:\/\/escolhelab.com.br\/case-para-hd-sata-2-5-hhd-ssd-usb-2-0-original-em-abs\/","name":"Case para HD SATA 2.5\" HHD\/SSD USB 2.0 Original em ABS","isPartOf":{"@id":"https:\/\/escolhelab.com.br\/#website"},"primaryImageOfPage":{"@id":"https:\/\/escolhelab.com.br\/case-para-hd-sata-2-5-hhd-ssd-usb-2-0-original-em-abs\/#primaryimage"},"image":{"@id":"https:\/\/escolhelab.com.br\/case-para-hd-sata-2-5-hhd-ssd-usb-2-0-original-em-abs\/#primaryimage"},"thumbnailUrl":"https:\/\/escolhelab.com.br\/wp-content\/uploads\/2024\/06\/case-hd-25-escolhefacil-com-3.png","datePublished":"2024-06-07T16:50:02+00:00","dateModified":"2025-11-07T18:25:28+00:00","description":"% Case para HD SATA 2.5\" HHD\/SSD USB 2.0 Original em ABS","breadcrumb":{"@id":"https:\/\/escolhelab.com.br\/case-para-hd-sata-2-5-hhd-ssd-usb-2-0-original-em-abs\/#breadcrumb"},"inLanguage":"en-US","potentialAction":[{"@type":"ReadAction","target":["https:\/\/escolhelab.com.br\/case-para-hd-sata-2-5-hhd-ssd-usb-2-0-original-em-abs\/"]}]},{"@type":"ImageObject","inLanguage":"en-US","@id":"https:\/\/escolhelab.com.br\/case-para-hd-sata-2-5-hhd-ssd-usb-2-0-original-em-abs\/#primaryimage","url":"https:\/\/escolhelab.com.br\/wp-content\/uploads\/2024\/06\/case-hd-25-escolhefacil-com-3.png","contentUrl":"https:\/\/escolhelab.com.br\/wp-content\/uploads\/2024\/06\/case-hd-25-escolhefacil-com-3.png","width":700,"height":800},{"@type":"BreadcrumbList","@id":"https:\/\/escolhelab.com.br\/case-para-hd-sata-2-5-hhd-ssd-usb-2-0-original-em-abs\/#breadcrumb","itemListElement":[{"@type":"ListItem","position":1,"name":"In\u00edcio","item":"https:\/\/escolhelab.com.br\/"},{"@type":"ListItem","position":2,"name":"loja","item":"https:\/\/escolhelab.com.br\/loja\/"},{"@type":"ListItem","position":3,"name":"Case para HD SATA 2.5&#8243; HHD\/SSD USB 2.0 Original em ABS"}]},{"@type":"WebSite","@id":"https:\/\/escolhelab.com.br\/#website","url":"https:\/\/escolhelab.com.br\/","name":"Loja de produtos para laboratorio","description":"Produtos para Laborat\u00f3rio,Artigos e outros na loja do quimico","publisher":{"@id":"https:\/\/escolhelab.com.br\/#organization"},"alternateName":"escolhelab","potentialAction":[{"@type":"SearchAction","target":{"@type":"EntryPoint","urlTemplate":"https:\/\/escolhelab.com.br\/?s={search_term_string}"},"query-input":{"@type":"PropertyValueSpecification","valueRequired":true,"valueName":"search_term_string"}}],"inLanguage":"en-US"},{"@type":"Organization","@id":"https:\/\/escolhelab.com.br\/#organization","name":"loja escolhelab","alternateName":"escolhelab","url":"https:\/\/escolhelab.com.br\/","logo":{"@type":"ImageObject","inLanguage":"en-US","@id":"https:\/\/escolhelab.com.br\/#\/schema\/logo\/image\/","url":"https:\/\/escolhelab.com.br\/wp-content\/uploads\/2024\/12\/icone-e-512-512escolhelab-com-br-2-800x800.png","contentUrl":"https:\/\/escolhelab.com.br\/wp-content\/uploads\/2024\/12\/icone-e-512-512escolhelab-com-br-2-800x800.png","width":800,"height":800,"caption":"loja escolhelab"},"image":{"@id":"https:\/\/escolhelab.com.br\/#\/schema\/logo\/image\/"}}]}},"tiered_pricing_type":"percentage","tiered_pricing_fixed_rules":[],"tiered_pricing_product_settings":{"layout":"default","base_unit_name":{"singular":null,"plural":null},"default_variation":null},"tiered_pricing_minimum_quantity":null,"tiered_pricing_roles_data":[],"tiered_pricing_percentage_rules":{"2":"2","3":"4"},"tiered_pricing_maximum_quantity":null,"tiered_pricing_quantity_step":null,"_links":{"self":[{"href":"https:\/\/escolhelab.com.br\/en\/wp-json\/wp\/v2\/product\/30798","targetHints":{"allow":["GET"]}}],"collection":[{"href":"https:\/\/escolhelab.com.br\/en\/wp-json\/wp\/v2\/product"}],"about":[{"href":"https:\/\/escolhelab.com.br\/en\/wp-json\/wp\/v2\/types\/product"}],"replies":[{"embeddable":true,"href":"https:\/\/escolhelab.com.br\/en\/wp-json\/wp\/v2\/comments?post=30798"}],"version-history":[{"count":0,"href":"https:\/\/escolhelab.com.br\/en\/wp-json\/wp\/v2\/product\/30798\/revisions"}],"wp:featuredmedia":[{"embeddable":true,"href":"https:\/\/escolhelab.com.br\/en\/wp-json\/wp\/v2\/media\/30838"}],"wp:attachment":[{"href":"https:\/\/escolhelab.com.br\/en\/wp-json\/wp\/v2\/media?parent=30798"}],"wp:term":[{"taxonomy":"product_brand","embeddable":true,"href":"https:\/\/escolhelab.com.br\/en\/wp-json\/wp\/v2\/product_brand?post=30798"},{"taxonomy":"product_cat","embeddable":true,"href":"https:\/\/escolhelab.com.br\/en\/wp-json\/wp\/v2\/product_cat?post=30798"},{"taxonomy":"product_tag","embeddable":true,"href":"https:\/\/escolhelab.com.br\/en\/wp-json\/wp\/v2\/product_tag?post=30798"}],"curies":[{"name":"wp","href":"https:\/\/api.w.org\/{rel}","templated":true}]}}