{"id":30800,"date":"2024-06-07T13:50:02","date_gmt":"2024-06-07T16:50:02","guid":{"rendered":"https:\/\/escolhelab.com.br\/?post_type=product&#038;p=30800"},"modified":"2025-08-22T10:25:59","modified_gmt":"2025-08-22T13:25:59","slug":"hub-com-4-portas-usb","status":"publish","type":"product","link":"https:\/\/escolhelab.com.br\/en\/hub-com-4-portas-usb\/","title":{"rendered":"Hub com 4 Portas Usb"},"content":{"rendered":"<p><span style=\"font-family: helvetica, arial, sans-serif; font-size: 14pt;\"><strong>Hub com 4 Portas Usb\u00a0<\/strong><\/span><\/p>\n<p>&nbsp;<\/p>\n<p>O HUB 4 portas USB \u00e9 um produto desenvolvido para aqueles que necessitam conectar v\u00e1rios dispositivos ao mesmo tempo. Como a maioria dos computadores atuais possui entre 2 e 4 portas USB e grande parte dos dispositivos de m\u00eddia e armazenamento utiliza este formato, \u00e9 extremamente necess\u00e1rio que se tenha um dispositivo que aumente a quantidade de entradas dispon\u00edveis.<br \/>\nPode ser usado em PCs, notebooks e Macintoshs. Conecte m\u00e1quinas fotogr\u00e1ficas, smartphones, adaptadores de rede, modens etc. Tamb\u00e9m pode ser usado para carregar iPods, tocadores de MP3 e smartphones enquanto estiverem conectados.<br \/>\nCom design moderno em formato jarra, possui tr\u00eas entradas na parte superior e uma na lateral para facilitar a disposi\u00e7\u00e3o dos aparelhos conectados.<\/p>","protected":false},"excerpt":{"rendered":"<p>O HUB 4 portas USB \u00e9 um produto desenvolvido para aqueles que necessitam conectar v\u00e1rios dispositivos ao mesmo tempo.<br \/>\nComo a maioria dos computadores atuais possui entre 2 e 4 portas USB e grande parte dos dispositivos de m\u00eddia e armazenamento utiliza este formato, \u00e9 extremamente necess\u00e1rio que se tenha um dispositivo que aumente a quantidade de entradas dispon\u00edveis.<\/p>","protected":false},"featured_media":30842,"comment_status":"open","ping_status":"closed","template":"","meta":{"_acf_changed":false,"iawp_total_views":7},"product_brand":[],"product_cat":[738,737,723],"product_tag":[],"class_list":{"0":"post-30800","1":"product","2":"type-product","3":"status-publish","4":"has-post-thumbnail","6":"product_cat-acessorios-e-perifericos","7":"product_cat-equipamento-informatica","8":"product_cat-produtos-para-laboratorio-eletronico","9":"product_shipping_class-produto-eletronicos-e-informatica","11":"first","12":"instock","13":"sale","14":"shipping-taxable","15":"purchasable","16":"product-type-simple"},"acf":[],"yoast_head":"<!-- This site is optimized with the Yoast SEO Premium plugin v26.2 (Yoast SEO v27.3) - https:\/\/yoast.com\/product\/yoast-seo-premium-wordpress\/ -->\n<title>Hub com 4 Portas Usb<\/title>\n<meta name=\"description\" content=\"% Hub com 4 Portas Usb\" \/>\n<meta name=\"robots\" content=\"index, follow, max-snippet:-1, max-image-preview:large, max-video-preview:-1\" \/>\n<link rel=\"canonical\" href=\"https:\/\/escolhelab.com.br\/en\/hub-com-4-portas-usb\/\" \/>\n<meta property=\"og:locale\" content=\"en_US\" \/>\n<meta property=\"og:type\" content=\"article\" \/>\n<meta property=\"og:title\" content=\"Hub com 4 Portas Usb\" \/>\n<meta property=\"og:description\" content=\"% Hub com 4 Portas Usb\" \/>\n<meta property=\"og:url\" content=\"https:\/\/escolhelab.com.br\/en\/hub-com-4-portas-usb\/\" \/>\n<meta property=\"og:site_name\" content=\"Loja de produtos para laboratorio\" \/>\n<meta property=\"article:modified_time\" content=\"2025-08-22T13:25:59+00:00\" \/>\n<meta property=\"og:image\" content=\"https:\/\/escolhelab.com.br\/wp-content\/uploads\/2024\/06\/hub-sv-5-portas-escolhefacil-com-3.jpg\" \/>\n\t<meta property=\"og:image:width\" content=\"700\" \/>\n\t<meta property=\"og:image:height\" content=\"800\" \/>\n\t<meta property=\"og:image:type\" content=\"image\/jpeg\" \/>\n<meta name=\"twitter:card\" content=\"summary_large_image\" \/>\n<meta name=\"twitter:label1\" content=\"Est. reading time\" \/>\n\t<meta name=\"twitter:data1\" content=\"1 minute\" \/>\n<script type=\"application\/ld+json\" class=\"yoast-schema-graph\">{\"@context\":\"https:\\\/\\\/schema.org\",\"@graph\":[{\"@type\":\"WebPage\",\"@id\":\"https:\\\/\\\/escolhelab.com.br\\\/hub-com-4-portas-usb\\\/\",\"url\":\"https:\\\/\\\/escolhelab.com.br\\\/hub-com-4-portas-usb\\\/\",\"name\":\"Hub com 4 Portas Usb\",\"isPartOf\":{\"@id\":\"https:\\\/\\\/escolhelab.com.br\\\/#website\"},\"primaryImageOfPage\":{\"@id\":\"https:\\\/\\\/escolhelab.com.br\\\/hub-com-4-portas-usb\\\/#primaryimage\"},\"image\":{\"@id\":\"https:\\\/\\\/escolhelab.com.br\\\/hub-com-4-portas-usb\\\/#primaryimage\"},\"thumbnailUrl\":\"https:\\\/\\\/escolhelab.com.br\\\/wp-content\\\/uploads\\\/2024\\\/06\\\/hub-sv-5-portas-escolhefacil-com-3.jpg\",\"datePublished\":\"2024-06-07T16:50:02+00:00\",\"dateModified\":\"2025-08-22T13:25:59+00:00\",\"description\":\"% Hub com 4 Portas Usb\",\"breadcrumb\":{\"@id\":\"https:\\\/\\\/escolhelab.com.br\\\/hub-com-4-portas-usb\\\/#breadcrumb\"},\"inLanguage\":\"en-US\",\"potentialAction\":[{\"@type\":\"ReadAction\",\"target\":[\"https:\\\/\\\/escolhelab.com.br\\\/hub-com-4-portas-usb\\\/\"]}]},{\"@type\":\"ImageObject\",\"inLanguage\":\"en-US\",\"@id\":\"https:\\\/\\\/escolhelab.com.br\\\/hub-com-4-portas-usb\\\/#primaryimage\",\"url\":\"https:\\\/\\\/escolhelab.com.br\\\/wp-content\\\/uploads\\\/2024\\\/06\\\/hub-sv-5-portas-escolhefacil-com-3.jpg\",\"contentUrl\":\"https:\\\/\\\/escolhelab.com.br\\\/wp-content\\\/uploads\\\/2024\\\/06\\\/hub-sv-5-portas-escolhefacil-com-3.jpg\",\"width\":700,\"height\":800},{\"@type\":\"BreadcrumbList\",\"@id\":\"https:\\\/\\\/escolhelab.com.br\\\/hub-com-4-portas-usb\\\/#breadcrumb\",\"itemListElement\":[{\"@type\":\"ListItem\",\"position\":1,\"name\":\"In\u00edcio\",\"item\":\"https:\\\/\\\/escolhelab.com.br\\\/\"},{\"@type\":\"ListItem\",\"position\":2,\"name\":\"loja\",\"item\":\"https:\\\/\\\/escolhelab.com.br\\\/loja\\\/\"},{\"@type\":\"ListItem\",\"position\":3,\"name\":\"Hub com 4 Portas Usb\"}]},{\"@type\":\"WebSite\",\"@id\":\"https:\\\/\\\/escolhelab.com.br\\\/#website\",\"url\":\"https:\\\/\\\/escolhelab.com.br\\\/\",\"name\":\"Loja de produtos para laboratorio\",\"description\":\"Produtos para Laborat\u00f3rio,Artigos e outros na loja do quimico\",\"publisher\":{\"@id\":\"https:\\\/\\\/escolhelab.com.br\\\/#organization\"},\"alternateName\":\"escolhelab\",\"potentialAction\":[{\"@type\":\"SearchAction\",\"target\":{\"@type\":\"EntryPoint\",\"urlTemplate\":\"https:\\\/\\\/escolhelab.com.br\\\/?s={search_term_string}\"},\"query-input\":{\"@type\":\"PropertyValueSpecification\",\"valueRequired\":true,\"valueName\":\"search_term_string\"}}],\"inLanguage\":\"en-US\"},{\"@type\":\"Organization\",\"@id\":\"https:\\\/\\\/escolhelab.com.br\\\/#organization\",\"name\":\"loja escolhelab\",\"alternateName\":\"escolhelab\",\"url\":\"https:\\\/\\\/escolhelab.com.br\\\/\",\"logo\":{\"@type\":\"ImageObject\",\"inLanguage\":\"en-US\",\"@id\":\"https:\\\/\\\/escolhelab.com.br\\\/#\\\/schema\\\/logo\\\/image\\\/\",\"url\":\"https:\\\/\\\/escolhelab.com.br\\\/wp-content\\\/uploads\\\/2024\\\/12\\\/icone-e-512-512escolhelab-com-br-2-800x800.png\",\"contentUrl\":\"https:\\\/\\\/escolhelab.com.br\\\/wp-content\\\/uploads\\\/2024\\\/12\\\/icone-e-512-512escolhelab-com-br-2-800x800.png\",\"width\":800,\"height\":800,\"caption\":\"loja escolhelab\"},\"image\":{\"@id\":\"https:\\\/\\\/escolhelab.com.br\\\/#\\\/schema\\\/logo\\\/image\\\/\"}}]}<\/script>\n<!-- \/ Yoast SEO Premium plugin. -->","yoast_head_json":{"title":"Hub com 4 Portas Usb","description":"% Hub com 4 Portas Usb","robots":{"index":"index","follow":"follow","max-snippet":"max-snippet:-1","max-image-preview":"max-image-preview:large","max-video-preview":"max-video-preview:-1"},"canonical":"https:\/\/escolhelab.com.br\/en\/hub-com-4-portas-usb\/","og_locale":"en_US","og_type":"article","og_title":"Hub com 4 Portas Usb","og_description":"% Hub com 4 Portas Usb","og_url":"https:\/\/escolhelab.com.br\/en\/hub-com-4-portas-usb\/","og_site_name":"Loja de produtos para laboratorio","article_modified_time":"2025-08-22T13:25:59+00:00","og_image":[{"width":700,"height":800,"url":"https:\/\/escolhelab.com.br\/wp-content\/uploads\/2024\/06\/hub-sv-5-portas-escolhefacil-com-3.jpg","type":"image\/jpeg"}],"twitter_card":"summary_large_image","twitter_misc":{"Est. reading time":"1 minute"},"schema":{"@context":"https:\/\/schema.org","@graph":[{"@type":"WebPage","@id":"https:\/\/escolhelab.com.br\/hub-com-4-portas-usb\/","url":"https:\/\/escolhelab.com.br\/hub-com-4-portas-usb\/","name":"Hub com 4 Portas Usb","isPartOf":{"@id":"https:\/\/escolhelab.com.br\/#website"},"primaryImageOfPage":{"@id":"https:\/\/escolhelab.com.br\/hub-com-4-portas-usb\/#primaryimage"},"image":{"@id":"https:\/\/escolhelab.com.br\/hub-com-4-portas-usb\/#primaryimage"},"thumbnailUrl":"https:\/\/escolhelab.com.br\/wp-content\/uploads\/2024\/06\/hub-sv-5-portas-escolhefacil-com-3.jpg","datePublished":"2024-06-07T16:50:02+00:00","dateModified":"2025-08-22T13:25:59+00:00","description":"% Hub com 4 Portas Usb","breadcrumb":{"@id":"https:\/\/escolhelab.com.br\/hub-com-4-portas-usb\/#breadcrumb"},"inLanguage":"en-US","potentialAction":[{"@type":"ReadAction","target":["https:\/\/escolhelab.com.br\/hub-com-4-portas-usb\/"]}]},{"@type":"ImageObject","inLanguage":"en-US","@id":"https:\/\/escolhelab.com.br\/hub-com-4-portas-usb\/#primaryimage","url":"https:\/\/escolhelab.com.br\/wp-content\/uploads\/2024\/06\/hub-sv-5-portas-escolhefacil-com-3.jpg","contentUrl":"https:\/\/escolhelab.com.br\/wp-content\/uploads\/2024\/06\/hub-sv-5-portas-escolhefacil-com-3.jpg","width":700,"height":800},{"@type":"BreadcrumbList","@id":"https:\/\/escolhelab.com.br\/hub-com-4-portas-usb\/#breadcrumb","itemListElement":[{"@type":"ListItem","position":1,"name":"In\u00edcio","item":"https:\/\/escolhelab.com.br\/"},{"@type":"ListItem","position":2,"name":"loja","item":"https:\/\/escolhelab.com.br\/loja\/"},{"@type":"ListItem","position":3,"name":"Hub com 4 Portas Usb"}]},{"@type":"WebSite","@id":"https:\/\/escolhelab.com.br\/#website","url":"https:\/\/escolhelab.com.br\/","name":"Loja de produtos para laboratorio","description":"Produtos para Laborat\u00f3rio,Artigos e outros na loja do quimico","publisher":{"@id":"https:\/\/escolhelab.com.br\/#organization"},"alternateName":"escolhelab","potentialAction":[{"@type":"SearchAction","target":{"@type":"EntryPoint","urlTemplate":"https:\/\/escolhelab.com.br\/?s={search_term_string}"},"query-input":{"@type":"PropertyValueSpecification","valueRequired":true,"valueName":"search_term_string"}}],"inLanguage":"en-US"},{"@type":"Organization","@id":"https:\/\/escolhelab.com.br\/#organization","name":"loja escolhelab","alternateName":"escolhelab","url":"https:\/\/escolhelab.com.br\/","logo":{"@type":"ImageObject","inLanguage":"en-US","@id":"https:\/\/escolhelab.com.br\/#\/schema\/logo\/image\/","url":"https:\/\/escolhelab.com.br\/wp-content\/uploads\/2024\/12\/icone-e-512-512escolhelab-com-br-2-800x800.png","contentUrl":"https:\/\/escolhelab.com.br\/wp-content\/uploads\/2024\/12\/icone-e-512-512escolhelab-com-br-2-800x800.png","width":800,"height":800,"caption":"loja escolhelab"},"image":{"@id":"https:\/\/escolhelab.com.br\/#\/schema\/logo\/image\/"}}]}},"tiered_pricing_type":"percentage","tiered_pricing_fixed_rules":[],"tiered_pricing_product_settings":{"layout":"default","base_unit_name":{"singular":null,"plural":null},"default_variation":null},"tiered_pricing_minimum_quantity":null,"tiered_pricing_roles_data":[],"tiered_pricing_percentage_rules":{"2":"2","3":"4"},"tiered_pricing_maximum_quantity":null,"tiered_pricing_quantity_step":null,"_links":{"self":[{"href":"https:\/\/escolhelab.com.br\/en\/wp-json\/wp\/v2\/product\/30800","targetHints":{"allow":["GET"]}}],"collection":[{"href":"https:\/\/escolhelab.com.br\/en\/wp-json\/wp\/v2\/product"}],"about":[{"href":"https:\/\/escolhelab.com.br\/en\/wp-json\/wp\/v2\/types\/product"}],"replies":[{"embeddable":true,"href":"https:\/\/escolhelab.com.br\/en\/wp-json\/wp\/v2\/comments?post=30800"}],"version-history":[{"count":0,"href":"https:\/\/escolhelab.com.br\/en\/wp-json\/wp\/v2\/product\/30800\/revisions"}],"wp:featuredmedia":[{"embeddable":true,"href":"https:\/\/escolhelab.com.br\/en\/wp-json\/wp\/v2\/media\/30842"}],"wp:attachment":[{"href":"https:\/\/escolhelab.com.br\/en\/wp-json\/wp\/v2\/media?parent=30800"}],"wp:term":[{"taxonomy":"product_brand","embeddable":true,"href":"https:\/\/escolhelab.com.br\/en\/wp-json\/wp\/v2\/product_brand?post=30800"},{"taxonomy":"product_cat","embeddable":true,"href":"https:\/\/escolhelab.com.br\/en\/wp-json\/wp\/v2\/product_cat?post=30800"},{"taxonomy":"product_tag","embeddable":true,"href":"https:\/\/escolhelab.com.br\/en\/wp-json\/wp\/v2\/product_tag?post=30800"}],"curies":[{"name":"wp","href":"https:\/\/api.w.org\/{rel}","templated":true}]}}