{"id":30801,"date":"2024-06-07T13:50:03","date_gmt":"2024-06-07T16:50:03","guid":{"rendered":"https:\/\/escolhelab.com.br\/?post_type=product&#038;p=30801"},"modified":"2025-08-22T15:35:40","modified_gmt":"2025-08-22T18:35:40","slug":"testador-de-cabo-rj45-e-rj11","status":"publish","type":"product","link":"https:\/\/escolhelab.com.br\/en\/testador-de-cabo-rj45-e-rj11\/","title":{"rendered":"Testador de cabo RJ45 e RJ11"},"content":{"rendered":"<pre><span style=\"font-family: helvetica, arial, sans-serif;\"><strong><span style=\"font-size: 14pt;\">Testador de cabo RJ45 e RJ11<\/span><\/strong>\r\nO testador de cabo\u00a0 de REDE \u00e9 indicado para usu\u00e1rios que trabalham com infraestrutura ou at\u00e9 mesmo usu\u00e1rios dom\u00e9sticos que necessitem testar cabos de rede e de telefonia. \r\nCom o testador ser\u00e1 poss\u00edvel diagnosticar a continuidade do cabo, circuitos abertos ou fechados, curtos, cabos em linha ou cruzados.<\/span>\r\n<span style=\"font-family: helvetica, arial, sans-serif;\">O produto permite testes de cabo ponto a ponto. As luzes de LED indicam se os cabos est\u00e3o conectados de forma correta e a sua polariza\u00e7\u00e3o. Pode ser utilizado em cabos novos ou j\u00e1 instalados. O produto \u00e9 produzido em material de alta qualidade, o que prolonga a sua vida \u00fatil.<\/span>\r\n<span style=\"font-family: helvetica, arial, sans-serif;\">Em fia\u00e7\u00f5es extensas n\u00e3o \u00e9 necess\u00e1rio retirar o fio, pois o testador se desmonta em dois, da\u00ed \u00e9 s\u00f3 colocar um em cada ponta e fazer o teste.<\/span>\r\n<span style=\"font-family: helvetica, arial, sans-serif;\">A testador tem dois modo , em teste com velocidade rapido ou moderado , para a sua prefer\u00eancia .<\/span><\/pre>","protected":false},"excerpt":{"rendered":"<pre><span style=\"font-family: helvetica, arial, sans-serif;\">O testador de cabo\u00a0 de REDE \u00e9 indicado para usu\u00e1rios que trabalham com infraestrutura ou at\u00e9 mesmo usu\u00e1rios dom\u00e9sticos que necessitem testar cabos de rede e de telefonia. Com o testador ser\u00e1 poss\u00edvel diagnosticar a continuidade do cabo, circuitos abertos ou fechados, curtos, cabos em linha ou cruzados.<\/span><\/pre>","protected":false},"featured_media":30852,"comment_status":"open","ping_status":"closed","template":"","meta":{"_acf_changed":false,"iawp_total_views":49},"product_brand":[],"product_cat":[737,734,736,735,722],"product_tag":[],"class_list":{"0":"post-30801","1":"product","2":"type-product","3":"status-publish","4":"has-post-thumbnail","6":"product_cat-equipamento-informatica","7":"product_cat-equipamentos-eletronicos","8":"product_cat-ferramentas","9":"product_cat-medidores","10":"product_cat-produtos-para-laboratorio-informatica","11":"product_shipping_class-produto-eletronicos-e-informatica","13":"first","14":"instock","15":"sale","16":"featured","17":"shipping-taxable","18":"purchasable","19":"product-type-simple"},"acf":[],"yoast_head":"<!-- This site is optimized with the Yoast SEO Premium plugin v26.2 (Yoast SEO v27.3) - https:\/\/yoast.com\/product\/yoast-seo-premium-wordpress\/ -->\n<title>Testador de cabo RJ45 e RJ11 -<\/title>\n<meta name=\"description\" content=\"O testador de cabo\u00a0 de REDE \u00e9 indicado para usu\u00e1rios que trabalham com infraestrutura ou at\u00e9 mesmo usu\u00e1rios dom\u00e9sticos que necessitem testar cabos de r....\" \/>\n<meta name=\"robots\" content=\"index, follow, max-snippet:-1, max-image-preview:large, max-video-preview:-1\" \/>\n<link rel=\"canonical\" href=\"https:\/\/escolhelab.com.br\/en\/testador-de-cabo-rj45-e-rj11\/\" \/>\n<meta property=\"og:locale\" content=\"en_US\" \/>\n<meta property=\"og:type\" content=\"article\" \/>\n<meta property=\"og:title\" content=\"Testador de cabo RJ45 e RJ11\" \/>\n<meta property=\"og:description\" content=\"O testador de cabo\u00a0 de REDE \u00e9 indicado para usu\u00e1rios que trabalham com infraestrutura ou at\u00e9 mesmo usu\u00e1rios dom\u00e9sticos que necessitem testar cabos de r....\" \/>\n<meta property=\"og:url\" content=\"https:\/\/escolhelab.com.br\/en\/testador-de-cabo-rj45-e-rj11\/\" \/>\n<meta property=\"og:site_name\" content=\"Loja de produtos para laboratorio\" \/>\n<meta property=\"article:modified_time\" content=\"2025-08-22T18:35:40+00:00\" \/>\n<meta property=\"og:image\" content=\"https:\/\/escolhelab.com.br\/wp-content\/uploads\/2024\/06\/testador-cabo-rede-1-escolhefacil-com-3.png\" \/>\n\t<meta property=\"og:image:width\" content=\"700\" \/>\n\t<meta property=\"og:image:height\" content=\"800\" \/>\n\t<meta property=\"og:image:type\" content=\"image\/png\" \/>\n<meta name=\"twitter:card\" content=\"summary_large_image\" \/>\n<meta name=\"twitter:label1\" content=\"Est. reading time\" \/>\n\t<meta name=\"twitter:data1\" content=\"1 minute\" \/>\n<script type=\"application\/ld+json\" class=\"yoast-schema-graph\">{\"@context\":\"https:\\\/\\\/schema.org\",\"@graph\":[{\"@type\":\"WebPage\",\"@id\":\"https:\\\/\\\/escolhelab.com.br\\\/testador-de-cabo-rj45-e-rj11\\\/\",\"url\":\"https:\\\/\\\/escolhelab.com.br\\\/testador-de-cabo-rj45-e-rj11\\\/\",\"name\":\"Testador de cabo RJ45 e RJ11 -\",\"isPartOf\":{\"@id\":\"https:\\\/\\\/escolhelab.com.br\\\/#website\"},\"primaryImageOfPage\":{\"@id\":\"https:\\\/\\\/escolhelab.com.br\\\/testador-de-cabo-rj45-e-rj11\\\/#primaryimage\"},\"image\":{\"@id\":\"https:\\\/\\\/escolhelab.com.br\\\/testador-de-cabo-rj45-e-rj11\\\/#primaryimage\"},\"thumbnailUrl\":\"https:\\\/\\\/escolhelab.com.br\\\/wp-content\\\/uploads\\\/2024\\\/06\\\/testador-cabo-rede-1-escolhefacil-com-3.png\",\"datePublished\":\"2024-06-07T16:50:03+00:00\",\"dateModified\":\"2025-08-22T18:35:40+00:00\",\"description\":\"O testador de cabo\u00a0 de REDE \u00e9 indicado para usu\u00e1rios que trabalham com infraestrutura ou at\u00e9 mesmo usu\u00e1rios dom\u00e9sticos que necessitem testar cabos de r....\",\"breadcrumb\":{\"@id\":\"https:\\\/\\\/escolhelab.com.br\\\/testador-de-cabo-rj45-e-rj11\\\/#breadcrumb\"},\"inLanguage\":\"en-US\",\"potentialAction\":[{\"@type\":\"ReadAction\",\"target\":[\"https:\\\/\\\/escolhelab.com.br\\\/testador-de-cabo-rj45-e-rj11\\\/\"]}]},{\"@type\":\"ImageObject\",\"inLanguage\":\"en-US\",\"@id\":\"https:\\\/\\\/escolhelab.com.br\\\/testador-de-cabo-rj45-e-rj11\\\/#primaryimage\",\"url\":\"https:\\\/\\\/escolhelab.com.br\\\/wp-content\\\/uploads\\\/2024\\\/06\\\/testador-cabo-rede-1-escolhefacil-com-3.png\",\"contentUrl\":\"https:\\\/\\\/escolhelab.com.br\\\/wp-content\\\/uploads\\\/2024\\\/06\\\/testador-cabo-rede-1-escolhefacil-com-3.png\",\"width\":700,\"height\":800},{\"@type\":\"BreadcrumbList\",\"@id\":\"https:\\\/\\\/escolhelab.com.br\\\/testador-de-cabo-rj45-e-rj11\\\/#breadcrumb\",\"itemListElement\":[{\"@type\":\"ListItem\",\"position\":1,\"name\":\"In\u00edcio\",\"item\":\"https:\\\/\\\/escolhelab.com.br\\\/\"},{\"@type\":\"ListItem\",\"position\":2,\"name\":\"loja\",\"item\":\"https:\\\/\\\/escolhelab.com.br\\\/loja\\\/\"},{\"@type\":\"ListItem\",\"position\":3,\"name\":\"Testador de cabo RJ45 e RJ11\"}]},{\"@type\":\"WebSite\",\"@id\":\"https:\\\/\\\/escolhelab.com.br\\\/#website\",\"url\":\"https:\\\/\\\/escolhelab.com.br\\\/\",\"name\":\"Loja de produtos para laboratorio\",\"description\":\"Produtos para Laborat\u00f3rio,Artigos e outros na loja do quimico\",\"publisher\":{\"@id\":\"https:\\\/\\\/escolhelab.com.br\\\/#organization\"},\"alternateName\":\"escolhelab\",\"potentialAction\":[{\"@type\":\"SearchAction\",\"target\":{\"@type\":\"EntryPoint\",\"urlTemplate\":\"https:\\\/\\\/escolhelab.com.br\\\/?s={search_term_string}\"},\"query-input\":{\"@type\":\"PropertyValueSpecification\",\"valueRequired\":true,\"valueName\":\"search_term_string\"}}],\"inLanguage\":\"en-US\"},{\"@type\":\"Organization\",\"@id\":\"https:\\\/\\\/escolhelab.com.br\\\/#organization\",\"name\":\"loja escolhelab\",\"alternateName\":\"escolhelab\",\"url\":\"https:\\\/\\\/escolhelab.com.br\\\/\",\"logo\":{\"@type\":\"ImageObject\",\"inLanguage\":\"en-US\",\"@id\":\"https:\\\/\\\/escolhelab.com.br\\\/#\\\/schema\\\/logo\\\/image\\\/\",\"url\":\"https:\\\/\\\/escolhelab.com.br\\\/wp-content\\\/uploads\\\/2024\\\/12\\\/icone-e-512-512escolhelab-com-br-2-800x800.png\",\"contentUrl\":\"https:\\\/\\\/escolhelab.com.br\\\/wp-content\\\/uploads\\\/2024\\\/12\\\/icone-e-512-512escolhelab-com-br-2-800x800.png\",\"width\":800,\"height\":800,\"caption\":\"loja escolhelab\"},\"image\":{\"@id\":\"https:\\\/\\\/escolhelab.com.br\\\/#\\\/schema\\\/logo\\\/image\\\/\"}}]}<\/script>\n<!-- \/ Yoast SEO Premium plugin. -->","yoast_head_json":{"title":"Testador de cabo RJ45 e RJ11 -","description":"O testador de cabo\u00a0 de REDE \u00e9 indicado para usu\u00e1rios que trabalham com infraestrutura ou at\u00e9 mesmo usu\u00e1rios dom\u00e9sticos que necessitem testar cabos de r....","robots":{"index":"index","follow":"follow","max-snippet":"max-snippet:-1","max-image-preview":"max-image-preview:large","max-video-preview":"max-video-preview:-1"},"canonical":"https:\/\/escolhelab.com.br\/en\/testador-de-cabo-rj45-e-rj11\/","og_locale":"en_US","og_type":"article","og_title":"Testador de cabo RJ45 e RJ11","og_description":"O testador de cabo\u00a0 de REDE \u00e9 indicado para usu\u00e1rios que trabalham com infraestrutura ou at\u00e9 mesmo usu\u00e1rios dom\u00e9sticos que necessitem testar cabos de r....","og_url":"https:\/\/escolhelab.com.br\/en\/testador-de-cabo-rj45-e-rj11\/","og_site_name":"Loja de produtos para laboratorio","article_modified_time":"2025-08-22T18:35:40+00:00","og_image":[{"width":700,"height":800,"url":"https:\/\/escolhelab.com.br\/wp-content\/uploads\/2024\/06\/testador-cabo-rede-1-escolhefacil-com-3.png","type":"image\/png"}],"twitter_card":"summary_large_image","twitter_misc":{"Est. reading time":"1 minute"},"schema":{"@context":"https:\/\/schema.org","@graph":[{"@type":"WebPage","@id":"https:\/\/escolhelab.com.br\/testador-de-cabo-rj45-e-rj11\/","url":"https:\/\/escolhelab.com.br\/testador-de-cabo-rj45-e-rj11\/","name":"Testador de cabo RJ45 e RJ11 -","isPartOf":{"@id":"https:\/\/escolhelab.com.br\/#website"},"primaryImageOfPage":{"@id":"https:\/\/escolhelab.com.br\/testador-de-cabo-rj45-e-rj11\/#primaryimage"},"image":{"@id":"https:\/\/escolhelab.com.br\/testador-de-cabo-rj45-e-rj11\/#primaryimage"},"thumbnailUrl":"https:\/\/escolhelab.com.br\/wp-content\/uploads\/2024\/06\/testador-cabo-rede-1-escolhefacil-com-3.png","datePublished":"2024-06-07T16:50:03+00:00","dateModified":"2025-08-22T18:35:40+00:00","description":"O testador de cabo\u00a0 de REDE \u00e9 indicado para usu\u00e1rios que trabalham com infraestrutura ou at\u00e9 mesmo usu\u00e1rios dom\u00e9sticos que necessitem testar cabos de r....","breadcrumb":{"@id":"https:\/\/escolhelab.com.br\/testador-de-cabo-rj45-e-rj11\/#breadcrumb"},"inLanguage":"en-US","potentialAction":[{"@type":"ReadAction","target":["https:\/\/escolhelab.com.br\/testador-de-cabo-rj45-e-rj11\/"]}]},{"@type":"ImageObject","inLanguage":"en-US","@id":"https:\/\/escolhelab.com.br\/testador-de-cabo-rj45-e-rj11\/#primaryimage","url":"https:\/\/escolhelab.com.br\/wp-content\/uploads\/2024\/06\/testador-cabo-rede-1-escolhefacil-com-3.png","contentUrl":"https:\/\/escolhelab.com.br\/wp-content\/uploads\/2024\/06\/testador-cabo-rede-1-escolhefacil-com-3.png","width":700,"height":800},{"@type":"BreadcrumbList","@id":"https:\/\/escolhelab.com.br\/testador-de-cabo-rj45-e-rj11\/#breadcrumb","itemListElement":[{"@type":"ListItem","position":1,"name":"In\u00edcio","item":"https:\/\/escolhelab.com.br\/"},{"@type":"ListItem","position":2,"name":"loja","item":"https:\/\/escolhelab.com.br\/loja\/"},{"@type":"ListItem","position":3,"name":"Testador de cabo RJ45 e RJ11"}]},{"@type":"WebSite","@id":"https:\/\/escolhelab.com.br\/#website","url":"https:\/\/escolhelab.com.br\/","name":"Loja de produtos para laboratorio","description":"Produtos para Laborat\u00f3rio,Artigos e outros na loja do quimico","publisher":{"@id":"https:\/\/escolhelab.com.br\/#organization"},"alternateName":"escolhelab","potentialAction":[{"@type":"SearchAction","target":{"@type":"EntryPoint","urlTemplate":"https:\/\/escolhelab.com.br\/?s={search_term_string}"},"query-input":{"@type":"PropertyValueSpecification","valueRequired":true,"valueName":"search_term_string"}}],"inLanguage":"en-US"},{"@type":"Organization","@id":"https:\/\/escolhelab.com.br\/#organization","name":"loja escolhelab","alternateName":"escolhelab","url":"https:\/\/escolhelab.com.br\/","logo":{"@type":"ImageObject","inLanguage":"en-US","@id":"https:\/\/escolhelab.com.br\/#\/schema\/logo\/image\/","url":"https:\/\/escolhelab.com.br\/wp-content\/uploads\/2024\/12\/icone-e-512-512escolhelab-com-br-2-800x800.png","contentUrl":"https:\/\/escolhelab.com.br\/wp-content\/uploads\/2024\/12\/icone-e-512-512escolhelab-com-br-2-800x800.png","width":800,"height":800,"caption":"loja escolhelab"},"image":{"@id":"https:\/\/escolhelab.com.br\/#\/schema\/logo\/image\/"}}]}},"tiered_pricing_type":"percentage","tiered_pricing_fixed_rules":[],"tiered_pricing_product_settings":{"layout":"default","base_unit_name":{"singular":null,"plural":null},"default_variation":null},"tiered_pricing_minimum_quantity":null,"tiered_pricing_roles_data":[],"tiered_pricing_percentage_rules":{"2":"2","4":"4"},"tiered_pricing_maximum_quantity":null,"tiered_pricing_quantity_step":null,"_links":{"self":[{"href":"https:\/\/escolhelab.com.br\/en\/wp-json\/wp\/v2\/product\/30801","targetHints":{"allow":["GET"]}}],"collection":[{"href":"https:\/\/escolhelab.com.br\/en\/wp-json\/wp\/v2\/product"}],"about":[{"href":"https:\/\/escolhelab.com.br\/en\/wp-json\/wp\/v2\/types\/product"}],"replies":[{"embeddable":true,"href":"https:\/\/escolhelab.com.br\/en\/wp-json\/wp\/v2\/comments?post=30801"}],"version-history":[{"count":0,"href":"https:\/\/escolhelab.com.br\/en\/wp-json\/wp\/v2\/product\/30801\/revisions"}],"wp:featuredmedia":[{"embeddable":true,"href":"https:\/\/escolhelab.com.br\/en\/wp-json\/wp\/v2\/media\/30852"}],"wp:attachment":[{"href":"https:\/\/escolhelab.com.br\/en\/wp-json\/wp\/v2\/media?parent=30801"}],"wp:term":[{"taxonomy":"product_brand","embeddable":true,"href":"https:\/\/escolhelab.com.br\/en\/wp-json\/wp\/v2\/product_brand?post=30801"},{"taxonomy":"product_cat","embeddable":true,"href":"https:\/\/escolhelab.com.br\/en\/wp-json\/wp\/v2\/product_cat?post=30801"},{"taxonomy":"product_tag","embeddable":true,"href":"https:\/\/escolhelab.com.br\/en\/wp-json\/wp\/v2\/product_tag?post=30801"}],"curies":[{"name":"wp","href":"https:\/\/api.w.org\/{rel}","templated":true}]}}