{"id":30805,"date":"2024-06-07T13:50:03","date_gmt":"2024-06-07T16:50:03","guid":{"rendered":"https:\/\/escolhelab.com.br\/?post_type=product&#038;p=30805"},"modified":"2025-09-06T17:39:37","modified_gmt":"2025-09-06T20:39:37","slug":"copo-de-shop-rigler-graduado-em-acrilico","status":"publish","type":"product","link":"https:\/\/escolhelab.com.br\/en\/copo-de-shop-rigler-graduado-em-acrilico\/","title":{"rendered":"Copo de Shop Rigler Graduado em acr\u00edlico"},"content":{"rendered":"<h2><span style=\"font-family: helvetica, arial, sans-serif; font-size: 14pt;\"><strong>Copo\u00a0 Shop Rigler Graduado em\u00a0<\/strong><\/span><span style=\"font-family: helvetica, arial, sans-serif;\"><span style=\"font-size: 18.6667px;\"><b>acr\u00edlico<\/b><\/span><\/span><\/h2>\n<ul>\n<li><span style=\"font-family: helvetica, arial, sans-serif;\">Confeccionado em acr\u00edlico<\/span><br \/>\n<span style=\"font-family: helvetica, arial, sans-serif;\">Grava\u00e7\u00e3o da escala a laser<\/span><br \/>\n<span style=\"font-family: helvetica, arial, sans-serif;\">Material resistente e dur\u00e1vel<\/span><\/li>\n<\/ul>\n<p><strong><span style=\"font-size: 14pt;\"><img loading=\"lazy\" decoding=\"async\" class=\"alignnone  wp-image-33223\" role=\"img\" src=\"https:\/\/escolhelab.com.br\/wp-content\/uploads\/2024\/10\/icone-aviso-escolhelab-com-br.svg\" alt=\"\" width=\"25\" height=\"25\" \/>Aten\u00e7\u00e3o: produto de pl\u00e1stico n\u00e3o aferido.<\/span><\/strong><\/p>","protected":false},"excerpt":{"rendered":"<p><span style=\"font-family: helvetica, arial, sans-serif\">Capacidade 1000 mL.<br \/><\/span><span style=\"font-family: helvetica, arial, sans-serif\">Confeccionado em acr\u00edlico.<br \/><\/span><span style=\"font-family: helvetica, arial, sans-serif\">Duas gradua\u00e7\u00f5es, em mL. e \u00b0SR.<br \/><\/span><span style=\"font-family: helvetica, arial, sans-serif\">Gravadas \u00e0 laser<br \/><span style=\"text-decoration: underline\"><em><strong><img loading=\"lazy\" decoding=\"async\" class=\"alignnone  wp-image-37811\" src=\"https:\/\/escolhelab.com.br\/wp-content\/uploads\/2025\/09\/icone-atencao-300x300.png\" alt=\"\" width=\"26\" height=\"26\" srcset=\"https:\/\/escolhelab.com.br\/wp-content\/uploads\/2025\/09\/icone-atencao-300x300.png 300w, https:\/\/escolhelab.com.br\/wp-content\/uploads\/2025\/09\/icone-atencao-430x430.png 430w, https:\/\/escolhelab.com.br\/wp-content\/uploads\/2025\/09\/icone-atencao-150x150.png 150w, https:\/\/escolhelab.com.br\/wp-content\/uploads\/2025\/09\/icone-atencao-700x700.png 700w, https:\/\/escolhelab.com.br\/wp-content\/uploads\/2025\/09\/icone-atencao-768x768.png 768w, https:\/\/escolhelab.com.br\/wp-content\/uploads\/2025\/09\/icone-atencao.png 800w\" sizes=\"auto, (max-width: 26px) 100vw, 26px\" \/>Aten\u00e7\u00e3o: produto de pl\u00e1stico n\u00e3o aferido.<\/strong><\/em><\/span><br \/><\/span><\/p>","protected":false},"featured_media":30857,"comment_status":"open","ping_status":"closed","template":"","meta":{"_acf_changed":false,"iawp_total_views":50},"product_brand":[],"product_cat":[730,606],"product_tag":[],"class_list":{"0":"post-30805","1":"product","2":"type-product","3":"status-publish","4":"has-post-thumbnail","6":"product_cat-plastico-e-borrachas","7":"product_cat-quimico","8":"product_shipping_class-vendas-especiais","10":"first","11":"instock","12":"sale","13":"shipping-taxable","14":"purchasable","15":"product-type-simple"},"acf":[],"yoast_head":"<!-- This site is optimized with the Yoast SEO Premium plugin v26.2 (Yoast SEO v27.4) - https:\/\/yoast.com\/product\/yoast-seo-premium-wordpress\/ -->\n<title>Copo de Shop Rigler Graduado em acr\u00edlico -<\/title>\n<meta name=\"description\" content=\"Capacidade 1000 ml Confeccionado em acr\u00edlico. Duas gradua\u00e7\u00f5es, em mL. e .Gravadas \u00e0 laser rm acr\u00edlico resistente e dur\u00e1vel para o seu laborat\u00f3rio.\" \/>\n<meta name=\"robots\" content=\"index, follow, max-snippet:-1, max-image-preview:large, max-video-preview:-1\" \/>\n<link rel=\"canonical\" href=\"https:\/\/escolhelab.com.br\/en\/copo-de-shop-rigler-graduado-em-acrilico\/\" \/>\n<meta property=\"og:locale\" content=\"en_US\" \/>\n<meta property=\"og:type\" content=\"article\" \/>\n<meta property=\"og:title\" content=\"Copo de Shop Rigler Graduado em acr\u00edlico\" \/>\n<meta property=\"og:description\" content=\"Capacidade 1000 ml Confeccionado em acr\u00edlico. Duas gradua\u00e7\u00f5es, em mL. e .Gravadas \u00e0 laser rm acr\u00edlico resistente e dur\u00e1vel para o seu laborat\u00f3rio.\" \/>\n<meta property=\"og:url\" content=\"https:\/\/escolhelab.com.br\/en\/copo-de-shop-rigler-graduado-em-acrilico\/\" \/>\n<meta property=\"og:site_name\" content=\"Loja de produtos para laboratorio\" \/>\n<meta property=\"article:modified_time\" content=\"2025-09-06T20:39:37+00:00\" \/>\n<meta property=\"og:image\" content=\"https:\/\/escolhelab.com.br\/wp-content\/uploads\/2024\/06\/copo-schopper-riegler-sr-escolhefacil-c0m-3.png\" \/>\n\t<meta property=\"og:image:width\" content=\"700\" \/>\n\t<meta property=\"og:image:height\" content=\"800\" \/>\n\t<meta property=\"og:image:type\" content=\"image\/png\" \/>\n<meta name=\"twitter:card\" content=\"summary_large_image\" \/>\n<meta name=\"twitter:label1\" content=\"Est. reading time\" \/>\n\t<meta name=\"twitter:data1\" content=\"1 minute\" \/>\n<script type=\"application\/ld+json\" class=\"yoast-schema-graph\">{\"@context\":\"https:\\\/\\\/schema.org\",\"@graph\":[{\"@type\":\"WebPage\",\"@id\":\"https:\\\/\\\/escolhelab.com.br\\\/copo-de-shop-rigler-graduado-em-acrilico\\\/\",\"url\":\"https:\\\/\\\/escolhelab.com.br\\\/copo-de-shop-rigler-graduado-em-acrilico\\\/\",\"name\":\"Copo de Shop Rigler Graduado em acr\u00edlico -\",\"isPartOf\":{\"@id\":\"https:\\\/\\\/escolhelab.com.br\\\/#website\"},\"primaryImageOfPage\":{\"@id\":\"https:\\\/\\\/escolhelab.com.br\\\/copo-de-shop-rigler-graduado-em-acrilico\\\/#primaryimage\"},\"image\":{\"@id\":\"https:\\\/\\\/escolhelab.com.br\\\/copo-de-shop-rigler-graduado-em-acrilico\\\/#primaryimage\"},\"thumbnailUrl\":\"https:\\\/\\\/escolhelab.com.br\\\/wp-content\\\/uploads\\\/2024\\\/06\\\/copo-schopper-riegler-sr-escolhefacil-c0m-3.png\",\"datePublished\":\"2024-06-07T16:50:03+00:00\",\"dateModified\":\"2025-09-06T20:39:37+00:00\",\"description\":\"Capacidade 1000 ml Confeccionado em acr\u00edlico. Duas gradua\u00e7\u00f5es, em mL. e .Gravadas \u00e0 laser rm acr\u00edlico resistente e dur\u00e1vel para o seu laborat\u00f3rio.\",\"breadcrumb\":{\"@id\":\"https:\\\/\\\/escolhelab.com.br\\\/copo-de-shop-rigler-graduado-em-acrilico\\\/#breadcrumb\"},\"inLanguage\":\"en-US\",\"potentialAction\":[{\"@type\":\"ReadAction\",\"target\":[\"https:\\\/\\\/escolhelab.com.br\\\/copo-de-shop-rigler-graduado-em-acrilico\\\/\"]}]},{\"@type\":\"ImageObject\",\"inLanguage\":\"en-US\",\"@id\":\"https:\\\/\\\/escolhelab.com.br\\\/copo-de-shop-rigler-graduado-em-acrilico\\\/#primaryimage\",\"url\":\"https:\\\/\\\/escolhelab.com.br\\\/wp-content\\\/uploads\\\/2024\\\/06\\\/copo-schopper-riegler-sr-escolhefacil-c0m-3.png\",\"contentUrl\":\"https:\\\/\\\/escolhelab.com.br\\\/wp-content\\\/uploads\\\/2024\\\/06\\\/copo-schopper-riegler-sr-escolhefacil-c0m-3.png\",\"width\":700,\"height\":800},{\"@type\":\"BreadcrumbList\",\"@id\":\"https:\\\/\\\/escolhelab.com.br\\\/copo-de-shop-rigler-graduado-em-acrilico\\\/#breadcrumb\",\"itemListElement\":[{\"@type\":\"ListItem\",\"position\":1,\"name\":\"In\u00edcio\",\"item\":\"https:\\\/\\\/escolhelab.com.br\\\/\"},{\"@type\":\"ListItem\",\"position\":2,\"name\":\"loja\",\"item\":\"https:\\\/\\\/escolhelab.com.br\\\/loja\\\/\"},{\"@type\":\"ListItem\",\"position\":3,\"name\":\"Copo de Shop Rigler Graduado em acr\u00edlico\"}]},{\"@type\":\"WebSite\",\"@id\":\"https:\\\/\\\/escolhelab.com.br\\\/#website\",\"url\":\"https:\\\/\\\/escolhelab.com.br\\\/\",\"name\":\"Loja de produtos para laboratorio\",\"description\":\"Produtos para Laborat\u00f3rio,Artigos e outros na loja do quimico\",\"publisher\":{\"@id\":\"https:\\\/\\\/escolhelab.com.br\\\/#organization\"},\"alternateName\":\"escolhelab\",\"potentialAction\":[{\"@type\":\"SearchAction\",\"target\":{\"@type\":\"EntryPoint\",\"urlTemplate\":\"https:\\\/\\\/escolhelab.com.br\\\/?s={search_term_string}\"},\"query-input\":{\"@type\":\"PropertyValueSpecification\",\"valueRequired\":true,\"valueName\":\"search_term_string\"}}],\"inLanguage\":\"en-US\"},{\"@type\":\"Organization\",\"@id\":\"https:\\\/\\\/escolhelab.com.br\\\/#organization\",\"name\":\"loja escolhelab\",\"alternateName\":\"escolhelab\",\"url\":\"https:\\\/\\\/escolhelab.com.br\\\/\",\"logo\":{\"@type\":\"ImageObject\",\"inLanguage\":\"en-US\",\"@id\":\"https:\\\/\\\/escolhelab.com.br\\\/#\\\/schema\\\/logo\\\/image\\\/\",\"url\":\"https:\\\/\\\/escolhelab.com.br\\\/wp-content\\\/uploads\\\/2024\\\/12\\\/icone-e-512-512escolhelab-com-br-2-800x800.png\",\"contentUrl\":\"https:\\\/\\\/escolhelab.com.br\\\/wp-content\\\/uploads\\\/2024\\\/12\\\/icone-e-512-512escolhelab-com-br-2-800x800.png\",\"width\":800,\"height\":800,\"caption\":\"loja escolhelab\"},\"image\":{\"@id\":\"https:\\\/\\\/escolhelab.com.br\\\/#\\\/schema\\\/logo\\\/image\\\/\"}}]}<\/script>\n<!-- \/ Yoast SEO Premium plugin. -->","yoast_head_json":{"title":"Copo de Shop Rigler Graduado em acr\u00edlico -","description":"Capacidade 1000 ml Confeccionado em acr\u00edlico. Duas gradua\u00e7\u00f5es, em mL. e .Gravadas \u00e0 laser rm acr\u00edlico resistente e dur\u00e1vel para o seu laborat\u00f3rio.","robots":{"index":"index","follow":"follow","max-snippet":"max-snippet:-1","max-image-preview":"max-image-preview:large","max-video-preview":"max-video-preview:-1"},"canonical":"https:\/\/escolhelab.com.br\/en\/copo-de-shop-rigler-graduado-em-acrilico\/","og_locale":"en_US","og_type":"article","og_title":"Copo de Shop Rigler Graduado em acr\u00edlico","og_description":"Capacidade 1000 ml Confeccionado em acr\u00edlico. Duas gradua\u00e7\u00f5es, em mL. e .Gravadas \u00e0 laser rm acr\u00edlico resistente e dur\u00e1vel para o seu laborat\u00f3rio.","og_url":"https:\/\/escolhelab.com.br\/en\/copo-de-shop-rigler-graduado-em-acrilico\/","og_site_name":"Loja de produtos para laboratorio","article_modified_time":"2025-09-06T20:39:37+00:00","og_image":[{"width":700,"height":800,"url":"https:\/\/escolhelab.com.br\/wp-content\/uploads\/2024\/06\/copo-schopper-riegler-sr-escolhefacil-c0m-3.png","type":"image\/png"}],"twitter_card":"summary_large_image","twitter_misc":{"Est. reading time":"1 minute"},"schema":{"@context":"https:\/\/schema.org","@graph":[{"@type":"WebPage","@id":"https:\/\/escolhelab.com.br\/copo-de-shop-rigler-graduado-em-acrilico\/","url":"https:\/\/escolhelab.com.br\/copo-de-shop-rigler-graduado-em-acrilico\/","name":"Copo de Shop Rigler Graduado em acr\u00edlico -","isPartOf":{"@id":"https:\/\/escolhelab.com.br\/#website"},"primaryImageOfPage":{"@id":"https:\/\/escolhelab.com.br\/copo-de-shop-rigler-graduado-em-acrilico\/#primaryimage"},"image":{"@id":"https:\/\/escolhelab.com.br\/copo-de-shop-rigler-graduado-em-acrilico\/#primaryimage"},"thumbnailUrl":"https:\/\/escolhelab.com.br\/wp-content\/uploads\/2024\/06\/copo-schopper-riegler-sr-escolhefacil-c0m-3.png","datePublished":"2024-06-07T16:50:03+00:00","dateModified":"2025-09-06T20:39:37+00:00","description":"Capacidade 1000 ml Confeccionado em acr\u00edlico. Duas gradua\u00e7\u00f5es, em mL. e .Gravadas \u00e0 laser rm acr\u00edlico resistente e dur\u00e1vel para o seu laborat\u00f3rio.","breadcrumb":{"@id":"https:\/\/escolhelab.com.br\/copo-de-shop-rigler-graduado-em-acrilico\/#breadcrumb"},"inLanguage":"en-US","potentialAction":[{"@type":"ReadAction","target":["https:\/\/escolhelab.com.br\/copo-de-shop-rigler-graduado-em-acrilico\/"]}]},{"@type":"ImageObject","inLanguage":"en-US","@id":"https:\/\/escolhelab.com.br\/copo-de-shop-rigler-graduado-em-acrilico\/#primaryimage","url":"https:\/\/escolhelab.com.br\/wp-content\/uploads\/2024\/06\/copo-schopper-riegler-sr-escolhefacil-c0m-3.png","contentUrl":"https:\/\/escolhelab.com.br\/wp-content\/uploads\/2024\/06\/copo-schopper-riegler-sr-escolhefacil-c0m-3.png","width":700,"height":800},{"@type":"BreadcrumbList","@id":"https:\/\/escolhelab.com.br\/copo-de-shop-rigler-graduado-em-acrilico\/#breadcrumb","itemListElement":[{"@type":"ListItem","position":1,"name":"In\u00edcio","item":"https:\/\/escolhelab.com.br\/"},{"@type":"ListItem","position":2,"name":"loja","item":"https:\/\/escolhelab.com.br\/loja\/"},{"@type":"ListItem","position":3,"name":"Copo de Shop Rigler Graduado em acr\u00edlico"}]},{"@type":"WebSite","@id":"https:\/\/escolhelab.com.br\/#website","url":"https:\/\/escolhelab.com.br\/","name":"Loja de produtos para laboratorio","description":"Produtos para Laborat\u00f3rio,Artigos e outros na loja do quimico","publisher":{"@id":"https:\/\/escolhelab.com.br\/#organization"},"alternateName":"escolhelab","potentialAction":[{"@type":"SearchAction","target":{"@type":"EntryPoint","urlTemplate":"https:\/\/escolhelab.com.br\/?s={search_term_string}"},"query-input":{"@type":"PropertyValueSpecification","valueRequired":true,"valueName":"search_term_string"}}],"inLanguage":"en-US"},{"@type":"Organization","@id":"https:\/\/escolhelab.com.br\/#organization","name":"loja escolhelab","alternateName":"escolhelab","url":"https:\/\/escolhelab.com.br\/","logo":{"@type":"ImageObject","inLanguage":"en-US","@id":"https:\/\/escolhelab.com.br\/#\/schema\/logo\/image\/","url":"https:\/\/escolhelab.com.br\/wp-content\/uploads\/2024\/12\/icone-e-512-512escolhelab-com-br-2-800x800.png","contentUrl":"https:\/\/escolhelab.com.br\/wp-content\/uploads\/2024\/12\/icone-e-512-512escolhelab-com-br-2-800x800.png","width":800,"height":800,"caption":"loja escolhelab"},"image":{"@id":"https:\/\/escolhelab.com.br\/#\/schema\/logo\/image\/"}}]}},"tiered_pricing_type":"percentage","tiered_pricing_fixed_rules":[],"tiered_pricing_product_settings":{"layout":"default","base_unit_name":{"singular":null,"plural":null},"default_variation":null},"tiered_pricing_minimum_quantity":null,"tiered_pricing_roles_data":[],"tiered_pricing_percentage_rules":{"2":"5","3":"8"},"tiered_pricing_maximum_quantity":null,"tiered_pricing_quantity_step":null,"_links":{"self":[{"href":"https:\/\/escolhelab.com.br\/en\/wp-json\/wp\/v2\/product\/30805","targetHints":{"allow":["GET"]}}],"collection":[{"href":"https:\/\/escolhelab.com.br\/en\/wp-json\/wp\/v2\/product"}],"about":[{"href":"https:\/\/escolhelab.com.br\/en\/wp-json\/wp\/v2\/types\/product"}],"replies":[{"embeddable":true,"href":"https:\/\/escolhelab.com.br\/en\/wp-json\/wp\/v2\/comments?post=30805"}],"version-history":[{"count":0,"href":"https:\/\/escolhelab.com.br\/en\/wp-json\/wp\/v2\/product\/30805\/revisions"}],"wp:featuredmedia":[{"embeddable":true,"href":"https:\/\/escolhelab.com.br\/en\/wp-json\/wp\/v2\/media\/30857"}],"wp:attachment":[{"href":"https:\/\/escolhelab.com.br\/en\/wp-json\/wp\/v2\/media?parent=30805"}],"wp:term":[{"taxonomy":"product_brand","embeddable":true,"href":"https:\/\/escolhelab.com.br\/en\/wp-json\/wp\/v2\/product_brand?post=30805"},{"taxonomy":"product_cat","embeddable":true,"href":"https:\/\/escolhelab.com.br\/en\/wp-json\/wp\/v2\/product_cat?post=30805"},{"taxonomy":"product_tag","embeddable":true,"href":"https:\/\/escolhelab.com.br\/en\/wp-json\/wp\/v2\/product_tag?post=30805"}],"curies":[{"name":"wp","href":"https:\/\/api.w.org\/{rel}","templated":true}]}}