{"id":30806,"date":"2024-06-07T13:50:03","date_gmt":"2024-06-07T16:50:03","guid":{"rendered":"https:\/\/escolhelab.com.br\/?post_type=product&#038;p=30806"},"modified":"2025-08-22T16:34:07","modified_gmt":"2025-08-22T19:34:07","slug":"medidor-ph-digital-lcd-phmetro","status":"publish","type":"product","link":"https:\/\/escolhelab.com.br\/en\/medidor-ph-digital-lcd-phmetro\/","title":{"rendered":"Medidor PH  Digital LCD  PHMETRO"},"content":{"rendered":"<p><span style=\"font-family: helvetica, arial, sans-serif; font-size: 14pt;\"><strong>Medidor PH Digital LCD PHMETRO<\/strong><\/span><\/p>\n<p style=\"text-align: left;\" align=\"start\"><img loading=\"lazy\" decoding=\"async\" class=\"size-medium wp-image-31115 alignleft\" src=\"https:\/\/escolhelab.com.br\/wp-content\/uploads\/2024\/06\/ph5-300x300.jpg\" alt=\"\" width=\"300\" height=\"300\" srcset=\"https:\/\/escolhelab.com.br\/wp-content\/uploads\/2024\/06\/ph5-300x300.jpg 300w, https:\/\/escolhelab.com.br\/wp-content\/uploads\/2024\/06\/ph5-430x430.jpg 430w, https:\/\/escolhelab.com.br\/wp-content\/uploads\/2024\/06\/ph5-150x150.jpg 150w, https:\/\/escolhelab.com.br\/wp-content\/uploads\/2024\/06\/ph5-700x700.jpg 700w, https:\/\/escolhelab.com.br\/wp-content\/uploads\/2024\/06\/ph5-800x800.jpg 800w, https:\/\/escolhelab.com.br\/wp-content\/uploads\/2024\/06\/ph5-768x768.jpg 768w, https:\/\/escolhelab.com.br\/wp-content\/uploads\/2024\/06\/ph5.jpg 1000w\" sizes=\"auto, (max-width: 300px) 100vw, 300px\" \/><\/p>\n<p style=\"text-align: left;\" align=\"start\"><span style=\"font-family: helvetica, arial, sans-serif;\">Para este testador de ph, ele n\u00e3o inclui l\u00edquido de calibra\u00e7\u00e3o, o que voc\u00ea receber talvez n\u00e3o precisa, a fim de garantir a precis\u00e3o deste item, por favor fa\u00e7a a calibra\u00e7\u00e3o quando voc\u00ea receber o pacote.<br \/>\nEste medidor de ph do estilo da pena de digitas \u00e9 um instrumento ideal para o aqu\u00e1rio, a ind\u00fastria da pesca, a piscina, o laborat\u00f3rio da escola, o alimento &amp; a bebida etc.<\/span><br \/>\n<span style=\"font-family: helvetica, arial, sans-serif;\">Por favor calibrar com a solu\u00e7\u00e3o de buffer antes de usar.<\/span><br \/>\n<span style=\"font-family: helvetica, arial, sans-serif;\">Medidor excelente, muito preciso e dur\u00e1vel<\/span><\/p>\n<p align=\"start\"><span style=\"font-family: helvetica, arial, sans-serif;\"><strong>Instru\u00e7\u00f5es<\/strong><\/span><\/p>\n<ul>\n<li><span style=\"font-family: helvetica, arial, sans-serif;\">Etapa 1. remova a tampa protetora.<\/span><\/li>\n<li><span style=\"font-family: helvetica, arial, sans-serif;\">Passo 2. primeiro limpe o el\u00e9trodo com \u00e1gua destilada e sugue-o com papel de filtro.<\/span><\/li>\n<li><span style=\"font-family: helvetica, arial, sans-serif;\">Passo 3. ligue o ph pelo interruptor &#8220;ligado&#8221; localizado na parte superior da caixa da bateria.<\/span><\/li>\n<li><span style=\"font-family: helvetica, arial, sans-serif;\">Passo 4. mergulhe o eletrodo do medidor de ph na solu\u00e7\u00e3o at\u00e9 ser o n\u00edvel de imers\u00e3o.<\/span><\/li>\n<li><span style=\"font-family: helvetica, arial, sans-serif;\" data-spm-anchor-id=\"a2g0o.detail.1000023.i7.68213f8bqTzV4N\">Passo 5. mexa suavemente e espere que a leitura estabilize.<\/span><\/li>\n<li><span style=\"font-family: helvetica, arial, sans-serif;\">Passo 6. ap\u00f3s o uso, desligue o ph, use a \u00e1gua destilada limpe o el\u00e9trodo e substitua a tampa protetora.<\/span><\/li>\n<\/ul>","protected":false},"excerpt":{"rendered":"<p><span style=\"font-family: helvetica, arial, sans-serif;\">Verificador PH-009 ia 0.0 do medidor de ph de digitas do teste de \u00e1gua da pena do bolso-14.0ph para o laborat\u00f3rio de agua.<\/span> Para este testador de ph, ele n\u00e3o inclui l\u00edquido de calibra\u00e7\u00e3o, o que voc\u00ea receber talvez n\u00e3o precisa, a fim de garantir a precis\u00e3o deste item, por favor fa\u00e7a a calibra\u00e7\u00e3o quando voc\u00ea receber o pacote.<\/p>","protected":false},"featured_media":30859,"comment_status":"open","ping_status":"closed","template":"","meta":{"_acf_changed":false,"iawp_total_views":13},"product_brand":[],"product_cat":[726,733,606],"product_tag":[],"class_list":{"0":"post-30806","1":"product","2":"type-product","3":"status-publish","4":"has-post-thumbnail","6":"product_cat-analises-aguas-e-papel-ph","7":"product_cat-equipamento-laboratorio","8":"product_cat-quimico","9":"product_shipping_class-produtos-laboratorio-quimico","11":"first","12":"instock","13":"sale","14":"shipping-taxable","15":"purchasable","16":"product-type-simple"},"acf":[],"yoast_head":"<!-- This site is optimized with the Yoast SEO Premium plugin v26.2 (Yoast SEO v27.3) - https:\/\/yoast.com\/product\/yoast-seo-premium-wordpress\/ -->\n<title>Medidor PH Digital LCD PHMETRO<\/title>\n<meta name=\"description\" content=\"% Medidor PH Digital LCD PHMETRO\" \/>\n<meta name=\"robots\" content=\"index, follow, max-snippet:-1, max-image-preview:large, max-video-preview:-1\" \/>\n<link rel=\"canonical\" href=\"https:\/\/escolhelab.com.br\/en\/medidor-ph-digital-lcd-phmetro\/\" \/>\n<meta property=\"og:locale\" content=\"en_US\" \/>\n<meta property=\"og:type\" content=\"article\" \/>\n<meta property=\"og:title\" content=\"Medidor PH Digital LCD PHMETRO\" \/>\n<meta property=\"og:description\" content=\"% Medidor PH Digital LCD PHMETRO\" \/>\n<meta property=\"og:url\" content=\"https:\/\/escolhelab.com.br\/en\/medidor-ph-digital-lcd-phmetro\/\" \/>\n<meta property=\"og:site_name\" content=\"Loja de produtos para laboratorio\" \/>\n<meta property=\"article:modified_time\" content=\"2025-08-22T19:34:07+00:00\" \/>\n<meta property=\"og:image\" content=\"https:\/\/escolhelab.com.br\/wp-content\/uploads\/2024\/06\/mrdido-ph-1-escolhefacil-com-3.png\" \/>\n\t<meta property=\"og:image:width\" content=\"700\" \/>\n\t<meta property=\"og:image:height\" content=\"800\" \/>\n\t<meta property=\"og:image:type\" content=\"image\/png\" \/>\n<meta name=\"twitter:card\" content=\"summary_large_image\" \/>\n<meta name=\"twitter:label1\" content=\"Est. reading time\" \/>\n\t<meta name=\"twitter:data1\" content=\"2 minutes\" \/>\n<script type=\"application\/ld+json\" class=\"yoast-schema-graph\">{\"@context\":\"https:\\\/\\\/schema.org\",\"@graph\":[{\"@type\":\"WebPage\",\"@id\":\"https:\\\/\\\/escolhelab.com.br\\\/medidor-ph-digital-lcd-phmetro\\\/\",\"url\":\"https:\\\/\\\/escolhelab.com.br\\\/medidor-ph-digital-lcd-phmetro\\\/\",\"name\":\"Medidor PH Digital LCD PHMETRO\",\"isPartOf\":{\"@id\":\"https:\\\/\\\/escolhelab.com.br\\\/#website\"},\"primaryImageOfPage\":{\"@id\":\"https:\\\/\\\/escolhelab.com.br\\\/medidor-ph-digital-lcd-phmetro\\\/#primaryimage\"},\"image\":{\"@id\":\"https:\\\/\\\/escolhelab.com.br\\\/medidor-ph-digital-lcd-phmetro\\\/#primaryimage\"},\"thumbnailUrl\":\"https:\\\/\\\/escolhelab.com.br\\\/wp-content\\\/uploads\\\/2024\\\/06\\\/mrdido-ph-1-escolhefacil-com-3.png\",\"datePublished\":\"2024-06-07T16:50:03+00:00\",\"dateModified\":\"2025-08-22T19:34:07+00:00\",\"description\":\"% Medidor PH Digital LCD PHMETRO\",\"breadcrumb\":{\"@id\":\"https:\\\/\\\/escolhelab.com.br\\\/medidor-ph-digital-lcd-phmetro\\\/#breadcrumb\"},\"inLanguage\":\"en-US\",\"potentialAction\":[{\"@type\":\"ReadAction\",\"target\":[\"https:\\\/\\\/escolhelab.com.br\\\/medidor-ph-digital-lcd-phmetro\\\/\"]}]},{\"@type\":\"ImageObject\",\"inLanguage\":\"en-US\",\"@id\":\"https:\\\/\\\/escolhelab.com.br\\\/medidor-ph-digital-lcd-phmetro\\\/#primaryimage\",\"url\":\"https:\\\/\\\/escolhelab.com.br\\\/wp-content\\\/uploads\\\/2024\\\/06\\\/mrdido-ph-1-escolhefacil-com-3.png\",\"contentUrl\":\"https:\\\/\\\/escolhelab.com.br\\\/wp-content\\\/uploads\\\/2024\\\/06\\\/mrdido-ph-1-escolhefacil-com-3.png\",\"width\":700,\"height\":800},{\"@type\":\"BreadcrumbList\",\"@id\":\"https:\\\/\\\/escolhelab.com.br\\\/medidor-ph-digital-lcd-phmetro\\\/#breadcrumb\",\"itemListElement\":[{\"@type\":\"ListItem\",\"position\":1,\"name\":\"In\u00edcio\",\"item\":\"https:\\\/\\\/escolhelab.com.br\\\/\"},{\"@type\":\"ListItem\",\"position\":2,\"name\":\"loja\",\"item\":\"https:\\\/\\\/escolhelab.com.br\\\/loja\\\/\"},{\"@type\":\"ListItem\",\"position\":3,\"name\":\"Medidor PH Digital LCD PHMETRO\"}]},{\"@type\":\"WebSite\",\"@id\":\"https:\\\/\\\/escolhelab.com.br\\\/#website\",\"url\":\"https:\\\/\\\/escolhelab.com.br\\\/\",\"name\":\"Loja de produtos para laboratorio\",\"description\":\"Produtos para Laborat\u00f3rio,Artigos e outros na loja do quimico\",\"publisher\":{\"@id\":\"https:\\\/\\\/escolhelab.com.br\\\/#organization\"},\"alternateName\":\"escolhelab\",\"potentialAction\":[{\"@type\":\"SearchAction\",\"target\":{\"@type\":\"EntryPoint\",\"urlTemplate\":\"https:\\\/\\\/escolhelab.com.br\\\/?s={search_term_string}\"},\"query-input\":{\"@type\":\"PropertyValueSpecification\",\"valueRequired\":true,\"valueName\":\"search_term_string\"}}],\"inLanguage\":\"en-US\"},{\"@type\":\"Organization\",\"@id\":\"https:\\\/\\\/escolhelab.com.br\\\/#organization\",\"name\":\"loja escolhelab\",\"alternateName\":\"escolhelab\",\"url\":\"https:\\\/\\\/escolhelab.com.br\\\/\",\"logo\":{\"@type\":\"ImageObject\",\"inLanguage\":\"en-US\",\"@id\":\"https:\\\/\\\/escolhelab.com.br\\\/#\\\/schema\\\/logo\\\/image\\\/\",\"url\":\"https:\\\/\\\/escolhelab.com.br\\\/wp-content\\\/uploads\\\/2024\\\/12\\\/icone-e-512-512escolhelab-com-br-2-800x800.png\",\"contentUrl\":\"https:\\\/\\\/escolhelab.com.br\\\/wp-content\\\/uploads\\\/2024\\\/12\\\/icone-e-512-512escolhelab-com-br-2-800x800.png\",\"width\":800,\"height\":800,\"caption\":\"loja escolhelab\"},\"image\":{\"@id\":\"https:\\\/\\\/escolhelab.com.br\\\/#\\\/schema\\\/logo\\\/image\\\/\"}}]}<\/script>\n<!-- \/ Yoast SEO Premium plugin. -->","yoast_head_json":{"title":"Medidor PH Digital LCD PHMETRO","description":"% Medidor PH Digital LCD PHMETRO","robots":{"index":"index","follow":"follow","max-snippet":"max-snippet:-1","max-image-preview":"max-image-preview:large","max-video-preview":"max-video-preview:-1"},"canonical":"https:\/\/escolhelab.com.br\/en\/medidor-ph-digital-lcd-phmetro\/","og_locale":"en_US","og_type":"article","og_title":"Medidor PH Digital LCD PHMETRO","og_description":"% Medidor PH Digital LCD PHMETRO","og_url":"https:\/\/escolhelab.com.br\/en\/medidor-ph-digital-lcd-phmetro\/","og_site_name":"Loja de produtos para laboratorio","article_modified_time":"2025-08-22T19:34:07+00:00","og_image":[{"width":700,"height":800,"url":"https:\/\/escolhelab.com.br\/wp-content\/uploads\/2024\/06\/mrdido-ph-1-escolhefacil-com-3.png","type":"image\/png"}],"twitter_card":"summary_large_image","twitter_misc":{"Est. reading time":"2 minutes"},"schema":{"@context":"https:\/\/schema.org","@graph":[{"@type":"WebPage","@id":"https:\/\/escolhelab.com.br\/medidor-ph-digital-lcd-phmetro\/","url":"https:\/\/escolhelab.com.br\/medidor-ph-digital-lcd-phmetro\/","name":"Medidor PH Digital LCD PHMETRO","isPartOf":{"@id":"https:\/\/escolhelab.com.br\/#website"},"primaryImageOfPage":{"@id":"https:\/\/escolhelab.com.br\/medidor-ph-digital-lcd-phmetro\/#primaryimage"},"image":{"@id":"https:\/\/escolhelab.com.br\/medidor-ph-digital-lcd-phmetro\/#primaryimage"},"thumbnailUrl":"https:\/\/escolhelab.com.br\/wp-content\/uploads\/2024\/06\/mrdido-ph-1-escolhefacil-com-3.png","datePublished":"2024-06-07T16:50:03+00:00","dateModified":"2025-08-22T19:34:07+00:00","description":"% Medidor PH Digital LCD PHMETRO","breadcrumb":{"@id":"https:\/\/escolhelab.com.br\/medidor-ph-digital-lcd-phmetro\/#breadcrumb"},"inLanguage":"en-US","potentialAction":[{"@type":"ReadAction","target":["https:\/\/escolhelab.com.br\/medidor-ph-digital-lcd-phmetro\/"]}]},{"@type":"ImageObject","inLanguage":"en-US","@id":"https:\/\/escolhelab.com.br\/medidor-ph-digital-lcd-phmetro\/#primaryimage","url":"https:\/\/escolhelab.com.br\/wp-content\/uploads\/2024\/06\/mrdido-ph-1-escolhefacil-com-3.png","contentUrl":"https:\/\/escolhelab.com.br\/wp-content\/uploads\/2024\/06\/mrdido-ph-1-escolhefacil-com-3.png","width":700,"height":800},{"@type":"BreadcrumbList","@id":"https:\/\/escolhelab.com.br\/medidor-ph-digital-lcd-phmetro\/#breadcrumb","itemListElement":[{"@type":"ListItem","position":1,"name":"In\u00edcio","item":"https:\/\/escolhelab.com.br\/"},{"@type":"ListItem","position":2,"name":"loja","item":"https:\/\/escolhelab.com.br\/loja\/"},{"@type":"ListItem","position":3,"name":"Medidor PH Digital LCD PHMETRO"}]},{"@type":"WebSite","@id":"https:\/\/escolhelab.com.br\/#website","url":"https:\/\/escolhelab.com.br\/","name":"Loja de produtos para laboratorio","description":"Produtos para Laborat\u00f3rio,Artigos e outros na loja do quimico","publisher":{"@id":"https:\/\/escolhelab.com.br\/#organization"},"alternateName":"escolhelab","potentialAction":[{"@type":"SearchAction","target":{"@type":"EntryPoint","urlTemplate":"https:\/\/escolhelab.com.br\/?s={search_term_string}"},"query-input":{"@type":"PropertyValueSpecification","valueRequired":true,"valueName":"search_term_string"}}],"inLanguage":"en-US"},{"@type":"Organization","@id":"https:\/\/escolhelab.com.br\/#organization","name":"loja escolhelab","alternateName":"escolhelab","url":"https:\/\/escolhelab.com.br\/","logo":{"@type":"ImageObject","inLanguage":"en-US","@id":"https:\/\/escolhelab.com.br\/#\/schema\/logo\/image\/","url":"https:\/\/escolhelab.com.br\/wp-content\/uploads\/2024\/12\/icone-e-512-512escolhelab-com-br-2-800x800.png","contentUrl":"https:\/\/escolhelab.com.br\/wp-content\/uploads\/2024\/12\/icone-e-512-512escolhelab-com-br-2-800x800.png","width":800,"height":800,"caption":"loja escolhelab"},"image":{"@id":"https:\/\/escolhelab.com.br\/#\/schema\/logo\/image\/"}}]}},"tiered_pricing_type":"percentage","tiered_pricing_fixed_rules":[],"tiered_pricing_product_settings":{"layout":"default","base_unit_name":{"singular":null,"plural":null},"default_variation":null},"tiered_pricing_minimum_quantity":null,"tiered_pricing_roles_data":[],"tiered_pricing_percentage_rules":{"2":"2","3":"4"},"tiered_pricing_maximum_quantity":null,"tiered_pricing_quantity_step":null,"_links":{"self":[{"href":"https:\/\/escolhelab.com.br\/en\/wp-json\/wp\/v2\/product\/30806","targetHints":{"allow":["GET"]}}],"collection":[{"href":"https:\/\/escolhelab.com.br\/en\/wp-json\/wp\/v2\/product"}],"about":[{"href":"https:\/\/escolhelab.com.br\/en\/wp-json\/wp\/v2\/types\/product"}],"replies":[{"embeddable":true,"href":"https:\/\/escolhelab.com.br\/en\/wp-json\/wp\/v2\/comments?post=30806"}],"version-history":[{"count":0,"href":"https:\/\/escolhelab.com.br\/en\/wp-json\/wp\/v2\/product\/30806\/revisions"}],"wp:featuredmedia":[{"embeddable":true,"href":"https:\/\/escolhelab.com.br\/en\/wp-json\/wp\/v2\/media\/30859"}],"wp:attachment":[{"href":"https:\/\/escolhelab.com.br\/en\/wp-json\/wp\/v2\/media?parent=30806"}],"wp:term":[{"taxonomy":"product_brand","embeddable":true,"href":"https:\/\/escolhelab.com.br\/en\/wp-json\/wp\/v2\/product_brand?post=30806"},{"taxonomy":"product_cat","embeddable":true,"href":"https:\/\/escolhelab.com.br\/en\/wp-json\/wp\/v2\/product_cat?post=30806"},{"taxonomy":"product_tag","embeddable":true,"href":"https:\/\/escolhelab.com.br\/en\/wp-json\/wp\/v2\/product_tag?post=30806"}],"curies":[{"name":"wp","href":"https:\/\/api.w.org\/{rel}","templated":true}]}}