{"id":30812,"date":"2024-06-07T13:50:04","date_gmt":"2024-06-07T16:50:04","guid":{"rendered":"https:\/\/escolhelab.com.br\/?post_type=product&#038;p=30812"},"modified":"2026-04-10T15:29:21","modified_gmt":"2026-04-10T18:29:21","slug":"almotolia-em-pe-com-bico-reto","status":"publish","type":"product","link":"https:\/\/escolhelab.com.br\/en\/almotolia-em-pe-com-bico-reto\/","title":{"rendered":"Almotolia em PE com bico reto"},"content":{"rendered":"<h1 class=\"product_title wd-entities-title\"><span style=\"font-family: helvetica, arial, sans-serif; font-size: 12pt;\">Almotolia em PE com bico reto<\/span><\/h1>\n<p><span style=\"font-size: 12pt;\">A\u00a0<strong>Almotolia Bico Reto Graduada em Alto Relevo<\/strong>\u00a0\u00e9 projetada para armazenar e dispensar l\u00edquidos de forma pr\u00e1tica e segura, sendo ideal para uso em laborat\u00f3rios, ind\u00fastrias qu\u00edmicas, cosm\u00e9ticas e farmac\u00eauticas. Com um design funcional, o frasco \u00e9 fabricado em polipropileno resistente e transl\u00facido, permitindo a visualiza\u00e7\u00e3o do conte\u00fado interno. A gradua\u00e7\u00e3o em alto relevo facilita a medi\u00e7\u00e3o precisa dos l\u00edquidos. Dispon\u00edvel em tr\u00eas capacidades\u2014125 mL, 250 mL e 500 mL\u2014esta almotolia \u00e9 vers\u00e1til e atende a diferentes necessidades de armazenamento.<\/span><\/p>\n<p><span style=\"font-size: 12pt;\"><strong>Caracter\u00edsticas:<\/strong><\/span><\/p>\n<ul>\n<li><span style=\"font-size: 12pt;\">Frasco pl\u00e1stico flex\u00edvel com bico reto;<\/span><\/li>\n<li><span style=\"font-size: 12pt;\">Fabricado em polipropileno resistente e transl\u00facido;<\/span><\/li>\n<li><span style=\"font-size: 12pt;\">Graduado em alto relevo para medi\u00e7\u00e3o precisa;<\/span><\/li>\n<li><span style=\"font-size: 12pt;\">Dispon\u00edvel em tr\u00eas capacidades: 125 mL, 250 mL e 500 mL.<\/span><\/li>\n<\/ul>","protected":false},"excerpt":{"rendered":"<p><span style=\"font-size: 12pt;\">A\u00a0<strong>Almotolia Bico Reto Graduada em Alto Relevo<\/strong> \u00e9 projetada para armazenar e dispensar l\u00edquidos de forma pr\u00e1tica e segura, sendo ideal para uso em laborat\u00f3rios, ind\u00fastrias qu\u00edmicas, cosm\u00e9ticas e farmac\u00eauticas.<br \/>\n<\/span><strong><span style=\"font-size: 14pt;\"><span style=\"font-family: helvetica, arial, sans-serif;\">Tamanho: 250 ml e 500ml<\/span><\/span><\/strong><\/p>","protected":false},"featured_media":31502,"comment_status":"open","ping_status":"closed","template":"","meta":{"_acf_changed":false,"iawp_total_views":37},"product_brand":[],"product_cat":[730,606],"product_tag":[],"class_list":{"0":"post-30812","1":"product","2":"type-product","3":"status-publish","4":"has-post-thumbnail","6":"product_cat-plastico-e-borrachas","7":"product_cat-quimico","8":"product_shipping_class-produtos-laboratorio-quimico","10":"first","11":"instock","12":"shipping-taxable","13":"purchasable","14":"product-type-variable"},"acf":[],"yoast_head":"<!-- This site is optimized with the Yoast SEO Premium plugin v26.2 (Yoast SEO v27.3) - https:\/\/yoast.com\/product\/yoast-seo-premium-wordpress\/ -->\n<title>Almotolia em PE com bico reto<\/title>\n<meta name=\"description\" content=\"A\u00a0Almotolia Bico Reto Graduada em Alto Relevo\u00a0\u00e9 projetada para armazenar e dispensar l\u00edquidos de forma pr\u00e1tica e segura, sendo ideal para uso\" \/>\n<meta name=\"robots\" content=\"index, follow, max-snippet:-1, max-image-preview:large, max-video-preview:-1\" \/>\n<link rel=\"canonical\" href=\"https:\/\/escolhelab.com.br\/en\/almotolia-em-pe-com-bico-reto\/\" \/>\n<meta property=\"og:locale\" content=\"en_US\" \/>\n<meta property=\"og:type\" content=\"article\" \/>\n<meta property=\"og:title\" content=\"Almotolia em PE com bico reto\" \/>\n<meta property=\"og:description\" content=\"A\u00a0Almotolia Bico Reto Graduada em Alto Relevo\u00a0\u00e9 projetada para armazenar e dispensar l\u00edquidos de forma pr\u00e1tica e segura, sendo ideal para uso\" \/>\n<meta property=\"og:url\" content=\"https:\/\/escolhelab.com.br\/en\/almotolia-em-pe-com-bico-reto\/\" \/>\n<meta property=\"og:site_name\" content=\"Loja de produtos para laboratorio\" \/>\n<meta property=\"article:modified_time\" content=\"2026-04-10T18:29:21+00:00\" \/>\n<meta property=\"og:image\" content=\"https:\/\/escolhelab.com.br\/wp-content\/uploads\/2024\/06\/amotolia-escolhelab-c0m-nr.png\" \/>\n\t<meta property=\"og:image:width\" content=\"700\" \/>\n\t<meta property=\"og:image:height\" content=\"800\" \/>\n\t<meta property=\"og:image:type\" content=\"image\/png\" \/>\n<meta name=\"twitter:card\" content=\"summary_large_image\" \/>\n<meta name=\"twitter:label1\" content=\"Est. reading time\" \/>\n\t<meta name=\"twitter:data1\" content=\"1 minute\" \/>\n<script type=\"application\/ld+json\" class=\"yoast-schema-graph\">{\"@context\":\"https:\\\/\\\/schema.org\",\"@graph\":[{\"@type\":\"WebPage\",\"@id\":\"https:\\\/\\\/escolhelab.com.br\\\/almotolia-em-pe-com-bico-reto\\\/\",\"url\":\"https:\\\/\\\/escolhelab.com.br\\\/almotolia-em-pe-com-bico-reto\\\/\",\"name\":\"Almotolia em PE com bico reto\",\"isPartOf\":{\"@id\":\"https:\\\/\\\/escolhelab.com.br\\\/#website\"},\"primaryImageOfPage\":{\"@id\":\"https:\\\/\\\/escolhelab.com.br\\\/almotolia-em-pe-com-bico-reto\\\/#primaryimage\"},\"image\":{\"@id\":\"https:\\\/\\\/escolhelab.com.br\\\/almotolia-em-pe-com-bico-reto\\\/#primaryimage\"},\"thumbnailUrl\":\"https:\\\/\\\/escolhelab.com.br\\\/wp-content\\\/uploads\\\/2024\\\/06\\\/amotolia-escolhelab-c0m-nr.png\",\"datePublished\":\"2024-06-07T16:50:04+00:00\",\"dateModified\":\"2026-04-10T18:29:21+00:00\",\"description\":\"A\u00a0Almotolia Bico Reto Graduada em Alto Relevo\u00a0\u00e9 projetada para armazenar e dispensar l\u00edquidos de forma pr\u00e1tica e segura, sendo ideal para uso\",\"breadcrumb\":{\"@id\":\"https:\\\/\\\/escolhelab.com.br\\\/almotolia-em-pe-com-bico-reto\\\/#breadcrumb\"},\"inLanguage\":\"en-US\",\"potentialAction\":[{\"@type\":\"ReadAction\",\"target\":[\"https:\\\/\\\/escolhelab.com.br\\\/almotolia-em-pe-com-bico-reto\\\/\"]}]},{\"@type\":\"ImageObject\",\"inLanguage\":\"en-US\",\"@id\":\"https:\\\/\\\/escolhelab.com.br\\\/almotolia-em-pe-com-bico-reto\\\/#primaryimage\",\"url\":\"https:\\\/\\\/escolhelab.com.br\\\/wp-content\\\/uploads\\\/2024\\\/06\\\/amotolia-escolhelab-c0m-nr.png\",\"contentUrl\":\"https:\\\/\\\/escolhelab.com.br\\\/wp-content\\\/uploads\\\/2024\\\/06\\\/amotolia-escolhelab-c0m-nr.png\",\"width\":700,\"height\":800},{\"@type\":\"BreadcrumbList\",\"@id\":\"https:\\\/\\\/escolhelab.com.br\\\/almotolia-em-pe-com-bico-reto\\\/#breadcrumb\",\"itemListElement\":[{\"@type\":\"ListItem\",\"position\":1,\"name\":\"In\u00edcio\",\"item\":\"https:\\\/\\\/escolhelab.com.br\\\/\"},{\"@type\":\"ListItem\",\"position\":2,\"name\":\"loja\",\"item\":\"https:\\\/\\\/escolhelab.com.br\\\/loja\\\/\"},{\"@type\":\"ListItem\",\"position\":3,\"name\":\"Almotolia em PE com bico reto\"}]},{\"@type\":\"WebSite\",\"@id\":\"https:\\\/\\\/escolhelab.com.br\\\/#website\",\"url\":\"https:\\\/\\\/escolhelab.com.br\\\/\",\"name\":\"Loja de produtos para laboratorio\",\"description\":\"Produtos para Laborat\u00f3rio,Artigos e outros na loja do quimico\",\"publisher\":{\"@id\":\"https:\\\/\\\/escolhelab.com.br\\\/#organization\"},\"alternateName\":\"escolhelab\",\"potentialAction\":[{\"@type\":\"SearchAction\",\"target\":{\"@type\":\"EntryPoint\",\"urlTemplate\":\"https:\\\/\\\/escolhelab.com.br\\\/?s={search_term_string}\"},\"query-input\":{\"@type\":\"PropertyValueSpecification\",\"valueRequired\":true,\"valueName\":\"search_term_string\"}}],\"inLanguage\":\"en-US\"},{\"@type\":\"Organization\",\"@id\":\"https:\\\/\\\/escolhelab.com.br\\\/#organization\",\"name\":\"loja escolhelab\",\"alternateName\":\"escolhelab\",\"url\":\"https:\\\/\\\/escolhelab.com.br\\\/\",\"logo\":{\"@type\":\"ImageObject\",\"inLanguage\":\"en-US\",\"@id\":\"https:\\\/\\\/escolhelab.com.br\\\/#\\\/schema\\\/logo\\\/image\\\/\",\"url\":\"https:\\\/\\\/escolhelab.com.br\\\/wp-content\\\/uploads\\\/2024\\\/12\\\/icone-e-512-512escolhelab-com-br-2-800x800.png\",\"contentUrl\":\"https:\\\/\\\/escolhelab.com.br\\\/wp-content\\\/uploads\\\/2024\\\/12\\\/icone-e-512-512escolhelab-com-br-2-800x800.png\",\"width\":800,\"height\":800,\"caption\":\"loja escolhelab\"},\"image\":{\"@id\":\"https:\\\/\\\/escolhelab.com.br\\\/#\\\/schema\\\/logo\\\/image\\\/\"}}]}<\/script>\n<!-- \/ Yoast SEO Premium plugin. -->","yoast_head_json":{"title":"Almotolia em PE com bico reto","description":"A\u00a0Almotolia Bico Reto Graduada em Alto Relevo\u00a0\u00e9 projetada para armazenar e dispensar l\u00edquidos de forma pr\u00e1tica e segura, sendo ideal para uso","robots":{"index":"index","follow":"follow","max-snippet":"max-snippet:-1","max-image-preview":"max-image-preview:large","max-video-preview":"max-video-preview:-1"},"canonical":"https:\/\/escolhelab.com.br\/en\/almotolia-em-pe-com-bico-reto\/","og_locale":"en_US","og_type":"article","og_title":"Almotolia em PE com bico reto","og_description":"A\u00a0Almotolia Bico Reto Graduada em Alto Relevo\u00a0\u00e9 projetada para armazenar e dispensar l\u00edquidos de forma pr\u00e1tica e segura, sendo ideal para uso","og_url":"https:\/\/escolhelab.com.br\/en\/almotolia-em-pe-com-bico-reto\/","og_site_name":"Loja de produtos para laboratorio","article_modified_time":"2026-04-10T18:29:21+00:00","og_image":[{"width":700,"height":800,"url":"https:\/\/escolhelab.com.br\/wp-content\/uploads\/2024\/06\/amotolia-escolhelab-c0m-nr.png","type":"image\/png"}],"twitter_card":"summary_large_image","twitter_misc":{"Est. reading time":"1 minute"},"schema":{"@context":"https:\/\/schema.org","@graph":[{"@type":"WebPage","@id":"https:\/\/escolhelab.com.br\/almotolia-em-pe-com-bico-reto\/","url":"https:\/\/escolhelab.com.br\/almotolia-em-pe-com-bico-reto\/","name":"Almotolia em PE com bico reto","isPartOf":{"@id":"https:\/\/escolhelab.com.br\/#website"},"primaryImageOfPage":{"@id":"https:\/\/escolhelab.com.br\/almotolia-em-pe-com-bico-reto\/#primaryimage"},"image":{"@id":"https:\/\/escolhelab.com.br\/almotolia-em-pe-com-bico-reto\/#primaryimage"},"thumbnailUrl":"https:\/\/escolhelab.com.br\/wp-content\/uploads\/2024\/06\/amotolia-escolhelab-c0m-nr.png","datePublished":"2024-06-07T16:50:04+00:00","dateModified":"2026-04-10T18:29:21+00:00","description":"A\u00a0Almotolia Bico Reto Graduada em Alto Relevo\u00a0\u00e9 projetada para armazenar e dispensar l\u00edquidos de forma pr\u00e1tica e segura, sendo ideal para uso","breadcrumb":{"@id":"https:\/\/escolhelab.com.br\/almotolia-em-pe-com-bico-reto\/#breadcrumb"},"inLanguage":"en-US","potentialAction":[{"@type":"ReadAction","target":["https:\/\/escolhelab.com.br\/almotolia-em-pe-com-bico-reto\/"]}]},{"@type":"ImageObject","inLanguage":"en-US","@id":"https:\/\/escolhelab.com.br\/almotolia-em-pe-com-bico-reto\/#primaryimage","url":"https:\/\/escolhelab.com.br\/wp-content\/uploads\/2024\/06\/amotolia-escolhelab-c0m-nr.png","contentUrl":"https:\/\/escolhelab.com.br\/wp-content\/uploads\/2024\/06\/amotolia-escolhelab-c0m-nr.png","width":700,"height":800},{"@type":"BreadcrumbList","@id":"https:\/\/escolhelab.com.br\/almotolia-em-pe-com-bico-reto\/#breadcrumb","itemListElement":[{"@type":"ListItem","position":1,"name":"In\u00edcio","item":"https:\/\/escolhelab.com.br\/"},{"@type":"ListItem","position":2,"name":"loja","item":"https:\/\/escolhelab.com.br\/loja\/"},{"@type":"ListItem","position":3,"name":"Almotolia em PE com bico reto"}]},{"@type":"WebSite","@id":"https:\/\/escolhelab.com.br\/#website","url":"https:\/\/escolhelab.com.br\/","name":"Loja de produtos para laboratorio","description":"Produtos para Laborat\u00f3rio,Artigos e outros na loja do quimico","publisher":{"@id":"https:\/\/escolhelab.com.br\/#organization"},"alternateName":"escolhelab","potentialAction":[{"@type":"SearchAction","target":{"@type":"EntryPoint","urlTemplate":"https:\/\/escolhelab.com.br\/?s={search_term_string}"},"query-input":{"@type":"PropertyValueSpecification","valueRequired":true,"valueName":"search_term_string"}}],"inLanguage":"en-US"},{"@type":"Organization","@id":"https:\/\/escolhelab.com.br\/#organization","name":"loja escolhelab","alternateName":"escolhelab","url":"https:\/\/escolhelab.com.br\/","logo":{"@type":"ImageObject","inLanguage":"en-US","@id":"https:\/\/escolhelab.com.br\/#\/schema\/logo\/image\/","url":"https:\/\/escolhelab.com.br\/wp-content\/uploads\/2024\/12\/icone-e-512-512escolhelab-com-br-2-800x800.png","contentUrl":"https:\/\/escolhelab.com.br\/wp-content\/uploads\/2024\/12\/icone-e-512-512escolhelab-com-br-2-800x800.png","width":800,"height":800,"caption":"loja escolhelab"},"image":{"@id":"https:\/\/escolhelab.com.br\/#\/schema\/logo\/image\/"}}]}},"tiered_pricing_type":"percentage","tiered_pricing_fixed_rules":[],"tiered_pricing_product_settings":{"layout":"blocks","base_unit_name":{"singular":null,"plural":null},"default_variation":null},"tiered_pricing_minimum_quantity":null,"tiered_pricing_roles_data":[],"tiered_pricing_percentage_rules":[],"tiered_pricing_maximum_quantity":null,"tiered_pricing_quantity_step":null,"_links":{"self":[{"href":"https:\/\/escolhelab.com.br\/en\/wp-json\/wp\/v2\/product\/30812","targetHints":{"allow":["GET"]}}],"collection":[{"href":"https:\/\/escolhelab.com.br\/en\/wp-json\/wp\/v2\/product"}],"about":[{"href":"https:\/\/escolhelab.com.br\/en\/wp-json\/wp\/v2\/types\/product"}],"replies":[{"embeddable":true,"href":"https:\/\/escolhelab.com.br\/en\/wp-json\/wp\/v2\/comments?post=30812"}],"version-history":[{"count":0,"href":"https:\/\/escolhelab.com.br\/en\/wp-json\/wp\/v2\/product\/30812\/revisions"}],"wp:featuredmedia":[{"embeddable":true,"href":"https:\/\/escolhelab.com.br\/en\/wp-json\/wp\/v2\/media\/31502"}],"wp:attachment":[{"href":"https:\/\/escolhelab.com.br\/en\/wp-json\/wp\/v2\/media?parent=30812"}],"wp:term":[{"taxonomy":"product_brand","embeddable":true,"href":"https:\/\/escolhelab.com.br\/en\/wp-json\/wp\/v2\/product_brand?post=30812"},{"taxonomy":"product_cat","embeddable":true,"href":"https:\/\/escolhelab.com.br\/en\/wp-json\/wp\/v2\/product_cat?post=30812"},{"taxonomy":"product_tag","embeddable":true,"href":"https:\/\/escolhelab.com.br\/en\/wp-json\/wp\/v2\/product_tag?post=30812"}],"curies":[{"name":"wp","href":"https:\/\/api.w.org\/{rel}","templated":true}]}}