{"id":30813,"date":"2024-06-07T13:50:04","date_gmt":"2024-06-07T16:50:04","guid":{"rendered":"https:\/\/escolhelab.com.br\/?post_type=product&#038;p=30813"},"modified":"2025-08-22T17:11:14","modified_gmt":"2025-08-22T20:11:14","slug":"becker-em-pp-autoclavavel-c","status":"publish","type":"product","link":"https:\/\/escolhelab.com.br\/en\/becker-em-pp-autoclavavel-c\/","title":{"rendered":"Becker em PP Autoclav\u00e1vel"},"content":{"rendered":"<h1 class=\"product_title wd-entities-title\"><span style=\"font-family: helvetica, arial, sans-serif; font-size: 14pt;\">Becker em PP Autoclav\u00e1vel<\/span><\/h1>\n<p>O Copo Becker\/B\u00e9quer Pl\u00e1stico \u00e9 um acess\u00f3rio muito \u00fatil em ambientes laboratoriais. Fabricado em polipropileno, este copo \u00e9 resistente \u00e0 maioria dos produtos qu\u00edmicos e possui bico projetado que n\u00e3o permite gotejamento. Al\u00e9m disso, possui gradua\u00e7\u00e3o em silk-screen em todas as capacidades, o que facilita a medi\u00e7\u00e3o de l\u00edquidos. O Copo Becker\/B\u00e9quer Pl\u00e1stico em Polipropileno \u00e9 autoclav\u00e1vel a 121\u00baC, o que garante a sua higieniza\u00e7\u00e3o.<\/p>\n<p><strong>Caracter\u00edsticas:<\/strong><\/p>\n<ul>\n<li>Forma baixa para facilitar o manuseio;<\/li>\n<li>Fabricado em Polipropileno, garantindo durabilidade;<\/li>\n<li>Bico projetado para evitar gotejamentos, aumentando a precis\u00e3o;<\/li>\n<li>Gradua\u00e7\u00f5es em silk-screen para medi\u00e7\u00f5es f\u00e1ceis e r\u00e1pidas;<\/li>\n<li>Autoclav\u00e1vel a 121\u00baC, permitindo esteriliza\u00e7\u00e3o eficaz.<\/li>\n<\/ul>\n<h1 class=\"product_title wd-entities-title\"><span style=\"font-family: helvetica, arial, sans-serif; font-size: 14pt;\">\u00a0<\/span><\/h1>","protected":false},"excerpt":{"rendered":"<p>O Copo Becker\/B\u00e9quer Pl\u00e1stico \u00e9 um acess\u00f3rio muito \u00fatil em ambientes laboratoriais. Fabricado em polipropileno, este copo \u00e9 resistente \u00e0 maioria dos produtos qu\u00edmicos e possui bico projetado que n\u00e3o permite gotejamento.<br \/>\n<span style=\"font-family: helvetica, arial, sans-serif;\">Copo becker forma baixa, em pl\u00e1stico Polipropileno (PP);<\/span><\/p>\n<ul>\n<li><span style=\"font-family: helvetica, arial, sans-serif;\">Becker em PP\u00a0 Autoclav\u00e1vel at\u00e9 121\u00b0C;<\/span><\/li>\n<li><span style=\"font-family: helvetica, arial, sans-serif;\">Resist\u00eancia \u00e0 maioria dos produtos qu\u00edmicos;<\/span><\/li>\n<li><span style=\"font-family: helvetica, arial, sans-serif;\">Cont\u00e9m bico projetado que n\u00e3o permite gotejamento;<\/span><\/li>\n<li><span style=\"font-family: helvetica, arial, sans-serif;\">Graduado em silk-screen em v\u00e1rias capacidades.<\/span><\/li>\n<\/ul>","protected":false},"featured_media":31516,"comment_status":"open","ping_status":"closed","template":"","meta":{"_acf_changed":false,"iawp_total_views":16},"product_brand":[],"product_cat":[730,606],"product_tag":[],"class_list":{"0":"post-30813","1":"product","2":"type-product","3":"status-publish","4":"has-post-thumbnail","6":"product_cat-plastico-e-borrachas","7":"product_cat-quimico","8":"product_shipping_class-produtos-laboratorio-quimico","10":"first","11":"instock","12":"shipping-taxable","13":"purchasable","14":"product-type-variable"},"acf":[],"yoast_head":"<!-- This site is optimized with the Yoast SEO Premium plugin v26.2 (Yoast SEO v27.3) - https:\/\/yoast.com\/product\/yoast-seo-premium-wordpress\/ -->\n<title>Becker em PP Autoclav\u00e1vel<\/title>\n<meta name=\"description\" content=\"Becker em PP Autoclav\u00e1velBecker em PP\u00a0 Autoclav\u00e1vel at\u00e9 121\u00b0C;Resist\u00eancia \u00e0 maioria dos produtos qu\u00edmicos;Cont\u00e9m bico projetado que n\u00e3o permite gotejamento\" \/>\n<meta name=\"robots\" content=\"index, follow, max-snippet:-1, max-image-preview:large, max-video-preview:-1\" \/>\n<link rel=\"canonical\" href=\"https:\/\/escolhelab.com.br\/en\/becker-em-pp-autoclavavel-c\/\" \/>\n<meta property=\"og:locale\" content=\"en_US\" \/>\n<meta property=\"og:type\" content=\"article\" \/>\n<meta property=\"og:title\" content=\"Becker em PP Autoclav\u00e1vel\" \/>\n<meta property=\"og:description\" content=\"Becker em PP Autoclav\u00e1velBecker em PP\u00a0 Autoclav\u00e1vel at\u00e9 121\u00b0C;Resist\u00eancia \u00e0 maioria dos produtos qu\u00edmicos;Cont\u00e9m bico projetado que n\u00e3o permite gotejamento\" \/>\n<meta property=\"og:url\" content=\"https:\/\/escolhelab.com.br\/en\/becker-em-pp-autoclavavel-c\/\" \/>\n<meta property=\"og:site_name\" content=\"Loja de produtos para laboratorio\" \/>\n<meta property=\"article:modified_time\" content=\"2025-08-22T20:11:14+00:00\" \/>\n<meta property=\"og:image\" content=\"https:\/\/escolhelab.com.br\/wp-content\/uploads\/2024\/06\/becjer-pp-escolhelab-com-br.png\" \/>\n\t<meta property=\"og:image:width\" content=\"700\" \/>\n\t<meta property=\"og:image:height\" content=\"800\" \/>\n\t<meta property=\"og:image:type\" content=\"image\/png\" \/>\n<meta name=\"twitter:card\" content=\"summary_large_image\" \/>\n<meta name=\"twitter:label1\" content=\"Est. reading time\" \/>\n\t<meta name=\"twitter:data1\" content=\"1 minute\" \/>\n<script type=\"application\/ld+json\" class=\"yoast-schema-graph\">{\"@context\":\"https:\\\/\\\/schema.org\",\"@graph\":[{\"@type\":\"WebPage\",\"@id\":\"https:\\\/\\\/escolhelab.com.br\\\/becker-em-pp-autoclavavel-c\\\/\",\"url\":\"https:\\\/\\\/escolhelab.com.br\\\/becker-em-pp-autoclavavel-c\\\/\",\"name\":\"Becker em PP Autoclav\u00e1vel\",\"isPartOf\":{\"@id\":\"https:\\\/\\\/escolhelab.com.br\\\/#website\"},\"primaryImageOfPage\":{\"@id\":\"https:\\\/\\\/escolhelab.com.br\\\/becker-em-pp-autoclavavel-c\\\/#primaryimage\"},\"image\":{\"@id\":\"https:\\\/\\\/escolhelab.com.br\\\/becker-em-pp-autoclavavel-c\\\/#primaryimage\"},\"thumbnailUrl\":\"https:\\\/\\\/escolhelab.com.br\\\/wp-content\\\/uploads\\\/2024\\\/06\\\/becjer-pp-escolhelab-com-br.png\",\"datePublished\":\"2024-06-07T16:50:04+00:00\",\"dateModified\":\"2025-08-22T20:11:14+00:00\",\"description\":\"Becker em PP Autoclav\u00e1velBecker em PP\u00a0 Autoclav\u00e1vel at\u00e9 121\u00b0C;Resist\u00eancia \u00e0 maioria dos produtos qu\u00edmicos;Cont\u00e9m bico projetado que n\u00e3o permite gotejamento\",\"breadcrumb\":{\"@id\":\"https:\\\/\\\/escolhelab.com.br\\\/becker-em-pp-autoclavavel-c\\\/#breadcrumb\"},\"inLanguage\":\"en-US\",\"potentialAction\":[{\"@type\":\"ReadAction\",\"target\":[\"https:\\\/\\\/escolhelab.com.br\\\/becker-em-pp-autoclavavel-c\\\/\"]}]},{\"@type\":\"ImageObject\",\"inLanguage\":\"en-US\",\"@id\":\"https:\\\/\\\/escolhelab.com.br\\\/becker-em-pp-autoclavavel-c\\\/#primaryimage\",\"url\":\"https:\\\/\\\/escolhelab.com.br\\\/wp-content\\\/uploads\\\/2024\\\/06\\\/becjer-pp-escolhelab-com-br.png\",\"contentUrl\":\"https:\\\/\\\/escolhelab.com.br\\\/wp-content\\\/uploads\\\/2024\\\/06\\\/becjer-pp-escolhelab-com-br.png\",\"width\":700,\"height\":800},{\"@type\":\"BreadcrumbList\",\"@id\":\"https:\\\/\\\/escolhelab.com.br\\\/becker-em-pp-autoclavavel-c\\\/#breadcrumb\",\"itemListElement\":[{\"@type\":\"ListItem\",\"position\":1,\"name\":\"In\u00edcio\",\"item\":\"https:\\\/\\\/escolhelab.com.br\\\/\"},{\"@type\":\"ListItem\",\"position\":2,\"name\":\"loja\",\"item\":\"https:\\\/\\\/escolhelab.com.br\\\/loja\\\/\"},{\"@type\":\"ListItem\",\"position\":3,\"name\":\"Becker em PP Autoclav\u00e1vel\"}]},{\"@type\":\"WebSite\",\"@id\":\"https:\\\/\\\/escolhelab.com.br\\\/#website\",\"url\":\"https:\\\/\\\/escolhelab.com.br\\\/\",\"name\":\"Loja de produtos para laboratorio\",\"description\":\"Produtos para Laborat\u00f3rio,Artigos e outros na loja do quimico\",\"publisher\":{\"@id\":\"https:\\\/\\\/escolhelab.com.br\\\/#organization\"},\"alternateName\":\"escolhelab\",\"potentialAction\":[{\"@type\":\"SearchAction\",\"target\":{\"@type\":\"EntryPoint\",\"urlTemplate\":\"https:\\\/\\\/escolhelab.com.br\\\/?s={search_term_string}\"},\"query-input\":{\"@type\":\"PropertyValueSpecification\",\"valueRequired\":true,\"valueName\":\"search_term_string\"}}],\"inLanguage\":\"en-US\"},{\"@type\":\"Organization\",\"@id\":\"https:\\\/\\\/escolhelab.com.br\\\/#organization\",\"name\":\"loja escolhelab\",\"alternateName\":\"escolhelab\",\"url\":\"https:\\\/\\\/escolhelab.com.br\\\/\",\"logo\":{\"@type\":\"ImageObject\",\"inLanguage\":\"en-US\",\"@id\":\"https:\\\/\\\/escolhelab.com.br\\\/#\\\/schema\\\/logo\\\/image\\\/\",\"url\":\"https:\\\/\\\/escolhelab.com.br\\\/wp-content\\\/uploads\\\/2024\\\/12\\\/icone-e-512-512escolhelab-com-br-2-800x800.png\",\"contentUrl\":\"https:\\\/\\\/escolhelab.com.br\\\/wp-content\\\/uploads\\\/2024\\\/12\\\/icone-e-512-512escolhelab-com-br-2-800x800.png\",\"width\":800,\"height\":800,\"caption\":\"loja escolhelab\"},\"image\":{\"@id\":\"https:\\\/\\\/escolhelab.com.br\\\/#\\\/schema\\\/logo\\\/image\\\/\"}}]}<\/script>\n<!-- \/ Yoast SEO Premium plugin. -->","yoast_head_json":{"title":"Becker em PP Autoclav\u00e1vel","description":"Becker em PP Autoclav\u00e1velBecker em PP\u00a0 Autoclav\u00e1vel at\u00e9 121\u00b0C;Resist\u00eancia \u00e0 maioria dos produtos qu\u00edmicos;Cont\u00e9m bico projetado que n\u00e3o permite gotejamento","robots":{"index":"index","follow":"follow","max-snippet":"max-snippet:-1","max-image-preview":"max-image-preview:large","max-video-preview":"max-video-preview:-1"},"canonical":"https:\/\/escolhelab.com.br\/en\/becker-em-pp-autoclavavel-c\/","og_locale":"en_US","og_type":"article","og_title":"Becker em PP Autoclav\u00e1vel","og_description":"Becker em PP Autoclav\u00e1velBecker em PP\u00a0 Autoclav\u00e1vel at\u00e9 121\u00b0C;Resist\u00eancia \u00e0 maioria dos produtos qu\u00edmicos;Cont\u00e9m bico projetado que n\u00e3o permite gotejamento","og_url":"https:\/\/escolhelab.com.br\/en\/becker-em-pp-autoclavavel-c\/","og_site_name":"Loja de produtos para laboratorio","article_modified_time":"2025-08-22T20:11:14+00:00","og_image":[{"width":700,"height":800,"url":"https:\/\/escolhelab.com.br\/wp-content\/uploads\/2024\/06\/becjer-pp-escolhelab-com-br.png","type":"image\/png"}],"twitter_card":"summary_large_image","twitter_misc":{"Est. reading time":"1 minute"},"schema":{"@context":"https:\/\/schema.org","@graph":[{"@type":"WebPage","@id":"https:\/\/escolhelab.com.br\/becker-em-pp-autoclavavel-c\/","url":"https:\/\/escolhelab.com.br\/becker-em-pp-autoclavavel-c\/","name":"Becker em PP Autoclav\u00e1vel","isPartOf":{"@id":"https:\/\/escolhelab.com.br\/#website"},"primaryImageOfPage":{"@id":"https:\/\/escolhelab.com.br\/becker-em-pp-autoclavavel-c\/#primaryimage"},"image":{"@id":"https:\/\/escolhelab.com.br\/becker-em-pp-autoclavavel-c\/#primaryimage"},"thumbnailUrl":"https:\/\/escolhelab.com.br\/wp-content\/uploads\/2024\/06\/becjer-pp-escolhelab-com-br.png","datePublished":"2024-06-07T16:50:04+00:00","dateModified":"2025-08-22T20:11:14+00:00","description":"Becker em PP Autoclav\u00e1velBecker em PP\u00a0 Autoclav\u00e1vel at\u00e9 121\u00b0C;Resist\u00eancia \u00e0 maioria dos produtos qu\u00edmicos;Cont\u00e9m bico projetado que n\u00e3o permite gotejamento","breadcrumb":{"@id":"https:\/\/escolhelab.com.br\/becker-em-pp-autoclavavel-c\/#breadcrumb"},"inLanguage":"en-US","potentialAction":[{"@type":"ReadAction","target":["https:\/\/escolhelab.com.br\/becker-em-pp-autoclavavel-c\/"]}]},{"@type":"ImageObject","inLanguage":"en-US","@id":"https:\/\/escolhelab.com.br\/becker-em-pp-autoclavavel-c\/#primaryimage","url":"https:\/\/escolhelab.com.br\/wp-content\/uploads\/2024\/06\/becjer-pp-escolhelab-com-br.png","contentUrl":"https:\/\/escolhelab.com.br\/wp-content\/uploads\/2024\/06\/becjer-pp-escolhelab-com-br.png","width":700,"height":800},{"@type":"BreadcrumbList","@id":"https:\/\/escolhelab.com.br\/becker-em-pp-autoclavavel-c\/#breadcrumb","itemListElement":[{"@type":"ListItem","position":1,"name":"In\u00edcio","item":"https:\/\/escolhelab.com.br\/"},{"@type":"ListItem","position":2,"name":"loja","item":"https:\/\/escolhelab.com.br\/loja\/"},{"@type":"ListItem","position":3,"name":"Becker em PP Autoclav\u00e1vel"}]},{"@type":"WebSite","@id":"https:\/\/escolhelab.com.br\/#website","url":"https:\/\/escolhelab.com.br\/","name":"Loja de produtos para laboratorio","description":"Produtos para Laborat\u00f3rio,Artigos e outros na loja do quimico","publisher":{"@id":"https:\/\/escolhelab.com.br\/#organization"},"alternateName":"escolhelab","potentialAction":[{"@type":"SearchAction","target":{"@type":"EntryPoint","urlTemplate":"https:\/\/escolhelab.com.br\/?s={search_term_string}"},"query-input":{"@type":"PropertyValueSpecification","valueRequired":true,"valueName":"search_term_string"}}],"inLanguage":"en-US"},{"@type":"Organization","@id":"https:\/\/escolhelab.com.br\/#organization","name":"loja escolhelab","alternateName":"escolhelab","url":"https:\/\/escolhelab.com.br\/","logo":{"@type":"ImageObject","inLanguage":"en-US","@id":"https:\/\/escolhelab.com.br\/#\/schema\/logo\/image\/","url":"https:\/\/escolhelab.com.br\/wp-content\/uploads\/2024\/12\/icone-e-512-512escolhelab-com-br-2-800x800.png","contentUrl":"https:\/\/escolhelab.com.br\/wp-content\/uploads\/2024\/12\/icone-e-512-512escolhelab-com-br-2-800x800.png","width":800,"height":800,"caption":"loja escolhelab"},"image":{"@id":"https:\/\/escolhelab.com.br\/#\/schema\/logo\/image\/"}}]}},"tiered_pricing_type":"fixed","tiered_pricing_fixed_rules":[],"tiered_pricing_product_settings":{"layout":"default","base_unit_name":{"singular":null,"plural":null},"default_variation":null},"tiered_pricing_minimum_quantity":null,"tiered_pricing_roles_data":[],"tiered_pricing_percentage_rules":[],"tiered_pricing_maximum_quantity":null,"tiered_pricing_quantity_step":null,"_links":{"self":[{"href":"https:\/\/escolhelab.com.br\/en\/wp-json\/wp\/v2\/product\/30813","targetHints":{"allow":["GET"]}}],"collection":[{"href":"https:\/\/escolhelab.com.br\/en\/wp-json\/wp\/v2\/product"}],"about":[{"href":"https:\/\/escolhelab.com.br\/en\/wp-json\/wp\/v2\/types\/product"}],"replies":[{"embeddable":true,"href":"https:\/\/escolhelab.com.br\/en\/wp-json\/wp\/v2\/comments?post=30813"}],"version-history":[{"count":0,"href":"https:\/\/escolhelab.com.br\/en\/wp-json\/wp\/v2\/product\/30813\/revisions"}],"wp:featuredmedia":[{"embeddable":true,"href":"https:\/\/escolhelab.com.br\/en\/wp-json\/wp\/v2\/media\/31516"}],"wp:attachment":[{"href":"https:\/\/escolhelab.com.br\/en\/wp-json\/wp\/v2\/media?parent=30813"}],"wp:term":[{"taxonomy":"product_brand","embeddable":true,"href":"https:\/\/escolhelab.com.br\/en\/wp-json\/wp\/v2\/product_brand?post=30813"},{"taxonomy":"product_cat","embeddable":true,"href":"https:\/\/escolhelab.com.br\/en\/wp-json\/wp\/v2\/product_cat?post=30813"},{"taxonomy":"product_tag","embeddable":true,"href":"https:\/\/escolhelab.com.br\/en\/wp-json\/wp\/v2\/product_tag?post=30813"}],"curies":[{"name":"wp","href":"https:\/\/api.w.org\/{rel}","templated":true}]}}