{"id":30819,"date":"2024-06-07T13:50:04","date_gmt":"2024-06-07T16:50:04","guid":{"rendered":"https:\/\/escolhelab.com.br\/?post_type=product&#038;p=30819"},"modified":"2025-08-27T09:27:16","modified_gmt":"2025-08-27T12:27:16","slug":"lava-olhos-de-emergencia","status":"publish","type":"product","link":"https:\/\/escolhelab.com.br\/en\/lava-olhos-de-emergencia\/","title":{"rendered":"Lava Olhos de Emerg\u00eancia"},"content":{"rendered":"<h1 class=\"product_title wd-entities-title\"><span style=\"font-family: helvetica, arial, sans-serif; font-size: 14pt;\">Lava Olhos de Emerg\u00eancia<\/span><\/h1>\n<p><span style=\"font-family: helvetica, arial, sans-serif;\">O Lava Olhos de Emerg\u00eancia \u00e9 um produto essencial para laborat\u00f3rios que trabalham com produtos qu\u00edmicos e outras subst\u00e2ncias perigosas. Este produto \u00e9 um tipo de frasco de f\u00e1cil manuseio que permite uma lavagem imediata do olho em caso de acidentes. Com uma capacidade de 500ml, este lava olhos \u00e9 fabricado em pl\u00e1stico poliestireno, o que o torna altamente male\u00e1vel para o acionamento r\u00e1pido do dispositivo em casos de emerg\u00eancia. Al\u00e9m disso, possui uma tampa resistente em polipropileno e uma mangueira em PVC transparente.<br \/>\n<\/span><span style=\"font-family: helvetica, arial, sans-serif;\">Este Lava Olhos de Emerg\u00eancia est\u00e1 dispon\u00edvel em modelos com ou sem suporte, o que proporciona maior flexibilidade para ser instalado em diferentes ambientes de trabalho. Com esse produto em m\u00e3os, voc\u00ea estar\u00e1 preparado para lidar com poss\u00edveis emerg\u00eancias de maneira r\u00e1pida e eficiente, evitando assim danos \u00e0 sa\u00fade dos funcion\u00e1rios e preju\u00edzos financeiros para a empresa. Este produto \u00e9 um item obrigat\u00f3rio em qualquer ambiente onde haja manipula\u00e7\u00e3o de produtos qu\u00edmicos e outras subst\u00e2ncias perigosas.<\/span><\/p>","protected":false},"excerpt":{"rendered":"<p><span style=\"font-family: helvetica, arial, sans-serif;\">O Lava Olhos de Emerg\u00eancia \u00e9 um produto essencial para laborat\u00f3rios que trabalham com produtos qu\u00edmicos e outras subst\u00e2ncias perigosas. Este produto \u00e9 um tipo de frasco de f\u00e1cil manuseio que permite uma lavagem imediata do olho em caso de acidentes. Com uma capacidade de 500ml, este lava olhos.\u00a0<\/span><\/p>","protected":false},"featured_media":31504,"comment_status":"open","ping_status":"closed","template":"","meta":{"_acf_changed":false,"iawp_total_views":15},"product_brand":[],"product_cat":[730,606],"product_tag":[],"class_list":{"0":"post-30819","1":"product","2":"type-product","3":"status-publish","4":"has-post-thumbnail","6":"product_cat-plastico-e-borrachas","7":"product_cat-quimico","8":"product_shipping_class-produtos-laboratorio-quimico","10":"first","11":"instock","12":"shipping-taxable","13":"purchasable","14":"product-type-simple"},"acf":[],"yoast_head":"<!-- This site is optimized with the Yoast SEO Premium plugin v26.2 (Yoast SEO v27.3) - https:\/\/yoast.com\/product\/yoast-seo-premium-wordpress\/ -->\n<title>Lava Olhos de Emerg\u00eancia<\/title>\n<meta name=\"description\" content=\"O Lava Olhos de Emerg\u00eancia \u00e9 um produto essencial para laborat\u00f3rios que trabalham com produtos qu\u00edmicos e outras subst\u00e2ncias perigosas.\" \/>\n<meta name=\"robots\" content=\"index, follow, max-snippet:-1, max-image-preview:large, max-video-preview:-1\" \/>\n<link rel=\"canonical\" href=\"https:\/\/escolhelab.com.br\/en\/lava-olhos-de-emergencia\/\" \/>\n<meta property=\"og:locale\" content=\"en_US\" \/>\n<meta property=\"og:type\" content=\"article\" \/>\n<meta property=\"og:title\" content=\"Lava Olhos de Emerg\u00eancia\" \/>\n<meta property=\"og:description\" content=\"O Lava Olhos de Emerg\u00eancia \u00e9 um produto essencial para laborat\u00f3rios que trabalham com produtos qu\u00edmicos e outras subst\u00e2ncias perigosas.\" \/>\n<meta property=\"og:url\" content=\"https:\/\/escolhelab.com.br\/en\/lava-olhos-de-emergencia\/\" \/>\n<meta property=\"og:site_name\" content=\"Loja de produtos para laboratorio\" \/>\n<meta property=\"article:modified_time\" content=\"2025-08-27T12:27:16+00:00\" \/>\n<meta property=\"og:image\" content=\"https:\/\/escolhelab.com.br\/wp-content\/uploads\/2024\/06\/lava-olho-escolhelab-com-br.png\" \/>\n\t<meta property=\"og:image:width\" content=\"700\" \/>\n\t<meta property=\"og:image:height\" content=\"800\" \/>\n\t<meta property=\"og:image:type\" content=\"image\/png\" \/>\n<meta name=\"twitter:card\" content=\"summary_large_image\" \/>\n<meta name=\"twitter:label1\" content=\"Est. reading time\" \/>\n\t<meta name=\"twitter:data1\" content=\"2 minutes\" \/>\n<script type=\"application\/ld+json\" class=\"yoast-schema-graph\">{\"@context\":\"https:\\\/\\\/schema.org\",\"@graph\":[{\"@type\":\"WebPage\",\"@id\":\"https:\\\/\\\/escolhelab.com.br\\\/lava-olhos-de-emergencia\\\/\",\"url\":\"https:\\\/\\\/escolhelab.com.br\\\/lava-olhos-de-emergencia\\\/\",\"name\":\"Lava Olhos de Emerg\u00eancia\",\"isPartOf\":{\"@id\":\"https:\\\/\\\/escolhelab.com.br\\\/#website\"},\"primaryImageOfPage\":{\"@id\":\"https:\\\/\\\/escolhelab.com.br\\\/lava-olhos-de-emergencia\\\/#primaryimage\"},\"image\":{\"@id\":\"https:\\\/\\\/escolhelab.com.br\\\/lava-olhos-de-emergencia\\\/#primaryimage\"},\"thumbnailUrl\":\"https:\\\/\\\/escolhelab.com.br\\\/wp-content\\\/uploads\\\/2024\\\/06\\\/lava-olho-escolhelab-com-br.png\",\"datePublished\":\"2024-06-07T16:50:04+00:00\",\"dateModified\":\"2025-08-27T12:27:16+00:00\",\"description\":\"O Lava Olhos de Emerg\u00eancia \u00e9 um produto essencial para laborat\u00f3rios que trabalham com produtos qu\u00edmicos e outras subst\u00e2ncias perigosas.\",\"breadcrumb\":{\"@id\":\"https:\\\/\\\/escolhelab.com.br\\\/lava-olhos-de-emergencia\\\/#breadcrumb\"},\"inLanguage\":\"en-US\",\"potentialAction\":[{\"@type\":\"ReadAction\",\"target\":[\"https:\\\/\\\/escolhelab.com.br\\\/lava-olhos-de-emergencia\\\/\"]}]},{\"@type\":\"ImageObject\",\"inLanguage\":\"en-US\",\"@id\":\"https:\\\/\\\/escolhelab.com.br\\\/lava-olhos-de-emergencia\\\/#primaryimage\",\"url\":\"https:\\\/\\\/escolhelab.com.br\\\/wp-content\\\/uploads\\\/2024\\\/06\\\/lava-olho-escolhelab-com-br.png\",\"contentUrl\":\"https:\\\/\\\/escolhelab.com.br\\\/wp-content\\\/uploads\\\/2024\\\/06\\\/lava-olho-escolhelab-com-br.png\",\"width\":700,\"height\":800},{\"@type\":\"BreadcrumbList\",\"@id\":\"https:\\\/\\\/escolhelab.com.br\\\/lava-olhos-de-emergencia\\\/#breadcrumb\",\"itemListElement\":[{\"@type\":\"ListItem\",\"position\":1,\"name\":\"In\u00edcio\",\"item\":\"https:\\\/\\\/escolhelab.com.br\\\/\"},{\"@type\":\"ListItem\",\"position\":2,\"name\":\"loja\",\"item\":\"https:\\\/\\\/escolhelab.com.br\\\/loja\\\/\"},{\"@type\":\"ListItem\",\"position\":3,\"name\":\"Lava Olhos de Emerg\u00eancia\"}]},{\"@type\":\"WebSite\",\"@id\":\"https:\\\/\\\/escolhelab.com.br\\\/#website\",\"url\":\"https:\\\/\\\/escolhelab.com.br\\\/\",\"name\":\"Loja de produtos para laboratorio\",\"description\":\"Produtos para Laborat\u00f3rio,Artigos e outros na loja do quimico\",\"publisher\":{\"@id\":\"https:\\\/\\\/escolhelab.com.br\\\/#organization\"},\"alternateName\":\"escolhelab\",\"potentialAction\":[{\"@type\":\"SearchAction\",\"target\":{\"@type\":\"EntryPoint\",\"urlTemplate\":\"https:\\\/\\\/escolhelab.com.br\\\/?s={search_term_string}\"},\"query-input\":{\"@type\":\"PropertyValueSpecification\",\"valueRequired\":true,\"valueName\":\"search_term_string\"}}],\"inLanguage\":\"en-US\"},{\"@type\":\"Organization\",\"@id\":\"https:\\\/\\\/escolhelab.com.br\\\/#organization\",\"name\":\"loja escolhelab\",\"alternateName\":\"escolhelab\",\"url\":\"https:\\\/\\\/escolhelab.com.br\\\/\",\"logo\":{\"@type\":\"ImageObject\",\"inLanguage\":\"en-US\",\"@id\":\"https:\\\/\\\/escolhelab.com.br\\\/#\\\/schema\\\/logo\\\/image\\\/\",\"url\":\"https:\\\/\\\/escolhelab.com.br\\\/wp-content\\\/uploads\\\/2024\\\/12\\\/icone-e-512-512escolhelab-com-br-2-800x800.png\",\"contentUrl\":\"https:\\\/\\\/escolhelab.com.br\\\/wp-content\\\/uploads\\\/2024\\\/12\\\/icone-e-512-512escolhelab-com-br-2-800x800.png\",\"width\":800,\"height\":800,\"caption\":\"loja escolhelab\"},\"image\":{\"@id\":\"https:\\\/\\\/escolhelab.com.br\\\/#\\\/schema\\\/logo\\\/image\\\/\"}}]}<\/script>\n<!-- \/ Yoast SEO Premium plugin. -->","yoast_head_json":{"title":"Lava Olhos de Emerg\u00eancia","description":"O Lava Olhos de Emerg\u00eancia \u00e9 um produto essencial para laborat\u00f3rios que trabalham com produtos qu\u00edmicos e outras subst\u00e2ncias perigosas.","robots":{"index":"index","follow":"follow","max-snippet":"max-snippet:-1","max-image-preview":"max-image-preview:large","max-video-preview":"max-video-preview:-1"},"canonical":"https:\/\/escolhelab.com.br\/en\/lava-olhos-de-emergencia\/","og_locale":"en_US","og_type":"article","og_title":"Lava Olhos de Emerg\u00eancia","og_description":"O Lava Olhos de Emerg\u00eancia \u00e9 um produto essencial para laborat\u00f3rios que trabalham com produtos qu\u00edmicos e outras subst\u00e2ncias perigosas.","og_url":"https:\/\/escolhelab.com.br\/en\/lava-olhos-de-emergencia\/","og_site_name":"Loja de produtos para laboratorio","article_modified_time":"2025-08-27T12:27:16+00:00","og_image":[{"width":700,"height":800,"url":"https:\/\/escolhelab.com.br\/wp-content\/uploads\/2024\/06\/lava-olho-escolhelab-com-br.png","type":"image\/png"}],"twitter_card":"summary_large_image","twitter_misc":{"Est. reading time":"2 minutes"},"schema":{"@context":"https:\/\/schema.org","@graph":[{"@type":"WebPage","@id":"https:\/\/escolhelab.com.br\/lava-olhos-de-emergencia\/","url":"https:\/\/escolhelab.com.br\/lava-olhos-de-emergencia\/","name":"Lava Olhos de Emerg\u00eancia","isPartOf":{"@id":"https:\/\/escolhelab.com.br\/#website"},"primaryImageOfPage":{"@id":"https:\/\/escolhelab.com.br\/lava-olhos-de-emergencia\/#primaryimage"},"image":{"@id":"https:\/\/escolhelab.com.br\/lava-olhos-de-emergencia\/#primaryimage"},"thumbnailUrl":"https:\/\/escolhelab.com.br\/wp-content\/uploads\/2024\/06\/lava-olho-escolhelab-com-br.png","datePublished":"2024-06-07T16:50:04+00:00","dateModified":"2025-08-27T12:27:16+00:00","description":"O Lava Olhos de Emerg\u00eancia \u00e9 um produto essencial para laborat\u00f3rios que trabalham com produtos qu\u00edmicos e outras subst\u00e2ncias perigosas.","breadcrumb":{"@id":"https:\/\/escolhelab.com.br\/lava-olhos-de-emergencia\/#breadcrumb"},"inLanguage":"en-US","potentialAction":[{"@type":"ReadAction","target":["https:\/\/escolhelab.com.br\/lava-olhos-de-emergencia\/"]}]},{"@type":"ImageObject","inLanguage":"en-US","@id":"https:\/\/escolhelab.com.br\/lava-olhos-de-emergencia\/#primaryimage","url":"https:\/\/escolhelab.com.br\/wp-content\/uploads\/2024\/06\/lava-olho-escolhelab-com-br.png","contentUrl":"https:\/\/escolhelab.com.br\/wp-content\/uploads\/2024\/06\/lava-olho-escolhelab-com-br.png","width":700,"height":800},{"@type":"BreadcrumbList","@id":"https:\/\/escolhelab.com.br\/lava-olhos-de-emergencia\/#breadcrumb","itemListElement":[{"@type":"ListItem","position":1,"name":"In\u00edcio","item":"https:\/\/escolhelab.com.br\/"},{"@type":"ListItem","position":2,"name":"loja","item":"https:\/\/escolhelab.com.br\/loja\/"},{"@type":"ListItem","position":3,"name":"Lava Olhos de Emerg\u00eancia"}]},{"@type":"WebSite","@id":"https:\/\/escolhelab.com.br\/#website","url":"https:\/\/escolhelab.com.br\/","name":"Loja de produtos para laboratorio","description":"Produtos para Laborat\u00f3rio,Artigos e outros na loja do quimico","publisher":{"@id":"https:\/\/escolhelab.com.br\/#organization"},"alternateName":"escolhelab","potentialAction":[{"@type":"SearchAction","target":{"@type":"EntryPoint","urlTemplate":"https:\/\/escolhelab.com.br\/?s={search_term_string}"},"query-input":{"@type":"PropertyValueSpecification","valueRequired":true,"valueName":"search_term_string"}}],"inLanguage":"en-US"},{"@type":"Organization","@id":"https:\/\/escolhelab.com.br\/#organization","name":"loja escolhelab","alternateName":"escolhelab","url":"https:\/\/escolhelab.com.br\/","logo":{"@type":"ImageObject","inLanguage":"en-US","@id":"https:\/\/escolhelab.com.br\/#\/schema\/logo\/image\/","url":"https:\/\/escolhelab.com.br\/wp-content\/uploads\/2024\/12\/icone-e-512-512escolhelab-com-br-2-800x800.png","contentUrl":"https:\/\/escolhelab.com.br\/wp-content\/uploads\/2024\/12\/icone-e-512-512escolhelab-com-br-2-800x800.png","width":800,"height":800,"caption":"loja escolhelab"},"image":{"@id":"https:\/\/escolhelab.com.br\/#\/schema\/logo\/image\/"}}]}},"tiered_pricing_type":"percentage","tiered_pricing_fixed_rules":{"3":"50.00","6":"48.00"},"tiered_pricing_product_settings":{"layout":"default","base_unit_name":{"singular":null,"plural":null},"default_variation":null},"tiered_pricing_minimum_quantity":null,"tiered_pricing_roles_data":[],"tiered_pricing_percentage_rules":{"3":"3","6":"6","9":"8"},"tiered_pricing_maximum_quantity":null,"tiered_pricing_quantity_step":null,"_links":{"self":[{"href":"https:\/\/escolhelab.com.br\/en\/wp-json\/wp\/v2\/product\/30819","targetHints":{"allow":["GET"]}}],"collection":[{"href":"https:\/\/escolhelab.com.br\/en\/wp-json\/wp\/v2\/product"}],"about":[{"href":"https:\/\/escolhelab.com.br\/en\/wp-json\/wp\/v2\/types\/product"}],"replies":[{"embeddable":true,"href":"https:\/\/escolhelab.com.br\/en\/wp-json\/wp\/v2\/comments?post=30819"}],"version-history":[{"count":0,"href":"https:\/\/escolhelab.com.br\/en\/wp-json\/wp\/v2\/product\/30819\/revisions"}],"wp:featuredmedia":[{"embeddable":true,"href":"https:\/\/escolhelab.com.br\/en\/wp-json\/wp\/v2\/media\/31504"}],"wp:attachment":[{"href":"https:\/\/escolhelab.com.br\/en\/wp-json\/wp\/v2\/media?parent=30819"}],"wp:term":[{"taxonomy":"product_brand","embeddable":true,"href":"https:\/\/escolhelab.com.br\/en\/wp-json\/wp\/v2\/product_brand?post=30819"},{"taxonomy":"product_cat","embeddable":true,"href":"https:\/\/escolhelab.com.br\/en\/wp-json\/wp\/v2\/product_cat?post=30819"},{"taxonomy":"product_tag","embeddable":true,"href":"https:\/\/escolhelab.com.br\/en\/wp-json\/wp\/v2\/product_tag?post=30819"}],"curies":[{"name":"wp","href":"https:\/\/api.w.org\/{rel}","templated":true}]}}