{"id":30846,"date":"2024-06-07T13:50:25","date_gmt":"2024-06-07T16:50:25","guid":{"rendered":"https:\/\/escolhelab.com.br\/?post_type=product&#038;p=30846"},"modified":"2025-08-23T14:53:18","modified_gmt":"2025-08-23T17:53:18","slug":"bandeja-de-plastico-em-pe","status":"publish","type":"product","link":"https:\/\/escolhelab.com.br\/en\/bandeja-de-plastico-em-pe\/","title":{"rendered":"Bandeja de pl\u00e1stico em PE"},"content":{"rendered":"<h1 class=\"product_title wd-entities-title\"><span style=\"font-family: helvetica, arial, sans-serif; font-size: 14pt;\">Bandeja em PE com v\u00e1rias capacidades<\/span><\/h1>\n<p>A\u00a0<strong>Bandeja Pl\u00e1stica em Polietileno<\/strong>\u00a0\u00e9 um acess\u00f3rio vers\u00e1til e resistente, ideal para uso em laborat\u00f3rios, cl\u00ednicas, ind\u00fastrias e at\u00e9 mesmo em resid\u00eancias. Projetada para facilitar o transporte, organiza\u00e7\u00e3o e lavagem de utens\u00edlios, esta bandeja oferece praticidade e funcionalidade em qualquer contexto. Sua superf\u00edcie lisa facilita a limpeza e higieniza\u00e7\u00e3o, enquanto as bordas altas evitam que os objetos caiam durante o manuseio.<\/p>\n<p><strong>Caracter\u00edsticas:<\/strong><\/p>\n<ul>\n<li>Utilizada para transporte e lavagem de utens\u00edlios no laborat\u00f3rio;<\/li>\n<li>Resistente a produtos qu\u00edmicos;<\/li>\n<li>Fabricada em polietileno resistente e dur\u00e1vel;<\/li>\n<li>Superf\u00edcie lisa, f\u00e1cil de limpar e higienizar;<\/li>\n<li>Design ergon\u00f4mico, com bordas altas para evitar quedas de objetos;<\/li>\n<li>Dispon\u00edvel em diversas capacidades.<\/li>\n<\/ul>","protected":false},"excerpt":{"rendered":"<p><span style=\"font-family: helvetica, arial, sans-serif;\"><strong>Bandeja Pl\u00e1stica em Polietileno<\/strong>\u00a0\u00e9 um acess\u00f3rio vers\u00e1til e resistente, ideal para uso em laborat\u00f3rios, cl\u00ednicas, ind\u00fastrias e at\u00e9 mesmo em resid\u00eancias. Projetada para facilitar o transporte, organiza\u00e7\u00e3o e lavagem de utens\u00edlios, esta bandeja oferece praticidade e funcionalidade em qualquer contexto.<br \/>\n<\/span><span style=\"font-family: helvetica, arial, sans-serif;\">3L\u00a0\u00a0\u00a0\u00a0\u00a0\u00a0\u00a0\u00a0\u00a0\u00a0 20cm x 30cm x 7,0cm<\/span><br \/>\n<span style=\"font-family: helvetica, arial, sans-serif;\">6L\u00a0\u00a0\u00a0\u00a0\u00a0\u00a0\u00a0\u00a0\u00a0\u00a0 29cm x 35cm x 7,5cm<\/span><br \/>\n<span style=\"font-family: helvetica, arial, sans-serif;\">8L\u00a0\u00a0\u00a0\u00a0\u00a0\u00a0\u00a0\u00a0\u00a0\u00a0 28cm x 42cm x 8,0cm<\/span><br \/>\n<span style=\"font-family: helvetica, arial, sans-serif;\">12L\u00a0\u00a0\u00a0\u00a0\u00a0\u00a0\u00a0\u00a0 38cm x 53cm x 8,0cm<\/span><\/p>","protected":false},"featured_media":31510,"comment_status":"open","ping_status":"closed","template":"","meta":{"_acf_changed":false,"iawp_total_views":34},"product_brand":[],"product_cat":[730,606],"product_tag":[],"class_list":{"0":"post-30846","1":"product","2":"type-product","3":"status-publish","4":"has-post-thumbnail","6":"product_cat-plastico-e-borrachas","7":"product_cat-quimico","8":"product_shipping_class-produtos-laboratorio-quimico","10":"first","11":"instock","12":"shipping-taxable","13":"purchasable","14":"product-type-variable"},"acf":[],"yoast_head":"<!-- This site is optimized with the Yoast SEO Premium plugin v26.2 (Yoast SEO v27.3) - https:\/\/yoast.com\/product\/yoast-seo-premium-wordpress\/ -->\n<title>Bandeja de pl\u00e1stico em PE<\/title>\n<meta name=\"description\" content=\"A\u00a0Bandeja Pl\u00e1stica em Polietileno\u00a0\u00e9 um acess\u00f3rio vers\u00e1til e resistente, ideal para uso em laborat\u00f3rios, cl\u00ednicas, ind\u00fastrias e at\u00e9 mesmo em resid\u00eancias.\" \/>\n<meta name=\"robots\" content=\"index, follow, max-snippet:-1, max-image-preview:large, max-video-preview:-1\" \/>\n<link rel=\"canonical\" href=\"https:\/\/escolhelab.com.br\/en\/bandeja-de-plastico-em-pe\/\" \/>\n<meta property=\"og:locale\" content=\"en_US\" \/>\n<meta property=\"og:type\" content=\"article\" \/>\n<meta property=\"og:title\" content=\"Bandeja de pl\u00e1stico em PE\" \/>\n<meta property=\"og:description\" content=\"A\u00a0Bandeja Pl\u00e1stica em Polietileno\u00a0\u00e9 um acess\u00f3rio vers\u00e1til e resistente, ideal para uso em laborat\u00f3rios, cl\u00ednicas, ind\u00fastrias e at\u00e9 mesmo em resid\u00eancias.\" \/>\n<meta property=\"og:url\" content=\"https:\/\/escolhelab.com.br\/en\/bandeja-de-plastico-em-pe\/\" \/>\n<meta property=\"og:site_name\" content=\"Loja de produtos para laboratorio\" \/>\n<meta property=\"article:modified_time\" content=\"2025-08-23T17:53:18+00:00\" \/>\n<meta property=\"og:image\" content=\"https:\/\/escolhelab.com.br\/wp-content\/uploads\/2024\/06\/bandeja-plastico-escolhelab-com-br.png\" \/>\n\t<meta property=\"og:image:width\" content=\"700\" \/>\n\t<meta property=\"og:image:height\" content=\"800\" \/>\n\t<meta property=\"og:image:type\" content=\"image\/png\" \/>\n<meta name=\"twitter:card\" content=\"summary_large_image\" \/>\n<meta name=\"twitter:label1\" content=\"Est. reading time\" \/>\n\t<meta name=\"twitter:data1\" content=\"1 minute\" \/>\n<script type=\"application\/ld+json\" class=\"yoast-schema-graph\">{\"@context\":\"https:\\\/\\\/schema.org\",\"@graph\":[{\"@type\":\"WebPage\",\"@id\":\"https:\\\/\\\/escolhelab.com.br\\\/bandeja-de-plastico-em-pe\\\/\",\"url\":\"https:\\\/\\\/escolhelab.com.br\\\/bandeja-de-plastico-em-pe\\\/\",\"name\":\"Bandeja de pl\u00e1stico em PE\",\"isPartOf\":{\"@id\":\"https:\\\/\\\/escolhelab.com.br\\\/#website\"},\"primaryImageOfPage\":{\"@id\":\"https:\\\/\\\/escolhelab.com.br\\\/bandeja-de-plastico-em-pe\\\/#primaryimage\"},\"image\":{\"@id\":\"https:\\\/\\\/escolhelab.com.br\\\/bandeja-de-plastico-em-pe\\\/#primaryimage\"},\"thumbnailUrl\":\"https:\\\/\\\/escolhelab.com.br\\\/wp-content\\\/uploads\\\/2024\\\/06\\\/bandeja-plastico-escolhelab-com-br.png\",\"datePublished\":\"2024-06-07T16:50:25+00:00\",\"dateModified\":\"2025-08-23T17:53:18+00:00\",\"description\":\"A\u00a0Bandeja Pl\u00e1stica em Polietileno\u00a0\u00e9 um acess\u00f3rio vers\u00e1til e resistente, ideal para uso em laborat\u00f3rios, cl\u00ednicas, ind\u00fastrias e at\u00e9 mesmo em resid\u00eancias.\",\"breadcrumb\":{\"@id\":\"https:\\\/\\\/escolhelab.com.br\\\/bandeja-de-plastico-em-pe\\\/#breadcrumb\"},\"inLanguage\":\"en-US\",\"potentialAction\":[{\"@type\":\"ReadAction\",\"target\":[\"https:\\\/\\\/escolhelab.com.br\\\/bandeja-de-plastico-em-pe\\\/\"]}]},{\"@type\":\"ImageObject\",\"inLanguage\":\"en-US\",\"@id\":\"https:\\\/\\\/escolhelab.com.br\\\/bandeja-de-plastico-em-pe\\\/#primaryimage\",\"url\":\"https:\\\/\\\/escolhelab.com.br\\\/wp-content\\\/uploads\\\/2024\\\/06\\\/bandeja-plastico-escolhelab-com-br.png\",\"contentUrl\":\"https:\\\/\\\/escolhelab.com.br\\\/wp-content\\\/uploads\\\/2024\\\/06\\\/bandeja-plastico-escolhelab-com-br.png\",\"width\":700,\"height\":800},{\"@type\":\"BreadcrumbList\",\"@id\":\"https:\\\/\\\/escolhelab.com.br\\\/bandeja-de-plastico-em-pe\\\/#breadcrumb\",\"itemListElement\":[{\"@type\":\"ListItem\",\"position\":1,\"name\":\"In\u00edcio\",\"item\":\"https:\\\/\\\/escolhelab.com.br\\\/\"},{\"@type\":\"ListItem\",\"position\":2,\"name\":\"loja\",\"item\":\"https:\\\/\\\/escolhelab.com.br\\\/loja\\\/\"},{\"@type\":\"ListItem\",\"position\":3,\"name\":\"Bandeja de pl\u00e1stico em PE\"}]},{\"@type\":\"WebSite\",\"@id\":\"https:\\\/\\\/escolhelab.com.br\\\/#website\",\"url\":\"https:\\\/\\\/escolhelab.com.br\\\/\",\"name\":\"Loja de produtos para laboratorio\",\"description\":\"Produtos para Laborat\u00f3rio,Artigos e outros na loja do quimico\",\"publisher\":{\"@id\":\"https:\\\/\\\/escolhelab.com.br\\\/#organization\"},\"alternateName\":\"escolhelab\",\"potentialAction\":[{\"@type\":\"SearchAction\",\"target\":{\"@type\":\"EntryPoint\",\"urlTemplate\":\"https:\\\/\\\/escolhelab.com.br\\\/?s={search_term_string}\"},\"query-input\":{\"@type\":\"PropertyValueSpecification\",\"valueRequired\":true,\"valueName\":\"search_term_string\"}}],\"inLanguage\":\"en-US\"},{\"@type\":\"Organization\",\"@id\":\"https:\\\/\\\/escolhelab.com.br\\\/#organization\",\"name\":\"loja escolhelab\",\"alternateName\":\"escolhelab\",\"url\":\"https:\\\/\\\/escolhelab.com.br\\\/\",\"logo\":{\"@type\":\"ImageObject\",\"inLanguage\":\"en-US\",\"@id\":\"https:\\\/\\\/escolhelab.com.br\\\/#\\\/schema\\\/logo\\\/image\\\/\",\"url\":\"https:\\\/\\\/escolhelab.com.br\\\/wp-content\\\/uploads\\\/2024\\\/12\\\/icone-e-512-512escolhelab-com-br-2-800x800.png\",\"contentUrl\":\"https:\\\/\\\/escolhelab.com.br\\\/wp-content\\\/uploads\\\/2024\\\/12\\\/icone-e-512-512escolhelab-com-br-2-800x800.png\",\"width\":800,\"height\":800,\"caption\":\"loja escolhelab\"},\"image\":{\"@id\":\"https:\\\/\\\/escolhelab.com.br\\\/#\\\/schema\\\/logo\\\/image\\\/\"}}]}<\/script>\n<!-- \/ Yoast SEO Premium plugin. -->","yoast_head_json":{"title":"Bandeja de pl\u00e1stico em PE","description":"A\u00a0Bandeja Pl\u00e1stica em Polietileno\u00a0\u00e9 um acess\u00f3rio vers\u00e1til e resistente, ideal para uso em laborat\u00f3rios, cl\u00ednicas, ind\u00fastrias e at\u00e9 mesmo em resid\u00eancias.","robots":{"index":"index","follow":"follow","max-snippet":"max-snippet:-1","max-image-preview":"max-image-preview:large","max-video-preview":"max-video-preview:-1"},"canonical":"https:\/\/escolhelab.com.br\/en\/bandeja-de-plastico-em-pe\/","og_locale":"en_US","og_type":"article","og_title":"Bandeja de pl\u00e1stico em PE","og_description":"A\u00a0Bandeja Pl\u00e1stica em Polietileno\u00a0\u00e9 um acess\u00f3rio vers\u00e1til e resistente, ideal para uso em laborat\u00f3rios, cl\u00ednicas, ind\u00fastrias e at\u00e9 mesmo em resid\u00eancias.","og_url":"https:\/\/escolhelab.com.br\/en\/bandeja-de-plastico-em-pe\/","og_site_name":"Loja de produtos para laboratorio","article_modified_time":"2025-08-23T17:53:18+00:00","og_image":[{"width":700,"height":800,"url":"https:\/\/escolhelab.com.br\/wp-content\/uploads\/2024\/06\/bandeja-plastico-escolhelab-com-br.png","type":"image\/png"}],"twitter_card":"summary_large_image","twitter_misc":{"Est. reading time":"1 minute"},"schema":{"@context":"https:\/\/schema.org","@graph":[{"@type":"WebPage","@id":"https:\/\/escolhelab.com.br\/bandeja-de-plastico-em-pe\/","url":"https:\/\/escolhelab.com.br\/bandeja-de-plastico-em-pe\/","name":"Bandeja de pl\u00e1stico em PE","isPartOf":{"@id":"https:\/\/escolhelab.com.br\/#website"},"primaryImageOfPage":{"@id":"https:\/\/escolhelab.com.br\/bandeja-de-plastico-em-pe\/#primaryimage"},"image":{"@id":"https:\/\/escolhelab.com.br\/bandeja-de-plastico-em-pe\/#primaryimage"},"thumbnailUrl":"https:\/\/escolhelab.com.br\/wp-content\/uploads\/2024\/06\/bandeja-plastico-escolhelab-com-br.png","datePublished":"2024-06-07T16:50:25+00:00","dateModified":"2025-08-23T17:53:18+00:00","description":"A\u00a0Bandeja Pl\u00e1stica em Polietileno\u00a0\u00e9 um acess\u00f3rio vers\u00e1til e resistente, ideal para uso em laborat\u00f3rios, cl\u00ednicas, ind\u00fastrias e at\u00e9 mesmo em resid\u00eancias.","breadcrumb":{"@id":"https:\/\/escolhelab.com.br\/bandeja-de-plastico-em-pe\/#breadcrumb"},"inLanguage":"en-US","potentialAction":[{"@type":"ReadAction","target":["https:\/\/escolhelab.com.br\/bandeja-de-plastico-em-pe\/"]}]},{"@type":"ImageObject","inLanguage":"en-US","@id":"https:\/\/escolhelab.com.br\/bandeja-de-plastico-em-pe\/#primaryimage","url":"https:\/\/escolhelab.com.br\/wp-content\/uploads\/2024\/06\/bandeja-plastico-escolhelab-com-br.png","contentUrl":"https:\/\/escolhelab.com.br\/wp-content\/uploads\/2024\/06\/bandeja-plastico-escolhelab-com-br.png","width":700,"height":800},{"@type":"BreadcrumbList","@id":"https:\/\/escolhelab.com.br\/bandeja-de-plastico-em-pe\/#breadcrumb","itemListElement":[{"@type":"ListItem","position":1,"name":"In\u00edcio","item":"https:\/\/escolhelab.com.br\/"},{"@type":"ListItem","position":2,"name":"loja","item":"https:\/\/escolhelab.com.br\/loja\/"},{"@type":"ListItem","position":3,"name":"Bandeja de pl\u00e1stico em PE"}]},{"@type":"WebSite","@id":"https:\/\/escolhelab.com.br\/#website","url":"https:\/\/escolhelab.com.br\/","name":"Loja de produtos para laboratorio","description":"Produtos para Laborat\u00f3rio,Artigos e outros na loja do quimico","publisher":{"@id":"https:\/\/escolhelab.com.br\/#organization"},"alternateName":"escolhelab","potentialAction":[{"@type":"SearchAction","target":{"@type":"EntryPoint","urlTemplate":"https:\/\/escolhelab.com.br\/?s={search_term_string}"},"query-input":{"@type":"PropertyValueSpecification","valueRequired":true,"valueName":"search_term_string"}}],"inLanguage":"en-US"},{"@type":"Organization","@id":"https:\/\/escolhelab.com.br\/#organization","name":"loja escolhelab","alternateName":"escolhelab","url":"https:\/\/escolhelab.com.br\/","logo":{"@type":"ImageObject","inLanguage":"en-US","@id":"https:\/\/escolhelab.com.br\/#\/schema\/logo\/image\/","url":"https:\/\/escolhelab.com.br\/wp-content\/uploads\/2024\/12\/icone-e-512-512escolhelab-com-br-2-800x800.png","contentUrl":"https:\/\/escolhelab.com.br\/wp-content\/uploads\/2024\/12\/icone-e-512-512escolhelab-com-br-2-800x800.png","width":800,"height":800,"caption":"loja escolhelab"},"image":{"@id":"https:\/\/escolhelab.com.br\/#\/schema\/logo\/image\/"}}]}},"tiered_pricing_type":"fixed","tiered_pricing_fixed_rules":[],"tiered_pricing_product_settings":{"layout":"default","base_unit_name":{"singular":null,"plural":null},"default_variation":null},"tiered_pricing_minimum_quantity":null,"tiered_pricing_roles_data":[],"tiered_pricing_percentage_rules":[],"tiered_pricing_maximum_quantity":null,"tiered_pricing_quantity_step":null,"_links":{"self":[{"href":"https:\/\/escolhelab.com.br\/en\/wp-json\/wp\/v2\/product\/30846","targetHints":{"allow":["GET"]}}],"collection":[{"href":"https:\/\/escolhelab.com.br\/en\/wp-json\/wp\/v2\/product"}],"about":[{"href":"https:\/\/escolhelab.com.br\/en\/wp-json\/wp\/v2\/types\/product"}],"replies":[{"embeddable":true,"href":"https:\/\/escolhelab.com.br\/en\/wp-json\/wp\/v2\/comments?post=30846"}],"version-history":[{"count":0,"href":"https:\/\/escolhelab.com.br\/en\/wp-json\/wp\/v2\/product\/30846\/revisions"}],"wp:featuredmedia":[{"embeddable":true,"href":"https:\/\/escolhelab.com.br\/en\/wp-json\/wp\/v2\/media\/31510"}],"wp:attachment":[{"href":"https:\/\/escolhelab.com.br\/en\/wp-json\/wp\/v2\/media?parent=30846"}],"wp:term":[{"taxonomy":"product_brand","embeddable":true,"href":"https:\/\/escolhelab.com.br\/en\/wp-json\/wp\/v2\/product_brand?post=30846"},{"taxonomy":"product_cat","embeddable":true,"href":"https:\/\/escolhelab.com.br\/en\/wp-json\/wp\/v2\/product_cat?post=30846"},{"taxonomy":"product_tag","embeddable":true,"href":"https:\/\/escolhelab.com.br\/en\/wp-json\/wp\/v2\/product_tag?post=30846"}],"curies":[{"name":"wp","href":"https:\/\/api.w.org\/{rel}","templated":true}]}}