{"id":30867,"date":"2024-06-07T13:50:49","date_gmt":"2024-06-07T16:50:49","guid":{"rendered":"https:\/\/escolhelab.com.br\/?post_type=product&#038;p=30867"},"modified":"2025-11-16T00:39:29","modified_gmt":"2025-11-16T03:39:29","slug":"pipeta-pasteur-descartavel-plastica","status":"publish","type":"product","link":"https:\/\/escolhelab.com.br\/en\/pipeta-pasteur-descartavel-plastica\/","title":{"rendered":"Pipeta Pasteur Descart\u00e1vel Pl\u00e1stica"},"content":{"rendered":"<p><span style=\"font-size: 14pt;\"><strong><span style=\"font-family: helvetica, arial, sans-serif;\">Pipeta Pasteur Descart\u00e1vel Pl\u00e1stica<\/span><\/strong><\/span><\/p>\n<p><span style=\"font-family: helvetica, arial, sans-serif;\">A\u00a0<strong>pipeta Pasteur<\/strong> \u00e9 um instrumento fundamental em laborat\u00f3rios de microbiologia, biologia molecular, bioqu\u00edmica e muitos outros, pois permite a transfer\u00eancia precisa e controlada de pequenos volumes de l\u00edquidos e amostras. A pipeta Pasteur de pl\u00e1stico est\u00e9ril de 3ml \u00e9 uma vers\u00e3o descart\u00e1vel , que garante seguran\u00e7a e conveni\u00eancia em aplica\u00e7\u00f5es que requerem esterilidade.<br \/>\n<\/span>Essa pipeta \u00e9 moldada em pl\u00e1stico transparente de alta qualidade, que oferece maior seguran\u00e7a em rela\u00e7\u00e3o a pipetas de vidro que podem quebrar e causar acidentes. Al\u00e9m disso, ela \u00e9 , tornando a extra\u00e7\u00e3o da amostra l\u00edquida f\u00e1cil e segura.<\/p>","protected":false},"excerpt":{"rendered":"<p><span style=\"font-family: helvetica, arial, sans-serif;\">A\u00a0<strong>pipeta Pasteur<\/strong> \u00e9 um instrumento fundamental em laborat\u00f3rios de microbiologia, biologia molecular, bioqu\u00edmica e muitos outros, pois permite a transfer\u00eancia precisa e controlada de pequenos volumes de l\u00edquidos e amostras. A pipeta Pasteur de pl\u00e1stico est\u00e9ril de 3ml \u00e9 uma vers\u00e3o descart\u00e1vel , que garante seguran\u00e7a e conveni\u00eancia em aplica\u00e7\u00f5es que requerem esterilidade.<\/span><\/p>","protected":false},"featured_media":31509,"comment_status":"open","ping_status":"closed","template":"","meta":{"_acf_changed":false,"iawp_total_views":18},"product_brand":[],"product_cat":[730,606],"product_tag":[],"class_list":{"0":"post-30867","1":"product","2":"type-product","3":"status-publish","4":"has-post-thumbnail","6":"product_cat-plastico-e-borrachas","7":"product_cat-quimico","8":"product_shipping_class-produtos-laboratorio-quimico","10":"first","11":"instock","12":"shipping-taxable","13":"purchasable","14":"product-type-variable"},"acf":[],"yoast_head":"<!-- This site is optimized with the Yoast SEO Premium plugin v26.2 (Yoast SEO v27.3) - https:\/\/yoast.com\/product\/yoast-seo-premium-wordpress\/ -->\n<title>Pipeta Pasteur Descart\u00e1vel Pl\u00e1stica<\/title>\n<meta name=\"description\" content=\"A\u00a0pipeta Pasteur \u00e9 um instrumento fundamental em laborat\u00f3rios de microbiologia, biologia molecular, bioqu\u00edmica e muitos outros, pois permite ,\" \/>\n<meta name=\"robots\" content=\"index, follow, max-snippet:-1, max-image-preview:large, max-video-preview:-1\" \/>\n<link rel=\"canonical\" href=\"https:\/\/escolhelab.com.br\/en\/pipeta-pasteur-descartavel-plastica\/\" \/>\n<meta property=\"og:locale\" content=\"en_US\" \/>\n<meta property=\"og:type\" content=\"article\" \/>\n<meta property=\"og:title\" content=\"Pipeta Pasteur Descart\u00e1vel Pl\u00e1stica\" \/>\n<meta property=\"og:description\" content=\"A\u00a0pipeta Pasteur \u00e9 um instrumento fundamental em laborat\u00f3rios de microbiologia, biologia molecular, bioqu\u00edmica e muitos outros, pois permite ,\" \/>\n<meta property=\"og:url\" content=\"https:\/\/escolhelab.com.br\/en\/pipeta-pasteur-descartavel-plastica\/\" \/>\n<meta property=\"og:site_name\" content=\"Loja de produtos para laboratorio\" \/>\n<meta property=\"article:modified_time\" content=\"2025-11-16T03:39:29+00:00\" \/>\n<meta property=\"og:image\" content=\"https:\/\/escolhelab.com.br\/wp-content\/uploads\/2024\/06\/pipeta-pasteur-escolhelab-com-br.png\" \/>\n\t<meta property=\"og:image:width\" content=\"700\" \/>\n\t<meta property=\"og:image:height\" content=\"800\" \/>\n\t<meta property=\"og:image:type\" content=\"image\/png\" \/>\n<meta name=\"twitter:card\" content=\"summary_large_image\" \/>\n<meta name=\"twitter:label1\" content=\"Est. reading time\" \/>\n\t<meta name=\"twitter:data1\" content=\"1 minute\" \/>\n<script type=\"application\/ld+json\" class=\"yoast-schema-graph\">{\"@context\":\"https:\\\/\\\/schema.org\",\"@graph\":[{\"@type\":\"WebPage\",\"@id\":\"https:\\\/\\\/escolhelab.com.br\\\/pipeta-pasteur-descartavel-plastica\\\/\",\"url\":\"https:\\\/\\\/escolhelab.com.br\\\/pipeta-pasteur-descartavel-plastica\\\/\",\"name\":\"Pipeta Pasteur Descart\u00e1vel Pl\u00e1stica\",\"isPartOf\":{\"@id\":\"https:\\\/\\\/escolhelab.com.br\\\/#website\"},\"primaryImageOfPage\":{\"@id\":\"https:\\\/\\\/escolhelab.com.br\\\/pipeta-pasteur-descartavel-plastica\\\/#primaryimage\"},\"image\":{\"@id\":\"https:\\\/\\\/escolhelab.com.br\\\/pipeta-pasteur-descartavel-plastica\\\/#primaryimage\"},\"thumbnailUrl\":\"https:\\\/\\\/escolhelab.com.br\\\/wp-content\\\/uploads\\\/2024\\\/06\\\/pipeta-pasteur-escolhelab-com-br.png\",\"datePublished\":\"2024-06-07T16:50:49+00:00\",\"dateModified\":\"2025-11-16T03:39:29+00:00\",\"description\":\"A\u00a0pipeta Pasteur \u00e9 um instrumento fundamental em laborat\u00f3rios de microbiologia, biologia molecular, bioqu\u00edmica e muitos outros, pois permite ,\",\"breadcrumb\":{\"@id\":\"https:\\\/\\\/escolhelab.com.br\\\/pipeta-pasteur-descartavel-plastica\\\/#breadcrumb\"},\"inLanguage\":\"en-US\",\"potentialAction\":[{\"@type\":\"ReadAction\",\"target\":[\"https:\\\/\\\/escolhelab.com.br\\\/pipeta-pasteur-descartavel-plastica\\\/\"]}]},{\"@type\":\"ImageObject\",\"inLanguage\":\"en-US\",\"@id\":\"https:\\\/\\\/escolhelab.com.br\\\/pipeta-pasteur-descartavel-plastica\\\/#primaryimage\",\"url\":\"https:\\\/\\\/escolhelab.com.br\\\/wp-content\\\/uploads\\\/2024\\\/06\\\/pipeta-pasteur-escolhelab-com-br.png\",\"contentUrl\":\"https:\\\/\\\/escolhelab.com.br\\\/wp-content\\\/uploads\\\/2024\\\/06\\\/pipeta-pasteur-escolhelab-com-br.png\",\"width\":700,\"height\":800},{\"@type\":\"BreadcrumbList\",\"@id\":\"https:\\\/\\\/escolhelab.com.br\\\/pipeta-pasteur-descartavel-plastica\\\/#breadcrumb\",\"itemListElement\":[{\"@type\":\"ListItem\",\"position\":1,\"name\":\"In\u00edcio\",\"item\":\"https:\\\/\\\/escolhelab.com.br\\\/\"},{\"@type\":\"ListItem\",\"position\":2,\"name\":\"loja\",\"item\":\"https:\\\/\\\/escolhelab.com.br\\\/loja\\\/\"},{\"@type\":\"ListItem\",\"position\":3,\"name\":\"Pipeta Pasteur Descart\u00e1vel Pl\u00e1stica\"}]},{\"@type\":\"WebSite\",\"@id\":\"https:\\\/\\\/escolhelab.com.br\\\/#website\",\"url\":\"https:\\\/\\\/escolhelab.com.br\\\/\",\"name\":\"Loja de produtos para laboratorio\",\"description\":\"Produtos para Laborat\u00f3rio,Artigos e outros na loja do quimico\",\"publisher\":{\"@id\":\"https:\\\/\\\/escolhelab.com.br\\\/#organization\"},\"alternateName\":\"escolhelab\",\"potentialAction\":[{\"@type\":\"SearchAction\",\"target\":{\"@type\":\"EntryPoint\",\"urlTemplate\":\"https:\\\/\\\/escolhelab.com.br\\\/?s={search_term_string}\"},\"query-input\":{\"@type\":\"PropertyValueSpecification\",\"valueRequired\":true,\"valueName\":\"search_term_string\"}}],\"inLanguage\":\"en-US\"},{\"@type\":\"Organization\",\"@id\":\"https:\\\/\\\/escolhelab.com.br\\\/#organization\",\"name\":\"loja escolhelab\",\"alternateName\":\"escolhelab\",\"url\":\"https:\\\/\\\/escolhelab.com.br\\\/\",\"logo\":{\"@type\":\"ImageObject\",\"inLanguage\":\"en-US\",\"@id\":\"https:\\\/\\\/escolhelab.com.br\\\/#\\\/schema\\\/logo\\\/image\\\/\",\"url\":\"https:\\\/\\\/escolhelab.com.br\\\/wp-content\\\/uploads\\\/2024\\\/12\\\/icone-e-512-512escolhelab-com-br-2-800x800.png\",\"contentUrl\":\"https:\\\/\\\/escolhelab.com.br\\\/wp-content\\\/uploads\\\/2024\\\/12\\\/icone-e-512-512escolhelab-com-br-2-800x800.png\",\"width\":800,\"height\":800,\"caption\":\"loja escolhelab\"},\"image\":{\"@id\":\"https:\\\/\\\/escolhelab.com.br\\\/#\\\/schema\\\/logo\\\/image\\\/\"}}]}<\/script>\n<!-- \/ Yoast SEO Premium plugin. -->","yoast_head_json":{"title":"Pipeta Pasteur Descart\u00e1vel Pl\u00e1stica","description":"A\u00a0pipeta Pasteur \u00e9 um instrumento fundamental em laborat\u00f3rios de microbiologia, biologia molecular, bioqu\u00edmica e muitos outros, pois permite ,","robots":{"index":"index","follow":"follow","max-snippet":"max-snippet:-1","max-image-preview":"max-image-preview:large","max-video-preview":"max-video-preview:-1"},"canonical":"https:\/\/escolhelab.com.br\/en\/pipeta-pasteur-descartavel-plastica\/","og_locale":"en_US","og_type":"article","og_title":"Pipeta Pasteur Descart\u00e1vel Pl\u00e1stica","og_description":"A\u00a0pipeta Pasteur \u00e9 um instrumento fundamental em laborat\u00f3rios de microbiologia, biologia molecular, bioqu\u00edmica e muitos outros, pois permite ,","og_url":"https:\/\/escolhelab.com.br\/en\/pipeta-pasteur-descartavel-plastica\/","og_site_name":"Loja de produtos para laboratorio","article_modified_time":"2025-11-16T03:39:29+00:00","og_image":[{"width":700,"height":800,"url":"https:\/\/escolhelab.com.br\/wp-content\/uploads\/2024\/06\/pipeta-pasteur-escolhelab-com-br.png","type":"image\/png"}],"twitter_card":"summary_large_image","twitter_misc":{"Est. reading time":"1 minute"},"schema":{"@context":"https:\/\/schema.org","@graph":[{"@type":"WebPage","@id":"https:\/\/escolhelab.com.br\/pipeta-pasteur-descartavel-plastica\/","url":"https:\/\/escolhelab.com.br\/pipeta-pasteur-descartavel-plastica\/","name":"Pipeta Pasteur Descart\u00e1vel Pl\u00e1stica","isPartOf":{"@id":"https:\/\/escolhelab.com.br\/#website"},"primaryImageOfPage":{"@id":"https:\/\/escolhelab.com.br\/pipeta-pasteur-descartavel-plastica\/#primaryimage"},"image":{"@id":"https:\/\/escolhelab.com.br\/pipeta-pasteur-descartavel-plastica\/#primaryimage"},"thumbnailUrl":"https:\/\/escolhelab.com.br\/wp-content\/uploads\/2024\/06\/pipeta-pasteur-escolhelab-com-br.png","datePublished":"2024-06-07T16:50:49+00:00","dateModified":"2025-11-16T03:39:29+00:00","description":"A\u00a0pipeta Pasteur \u00e9 um instrumento fundamental em laborat\u00f3rios de microbiologia, biologia molecular, bioqu\u00edmica e muitos outros, pois permite ,","breadcrumb":{"@id":"https:\/\/escolhelab.com.br\/pipeta-pasteur-descartavel-plastica\/#breadcrumb"},"inLanguage":"en-US","potentialAction":[{"@type":"ReadAction","target":["https:\/\/escolhelab.com.br\/pipeta-pasteur-descartavel-plastica\/"]}]},{"@type":"ImageObject","inLanguage":"en-US","@id":"https:\/\/escolhelab.com.br\/pipeta-pasteur-descartavel-plastica\/#primaryimage","url":"https:\/\/escolhelab.com.br\/wp-content\/uploads\/2024\/06\/pipeta-pasteur-escolhelab-com-br.png","contentUrl":"https:\/\/escolhelab.com.br\/wp-content\/uploads\/2024\/06\/pipeta-pasteur-escolhelab-com-br.png","width":700,"height":800},{"@type":"BreadcrumbList","@id":"https:\/\/escolhelab.com.br\/pipeta-pasteur-descartavel-plastica\/#breadcrumb","itemListElement":[{"@type":"ListItem","position":1,"name":"In\u00edcio","item":"https:\/\/escolhelab.com.br\/"},{"@type":"ListItem","position":2,"name":"loja","item":"https:\/\/escolhelab.com.br\/loja\/"},{"@type":"ListItem","position":3,"name":"Pipeta Pasteur Descart\u00e1vel Pl\u00e1stica"}]},{"@type":"WebSite","@id":"https:\/\/escolhelab.com.br\/#website","url":"https:\/\/escolhelab.com.br\/","name":"Loja de produtos para laboratorio","description":"Produtos para Laborat\u00f3rio,Artigos e outros na loja do quimico","publisher":{"@id":"https:\/\/escolhelab.com.br\/#organization"},"alternateName":"escolhelab","potentialAction":[{"@type":"SearchAction","target":{"@type":"EntryPoint","urlTemplate":"https:\/\/escolhelab.com.br\/?s={search_term_string}"},"query-input":{"@type":"PropertyValueSpecification","valueRequired":true,"valueName":"search_term_string"}}],"inLanguage":"en-US"},{"@type":"Organization","@id":"https:\/\/escolhelab.com.br\/#organization","name":"loja escolhelab","alternateName":"escolhelab","url":"https:\/\/escolhelab.com.br\/","logo":{"@type":"ImageObject","inLanguage":"en-US","@id":"https:\/\/escolhelab.com.br\/#\/schema\/logo\/image\/","url":"https:\/\/escolhelab.com.br\/wp-content\/uploads\/2024\/12\/icone-e-512-512escolhelab-com-br-2-800x800.png","contentUrl":"https:\/\/escolhelab.com.br\/wp-content\/uploads\/2024\/12\/icone-e-512-512escolhelab-com-br-2-800x800.png","width":800,"height":800,"caption":"loja escolhelab"},"image":{"@id":"https:\/\/escolhelab.com.br\/#\/schema\/logo\/image\/"}}]}},"tiered_pricing_type":"fixed","tiered_pricing_fixed_rules":{"50":"0.90","100":"0.85","150":"0.80"},"tiered_pricing_product_settings":{"layout":"default","base_unit_name":{"singular":null,"plural":null},"default_variation":null},"tiered_pricing_minimum_quantity":null,"tiered_pricing_roles_data":[],"tiered_pricing_percentage_rules":[],"tiered_pricing_maximum_quantity":null,"tiered_pricing_quantity_step":null,"_links":{"self":[{"href":"https:\/\/escolhelab.com.br\/en\/wp-json\/wp\/v2\/product\/30867","targetHints":{"allow":["GET"]}}],"collection":[{"href":"https:\/\/escolhelab.com.br\/en\/wp-json\/wp\/v2\/product"}],"about":[{"href":"https:\/\/escolhelab.com.br\/en\/wp-json\/wp\/v2\/types\/product"}],"replies":[{"embeddable":true,"href":"https:\/\/escolhelab.com.br\/en\/wp-json\/wp\/v2\/comments?post=30867"}],"version-history":[{"count":0,"href":"https:\/\/escolhelab.com.br\/en\/wp-json\/wp\/v2\/product\/30867\/revisions"}],"wp:featuredmedia":[{"embeddable":true,"href":"https:\/\/escolhelab.com.br\/en\/wp-json\/wp\/v2\/media\/31509"}],"wp:attachment":[{"href":"https:\/\/escolhelab.com.br\/en\/wp-json\/wp\/v2\/media?parent=30867"}],"wp:term":[{"taxonomy":"product_brand","embeddable":true,"href":"https:\/\/escolhelab.com.br\/en\/wp-json\/wp\/v2\/product_brand?post=30867"},{"taxonomy":"product_cat","embeddable":true,"href":"https:\/\/escolhelab.com.br\/en\/wp-json\/wp\/v2\/product_cat?post=30867"},{"taxonomy":"product_tag","embeddable":true,"href":"https:\/\/escolhelab.com.br\/en\/wp-json\/wp\/v2\/product_tag?post=30867"}],"curies":[{"name":"wp","href":"https:\/\/api.w.org\/{rel}","templated":true}]}}