{"id":30871,"date":"2024-06-07T13:50:49","date_gmt":"2024-06-07T16:50:49","guid":{"rendered":"https:\/\/escolhelab.com.br\/?post_type=product&#038;p=30871"},"modified":"2025-08-25T11:09:50","modified_gmt":"2025-08-25T14:09:50","slug":"pera-pipetadora-3-vias","status":"publish","type":"product","link":"https:\/\/escolhelab.com.br\/en\/pera-pipetadora-3-vias\/","title":{"rendered":"Pera Pipetadora 3 vias"},"content":{"rendered":"<h1 class=\"product_title wd-entities-title\"><span style=\"font-family: helvetica, arial, sans-serif; font-size: 14pt;\">Pera Pipetadora 3 vias<\/span><\/h1>\n<p>Pera Pipetadora 3 vias:<\/p>\n<ul>\n<li><span style=\"font-family: helvetica, arial, sans-serif;\">Capacidade de 60ml<\/span><\/li>\n<li><span style=\"font-family: helvetica, arial, sans-serif;\">Fabricada em PVC especial<\/span><\/li>\n<li><span style=\"font-family: helvetica, arial, sans-serif;\">Na cor verde<\/span><\/li>\n<li><span style=\"font-family: helvetica, arial, sans-serif;\">Com esferas em Polipropileno<\/span><\/li>\n<\/ul>","protected":false},"excerpt":{"rendered":"<p><span style=\"font-family: helvetica, arial, sans-serif;\">Pera Pipetadora 3 vias:<\/span><\/p>\n<ul>\n<li><span style=\"font-family: helvetica, arial, sans-serif;\">Capacidade de 60ml<\/span><\/li>\n<li><span style=\"font-family: helvetica, arial, sans-serif;\">Fabricada em PVC especial<\/span><\/li>\n<li><span style=\"font-family: helvetica, arial, sans-serif;\">Na cor verde<\/span><\/li>\n<li><span style=\"font-family: helvetica, arial, sans-serif;\">Com esferas em Polipropileno<\/span><\/li>\n<\/ul>","protected":false},"featured_media":31522,"comment_status":"open","ping_status":"closed","template":"","meta":{"_acf_changed":false,"iawp_total_views":13},"product_brand":[],"product_cat":[730,606],"product_tag":[],"class_list":{"0":"post-30871","1":"product","2":"type-product","3":"status-publish","4":"has-post-thumbnail","6":"product_cat-plastico-e-borrachas","7":"product_cat-quimico","8":"product_shipping_class-produtos-laboratorio-quimico","10":"first","11":"instock","12":"shipping-taxable","13":"purchasable","14":"product-type-simple"},"acf":[],"yoast_head":"<!-- This site is optimized with the Yoast SEO Premium plugin v26.2 (Yoast SEO v27.3) - https:\/\/yoast.com\/product\/yoast-seo-premium-wordpress\/ -->\n<title>Pera Pipetadora 3 vias<\/title>\n<meta name=\"description\" content=\"O Pipetador de Borracha 3 Vias (Tipo P\u00eara) \u00e9 um acess\u00f3rio essencial em laborat\u00f3rios que realizam suc\u00e7\u00e3o e dispensa\u00e7\u00e3o de l\u00edquidos em pipetas. Fabricado\" \/>\n<meta name=\"robots\" content=\"index, follow, max-snippet:-1, max-image-preview:large, max-video-preview:-1\" \/>\n<link rel=\"canonical\" href=\"https:\/\/escolhelab.com.br\/en\/pera-pipetadora-3-vias\/\" \/>\n<meta property=\"og:locale\" content=\"en_US\" \/>\n<meta property=\"og:type\" content=\"article\" \/>\n<meta property=\"og:title\" content=\"Pera Pipetadora 3 vias\" \/>\n<meta property=\"og:description\" content=\"O Pipetador de Borracha 3 Vias (Tipo P\u00eara) \u00e9 um acess\u00f3rio essencial em laborat\u00f3rios que realizam suc\u00e7\u00e3o e dispensa\u00e7\u00e3o de l\u00edquidos em pipetas. Fabricado\" \/>\n<meta property=\"og:url\" content=\"https:\/\/escolhelab.com.br\/en\/pera-pipetadora-3-vias\/\" \/>\n<meta property=\"og:site_name\" content=\"Loja de produtos para laboratorio\" \/>\n<meta property=\"article:modified_time\" content=\"2025-08-25T14:09:50+00:00\" \/>\n<meta property=\"og:image\" content=\"https:\/\/escolhelab.com.br\/wp-content\/uploads\/2024\/06\/Pera-pipetador-3-vias-2-escolhelab-com-br.png\" \/>\n\t<meta property=\"og:image:width\" content=\"700\" \/>\n\t<meta property=\"og:image:height\" content=\"800\" \/>\n\t<meta property=\"og:image:type\" content=\"image\/png\" \/>\n<meta name=\"twitter:card\" content=\"summary_large_image\" \/>\n<meta name=\"twitter:label1\" content=\"Est. reading time\" \/>\n\t<meta name=\"twitter:data1\" content=\"1 minute\" \/>\n<script type=\"application\/ld+json\" class=\"yoast-schema-graph\">{\"@context\":\"https:\\\/\\\/schema.org\",\"@graph\":[{\"@type\":\"WebPage\",\"@id\":\"https:\\\/\\\/escolhelab.com.br\\\/pera-pipetadora-3-vias\\\/\",\"url\":\"https:\\\/\\\/escolhelab.com.br\\\/pera-pipetadora-3-vias\\\/\",\"name\":\"Pera Pipetadora 3 vias\",\"isPartOf\":{\"@id\":\"https:\\\/\\\/escolhelab.com.br\\\/#website\"},\"primaryImageOfPage\":{\"@id\":\"https:\\\/\\\/escolhelab.com.br\\\/pera-pipetadora-3-vias\\\/#primaryimage\"},\"image\":{\"@id\":\"https:\\\/\\\/escolhelab.com.br\\\/pera-pipetadora-3-vias\\\/#primaryimage\"},\"thumbnailUrl\":\"https:\\\/\\\/escolhelab.com.br\\\/wp-content\\\/uploads\\\/2024\\\/06\\\/Pera-pipetador-3-vias-2-escolhelab-com-br.png\",\"datePublished\":\"2024-06-07T16:50:49+00:00\",\"dateModified\":\"2025-08-25T14:09:50+00:00\",\"description\":\"O Pipetador de Borracha 3 Vias (Tipo P\u00eara) \u00e9 um acess\u00f3rio essencial em laborat\u00f3rios que realizam suc\u00e7\u00e3o e dispensa\u00e7\u00e3o de l\u00edquidos em pipetas. Fabricado\",\"breadcrumb\":{\"@id\":\"https:\\\/\\\/escolhelab.com.br\\\/pera-pipetadora-3-vias\\\/#breadcrumb\"},\"inLanguage\":\"en-US\",\"potentialAction\":[{\"@type\":\"ReadAction\",\"target\":[\"https:\\\/\\\/escolhelab.com.br\\\/pera-pipetadora-3-vias\\\/\"]}]},{\"@type\":\"ImageObject\",\"inLanguage\":\"en-US\",\"@id\":\"https:\\\/\\\/escolhelab.com.br\\\/pera-pipetadora-3-vias\\\/#primaryimage\",\"url\":\"https:\\\/\\\/escolhelab.com.br\\\/wp-content\\\/uploads\\\/2024\\\/06\\\/Pera-pipetador-3-vias-2-escolhelab-com-br.png\",\"contentUrl\":\"https:\\\/\\\/escolhelab.com.br\\\/wp-content\\\/uploads\\\/2024\\\/06\\\/Pera-pipetador-3-vias-2-escolhelab-com-br.png\",\"width\":700,\"height\":800},{\"@type\":\"BreadcrumbList\",\"@id\":\"https:\\\/\\\/escolhelab.com.br\\\/pera-pipetadora-3-vias\\\/#breadcrumb\",\"itemListElement\":[{\"@type\":\"ListItem\",\"position\":1,\"name\":\"In\u00edcio\",\"item\":\"https:\\\/\\\/escolhelab.com.br\\\/\"},{\"@type\":\"ListItem\",\"position\":2,\"name\":\"loja\",\"item\":\"https:\\\/\\\/escolhelab.com.br\\\/loja\\\/\"},{\"@type\":\"ListItem\",\"position\":3,\"name\":\"Pera Pipetadora 3 vias\"}]},{\"@type\":\"WebSite\",\"@id\":\"https:\\\/\\\/escolhelab.com.br\\\/#website\",\"url\":\"https:\\\/\\\/escolhelab.com.br\\\/\",\"name\":\"Loja de produtos para laboratorio\",\"description\":\"Produtos para Laborat\u00f3rio,Artigos e outros na loja do quimico\",\"publisher\":{\"@id\":\"https:\\\/\\\/escolhelab.com.br\\\/#organization\"},\"alternateName\":\"escolhelab\",\"potentialAction\":[{\"@type\":\"SearchAction\",\"target\":{\"@type\":\"EntryPoint\",\"urlTemplate\":\"https:\\\/\\\/escolhelab.com.br\\\/?s={search_term_string}\"},\"query-input\":{\"@type\":\"PropertyValueSpecification\",\"valueRequired\":true,\"valueName\":\"search_term_string\"}}],\"inLanguage\":\"en-US\"},{\"@type\":\"Organization\",\"@id\":\"https:\\\/\\\/escolhelab.com.br\\\/#organization\",\"name\":\"loja escolhelab\",\"alternateName\":\"escolhelab\",\"url\":\"https:\\\/\\\/escolhelab.com.br\\\/\",\"logo\":{\"@type\":\"ImageObject\",\"inLanguage\":\"en-US\",\"@id\":\"https:\\\/\\\/escolhelab.com.br\\\/#\\\/schema\\\/logo\\\/image\\\/\",\"url\":\"https:\\\/\\\/escolhelab.com.br\\\/wp-content\\\/uploads\\\/2024\\\/12\\\/icone-e-512-512escolhelab-com-br-2-800x800.png\",\"contentUrl\":\"https:\\\/\\\/escolhelab.com.br\\\/wp-content\\\/uploads\\\/2024\\\/12\\\/icone-e-512-512escolhelab-com-br-2-800x800.png\",\"width\":800,\"height\":800,\"caption\":\"loja escolhelab\"},\"image\":{\"@id\":\"https:\\\/\\\/escolhelab.com.br\\\/#\\\/schema\\\/logo\\\/image\\\/\"}}]}<\/script>\n<!-- \/ Yoast SEO Premium plugin. -->","yoast_head_json":{"title":"Pera Pipetadora 3 vias","description":"O Pipetador de Borracha 3 Vias (Tipo P\u00eara) \u00e9 um acess\u00f3rio essencial em laborat\u00f3rios que realizam suc\u00e7\u00e3o e dispensa\u00e7\u00e3o de l\u00edquidos em pipetas. Fabricado","robots":{"index":"index","follow":"follow","max-snippet":"max-snippet:-1","max-image-preview":"max-image-preview:large","max-video-preview":"max-video-preview:-1"},"canonical":"https:\/\/escolhelab.com.br\/en\/pera-pipetadora-3-vias\/","og_locale":"en_US","og_type":"article","og_title":"Pera Pipetadora 3 vias","og_description":"O Pipetador de Borracha 3 Vias (Tipo P\u00eara) \u00e9 um acess\u00f3rio essencial em laborat\u00f3rios que realizam suc\u00e7\u00e3o e dispensa\u00e7\u00e3o de l\u00edquidos em pipetas. Fabricado","og_url":"https:\/\/escolhelab.com.br\/en\/pera-pipetadora-3-vias\/","og_site_name":"Loja de produtos para laboratorio","article_modified_time":"2025-08-25T14:09:50+00:00","og_image":[{"width":700,"height":800,"url":"https:\/\/escolhelab.com.br\/wp-content\/uploads\/2024\/06\/Pera-pipetador-3-vias-2-escolhelab-com-br.png","type":"image\/png"}],"twitter_card":"summary_large_image","twitter_misc":{"Est. reading time":"1 minute"},"schema":{"@context":"https:\/\/schema.org","@graph":[{"@type":"WebPage","@id":"https:\/\/escolhelab.com.br\/pera-pipetadora-3-vias\/","url":"https:\/\/escolhelab.com.br\/pera-pipetadora-3-vias\/","name":"Pera Pipetadora 3 vias","isPartOf":{"@id":"https:\/\/escolhelab.com.br\/#website"},"primaryImageOfPage":{"@id":"https:\/\/escolhelab.com.br\/pera-pipetadora-3-vias\/#primaryimage"},"image":{"@id":"https:\/\/escolhelab.com.br\/pera-pipetadora-3-vias\/#primaryimage"},"thumbnailUrl":"https:\/\/escolhelab.com.br\/wp-content\/uploads\/2024\/06\/Pera-pipetador-3-vias-2-escolhelab-com-br.png","datePublished":"2024-06-07T16:50:49+00:00","dateModified":"2025-08-25T14:09:50+00:00","description":"O Pipetador de Borracha 3 Vias (Tipo P\u00eara) \u00e9 um acess\u00f3rio essencial em laborat\u00f3rios que realizam suc\u00e7\u00e3o e dispensa\u00e7\u00e3o de l\u00edquidos em pipetas. Fabricado","breadcrumb":{"@id":"https:\/\/escolhelab.com.br\/pera-pipetadora-3-vias\/#breadcrumb"},"inLanguage":"en-US","potentialAction":[{"@type":"ReadAction","target":["https:\/\/escolhelab.com.br\/pera-pipetadora-3-vias\/"]}]},{"@type":"ImageObject","inLanguage":"en-US","@id":"https:\/\/escolhelab.com.br\/pera-pipetadora-3-vias\/#primaryimage","url":"https:\/\/escolhelab.com.br\/wp-content\/uploads\/2024\/06\/Pera-pipetador-3-vias-2-escolhelab-com-br.png","contentUrl":"https:\/\/escolhelab.com.br\/wp-content\/uploads\/2024\/06\/Pera-pipetador-3-vias-2-escolhelab-com-br.png","width":700,"height":800},{"@type":"BreadcrumbList","@id":"https:\/\/escolhelab.com.br\/pera-pipetadora-3-vias\/#breadcrumb","itemListElement":[{"@type":"ListItem","position":1,"name":"In\u00edcio","item":"https:\/\/escolhelab.com.br\/"},{"@type":"ListItem","position":2,"name":"loja","item":"https:\/\/escolhelab.com.br\/loja\/"},{"@type":"ListItem","position":3,"name":"Pera Pipetadora 3 vias"}]},{"@type":"WebSite","@id":"https:\/\/escolhelab.com.br\/#website","url":"https:\/\/escolhelab.com.br\/","name":"Loja de produtos para laboratorio","description":"Produtos para Laborat\u00f3rio,Artigos e outros na loja do quimico","publisher":{"@id":"https:\/\/escolhelab.com.br\/#organization"},"alternateName":"escolhelab","potentialAction":[{"@type":"SearchAction","target":{"@type":"EntryPoint","urlTemplate":"https:\/\/escolhelab.com.br\/?s={search_term_string}"},"query-input":{"@type":"PropertyValueSpecification","valueRequired":true,"valueName":"search_term_string"}}],"inLanguage":"en-US"},{"@type":"Organization","@id":"https:\/\/escolhelab.com.br\/#organization","name":"loja escolhelab","alternateName":"escolhelab","url":"https:\/\/escolhelab.com.br\/","logo":{"@type":"ImageObject","inLanguage":"en-US","@id":"https:\/\/escolhelab.com.br\/#\/schema\/logo\/image\/","url":"https:\/\/escolhelab.com.br\/wp-content\/uploads\/2024\/12\/icone-e-512-512escolhelab-com-br-2-800x800.png","contentUrl":"https:\/\/escolhelab.com.br\/wp-content\/uploads\/2024\/12\/icone-e-512-512escolhelab-com-br-2-800x800.png","width":800,"height":800,"caption":"loja escolhelab"},"image":{"@id":"https:\/\/escolhelab.com.br\/#\/schema\/logo\/image\/"}}]}},"tiered_pricing_type":"percentage","tiered_pricing_fixed_rules":{"3":"27.90","5":"27.90"},"tiered_pricing_product_settings":{"layout":"default","base_unit_name":{"singular":null,"plural":null},"default_variation":null},"tiered_pricing_minimum_quantity":null,"tiered_pricing_roles_data":[],"tiered_pricing_percentage_rules":{"3":"3","6":"6","9":"8"},"tiered_pricing_maximum_quantity":null,"tiered_pricing_quantity_step":null,"_links":{"self":[{"href":"https:\/\/escolhelab.com.br\/en\/wp-json\/wp\/v2\/product\/30871","targetHints":{"allow":["GET"]}}],"collection":[{"href":"https:\/\/escolhelab.com.br\/en\/wp-json\/wp\/v2\/product"}],"about":[{"href":"https:\/\/escolhelab.com.br\/en\/wp-json\/wp\/v2\/types\/product"}],"replies":[{"embeddable":true,"href":"https:\/\/escolhelab.com.br\/en\/wp-json\/wp\/v2\/comments?post=30871"}],"version-history":[{"count":0,"href":"https:\/\/escolhelab.com.br\/en\/wp-json\/wp\/v2\/product\/30871\/revisions"}],"wp:featuredmedia":[{"embeddable":true,"href":"https:\/\/escolhelab.com.br\/en\/wp-json\/wp\/v2\/media\/31522"}],"wp:attachment":[{"href":"https:\/\/escolhelab.com.br\/en\/wp-json\/wp\/v2\/media?parent=30871"}],"wp:term":[{"taxonomy":"product_brand","embeddable":true,"href":"https:\/\/escolhelab.com.br\/en\/wp-json\/wp\/v2\/product_brand?post=30871"},{"taxonomy":"product_cat","embeddable":true,"href":"https:\/\/escolhelab.com.br\/en\/wp-json\/wp\/v2\/product_cat?post=30871"},{"taxonomy":"product_tag","embeddable":true,"href":"https:\/\/escolhelab.com.br\/en\/wp-json\/wp\/v2\/product_tag?post=30871"}],"curies":[{"name":"wp","href":"https:\/\/api.w.org\/{rel}","templated":true}]}}