{"id":30872,"date":"2024-06-07T13:50:49","date_gmt":"2024-06-07T16:50:49","guid":{"rendered":"https:\/\/escolhelab.com.br\/?post_type=product&#038;p=30872"},"modified":"2024-12-12T10:53:00","modified_gmt":"2024-12-12T13:53:00","slug":"papel-ph-de-0-14","status":"publish","type":"product","link":"https:\/\/escolhelab.com.br\/en\/papel-ph-de-0-14\/","title":{"rendered":"Papel pH de 0-14"},"content":{"rendered":"<h1 class=\"product_title wd-entities-title\"><span style=\"font-family: helvetica, arial, sans-serif; font-size: 14pt;\">Papel pH de 0-14 Merck<\/span><\/h1>\n<p><span style=\"font-family: helvetica, arial, sans-serif;\">Papel pH de 0-14<\/span><\/p>\n<p><span style=\"font-family: helvetica, arial, sans-serif;\">Caracter\u00edsticas:<\/span><\/p>\n<p><span style=\"font-family: helvetica, arial, sans-serif;\">Papel pH de 0-14 Merck<\/span><\/p>\n<ul>\n<li><span style=\"font-family: helvetica, arial, sans-serif;\">Determina\u00e7\u00e3o \u00a0de pH sem o pr\u00e9-tratamento de amostra (filtra\u00e7\u00e3o ou clarifica\u00e7\u00e3o);<\/span><\/li>\n<li><span style=\"font-family: helvetica, arial, sans-serif;\">N\u00e3o contamina o meio desde que o indicador seja quimicamente vinculado a celulose;<\/span><\/li>\n<li><span style=\"font-family: helvetica, arial, sans-serif;\">Elevada precis\u00e3o e maior confiabilidade, mesmo em solu\u00e7\u00f5es fracamente tamponadas;<\/span><\/li>\n<li><span style=\"font-family: helvetica, arial, sans-serif;\">A faixa de pH cobre os valores de 0 a 14, em gradua\u00e7\u00f5es distintas;<\/span><\/li>\n<li><span style=\"font-family: helvetica, arial, sans-serif;\">F\u00e1cil leitura do pH \u2013 cores claras e distintas entre os diferentes valores de pH;<\/span><\/li>\n<li><span style=\"font-family: helvetica, arial, sans-serif;\">Maior conveni\u00eancia, pois podem ser utilizadas em qualquer lugar em minutos.<\/span><\/li>\n<\/ul>","protected":false},"excerpt":{"rendered":"<p style=\"text-align: justify;\"><span style=\"font-family: helvetica, arial, sans-serif; font-size: 12pt;\">Determina\u00e7\u00e3o \u00a0de pH sem o pr\u00e9-tratamento de amostra (filtra\u00e7\u00e3o ou clarifica\u00e7\u00e3o);<br \/>\n<\/span><span style=\"font-family: helvetica, arial, sans-serif; font-size: 12pt;\">N\u00e3o contamina o meio desde que o indicador seja quimicamente vinculado a celulose;<br \/>\n<\/span><span style=\"font-family: helvetica, arial, sans-serif; font-size: 12pt;\">Elevada precis\u00e3o e maior confiabilidade, mesmo em solu\u00e7\u00f5es fracamente tamponadas;<\/span><\/p>","protected":false},"featured_media":31506,"comment_status":"open","ping_status":"closed","template":"","meta":{"_acf_changed":false,"iawp_total_views":8},"product_brand":[],"product_cat":[725,726,747,606],"product_tag":[],"class_list":{"0":"post-30872","1":"product","2":"type-product","3":"status-publish","4":"has-post-thumbnail","6":"product_cat-acessorios-e-consumiveis","7":"product_cat-analises-aguas-e-papel-ph","8":"product_cat-pqpel-ph","9":"product_cat-quimico","10":"product_shipping_class-produtos-laboratorio-quimico","12":"first","13":"instock","14":"shipping-taxable","15":"purchasable","16":"product-type-simple"},"acf":[],"yoast_head":"<!-- This site is optimized with the Yoast SEO Premium plugin v26.2 (Yoast SEO v27.3) - https:\/\/yoast.com\/product\/yoast-seo-premium-wordpress\/ -->\n<title>Papel pH de 0-14<\/title>\n<meta name=\"description\" content=\"% Papel pH de 0-14\" \/>\n<meta name=\"robots\" content=\"index, follow, max-snippet:-1, max-image-preview:large, max-video-preview:-1\" \/>\n<link rel=\"canonical\" href=\"https:\/\/escolhelab.com.br\/en\/papel-ph-de-0-14\/\" \/>\n<meta property=\"og:locale\" content=\"en_US\" \/>\n<meta property=\"og:type\" content=\"article\" \/>\n<meta property=\"og:title\" content=\"Papel pH de 0-14\" \/>\n<meta property=\"og:description\" content=\"% Papel pH de 0-14\" \/>\n<meta property=\"og:url\" content=\"https:\/\/escolhelab.com.br\/en\/papel-ph-de-0-14\/\" \/>\n<meta property=\"og:site_name\" content=\"Loja de produtos para laboratorio\" \/>\n<meta property=\"article:modified_time\" content=\"2024-12-12T13:53:00+00:00\" \/>\n<meta property=\"og:image\" content=\"https:\/\/escolhelab.com.br\/wp-content\/uploads\/2024\/06\/papel-medidor-ph-escollhelac-com-br.png\" \/>\n\t<meta property=\"og:image:width\" content=\"700\" \/>\n\t<meta property=\"og:image:height\" content=\"800\" \/>\n\t<meta property=\"og:image:type\" content=\"image\/png\" \/>\n<meta name=\"twitter:card\" content=\"summary_large_image\" \/>\n<meta name=\"twitter:label1\" content=\"Est. reading time\" \/>\n\t<meta name=\"twitter:data1\" content=\"1 minute\" \/>\n<script type=\"application\/ld+json\" class=\"yoast-schema-graph\">{\"@context\":\"https:\\\/\\\/schema.org\",\"@graph\":[{\"@type\":\"WebPage\",\"@id\":\"https:\\\/\\\/escolhelab.com.br\\\/papel-ph-de-0-14\\\/\",\"url\":\"https:\\\/\\\/escolhelab.com.br\\\/papel-ph-de-0-14\\\/\",\"name\":\"Papel pH de 0-14\",\"isPartOf\":{\"@id\":\"https:\\\/\\\/escolhelab.com.br\\\/#website\"},\"primaryImageOfPage\":{\"@id\":\"https:\\\/\\\/escolhelab.com.br\\\/papel-ph-de-0-14\\\/#primaryimage\"},\"image\":{\"@id\":\"https:\\\/\\\/escolhelab.com.br\\\/papel-ph-de-0-14\\\/#primaryimage\"},\"thumbnailUrl\":\"https:\\\/\\\/escolhelab.com.br\\\/wp-content\\\/uploads\\\/2024\\\/06\\\/papel-medidor-ph-escollhelac-com-br.png\",\"datePublished\":\"2024-06-07T16:50:49+00:00\",\"dateModified\":\"2024-12-12T13:53:00+00:00\",\"description\":\"% Papel pH de 0-14\",\"breadcrumb\":{\"@id\":\"https:\\\/\\\/escolhelab.com.br\\\/papel-ph-de-0-14\\\/#breadcrumb\"},\"inLanguage\":\"en-US\",\"potentialAction\":[{\"@type\":\"ReadAction\",\"target\":[\"https:\\\/\\\/escolhelab.com.br\\\/papel-ph-de-0-14\\\/\"]}]},{\"@type\":\"ImageObject\",\"inLanguage\":\"en-US\",\"@id\":\"https:\\\/\\\/escolhelab.com.br\\\/papel-ph-de-0-14\\\/#primaryimage\",\"url\":\"https:\\\/\\\/escolhelab.com.br\\\/wp-content\\\/uploads\\\/2024\\\/06\\\/papel-medidor-ph-escollhelac-com-br.png\",\"contentUrl\":\"https:\\\/\\\/escolhelab.com.br\\\/wp-content\\\/uploads\\\/2024\\\/06\\\/papel-medidor-ph-escollhelac-com-br.png\",\"width\":700,\"height\":800},{\"@type\":\"BreadcrumbList\",\"@id\":\"https:\\\/\\\/escolhelab.com.br\\\/papel-ph-de-0-14\\\/#breadcrumb\",\"itemListElement\":[{\"@type\":\"ListItem\",\"position\":1,\"name\":\"In\u00edcio\",\"item\":\"https:\\\/\\\/escolhelab.com.br\\\/\"},{\"@type\":\"ListItem\",\"position\":2,\"name\":\"loja\",\"item\":\"https:\\\/\\\/escolhelab.com.br\\\/loja\\\/\"},{\"@type\":\"ListItem\",\"position\":3,\"name\":\"Papel pH de 0-14\"}]},{\"@type\":\"WebSite\",\"@id\":\"https:\\\/\\\/escolhelab.com.br\\\/#website\",\"url\":\"https:\\\/\\\/escolhelab.com.br\\\/\",\"name\":\"Loja de produtos para laboratorio\",\"description\":\"Produtos para Laborat\u00f3rio,Artigos e outros na loja do quimico\",\"publisher\":{\"@id\":\"https:\\\/\\\/escolhelab.com.br\\\/#organization\"},\"alternateName\":\"escolhelab\",\"potentialAction\":[{\"@type\":\"SearchAction\",\"target\":{\"@type\":\"EntryPoint\",\"urlTemplate\":\"https:\\\/\\\/escolhelab.com.br\\\/?s={search_term_string}\"},\"query-input\":{\"@type\":\"PropertyValueSpecification\",\"valueRequired\":true,\"valueName\":\"search_term_string\"}}],\"inLanguage\":\"en-US\"},{\"@type\":\"Organization\",\"@id\":\"https:\\\/\\\/escolhelab.com.br\\\/#organization\",\"name\":\"loja escolhelab\",\"alternateName\":\"escolhelab\",\"url\":\"https:\\\/\\\/escolhelab.com.br\\\/\",\"logo\":{\"@type\":\"ImageObject\",\"inLanguage\":\"en-US\",\"@id\":\"https:\\\/\\\/escolhelab.com.br\\\/#\\\/schema\\\/logo\\\/image\\\/\",\"url\":\"https:\\\/\\\/escolhelab.com.br\\\/wp-content\\\/uploads\\\/2024\\\/12\\\/icone-e-512-512escolhelab-com-br-2-800x800.png\",\"contentUrl\":\"https:\\\/\\\/escolhelab.com.br\\\/wp-content\\\/uploads\\\/2024\\\/12\\\/icone-e-512-512escolhelab-com-br-2-800x800.png\",\"width\":800,\"height\":800,\"caption\":\"loja escolhelab\"},\"image\":{\"@id\":\"https:\\\/\\\/escolhelab.com.br\\\/#\\\/schema\\\/logo\\\/image\\\/\"}}]}<\/script>\n<!-- \/ Yoast SEO Premium plugin. -->","yoast_head_json":{"title":"Papel pH de 0-14","description":"% Papel pH de 0-14","robots":{"index":"index","follow":"follow","max-snippet":"max-snippet:-1","max-image-preview":"max-image-preview:large","max-video-preview":"max-video-preview:-1"},"canonical":"https:\/\/escolhelab.com.br\/en\/papel-ph-de-0-14\/","og_locale":"en_US","og_type":"article","og_title":"Papel pH de 0-14","og_description":"% Papel pH de 0-14","og_url":"https:\/\/escolhelab.com.br\/en\/papel-ph-de-0-14\/","og_site_name":"Loja de produtos para laboratorio","article_modified_time":"2024-12-12T13:53:00+00:00","og_image":[{"width":700,"height":800,"url":"https:\/\/escolhelab.com.br\/wp-content\/uploads\/2024\/06\/papel-medidor-ph-escollhelac-com-br.png","type":"image\/png"}],"twitter_card":"summary_large_image","twitter_misc":{"Est. reading time":"1 minute"},"schema":{"@context":"https:\/\/schema.org","@graph":[{"@type":"WebPage","@id":"https:\/\/escolhelab.com.br\/papel-ph-de-0-14\/","url":"https:\/\/escolhelab.com.br\/papel-ph-de-0-14\/","name":"Papel pH de 0-14","isPartOf":{"@id":"https:\/\/escolhelab.com.br\/#website"},"primaryImageOfPage":{"@id":"https:\/\/escolhelab.com.br\/papel-ph-de-0-14\/#primaryimage"},"image":{"@id":"https:\/\/escolhelab.com.br\/papel-ph-de-0-14\/#primaryimage"},"thumbnailUrl":"https:\/\/escolhelab.com.br\/wp-content\/uploads\/2024\/06\/papel-medidor-ph-escollhelac-com-br.png","datePublished":"2024-06-07T16:50:49+00:00","dateModified":"2024-12-12T13:53:00+00:00","description":"% Papel pH de 0-14","breadcrumb":{"@id":"https:\/\/escolhelab.com.br\/papel-ph-de-0-14\/#breadcrumb"},"inLanguage":"en-US","potentialAction":[{"@type":"ReadAction","target":["https:\/\/escolhelab.com.br\/papel-ph-de-0-14\/"]}]},{"@type":"ImageObject","inLanguage":"en-US","@id":"https:\/\/escolhelab.com.br\/papel-ph-de-0-14\/#primaryimage","url":"https:\/\/escolhelab.com.br\/wp-content\/uploads\/2024\/06\/papel-medidor-ph-escollhelac-com-br.png","contentUrl":"https:\/\/escolhelab.com.br\/wp-content\/uploads\/2024\/06\/papel-medidor-ph-escollhelac-com-br.png","width":700,"height":800},{"@type":"BreadcrumbList","@id":"https:\/\/escolhelab.com.br\/papel-ph-de-0-14\/#breadcrumb","itemListElement":[{"@type":"ListItem","position":1,"name":"In\u00edcio","item":"https:\/\/escolhelab.com.br\/"},{"@type":"ListItem","position":2,"name":"loja","item":"https:\/\/escolhelab.com.br\/loja\/"},{"@type":"ListItem","position":3,"name":"Papel pH de 0-14"}]},{"@type":"WebSite","@id":"https:\/\/escolhelab.com.br\/#website","url":"https:\/\/escolhelab.com.br\/","name":"Loja de produtos para laboratorio","description":"Produtos para Laborat\u00f3rio,Artigos e outros na loja do quimico","publisher":{"@id":"https:\/\/escolhelab.com.br\/#organization"},"alternateName":"escolhelab","potentialAction":[{"@type":"SearchAction","target":{"@type":"EntryPoint","urlTemplate":"https:\/\/escolhelab.com.br\/?s={search_term_string}"},"query-input":{"@type":"PropertyValueSpecification","valueRequired":true,"valueName":"search_term_string"}}],"inLanguage":"en-US"},{"@type":"Organization","@id":"https:\/\/escolhelab.com.br\/#organization","name":"loja escolhelab","alternateName":"escolhelab","url":"https:\/\/escolhelab.com.br\/","logo":{"@type":"ImageObject","inLanguage":"en-US","@id":"https:\/\/escolhelab.com.br\/#\/schema\/logo\/image\/","url":"https:\/\/escolhelab.com.br\/wp-content\/uploads\/2024\/12\/icone-e-512-512escolhelab-com-br-2-800x800.png","contentUrl":"https:\/\/escolhelab.com.br\/wp-content\/uploads\/2024\/12\/icone-e-512-512escolhelab-com-br-2-800x800.png","width":800,"height":800,"caption":"loja escolhelab"},"image":{"@id":"https:\/\/escolhelab.com.br\/#\/schema\/logo\/image\/"}}]}},"tiered_pricing_type":"percentage","tiered_pricing_fixed_rules":{"2":"89.90","4":"89.90"},"tiered_pricing_product_settings":{"layout":"default","base_unit_name":{"singular":null,"plural":null},"default_variation":null},"tiered_pricing_minimum_quantity":null,"tiered_pricing_roles_data":[],"tiered_pricing_percentage_rules":{"2":"3","4":"6","8":"8"},"tiered_pricing_maximum_quantity":null,"tiered_pricing_quantity_step":null,"_links":{"self":[{"href":"https:\/\/escolhelab.com.br\/en\/wp-json\/wp\/v2\/product\/30872","targetHints":{"allow":["GET"]}}],"collection":[{"href":"https:\/\/escolhelab.com.br\/en\/wp-json\/wp\/v2\/product"}],"about":[{"href":"https:\/\/escolhelab.com.br\/en\/wp-json\/wp\/v2\/types\/product"}],"replies":[{"embeddable":true,"href":"https:\/\/escolhelab.com.br\/en\/wp-json\/wp\/v2\/comments?post=30872"}],"version-history":[{"count":0,"href":"https:\/\/escolhelab.com.br\/en\/wp-json\/wp\/v2\/product\/30872\/revisions"}],"wp:featuredmedia":[{"embeddable":true,"href":"https:\/\/escolhelab.com.br\/en\/wp-json\/wp\/v2\/media\/31506"}],"wp:attachment":[{"href":"https:\/\/escolhelab.com.br\/en\/wp-json\/wp\/v2\/media?parent=30872"}],"wp:term":[{"taxonomy":"product_brand","embeddable":true,"href":"https:\/\/escolhelab.com.br\/en\/wp-json\/wp\/v2\/product_brand?post=30872"},{"taxonomy":"product_cat","embeddable":true,"href":"https:\/\/escolhelab.com.br\/en\/wp-json\/wp\/v2\/product_cat?post=30872"},{"taxonomy":"product_tag","embeddable":true,"href":"https:\/\/escolhelab.com.br\/en\/wp-json\/wp\/v2\/product_tag?post=30872"}],"curies":[{"name":"wp","href":"https:\/\/api.w.org\/{rel}","templated":true}]}}