{"id":30873,"date":"2024-06-07T13:50:49","date_gmt":"2024-06-07T16:50:49","guid":{"rendered":"https:\/\/escolhelab.com.br\/?post_type=product&#038;p=30873"},"modified":"2025-08-25T09:53:15","modified_gmt":"2025-08-25T12:53:15","slug":"ssd-120gb-2-5-sata-iii-s200-kingpower","status":"publish","type":"product","link":"https:\/\/escolhelab.com.br\/en\/ssd-120gb-2-5-sata-iii-s200-kingpower\/","title":{"rendered":"SSD 120GB 2.5 SATA III S200 KINGPOWER"},"content":{"rendered":"<p><strong><span style=\"font-family: helvetica, arial, sans-serif;\">SSD 120GB 2.5 SATA III S200 KINGPOWER<\/span><\/strong><\/p>\n<p><span style=\"font-family: helvetica, arial, sans-serif;\">A SSD (unidade de estado s\u00f3lido em portugu\u00eas) S200 120GB da KingPower aumenta drasticamente a resposta do seu computador com tempos incr\u00edveis de inicializa\u00e7\u00e3o, carregamento e transfer\u00eancia, comparados a discos r\u00edgidos mec\u00e2nicos. Interface Sata Rev. 3.0 (6Gb\/s) e refor\u00e7ado com uma controladora de \u00faltima gera\u00e7\u00e3o para velocidades de leitura at\u00e9 515MB\/s e grava\u00e7\u00e3o de at\u00e9 490MB\/s, este SSD \u00e9 10x mais r\u00e1pido do que um disco r\u00edgido tradicional para melhor desempenho, resposta ultrarr\u00e1pida em multitarefas e um computador mais r\u00e1pido de modo geral. N\u00e3o h\u00e1 partes m\u00f3veis, com menor probabilidade de falhas do que um disco r\u00edgido mec\u00e2nico. Tamb\u00e9m \u00e9 mais frio e mais silencioso e sua resist\u00eancia a choques e vibra\u00e7\u00e3o torna-o ideal para notebooks e outros dispositivos m\u00f3veis de computa\u00e7\u00e3o. Oferece todo o espa\u00e7o que voc\u00ea precisa para aplicativos, v\u00eddeos, fotos e outros documentos importantes.<\/span><\/p>","protected":false},"excerpt":{"rendered":"<p><span style=\"font-family: helvetica, arial, sans-serif;\">Descri\u00e7\u00e3o do Produto:<\/span><br \/>\n<span style=\"font-family: helvetica, arial, sans-serif;\">SSD 120GB 2.5 Sata III S200 Kingpower Sata<\/span><br \/>\n<span style=\"font-family: helvetica, arial, sans-serif;\">A SSD (unidade de estado s\u00f3lido em portugu\u00eas) S200 120GB da KingPower aumenta drasticamente a resposta do seu computador com tempos incr\u00edveis de inicializa\u00e7\u00e3o, carregamento e transfer\u00eancia, comparados a discos r\u00edgidos mec\u00e2nicos. Interface Sata Rev. 3.0 (6Gb\/s) e refor\u00e7ado com uma controladora de \u00faltima gera\u00e7\u00e3o para velocidades de leitura at\u00e9 515MB\/s&#8230;&#8230;&#8230;&#8230;.<\/span><\/p>","protected":false},"featured_media":30933,"comment_status":"open","ping_status":"closed","template":"","meta":{"_acf_changed":false,"iawp_total_views":2},"product_brand":[],"product_cat":[738,722],"product_tag":[],"class_list":{"0":"post-30873","1":"product","2":"type-product","3":"status-publish","4":"has-post-thumbnail","6":"product_cat-acessorios-e-perifericos","7":"product_cat-produtos-para-laboratorio-informatica","8":"product_shipping_class-produtos-laboratorio-quimico","10":"first","11":"outofstock","12":"shipping-taxable","13":"purchasable","14":"product-type-simple"},"acf":[],"yoast_head":"<!-- This site is optimized with the Yoast SEO Premium plugin v26.2 (Yoast SEO v27.3) - https:\/\/yoast.com\/product\/yoast-seo-premium-wordpress\/ -->\n<title>SSD 120GB 2.5 SATA III S200 KINGPOWER<\/title>\n<meta name=\"description\" content=\"% SSD 120GB 2.5 SATA III S200 KINGPOWER\" \/>\n<meta name=\"robots\" content=\"index, follow, max-snippet:-1, max-image-preview:large, max-video-preview:-1\" \/>\n<link rel=\"canonical\" href=\"https:\/\/escolhelab.com.br\/en\/ssd-120gb-2-5-sata-iii-s200-kingpower\/\" \/>\n<meta property=\"og:locale\" content=\"en_US\" \/>\n<meta property=\"og:type\" content=\"article\" \/>\n<meta property=\"og:title\" content=\"SSD 120GB 2.5 SATA III S200 KINGPOWER\" \/>\n<meta property=\"og:description\" content=\"% SSD 120GB 2.5 SATA III S200 KINGPOWER\" \/>\n<meta property=\"og:url\" content=\"https:\/\/escolhelab.com.br\/en\/ssd-120gb-2-5-sata-iii-s200-kingpower\/\" \/>\n<meta property=\"og:site_name\" content=\"Loja de produtos para laboratorio\" \/>\n<meta property=\"article:modified_time\" content=\"2025-08-25T12:53:15+00:00\" \/>\n<meta property=\"og:image\" content=\"https:\/\/escolhelab.com.br\/wp-content\/uploads\/2024\/06\/hd1-ssd-120gb-escolhefacil-com-3.png\" \/>\n\t<meta property=\"og:image:width\" content=\"700\" \/>\n\t<meta property=\"og:image:height\" content=\"800\" \/>\n\t<meta property=\"og:image:type\" content=\"image\/png\" \/>\n<meta name=\"twitter:card\" content=\"summary_large_image\" \/>\n<meta name=\"twitter:label1\" content=\"Est. reading time\" \/>\n\t<meta name=\"twitter:data1\" content=\"1 minute\" \/>\n<script type=\"application\/ld+json\" class=\"yoast-schema-graph\">{\"@context\":\"https:\\\/\\\/schema.org\",\"@graph\":[{\"@type\":\"WebPage\",\"@id\":\"https:\\\/\\\/escolhelab.com.br\\\/ssd-120gb-2-5-sata-iii-s200-kingpower\\\/\",\"url\":\"https:\\\/\\\/escolhelab.com.br\\\/ssd-120gb-2-5-sata-iii-s200-kingpower\\\/\",\"name\":\"SSD 120GB 2.5 SATA III S200 KINGPOWER\",\"isPartOf\":{\"@id\":\"https:\\\/\\\/escolhelab.com.br\\\/#website\"},\"primaryImageOfPage\":{\"@id\":\"https:\\\/\\\/escolhelab.com.br\\\/ssd-120gb-2-5-sata-iii-s200-kingpower\\\/#primaryimage\"},\"image\":{\"@id\":\"https:\\\/\\\/escolhelab.com.br\\\/ssd-120gb-2-5-sata-iii-s200-kingpower\\\/#primaryimage\"},\"thumbnailUrl\":\"https:\\\/\\\/escolhelab.com.br\\\/wp-content\\\/uploads\\\/2024\\\/06\\\/hd1-ssd-120gb-escolhefacil-com-3.png\",\"datePublished\":\"2024-06-07T16:50:49+00:00\",\"dateModified\":\"2025-08-25T12:53:15+00:00\",\"description\":\"% SSD 120GB 2.5 SATA III S200 KINGPOWER\",\"breadcrumb\":{\"@id\":\"https:\\\/\\\/escolhelab.com.br\\\/ssd-120gb-2-5-sata-iii-s200-kingpower\\\/#breadcrumb\"},\"inLanguage\":\"en-US\",\"potentialAction\":[{\"@type\":\"ReadAction\",\"target\":[\"https:\\\/\\\/escolhelab.com.br\\\/ssd-120gb-2-5-sata-iii-s200-kingpower\\\/\"]}]},{\"@type\":\"ImageObject\",\"inLanguage\":\"en-US\",\"@id\":\"https:\\\/\\\/escolhelab.com.br\\\/ssd-120gb-2-5-sata-iii-s200-kingpower\\\/#primaryimage\",\"url\":\"https:\\\/\\\/escolhelab.com.br\\\/wp-content\\\/uploads\\\/2024\\\/06\\\/hd1-ssd-120gb-escolhefacil-com-3.png\",\"contentUrl\":\"https:\\\/\\\/escolhelab.com.br\\\/wp-content\\\/uploads\\\/2024\\\/06\\\/hd1-ssd-120gb-escolhefacil-com-3.png\",\"width\":700,\"height\":800},{\"@type\":\"BreadcrumbList\",\"@id\":\"https:\\\/\\\/escolhelab.com.br\\\/ssd-120gb-2-5-sata-iii-s200-kingpower\\\/#breadcrumb\",\"itemListElement\":[{\"@type\":\"ListItem\",\"position\":1,\"name\":\"In\u00edcio\",\"item\":\"https:\\\/\\\/escolhelab.com.br\\\/\"},{\"@type\":\"ListItem\",\"position\":2,\"name\":\"loja\",\"item\":\"https:\\\/\\\/escolhelab.com.br\\\/loja\\\/\"},{\"@type\":\"ListItem\",\"position\":3,\"name\":\"SSD 120GB 2.5 SATA III S200 KINGPOWER\"}]},{\"@type\":\"WebSite\",\"@id\":\"https:\\\/\\\/escolhelab.com.br\\\/#website\",\"url\":\"https:\\\/\\\/escolhelab.com.br\\\/\",\"name\":\"Loja de produtos para laboratorio\",\"description\":\"Produtos para Laborat\u00f3rio,Artigos e outros na loja do quimico\",\"publisher\":{\"@id\":\"https:\\\/\\\/escolhelab.com.br\\\/#organization\"},\"alternateName\":\"escolhelab\",\"potentialAction\":[{\"@type\":\"SearchAction\",\"target\":{\"@type\":\"EntryPoint\",\"urlTemplate\":\"https:\\\/\\\/escolhelab.com.br\\\/?s={search_term_string}\"},\"query-input\":{\"@type\":\"PropertyValueSpecification\",\"valueRequired\":true,\"valueName\":\"search_term_string\"}}],\"inLanguage\":\"en-US\"},{\"@type\":\"Organization\",\"@id\":\"https:\\\/\\\/escolhelab.com.br\\\/#organization\",\"name\":\"loja escolhelab\",\"alternateName\":\"escolhelab\",\"url\":\"https:\\\/\\\/escolhelab.com.br\\\/\",\"logo\":{\"@type\":\"ImageObject\",\"inLanguage\":\"en-US\",\"@id\":\"https:\\\/\\\/escolhelab.com.br\\\/#\\\/schema\\\/logo\\\/image\\\/\",\"url\":\"https:\\\/\\\/escolhelab.com.br\\\/wp-content\\\/uploads\\\/2024\\\/12\\\/icone-e-512-512escolhelab-com-br-2-800x800.png\",\"contentUrl\":\"https:\\\/\\\/escolhelab.com.br\\\/wp-content\\\/uploads\\\/2024\\\/12\\\/icone-e-512-512escolhelab-com-br-2-800x800.png\",\"width\":800,\"height\":800,\"caption\":\"loja escolhelab\"},\"image\":{\"@id\":\"https:\\\/\\\/escolhelab.com.br\\\/#\\\/schema\\\/logo\\\/image\\\/\"}}]}<\/script>\n<!-- \/ Yoast SEO Premium plugin. -->","yoast_head_json":{"title":"SSD 120GB 2.5 SATA III S200 KINGPOWER","description":"% SSD 120GB 2.5 SATA III S200 KINGPOWER","robots":{"index":"index","follow":"follow","max-snippet":"max-snippet:-1","max-image-preview":"max-image-preview:large","max-video-preview":"max-video-preview:-1"},"canonical":"https:\/\/escolhelab.com.br\/en\/ssd-120gb-2-5-sata-iii-s200-kingpower\/","og_locale":"en_US","og_type":"article","og_title":"SSD 120GB 2.5 SATA III S200 KINGPOWER","og_description":"% SSD 120GB 2.5 SATA III S200 KINGPOWER","og_url":"https:\/\/escolhelab.com.br\/en\/ssd-120gb-2-5-sata-iii-s200-kingpower\/","og_site_name":"Loja de produtos para laboratorio","article_modified_time":"2025-08-25T12:53:15+00:00","og_image":[{"width":700,"height":800,"url":"https:\/\/escolhelab.com.br\/wp-content\/uploads\/2024\/06\/hd1-ssd-120gb-escolhefacil-com-3.png","type":"image\/png"}],"twitter_card":"summary_large_image","twitter_misc":{"Est. reading time":"1 minute"},"schema":{"@context":"https:\/\/schema.org","@graph":[{"@type":"WebPage","@id":"https:\/\/escolhelab.com.br\/ssd-120gb-2-5-sata-iii-s200-kingpower\/","url":"https:\/\/escolhelab.com.br\/ssd-120gb-2-5-sata-iii-s200-kingpower\/","name":"SSD 120GB 2.5 SATA III S200 KINGPOWER","isPartOf":{"@id":"https:\/\/escolhelab.com.br\/#website"},"primaryImageOfPage":{"@id":"https:\/\/escolhelab.com.br\/ssd-120gb-2-5-sata-iii-s200-kingpower\/#primaryimage"},"image":{"@id":"https:\/\/escolhelab.com.br\/ssd-120gb-2-5-sata-iii-s200-kingpower\/#primaryimage"},"thumbnailUrl":"https:\/\/escolhelab.com.br\/wp-content\/uploads\/2024\/06\/hd1-ssd-120gb-escolhefacil-com-3.png","datePublished":"2024-06-07T16:50:49+00:00","dateModified":"2025-08-25T12:53:15+00:00","description":"% SSD 120GB 2.5 SATA III S200 KINGPOWER","breadcrumb":{"@id":"https:\/\/escolhelab.com.br\/ssd-120gb-2-5-sata-iii-s200-kingpower\/#breadcrumb"},"inLanguage":"en-US","potentialAction":[{"@type":"ReadAction","target":["https:\/\/escolhelab.com.br\/ssd-120gb-2-5-sata-iii-s200-kingpower\/"]}]},{"@type":"ImageObject","inLanguage":"en-US","@id":"https:\/\/escolhelab.com.br\/ssd-120gb-2-5-sata-iii-s200-kingpower\/#primaryimage","url":"https:\/\/escolhelab.com.br\/wp-content\/uploads\/2024\/06\/hd1-ssd-120gb-escolhefacil-com-3.png","contentUrl":"https:\/\/escolhelab.com.br\/wp-content\/uploads\/2024\/06\/hd1-ssd-120gb-escolhefacil-com-3.png","width":700,"height":800},{"@type":"BreadcrumbList","@id":"https:\/\/escolhelab.com.br\/ssd-120gb-2-5-sata-iii-s200-kingpower\/#breadcrumb","itemListElement":[{"@type":"ListItem","position":1,"name":"In\u00edcio","item":"https:\/\/escolhelab.com.br\/"},{"@type":"ListItem","position":2,"name":"loja","item":"https:\/\/escolhelab.com.br\/loja\/"},{"@type":"ListItem","position":3,"name":"SSD 120GB 2.5 SATA III S200 KINGPOWER"}]},{"@type":"WebSite","@id":"https:\/\/escolhelab.com.br\/#website","url":"https:\/\/escolhelab.com.br\/","name":"Loja de produtos para laboratorio","description":"Produtos para Laborat\u00f3rio,Artigos e outros na loja do quimico","publisher":{"@id":"https:\/\/escolhelab.com.br\/#organization"},"alternateName":"escolhelab","potentialAction":[{"@type":"SearchAction","target":{"@type":"EntryPoint","urlTemplate":"https:\/\/escolhelab.com.br\/?s={search_term_string}"},"query-input":{"@type":"PropertyValueSpecification","valueRequired":true,"valueName":"search_term_string"}}],"inLanguage":"en-US"},{"@type":"Organization","@id":"https:\/\/escolhelab.com.br\/#organization","name":"loja escolhelab","alternateName":"escolhelab","url":"https:\/\/escolhelab.com.br\/","logo":{"@type":"ImageObject","inLanguage":"en-US","@id":"https:\/\/escolhelab.com.br\/#\/schema\/logo\/image\/","url":"https:\/\/escolhelab.com.br\/wp-content\/uploads\/2024\/12\/icone-e-512-512escolhelab-com-br-2-800x800.png","contentUrl":"https:\/\/escolhelab.com.br\/wp-content\/uploads\/2024\/12\/icone-e-512-512escolhelab-com-br-2-800x800.png","width":800,"height":800,"caption":"loja escolhelab"},"image":{"@id":"https:\/\/escolhelab.com.br\/#\/schema\/logo\/image\/"}}]}},"tiered_pricing_type":"percentage","tiered_pricing_fixed_rules":[],"tiered_pricing_product_settings":{"layout":"default","base_unit_name":{"singular":null,"plural":null},"default_variation":null},"tiered_pricing_minimum_quantity":null,"tiered_pricing_roles_data":[],"tiered_pricing_percentage_rules":{"2":"3","3":"8"},"tiered_pricing_maximum_quantity":null,"tiered_pricing_quantity_step":null,"_links":{"self":[{"href":"https:\/\/escolhelab.com.br\/en\/wp-json\/wp\/v2\/product\/30873","targetHints":{"allow":["GET"]}}],"collection":[{"href":"https:\/\/escolhelab.com.br\/en\/wp-json\/wp\/v2\/product"}],"about":[{"href":"https:\/\/escolhelab.com.br\/en\/wp-json\/wp\/v2\/types\/product"}],"replies":[{"embeddable":true,"href":"https:\/\/escolhelab.com.br\/en\/wp-json\/wp\/v2\/comments?post=30873"}],"version-history":[{"count":0,"href":"https:\/\/escolhelab.com.br\/en\/wp-json\/wp\/v2\/product\/30873\/revisions"}],"wp:featuredmedia":[{"embeddable":true,"href":"https:\/\/escolhelab.com.br\/en\/wp-json\/wp\/v2\/media\/30933"}],"wp:attachment":[{"href":"https:\/\/escolhelab.com.br\/en\/wp-json\/wp\/v2\/media?parent=30873"}],"wp:term":[{"taxonomy":"product_brand","embeddable":true,"href":"https:\/\/escolhelab.com.br\/en\/wp-json\/wp\/v2\/product_brand?post=30873"},{"taxonomy":"product_cat","embeddable":true,"href":"https:\/\/escolhelab.com.br\/en\/wp-json\/wp\/v2\/product_cat?post=30873"},{"taxonomy":"product_tag","embeddable":true,"href":"https:\/\/escolhelab.com.br\/en\/wp-json\/wp\/v2\/product_tag?post=30873"}],"curies":[{"name":"wp","href":"https:\/\/api.w.org\/{rel}","templated":true}]}}