{"id":30897,"date":"2024-06-07T13:51:14","date_gmt":"2024-06-07T16:51:14","guid":{"rendered":"https:\/\/escolhelab.com.br\/?post_type=product&#038;p=30897"},"modified":"2025-11-04T08:11:05","modified_gmt":"2025-11-04T11:11:05","slug":"eletrodo-de-ph-vidro-recarregavel","status":"publish","type":"product","link":"https:\/\/escolhelab.com.br\/en\/eletrodo-de-ph-vidro-recarregavel\/","title":{"rendered":"Eletrodo de pH vidro recarreg\u00e1vel"},"content":{"rendered":"<h1 class=\"product_title wd-entities-title\"><span style=\"font-size: 14pt; font-family: helvetica, arial, sans-serif;\">Eletrodo de pH Vidro Recarreg\u00e1vel<br \/>\n<\/span><\/h1>\n<p><span style=\"font-family: helvetica, arial, sans-serif;\">O Eletrodo de pH Universal de Vidro Recarreg\u00e1vel \u00e9 ideal para todas as aplica\u00e7\u00f5es, especialmente em meios onde cont\u00e9m alto teor de Sulfetos e solu\u00e7\u00f5es org\u00e2nicas<\/p>\n<p><\/span><span style=\"font-family: helvetica, arial, sans-serif; font-size: 14pt;\"><strong>Espedifica\u00e7\u00f5es t\u00e9cnicas:<\/strong><\/span><br \/>\n<span style=\"font-family: helvetica, arial, sans-serif;\">Eletrodo de pH de Vidro Tipo Universal<\/span><br \/>\n<span style=\"font-family: helvetica, arial, sans-serif;\">Zaixa de medi\u00e7\u00e3o: 0 ~ 14<\/span><br \/>\n<span style=\"font-family: helvetica, arial, sans-serif;\">Faixa de medi\u00e7\u00e3o (temperatura): 0 ~ 80\u00b0C<\/span><br \/>\n<span style=\"font-family: helvetica, arial, sans-serif;\">Refer\u00eancia interna: KCI 3M<\/span><br \/>\n<span style=\"font-family: helvetica, arial, sans-serif;\">Sensor: Hg, Hg2CL2 + KCL<\/span><br \/>\n<span style=\"font-family: helvetica, arial, sans-serif;\">Tipo de jun\u00e7\u00e3o: Teflon<\/span><br \/>\n<span style=\"font-family: helvetica, arial, sans-serif;\">Corpo: Vidro<\/span><br \/>\n<span style=\"font-family: helvetica, arial, sans-serif;\">Compartimento de refer\u00eancia: Recarreg\u00e1vel<\/span><br \/>\n<span style=\"font-family: helvetica, arial, sans-serif;\">Conector: BNC<\/span><br \/>\n<span style=\"font-family: helvetica, arial, sans-serif;\">Tamanho: \u00f812x120mm<\/span><br \/>\n<span style=\"font-family: helvetica, arial, sans-serif;\">Refer\u00eancia: LABIOE65<\/span><br \/>\n<span style=\"font-family: helvetica, arial, sans-serif;\">Marca: Ion<\/span><br \/>\n<span style=\"font-family: helvetica, arial, sans-serif;\">ZNCM: 90278014<\/span><\/p>\n<h1 class=\"product_title wd-entities-title\"><span style=\"font-size: 14pt; font-family: helvetica, arial, sans-serif;\">\u00a0<\/span><\/h1>","protected":false},"excerpt":{"rendered":"<p><span style=\"font-family: helvetica, arial, sans-serif;\">O Eletrodo de pH Universal de Vidro Recarreg\u00e1vel \u00e9 ideal para todas as aplica\u00e7\u00f5es, especialmente em meios onde cont\u00e9m alto teor de Sulfetos e solu\u00e7\u00f5es org\u00e2nicas<\/span><\/p>","protected":false},"featured_media":39465,"comment_status":"open","ping_status":"closed","template":"","meta":{"_acf_changed":false,"iawp_total_views":67},"product_brand":[],"product_cat":[726,733,606],"product_tag":[],"class_list":{"0":"post-30897","1":"product","2":"type-product","3":"status-publish","4":"has-post-thumbnail","6":"product_cat-analises-aguas-e-papel-ph","7":"product_cat-equipamento-laboratorio","8":"product_cat-quimico","9":"product_shipping_class-produtos-laboratorio-quimico","11":"first","12":"instock","13":"shipping-taxable","14":"purchasable","15":"product-type-simple"},"acf":[],"yoast_head":"<!-- This site is optimized with the Yoast SEO Premium plugin v26.2 (Yoast SEO v27.3) - https:\/\/yoast.com\/product\/yoast-seo-premium-wordpress\/ -->\n<title>Eletrodo de pH vidro recarreg\u00e1vel<\/title>\n<meta name=\"description\" content=\"% Eletrodo de pH vidro recarreg\u00e1vel\" \/>\n<meta name=\"robots\" content=\"index, follow, max-snippet:-1, max-image-preview:large, max-video-preview:-1\" \/>\n<link rel=\"canonical\" href=\"https:\/\/escolhelab.com.br\/en\/eletrodo-de-ph-vidro-recarregavel\/\" \/>\n<meta property=\"og:locale\" content=\"en_US\" \/>\n<meta property=\"og:type\" content=\"article\" \/>\n<meta property=\"og:title\" content=\"Eletrodo de pH vidro recarreg\u00e1vel\" \/>\n<meta property=\"og:description\" content=\"% Eletrodo de pH vidro recarreg\u00e1vel\" \/>\n<meta property=\"og:url\" content=\"https:\/\/escolhelab.com.br\/en\/eletrodo-de-ph-vidro-recarregavel\/\" \/>\n<meta property=\"og:site_name\" content=\"Loja de produtos para laboratorio\" \/>\n<meta property=\"article:modified_time\" content=\"2025-11-04T11:11:05+00:00\" \/>\n<meta property=\"og:image\" content=\"https:\/\/escolhelab.com.br\/wp-content\/uploads\/2024\/06\/eletrodo-medidor-ph-escolhelab-com-nr.png\" \/>\n\t<meta property=\"og:image:width\" content=\"700\" \/>\n\t<meta property=\"og:image:height\" content=\"800\" \/>\n\t<meta property=\"og:image:type\" content=\"image\/png\" \/>\n<meta name=\"twitter:card\" content=\"summary_large_image\" \/>\n<meta name=\"twitter:label1\" content=\"Est. reading time\" \/>\n\t<meta name=\"twitter:data1\" content=\"1 minute\" \/>\n<script type=\"application\/ld+json\" class=\"yoast-schema-graph\">{\"@context\":\"https:\\\/\\\/schema.org\",\"@graph\":[{\"@type\":\"WebPage\",\"@id\":\"https:\\\/\\\/escolhelab.com.br\\\/eletrodo-de-ph-vidro-recarregavel\\\/\",\"url\":\"https:\\\/\\\/escolhelab.com.br\\\/eletrodo-de-ph-vidro-recarregavel\\\/\",\"name\":\"Eletrodo de pH vidro recarreg\u00e1vel\",\"isPartOf\":{\"@id\":\"https:\\\/\\\/escolhelab.com.br\\\/#website\"},\"primaryImageOfPage\":{\"@id\":\"https:\\\/\\\/escolhelab.com.br\\\/eletrodo-de-ph-vidro-recarregavel\\\/#primaryimage\"},\"image\":{\"@id\":\"https:\\\/\\\/escolhelab.com.br\\\/eletrodo-de-ph-vidro-recarregavel\\\/#primaryimage\"},\"thumbnailUrl\":\"https:\\\/\\\/escolhelab.com.br\\\/wp-content\\\/uploads\\\/2024\\\/06\\\/eletrodo-medidor-ph-escolhelab-com-nr.png\",\"datePublished\":\"2024-06-07T16:51:14+00:00\",\"dateModified\":\"2025-11-04T11:11:05+00:00\",\"description\":\"% Eletrodo de pH vidro recarreg\u00e1vel\",\"breadcrumb\":{\"@id\":\"https:\\\/\\\/escolhelab.com.br\\\/eletrodo-de-ph-vidro-recarregavel\\\/#breadcrumb\"},\"inLanguage\":\"en-US\",\"potentialAction\":[{\"@type\":\"ReadAction\",\"target\":[\"https:\\\/\\\/escolhelab.com.br\\\/eletrodo-de-ph-vidro-recarregavel\\\/\"]}]},{\"@type\":\"ImageObject\",\"inLanguage\":\"en-US\",\"@id\":\"https:\\\/\\\/escolhelab.com.br\\\/eletrodo-de-ph-vidro-recarregavel\\\/#primaryimage\",\"url\":\"https:\\\/\\\/escolhelab.com.br\\\/wp-content\\\/uploads\\\/2024\\\/06\\\/eletrodo-medidor-ph-escolhelab-com-nr.png\",\"contentUrl\":\"https:\\\/\\\/escolhelab.com.br\\\/wp-content\\\/uploads\\\/2024\\\/06\\\/eletrodo-medidor-ph-escolhelab-com-nr.png\",\"width\":700,\"height\":800,\"caption\":\"eletrodo-medidor-ph-escolhelab-com-nr\"},{\"@type\":\"BreadcrumbList\",\"@id\":\"https:\\\/\\\/escolhelab.com.br\\\/eletrodo-de-ph-vidro-recarregavel\\\/#breadcrumb\",\"itemListElement\":[{\"@type\":\"ListItem\",\"position\":1,\"name\":\"In\u00edcio\",\"item\":\"https:\\\/\\\/escolhelab.com.br\\\/\"},{\"@type\":\"ListItem\",\"position\":2,\"name\":\"loja\",\"item\":\"https:\\\/\\\/escolhelab.com.br\\\/loja\\\/\"},{\"@type\":\"ListItem\",\"position\":3,\"name\":\"Eletrodo de pH vidro recarreg\u00e1vel\"}]},{\"@type\":\"WebSite\",\"@id\":\"https:\\\/\\\/escolhelab.com.br\\\/#website\",\"url\":\"https:\\\/\\\/escolhelab.com.br\\\/\",\"name\":\"Loja de produtos para laboratorio\",\"description\":\"Produtos para Laborat\u00f3rio,Artigos e outros na loja do quimico\",\"publisher\":{\"@id\":\"https:\\\/\\\/escolhelab.com.br\\\/#organization\"},\"alternateName\":\"escolhelab\",\"potentialAction\":[{\"@type\":\"SearchAction\",\"target\":{\"@type\":\"EntryPoint\",\"urlTemplate\":\"https:\\\/\\\/escolhelab.com.br\\\/?s={search_term_string}\"},\"query-input\":{\"@type\":\"PropertyValueSpecification\",\"valueRequired\":true,\"valueName\":\"search_term_string\"}}],\"inLanguage\":\"en-US\"},{\"@type\":\"Organization\",\"@id\":\"https:\\\/\\\/escolhelab.com.br\\\/#organization\",\"name\":\"loja escolhelab\",\"alternateName\":\"escolhelab\",\"url\":\"https:\\\/\\\/escolhelab.com.br\\\/\",\"logo\":{\"@type\":\"ImageObject\",\"inLanguage\":\"en-US\",\"@id\":\"https:\\\/\\\/escolhelab.com.br\\\/#\\\/schema\\\/logo\\\/image\\\/\",\"url\":\"https:\\\/\\\/escolhelab.com.br\\\/wp-content\\\/uploads\\\/2024\\\/12\\\/icone-e-512-512escolhelab-com-br-2-800x800.png\",\"contentUrl\":\"https:\\\/\\\/escolhelab.com.br\\\/wp-content\\\/uploads\\\/2024\\\/12\\\/icone-e-512-512escolhelab-com-br-2-800x800.png\",\"width\":800,\"height\":800,\"caption\":\"loja escolhelab\"},\"image\":{\"@id\":\"https:\\\/\\\/escolhelab.com.br\\\/#\\\/schema\\\/logo\\\/image\\\/\"}}]}<\/script>\n<!-- \/ Yoast SEO Premium plugin. -->","yoast_head_json":{"title":"Eletrodo de pH vidro recarreg\u00e1vel","description":"% Eletrodo de pH vidro recarreg\u00e1vel","robots":{"index":"index","follow":"follow","max-snippet":"max-snippet:-1","max-image-preview":"max-image-preview:large","max-video-preview":"max-video-preview:-1"},"canonical":"https:\/\/escolhelab.com.br\/en\/eletrodo-de-ph-vidro-recarregavel\/","og_locale":"en_US","og_type":"article","og_title":"Eletrodo de pH vidro recarreg\u00e1vel","og_description":"% Eletrodo de pH vidro recarreg\u00e1vel","og_url":"https:\/\/escolhelab.com.br\/en\/eletrodo-de-ph-vidro-recarregavel\/","og_site_name":"Loja de produtos para laboratorio","article_modified_time":"2025-11-04T11:11:05+00:00","og_image":[{"width":700,"height":800,"url":"https:\/\/escolhelab.com.br\/wp-content\/uploads\/2024\/06\/eletrodo-medidor-ph-escolhelab-com-nr.png","type":"image\/png"}],"twitter_card":"summary_large_image","twitter_misc":{"Est. reading time":"1 minute"},"schema":{"@context":"https:\/\/schema.org","@graph":[{"@type":"WebPage","@id":"https:\/\/escolhelab.com.br\/eletrodo-de-ph-vidro-recarregavel\/","url":"https:\/\/escolhelab.com.br\/eletrodo-de-ph-vidro-recarregavel\/","name":"Eletrodo de pH vidro recarreg\u00e1vel","isPartOf":{"@id":"https:\/\/escolhelab.com.br\/#website"},"primaryImageOfPage":{"@id":"https:\/\/escolhelab.com.br\/eletrodo-de-ph-vidro-recarregavel\/#primaryimage"},"image":{"@id":"https:\/\/escolhelab.com.br\/eletrodo-de-ph-vidro-recarregavel\/#primaryimage"},"thumbnailUrl":"https:\/\/escolhelab.com.br\/wp-content\/uploads\/2024\/06\/eletrodo-medidor-ph-escolhelab-com-nr.png","datePublished":"2024-06-07T16:51:14+00:00","dateModified":"2025-11-04T11:11:05+00:00","description":"% Eletrodo de pH vidro recarreg\u00e1vel","breadcrumb":{"@id":"https:\/\/escolhelab.com.br\/eletrodo-de-ph-vidro-recarregavel\/#breadcrumb"},"inLanguage":"en-US","potentialAction":[{"@type":"ReadAction","target":["https:\/\/escolhelab.com.br\/eletrodo-de-ph-vidro-recarregavel\/"]}]},{"@type":"ImageObject","inLanguage":"en-US","@id":"https:\/\/escolhelab.com.br\/eletrodo-de-ph-vidro-recarregavel\/#primaryimage","url":"https:\/\/escolhelab.com.br\/wp-content\/uploads\/2024\/06\/eletrodo-medidor-ph-escolhelab-com-nr.png","contentUrl":"https:\/\/escolhelab.com.br\/wp-content\/uploads\/2024\/06\/eletrodo-medidor-ph-escolhelab-com-nr.png","width":700,"height":800,"caption":"eletrodo-medidor-ph-escolhelab-com-nr"},{"@type":"BreadcrumbList","@id":"https:\/\/escolhelab.com.br\/eletrodo-de-ph-vidro-recarregavel\/#breadcrumb","itemListElement":[{"@type":"ListItem","position":1,"name":"In\u00edcio","item":"https:\/\/escolhelab.com.br\/"},{"@type":"ListItem","position":2,"name":"loja","item":"https:\/\/escolhelab.com.br\/loja\/"},{"@type":"ListItem","position":3,"name":"Eletrodo de pH vidro recarreg\u00e1vel"}]},{"@type":"WebSite","@id":"https:\/\/escolhelab.com.br\/#website","url":"https:\/\/escolhelab.com.br\/","name":"Loja de produtos para laboratorio","description":"Produtos para Laborat\u00f3rio,Artigos e outros na loja do quimico","publisher":{"@id":"https:\/\/escolhelab.com.br\/#organization"},"alternateName":"escolhelab","potentialAction":[{"@type":"SearchAction","target":{"@type":"EntryPoint","urlTemplate":"https:\/\/escolhelab.com.br\/?s={search_term_string}"},"query-input":{"@type":"PropertyValueSpecification","valueRequired":true,"valueName":"search_term_string"}}],"inLanguage":"en-US"},{"@type":"Organization","@id":"https:\/\/escolhelab.com.br\/#organization","name":"loja escolhelab","alternateName":"escolhelab","url":"https:\/\/escolhelab.com.br\/","logo":{"@type":"ImageObject","inLanguage":"en-US","@id":"https:\/\/escolhelab.com.br\/#\/schema\/logo\/image\/","url":"https:\/\/escolhelab.com.br\/wp-content\/uploads\/2024\/12\/icone-e-512-512escolhelab-com-br-2-800x800.png","contentUrl":"https:\/\/escolhelab.com.br\/wp-content\/uploads\/2024\/12\/icone-e-512-512escolhelab-com-br-2-800x800.png","width":800,"height":800,"caption":"loja escolhelab"},"image":{"@id":"https:\/\/escolhelab.com.br\/#\/schema\/logo\/image\/"}}]}},"tiered_pricing_type":"percentage","tiered_pricing_fixed_rules":[],"tiered_pricing_product_settings":{"layout":"default","base_unit_name":{"singular":null,"plural":null},"default_variation":null},"tiered_pricing_minimum_quantity":null,"tiered_pricing_roles_data":[],"tiered_pricing_percentage_rules":{"2":"3","3":"5"},"tiered_pricing_maximum_quantity":null,"tiered_pricing_quantity_step":null,"_links":{"self":[{"href":"https:\/\/escolhelab.com.br\/en\/wp-json\/wp\/v2\/product\/30897","targetHints":{"allow":["GET"]}}],"collection":[{"href":"https:\/\/escolhelab.com.br\/en\/wp-json\/wp\/v2\/product"}],"about":[{"href":"https:\/\/escolhelab.com.br\/en\/wp-json\/wp\/v2\/types\/product"}],"replies":[{"embeddable":true,"href":"https:\/\/escolhelab.com.br\/en\/wp-json\/wp\/v2\/comments?post=30897"}],"version-history":[{"count":0,"href":"https:\/\/escolhelab.com.br\/en\/wp-json\/wp\/v2\/product\/30897\/revisions"}],"wp:featuredmedia":[{"embeddable":true,"href":"https:\/\/escolhelab.com.br\/en\/wp-json\/wp\/v2\/media\/39465"}],"wp:attachment":[{"href":"https:\/\/escolhelab.com.br\/en\/wp-json\/wp\/v2\/media?parent=30897"}],"wp:term":[{"taxonomy":"product_brand","embeddable":true,"href":"https:\/\/escolhelab.com.br\/en\/wp-json\/wp\/v2\/product_brand?post=30897"},{"taxonomy":"product_cat","embeddable":true,"href":"https:\/\/escolhelab.com.br\/en\/wp-json\/wp\/v2\/product_cat?post=30897"},{"taxonomy":"product_tag","embeddable":true,"href":"https:\/\/escolhelab.com.br\/en\/wp-json\/wp\/v2\/product_tag?post=30897"}],"curies":[{"name":"wp","href":"https:\/\/api.w.org\/{rel}","templated":true}]}}