{"id":30898,"date":"2024-06-07T13:51:14","date_gmt":"2024-06-07T16:51:14","guid":{"rendered":"https:\/\/escolhelab.com.br\/?post_type=product&#038;p=30898"},"modified":"2025-08-25T10:44:08","modified_gmt":"2025-08-25T13:44:08","slug":"seladora-profissional-de-embalagens","status":"publish","type":"product","link":"https:\/\/escolhelab.com.br\/en\/seladora-profissional-de-embalagens\/","title":{"rendered":"Seladora Profissional de embalagens"},"content":{"rendered":"<p><span style=\"font-family: helvetica, arial, sans-serif;\"><strong>Seladora Profissional de embalagens<\/strong><\/span><\/p>\n<p><span style=\"font-family: helvetica, arial, sans-serif;\">Uso: comercial e industrial<\/span><br \/>\n<span style=\"font-family: helvetica, arial, sans-serif;\">Seladora de aquecimento instant\u00e2neo<\/span><br \/>\n<span style=\"font-family: helvetica, arial, sans-serif;\">Estrutura em chapa<\/span><br \/>\n<span style=\"font-family: helvetica, arial, sans-serif;\">Pintura Ep\u00f3xi cor Cinza ou branca<\/span><br \/>\n<span style=\"font-family: helvetica, arial, sans-serif;\">Sinaleiros indicando tempo de solda e recebimento de energia<\/span><br \/>\n<span style=\"font-family: helvetica, arial, sans-serif;\">Solda 30 cm \u2013 Fita de n\u00edquel cromo 2 mm ou Fio de N\u00edquel cromo 0,05 mm (solda e corte)<\/span><br \/>\n<span style=\"font-family: helvetica, arial, sans-serif;\">Temporizador (tempo de solda)<\/span><br \/>\n<span style=\"font-family: helvetica, arial, sans-serif;\">Fus\u00edvel de prote\u00e7\u00e3o<\/span><br \/>\n<span style=\"font-family: helvetica, arial, sans-serif;\">Voltagem 127 \/ 220 V com chave seletora \/ 50\/60 Hz<\/span><br \/>\n<span style=\"font-family: helvetica, arial, sans-serif;\">Pot\u00eancia em Watts 150<\/span><br \/>\n<span style=\"font-family: helvetica, arial, sans-serif;\">Consumo de energia s\u00f3 no acionamento manual.<\/span><\/p>\n<p><span style=\"font-family: helvetica, arial, sans-serif;\"><b>Embalagens Pl\u00e1sticas<\/b><\/span><br \/>\n<span style=\"font-family: helvetica, arial, sans-serif;\">Polietileno, Polipropileno, Aluminizado, cristal, saco bolha e outros.<\/span><\/p>","protected":false},"excerpt":{"rendered":"<p><span style=\"font-family: helvetica, arial, sans-serif;\">Uso: comercial e industrial<\/span><br \/>\n<span style=\"font-family: helvetica, arial, sans-serif;\">Seladora de aquecimento instant\u00e2neo<\/span><br \/>\n<span style=\"font-family: helvetica, arial, sans-serif;\">Estrutura em chapa<\/span><br \/>\n<span style=\"font-family: helvetica, arial, sans-serif;\">Pintura Ep\u00f3xi cor Cinza ou branca<\/span><br \/>\n<span style=\"font-family: helvetica, arial, sans-serif;\">Sinaleiros indicando tempo de solda e recebimento de energia<\/span><\/p>","protected":false},"featured_media":30956,"comment_status":"open","ping_status":"closed","template":"","meta":{"_acf_changed":false,"iawp_total_views":3},"product_brand":[],"product_cat":[727,606],"product_tag":[],"class_list":{"0":"post-30898","1":"product","2":"type-product","3":"status-publish","4":"has-post-thumbnail","6":"product_cat-emhalagens","7":"product_cat-quimico","8":"product_shipping_class-produtos-laboratorio-quimico","10":"first","11":"instock","12":"sale","13":"shipping-taxable","14":"purchasable","15":"product-type-simple"},"acf":[],"yoast_head":"<!-- This site is optimized with the Yoast SEO Premium plugin v26.2 (Yoast SEO v27.3) - https:\/\/yoast.com\/product\/yoast-seo-premium-wordpress\/ -->\n<title>Seladora Profissional de embalagens<\/title>\n<meta name=\"description\" content=\"% Seladora Profissional de embalagens\" \/>\n<meta name=\"robots\" content=\"index, follow, max-snippet:-1, max-image-preview:large, max-video-preview:-1\" \/>\n<link rel=\"canonical\" href=\"https:\/\/escolhelab.com.br\/en\/seladora-profissional-de-embalagens\/\" \/>\n<meta property=\"og:locale\" content=\"en_US\" \/>\n<meta property=\"og:type\" content=\"article\" \/>\n<meta property=\"og:title\" content=\"Seladora Profissional de embalagens\" \/>\n<meta property=\"og:description\" content=\"% Seladora Profissional de embalagens\" \/>\n<meta property=\"og:url\" content=\"https:\/\/escolhelab.com.br\/en\/seladora-profissional-de-embalagens\/\" \/>\n<meta property=\"og:site_name\" content=\"Loja de produtos para laboratorio\" \/>\n<meta property=\"article:modified_time\" content=\"2025-08-25T13:44:08+00:00\" \/>\n<meta property=\"og:image\" content=\"https:\/\/escolhelab.com.br\/wp-content\/uploads\/2024\/06\/seladora-mesa-escolhefacil-comojeto-3.png\" \/>\n\t<meta property=\"og:image:width\" content=\"700\" \/>\n\t<meta property=\"og:image:height\" content=\"800\" \/>\n\t<meta property=\"og:image:type\" content=\"image\/png\" \/>\n<meta name=\"twitter:card\" content=\"summary_large_image\" \/>\n<meta name=\"twitter:label1\" content=\"Est. reading time\" \/>\n\t<meta name=\"twitter:data1\" content=\"1 minute\" \/>\n<script type=\"application\/ld+json\" class=\"yoast-schema-graph\">{\"@context\":\"https:\\\/\\\/schema.org\",\"@graph\":[{\"@type\":\"WebPage\",\"@id\":\"https:\\\/\\\/escolhelab.com.br\\\/seladora-profissional-de-embalagens\\\/\",\"url\":\"https:\\\/\\\/escolhelab.com.br\\\/seladora-profissional-de-embalagens\\\/\",\"name\":\"Seladora Profissional de embalagens\",\"isPartOf\":{\"@id\":\"https:\\\/\\\/escolhelab.com.br\\\/#website\"},\"primaryImageOfPage\":{\"@id\":\"https:\\\/\\\/escolhelab.com.br\\\/seladora-profissional-de-embalagens\\\/#primaryimage\"},\"image\":{\"@id\":\"https:\\\/\\\/escolhelab.com.br\\\/seladora-profissional-de-embalagens\\\/#primaryimage\"},\"thumbnailUrl\":\"https:\\\/\\\/escolhelab.com.br\\\/wp-content\\\/uploads\\\/2024\\\/06\\\/seladora-mesa-escolhefacil-comojeto-3.png\",\"datePublished\":\"2024-06-07T16:51:14+00:00\",\"dateModified\":\"2025-08-25T13:44:08+00:00\",\"description\":\"% Seladora Profissional de embalagens\",\"breadcrumb\":{\"@id\":\"https:\\\/\\\/escolhelab.com.br\\\/seladora-profissional-de-embalagens\\\/#breadcrumb\"},\"inLanguage\":\"en-US\",\"potentialAction\":[{\"@type\":\"ReadAction\",\"target\":[\"https:\\\/\\\/escolhelab.com.br\\\/seladora-profissional-de-embalagens\\\/\"]}]},{\"@type\":\"ImageObject\",\"inLanguage\":\"en-US\",\"@id\":\"https:\\\/\\\/escolhelab.com.br\\\/seladora-profissional-de-embalagens\\\/#primaryimage\",\"url\":\"https:\\\/\\\/escolhelab.com.br\\\/wp-content\\\/uploads\\\/2024\\\/06\\\/seladora-mesa-escolhefacil-comojeto-3.png\",\"contentUrl\":\"https:\\\/\\\/escolhelab.com.br\\\/wp-content\\\/uploads\\\/2024\\\/06\\\/seladora-mesa-escolhefacil-comojeto-3.png\",\"width\":700,\"height\":800},{\"@type\":\"BreadcrumbList\",\"@id\":\"https:\\\/\\\/escolhelab.com.br\\\/seladora-profissional-de-embalagens\\\/#breadcrumb\",\"itemListElement\":[{\"@type\":\"ListItem\",\"position\":1,\"name\":\"In\u00edcio\",\"item\":\"https:\\\/\\\/escolhelab.com.br\\\/\"},{\"@type\":\"ListItem\",\"position\":2,\"name\":\"loja\",\"item\":\"https:\\\/\\\/escolhelab.com.br\\\/loja\\\/\"},{\"@type\":\"ListItem\",\"position\":3,\"name\":\"Seladora Profissional de embalagens\"}]},{\"@type\":\"WebSite\",\"@id\":\"https:\\\/\\\/escolhelab.com.br\\\/#website\",\"url\":\"https:\\\/\\\/escolhelab.com.br\\\/\",\"name\":\"Loja de produtos para laboratorio\",\"description\":\"Produtos para Laborat\u00f3rio,Artigos e outros na loja do quimico\",\"publisher\":{\"@id\":\"https:\\\/\\\/escolhelab.com.br\\\/#organization\"},\"alternateName\":\"escolhelab\",\"potentialAction\":[{\"@type\":\"SearchAction\",\"target\":{\"@type\":\"EntryPoint\",\"urlTemplate\":\"https:\\\/\\\/escolhelab.com.br\\\/?s={search_term_string}\"},\"query-input\":{\"@type\":\"PropertyValueSpecification\",\"valueRequired\":true,\"valueName\":\"search_term_string\"}}],\"inLanguage\":\"en-US\"},{\"@type\":\"Organization\",\"@id\":\"https:\\\/\\\/escolhelab.com.br\\\/#organization\",\"name\":\"loja escolhelab\",\"alternateName\":\"escolhelab\",\"url\":\"https:\\\/\\\/escolhelab.com.br\\\/\",\"logo\":{\"@type\":\"ImageObject\",\"inLanguage\":\"en-US\",\"@id\":\"https:\\\/\\\/escolhelab.com.br\\\/#\\\/schema\\\/logo\\\/image\\\/\",\"url\":\"https:\\\/\\\/escolhelab.com.br\\\/wp-content\\\/uploads\\\/2024\\\/12\\\/icone-e-512-512escolhelab-com-br-2-800x800.png\",\"contentUrl\":\"https:\\\/\\\/escolhelab.com.br\\\/wp-content\\\/uploads\\\/2024\\\/12\\\/icone-e-512-512escolhelab-com-br-2-800x800.png\",\"width\":800,\"height\":800,\"caption\":\"loja escolhelab\"},\"image\":{\"@id\":\"https:\\\/\\\/escolhelab.com.br\\\/#\\\/schema\\\/logo\\\/image\\\/\"}}]}<\/script>\n<!-- \/ Yoast SEO Premium plugin. -->","yoast_head_json":{"title":"Seladora Profissional de embalagens","description":"% Seladora Profissional de embalagens","robots":{"index":"index","follow":"follow","max-snippet":"max-snippet:-1","max-image-preview":"max-image-preview:large","max-video-preview":"max-video-preview:-1"},"canonical":"https:\/\/escolhelab.com.br\/en\/seladora-profissional-de-embalagens\/","og_locale":"en_US","og_type":"article","og_title":"Seladora Profissional de embalagens","og_description":"% Seladora Profissional de embalagens","og_url":"https:\/\/escolhelab.com.br\/en\/seladora-profissional-de-embalagens\/","og_site_name":"Loja de produtos para laboratorio","article_modified_time":"2025-08-25T13:44:08+00:00","og_image":[{"width":700,"height":800,"url":"https:\/\/escolhelab.com.br\/wp-content\/uploads\/2024\/06\/seladora-mesa-escolhefacil-comojeto-3.png","type":"image\/png"}],"twitter_card":"summary_large_image","twitter_misc":{"Est. reading time":"1 minute"},"schema":{"@context":"https:\/\/schema.org","@graph":[{"@type":"WebPage","@id":"https:\/\/escolhelab.com.br\/seladora-profissional-de-embalagens\/","url":"https:\/\/escolhelab.com.br\/seladora-profissional-de-embalagens\/","name":"Seladora Profissional de embalagens","isPartOf":{"@id":"https:\/\/escolhelab.com.br\/#website"},"primaryImageOfPage":{"@id":"https:\/\/escolhelab.com.br\/seladora-profissional-de-embalagens\/#primaryimage"},"image":{"@id":"https:\/\/escolhelab.com.br\/seladora-profissional-de-embalagens\/#primaryimage"},"thumbnailUrl":"https:\/\/escolhelab.com.br\/wp-content\/uploads\/2024\/06\/seladora-mesa-escolhefacil-comojeto-3.png","datePublished":"2024-06-07T16:51:14+00:00","dateModified":"2025-08-25T13:44:08+00:00","description":"% Seladora Profissional de embalagens","breadcrumb":{"@id":"https:\/\/escolhelab.com.br\/seladora-profissional-de-embalagens\/#breadcrumb"},"inLanguage":"en-US","potentialAction":[{"@type":"ReadAction","target":["https:\/\/escolhelab.com.br\/seladora-profissional-de-embalagens\/"]}]},{"@type":"ImageObject","inLanguage":"en-US","@id":"https:\/\/escolhelab.com.br\/seladora-profissional-de-embalagens\/#primaryimage","url":"https:\/\/escolhelab.com.br\/wp-content\/uploads\/2024\/06\/seladora-mesa-escolhefacil-comojeto-3.png","contentUrl":"https:\/\/escolhelab.com.br\/wp-content\/uploads\/2024\/06\/seladora-mesa-escolhefacil-comojeto-3.png","width":700,"height":800},{"@type":"BreadcrumbList","@id":"https:\/\/escolhelab.com.br\/seladora-profissional-de-embalagens\/#breadcrumb","itemListElement":[{"@type":"ListItem","position":1,"name":"In\u00edcio","item":"https:\/\/escolhelab.com.br\/"},{"@type":"ListItem","position":2,"name":"loja","item":"https:\/\/escolhelab.com.br\/loja\/"},{"@type":"ListItem","position":3,"name":"Seladora Profissional de embalagens"}]},{"@type":"WebSite","@id":"https:\/\/escolhelab.com.br\/#website","url":"https:\/\/escolhelab.com.br\/","name":"Loja de produtos para laboratorio","description":"Produtos para Laborat\u00f3rio,Artigos e outros na loja do quimico","publisher":{"@id":"https:\/\/escolhelab.com.br\/#organization"},"alternateName":"escolhelab","potentialAction":[{"@type":"SearchAction","target":{"@type":"EntryPoint","urlTemplate":"https:\/\/escolhelab.com.br\/?s={search_term_string}"},"query-input":{"@type":"PropertyValueSpecification","valueRequired":true,"valueName":"search_term_string"}}],"inLanguage":"en-US"},{"@type":"Organization","@id":"https:\/\/escolhelab.com.br\/#organization","name":"loja escolhelab","alternateName":"escolhelab","url":"https:\/\/escolhelab.com.br\/","logo":{"@type":"ImageObject","inLanguage":"en-US","@id":"https:\/\/escolhelab.com.br\/#\/schema\/logo\/image\/","url":"https:\/\/escolhelab.com.br\/wp-content\/uploads\/2024\/12\/icone-e-512-512escolhelab-com-br-2-800x800.png","contentUrl":"https:\/\/escolhelab.com.br\/wp-content\/uploads\/2024\/12\/icone-e-512-512escolhelab-com-br-2-800x800.png","width":800,"height":800,"caption":"loja escolhelab"},"image":{"@id":"https:\/\/escolhelab.com.br\/#\/schema\/logo\/image\/"}}]}},"tiered_pricing_type":"percentage","tiered_pricing_fixed_rules":{"2":"5"},"tiered_pricing_product_settings":{"layout":"default","base_unit_name":{"singular":null,"plural":null},"default_variation":null},"tiered_pricing_minimum_quantity":null,"tiered_pricing_roles_data":[],"tiered_pricing_percentage_rules":{"2":"5"},"tiered_pricing_maximum_quantity":null,"tiered_pricing_quantity_step":null,"_links":{"self":[{"href":"https:\/\/escolhelab.com.br\/en\/wp-json\/wp\/v2\/product\/30898","targetHints":{"allow":["GET"]}}],"collection":[{"href":"https:\/\/escolhelab.com.br\/en\/wp-json\/wp\/v2\/product"}],"about":[{"href":"https:\/\/escolhelab.com.br\/en\/wp-json\/wp\/v2\/types\/product"}],"replies":[{"embeddable":true,"href":"https:\/\/escolhelab.com.br\/en\/wp-json\/wp\/v2\/comments?post=30898"}],"version-history":[{"count":0,"href":"https:\/\/escolhelab.com.br\/en\/wp-json\/wp\/v2\/product\/30898\/revisions"}],"wp:featuredmedia":[{"embeddable":true,"href":"https:\/\/escolhelab.com.br\/en\/wp-json\/wp\/v2\/media\/30956"}],"wp:attachment":[{"href":"https:\/\/escolhelab.com.br\/en\/wp-json\/wp\/v2\/media?parent=30898"}],"wp:term":[{"taxonomy":"product_brand","embeddable":true,"href":"https:\/\/escolhelab.com.br\/en\/wp-json\/wp\/v2\/product_brand?post=30898"},{"taxonomy":"product_cat","embeddable":true,"href":"https:\/\/escolhelab.com.br\/en\/wp-json\/wp\/v2\/product_cat?post=30898"},{"taxonomy":"product_tag","embeddable":true,"href":"https:\/\/escolhelab.com.br\/en\/wp-json\/wp\/v2\/product_tag?post=30898"}],"curies":[{"name":"wp","href":"https:\/\/api.w.org\/{rel}","templated":true}]}}