{"id":30901,"date":"2024-06-07T13:51:14","date_gmt":"2024-06-07T16:51:14","guid":{"rendered":"https:\/\/escolhelab.com.br\/?post_type=product&#038;p=30901"},"modified":"2024-10-23T09:55:02","modified_gmt":"2024-10-23T12:55:02","slug":"certificado-de-calibracao-rbc-para-termometros-com-radiacao-infravermelha","status":"publish","type":"product","link":"https:\/\/escolhelab.com.br\/en\/certificado-de-calibracao-rbc-para-termometros-com-radiacao-infravermelha\/","title":{"rendered":"Certificado de Calibra\u00e7\u00e3o RBC para Term\u00f4metros com Radia\u00e7\u00e3o Infravermelha"},"content":{"rendered":"<h1><span style=\"font-family: helvetica, arial, sans-serif; font-size: 12pt;\">Certificado de Calibra\u00e7\u00e3o RBC para Term\u00f4metros com Radia\u00e7\u00e3o Infravermelha<\/span><\/h1>\n<p>Calibra\u00e7\u00e3o RBC acreditada \u00e0 Cgcre exclusiva para TI38, TI55, AK35 New e AK32.<br \/>\n* Calibra\u00e7\u00e3o exclusiva para instrumentos novos.<br \/>\nO Laborat\u00f3rio de Calibra\u00e7\u00e3o da Akso integra a Rede Brasileira de Calibra\u00e7\u00e3o &#8211; RBC, Laborat\u00f3rios credenciados pela CGCRE (Coordena\u00e7\u00e3o Geral de Acredita\u00e7\u00e3o do Inmetro).<br \/>\nConta com uma ampla estrutura, com os melhores equipamentos e equipe t\u00e9cnica capacitada, tudo isso, para emitir certificados de calibra\u00e7\u00e3o com alto grau de confiabilidade. \u00a0Utiliza os melhores padr\u00f5es de refer\u00eancia para suas calibra\u00e7\u00f5es.<br \/>\nO Laborat\u00f3rio de Calibra\u00e7\u00e3o da Akso est\u00e1 em conformidade com a \u00a0ISO 17025:2017, assim, acreditados para temperatura e umidade, \u00a0somos refer\u00eancia em qualidade e agilidade na emiss\u00e3o de certificados 100% digitai<\/p>","protected":false},"excerpt":{"rendered":"<p><span style=\"font-family: helvetica, arial, sans-serif;\">Calibra\u00e7\u00e3o RBC acreditada \u00e0 Cgcre e realizada no laborat\u00f3rio de metrologia da Akso sob o N\u00ba Cal 0670.<\/span><\/p>","protected":false},"featured_media":30966,"comment_status":"open","ping_status":"closed","template":"","meta":{"_acf_changed":false,"iawp_total_views":2},"product_brand":[],"product_cat":[725,606],"product_tag":[],"class_list":{"0":"post-30901","1":"product","2":"type-product","3":"status-publish","4":"has-post-thumbnail","6":"product_cat-acessorios-e-consumiveis","7":"product_cat-quimico","8":"product_shipping_class-produtos-laboratorio-quimico","10":"first","11":"instock","12":"virtual","13":"purchasable","14":"product-type-simple"},"acf":[],"yoast_head":"<!-- This site is optimized with the Yoast SEO Premium plugin v26.2 (Yoast SEO v27.3) - https:\/\/yoast.com\/product\/yoast-seo-premium-wordpress\/ -->\n<title>Certificado de Calibra\u00e7\u00e3o RBC para Term\u00f4metros com Radia\u00e7\u00e3o Infravermelha<\/title>\n<meta name=\"description\" content=\"% Certificado de Calibra\u00e7\u00e3o RBC para Term\u00f4metros com Radia\u00e7\u00e3o Infravermelha\" \/>\n<meta name=\"robots\" content=\"index, follow, max-snippet:-1, max-image-preview:large, max-video-preview:-1\" \/>\n<link rel=\"canonical\" href=\"https:\/\/escolhelab.com.br\/en\/certificado-de-calibracao-rbc-para-termometros-com-radiacao-infravermelha\/\" \/>\n<meta property=\"og:locale\" content=\"en_US\" \/>\n<meta property=\"og:type\" content=\"article\" \/>\n<meta property=\"og:title\" content=\"Certificado de Calibra\u00e7\u00e3o RBC para Term\u00f4metros com Radia\u00e7\u00e3o Infravermelha\" \/>\n<meta property=\"og:description\" content=\"% Certificado de Calibra\u00e7\u00e3o RBC para Term\u00f4metros com Radia\u00e7\u00e3o Infravermelha\" \/>\n<meta property=\"og:url\" content=\"https:\/\/escolhelab.com.br\/en\/certificado-de-calibracao-rbc-para-termometros-com-radiacao-infravermelha\/\" \/>\n<meta property=\"og:site_name\" content=\"Loja de produtos para laboratorio\" \/>\n<meta property=\"article:modified_time\" content=\"2024-10-23T12:55:02+00:00\" \/>\n<meta property=\"og:image\" content=\"https:\/\/escolhelab.com.br\/wp-content\/uploads\/2024\/06\/cerficicado-digital-escolhefacil-com-3.png\" \/>\n\t<meta property=\"og:image:width\" content=\"700\" \/>\n\t<meta property=\"og:image:height\" content=\"800\" \/>\n\t<meta property=\"og:image:type\" content=\"image\/png\" \/>\n<meta name=\"twitter:card\" content=\"summary_large_image\" \/>\n<meta name=\"twitter:label1\" content=\"Est. reading time\" \/>\n\t<meta name=\"twitter:data1\" content=\"1 minute\" \/>\n<script type=\"application\/ld+json\" class=\"yoast-schema-graph\">{\"@context\":\"https:\\\/\\\/schema.org\",\"@graph\":[{\"@type\":\"WebPage\",\"@id\":\"https:\\\/\\\/escolhelab.com.br\\\/certificado-de-calibracao-rbc-para-termometros-com-radiacao-infravermelha\\\/\",\"url\":\"https:\\\/\\\/escolhelab.com.br\\\/certificado-de-calibracao-rbc-para-termometros-com-radiacao-infravermelha\\\/\",\"name\":\"Certificado de Calibra\u00e7\u00e3o RBC para Term\u00f4metros com Radia\u00e7\u00e3o Infravermelha\",\"isPartOf\":{\"@id\":\"https:\\\/\\\/escolhelab.com.br\\\/#website\"},\"primaryImageOfPage\":{\"@id\":\"https:\\\/\\\/escolhelab.com.br\\\/certificado-de-calibracao-rbc-para-termometros-com-radiacao-infravermelha\\\/#primaryimage\"},\"image\":{\"@id\":\"https:\\\/\\\/escolhelab.com.br\\\/certificado-de-calibracao-rbc-para-termometros-com-radiacao-infravermelha\\\/#primaryimage\"},\"thumbnailUrl\":\"https:\\\/\\\/escolhelab.com.br\\\/wp-content\\\/uploads\\\/2024\\\/06\\\/cerficicado-digital-escolhefacil-com-3.png\",\"datePublished\":\"2024-06-07T16:51:14+00:00\",\"dateModified\":\"2024-10-23T12:55:02+00:00\",\"description\":\"% Certificado de Calibra\u00e7\u00e3o RBC para Term\u00f4metros com Radia\u00e7\u00e3o Infravermelha\",\"breadcrumb\":{\"@id\":\"https:\\\/\\\/escolhelab.com.br\\\/certificado-de-calibracao-rbc-para-termometros-com-radiacao-infravermelha\\\/#breadcrumb\"},\"inLanguage\":\"en-US\",\"potentialAction\":[{\"@type\":\"ReadAction\",\"target\":[\"https:\\\/\\\/escolhelab.com.br\\\/certificado-de-calibracao-rbc-para-termometros-com-radiacao-infravermelha\\\/\"]}]},{\"@type\":\"ImageObject\",\"inLanguage\":\"en-US\",\"@id\":\"https:\\\/\\\/escolhelab.com.br\\\/certificado-de-calibracao-rbc-para-termometros-com-radiacao-infravermelha\\\/#primaryimage\",\"url\":\"https:\\\/\\\/escolhelab.com.br\\\/wp-content\\\/uploads\\\/2024\\\/06\\\/cerficicado-digital-escolhefacil-com-3.png\",\"contentUrl\":\"https:\\\/\\\/escolhelab.com.br\\\/wp-content\\\/uploads\\\/2024\\\/06\\\/cerficicado-digital-escolhefacil-com-3.png\",\"width\":700,\"height\":800},{\"@type\":\"BreadcrumbList\",\"@id\":\"https:\\\/\\\/escolhelab.com.br\\\/certificado-de-calibracao-rbc-para-termometros-com-radiacao-infravermelha\\\/#breadcrumb\",\"itemListElement\":[{\"@type\":\"ListItem\",\"position\":1,\"name\":\"In\u00edcio\",\"item\":\"https:\\\/\\\/escolhelab.com.br\\\/\"},{\"@type\":\"ListItem\",\"position\":2,\"name\":\"loja\",\"item\":\"https:\\\/\\\/escolhelab.com.br\\\/loja\\\/\"},{\"@type\":\"ListItem\",\"position\":3,\"name\":\"Certificado de Calibra\u00e7\u00e3o RBC para Term\u00f4metros com Radia\u00e7\u00e3o Infravermelha\"}]},{\"@type\":\"WebSite\",\"@id\":\"https:\\\/\\\/escolhelab.com.br\\\/#website\",\"url\":\"https:\\\/\\\/escolhelab.com.br\\\/\",\"name\":\"Loja de produtos para laboratorio\",\"description\":\"Produtos para Laborat\u00f3rio,Artigos e outros na loja do quimico\",\"publisher\":{\"@id\":\"https:\\\/\\\/escolhelab.com.br\\\/#organization\"},\"alternateName\":\"escolhelab\",\"potentialAction\":[{\"@type\":\"SearchAction\",\"target\":{\"@type\":\"EntryPoint\",\"urlTemplate\":\"https:\\\/\\\/escolhelab.com.br\\\/?s={search_term_string}\"},\"query-input\":{\"@type\":\"PropertyValueSpecification\",\"valueRequired\":true,\"valueName\":\"search_term_string\"}}],\"inLanguage\":\"en-US\"},{\"@type\":\"Organization\",\"@id\":\"https:\\\/\\\/escolhelab.com.br\\\/#organization\",\"name\":\"loja escolhelab\",\"alternateName\":\"escolhelab\",\"url\":\"https:\\\/\\\/escolhelab.com.br\\\/\",\"logo\":{\"@type\":\"ImageObject\",\"inLanguage\":\"en-US\",\"@id\":\"https:\\\/\\\/escolhelab.com.br\\\/#\\\/schema\\\/logo\\\/image\\\/\",\"url\":\"https:\\\/\\\/escolhelab.com.br\\\/wp-content\\\/uploads\\\/2024\\\/12\\\/icone-e-512-512escolhelab-com-br-2-800x800.png\",\"contentUrl\":\"https:\\\/\\\/escolhelab.com.br\\\/wp-content\\\/uploads\\\/2024\\\/12\\\/icone-e-512-512escolhelab-com-br-2-800x800.png\",\"width\":800,\"height\":800,\"caption\":\"loja escolhelab\"},\"image\":{\"@id\":\"https:\\\/\\\/escolhelab.com.br\\\/#\\\/schema\\\/logo\\\/image\\\/\"}}]}<\/script>\n<!-- \/ Yoast SEO Premium plugin. -->","yoast_head_json":{"title":"Certificado de Calibra\u00e7\u00e3o RBC para Term\u00f4metros com Radia\u00e7\u00e3o Infravermelha","description":"% Certificado de Calibra\u00e7\u00e3o RBC para Term\u00f4metros com Radia\u00e7\u00e3o Infravermelha","robots":{"index":"index","follow":"follow","max-snippet":"max-snippet:-1","max-image-preview":"max-image-preview:large","max-video-preview":"max-video-preview:-1"},"canonical":"https:\/\/escolhelab.com.br\/en\/certificado-de-calibracao-rbc-para-termometros-com-radiacao-infravermelha\/","og_locale":"en_US","og_type":"article","og_title":"Certificado de Calibra\u00e7\u00e3o RBC para Term\u00f4metros com Radia\u00e7\u00e3o Infravermelha","og_description":"% Certificado de Calibra\u00e7\u00e3o RBC para Term\u00f4metros com Radia\u00e7\u00e3o Infravermelha","og_url":"https:\/\/escolhelab.com.br\/en\/certificado-de-calibracao-rbc-para-termometros-com-radiacao-infravermelha\/","og_site_name":"Loja de produtos para laboratorio","article_modified_time":"2024-10-23T12:55:02+00:00","og_image":[{"width":700,"height":800,"url":"https:\/\/escolhelab.com.br\/wp-content\/uploads\/2024\/06\/cerficicado-digital-escolhefacil-com-3.png","type":"image\/png"}],"twitter_card":"summary_large_image","twitter_misc":{"Est. reading time":"1 minute"},"schema":{"@context":"https:\/\/schema.org","@graph":[{"@type":"WebPage","@id":"https:\/\/escolhelab.com.br\/certificado-de-calibracao-rbc-para-termometros-com-radiacao-infravermelha\/","url":"https:\/\/escolhelab.com.br\/certificado-de-calibracao-rbc-para-termometros-com-radiacao-infravermelha\/","name":"Certificado de Calibra\u00e7\u00e3o RBC para Term\u00f4metros com Radia\u00e7\u00e3o Infravermelha","isPartOf":{"@id":"https:\/\/escolhelab.com.br\/#website"},"primaryImageOfPage":{"@id":"https:\/\/escolhelab.com.br\/certificado-de-calibracao-rbc-para-termometros-com-radiacao-infravermelha\/#primaryimage"},"image":{"@id":"https:\/\/escolhelab.com.br\/certificado-de-calibracao-rbc-para-termometros-com-radiacao-infravermelha\/#primaryimage"},"thumbnailUrl":"https:\/\/escolhelab.com.br\/wp-content\/uploads\/2024\/06\/cerficicado-digital-escolhefacil-com-3.png","datePublished":"2024-06-07T16:51:14+00:00","dateModified":"2024-10-23T12:55:02+00:00","description":"% Certificado de Calibra\u00e7\u00e3o RBC para Term\u00f4metros com Radia\u00e7\u00e3o Infravermelha","breadcrumb":{"@id":"https:\/\/escolhelab.com.br\/certificado-de-calibracao-rbc-para-termometros-com-radiacao-infravermelha\/#breadcrumb"},"inLanguage":"en-US","potentialAction":[{"@type":"ReadAction","target":["https:\/\/escolhelab.com.br\/certificado-de-calibracao-rbc-para-termometros-com-radiacao-infravermelha\/"]}]},{"@type":"ImageObject","inLanguage":"en-US","@id":"https:\/\/escolhelab.com.br\/certificado-de-calibracao-rbc-para-termometros-com-radiacao-infravermelha\/#primaryimage","url":"https:\/\/escolhelab.com.br\/wp-content\/uploads\/2024\/06\/cerficicado-digital-escolhefacil-com-3.png","contentUrl":"https:\/\/escolhelab.com.br\/wp-content\/uploads\/2024\/06\/cerficicado-digital-escolhefacil-com-3.png","width":700,"height":800},{"@type":"BreadcrumbList","@id":"https:\/\/escolhelab.com.br\/certificado-de-calibracao-rbc-para-termometros-com-radiacao-infravermelha\/#breadcrumb","itemListElement":[{"@type":"ListItem","position":1,"name":"In\u00edcio","item":"https:\/\/escolhelab.com.br\/"},{"@type":"ListItem","position":2,"name":"loja","item":"https:\/\/escolhelab.com.br\/loja\/"},{"@type":"ListItem","position":3,"name":"Certificado de Calibra\u00e7\u00e3o RBC para Term\u00f4metros com Radia\u00e7\u00e3o Infravermelha"}]},{"@type":"WebSite","@id":"https:\/\/escolhelab.com.br\/#website","url":"https:\/\/escolhelab.com.br\/","name":"Loja de produtos para laboratorio","description":"Produtos para Laborat\u00f3rio,Artigos e outros na loja do quimico","publisher":{"@id":"https:\/\/escolhelab.com.br\/#organization"},"alternateName":"escolhelab","potentialAction":[{"@type":"SearchAction","target":{"@type":"EntryPoint","urlTemplate":"https:\/\/escolhelab.com.br\/?s={search_term_string}"},"query-input":{"@type":"PropertyValueSpecification","valueRequired":true,"valueName":"search_term_string"}}],"inLanguage":"en-US"},{"@type":"Organization","@id":"https:\/\/escolhelab.com.br\/#organization","name":"loja escolhelab","alternateName":"escolhelab","url":"https:\/\/escolhelab.com.br\/","logo":{"@type":"ImageObject","inLanguage":"en-US","@id":"https:\/\/escolhelab.com.br\/#\/schema\/logo\/image\/","url":"https:\/\/escolhelab.com.br\/wp-content\/uploads\/2024\/12\/icone-e-512-512escolhelab-com-br-2-800x800.png","contentUrl":"https:\/\/escolhelab.com.br\/wp-content\/uploads\/2024\/12\/icone-e-512-512escolhelab-com-br-2-800x800.png","width":800,"height":800,"caption":"loja escolhelab"},"image":{"@id":"https:\/\/escolhelab.com.br\/#\/schema\/logo\/image\/"}}]}},"tiered_pricing_type":"fixed","tiered_pricing_fixed_rules":[],"tiered_pricing_product_settings":{"layout":"default","base_unit_name":{"singular":null,"plural":null},"default_variation":null},"tiered_pricing_minimum_quantity":null,"tiered_pricing_roles_data":[],"tiered_pricing_percentage_rules":[],"tiered_pricing_maximum_quantity":null,"tiered_pricing_quantity_step":null,"_links":{"self":[{"href":"https:\/\/escolhelab.com.br\/en\/wp-json\/wp\/v2\/product\/30901","targetHints":{"allow":["GET"]}}],"collection":[{"href":"https:\/\/escolhelab.com.br\/en\/wp-json\/wp\/v2\/product"}],"about":[{"href":"https:\/\/escolhelab.com.br\/en\/wp-json\/wp\/v2\/types\/product"}],"replies":[{"embeddable":true,"href":"https:\/\/escolhelab.com.br\/en\/wp-json\/wp\/v2\/comments?post=30901"}],"version-history":[{"count":0,"href":"https:\/\/escolhelab.com.br\/en\/wp-json\/wp\/v2\/product\/30901\/revisions"}],"wp:featuredmedia":[{"embeddable":true,"href":"https:\/\/escolhelab.com.br\/en\/wp-json\/wp\/v2\/media\/30966"}],"wp:attachment":[{"href":"https:\/\/escolhelab.com.br\/en\/wp-json\/wp\/v2\/media?parent=30901"}],"wp:term":[{"taxonomy":"product_brand","embeddable":true,"href":"https:\/\/escolhelab.com.br\/en\/wp-json\/wp\/v2\/product_brand?post=30901"},{"taxonomy":"product_cat","embeddable":true,"href":"https:\/\/escolhelab.com.br\/en\/wp-json\/wp\/v2\/product_cat?post=30901"},{"taxonomy":"product_tag","embeddable":true,"href":"https:\/\/escolhelab.com.br\/en\/wp-json\/wp\/v2\/product_tag?post=30901"}],"curies":[{"name":"wp","href":"https:\/\/api.w.org\/{rel}","templated":true}]}}