{"id":30919,"date":"2024-06-07T13:51:37","date_gmt":"2024-06-07T16:51:37","guid":{"rendered":"https:\/\/escolhelab.com.br\/?post_type=product&#038;p=30919"},"modified":"2025-08-25T14:51:14","modified_gmt":"2025-08-25T17:51:14","slug":"garrafa-termica-em-aco-inox-com-termometro-digital-500ml-led","status":"publish","type":"product","link":"https:\/\/escolhelab.com.br\/en\/garrafa-termica-em-aco-inox-com-termometro-digital-500ml-led\/","title":{"rendered":"Garrafa T\u00e9rmica Em A\u00e7o Inox Com Term\u00f4metro Digital 500ml Led"},"content":{"rendered":"<p><span style=\"font-size: 14pt;\"><strong><span style=\"font-family: helvetica, arial, sans-serif;\">Garrafa T\u00e9rmica Em A\u00e7o Inox Com Term\u00f4metro Digital 500ml Led<\/span><\/strong><\/span><\/p>\n<p data-spm-anchor-id=\"a2g0o.detail.1000023.i0.3b1c1932hCkywL\"><span style=\"font-family: helvetica, arial, sans-serif;\">Display de temperatura LED 500ML 304 Frasco a v\u00e1cuo de a\u00e7o inoxid\u00e1vel com design eco amig\u00e1vel.<\/span><br \/>\n<span style=\"font-family: helvetica, arial, sans-serif;\">Mant\u00e9m bebidas a temperatura certa por mais tempo horas (6-12Auros).<\/span><br \/>\n<span style=\"font-family: helvetica, arial, sans-serif;\">dupla camada de a\u00e7o inoxid\u00e1vel e camada de isolamento de calor de alta tecnologia no meio.<\/span><br \/>\n<span style=\"font-family: helvetica, arial, sans-serif;\">Conveniente port\u00e1til e f\u00e1cil de usar.<\/span><br \/>\n<span style=\"font-family: helvetica, arial, sans-serif;\">Touca de pl\u00e1stico PP grau aliment\u00edcia.<\/span><br \/>\n<span style=\"font-family: helvetica, arial, sans-serif;\">Design de copo confort\u00e1vel.<\/span><br \/>\n<span style=\"font-family: helvetica, arial, sans-serif;\">Design anti-fri\u00e7\u00e3o.<\/span><\/p>\n<p><span style=\"font-family: helvetica, arial, sans-serif;\">Tamanho: 24cm (H) x 7cm (Di\u00e2metro).<\/span><\/p>\n<p><a href=\"https:\/\/escolhelab.com.br\/en\/\">Loja escolhelab<\/a><\/p>\n<p>&nbsp;<\/p>","protected":false},"excerpt":{"rendered":"<p data-spm-anchor-id=\"a2g0o.detail.1000023.i0.3b1c1932hCkywL\"><span style=\"font-family: helvetica, arial, sans-serif;\">isplay de temperatura LED 500ML 304 Frasco a v\u00e1cuo de a\u00e7o inoxid\u00e1vel com design eco amig\u00e1vel.<\/span><br \/>\n<span style=\"font-family: helvetica, arial, sans-serif;\">Mant\u00e9m bebidas a temperatura certa por mais tempo horas (6-12Auros).<\/span><br \/>\n<span style=\"font-family: helvetica, arial, sans-serif;\">dupla camada de a\u00e7o inoxid\u00e1vel e camada de isolamento de calor de alta tecnologia no meio<\/span>..<\/p>\n<p>&nbsp;<\/p>","protected":false},"featured_media":30981,"comment_status":"open","ping_status":"closed","template":"","meta":{"_acf_changed":false,"iawp_total_views":8},"product_brand":[],"product_cat":[725,606],"product_tag":[],"class_list":{"0":"post-30919","1":"product","2":"type-product","3":"status-publish","4":"has-post-thumbnail","6":"product_cat-acessorios-e-consumiveis","7":"product_cat-quimico","8":"product_shipping_class-produto-eletronicos-e-informatica","10":"first","11":"instock","12":"sale","13":"shipping-taxable","14":"purchasable","15":"product-type-simple"},"acf":[],"yoast_head":"<!-- This site is optimized with the Yoast SEO Premium plugin v26.2 (Yoast SEO v27.4) - https:\/\/yoast.com\/product\/yoast-seo-premium-wordpress\/ -->\n<title>Garrafa T\u00e9rmica Em A\u00e7o Inox Com Term\u00f4metro Digital 500ml Led<\/title>\n<meta name=\"description\" content=\"isplay de temperatura LED 500ML 304 Frasco a v\u00e1cuo de a\u00e7o inoxid\u00e1vel com design eco amig\u00e1vel.Mant\u00e9m bebidas a temperatura certa por mais tempo conserva\u00e7\u00e3o\" \/>\n<meta name=\"robots\" content=\"index, follow, max-snippet:-1, max-image-preview:large, max-video-preview:-1\" \/>\n<link rel=\"canonical\" href=\"https:\/\/escolhelab.com.br\/en\/garrafa-termica-em-aco-inox-com-termometro-digital-500ml-led\/\" \/>\n<meta property=\"og:locale\" content=\"en_US\" \/>\n<meta property=\"og:type\" content=\"article\" \/>\n<meta property=\"og:title\" content=\"Garrafa T\u00e9rmica Em A\u00e7o Inox Com Term\u00f4metro Digital 500ml Led\" \/>\n<meta property=\"og:description\" content=\"isplay de temperatura LED 500ML 304 Frasco a v\u00e1cuo de a\u00e7o inoxid\u00e1vel com design eco amig\u00e1vel.Mant\u00e9m bebidas a temperatura certa por mais tempo conserva\u00e7\u00e3o\" \/>\n<meta property=\"og:url\" content=\"https:\/\/escolhelab.com.br\/en\/garrafa-termica-em-aco-inox-com-termometro-digital-500ml-led\/\" \/>\n<meta property=\"og:site_name\" content=\"Loja de produtos para laboratorio\" \/>\n<meta property=\"article:modified_time\" content=\"2025-08-25T17:51:14+00:00\" \/>\n<meta property=\"og:image\" content=\"https:\/\/escolhelab.com.br\/wp-content\/uploads\/2024\/06\/NoGarrafa-Termica-Em-Aco-Inox-Com-Termometro-Digital-500ml-Led-escolhefacil-com-3.png\" \/>\n\t<meta property=\"og:image:width\" content=\"700\" \/>\n\t<meta property=\"og:image:height\" content=\"800\" \/>\n\t<meta property=\"og:image:type\" content=\"image\/png\" \/>\n<meta name=\"twitter:card\" content=\"summary_large_image\" \/>\n<meta name=\"twitter:label1\" content=\"Est. reading time\" \/>\n\t<meta name=\"twitter:data1\" content=\"1 minute\" \/>\n<script type=\"application\/ld+json\" class=\"yoast-schema-graph\">{\"@context\":\"https:\\\/\\\/schema.org\",\"@graph\":[{\"@type\":\"WebPage\",\"@id\":\"https:\\\/\\\/escolhelab.com.br\\\/garrafa-termica-em-aco-inox-com-termometro-digital-500ml-led\\\/\",\"url\":\"https:\\\/\\\/escolhelab.com.br\\\/garrafa-termica-em-aco-inox-com-termometro-digital-500ml-led\\\/\",\"name\":\"Garrafa T\u00e9rmica Em A\u00e7o Inox Com Term\u00f4metro Digital 500ml Led\",\"isPartOf\":{\"@id\":\"https:\\\/\\\/escolhelab.com.br\\\/#website\"},\"primaryImageOfPage\":{\"@id\":\"https:\\\/\\\/escolhelab.com.br\\\/garrafa-termica-em-aco-inox-com-termometro-digital-500ml-led\\\/#primaryimage\"},\"image\":{\"@id\":\"https:\\\/\\\/escolhelab.com.br\\\/garrafa-termica-em-aco-inox-com-termometro-digital-500ml-led\\\/#primaryimage\"},\"thumbnailUrl\":\"https:\\\/\\\/escolhelab.com.br\\\/wp-content\\\/uploads\\\/2024\\\/06\\\/NoGarrafa-Termica-Em-Aco-Inox-Com-Termometro-Digital-500ml-Led-escolhefacil-com-3.png\",\"datePublished\":\"2024-06-07T16:51:37+00:00\",\"dateModified\":\"2025-08-25T17:51:14+00:00\",\"description\":\"isplay de temperatura LED 500ML 304 Frasco a v\u00e1cuo de a\u00e7o inoxid\u00e1vel com design eco amig\u00e1vel.Mant\u00e9m bebidas a temperatura certa por mais tempo conserva\u00e7\u00e3o\",\"breadcrumb\":{\"@id\":\"https:\\\/\\\/escolhelab.com.br\\\/garrafa-termica-em-aco-inox-com-termometro-digital-500ml-led\\\/#breadcrumb\"},\"inLanguage\":\"en-US\",\"potentialAction\":[{\"@type\":\"ReadAction\",\"target\":[\"https:\\\/\\\/escolhelab.com.br\\\/garrafa-termica-em-aco-inox-com-termometro-digital-500ml-led\\\/\"]}]},{\"@type\":\"ImageObject\",\"inLanguage\":\"en-US\",\"@id\":\"https:\\\/\\\/escolhelab.com.br\\\/garrafa-termica-em-aco-inox-com-termometro-digital-500ml-led\\\/#primaryimage\",\"url\":\"https:\\\/\\\/escolhelab.com.br\\\/wp-content\\\/uploads\\\/2024\\\/06\\\/NoGarrafa-Termica-Em-Aco-Inox-Com-Termometro-Digital-500ml-Led-escolhefacil-com-3.png\",\"contentUrl\":\"https:\\\/\\\/escolhelab.com.br\\\/wp-content\\\/uploads\\\/2024\\\/06\\\/NoGarrafa-Termica-Em-Aco-Inox-Com-Termometro-Digital-500ml-Led-escolhefacil-com-3.png\",\"width\":700,\"height\":800},{\"@type\":\"BreadcrumbList\",\"@id\":\"https:\\\/\\\/escolhelab.com.br\\\/garrafa-termica-em-aco-inox-com-termometro-digital-500ml-led\\\/#breadcrumb\",\"itemListElement\":[{\"@type\":\"ListItem\",\"position\":1,\"name\":\"In\u00edcio\",\"item\":\"https:\\\/\\\/escolhelab.com.br\\\/\"},{\"@type\":\"ListItem\",\"position\":2,\"name\":\"loja\",\"item\":\"https:\\\/\\\/escolhelab.com.br\\\/loja\\\/\"},{\"@type\":\"ListItem\",\"position\":3,\"name\":\"Garrafa T\u00e9rmica Em A\u00e7o Inox Com Term\u00f4metro Digital 500ml Led\"}]},{\"@type\":\"WebSite\",\"@id\":\"https:\\\/\\\/escolhelab.com.br\\\/#website\",\"url\":\"https:\\\/\\\/escolhelab.com.br\\\/\",\"name\":\"Loja de produtos para laboratorio\",\"description\":\"Produtos para Laborat\u00f3rio,Artigos e outros na loja do quimico\",\"publisher\":{\"@id\":\"https:\\\/\\\/escolhelab.com.br\\\/#organization\"},\"alternateName\":\"escolhelab\",\"potentialAction\":[{\"@type\":\"SearchAction\",\"target\":{\"@type\":\"EntryPoint\",\"urlTemplate\":\"https:\\\/\\\/escolhelab.com.br\\\/?s={search_term_string}\"},\"query-input\":{\"@type\":\"PropertyValueSpecification\",\"valueRequired\":true,\"valueName\":\"search_term_string\"}}],\"inLanguage\":\"en-US\"},{\"@type\":\"Organization\",\"@id\":\"https:\\\/\\\/escolhelab.com.br\\\/#organization\",\"name\":\"loja escolhelab\",\"alternateName\":\"escolhelab\",\"url\":\"https:\\\/\\\/escolhelab.com.br\\\/\",\"logo\":{\"@type\":\"ImageObject\",\"inLanguage\":\"en-US\",\"@id\":\"https:\\\/\\\/escolhelab.com.br\\\/#\\\/schema\\\/logo\\\/image\\\/\",\"url\":\"https:\\\/\\\/escolhelab.com.br\\\/wp-content\\\/uploads\\\/2024\\\/12\\\/icone-e-512-512escolhelab-com-br-2-800x800.png\",\"contentUrl\":\"https:\\\/\\\/escolhelab.com.br\\\/wp-content\\\/uploads\\\/2024\\\/12\\\/icone-e-512-512escolhelab-com-br-2-800x800.png\",\"width\":800,\"height\":800,\"caption\":\"loja escolhelab\"},\"image\":{\"@id\":\"https:\\\/\\\/escolhelab.com.br\\\/#\\\/schema\\\/logo\\\/image\\\/\"}}]}<\/script>\n<!-- \/ Yoast SEO Premium plugin. -->","yoast_head_json":{"title":"Garrafa T\u00e9rmica Em A\u00e7o Inox Com Term\u00f4metro Digital 500ml Led","description":"isplay de temperatura LED 500ML 304 Frasco a v\u00e1cuo de a\u00e7o inoxid\u00e1vel com design eco amig\u00e1vel.Mant\u00e9m bebidas a temperatura certa por mais tempo conserva\u00e7\u00e3o","robots":{"index":"index","follow":"follow","max-snippet":"max-snippet:-1","max-image-preview":"max-image-preview:large","max-video-preview":"max-video-preview:-1"},"canonical":"https:\/\/escolhelab.com.br\/en\/garrafa-termica-em-aco-inox-com-termometro-digital-500ml-led\/","og_locale":"en_US","og_type":"article","og_title":"Garrafa T\u00e9rmica Em A\u00e7o Inox Com Term\u00f4metro Digital 500ml Led","og_description":"isplay de temperatura LED 500ML 304 Frasco a v\u00e1cuo de a\u00e7o inoxid\u00e1vel com design eco amig\u00e1vel.Mant\u00e9m bebidas a temperatura certa por mais tempo conserva\u00e7\u00e3o","og_url":"https:\/\/escolhelab.com.br\/en\/garrafa-termica-em-aco-inox-com-termometro-digital-500ml-led\/","og_site_name":"Loja de produtos para laboratorio","article_modified_time":"2025-08-25T17:51:14+00:00","og_image":[{"width":700,"height":800,"url":"https:\/\/escolhelab.com.br\/wp-content\/uploads\/2024\/06\/NoGarrafa-Termica-Em-Aco-Inox-Com-Termometro-Digital-500ml-Led-escolhefacil-com-3.png","type":"image\/png"}],"twitter_card":"summary_large_image","twitter_misc":{"Est. reading time":"1 minute"},"schema":{"@context":"https:\/\/schema.org","@graph":[{"@type":"WebPage","@id":"https:\/\/escolhelab.com.br\/garrafa-termica-em-aco-inox-com-termometro-digital-500ml-led\/","url":"https:\/\/escolhelab.com.br\/garrafa-termica-em-aco-inox-com-termometro-digital-500ml-led\/","name":"Garrafa T\u00e9rmica Em A\u00e7o Inox Com Term\u00f4metro Digital 500ml Led","isPartOf":{"@id":"https:\/\/escolhelab.com.br\/#website"},"primaryImageOfPage":{"@id":"https:\/\/escolhelab.com.br\/garrafa-termica-em-aco-inox-com-termometro-digital-500ml-led\/#primaryimage"},"image":{"@id":"https:\/\/escolhelab.com.br\/garrafa-termica-em-aco-inox-com-termometro-digital-500ml-led\/#primaryimage"},"thumbnailUrl":"https:\/\/escolhelab.com.br\/wp-content\/uploads\/2024\/06\/NoGarrafa-Termica-Em-Aco-Inox-Com-Termometro-Digital-500ml-Led-escolhefacil-com-3.png","datePublished":"2024-06-07T16:51:37+00:00","dateModified":"2025-08-25T17:51:14+00:00","description":"isplay de temperatura LED 500ML 304 Frasco a v\u00e1cuo de a\u00e7o inoxid\u00e1vel com design eco amig\u00e1vel.Mant\u00e9m bebidas a temperatura certa por mais tempo conserva\u00e7\u00e3o","breadcrumb":{"@id":"https:\/\/escolhelab.com.br\/garrafa-termica-em-aco-inox-com-termometro-digital-500ml-led\/#breadcrumb"},"inLanguage":"en-US","potentialAction":[{"@type":"ReadAction","target":["https:\/\/escolhelab.com.br\/garrafa-termica-em-aco-inox-com-termometro-digital-500ml-led\/"]}]},{"@type":"ImageObject","inLanguage":"en-US","@id":"https:\/\/escolhelab.com.br\/garrafa-termica-em-aco-inox-com-termometro-digital-500ml-led\/#primaryimage","url":"https:\/\/escolhelab.com.br\/wp-content\/uploads\/2024\/06\/NoGarrafa-Termica-Em-Aco-Inox-Com-Termometro-Digital-500ml-Led-escolhefacil-com-3.png","contentUrl":"https:\/\/escolhelab.com.br\/wp-content\/uploads\/2024\/06\/NoGarrafa-Termica-Em-Aco-Inox-Com-Termometro-Digital-500ml-Led-escolhefacil-com-3.png","width":700,"height":800},{"@type":"BreadcrumbList","@id":"https:\/\/escolhelab.com.br\/garrafa-termica-em-aco-inox-com-termometro-digital-500ml-led\/#breadcrumb","itemListElement":[{"@type":"ListItem","position":1,"name":"In\u00edcio","item":"https:\/\/escolhelab.com.br\/"},{"@type":"ListItem","position":2,"name":"loja","item":"https:\/\/escolhelab.com.br\/loja\/"},{"@type":"ListItem","position":3,"name":"Garrafa T\u00e9rmica Em A\u00e7o Inox Com Term\u00f4metro Digital 500ml Led"}]},{"@type":"WebSite","@id":"https:\/\/escolhelab.com.br\/#website","url":"https:\/\/escolhelab.com.br\/","name":"Loja de produtos para laboratorio","description":"Produtos para Laborat\u00f3rio,Artigos e outros na loja do quimico","publisher":{"@id":"https:\/\/escolhelab.com.br\/#organization"},"alternateName":"escolhelab","potentialAction":[{"@type":"SearchAction","target":{"@type":"EntryPoint","urlTemplate":"https:\/\/escolhelab.com.br\/?s={search_term_string}"},"query-input":{"@type":"PropertyValueSpecification","valueRequired":true,"valueName":"search_term_string"}}],"inLanguage":"en-US"},{"@type":"Organization","@id":"https:\/\/escolhelab.com.br\/#organization","name":"loja escolhelab","alternateName":"escolhelab","url":"https:\/\/escolhelab.com.br\/","logo":{"@type":"ImageObject","inLanguage":"en-US","@id":"https:\/\/escolhelab.com.br\/#\/schema\/logo\/image\/","url":"https:\/\/escolhelab.com.br\/wp-content\/uploads\/2024\/12\/icone-e-512-512escolhelab-com-br-2-800x800.png","contentUrl":"https:\/\/escolhelab.com.br\/wp-content\/uploads\/2024\/12\/icone-e-512-512escolhelab-com-br-2-800x800.png","width":800,"height":800,"caption":"loja escolhelab"},"image":{"@id":"https:\/\/escolhelab.com.br\/#\/schema\/logo\/image\/"}}]}},"tiered_pricing_type":"percentage","tiered_pricing_fixed_rules":{"3":"37.99"},"tiered_pricing_product_settings":{"layout":"default","base_unit_name":{"singular":null,"plural":null},"default_variation":null},"tiered_pricing_minimum_quantity":null,"tiered_pricing_roles_data":[],"tiered_pricing_percentage_rules":{"2":"3","3":"5"},"tiered_pricing_maximum_quantity":null,"tiered_pricing_quantity_step":null,"_links":{"self":[{"href":"https:\/\/escolhelab.com.br\/en\/wp-json\/wp\/v2\/product\/30919","targetHints":{"allow":["GET"]}}],"collection":[{"href":"https:\/\/escolhelab.com.br\/en\/wp-json\/wp\/v2\/product"}],"about":[{"href":"https:\/\/escolhelab.com.br\/en\/wp-json\/wp\/v2\/types\/product"}],"replies":[{"embeddable":true,"href":"https:\/\/escolhelab.com.br\/en\/wp-json\/wp\/v2\/comments?post=30919"}],"version-history":[{"count":0,"href":"https:\/\/escolhelab.com.br\/en\/wp-json\/wp\/v2\/product\/30919\/revisions"}],"wp:featuredmedia":[{"embeddable":true,"href":"https:\/\/escolhelab.com.br\/en\/wp-json\/wp\/v2\/media\/30981"}],"wp:attachment":[{"href":"https:\/\/escolhelab.com.br\/en\/wp-json\/wp\/v2\/media?parent=30919"}],"wp:term":[{"taxonomy":"product_brand","embeddable":true,"href":"https:\/\/escolhelab.com.br\/en\/wp-json\/wp\/v2\/product_brand?post=30919"},{"taxonomy":"product_cat","embeddable":true,"href":"https:\/\/escolhelab.com.br\/en\/wp-json\/wp\/v2\/product_cat?post=30919"},{"taxonomy":"product_tag","embeddable":true,"href":"https:\/\/escolhelab.com.br\/en\/wp-json\/wp\/v2\/product_tag?post=30919"}],"curies":[{"name":"wp","href":"https:\/\/api.w.org\/{rel}","templated":true}]}}