{"id":30922,"date":"2024-06-07T13:51:37","date_gmt":"2024-06-07T16:51:37","guid":{"rendered":"https:\/\/escolhelab.com.br\/?post_type=product&#038;p=30922"},"modified":"2025-08-25T15:13:31","modified_gmt":"2025-08-25T18:13:31","slug":"bolsa-saco-para-coleta-de-amostras","status":"publish","type":"product","link":"https:\/\/escolhelab.com.br\/en\/bolsa-saco-para-coleta-de-amostras\/","title":{"rendered":"Bolsa (Saco) para Coleta de Amostras"},"content":{"rendered":"<h1 class=\"product_title entry-title wd-entities-title\"><span style=\"font-size: 18pt;\">Bolsa (Saco) para Coleta de Amostras<\/span><\/h1>\n<p>Primeiramente podemos dizer que a Bolsa (Saco) para Coleta de Amostras laboratoriais s\u00e3o ideais para pesquisa em amostras de v\u00e1rios tipos e seguimentos.\u00a0 Por exemplo podemos listar amostras de alimentos, leite e seus derivados, \u00e1gua, esgoto, m\u00e9dica e veterin\u00e1ria.\u00a0 Tamb\u00e9m podem ser utilizadas para coleta ambiental, solo, no mercado industrial e em superf\u00edcies.\u00a0 Contudo elas podem ser utilizadas tamb\u00e9m no ramo forense, gen\u00e9tico, biom\u00e9dico e farmac\u00eautico.\u00a0\u00a0Por\u00a0 estarem de acordo com as regulamenta\u00e7\u00f5es e requerimentos industriais: FDA e USDA, podemos concluir\u00a0que este \u00e9 um produto no qual voc\u00ea pode confiar.<\/p>\n<h3><span style=\"font-size: 14pt;\">Caracter\u00edsticas Da\u00a0Bolsa (Saco) Para Coleta De Amostras<\/span><\/h3>\n<ul>\n<li>Abas \u00e0 prova de perfura\u00e7\u00e3o, eliminando assim as pontas afiadas que podem perfurar \u00e0s bolsas, al\u00e9m de arranharem as m\u00e3os ou tamb\u00e9m perfurarem luvas.<\/li>\n<li>Garantia de esterilidade, pois seu processo utiliza g\u00e1s de \u00f3xido de etileno e certifica\u00e7\u00e3o ISO.<\/li>\n<li>Disponibilizadas\u00a0com ou sem Tiossulfato de S\u00f3dio, mas tamb\u00e9m com ou sem tarja de identifica\u00e7\u00e3o.<\/li>\n<li>Abas de arame mant\u00e9m a parte superior aberta, facilitando assim o acesso ao adicionar ou remover partes da amostra. Dessa forma evitando a contamina\u00e7\u00e3o e aumentando sua integridade.<\/li>\n<li>Rastreabilidade de esterilidade utilizando-se o n\u00famero do lote e o n\u00famero master registrados em cada caixa, gerando assim os certificados de esterilidade.<\/li>\n<li>Pel\u00edcula excepcionalmente clara e de for\u00e7a superior, formada de polietileno virgem, facilitando assim a visualiza\u00e7\u00e3o da amostra.<\/li>\n<li>Fechamento pr\u00e1tico e seguro, girando ou dobrando as abas pelo menos tr\u00eas vezes, criando assim um recipiente de amostragem \u00e0 prova de vazamentos.<\/li>\n<li>S\u00e3o livres de RNase, Dnase, Pirog\u00eanio e BPH, oferecendo assim material de alta qualidade.<\/li>\n<li>As bolsas n\u00e3o devem ser utilizadas em temperaturas superiores \u00e0 82\u00baC (180\u00baF), mas podem ser congeladas sob qualquer temperatura, mesmo de nitrog\u00eanio l\u00edquido at\u00e9 -210\u00baC (346\u00baF).<\/li>\n<li>Economia no armazenamento e transporte, pois as Bolsas Nasco\u00a0<span class=\"fontstyle0\">Whirl-Pak\u00ae\u00a0<\/span>economizam 90% mais espa\u00e7o do que outros recipientes de amostragem, reduzindo assim custos de transporte, armazenamento e res\u00edduos.<\/li>\n<\/ul>\n<h3><strong>Fale Conosco<\/strong><\/h3>\n<p><img loading=\"lazy\" decoding=\"async\" class=\"alignnone size-full wp-image-29761\" src=\"https:\/\/escolhelab.com.br\/wp-content\/uploads\/2024\/06\/logo-pq-escolhelab-escolhelab-com-br-2.png\" alt=\"\" width=\"197\" height=\"26\" srcset=\"https:\/\/escolhelab.com.br\/wp-content\/uploads\/2024\/06\/logo-pq-escolhelab-escolhelab-com-br-2.png 197w, https:\/\/escolhelab.com.br\/wp-content\/uploads\/2024\/06\/logo-pq-escolhelab-escolhelab-com-br-2-150x20.png 150w, https:\/\/escolhelab.com.br\/wp-content\/uploads\/2024\/06\/elementor\/thumbs\/logo-pq-escolhelab-escolhelab-com-br-2-150x26.png 400w\" sizes=\"auto, (max-width: 197px) 100vw, 197px\" \/><\/p>","protected":false},"excerpt":{"rendered":"<p><span style=\"font-size: 12pt;\"><span style=\"font-family: helvetica, arial, sans-serif;\">TBolsa (Saco) para Coleta de Amostra Est\u00e9ril Nasco Whirl-Pak\u00ae \u00e9 muito utilizada para coleta de amostras de \u00e1gua, s\u00e3o est\u00e9reis e podem ser encontradas\u00a0com ou sem Tiossulfato em caixas com\u00a0500 unidades.<\/span><\/span><\/p>\n<p><img loading=\"lazy\" decoding=\"async\" class=\"alignnone size-full wp-image-29761\" src=\"https:\/\/escolhelab.com.br\/wp-content\/uploads\/2024\/06\/logo-pq-escolhelab-escolhelab-com-br-2.png\" alt=\"\" width=\"197\" height=\"26\" srcset=\"https:\/\/escolhelab.com.br\/wp-content\/uploads\/2024\/06\/logo-pq-escolhelab-escolhelab-com-br-2.png 197w, https:\/\/escolhelab.com.br\/wp-content\/uploads\/2024\/06\/logo-pq-escolhelab-escolhelab-com-br-2-150x20.png 150w, https:\/\/escolhelab.com.br\/wp-content\/uploads\/2024\/06\/elementor\/thumbs\/logo-pq-escolhelab-escolhelab-com-br-2-150x26.png 400w\" sizes=\"auto, (max-width: 197px) 100vw, 197px\" \/><\/p>","protected":false},"featured_media":30988,"comment_status":"open","ping_status":"closed","template":"","meta":{"_acf_changed":false,"iawp_total_views":6},"product_brand":[],"product_cat":[726,606],"product_tag":[],"class_list":{"0":"post-30922","1":"product","2":"type-product","3":"status-publish","4":"has-post-thumbnail","6":"product_cat-analises-aguas-e-papel-ph","7":"product_cat-quimico","9":"first","10":"outofstock","11":"shipping-taxable","12":"purchasable","13":"product-type-simple"},"acf":[],"yoast_head":"<!-- This site is optimized with the Yoast SEO Premium plugin v26.2 (Yoast SEO v27.4) - https:\/\/yoast.com\/product\/yoast-seo-premium-wordpress\/ -->\n<title>Bolsa (Saco) para Coleta de Amostras<\/title>\n<meta name=\"description\" content=\"Agitadores magn\u00e9ticos Consulte-nos e tire a suas duvidas, teremos a sua disposi\u00e7\u00e3o. Departamento vendas escolhefacil Viste nosso site\" \/>\n<meta name=\"robots\" content=\"index, follow, max-snippet:-1, max-image-preview:large, max-video-preview:-1\" \/>\n<link rel=\"canonical\" href=\"https:\/\/escolhelab.com.br\/en\/bolsa-saco-para-coleta-de-amostras\/\" \/>\n<meta property=\"og:locale\" content=\"en_US\" \/>\n<meta property=\"og:type\" content=\"article\" \/>\n<meta property=\"og:title\" content=\"Bolsa (Saco) para Coleta de Amostras\" \/>\n<meta property=\"og:description\" content=\"Agitadores magn\u00e9ticos Consulte-nos e tire a suas duvidas, teremos a sua disposi\u00e7\u00e3o. Departamento vendas escolhefacil Viste nosso site\" \/>\n<meta property=\"og:url\" content=\"https:\/\/escolhelab.com.br\/en\/bolsa-saco-para-coleta-de-amostras\/\" \/>\n<meta property=\"og:site_name\" content=\"Loja de produtos para laboratorio\" \/>\n<meta property=\"article:modified_time\" content=\"2025-08-25T18:13:31+00:00\" \/>\n<meta property=\"og:image\" content=\"https:\/\/escolhelab.com.br\/wp-content\/uploads\/2024\/06\/bolsa-nasc0-escolhelab-com-br-3.png\" \/>\n\t<meta property=\"og:image:width\" content=\"700\" \/>\n\t<meta property=\"og:image:height\" content=\"800\" \/>\n\t<meta property=\"og:image:type\" content=\"image\/png\" \/>\n<meta name=\"twitter:card\" content=\"summary_large_image\" \/>\n<meta name=\"twitter:label1\" content=\"Est. reading time\" \/>\n\t<meta name=\"twitter:data1\" content=\"3 minutes\" \/>\n<script type=\"application\/ld+json\" class=\"yoast-schema-graph\">{\"@context\":\"https:\\\/\\\/schema.org\",\"@graph\":[{\"@type\":\"WebPage\",\"@id\":\"https:\\\/\\\/escolhelab.com.br\\\/bolsa-saco-para-coleta-de-amostras\\\/\",\"url\":\"https:\\\/\\\/escolhelab.com.br\\\/bolsa-saco-para-coleta-de-amostras\\\/\",\"name\":\"Bolsa (Saco) para Coleta de Amostras\",\"isPartOf\":{\"@id\":\"https:\\\/\\\/escolhelab.com.br\\\/#website\"},\"primaryImageOfPage\":{\"@id\":\"https:\\\/\\\/escolhelab.com.br\\\/bolsa-saco-para-coleta-de-amostras\\\/#primaryimage\"},\"image\":{\"@id\":\"https:\\\/\\\/escolhelab.com.br\\\/bolsa-saco-para-coleta-de-amostras\\\/#primaryimage\"},\"thumbnailUrl\":\"https:\\\/\\\/escolhelab.com.br\\\/wp-content\\\/uploads\\\/2024\\\/06\\\/bolsa-nasc0-escolhelab-com-br-3.png\",\"datePublished\":\"2024-06-07T16:51:37+00:00\",\"dateModified\":\"2025-08-25T18:13:31+00:00\",\"description\":\"Agitadores magn\u00e9ticos Consulte-nos e tire a suas duvidas, teremos a sua disposi\u00e7\u00e3o. Departamento vendas escolhefacil Viste nosso site\",\"breadcrumb\":{\"@id\":\"https:\\\/\\\/escolhelab.com.br\\\/bolsa-saco-para-coleta-de-amostras\\\/#breadcrumb\"},\"inLanguage\":\"en-US\",\"potentialAction\":[{\"@type\":\"ReadAction\",\"target\":[\"https:\\\/\\\/escolhelab.com.br\\\/bolsa-saco-para-coleta-de-amostras\\\/\"]}]},{\"@type\":\"ImageObject\",\"inLanguage\":\"en-US\",\"@id\":\"https:\\\/\\\/escolhelab.com.br\\\/bolsa-saco-para-coleta-de-amostras\\\/#primaryimage\",\"url\":\"https:\\\/\\\/escolhelab.com.br\\\/wp-content\\\/uploads\\\/2024\\\/06\\\/bolsa-nasc0-escolhelab-com-br-3.png\",\"contentUrl\":\"https:\\\/\\\/escolhelab.com.br\\\/wp-content\\\/uploads\\\/2024\\\/06\\\/bolsa-nasc0-escolhelab-com-br-3.png\",\"width\":700,\"height\":800},{\"@type\":\"BreadcrumbList\",\"@id\":\"https:\\\/\\\/escolhelab.com.br\\\/bolsa-saco-para-coleta-de-amostras\\\/#breadcrumb\",\"itemListElement\":[{\"@type\":\"ListItem\",\"position\":1,\"name\":\"In\u00edcio\",\"item\":\"https:\\\/\\\/escolhelab.com.br\\\/\"},{\"@type\":\"ListItem\",\"position\":2,\"name\":\"loja\",\"item\":\"https:\\\/\\\/escolhelab.com.br\\\/loja\\\/\"},{\"@type\":\"ListItem\",\"position\":3,\"name\":\"Bolsa (Saco) para Coleta de Amostras\"}]},{\"@type\":\"WebSite\",\"@id\":\"https:\\\/\\\/escolhelab.com.br\\\/#website\",\"url\":\"https:\\\/\\\/escolhelab.com.br\\\/\",\"name\":\"Loja de produtos para laboratorio\",\"description\":\"Produtos para Laborat\u00f3rio,Artigos e outros na loja do quimico\",\"publisher\":{\"@id\":\"https:\\\/\\\/escolhelab.com.br\\\/#organization\"},\"alternateName\":\"escolhelab\",\"potentialAction\":[{\"@type\":\"SearchAction\",\"target\":{\"@type\":\"EntryPoint\",\"urlTemplate\":\"https:\\\/\\\/escolhelab.com.br\\\/?s={search_term_string}\"},\"query-input\":{\"@type\":\"PropertyValueSpecification\",\"valueRequired\":true,\"valueName\":\"search_term_string\"}}],\"inLanguage\":\"en-US\"},{\"@type\":\"Organization\",\"@id\":\"https:\\\/\\\/escolhelab.com.br\\\/#organization\",\"name\":\"loja escolhelab\",\"alternateName\":\"escolhelab\",\"url\":\"https:\\\/\\\/escolhelab.com.br\\\/\",\"logo\":{\"@type\":\"ImageObject\",\"inLanguage\":\"en-US\",\"@id\":\"https:\\\/\\\/escolhelab.com.br\\\/#\\\/schema\\\/logo\\\/image\\\/\",\"url\":\"https:\\\/\\\/escolhelab.com.br\\\/wp-content\\\/uploads\\\/2024\\\/12\\\/icone-e-512-512escolhelab-com-br-2-800x800.png\",\"contentUrl\":\"https:\\\/\\\/escolhelab.com.br\\\/wp-content\\\/uploads\\\/2024\\\/12\\\/icone-e-512-512escolhelab-com-br-2-800x800.png\",\"width\":800,\"height\":800,\"caption\":\"loja escolhelab\"},\"image\":{\"@id\":\"https:\\\/\\\/escolhelab.com.br\\\/#\\\/schema\\\/logo\\\/image\\\/\"}}]}<\/script>\n<!-- \/ Yoast SEO Premium plugin. -->","yoast_head_json":{"title":"Bolsa (Saco) para Coleta de Amostras","description":"Agitadores magn\u00e9ticos Consulte-nos e tire a suas duvidas, teremos a sua disposi\u00e7\u00e3o. Departamento vendas escolhefacil Viste nosso site","robots":{"index":"index","follow":"follow","max-snippet":"max-snippet:-1","max-image-preview":"max-image-preview:large","max-video-preview":"max-video-preview:-1"},"canonical":"https:\/\/escolhelab.com.br\/en\/bolsa-saco-para-coleta-de-amostras\/","og_locale":"en_US","og_type":"article","og_title":"Bolsa (Saco) para Coleta de Amostras","og_description":"Agitadores magn\u00e9ticos Consulte-nos e tire a suas duvidas, teremos a sua disposi\u00e7\u00e3o. Departamento vendas escolhefacil Viste nosso site","og_url":"https:\/\/escolhelab.com.br\/en\/bolsa-saco-para-coleta-de-amostras\/","og_site_name":"Loja de produtos para laboratorio","article_modified_time":"2025-08-25T18:13:31+00:00","og_image":[{"width":700,"height":800,"url":"https:\/\/escolhelab.com.br\/wp-content\/uploads\/2024\/06\/bolsa-nasc0-escolhelab-com-br-3.png","type":"image\/png"}],"twitter_card":"summary_large_image","twitter_misc":{"Est. reading time":"3 minutes"},"schema":{"@context":"https:\/\/schema.org","@graph":[{"@type":"WebPage","@id":"https:\/\/escolhelab.com.br\/bolsa-saco-para-coleta-de-amostras\/","url":"https:\/\/escolhelab.com.br\/bolsa-saco-para-coleta-de-amostras\/","name":"Bolsa (Saco) para Coleta de Amostras","isPartOf":{"@id":"https:\/\/escolhelab.com.br\/#website"},"primaryImageOfPage":{"@id":"https:\/\/escolhelab.com.br\/bolsa-saco-para-coleta-de-amostras\/#primaryimage"},"image":{"@id":"https:\/\/escolhelab.com.br\/bolsa-saco-para-coleta-de-amostras\/#primaryimage"},"thumbnailUrl":"https:\/\/escolhelab.com.br\/wp-content\/uploads\/2024\/06\/bolsa-nasc0-escolhelab-com-br-3.png","datePublished":"2024-06-07T16:51:37+00:00","dateModified":"2025-08-25T18:13:31+00:00","description":"Agitadores magn\u00e9ticos Consulte-nos e tire a suas duvidas, teremos a sua disposi\u00e7\u00e3o. Departamento vendas escolhefacil Viste nosso site","breadcrumb":{"@id":"https:\/\/escolhelab.com.br\/bolsa-saco-para-coleta-de-amostras\/#breadcrumb"},"inLanguage":"en-US","potentialAction":[{"@type":"ReadAction","target":["https:\/\/escolhelab.com.br\/bolsa-saco-para-coleta-de-amostras\/"]}]},{"@type":"ImageObject","inLanguage":"en-US","@id":"https:\/\/escolhelab.com.br\/bolsa-saco-para-coleta-de-amostras\/#primaryimage","url":"https:\/\/escolhelab.com.br\/wp-content\/uploads\/2024\/06\/bolsa-nasc0-escolhelab-com-br-3.png","contentUrl":"https:\/\/escolhelab.com.br\/wp-content\/uploads\/2024\/06\/bolsa-nasc0-escolhelab-com-br-3.png","width":700,"height":800},{"@type":"BreadcrumbList","@id":"https:\/\/escolhelab.com.br\/bolsa-saco-para-coleta-de-amostras\/#breadcrumb","itemListElement":[{"@type":"ListItem","position":1,"name":"In\u00edcio","item":"https:\/\/escolhelab.com.br\/"},{"@type":"ListItem","position":2,"name":"loja","item":"https:\/\/escolhelab.com.br\/loja\/"},{"@type":"ListItem","position":3,"name":"Bolsa (Saco) para Coleta de Amostras"}]},{"@type":"WebSite","@id":"https:\/\/escolhelab.com.br\/#website","url":"https:\/\/escolhelab.com.br\/","name":"Loja de produtos para laboratorio","description":"Produtos para Laborat\u00f3rio,Artigos e outros na loja do quimico","publisher":{"@id":"https:\/\/escolhelab.com.br\/#organization"},"alternateName":"escolhelab","potentialAction":[{"@type":"SearchAction","target":{"@type":"EntryPoint","urlTemplate":"https:\/\/escolhelab.com.br\/?s={search_term_string}"},"query-input":{"@type":"PropertyValueSpecification","valueRequired":true,"valueName":"search_term_string"}}],"inLanguage":"en-US"},{"@type":"Organization","@id":"https:\/\/escolhelab.com.br\/#organization","name":"loja escolhelab","alternateName":"escolhelab","url":"https:\/\/escolhelab.com.br\/","logo":{"@type":"ImageObject","inLanguage":"en-US","@id":"https:\/\/escolhelab.com.br\/#\/schema\/logo\/image\/","url":"https:\/\/escolhelab.com.br\/wp-content\/uploads\/2024\/12\/icone-e-512-512escolhelab-com-br-2-800x800.png","contentUrl":"https:\/\/escolhelab.com.br\/wp-content\/uploads\/2024\/12\/icone-e-512-512escolhelab-com-br-2-800x800.png","width":800,"height":800,"caption":"loja escolhelab"},"image":{"@id":"https:\/\/escolhelab.com.br\/#\/schema\/logo\/image\/"}}]}},"tiered_pricing_type":"fixed","tiered_pricing_fixed_rules":[],"tiered_pricing_product_settings":{"layout":"default","base_unit_name":{"singular":null,"plural":null},"default_variation":null},"tiered_pricing_minimum_quantity":null,"tiered_pricing_roles_data":[],"tiered_pricing_percentage_rules":[],"tiered_pricing_maximum_quantity":null,"tiered_pricing_quantity_step":null,"_links":{"self":[{"href":"https:\/\/escolhelab.com.br\/en\/wp-json\/wp\/v2\/product\/30922","targetHints":{"allow":["GET"]}}],"collection":[{"href":"https:\/\/escolhelab.com.br\/en\/wp-json\/wp\/v2\/product"}],"about":[{"href":"https:\/\/escolhelab.com.br\/en\/wp-json\/wp\/v2\/types\/product"}],"replies":[{"embeddable":true,"href":"https:\/\/escolhelab.com.br\/en\/wp-json\/wp\/v2\/comments?post=30922"}],"version-history":[{"count":0,"href":"https:\/\/escolhelab.com.br\/en\/wp-json\/wp\/v2\/product\/30922\/revisions"}],"wp:featuredmedia":[{"embeddable":true,"href":"https:\/\/escolhelab.com.br\/en\/wp-json\/wp\/v2\/media\/30988"}],"wp:attachment":[{"href":"https:\/\/escolhelab.com.br\/en\/wp-json\/wp\/v2\/media?parent=30922"}],"wp:term":[{"taxonomy":"product_brand","embeddable":true,"href":"https:\/\/escolhelab.com.br\/en\/wp-json\/wp\/v2\/product_brand?post=30922"},{"taxonomy":"product_cat","embeddable":true,"href":"https:\/\/escolhelab.com.br\/en\/wp-json\/wp\/v2\/product_cat?post=30922"},{"taxonomy":"product_tag","embeddable":true,"href":"https:\/\/escolhelab.com.br\/en\/wp-json\/wp\/v2\/product_tag?post=30922"}],"curies":[{"name":"wp","href":"https:\/\/api.w.org\/{rel}","templated":true}]}}