{"id":30923,"date":"2024-06-07T13:51:37","date_gmt":"2024-06-07T16:51:37","guid":{"rendered":"https:\/\/escolhelab.com.br\/?post_type=product&#038;p=30923"},"modified":"2025-10-24T09:23:48","modified_gmt":"2025-10-24T12:23:48","slug":"caldo-meio-de-cultura","status":"publish","type":"product","link":"https:\/\/escolhelab.com.br\/en\/caldo-meio-de-cultura\/","title":{"rendered":"Caldo- Meio de Cultura"},"content":{"rendered":"<h2 class=\"product_title entry-title wd-entities-title\">Caldo- Meio de Cultura<\/h2>\n<p><span style=\"font-size: 12pt;\"><span style=\"font-family: helvetica, arial, sans-serif;\">Consulte-nos e tire a suas duvidas, teremos a sua disposi\u00e7\u00e3o. <br \/>\n<\/span><span style=\"font-family: helvetica, arial, sans-serif;\">Departamento vendas escolhelab<br \/>\n<\/span><span style=\"font-family: helvetica, arial, sans-serif;\">Viste nosso site<\/span><\/span><\/p>\n<p>&nbsp;<\/p>","protected":false},"excerpt":{"rendered":"<p style=\"text-align: justify;\"><span style=\"font-size: 12pt;\"><span style=\"font-family: helvetica, arial, sans-serif;\">Temos todas a linha desse produto para venda. <br \/>\n<\/span><span style=\"font-family: helvetica, arial, sans-serif;\"><strong><span style=\"text-decoration: underline;\">Caso voc\u00ea precise solicite uma cota\u00e7\u00e3o com as especifica\u00e7\u00f5es do produto que voc\u00ea deseja comprar..<\/span><\/strong><br \/>\n<\/span><span style=\"font-family: helvetica, arial, sans-serif;\">Estamos a sua disposi\u00e7\u00e3o para qualquer informa\u00e7\u00f5es atrav\u00e9s dos nossos canais de consumi\u00e7\u00e3o<\/span><\/span><\/p>\n<p style=\"text-align: justify;\"><span style=\"font-family: helvetica, arial, sans-serif; font-size: 12pt;\">Departamento vendas escolhelab<\/span><\/p>\n<p>&nbsp;<\/p>","protected":false},"featured_media":31797,"comment_status":"open","ping_status":"closed","template":"","meta":{"_acf_changed":false,"iawp_total_views":10},"product_brand":[],"product_cat":[725,606],"product_tag":[],"class_list":{"0":"post-30923","1":"product","2":"type-product","3":"status-publish","4":"has-post-thumbnail","6":"product_cat-acessorios-e-consumiveis","7":"product_cat-quimico","9":"first","10":"outofstock","11":"featured","12":"shipping-taxable","13":"purchasable","14":"product-type-simple"},"acf":[],"yoast_head":"<!-- This site is optimized with the Yoast SEO Premium plugin v26.2 (Yoast SEO v27.3) - https:\/\/yoast.com\/product\/yoast-seo-premium-wordpress\/ -->\n<title>Caldo- Meio de Cultura<\/title>\n<meta name=\"description\" content=\"Agitadores magn\u00e9ticos Consulte-nos e tire a suas duvidas, teremos a sua disposi\u00e7\u00e3o. Departamento vendas escolhefacil Viste nosso site\" \/>\n<meta name=\"robots\" content=\"index, follow, max-snippet:-1, max-image-preview:large, max-video-preview:-1\" \/>\n<link rel=\"canonical\" href=\"https:\/\/escolhelab.com.br\/en\/caldo-meio-de-cultura\/\" \/>\n<meta property=\"og:locale\" content=\"en_US\" \/>\n<meta property=\"og:type\" content=\"article\" \/>\n<meta property=\"og:title\" content=\"Caldo- Meio de Cultura\" \/>\n<meta property=\"og:description\" content=\"Agitadores magn\u00e9ticos Consulte-nos e tire a suas duvidas, teremos a sua disposi\u00e7\u00e3o. Departamento vendas escolhefacil Viste nosso site\" \/>\n<meta property=\"og:url\" content=\"https:\/\/escolhelab.com.br\/en\/caldo-meio-de-cultura\/\" \/>\n<meta property=\"og:site_name\" content=\"Loja de produtos para laboratorio\" \/>\n<meta property=\"article:modified_time\" content=\"2025-10-24T12:23:48+00:00\" \/>\n<meta property=\"og:image\" content=\"https:\/\/escolhelab.com.br\/wp-content\/uploads\/2024\/06\/frasco-meio-ciltira-escolhelab-com-br.png\" \/>\n\t<meta property=\"og:image:width\" content=\"700\" \/>\n\t<meta property=\"og:image:height\" content=\"800\" \/>\n\t<meta property=\"og:image:type\" content=\"image\/png\" \/>\n<meta name=\"twitter:card\" content=\"summary_large_image\" \/>\n<meta name=\"twitter:label1\" content=\"Est. reading time\" \/>\n\t<meta name=\"twitter:data1\" content=\"1 minute\" \/>\n<script type=\"application\/ld+json\" class=\"yoast-schema-graph\">{\"@context\":\"https:\\\/\\\/schema.org\",\"@graph\":[{\"@type\":\"WebPage\",\"@id\":\"https:\\\/\\\/escolhelab.com.br\\\/caldo-meio-de-cultura\\\/\",\"url\":\"https:\\\/\\\/escolhelab.com.br\\\/caldo-meio-de-cultura\\\/\",\"name\":\"Caldo- Meio de Cultura\",\"isPartOf\":{\"@id\":\"https:\\\/\\\/escolhelab.com.br\\\/#website\"},\"primaryImageOfPage\":{\"@id\":\"https:\\\/\\\/escolhelab.com.br\\\/caldo-meio-de-cultura\\\/#primaryimage\"},\"image\":{\"@id\":\"https:\\\/\\\/escolhelab.com.br\\\/caldo-meio-de-cultura\\\/#primaryimage\"},\"thumbnailUrl\":\"https:\\\/\\\/escolhelab.com.br\\\/wp-content\\\/uploads\\\/2024\\\/06\\\/frasco-meio-ciltira-escolhelab-com-br.png\",\"datePublished\":\"2024-06-07T16:51:37+00:00\",\"dateModified\":\"2025-10-24T12:23:48+00:00\",\"description\":\"Agitadores magn\u00e9ticos Consulte-nos e tire a suas duvidas, teremos a sua disposi\u00e7\u00e3o. Departamento vendas escolhefacil Viste nosso site\",\"breadcrumb\":{\"@id\":\"https:\\\/\\\/escolhelab.com.br\\\/caldo-meio-de-cultura\\\/#breadcrumb\"},\"inLanguage\":\"en-US\",\"potentialAction\":[{\"@type\":\"ReadAction\",\"target\":[\"https:\\\/\\\/escolhelab.com.br\\\/caldo-meio-de-cultura\\\/\"]}]},{\"@type\":\"ImageObject\",\"inLanguage\":\"en-US\",\"@id\":\"https:\\\/\\\/escolhelab.com.br\\\/caldo-meio-de-cultura\\\/#primaryimage\",\"url\":\"https:\\\/\\\/escolhelab.com.br\\\/wp-content\\\/uploads\\\/2024\\\/06\\\/frasco-meio-ciltira-escolhelab-com-br.png\",\"contentUrl\":\"https:\\\/\\\/escolhelab.com.br\\\/wp-content\\\/uploads\\\/2024\\\/06\\\/frasco-meio-ciltira-escolhelab-com-br.png\",\"width\":700,\"height\":800},{\"@type\":\"BreadcrumbList\",\"@id\":\"https:\\\/\\\/escolhelab.com.br\\\/caldo-meio-de-cultura\\\/#breadcrumb\",\"itemListElement\":[{\"@type\":\"ListItem\",\"position\":1,\"name\":\"In\u00edcio\",\"item\":\"https:\\\/\\\/escolhelab.com.br\\\/\"},{\"@type\":\"ListItem\",\"position\":2,\"name\":\"loja\",\"item\":\"https:\\\/\\\/escolhelab.com.br\\\/loja\\\/\"},{\"@type\":\"ListItem\",\"position\":3,\"name\":\"Caldo- Meio de Cultura\"}]},{\"@type\":\"WebSite\",\"@id\":\"https:\\\/\\\/escolhelab.com.br\\\/#website\",\"url\":\"https:\\\/\\\/escolhelab.com.br\\\/\",\"name\":\"Loja de produtos para laboratorio\",\"description\":\"Produtos para Laborat\u00f3rio,Artigos e outros na loja do quimico\",\"publisher\":{\"@id\":\"https:\\\/\\\/escolhelab.com.br\\\/#organization\"},\"alternateName\":\"escolhelab\",\"potentialAction\":[{\"@type\":\"SearchAction\",\"target\":{\"@type\":\"EntryPoint\",\"urlTemplate\":\"https:\\\/\\\/escolhelab.com.br\\\/?s={search_term_string}\"},\"query-input\":{\"@type\":\"PropertyValueSpecification\",\"valueRequired\":true,\"valueName\":\"search_term_string\"}}],\"inLanguage\":\"en-US\"},{\"@type\":\"Organization\",\"@id\":\"https:\\\/\\\/escolhelab.com.br\\\/#organization\",\"name\":\"loja escolhelab\",\"alternateName\":\"escolhelab\",\"url\":\"https:\\\/\\\/escolhelab.com.br\\\/\",\"logo\":{\"@type\":\"ImageObject\",\"inLanguage\":\"en-US\",\"@id\":\"https:\\\/\\\/escolhelab.com.br\\\/#\\\/schema\\\/logo\\\/image\\\/\",\"url\":\"https:\\\/\\\/escolhelab.com.br\\\/wp-content\\\/uploads\\\/2024\\\/12\\\/icone-e-512-512escolhelab-com-br-2-800x800.png\",\"contentUrl\":\"https:\\\/\\\/escolhelab.com.br\\\/wp-content\\\/uploads\\\/2024\\\/12\\\/icone-e-512-512escolhelab-com-br-2-800x800.png\",\"width\":800,\"height\":800,\"caption\":\"loja escolhelab\"},\"image\":{\"@id\":\"https:\\\/\\\/escolhelab.com.br\\\/#\\\/schema\\\/logo\\\/image\\\/\"}}]}<\/script>\n<!-- \/ Yoast SEO Premium plugin. -->","yoast_head_json":{"title":"Caldo- Meio de Cultura","description":"Agitadores magn\u00e9ticos Consulte-nos e tire a suas duvidas, teremos a sua disposi\u00e7\u00e3o. Departamento vendas escolhefacil Viste nosso site","robots":{"index":"index","follow":"follow","max-snippet":"max-snippet:-1","max-image-preview":"max-image-preview:large","max-video-preview":"max-video-preview:-1"},"canonical":"https:\/\/escolhelab.com.br\/en\/caldo-meio-de-cultura\/","og_locale":"en_US","og_type":"article","og_title":"Caldo- Meio de Cultura","og_description":"Agitadores magn\u00e9ticos Consulte-nos e tire a suas duvidas, teremos a sua disposi\u00e7\u00e3o. Departamento vendas escolhefacil Viste nosso site","og_url":"https:\/\/escolhelab.com.br\/en\/caldo-meio-de-cultura\/","og_site_name":"Loja de produtos para laboratorio","article_modified_time":"2025-10-24T12:23:48+00:00","og_image":[{"width":700,"height":800,"url":"https:\/\/escolhelab.com.br\/wp-content\/uploads\/2024\/06\/frasco-meio-ciltira-escolhelab-com-br.png","type":"image\/png"}],"twitter_card":"summary_large_image","twitter_misc":{"Est. reading time":"1 minute"},"schema":{"@context":"https:\/\/schema.org","@graph":[{"@type":"WebPage","@id":"https:\/\/escolhelab.com.br\/caldo-meio-de-cultura\/","url":"https:\/\/escolhelab.com.br\/caldo-meio-de-cultura\/","name":"Caldo- Meio de Cultura","isPartOf":{"@id":"https:\/\/escolhelab.com.br\/#website"},"primaryImageOfPage":{"@id":"https:\/\/escolhelab.com.br\/caldo-meio-de-cultura\/#primaryimage"},"image":{"@id":"https:\/\/escolhelab.com.br\/caldo-meio-de-cultura\/#primaryimage"},"thumbnailUrl":"https:\/\/escolhelab.com.br\/wp-content\/uploads\/2024\/06\/frasco-meio-ciltira-escolhelab-com-br.png","datePublished":"2024-06-07T16:51:37+00:00","dateModified":"2025-10-24T12:23:48+00:00","description":"Agitadores magn\u00e9ticos Consulte-nos e tire a suas duvidas, teremos a sua disposi\u00e7\u00e3o. Departamento vendas escolhefacil Viste nosso site","breadcrumb":{"@id":"https:\/\/escolhelab.com.br\/caldo-meio-de-cultura\/#breadcrumb"},"inLanguage":"en-US","potentialAction":[{"@type":"ReadAction","target":["https:\/\/escolhelab.com.br\/caldo-meio-de-cultura\/"]}]},{"@type":"ImageObject","inLanguage":"en-US","@id":"https:\/\/escolhelab.com.br\/caldo-meio-de-cultura\/#primaryimage","url":"https:\/\/escolhelab.com.br\/wp-content\/uploads\/2024\/06\/frasco-meio-ciltira-escolhelab-com-br.png","contentUrl":"https:\/\/escolhelab.com.br\/wp-content\/uploads\/2024\/06\/frasco-meio-ciltira-escolhelab-com-br.png","width":700,"height":800},{"@type":"BreadcrumbList","@id":"https:\/\/escolhelab.com.br\/caldo-meio-de-cultura\/#breadcrumb","itemListElement":[{"@type":"ListItem","position":1,"name":"In\u00edcio","item":"https:\/\/escolhelab.com.br\/"},{"@type":"ListItem","position":2,"name":"loja","item":"https:\/\/escolhelab.com.br\/loja\/"},{"@type":"ListItem","position":3,"name":"Caldo- Meio de Cultura"}]},{"@type":"WebSite","@id":"https:\/\/escolhelab.com.br\/#website","url":"https:\/\/escolhelab.com.br\/","name":"Loja de produtos para laboratorio","description":"Produtos para Laborat\u00f3rio,Artigos e outros na loja do quimico","publisher":{"@id":"https:\/\/escolhelab.com.br\/#organization"},"alternateName":"escolhelab","potentialAction":[{"@type":"SearchAction","target":{"@type":"EntryPoint","urlTemplate":"https:\/\/escolhelab.com.br\/?s={search_term_string}"},"query-input":{"@type":"PropertyValueSpecification","valueRequired":true,"valueName":"search_term_string"}}],"inLanguage":"en-US"},{"@type":"Organization","@id":"https:\/\/escolhelab.com.br\/#organization","name":"loja escolhelab","alternateName":"escolhelab","url":"https:\/\/escolhelab.com.br\/","logo":{"@type":"ImageObject","inLanguage":"en-US","@id":"https:\/\/escolhelab.com.br\/#\/schema\/logo\/image\/","url":"https:\/\/escolhelab.com.br\/wp-content\/uploads\/2024\/12\/icone-e-512-512escolhelab-com-br-2-800x800.png","contentUrl":"https:\/\/escolhelab.com.br\/wp-content\/uploads\/2024\/12\/icone-e-512-512escolhelab-com-br-2-800x800.png","width":800,"height":800,"caption":"loja escolhelab"},"image":{"@id":"https:\/\/escolhelab.com.br\/#\/schema\/logo\/image\/"}}]}},"tiered_pricing_type":"fixed","tiered_pricing_fixed_rules":[],"tiered_pricing_product_settings":{"layout":"default","base_unit_name":{"singular":null,"plural":null},"default_variation":null},"tiered_pricing_minimum_quantity":null,"tiered_pricing_roles_data":[],"tiered_pricing_percentage_rules":[],"tiered_pricing_maximum_quantity":null,"tiered_pricing_quantity_step":null,"_links":{"self":[{"href":"https:\/\/escolhelab.com.br\/en\/wp-json\/wp\/v2\/product\/30923","targetHints":{"allow":["GET"]}}],"collection":[{"href":"https:\/\/escolhelab.com.br\/en\/wp-json\/wp\/v2\/product"}],"about":[{"href":"https:\/\/escolhelab.com.br\/en\/wp-json\/wp\/v2\/types\/product"}],"replies":[{"embeddable":true,"href":"https:\/\/escolhelab.com.br\/en\/wp-json\/wp\/v2\/comments?post=30923"}],"version-history":[{"count":0,"href":"https:\/\/escolhelab.com.br\/en\/wp-json\/wp\/v2\/product\/30923\/revisions"}],"wp:featuredmedia":[{"embeddable":true,"href":"https:\/\/escolhelab.com.br\/en\/wp-json\/wp\/v2\/media\/31797"}],"wp:attachment":[{"href":"https:\/\/escolhelab.com.br\/en\/wp-json\/wp\/v2\/media?parent=30923"}],"wp:term":[{"taxonomy":"product_brand","embeddable":true,"href":"https:\/\/escolhelab.com.br\/en\/wp-json\/wp\/v2\/product_brand?post=30923"},{"taxonomy":"product_cat","embeddable":true,"href":"https:\/\/escolhelab.com.br\/en\/wp-json\/wp\/v2\/product_cat?post=30923"},{"taxonomy":"product_tag","embeddable":true,"href":"https:\/\/escolhelab.com.br\/en\/wp-json\/wp\/v2\/product_tag?post=30923"}],"curies":[{"name":"wp","href":"https:\/\/api.w.org\/{rel}","templated":true}]}}