{"id":30924,"date":"2024-06-07T13:51:37","date_gmt":"2024-06-07T16:51:37","guid":{"rendered":"https:\/\/escolhelab.com.br\/?post_type=product&#038;p=30924"},"modified":"2025-09-06T17:33:29","modified_gmt":"2025-09-06T20:33:29","slug":"calibracao-medidor-phmetro","status":"publish","type":"product","link":"https:\/\/escolhelab.com.br\/en\/calibracao-medidor-phmetro\/","title":{"rendered":"Calibra\u00e7\u00e3o medidor PHmetro&#8217;"},"content":{"rendered":"<h2 class=\"product_title entry-title wd-entities-title\">Caldo- Meio de Cultura<\/h2>\n<p><span style=\"font-size: 12pt;\"><span style=\"font-family: helvetica, arial, sans-serif;\">Consulte-nos e tire a suas duvidas, teremos a sua disposi\u00e7\u00e3o.<br \/>\n<\/span><span style=\"font-family: helvetica, arial, sans-serif;\">Departamento vendas escolhelab<br \/>\n<\/span><span style=\"font-family: helvetica, arial, sans-serif;\">Viste nosso site<\/span><\/span><\/p>\n<p><span style=\"font-size: 12pt;\"><span style=\"font-family: helvetica, arial, sans-serif;\"><img loading=\"lazy\" decoding=\"async\" class=\"alignnone  wp-image-29761\" src=\"https:\/\/escolhelab.com.br\/wp-content\/uploads\/2024\/06\/logo-pq-escolhelab-escolhelab-com-br-2.png\" alt=\"\" width=\"159\" height=\"21\" srcset=\"https:\/\/escolhelab.com.br\/wp-content\/uploads\/2024\/06\/logo-pq-escolhelab-escolhelab-com-br-2.png 197w, https:\/\/escolhelab.com.br\/wp-content\/uploads\/2024\/06\/logo-pq-escolhelab-escolhelab-com-br-2-150x20.png 150w, https:\/\/escolhelab.com.br\/wp-content\/uploads\/2024\/06\/elementor\/thumbs\/logo-pq-escolhelab-escolhelab-com-br-2-150x26.png 400w\" sizes=\"auto, (max-width: 159px) 100vw, 159px\" \/><\/span><\/span><\/p>","protected":false},"excerpt":{"rendered":"<p style=\"text-align: justify\"><span style=\"font-size: 12pt\"><span style=\"font-family: helvetica, arial, sans-serif\">Temos todas a linha desse produto para venda. <\/span><span style=\"font-family: helvetica, arial, sans-serif\"><strong><span style=\"text-decoration: underline\">Caso voc\u00ea precise solicite uma cota\u00e7\u00e3o com as especifica\u00e7\u00f5es do produto que voc\u00ea deseja comprar..<\/span><\/strong> <\/span><span style=\"font-family: helvetica, arial, sans-serif\">Estamos a sua disposi\u00e7\u00e3o para qualquer informa\u00e7\u00f5es atrav\u00e9s dos nossos canais de consumi\u00e7\u00e3o<\/span><\/span><\/p>\n<p style=\"text-align: justify\"><span style=\"font-family: helvetica, arial, sans-serif;font-size: 12pt\">Departamento vendas escolhelab<\/span><\/p>\n<p><a href=\"https:\/\/escolhelab.com.br\/wp-content\/uploads\/2024\/02\/logo-escolhelab-escolhelab-c0m-br-Photoroom.png-Photoroom.png\"><img loading=\"lazy\" decoding=\"async\" class=\"alignnone wp-image-25438\" src=\"https:\/\/escolhelab.com.br\/wp-content\/uploads\/2024\/02\/logo-escolhelab-escolhelab-c0m-br-Photoroom.png-Photoroom-400x53.png\" alt=\"\" width=\"181\" height=\"24\" \/><\/a><\/p>","protected":false},"featured_media":30997,"comment_status":"open","ping_status":"closed","template":"","meta":{"_acf_changed":false,"iawp_total_views":1},"product_brand":[],"product_cat":[606],"product_tag":[],"class_list":{"0":"post-30924","1":"product","2":"type-product","3":"status-publish","4":"has-post-thumbnail","6":"product_cat-quimico","8":"first","9":"outofstock","10":"shipping-taxable","11":"purchasable","12":"product-type-simple"},"acf":[],"yoast_head":"<!-- This site is optimized with the Yoast SEO Premium plugin v26.2 (Yoast SEO v27.3) - https:\/\/yoast.com\/product\/yoast-seo-premium-wordpress\/ -->\n<title>Calibra\u00e7\u00e3o medidor PHmetro&#039;<\/title>\n<meta name=\"description\" content=\"Agitadores magn\u00e9ticos Consulte-nos e tire a suas duvidas, teremos a sua disposi\u00e7\u00e3o. Departamento vendas escolhefacil Viste nosso site\" \/>\n<meta name=\"robots\" content=\"index, follow, max-snippet:-1, max-image-preview:large, max-video-preview:-1\" \/>\n<link rel=\"canonical\" href=\"https:\/\/escolhelab.com.br\/en\/calibracao-medidor-phmetro\/\" \/>\n<meta property=\"og:locale\" content=\"en_US\" \/>\n<meta property=\"og:type\" content=\"article\" \/>\n<meta property=\"og:title\" content=\"Calibra\u00e7\u00e3o medidor PHmetro&#039;\" \/>\n<meta property=\"og:description\" content=\"Agitadores magn\u00e9ticos Consulte-nos e tire a suas duvidas, teremos a sua disposi\u00e7\u00e3o. Departamento vendas escolhefacil Viste nosso site\" \/>\n<meta property=\"og:url\" content=\"https:\/\/escolhelab.com.br\/en\/calibracao-medidor-phmetro\/\" \/>\n<meta property=\"og:site_name\" content=\"Loja de produtos para laboratorio\" \/>\n<meta property=\"article:modified_time\" content=\"2025-09-06T20:33:29+00:00\" \/>\n<meta property=\"og:image\" content=\"https:\/\/escolhelab.com.br\/wp-content\/uploads\/2024\/06\/calibracao-de-phmetro-escolhelab-com-br-3.jpg\" \/>\n\t<meta property=\"og:image:width\" content=\"700\" \/>\n\t<meta property=\"og:image:height\" content=\"800\" \/>\n\t<meta property=\"og:image:type\" content=\"image\/jpeg\" \/>\n<meta name=\"twitter:card\" content=\"summary_large_image\" \/>\n<meta name=\"twitter:label1\" content=\"Est. reading time\" \/>\n\t<meta name=\"twitter:data1\" content=\"1 minute\" \/>\n<script type=\"application\/ld+json\" class=\"yoast-schema-graph\">{\"@context\":\"https:\\\/\\\/schema.org\",\"@graph\":[{\"@type\":\"WebPage\",\"@id\":\"https:\\\/\\\/escolhelab.com.br\\\/calibracao-medidor-phmetro\\\/\",\"url\":\"https:\\\/\\\/escolhelab.com.br\\\/calibracao-medidor-phmetro\\\/\",\"name\":\"Calibra\u00e7\u00e3o medidor PHmetro'\",\"isPartOf\":{\"@id\":\"https:\\\/\\\/escolhelab.com.br\\\/#website\"},\"primaryImageOfPage\":{\"@id\":\"https:\\\/\\\/escolhelab.com.br\\\/calibracao-medidor-phmetro\\\/#primaryimage\"},\"image\":{\"@id\":\"https:\\\/\\\/escolhelab.com.br\\\/calibracao-medidor-phmetro\\\/#primaryimage\"},\"thumbnailUrl\":\"https:\\\/\\\/escolhelab.com.br\\\/wp-content\\\/uploads\\\/2024\\\/06\\\/calibracao-de-phmetro-escolhelab-com-br-3.jpg\",\"datePublished\":\"2024-06-07T16:51:37+00:00\",\"dateModified\":\"2025-09-06T20:33:29+00:00\",\"description\":\"Agitadores magn\u00e9ticos Consulte-nos e tire a suas duvidas, teremos a sua disposi\u00e7\u00e3o. Departamento vendas escolhefacil Viste nosso site\",\"breadcrumb\":{\"@id\":\"https:\\\/\\\/escolhelab.com.br\\\/calibracao-medidor-phmetro\\\/#breadcrumb\"},\"inLanguage\":\"en-US\",\"potentialAction\":[{\"@type\":\"ReadAction\",\"target\":[\"https:\\\/\\\/escolhelab.com.br\\\/calibracao-medidor-phmetro\\\/\"]}]},{\"@type\":\"ImageObject\",\"inLanguage\":\"en-US\",\"@id\":\"https:\\\/\\\/escolhelab.com.br\\\/calibracao-medidor-phmetro\\\/#primaryimage\",\"url\":\"https:\\\/\\\/escolhelab.com.br\\\/wp-content\\\/uploads\\\/2024\\\/06\\\/calibracao-de-phmetro-escolhelab-com-br-3.jpg\",\"contentUrl\":\"https:\\\/\\\/escolhelab.com.br\\\/wp-content\\\/uploads\\\/2024\\\/06\\\/calibracao-de-phmetro-escolhelab-com-br-3.jpg\",\"width\":700,\"height\":800},{\"@type\":\"BreadcrumbList\",\"@id\":\"https:\\\/\\\/escolhelab.com.br\\\/calibracao-medidor-phmetro\\\/#breadcrumb\",\"itemListElement\":[{\"@type\":\"ListItem\",\"position\":1,\"name\":\"In\u00edcio\",\"item\":\"https:\\\/\\\/escolhelab.com.br\\\/\"},{\"@type\":\"ListItem\",\"position\":2,\"name\":\"loja\",\"item\":\"https:\\\/\\\/escolhelab.com.br\\\/loja\\\/\"},{\"@type\":\"ListItem\",\"position\":3,\"name\":\"Calibra\u00e7\u00e3o medidor PHmetro&#8217;\"}]},{\"@type\":\"WebSite\",\"@id\":\"https:\\\/\\\/escolhelab.com.br\\\/#website\",\"url\":\"https:\\\/\\\/escolhelab.com.br\\\/\",\"name\":\"Loja de produtos para laboratorio\",\"description\":\"Produtos para Laborat\u00f3rio,Artigos e outros na loja do quimico\",\"publisher\":{\"@id\":\"https:\\\/\\\/escolhelab.com.br\\\/#organization\"},\"alternateName\":\"escolhelab\",\"potentialAction\":[{\"@type\":\"SearchAction\",\"target\":{\"@type\":\"EntryPoint\",\"urlTemplate\":\"https:\\\/\\\/escolhelab.com.br\\\/?s={search_term_string}\"},\"query-input\":{\"@type\":\"PropertyValueSpecification\",\"valueRequired\":true,\"valueName\":\"search_term_string\"}}],\"inLanguage\":\"en-US\"},{\"@type\":\"Organization\",\"@id\":\"https:\\\/\\\/escolhelab.com.br\\\/#organization\",\"name\":\"loja escolhelab\",\"alternateName\":\"escolhelab\",\"url\":\"https:\\\/\\\/escolhelab.com.br\\\/\",\"logo\":{\"@type\":\"ImageObject\",\"inLanguage\":\"en-US\",\"@id\":\"https:\\\/\\\/escolhelab.com.br\\\/#\\\/schema\\\/logo\\\/image\\\/\",\"url\":\"https:\\\/\\\/escolhelab.com.br\\\/wp-content\\\/uploads\\\/2024\\\/12\\\/icone-e-512-512escolhelab-com-br-2-800x800.png\",\"contentUrl\":\"https:\\\/\\\/escolhelab.com.br\\\/wp-content\\\/uploads\\\/2024\\\/12\\\/icone-e-512-512escolhelab-com-br-2-800x800.png\",\"width\":800,\"height\":800,\"caption\":\"loja escolhelab\"},\"image\":{\"@id\":\"https:\\\/\\\/escolhelab.com.br\\\/#\\\/schema\\\/logo\\\/image\\\/\"}}]}<\/script>\n<!-- \/ Yoast SEO Premium plugin. -->","yoast_head_json":{"title":"Calibra\u00e7\u00e3o medidor PHmetro'","description":"Agitadores magn\u00e9ticos Consulte-nos e tire a suas duvidas, teremos a sua disposi\u00e7\u00e3o. Departamento vendas escolhefacil Viste nosso site","robots":{"index":"index","follow":"follow","max-snippet":"max-snippet:-1","max-image-preview":"max-image-preview:large","max-video-preview":"max-video-preview:-1"},"canonical":"https:\/\/escolhelab.com.br\/en\/calibracao-medidor-phmetro\/","og_locale":"en_US","og_type":"article","og_title":"Calibra\u00e7\u00e3o medidor PHmetro'","og_description":"Agitadores magn\u00e9ticos Consulte-nos e tire a suas duvidas, teremos a sua disposi\u00e7\u00e3o. Departamento vendas escolhefacil Viste nosso site","og_url":"https:\/\/escolhelab.com.br\/en\/calibracao-medidor-phmetro\/","og_site_name":"Loja de produtos para laboratorio","article_modified_time":"2025-09-06T20:33:29+00:00","og_image":[{"width":700,"height":800,"url":"https:\/\/escolhelab.com.br\/wp-content\/uploads\/2024\/06\/calibracao-de-phmetro-escolhelab-com-br-3.jpg","type":"image\/jpeg"}],"twitter_card":"summary_large_image","twitter_misc":{"Est. reading time":"1 minute"},"schema":{"@context":"https:\/\/schema.org","@graph":[{"@type":"WebPage","@id":"https:\/\/escolhelab.com.br\/calibracao-medidor-phmetro\/","url":"https:\/\/escolhelab.com.br\/calibracao-medidor-phmetro\/","name":"Calibra\u00e7\u00e3o medidor PHmetro'","isPartOf":{"@id":"https:\/\/escolhelab.com.br\/#website"},"primaryImageOfPage":{"@id":"https:\/\/escolhelab.com.br\/calibracao-medidor-phmetro\/#primaryimage"},"image":{"@id":"https:\/\/escolhelab.com.br\/calibracao-medidor-phmetro\/#primaryimage"},"thumbnailUrl":"https:\/\/escolhelab.com.br\/wp-content\/uploads\/2024\/06\/calibracao-de-phmetro-escolhelab-com-br-3.jpg","datePublished":"2024-06-07T16:51:37+00:00","dateModified":"2025-09-06T20:33:29+00:00","description":"Agitadores magn\u00e9ticos Consulte-nos e tire a suas duvidas, teremos a sua disposi\u00e7\u00e3o. Departamento vendas escolhefacil Viste nosso site","breadcrumb":{"@id":"https:\/\/escolhelab.com.br\/calibracao-medidor-phmetro\/#breadcrumb"},"inLanguage":"en-US","potentialAction":[{"@type":"ReadAction","target":["https:\/\/escolhelab.com.br\/calibracao-medidor-phmetro\/"]}]},{"@type":"ImageObject","inLanguage":"en-US","@id":"https:\/\/escolhelab.com.br\/calibracao-medidor-phmetro\/#primaryimage","url":"https:\/\/escolhelab.com.br\/wp-content\/uploads\/2024\/06\/calibracao-de-phmetro-escolhelab-com-br-3.jpg","contentUrl":"https:\/\/escolhelab.com.br\/wp-content\/uploads\/2024\/06\/calibracao-de-phmetro-escolhelab-com-br-3.jpg","width":700,"height":800},{"@type":"BreadcrumbList","@id":"https:\/\/escolhelab.com.br\/calibracao-medidor-phmetro\/#breadcrumb","itemListElement":[{"@type":"ListItem","position":1,"name":"In\u00edcio","item":"https:\/\/escolhelab.com.br\/"},{"@type":"ListItem","position":2,"name":"loja","item":"https:\/\/escolhelab.com.br\/loja\/"},{"@type":"ListItem","position":3,"name":"Calibra\u00e7\u00e3o medidor PHmetro&#8217;"}]},{"@type":"WebSite","@id":"https:\/\/escolhelab.com.br\/#website","url":"https:\/\/escolhelab.com.br\/","name":"Loja de produtos para laboratorio","description":"Produtos para Laborat\u00f3rio,Artigos e outros na loja do quimico","publisher":{"@id":"https:\/\/escolhelab.com.br\/#organization"},"alternateName":"escolhelab","potentialAction":[{"@type":"SearchAction","target":{"@type":"EntryPoint","urlTemplate":"https:\/\/escolhelab.com.br\/?s={search_term_string}"},"query-input":{"@type":"PropertyValueSpecification","valueRequired":true,"valueName":"search_term_string"}}],"inLanguage":"en-US"},{"@type":"Organization","@id":"https:\/\/escolhelab.com.br\/#organization","name":"loja escolhelab","alternateName":"escolhelab","url":"https:\/\/escolhelab.com.br\/","logo":{"@type":"ImageObject","inLanguage":"en-US","@id":"https:\/\/escolhelab.com.br\/#\/schema\/logo\/image\/","url":"https:\/\/escolhelab.com.br\/wp-content\/uploads\/2024\/12\/icone-e-512-512escolhelab-com-br-2-800x800.png","contentUrl":"https:\/\/escolhelab.com.br\/wp-content\/uploads\/2024\/12\/icone-e-512-512escolhelab-com-br-2-800x800.png","width":800,"height":800,"caption":"loja escolhelab"},"image":{"@id":"https:\/\/escolhelab.com.br\/#\/schema\/logo\/image\/"}}]}},"tiered_pricing_type":"fixed","tiered_pricing_fixed_rules":[],"tiered_pricing_product_settings":{"layout":"default","base_unit_name":{"singular":null,"plural":null},"default_variation":null},"tiered_pricing_minimum_quantity":null,"tiered_pricing_roles_data":[],"tiered_pricing_percentage_rules":[],"tiered_pricing_maximum_quantity":null,"tiered_pricing_quantity_step":null,"_links":{"self":[{"href":"https:\/\/escolhelab.com.br\/en\/wp-json\/wp\/v2\/product\/30924","targetHints":{"allow":["GET"]}}],"collection":[{"href":"https:\/\/escolhelab.com.br\/en\/wp-json\/wp\/v2\/product"}],"about":[{"href":"https:\/\/escolhelab.com.br\/en\/wp-json\/wp\/v2\/types\/product"}],"replies":[{"embeddable":true,"href":"https:\/\/escolhelab.com.br\/en\/wp-json\/wp\/v2\/comments?post=30924"}],"version-history":[{"count":0,"href":"https:\/\/escolhelab.com.br\/en\/wp-json\/wp\/v2\/product\/30924\/revisions"}],"wp:featuredmedia":[{"embeddable":true,"href":"https:\/\/escolhelab.com.br\/en\/wp-json\/wp\/v2\/media\/30997"}],"wp:attachment":[{"href":"https:\/\/escolhelab.com.br\/en\/wp-json\/wp\/v2\/media?parent=30924"}],"wp:term":[{"taxonomy":"product_brand","embeddable":true,"href":"https:\/\/escolhelab.com.br\/en\/wp-json\/wp\/v2\/product_brand?post=30924"},{"taxonomy":"product_cat","embeddable":true,"href":"https:\/\/escolhelab.com.br\/en\/wp-json\/wp\/v2\/product_cat?post=30924"},{"taxonomy":"product_tag","embeddable":true,"href":"https:\/\/escolhelab.com.br\/en\/wp-json\/wp\/v2\/product_tag?post=30924"}],"curies":[{"name":"wp","href":"https:\/\/api.w.org\/{rel}","templated":true}]}}