{"id":30925,"date":"2024-06-07T13:51:37","date_gmt":"2024-06-07T16:51:37","guid":{"rendered":"https:\/\/escolhelab.com.br\/?post_type=product&#038;p=30925"},"modified":"2024-10-24T21:48:29","modified_gmt":"2024-10-25T00:48:29","slug":"colilert","status":"publish","type":"product","link":"https:\/\/escolhelab.com.br\/en\/colilert\/","title":{"rendered":"Colilert"},"content":{"rendered":"<h2><span style=\"font-family: helvetica, arial, sans-serif; font-size: 18pt;\">Coliler<\/span><\/h2>\n<h2 class=\"lead\"><span style=\"font-family: helvetica, arial, sans-serif; font-size: 12pt;\">O<strong> Colilert detecta e quantifica simultaneamente Coliformes totais e\u00a0<em>Escherichia coli,\u00a0<\/em>com resultados em 24 horas. Por ser aprovado pela EPA (Ag\u00eancia de Prote\u00e7\u00e3o Ambiental) dos Estados Unidos, foi inclu\u00eddo no\u00a0<a href=\"http:\/\/www.standardmethods.org\/\" target=\"_blank\" rel=\"noopener\">M\u00e9todos padr\u00e3o para exame de \u00e1gua e \u00e1guas residuais<\/a>.<\/strong><br \/>\n<\/span><strong><span style=\"font-family: helvetica, arial, sans-serif; font-size: 12pt;\">A comprova\u00e7\u00e3o de teste 24 horas tamb\u00e9m foi aprovado pela EPA dos EUA para \u00e1guas pot\u00e1veis, fontes e efluentes, e por isso tem milh\u00f5es de testes realizados todos os anos em todo o mundo.\u00a0 Tamb\u00e9m possui\u00a0aprova\u00e7\u00f5es\u00a0 internacionais tais como AOAC, IBWA e EBWA.<br \/>\n<\/span><span style=\"font-family: helvetica, arial, sans-serif; font-size: 12pt;\">A facilidade na sua utiliza\u00e7\u00e3o simplifica o treinamento, pois sua\u00a0embalagem doseada por unidade elimina a necessidade de prepara\u00e7\u00e3o de meios.\u00a0 Por isso n\u00e3o\u00a0\u00e9 necess\u00e1ria a repeti\u00e7\u00e3o dos testes devido a filtros obstru\u00eddos ou de bact\u00e9rias heterotr\u00f3ficas. Dessa forma o\u00a0procedimento de controle de qualidade (CQ) pode ser realizado em 15 minutos.<br \/>\n<\/span><span style=\"font-family: helvetica, arial, sans-serif; font-size: 12pt;\">Em menos de um minuto de manipula\u00e7\u00e3o \u00e9 poss\u00edvel detectar simultaneamente Coliformes e\u00a0<em>E. coli,\u00a0<\/em>n\u00e3o sendo\u00a0necess\u00e1ria confirma\u00e7\u00e3o,\u00a0limpeza de vidraria ou mesmo contagem de col\u00f4nias.<\/span><\/strong><\/h2>\n<p><span style=\"font-family: helvetica, arial, sans-serif; font-size: 12pt;\">Identifica\u00a0<em>E. coli<\/em>\u00a0especificamente, eliminando assim a necessidade de notifica\u00e7\u00e3o p\u00fablica devido a organismos n\u00e3o classificados como alvo.\u00a0Suprime at\u00e9 2 milh\u00f5es de heterotr\u00f3ficas por 100 ml.\u00a0Elimina a interpreta\u00e7\u00e3o subjetiva encontrada em m\u00e9todos tradicionais, al\u00e9m de detectar um \u00fanico Coliforme ou\u00a0<em>E. coli<\/em>\u00a0vi\u00e1vel por amostra.<br \/>\n<\/span><span style=\"font-family: helvetica, arial, sans-serif; font-size: 12pt;\">Possui um m\u00e9todo econ\u00f4mica, pois minimiza o trabalho noturno e aos finais de semana, al\u00e9m de ter prazo de validade de at\u00e9 12 meses \u00e0 temperatura ambiente.\u00a0<\/span><span style=\"font-family: helvetica, arial, sans-serif; font-size: 12pt;\">\u00c9 considerado um m\u00e9todo flex\u00edvel, pois pode ser usado para testes de presen\u00e7a\/aus\u00eancia ou quantifica\u00e7\u00e3o com\u00a0<a href=\"https:\/\/lojadoquimico.com.br\/produto\/quanti-tray-2000-cartela\/\" target=\"_self\" rel=\"noopener\">Sistema Quanti-Tray e Sistema Quanti-Tray\/2000<\/a>.Z<br \/>\n<\/span><span style=\"font-family: helvetica, arial, sans-serif; font-size: 12pt;\">O teste Colilert tamb\u00e9m est\u00e1 dispon\u00edvel pr\u00e9-dispensado em tubos de n\u00famero mais prov\u00e1vel (Most Probable Number, MPN) de 10\u00a0ml.<\/span><\/p>\n<h3><span style=\"font-family: helvetica, arial, sans-serif; font-size: 12pt;\"><strong>Fale Conosco<\/strong><\/span><\/h3>\n<p><span style=\"font-family: helvetica, arial, sans-serif; font-size: 12pt;\">A Loja do Qu\u00edmico te ajuda a montar e equipar seu laborat\u00f3rio!<\/span><\/p>","protected":false},"excerpt":{"rendered":"<p>O Colilert detecta e quantifica simultaneamente Coliformes totais e\u00a0<em>Escherichia coli,\u00a0<\/em>com resultados em 24 horas. Por ser aprovado pela EPA (Ag\u00eancia de Prote\u00e7\u00e3o Ambiental) dos Estados Unidos, foi inclu\u00eddo no\u00a0<a href=\"http:\/\/www.standardmethods.org\/\" target=\"_blank\" rel=\"noopener\">M\u00e9todos padr\u00e3o para exame de \u00e1gua e \u00e1guas residuais<\/a>.<\/p>","protected":false},"featured_media":30999,"comment_status":"open","ping_status":"closed","template":"","meta":{"_acf_changed":false,"iawp_total_views":19},"product_brand":[],"product_cat":[606],"product_tag":[],"class_list":{"0":"post-30925","1":"product","2":"type-product","3":"status-publish","4":"has-post-thumbnail","6":"product_cat-quimico","7":"product_shipping_class-produto-eletronicos-e-informatica","9":"first","10":"outofstock","11":"shipping-taxable","12":"purchasable","13":"product-type-simple"},"acf":[],"yoast_head":"<!-- This site is optimized with the Yoast SEO Premium plugin v26.2 (Yoast SEO v27.3) - https:\/\/yoast.com\/product\/yoast-seo-premium-wordpress\/ -->\n<title>Colilert<\/title>\n<meta name=\"description\" content=\"Agitadores magn\u00e9ticos Consulte-nos e tire a suas duvidas, teremos a sua disposi\u00e7\u00e3o. Departamento vendas escolhefacil Viste nosso site\" \/>\n<meta name=\"robots\" content=\"index, follow, max-snippet:-1, max-image-preview:large, max-video-preview:-1\" \/>\n<link rel=\"canonical\" href=\"https:\/\/escolhelab.com.br\/en\/colilert\/\" \/>\n<meta property=\"og:locale\" content=\"en_US\" \/>\n<meta property=\"og:type\" content=\"article\" \/>\n<meta property=\"og:title\" content=\"Colilert\" \/>\n<meta property=\"og:description\" content=\"Agitadores magn\u00e9ticos Consulte-nos e tire a suas duvidas, teremos a sua disposi\u00e7\u00e3o. Departamento vendas escolhefacil Viste nosso site\" \/>\n<meta property=\"og:url\" content=\"https:\/\/escolhelab.com.br\/en\/colilert\/\" \/>\n<meta property=\"og:site_name\" content=\"Loja de produtos para laboratorio\" \/>\n<meta property=\"article:modified_time\" content=\"2024-10-25T00:48:29+00:00\" \/>\n<meta property=\"og:image\" content=\"https:\/\/escolhelab.com.br\/wp-content\/uploads\/2024\/06\/colilert-escolhelab-com-br-3.png\" \/>\n\t<meta property=\"og:image:width\" content=\"700\" \/>\n\t<meta property=\"og:image:height\" content=\"800\" \/>\n\t<meta property=\"og:image:type\" content=\"image\/png\" \/>\n<meta name=\"twitter:card\" content=\"summary_large_image\" \/>\n<meta name=\"twitter:label1\" content=\"Est. reading time\" \/>\n\t<meta name=\"twitter:data1\" content=\"2 minutes\" \/>\n<script type=\"application\/ld+json\" class=\"yoast-schema-graph\">{\"@context\":\"https:\\\/\\\/schema.org\",\"@graph\":[{\"@type\":\"WebPage\",\"@id\":\"https:\\\/\\\/escolhelab.com.br\\\/colilert\\\/\",\"url\":\"https:\\\/\\\/escolhelab.com.br\\\/colilert\\\/\",\"name\":\"Colilert\",\"isPartOf\":{\"@id\":\"https:\\\/\\\/escolhelab.com.br\\\/#website\"},\"primaryImageOfPage\":{\"@id\":\"https:\\\/\\\/escolhelab.com.br\\\/colilert\\\/#primaryimage\"},\"image\":{\"@id\":\"https:\\\/\\\/escolhelab.com.br\\\/colilert\\\/#primaryimage\"},\"thumbnailUrl\":\"https:\\\/\\\/escolhelab.com.br\\\/wp-content\\\/uploads\\\/2024\\\/06\\\/colilert-escolhelab-com-br-3.png\",\"datePublished\":\"2024-06-07T16:51:37+00:00\",\"dateModified\":\"2024-10-25T00:48:29+00:00\",\"description\":\"Agitadores magn\u00e9ticos Consulte-nos e tire a suas duvidas, teremos a sua disposi\u00e7\u00e3o. Departamento vendas escolhefacil Viste nosso site\",\"breadcrumb\":{\"@id\":\"https:\\\/\\\/escolhelab.com.br\\\/colilert\\\/#breadcrumb\"},\"inLanguage\":\"en-US\",\"potentialAction\":[{\"@type\":\"ReadAction\",\"target\":[\"https:\\\/\\\/escolhelab.com.br\\\/colilert\\\/\"]}]},{\"@type\":\"ImageObject\",\"inLanguage\":\"en-US\",\"@id\":\"https:\\\/\\\/escolhelab.com.br\\\/colilert\\\/#primaryimage\",\"url\":\"https:\\\/\\\/escolhelab.com.br\\\/wp-content\\\/uploads\\\/2024\\\/06\\\/colilert-escolhelab-com-br-3.png\",\"contentUrl\":\"https:\\\/\\\/escolhelab.com.br\\\/wp-content\\\/uploads\\\/2024\\\/06\\\/colilert-escolhelab-com-br-3.png\",\"width\":700,\"height\":800},{\"@type\":\"BreadcrumbList\",\"@id\":\"https:\\\/\\\/escolhelab.com.br\\\/colilert\\\/#breadcrumb\",\"itemListElement\":[{\"@type\":\"ListItem\",\"position\":1,\"name\":\"In\u00edcio\",\"item\":\"https:\\\/\\\/escolhelab.com.br\\\/\"},{\"@type\":\"ListItem\",\"position\":2,\"name\":\"loja\",\"item\":\"https:\\\/\\\/escolhelab.com.br\\\/loja\\\/\"},{\"@type\":\"ListItem\",\"position\":3,\"name\":\"Colilert\"}]},{\"@type\":\"WebSite\",\"@id\":\"https:\\\/\\\/escolhelab.com.br\\\/#website\",\"url\":\"https:\\\/\\\/escolhelab.com.br\\\/\",\"name\":\"Loja de produtos para laboratorio\",\"description\":\"Produtos para Laborat\u00f3rio,Artigos e outros na loja do quimico\",\"publisher\":{\"@id\":\"https:\\\/\\\/escolhelab.com.br\\\/#organization\"},\"alternateName\":\"escolhelab\",\"potentialAction\":[{\"@type\":\"SearchAction\",\"target\":{\"@type\":\"EntryPoint\",\"urlTemplate\":\"https:\\\/\\\/escolhelab.com.br\\\/?s={search_term_string}\"},\"query-input\":{\"@type\":\"PropertyValueSpecification\",\"valueRequired\":true,\"valueName\":\"search_term_string\"}}],\"inLanguage\":\"en-US\"},{\"@type\":\"Organization\",\"@id\":\"https:\\\/\\\/escolhelab.com.br\\\/#organization\",\"name\":\"loja escolhelab\",\"alternateName\":\"escolhelab\",\"url\":\"https:\\\/\\\/escolhelab.com.br\\\/\",\"logo\":{\"@type\":\"ImageObject\",\"inLanguage\":\"en-US\",\"@id\":\"https:\\\/\\\/escolhelab.com.br\\\/#\\\/schema\\\/logo\\\/image\\\/\",\"url\":\"https:\\\/\\\/escolhelab.com.br\\\/wp-content\\\/uploads\\\/2024\\\/12\\\/icone-e-512-512escolhelab-com-br-2-800x800.png\",\"contentUrl\":\"https:\\\/\\\/escolhelab.com.br\\\/wp-content\\\/uploads\\\/2024\\\/12\\\/icone-e-512-512escolhelab-com-br-2-800x800.png\",\"width\":800,\"height\":800,\"caption\":\"loja escolhelab\"},\"image\":{\"@id\":\"https:\\\/\\\/escolhelab.com.br\\\/#\\\/schema\\\/logo\\\/image\\\/\"}}]}<\/script>\n<!-- \/ Yoast SEO Premium plugin. -->","yoast_head_json":{"title":"Colilert","description":"Agitadores magn\u00e9ticos Consulte-nos e tire a suas duvidas, teremos a sua disposi\u00e7\u00e3o. Departamento vendas escolhefacil Viste nosso site","robots":{"index":"index","follow":"follow","max-snippet":"max-snippet:-1","max-image-preview":"max-image-preview:large","max-video-preview":"max-video-preview:-1"},"canonical":"https:\/\/escolhelab.com.br\/en\/colilert\/","og_locale":"en_US","og_type":"article","og_title":"Colilert","og_description":"Agitadores magn\u00e9ticos Consulte-nos e tire a suas duvidas, teremos a sua disposi\u00e7\u00e3o. Departamento vendas escolhefacil Viste nosso site","og_url":"https:\/\/escolhelab.com.br\/en\/colilert\/","og_site_name":"Loja de produtos para laboratorio","article_modified_time":"2024-10-25T00:48:29+00:00","og_image":[{"width":700,"height":800,"url":"https:\/\/escolhelab.com.br\/wp-content\/uploads\/2024\/06\/colilert-escolhelab-com-br-3.png","type":"image\/png"}],"twitter_card":"summary_large_image","twitter_misc":{"Est. reading time":"2 minutes"},"schema":{"@context":"https:\/\/schema.org","@graph":[{"@type":"WebPage","@id":"https:\/\/escolhelab.com.br\/colilert\/","url":"https:\/\/escolhelab.com.br\/colilert\/","name":"Colilert","isPartOf":{"@id":"https:\/\/escolhelab.com.br\/#website"},"primaryImageOfPage":{"@id":"https:\/\/escolhelab.com.br\/colilert\/#primaryimage"},"image":{"@id":"https:\/\/escolhelab.com.br\/colilert\/#primaryimage"},"thumbnailUrl":"https:\/\/escolhelab.com.br\/wp-content\/uploads\/2024\/06\/colilert-escolhelab-com-br-3.png","datePublished":"2024-06-07T16:51:37+00:00","dateModified":"2024-10-25T00:48:29+00:00","description":"Agitadores magn\u00e9ticos Consulte-nos e tire a suas duvidas, teremos a sua disposi\u00e7\u00e3o. Departamento vendas escolhefacil Viste nosso site","breadcrumb":{"@id":"https:\/\/escolhelab.com.br\/colilert\/#breadcrumb"},"inLanguage":"en-US","potentialAction":[{"@type":"ReadAction","target":["https:\/\/escolhelab.com.br\/colilert\/"]}]},{"@type":"ImageObject","inLanguage":"en-US","@id":"https:\/\/escolhelab.com.br\/colilert\/#primaryimage","url":"https:\/\/escolhelab.com.br\/wp-content\/uploads\/2024\/06\/colilert-escolhelab-com-br-3.png","contentUrl":"https:\/\/escolhelab.com.br\/wp-content\/uploads\/2024\/06\/colilert-escolhelab-com-br-3.png","width":700,"height":800},{"@type":"BreadcrumbList","@id":"https:\/\/escolhelab.com.br\/colilert\/#breadcrumb","itemListElement":[{"@type":"ListItem","position":1,"name":"In\u00edcio","item":"https:\/\/escolhelab.com.br\/"},{"@type":"ListItem","position":2,"name":"loja","item":"https:\/\/escolhelab.com.br\/loja\/"},{"@type":"ListItem","position":3,"name":"Colilert"}]},{"@type":"WebSite","@id":"https:\/\/escolhelab.com.br\/#website","url":"https:\/\/escolhelab.com.br\/","name":"Loja de produtos para laboratorio","description":"Produtos para Laborat\u00f3rio,Artigos e outros na loja do quimico","publisher":{"@id":"https:\/\/escolhelab.com.br\/#organization"},"alternateName":"escolhelab","potentialAction":[{"@type":"SearchAction","target":{"@type":"EntryPoint","urlTemplate":"https:\/\/escolhelab.com.br\/?s={search_term_string}"},"query-input":{"@type":"PropertyValueSpecification","valueRequired":true,"valueName":"search_term_string"}}],"inLanguage":"en-US"},{"@type":"Organization","@id":"https:\/\/escolhelab.com.br\/#organization","name":"loja escolhelab","alternateName":"escolhelab","url":"https:\/\/escolhelab.com.br\/","logo":{"@type":"ImageObject","inLanguage":"en-US","@id":"https:\/\/escolhelab.com.br\/#\/schema\/logo\/image\/","url":"https:\/\/escolhelab.com.br\/wp-content\/uploads\/2024\/12\/icone-e-512-512escolhelab-com-br-2-800x800.png","contentUrl":"https:\/\/escolhelab.com.br\/wp-content\/uploads\/2024\/12\/icone-e-512-512escolhelab-com-br-2-800x800.png","width":800,"height":800,"caption":"loja escolhelab"},"image":{"@id":"https:\/\/escolhelab.com.br\/#\/schema\/logo\/image\/"}}]}},"tiered_pricing_type":"fixed","tiered_pricing_fixed_rules":[],"tiered_pricing_product_settings":{"layout":"default","base_unit_name":{"singular":null,"plural":null},"default_variation":null},"tiered_pricing_minimum_quantity":null,"tiered_pricing_roles_data":[],"tiered_pricing_percentage_rules":[],"tiered_pricing_maximum_quantity":null,"tiered_pricing_quantity_step":null,"_links":{"self":[{"href":"https:\/\/escolhelab.com.br\/en\/wp-json\/wp\/v2\/product\/30925","targetHints":{"allow":["GET"]}}],"collection":[{"href":"https:\/\/escolhelab.com.br\/en\/wp-json\/wp\/v2\/product"}],"about":[{"href":"https:\/\/escolhelab.com.br\/en\/wp-json\/wp\/v2\/types\/product"}],"replies":[{"embeddable":true,"href":"https:\/\/escolhelab.com.br\/en\/wp-json\/wp\/v2\/comments?post=30925"}],"version-history":[{"count":0,"href":"https:\/\/escolhelab.com.br\/en\/wp-json\/wp\/v2\/product\/30925\/revisions"}],"wp:featuredmedia":[{"embeddable":true,"href":"https:\/\/escolhelab.com.br\/en\/wp-json\/wp\/v2\/media\/30999"}],"wp:attachment":[{"href":"https:\/\/escolhelab.com.br\/en\/wp-json\/wp\/v2\/media?parent=30925"}],"wp:term":[{"taxonomy":"product_brand","embeddable":true,"href":"https:\/\/escolhelab.com.br\/en\/wp-json\/wp\/v2\/product_brand?post=30925"},{"taxonomy":"product_cat","embeddable":true,"href":"https:\/\/escolhelab.com.br\/en\/wp-json\/wp\/v2\/product_cat?post=30925"},{"taxonomy":"product_tag","embeddable":true,"href":"https:\/\/escolhelab.com.br\/en\/wp-json\/wp\/v2\/product_tag?post=30925"}],"curies":[{"name":"wp","href":"https:\/\/api.w.org\/{rel}","templated":true}]}}