{"id":31791,"date":"2024-06-28T14:30:24","date_gmt":"2024-06-28T17:30:24","guid":{"rendered":"https:\/\/escolhelab.com.br\/?post_type=product&#038;p=31791"},"modified":"2025-09-06T17:33:05","modified_gmt":"2025-09-06T20:33:05","slug":"balanca-analitica-com-capela","status":"publish","type":"product","link":"https:\/\/escolhelab.com.br\/en\/balanca-analitica-com-capela\/","title":{"rendered":"Balan\u00e7a anal\u00edtica com capela"},"content":{"rendered":"<h1><span style=\"font-family: helvetica, arial, sans-serif;\"><strong>Balan\u00e7a anal\u00edtica com capela<\/strong><\/span><\/h1>\n<p><span style=\"font-family: helvetica, arial, sans-serif;\">A balan\u00e7a\u00a0 anal\u00edticas e semianal\u00f3gica\u00a0 e de precis\u00e3o , que s\u00e3o indicadas para o ambiente de laborat\u00f3rio e produ\u00e7\u00e3o.<\/span><\/p>\n<p><span style=\"font-family: helvetica, arial, sans-serif;\"><em>Em conformidade ao estabelecida no\u00a0 \u00a0INMETRO.<\/em><\/span><\/p>\n<h4><span style=\"font-family: helvetica, arial, sans-serif;\"><strong>Vantagens pelo uso:<\/strong><\/span><\/h4>\n<p><span style=\"font-family: helvetica, arial, sans-serif;\">\u2013 Visor de LCD com\u00a0<em>backlight<\/em>\u00a0que oferece excelente visualiza\u00e7\u00e3o das informa\u00e7\u00f5es e a utiliza\u00e7\u00e3o em ambientes com baixa luminosidade.<\/span><br \/>\n<span style=\"font-family: helvetica, arial, sans-serif;\">\u2013 Possui c\u00e2mara de vidro, que isola o material em pesagem do ambiente externo.<\/span><br \/>\n<span style=\"font-family: helvetica, arial, sans-serif;\">\u2013 Fun\u00e7\u00e3o TARA.<\/span><br \/>\n<span style=\"font-family: helvetica, arial, sans-serif;\">\u2013 Fun\u00e7\u00e3o Sa\u00edda de Dados, que transmite valores de leitura para a Interface Serial ou USB.<\/span><br \/>\n<span style=\"font-family: helvetica, arial, sans-serif;\">\u2013 Realiza a contagem de pe\u00e7as.<\/span><br \/>\n<span style=\"font-family: helvetica, arial, sans-serif;\">\u2013 Fonte voltagem autom\u00e1tica (110-250V).<\/span><\/p>","protected":false},"excerpt":{"rendered":"<p style=\"text-align: left\"><span style=\"font-family: helvetica, arial, sans-serif\">A balan\u00e7a anal\u00edticas e\u00a0 semianal\u00f3gica de precis\u00e3o, que s\u00e3o indicadas para o ambiente de laborat\u00f3rio e produ\u00e7\u00e3o.<br \/><\/span><span style=\"font-family: helvetica, arial, sans-serif\">Em conformidade ao estabelecido pelo INMETRO.<br \/><\/span><span style=\"font-family: helvetica, arial, sans-serif\"><strong>\u00a0Sugest\u00e3o onde utilizar:<\/strong><\/span><\/p>\n<ul style=\"list-style-type: circle\">\n<li><span style=\"font-family: helvetica, arial, sans-serif\">Para \u00e1rea de pesagem e confer\u00eancia da ind\u00fastria.<\/span><\/li>\n<li><span style=\"font-family: helvetica, arial, sans-serif\">Laborat\u00f3rios de an\u00e1lises cl\u00ednicas e escolares.<\/span><\/li>\n<li><span style=\"font-family: helvetica, arial, sans-serif\">Farm\u00e1cias de manipula\u00e7\u00e3o.<\/span><\/li>\n<li><span style=\"font-family: helvetica, arial, sans-serif\">Hospitais.<\/span><\/li>\n<\/ul>","protected":false},"featured_media":30855,"comment_status":"open","ping_status":"closed","template":"","meta":{"_acf_changed":false,"iawp_total_views":5},"product_brand":[],"product_cat":[733,606],"product_tag":[],"class_list":{"0":"post-31791","1":"product","2":"type-product","3":"status-publish","4":"has-post-thumbnail","6":"product_cat-equipamento-laboratorio","7":"product_cat-quimico","9":"first","10":"instock","11":"shipping-taxable","12":"product-type-variable"},"acf":[],"yoast_head":"<!-- This site is optimized with the Yoast SEO Premium plugin v26.2 (Yoast SEO v27.3) - https:\/\/yoast.com\/product\/yoast-seo-premium-wordpress\/ -->\n<title>Balan\u00e7a anal\u00edtica com capela<\/title>\n<meta name=\"description\" content=\"A balan\u00e7a anal\u00edticas e\u00a0 semianal\u00f3gica de precis\u00e3o, que s\u00e3o indicadas para o ambiente de laborat\u00f3rio e produ\u00e7\u00e3o.Em conformidade ao estabelecido pelo INMETRO.\" \/>\n<meta name=\"robots\" content=\"index, follow, max-snippet:-1, max-image-preview:large, max-video-preview:-1\" \/>\n<link rel=\"canonical\" href=\"https:\/\/escolhelab.com.br\/en\/balanca-analitica-com-capela\/\" \/>\n<meta property=\"og:locale\" content=\"en_US\" \/>\n<meta property=\"og:type\" content=\"article\" \/>\n<meta property=\"og:title\" content=\"Balan\u00e7a anal\u00edtica com capela\" \/>\n<meta property=\"og:description\" content=\"A balan\u00e7a anal\u00edticas e\u00a0 semianal\u00f3gica de precis\u00e3o, que s\u00e3o indicadas para o ambiente de laborat\u00f3rio e produ\u00e7\u00e3o.Em conformidade ao estabelecido pelo INMETRO.\" \/>\n<meta property=\"og:url\" content=\"https:\/\/escolhelab.com.br\/en\/balanca-analitica-com-capela\/\" \/>\n<meta property=\"og:site_name\" content=\"Loja de produtos para laboratorio\" \/>\n<meta property=\"article:modified_time\" content=\"2025-09-06T20:33:05+00:00\" \/>\n<meta property=\"og:image\" content=\"https:\/\/escolhelab.com.br\/wp-content\/uploads\/2024\/06\/balanca-analitica-escolhefacil-com-3.jpg\" \/>\n\t<meta property=\"og:image:width\" content=\"700\" \/>\n\t<meta property=\"og:image:height\" content=\"800\" \/>\n\t<meta property=\"og:image:type\" content=\"image\/jpeg\" \/>\n<meta name=\"twitter:card\" content=\"summary_large_image\" \/>\n<meta name=\"twitter:label1\" content=\"Est. reading time\" \/>\n\t<meta name=\"twitter:data1\" content=\"1 minute\" \/>\n<script type=\"application\/ld+json\" class=\"yoast-schema-graph\">{\"@context\":\"https:\\\/\\\/schema.org\",\"@graph\":[{\"@type\":\"WebPage\",\"@id\":\"https:\\\/\\\/escolhelab.com.br\\\/balanca-analitica-com-capela\\\/\",\"url\":\"https:\\\/\\\/escolhelab.com.br\\\/balanca-analitica-com-capela\\\/\",\"name\":\"Balan\u00e7a anal\u00edtica com capela\",\"isPartOf\":{\"@id\":\"https:\\\/\\\/escolhelab.com.br\\\/#website\"},\"primaryImageOfPage\":{\"@id\":\"https:\\\/\\\/escolhelab.com.br\\\/balanca-analitica-com-capela\\\/#primaryimage\"},\"image\":{\"@id\":\"https:\\\/\\\/escolhelab.com.br\\\/balanca-analitica-com-capela\\\/#primaryimage\"},\"thumbnailUrl\":\"https:\\\/\\\/escolhelab.com.br\\\/wp-content\\\/uploads\\\/2024\\\/06\\\/balanca-analitica-escolhefacil-com-3.jpg\",\"datePublished\":\"2024-06-28T17:30:24+00:00\",\"dateModified\":\"2025-09-06T20:33:05+00:00\",\"description\":\"A balan\u00e7a anal\u00edticas e\u00a0 semianal\u00f3gica de precis\u00e3o, que s\u00e3o indicadas para o ambiente de laborat\u00f3rio e produ\u00e7\u00e3o.Em conformidade ao estabelecido pelo INMETRO.\",\"breadcrumb\":{\"@id\":\"https:\\\/\\\/escolhelab.com.br\\\/balanca-analitica-com-capela\\\/#breadcrumb\"},\"inLanguage\":\"en-US\",\"potentialAction\":[{\"@type\":\"ReadAction\",\"target\":[\"https:\\\/\\\/escolhelab.com.br\\\/balanca-analitica-com-capela\\\/\"]}]},{\"@type\":\"ImageObject\",\"inLanguage\":\"en-US\",\"@id\":\"https:\\\/\\\/escolhelab.com.br\\\/balanca-analitica-com-capela\\\/#primaryimage\",\"url\":\"https:\\\/\\\/escolhelab.com.br\\\/wp-content\\\/uploads\\\/2024\\\/06\\\/balanca-analitica-escolhefacil-com-3.jpg\",\"contentUrl\":\"https:\\\/\\\/escolhelab.com.br\\\/wp-content\\\/uploads\\\/2024\\\/06\\\/balanca-analitica-escolhefacil-com-3.jpg\",\"width\":700,\"height\":800},{\"@type\":\"BreadcrumbList\",\"@id\":\"https:\\\/\\\/escolhelab.com.br\\\/balanca-analitica-com-capela\\\/#breadcrumb\",\"itemListElement\":[{\"@type\":\"ListItem\",\"position\":1,\"name\":\"In\u00edcio\",\"item\":\"https:\\\/\\\/escolhelab.com.br\\\/\"},{\"@type\":\"ListItem\",\"position\":2,\"name\":\"loja\",\"item\":\"https:\\\/\\\/escolhelab.com.br\\\/loja\\\/\"},{\"@type\":\"ListItem\",\"position\":3,\"name\":\"Balan\u00e7a anal\u00edtica com capela\"}]},{\"@type\":\"WebSite\",\"@id\":\"https:\\\/\\\/escolhelab.com.br\\\/#website\",\"url\":\"https:\\\/\\\/escolhelab.com.br\\\/\",\"name\":\"Loja de produtos para laboratorio\",\"description\":\"Produtos para Laborat\u00f3rio,Artigos e outros na loja do quimico\",\"publisher\":{\"@id\":\"https:\\\/\\\/escolhelab.com.br\\\/#organization\"},\"alternateName\":\"escolhelab\",\"potentialAction\":[{\"@type\":\"SearchAction\",\"target\":{\"@type\":\"EntryPoint\",\"urlTemplate\":\"https:\\\/\\\/escolhelab.com.br\\\/?s={search_term_string}\"},\"query-input\":{\"@type\":\"PropertyValueSpecification\",\"valueRequired\":true,\"valueName\":\"search_term_string\"}}],\"inLanguage\":\"en-US\"},{\"@type\":\"Organization\",\"@id\":\"https:\\\/\\\/escolhelab.com.br\\\/#organization\",\"name\":\"loja escolhelab\",\"alternateName\":\"escolhelab\",\"url\":\"https:\\\/\\\/escolhelab.com.br\\\/\",\"logo\":{\"@type\":\"ImageObject\",\"inLanguage\":\"en-US\",\"@id\":\"https:\\\/\\\/escolhelab.com.br\\\/#\\\/schema\\\/logo\\\/image\\\/\",\"url\":\"https:\\\/\\\/escolhelab.com.br\\\/wp-content\\\/uploads\\\/2024\\\/12\\\/icone-e-512-512escolhelab-com-br-2-800x800.png\",\"contentUrl\":\"https:\\\/\\\/escolhelab.com.br\\\/wp-content\\\/uploads\\\/2024\\\/12\\\/icone-e-512-512escolhelab-com-br-2-800x800.png\",\"width\":800,\"height\":800,\"caption\":\"loja escolhelab\"},\"image\":{\"@id\":\"https:\\\/\\\/escolhelab.com.br\\\/#\\\/schema\\\/logo\\\/image\\\/\"}}]}<\/script>\n<!-- \/ Yoast SEO Premium plugin. -->","yoast_head_json":{"title":"Balan\u00e7a anal\u00edtica com capela","description":"A balan\u00e7a anal\u00edticas e\u00a0 semianal\u00f3gica de precis\u00e3o, que s\u00e3o indicadas para o ambiente de laborat\u00f3rio e produ\u00e7\u00e3o.Em conformidade ao estabelecido pelo INMETRO.","robots":{"index":"index","follow":"follow","max-snippet":"max-snippet:-1","max-image-preview":"max-image-preview:large","max-video-preview":"max-video-preview:-1"},"canonical":"https:\/\/escolhelab.com.br\/en\/balanca-analitica-com-capela\/","og_locale":"en_US","og_type":"article","og_title":"Balan\u00e7a anal\u00edtica com capela","og_description":"A balan\u00e7a anal\u00edticas e\u00a0 semianal\u00f3gica de precis\u00e3o, que s\u00e3o indicadas para o ambiente de laborat\u00f3rio e produ\u00e7\u00e3o.Em conformidade ao estabelecido pelo INMETRO.","og_url":"https:\/\/escolhelab.com.br\/en\/balanca-analitica-com-capela\/","og_site_name":"Loja de produtos para laboratorio","article_modified_time":"2025-09-06T20:33:05+00:00","og_image":[{"width":700,"height":800,"url":"https:\/\/escolhelab.com.br\/wp-content\/uploads\/2024\/06\/balanca-analitica-escolhefacil-com-3.jpg","type":"image\/jpeg"}],"twitter_card":"summary_large_image","twitter_misc":{"Est. reading time":"1 minute"},"schema":{"@context":"https:\/\/schema.org","@graph":[{"@type":"WebPage","@id":"https:\/\/escolhelab.com.br\/balanca-analitica-com-capela\/","url":"https:\/\/escolhelab.com.br\/balanca-analitica-com-capela\/","name":"Balan\u00e7a anal\u00edtica com capela","isPartOf":{"@id":"https:\/\/escolhelab.com.br\/#website"},"primaryImageOfPage":{"@id":"https:\/\/escolhelab.com.br\/balanca-analitica-com-capela\/#primaryimage"},"image":{"@id":"https:\/\/escolhelab.com.br\/balanca-analitica-com-capela\/#primaryimage"},"thumbnailUrl":"https:\/\/escolhelab.com.br\/wp-content\/uploads\/2024\/06\/balanca-analitica-escolhefacil-com-3.jpg","datePublished":"2024-06-28T17:30:24+00:00","dateModified":"2025-09-06T20:33:05+00:00","description":"A balan\u00e7a anal\u00edticas e\u00a0 semianal\u00f3gica de precis\u00e3o, que s\u00e3o indicadas para o ambiente de laborat\u00f3rio e produ\u00e7\u00e3o.Em conformidade ao estabelecido pelo INMETRO.","breadcrumb":{"@id":"https:\/\/escolhelab.com.br\/balanca-analitica-com-capela\/#breadcrumb"},"inLanguage":"en-US","potentialAction":[{"@type":"ReadAction","target":["https:\/\/escolhelab.com.br\/balanca-analitica-com-capela\/"]}]},{"@type":"ImageObject","inLanguage":"en-US","@id":"https:\/\/escolhelab.com.br\/balanca-analitica-com-capela\/#primaryimage","url":"https:\/\/escolhelab.com.br\/wp-content\/uploads\/2024\/06\/balanca-analitica-escolhefacil-com-3.jpg","contentUrl":"https:\/\/escolhelab.com.br\/wp-content\/uploads\/2024\/06\/balanca-analitica-escolhefacil-com-3.jpg","width":700,"height":800},{"@type":"BreadcrumbList","@id":"https:\/\/escolhelab.com.br\/balanca-analitica-com-capela\/#breadcrumb","itemListElement":[{"@type":"ListItem","position":1,"name":"In\u00edcio","item":"https:\/\/escolhelab.com.br\/"},{"@type":"ListItem","position":2,"name":"loja","item":"https:\/\/escolhelab.com.br\/loja\/"},{"@type":"ListItem","position":3,"name":"Balan\u00e7a anal\u00edtica com capela"}]},{"@type":"WebSite","@id":"https:\/\/escolhelab.com.br\/#website","url":"https:\/\/escolhelab.com.br\/","name":"Loja de produtos para laboratorio","description":"Produtos para Laborat\u00f3rio,Artigos e outros na loja do quimico","publisher":{"@id":"https:\/\/escolhelab.com.br\/#organization"},"alternateName":"escolhelab","potentialAction":[{"@type":"SearchAction","target":{"@type":"EntryPoint","urlTemplate":"https:\/\/escolhelab.com.br\/?s={search_term_string}"},"query-input":{"@type":"PropertyValueSpecification","valueRequired":true,"valueName":"search_term_string"}}],"inLanguage":"en-US"},{"@type":"Organization","@id":"https:\/\/escolhelab.com.br\/#organization","name":"loja escolhelab","alternateName":"escolhelab","url":"https:\/\/escolhelab.com.br\/","logo":{"@type":"ImageObject","inLanguage":"en-US","@id":"https:\/\/escolhelab.com.br\/#\/schema\/logo\/image\/","url":"https:\/\/escolhelab.com.br\/wp-content\/uploads\/2024\/12\/icone-e-512-512escolhelab-com-br-2-800x800.png","contentUrl":"https:\/\/escolhelab.com.br\/wp-content\/uploads\/2024\/12\/icone-e-512-512escolhelab-com-br-2-800x800.png","width":800,"height":800,"caption":"loja escolhelab"},"image":{"@id":"https:\/\/escolhelab.com.br\/#\/schema\/logo\/image\/"}}]}},"tiered_pricing_type":"fixed","tiered_pricing_fixed_rules":[],"tiered_pricing_product_settings":{"layout":"default","base_unit_name":{"singular":null,"plural":null},"default_variation":null},"tiered_pricing_minimum_quantity":null,"tiered_pricing_roles_data":[],"tiered_pricing_percentage_rules":[],"tiered_pricing_maximum_quantity":null,"tiered_pricing_quantity_step":null,"_links":{"self":[{"href":"https:\/\/escolhelab.com.br\/en\/wp-json\/wp\/v2\/product\/31791","targetHints":{"allow":["GET"]}}],"collection":[{"href":"https:\/\/escolhelab.com.br\/en\/wp-json\/wp\/v2\/product"}],"about":[{"href":"https:\/\/escolhelab.com.br\/en\/wp-json\/wp\/v2\/types\/product"}],"replies":[{"embeddable":true,"href":"https:\/\/escolhelab.com.br\/en\/wp-json\/wp\/v2\/comments?post=31791"}],"version-history":[{"count":0,"href":"https:\/\/escolhelab.com.br\/en\/wp-json\/wp\/v2\/product\/31791\/revisions"}],"wp:featuredmedia":[{"embeddable":true,"href":"https:\/\/escolhelab.com.br\/en\/wp-json\/wp\/v2\/media\/30855"}],"wp:attachment":[{"href":"https:\/\/escolhelab.com.br\/en\/wp-json\/wp\/v2\/media?parent=31791"}],"wp:term":[{"taxonomy":"product_brand","embeddable":true,"href":"https:\/\/escolhelab.com.br\/en\/wp-json\/wp\/v2\/product_brand?post=31791"},{"taxonomy":"product_cat","embeddable":true,"href":"https:\/\/escolhelab.com.br\/en\/wp-json\/wp\/v2\/product_cat?post=31791"},{"taxonomy":"product_tag","embeddable":true,"href":"https:\/\/escolhelab.com.br\/en\/wp-json\/wp\/v2\/product_tag?post=31791"}],"curies":[{"name":"wp","href":"https:\/\/api.w.org\/{rel}","templated":true}]}}