{"id":33336,"date":"2024-10-28T11:41:59","date_gmt":"2024-10-28T14:41:59","guid":{"rendered":"https:\/\/escolhelab.com.br\/?post_type=product&#038;p=33336"},"modified":"2025-08-25T15:24:36","modified_gmt":"2025-08-25T18:24:36","slug":"lampada-halogena-hlx-12v-100w-64625","status":"publish","type":"product","link":"https:\/\/escolhelab.com.br\/en\/lampada-halogena-hlx-12v-100w-64625\/","title":{"rendered":"Lampada Halogena Hlx 12v 100w 64625"},"content":{"rendered":"<h1><span style=\"font-family: helvetica, arial, sans-serif; font-size: 12pt;\">L\u00e2mpada Halogena Hlx 12v 100w 64625<br \/>\n<\/span><span style=\"font-family: helvetica, arial, sans-serif; font-size: 12pt;\">L\u00e2mpada Halogena Hlx 12v 100w 64625 com, especifica\u00e7\u00f5es abaixo:<\/span><\/h1>\n<p><span style=\"font-family: helvetica, arial, sans-serif;\">REFERENCIA : 64625<\/span><br \/>\n<span style=\"font-family: helvetica, arial, sans-serif;\">POT\u00caNCIA NOMINAL: 100 W<\/span><br \/>\n<span style=\"font-family: helvetica, arial, sans-serif;\">DI\u00c2METRO: 11,5 mm<\/span><br \/>\n<span style=\"font-family: helvetica, arial, sans-serif;\">COMPRIMENTO: 44 m<\/span><br \/>\n<span style=\"font-family: helvetica, arial, sans-serif;\">VIDA MEDIANA: 50 h<\/span><br \/>\n<span style=\"font-family: helvetica, arial, sans-serif;\"><strong>SOQUETE (BASE): GY 6.35<\/strong><\/span><\/p>\n<div class=\"space-paragraph\" data-attr-id=\"ZPIM1TE00428\">\n<p><span style=\"font-family: helvetica, arial, sans-serif;\"><b>Caracter\u00edsticas do produto<\/b><\/span><\/p>\n<ul class=\"simplelist\">\n<li><span style=\"font-family: helvetica, arial, sans-serif;\">\u00a0Xen\u00f4nio em vez de cript\u00f4nio como g\u00e1s de enchimento (vers\u00f5es (XENOPHOT HLX)<\/span><\/li>\n<li><span style=\"font-family: helvetica, arial, sans-serif;\">\u00a0Fluxo luminoso at\u00e9 10 % mais alto com o mesmo consumo de energia (Vers\u00f5es XENOPHOT HLX)<\/span><\/li>\n<li><span style=\"font-family: helvetica, arial, sans-serif;\">\u00a0L\u00e2mpada de halog\u00e9neo HLX para baixa voltagem com e sem refletor<\/span><\/li>\n<li><span style=\"font-family: helvetica, arial, sans-serif;\"> Dimeriza (HLX)<\/span><\/li>\n<\/ul>\n<\/div>\n<div class=\"space-paragraph\" data-attr-id=\"ZPIM1TE00429\">\n<p><span style=\"font-family: helvetica, arial, sans-serif;\"><b>Benef\u00edcios do produto<\/b><\/span><\/p>\n<ul class=\"simplelist\">\n<li><span style=\"font-family: helvetica, arial, sans-serif;\">\u00a0Comparada com l\u00e2mpadas standard rendimento luminoso at\u00e9 10 % superior (HLX)<\/span><\/li>\n<li><span style=\"font-family: helvetica, arial, sans-serif;\">\u00a0Luz instant\u00e2nea (HLX)<\/span><\/li>\n<\/ul>\n<\/div>\n<div class=\"space-paragraph\" data-attr-id=\"ZPIM1TE00430\">\n<p><span style=\"font-family: helvetica, arial, sans-serif;\"><b>A\u0301reas de aplica\u00e7\u00e3o<\/b><\/span><\/p>\n<ul>\n<li><span style=\"font-family: helvetica, arial, sans-serif;\">Microscopia<\/span><\/li>\n<li><span style=\"font-family: helvetica, arial, sans-serif;\">Laborat\u00f3rio e An\u00e1lise<\/span><\/li>\n<li><span style=\"font-family: helvetica, arial, sans-serif;\">Cuidados UV<\/span><\/li>\n<li><span style=\"font-family: helvetica, arial, sans-serif;\">Ilumina\u00e7\u00e3o de Fibra<\/span><\/li>\n<li><span style=\"font-family: helvetica, arial, sans-serif;\">Cir\u00fargico e Odontol\u00f3gico Overhead<\/span><\/li>\n<\/ul>\n<p><span style=\"font-family: helvetica, arial, sans-serif;\"><b>Instru\u00e7\u00f5es de seguran\u00e7a<\/b><\/span><\/p>\n<p><span style=\"font-family: helvetica, arial, sans-serif;\">Para evitar ferimentos ou danos materiais, as l\u00e2mpadas hal\u00f3genas Halogena 100w hlx somente podem ser operadas em lumin\u00e1rias adequadas projetadas com mecanismos adequados (grades etc.) para assegurar que no caso de estouro de uma l\u00e2mpada nenhum(a) pe\u00e7a\/fragmento possa escapar e que durante a opera\u00e7\u00e3o nenhuma radia\u00e7\u00e3o ultravioleta possa escapar. Porem al\u00e9m disso deve haver uma sinaliza\u00e7\u00e3o de aviso para indicar que as l\u00e2mpadas emitam n\u00edveis altos de calor. As informa\u00e7\u00f5es detalhadas est\u00e3o dispon\u00edveis mediante solicita\u00e7\u00e3o.<\/span><\/p>\n<\/div>\n<p><strong>Outras tipos de l\u00e2mpadas\u00a0 consulte nos\u00a0 atrav\u00e9s email:vendas@escolhelab.com.br<\/strong><\/p>","protected":false},"excerpt":{"rendered":"<p><span style=\"font-family: helvetica, arial, sans-serif; font-size: 12pt;\"><strong>L\u00e2mpada hal\u00f3gena HLX 12v 100w 64625<br \/>\n<\/strong><\/span>especifica\u00e7\u00f5es\u00a0 ref.: 64625<br \/>\npot\u00eancia nominal: 100 w<br \/>\ndi\u00e2metro: 11,5 mm<br \/>\ncomprimento: 44 m<br \/>\nvida mediana: 50 h<br \/>\n<span style=\"font-family: helvetica, arial, sans-serif; font-size: 12pt;\"><strong>SOQUETE (BASE): GY 6.35<\/strong><\/span><\/p>","protected":false},"featured_media":33337,"comment_status":"open","ping_status":"closed","template":"","meta":{"_acf_changed":false,"iawp_total_views":22},"product_brand":[],"product_cat":[725,606],"product_tag":[],"class_list":{"0":"post-33336","1":"product","2":"type-product","3":"status-publish","4":"has-post-thumbnail","6":"product_cat-acessorios-e-consumiveis","7":"product_cat-quimico","8":"product_shipping_class-produtos-laboratorio-quimico","10":"first","11":"instock","12":"shipping-taxable","13":"purchasable","14":"product-type-simple"},"acf":[],"yoast_head":"<!-- This site is optimized with the Yoast SEO Premium plugin v26.2 (Yoast SEO v27.3) - https:\/\/yoast.com\/product\/yoast-seo-premium-wordpress\/ -->\n<title>Lampada Halogena Hlx 12v 100w 64625<\/title>\n<meta name=\"description\" content=\"Xen\u00f4nio em vez de cript\u00f4nio como g\u00e1s de enchimento (vers\u00f5es (XENOPHOT HLX)\u00a0Fluxo luminoso at\u00e9 10 % mais alto com o mesmo consumo de energia\" \/>\n<meta name=\"robots\" content=\"index, follow, max-snippet:-1, max-image-preview:large, max-video-preview:-1\" \/>\n<link rel=\"canonical\" href=\"https:\/\/escolhelab.com.br\/en\/lampada-halogena-hlx-12v-100w-64625\/\" \/>\n<meta property=\"og:locale\" content=\"en_US\" \/>\n<meta property=\"og:type\" content=\"article\" \/>\n<meta property=\"og:title\" content=\"Lampada Halogena Hlx 12v 100w 64625\" \/>\n<meta property=\"og:description\" content=\"Xen\u00f4nio em vez de cript\u00f4nio como g\u00e1s de enchimento (vers\u00f5es (XENOPHOT HLX)\u00a0Fluxo luminoso at\u00e9 10 % mais alto com o mesmo consumo de energia\" \/>\n<meta property=\"og:url\" content=\"https:\/\/escolhelab.com.br\/en\/lampada-halogena-hlx-12v-100w-64625\/\" \/>\n<meta property=\"og:site_name\" content=\"Loja de produtos para laboratorio\" \/>\n<meta property=\"article:modified_time\" content=\"2025-08-25T18:24:36+00:00\" \/>\n<meta property=\"og:image\" content=\"https:\/\/escolhelab.com.br\/wp-content\/uploads\/2024\/10\/Lampada-Halogena-Hlx-12v-100-w-64625-escolhelab-com-br.webp\" \/>\n\t<meta property=\"og:image:width\" content=\"700\" \/>\n\t<meta property=\"og:image:height\" content=\"800\" \/>\n\t<meta property=\"og:image:type\" content=\"image\/webp\" \/>\n<meta name=\"twitter:card\" content=\"summary_large_image\" \/>\n<meta name=\"twitter:label1\" content=\"Est. reading time\" \/>\n\t<meta name=\"twitter:data1\" content=\"2 minutes\" \/>\n<script type=\"application\/ld+json\" class=\"yoast-schema-graph\">{\"@context\":\"https:\\\/\\\/schema.org\",\"@graph\":[{\"@type\":\"WebPage\",\"@id\":\"https:\\\/\\\/escolhelab.com.br\\\/lampada-halogena-hlx-12v-100w-64625\\\/\",\"url\":\"https:\\\/\\\/escolhelab.com.br\\\/lampada-halogena-hlx-12v-100w-64625\\\/\",\"name\":\"Lampada Halogena Hlx 12v 100w 64625\",\"isPartOf\":{\"@id\":\"https:\\\/\\\/escolhelab.com.br\\\/#website\"},\"primaryImageOfPage\":{\"@id\":\"https:\\\/\\\/escolhelab.com.br\\\/lampada-halogena-hlx-12v-100w-64625\\\/#primaryimage\"},\"image\":{\"@id\":\"https:\\\/\\\/escolhelab.com.br\\\/lampada-halogena-hlx-12v-100w-64625\\\/#primaryimage\"},\"thumbnailUrl\":\"https:\\\/\\\/escolhelab.com.br\\\/wp-content\\\/uploads\\\/2024\\\/10\\\/Lampada-Halogena-Hlx-12v-100-w-64625-escolhelab-com-br.webp\",\"datePublished\":\"2024-10-28T14:41:59+00:00\",\"dateModified\":\"2025-08-25T18:24:36+00:00\",\"description\":\"Xen\u00f4nio em vez de cript\u00f4nio como g\u00e1s de enchimento (vers\u00f5es (XENOPHOT HLX)\u00a0Fluxo luminoso at\u00e9 10 % mais alto com o mesmo consumo de energia\",\"breadcrumb\":{\"@id\":\"https:\\\/\\\/escolhelab.com.br\\\/lampada-halogena-hlx-12v-100w-64625\\\/#breadcrumb\"},\"inLanguage\":\"en-US\",\"potentialAction\":[{\"@type\":\"ReadAction\",\"target\":[\"https:\\\/\\\/escolhelab.com.br\\\/lampada-halogena-hlx-12v-100w-64625\\\/\"]}]},{\"@type\":\"ImageObject\",\"inLanguage\":\"en-US\",\"@id\":\"https:\\\/\\\/escolhelab.com.br\\\/lampada-halogena-hlx-12v-100w-64625\\\/#primaryimage\",\"url\":\"https:\\\/\\\/escolhelab.com.br\\\/wp-content\\\/uploads\\\/2024\\\/10\\\/Lampada-Halogena-Hlx-12v-100-w-64625-escolhelab-com-br.webp\",\"contentUrl\":\"https:\\\/\\\/escolhelab.com.br\\\/wp-content\\\/uploads\\\/2024\\\/10\\\/Lampada-Halogena-Hlx-12v-100-w-64625-escolhelab-com-br.webp\",\"width\":700,\"height\":800},{\"@type\":\"BreadcrumbList\",\"@id\":\"https:\\\/\\\/escolhelab.com.br\\\/lampada-halogena-hlx-12v-100w-64625\\\/#breadcrumb\",\"itemListElement\":[{\"@type\":\"ListItem\",\"position\":1,\"name\":\"In\u00edcio\",\"item\":\"https:\\\/\\\/escolhelab.com.br\\\/\"},{\"@type\":\"ListItem\",\"position\":2,\"name\":\"loja\",\"item\":\"https:\\\/\\\/escolhelab.com.br\\\/loja\\\/\"},{\"@type\":\"ListItem\",\"position\":3,\"name\":\"Lampada Halogena Hlx 12v 100w 64625\"}]},{\"@type\":\"WebSite\",\"@id\":\"https:\\\/\\\/escolhelab.com.br\\\/#website\",\"url\":\"https:\\\/\\\/escolhelab.com.br\\\/\",\"name\":\"Loja de produtos para laboratorio\",\"description\":\"Produtos para Laborat\u00f3rio,Artigos e outros na loja do quimico\",\"publisher\":{\"@id\":\"https:\\\/\\\/escolhelab.com.br\\\/#organization\"},\"alternateName\":\"escolhelab\",\"potentialAction\":[{\"@type\":\"SearchAction\",\"target\":{\"@type\":\"EntryPoint\",\"urlTemplate\":\"https:\\\/\\\/escolhelab.com.br\\\/?s={search_term_string}\"},\"query-input\":{\"@type\":\"PropertyValueSpecification\",\"valueRequired\":true,\"valueName\":\"search_term_string\"}}],\"inLanguage\":\"en-US\"},{\"@type\":\"Organization\",\"@id\":\"https:\\\/\\\/escolhelab.com.br\\\/#organization\",\"name\":\"loja escolhelab\",\"alternateName\":\"escolhelab\",\"url\":\"https:\\\/\\\/escolhelab.com.br\\\/\",\"logo\":{\"@type\":\"ImageObject\",\"inLanguage\":\"en-US\",\"@id\":\"https:\\\/\\\/escolhelab.com.br\\\/#\\\/schema\\\/logo\\\/image\\\/\",\"url\":\"https:\\\/\\\/escolhelab.com.br\\\/wp-content\\\/uploads\\\/2024\\\/12\\\/icone-e-512-512escolhelab-com-br-2-800x800.png\",\"contentUrl\":\"https:\\\/\\\/escolhelab.com.br\\\/wp-content\\\/uploads\\\/2024\\\/12\\\/icone-e-512-512escolhelab-com-br-2-800x800.png\",\"width\":800,\"height\":800,\"caption\":\"loja escolhelab\"},\"image\":{\"@id\":\"https:\\\/\\\/escolhelab.com.br\\\/#\\\/schema\\\/logo\\\/image\\\/\"}}]}<\/script>\n<!-- \/ Yoast SEO Premium plugin. -->","yoast_head_json":{"title":"Lampada Halogena Hlx 12v 100w 64625","description":"Xen\u00f4nio em vez de cript\u00f4nio como g\u00e1s de enchimento (vers\u00f5es (XENOPHOT HLX)\u00a0Fluxo luminoso at\u00e9 10 % mais alto com o mesmo consumo de energia","robots":{"index":"index","follow":"follow","max-snippet":"max-snippet:-1","max-image-preview":"max-image-preview:large","max-video-preview":"max-video-preview:-1"},"canonical":"https:\/\/escolhelab.com.br\/en\/lampada-halogena-hlx-12v-100w-64625\/","og_locale":"en_US","og_type":"article","og_title":"Lampada Halogena Hlx 12v 100w 64625","og_description":"Xen\u00f4nio em vez de cript\u00f4nio como g\u00e1s de enchimento (vers\u00f5es (XENOPHOT HLX)\u00a0Fluxo luminoso at\u00e9 10 % mais alto com o mesmo consumo de energia","og_url":"https:\/\/escolhelab.com.br\/en\/lampada-halogena-hlx-12v-100w-64625\/","og_site_name":"Loja de produtos para laboratorio","article_modified_time":"2025-08-25T18:24:36+00:00","og_image":[{"width":700,"height":800,"url":"https:\/\/escolhelab.com.br\/wp-content\/uploads\/2024\/10\/Lampada-Halogena-Hlx-12v-100-w-64625-escolhelab-com-br.webp","type":"image\/webp"}],"twitter_card":"summary_large_image","twitter_misc":{"Est. reading time":"2 minutes"},"schema":{"@context":"https:\/\/schema.org","@graph":[{"@type":"WebPage","@id":"https:\/\/escolhelab.com.br\/lampada-halogena-hlx-12v-100w-64625\/","url":"https:\/\/escolhelab.com.br\/lampada-halogena-hlx-12v-100w-64625\/","name":"Lampada Halogena Hlx 12v 100w 64625","isPartOf":{"@id":"https:\/\/escolhelab.com.br\/#website"},"primaryImageOfPage":{"@id":"https:\/\/escolhelab.com.br\/lampada-halogena-hlx-12v-100w-64625\/#primaryimage"},"image":{"@id":"https:\/\/escolhelab.com.br\/lampada-halogena-hlx-12v-100w-64625\/#primaryimage"},"thumbnailUrl":"https:\/\/escolhelab.com.br\/wp-content\/uploads\/2024\/10\/Lampada-Halogena-Hlx-12v-100-w-64625-escolhelab-com-br.webp","datePublished":"2024-10-28T14:41:59+00:00","dateModified":"2025-08-25T18:24:36+00:00","description":"Xen\u00f4nio em vez de cript\u00f4nio como g\u00e1s de enchimento (vers\u00f5es (XENOPHOT HLX)\u00a0Fluxo luminoso at\u00e9 10 % mais alto com o mesmo consumo de energia","breadcrumb":{"@id":"https:\/\/escolhelab.com.br\/lampada-halogena-hlx-12v-100w-64625\/#breadcrumb"},"inLanguage":"en-US","potentialAction":[{"@type":"ReadAction","target":["https:\/\/escolhelab.com.br\/lampada-halogena-hlx-12v-100w-64625\/"]}]},{"@type":"ImageObject","inLanguage":"en-US","@id":"https:\/\/escolhelab.com.br\/lampada-halogena-hlx-12v-100w-64625\/#primaryimage","url":"https:\/\/escolhelab.com.br\/wp-content\/uploads\/2024\/10\/Lampada-Halogena-Hlx-12v-100-w-64625-escolhelab-com-br.webp","contentUrl":"https:\/\/escolhelab.com.br\/wp-content\/uploads\/2024\/10\/Lampada-Halogena-Hlx-12v-100-w-64625-escolhelab-com-br.webp","width":700,"height":800},{"@type":"BreadcrumbList","@id":"https:\/\/escolhelab.com.br\/lampada-halogena-hlx-12v-100w-64625\/#breadcrumb","itemListElement":[{"@type":"ListItem","position":1,"name":"In\u00edcio","item":"https:\/\/escolhelab.com.br\/"},{"@type":"ListItem","position":2,"name":"loja","item":"https:\/\/escolhelab.com.br\/loja\/"},{"@type":"ListItem","position":3,"name":"Lampada Halogena Hlx 12v 100w 64625"}]},{"@type":"WebSite","@id":"https:\/\/escolhelab.com.br\/#website","url":"https:\/\/escolhelab.com.br\/","name":"Loja de produtos para laboratorio","description":"Produtos para Laborat\u00f3rio,Artigos e outros na loja do quimico","publisher":{"@id":"https:\/\/escolhelab.com.br\/#organization"},"alternateName":"escolhelab","potentialAction":[{"@type":"SearchAction","target":{"@type":"EntryPoint","urlTemplate":"https:\/\/escolhelab.com.br\/?s={search_term_string}"},"query-input":{"@type":"PropertyValueSpecification","valueRequired":true,"valueName":"search_term_string"}}],"inLanguage":"en-US"},{"@type":"Organization","@id":"https:\/\/escolhelab.com.br\/#organization","name":"loja escolhelab","alternateName":"escolhelab","url":"https:\/\/escolhelab.com.br\/","logo":{"@type":"ImageObject","inLanguage":"en-US","@id":"https:\/\/escolhelab.com.br\/#\/schema\/logo\/image\/","url":"https:\/\/escolhelab.com.br\/wp-content\/uploads\/2024\/12\/icone-e-512-512escolhelab-com-br-2-800x800.png","contentUrl":"https:\/\/escolhelab.com.br\/wp-content\/uploads\/2024\/12\/icone-e-512-512escolhelab-com-br-2-800x800.png","width":800,"height":800,"caption":"loja escolhelab"},"image":{"@id":"https:\/\/escolhelab.com.br\/#\/schema\/logo\/image\/"}}]}},"tiered_pricing_type":"percentage","tiered_pricing_fixed_rules":[],"tiered_pricing_product_settings":{"layout":"default","base_unit_name":{"singular":null,"plural":null},"default_variation":null},"tiered_pricing_minimum_quantity":null,"tiered_pricing_roles_data":[],"tiered_pricing_percentage_rules":{"2":"3","4":"3","6":"5"},"tiered_pricing_maximum_quantity":null,"tiered_pricing_quantity_step":null,"_links":{"self":[{"href":"https:\/\/escolhelab.com.br\/en\/wp-json\/wp\/v2\/product\/33336","targetHints":{"allow":["GET"]}}],"collection":[{"href":"https:\/\/escolhelab.com.br\/en\/wp-json\/wp\/v2\/product"}],"about":[{"href":"https:\/\/escolhelab.com.br\/en\/wp-json\/wp\/v2\/types\/product"}],"replies":[{"embeddable":true,"href":"https:\/\/escolhelab.com.br\/en\/wp-json\/wp\/v2\/comments?post=33336"}],"version-history":[{"count":0,"href":"https:\/\/escolhelab.com.br\/en\/wp-json\/wp\/v2\/product\/33336\/revisions"}],"wp:featuredmedia":[{"embeddable":true,"href":"https:\/\/escolhelab.com.br\/en\/wp-json\/wp\/v2\/media\/33337"}],"wp:attachment":[{"href":"https:\/\/escolhelab.com.br\/en\/wp-json\/wp\/v2\/media?parent=33336"}],"wp:term":[{"taxonomy":"product_brand","embeddable":true,"href":"https:\/\/escolhelab.com.br\/en\/wp-json\/wp\/v2\/product_brand?post=33336"},{"taxonomy":"product_cat","embeddable":true,"href":"https:\/\/escolhelab.com.br\/en\/wp-json\/wp\/v2\/product_cat?post=33336"},{"taxonomy":"product_tag","embeddable":true,"href":"https:\/\/escolhelab.com.br\/en\/wp-json\/wp\/v2\/product_tag?post=33336"}],"curies":[{"name":"wp","href":"https:\/\/api.w.org\/{rel}","templated":true}]}}