{"id":33818,"date":"2024-11-16T17:48:56","date_gmt":"2024-11-16T20:48:56","guid":{"rendered":"https:\/\/escolhelab.com.br\/?post_type=product&#038;p=33818"},"modified":"2025-08-29T17:04:27","modified_gmt":"2025-08-29T20:04:27","slug":"plataforma-elevatoria-tipo-jack-em-aluminio","status":"publish","type":"product","link":"https:\/\/escolhelab.com.br\/en\/plataforma-elevatoria-tipo-jack-em-aluminio\/","title":{"rendered":"Plataforma Elevat\u00f3ria Tipo Jack em Alum\u00ednio"},"content":{"rendered":"<h2><span style=\"font-size: 14pt;\"><strong>Plataforma Elevat\u00f3ria Tipo Jack em Alum\u00ednio 20x20cm<\/strong><\/span><\/h2>\n<p class=\"product_title entry-title wd-entities-title\" style=\"text-align: justify;\"><span style=\"font-family: helvetica, arial, sans-serif; font-size: 14pt;\">Plataforma Elevat\u00f3ria Tipo Jack em Alum\u00ednio para uso em laborat\u00f3rios facilitando a rotina de eleva\u00e7\u00e3o de equipamentos ou vidrarias. Eixo central de comandos em lat\u00e3o, man\u00edpulo em pl\u00e1stico resistente. Plataforma e base fabricadas em chapa de a\u00e7o inox ou em alum\u00ednio refor\u00e7ada, revestido em ep\u00f3xi eletrost\u00e1tico, consulte os modelos.<\/span><\/p>\n<p><span style=\"font-size: 14pt;\">Envie um email para vendas@escolhelab.com.br<\/span><\/p>\n<p><span style=\"font-size: 14pt;\"><a href=\"https:\/\/escolhelab.com.br\/en\/\">escolhelab.com.br<\/a><\/span><\/p>","protected":false},"excerpt":{"rendered":"<p><span style=\"font-family: helvetica, arial, sans-serif;\">Plataforma Elevat\u00f3ria Tipo Jack em Alum\u00ednio para uso em laborat\u00f3rios facilitando a rotina de eleva\u00e7\u00e3o de equipamentos ou vidrarias.<\/span><\/p>\n<p>Dispon\u00edvel em Tamanho:<br \/>\n15x15cm<br \/>\n20x20cm<\/p>","protected":false},"featured_media":33821,"comment_status":"open","ping_status":"closed","template":"","meta":{"_acf_changed":false,"iawp_total_views":31},"product_brand":[],"product_cat":[733,606],"product_tag":[],"class_list":{"0":"post-33818","1":"product","2":"type-product","3":"status-publish","4":"has-post-thumbnail","6":"product_cat-equipamento-laboratorio","7":"product_cat-quimico","8":"product_shipping_class-produtos-laboratorio-quimico","10":"first","11":"instock","12":"shipping-taxable","13":"purchasable","14":"product-type-variable"},"acf":[],"yoast_head":"<!-- This site is optimized with the Yoast SEO Premium plugin v26.2 (Yoast SEO v27.3) - https:\/\/yoast.com\/product\/yoast-seo-premium-wordpress\/ -->\n<title>Plataforma Elevat\u00f3ria Tipo Jack em Alum\u00ednio<\/title>\n<meta name=\"description\" content=\"Plataforma Elevat\u00f3ria Tipo Jack em Alum\u00ednio para uso em laborat\u00f3rios facilitando a rotina de eleva\u00e7\u00e3o de equipamentos ou vidrarias.\" \/>\n<meta name=\"robots\" content=\"index, follow, max-snippet:-1, max-image-preview:large, max-video-preview:-1\" \/>\n<link rel=\"canonical\" href=\"https:\/\/escolhelab.com.br\/en\/plataforma-elevatoria-tipo-jack-em-aluminio\/\" \/>\n<meta property=\"og:locale\" content=\"en_US\" \/>\n<meta property=\"og:type\" content=\"article\" \/>\n<meta property=\"og:title\" content=\"Plataforma Elevat\u00f3ria Tipo Jack em Alum\u00ednio\" \/>\n<meta property=\"og:description\" content=\"Plataforma Elevat\u00f3ria Tipo Jack em Alum\u00ednio para uso em laborat\u00f3rios facilitando a rotina de eleva\u00e7\u00e3o de equipamentos ou vidrarias.\" \/>\n<meta property=\"og:url\" content=\"https:\/\/escolhelab.com.br\/en\/plataforma-elevatoria-tipo-jack-em-aluminio\/\" \/>\n<meta property=\"og:site_name\" content=\"Loja de produtos para laboratorio\" \/>\n<meta property=\"article:modified_time\" content=\"2025-08-29T20:04:27+00:00\" \/>\n<meta property=\"og:image\" content=\"https:\/\/escolhelab.com.br\/wp-content\/uploads\/2024\/11\/Plataforma-Elevatoria-Tipo-Jack-escolhelab-com-br.webp\" \/>\n\t<meta property=\"og:image:width\" content=\"700\" \/>\n\t<meta property=\"og:image:height\" content=\"800\" \/>\n\t<meta property=\"og:image:type\" content=\"image\/webp\" \/>\n<meta name=\"twitter:card\" content=\"summary_large_image\" \/>\n<meta name=\"twitter:label1\" content=\"Est. reading time\" \/>\n\t<meta name=\"twitter:data1\" content=\"1 minute\" \/>\n<script type=\"application\/ld+json\" class=\"yoast-schema-graph\">{\"@context\":\"https:\\\/\\\/schema.org\",\"@graph\":[{\"@type\":\"WebPage\",\"@id\":\"https:\\\/\\\/escolhelab.com.br\\\/plataforma-elevatoria-tipo-jack-em-aluminio\\\/\",\"url\":\"https:\\\/\\\/escolhelab.com.br\\\/plataforma-elevatoria-tipo-jack-em-aluminio\\\/\",\"name\":\"Plataforma Elevat\u00f3ria Tipo Jack em Alum\u00ednio\",\"isPartOf\":{\"@id\":\"https:\\\/\\\/escolhelab.com.br\\\/#website\"},\"primaryImageOfPage\":{\"@id\":\"https:\\\/\\\/escolhelab.com.br\\\/plataforma-elevatoria-tipo-jack-em-aluminio\\\/#primaryimage\"},\"image\":{\"@id\":\"https:\\\/\\\/escolhelab.com.br\\\/plataforma-elevatoria-tipo-jack-em-aluminio\\\/#primaryimage\"},\"thumbnailUrl\":\"https:\\\/\\\/escolhelab.com.br\\\/wp-content\\\/uploads\\\/2024\\\/11\\\/Plataforma-Elevatoria-Tipo-Jack-escolhelab-com-br.webp\",\"datePublished\":\"2024-11-16T20:48:56+00:00\",\"dateModified\":\"2025-08-29T20:04:27+00:00\",\"description\":\"Plataforma Elevat\u00f3ria Tipo Jack em Alum\u00ednio para uso em laborat\u00f3rios facilitando a rotina de eleva\u00e7\u00e3o de equipamentos ou vidrarias.\",\"breadcrumb\":{\"@id\":\"https:\\\/\\\/escolhelab.com.br\\\/plataforma-elevatoria-tipo-jack-em-aluminio\\\/#breadcrumb\"},\"inLanguage\":\"en-US\",\"potentialAction\":[{\"@type\":\"ReadAction\",\"target\":[\"https:\\\/\\\/escolhelab.com.br\\\/plataforma-elevatoria-tipo-jack-em-aluminio\\\/\"]}]},{\"@type\":\"ImageObject\",\"inLanguage\":\"en-US\",\"@id\":\"https:\\\/\\\/escolhelab.com.br\\\/plataforma-elevatoria-tipo-jack-em-aluminio\\\/#primaryimage\",\"url\":\"https:\\\/\\\/escolhelab.com.br\\\/wp-content\\\/uploads\\\/2024\\\/11\\\/Plataforma-Elevatoria-Tipo-Jack-escolhelab-com-br.webp\",\"contentUrl\":\"https:\\\/\\\/escolhelab.com.br\\\/wp-content\\\/uploads\\\/2024\\\/11\\\/Plataforma-Elevatoria-Tipo-Jack-escolhelab-com-br.webp\",\"width\":700,\"height\":800},{\"@type\":\"BreadcrumbList\",\"@id\":\"https:\\\/\\\/escolhelab.com.br\\\/plataforma-elevatoria-tipo-jack-em-aluminio\\\/#breadcrumb\",\"itemListElement\":[{\"@type\":\"ListItem\",\"position\":1,\"name\":\"In\u00edcio\",\"item\":\"https:\\\/\\\/escolhelab.com.br\\\/\"},{\"@type\":\"ListItem\",\"position\":2,\"name\":\"loja\",\"item\":\"https:\\\/\\\/escolhelab.com.br\\\/loja\\\/\"},{\"@type\":\"ListItem\",\"position\":3,\"name\":\"Plataforma Elevat\u00f3ria Tipo Jack em Alum\u00ednio\"}]},{\"@type\":\"WebSite\",\"@id\":\"https:\\\/\\\/escolhelab.com.br\\\/#website\",\"url\":\"https:\\\/\\\/escolhelab.com.br\\\/\",\"name\":\"Loja de produtos para laboratorio\",\"description\":\"Produtos para Laborat\u00f3rio,Artigos e outros na loja do quimico\",\"publisher\":{\"@id\":\"https:\\\/\\\/escolhelab.com.br\\\/#organization\"},\"alternateName\":\"escolhelab\",\"potentialAction\":[{\"@type\":\"SearchAction\",\"target\":{\"@type\":\"EntryPoint\",\"urlTemplate\":\"https:\\\/\\\/escolhelab.com.br\\\/?s={search_term_string}\"},\"query-input\":{\"@type\":\"PropertyValueSpecification\",\"valueRequired\":true,\"valueName\":\"search_term_string\"}}],\"inLanguage\":\"en-US\"},{\"@type\":\"Organization\",\"@id\":\"https:\\\/\\\/escolhelab.com.br\\\/#organization\",\"name\":\"loja escolhelab\",\"alternateName\":\"escolhelab\",\"url\":\"https:\\\/\\\/escolhelab.com.br\\\/\",\"logo\":{\"@type\":\"ImageObject\",\"inLanguage\":\"en-US\",\"@id\":\"https:\\\/\\\/escolhelab.com.br\\\/#\\\/schema\\\/logo\\\/image\\\/\",\"url\":\"https:\\\/\\\/escolhelab.com.br\\\/wp-content\\\/uploads\\\/2024\\\/12\\\/icone-e-512-512escolhelab-com-br-2-800x800.png\",\"contentUrl\":\"https:\\\/\\\/escolhelab.com.br\\\/wp-content\\\/uploads\\\/2024\\\/12\\\/icone-e-512-512escolhelab-com-br-2-800x800.png\",\"width\":800,\"height\":800,\"caption\":\"loja escolhelab\"},\"image\":{\"@id\":\"https:\\\/\\\/escolhelab.com.br\\\/#\\\/schema\\\/logo\\\/image\\\/\"}}]}<\/script>\n<!-- \/ Yoast SEO Premium plugin. -->","yoast_head_json":{"title":"Plataforma Elevat\u00f3ria Tipo Jack em Alum\u00ednio","description":"Plataforma Elevat\u00f3ria Tipo Jack em Alum\u00ednio para uso em laborat\u00f3rios facilitando a rotina de eleva\u00e7\u00e3o de equipamentos ou vidrarias.","robots":{"index":"index","follow":"follow","max-snippet":"max-snippet:-1","max-image-preview":"max-image-preview:large","max-video-preview":"max-video-preview:-1"},"canonical":"https:\/\/escolhelab.com.br\/en\/plataforma-elevatoria-tipo-jack-em-aluminio\/","og_locale":"en_US","og_type":"article","og_title":"Plataforma Elevat\u00f3ria Tipo Jack em Alum\u00ednio","og_description":"Plataforma Elevat\u00f3ria Tipo Jack em Alum\u00ednio para uso em laborat\u00f3rios facilitando a rotina de eleva\u00e7\u00e3o de equipamentos ou vidrarias.","og_url":"https:\/\/escolhelab.com.br\/en\/plataforma-elevatoria-tipo-jack-em-aluminio\/","og_site_name":"Loja de produtos para laboratorio","article_modified_time":"2025-08-29T20:04:27+00:00","og_image":[{"width":700,"height":800,"url":"https:\/\/escolhelab.com.br\/wp-content\/uploads\/2024\/11\/Plataforma-Elevatoria-Tipo-Jack-escolhelab-com-br.webp","type":"image\/webp"}],"twitter_card":"summary_large_image","twitter_misc":{"Est. reading time":"1 minute"},"schema":{"@context":"https:\/\/schema.org","@graph":[{"@type":"WebPage","@id":"https:\/\/escolhelab.com.br\/plataforma-elevatoria-tipo-jack-em-aluminio\/","url":"https:\/\/escolhelab.com.br\/plataforma-elevatoria-tipo-jack-em-aluminio\/","name":"Plataforma Elevat\u00f3ria Tipo Jack em Alum\u00ednio","isPartOf":{"@id":"https:\/\/escolhelab.com.br\/#website"},"primaryImageOfPage":{"@id":"https:\/\/escolhelab.com.br\/plataforma-elevatoria-tipo-jack-em-aluminio\/#primaryimage"},"image":{"@id":"https:\/\/escolhelab.com.br\/plataforma-elevatoria-tipo-jack-em-aluminio\/#primaryimage"},"thumbnailUrl":"https:\/\/escolhelab.com.br\/wp-content\/uploads\/2024\/11\/Plataforma-Elevatoria-Tipo-Jack-escolhelab-com-br.webp","datePublished":"2024-11-16T20:48:56+00:00","dateModified":"2025-08-29T20:04:27+00:00","description":"Plataforma Elevat\u00f3ria Tipo Jack em Alum\u00ednio para uso em laborat\u00f3rios facilitando a rotina de eleva\u00e7\u00e3o de equipamentos ou vidrarias.","breadcrumb":{"@id":"https:\/\/escolhelab.com.br\/plataforma-elevatoria-tipo-jack-em-aluminio\/#breadcrumb"},"inLanguage":"en-US","potentialAction":[{"@type":"ReadAction","target":["https:\/\/escolhelab.com.br\/plataforma-elevatoria-tipo-jack-em-aluminio\/"]}]},{"@type":"ImageObject","inLanguage":"en-US","@id":"https:\/\/escolhelab.com.br\/plataforma-elevatoria-tipo-jack-em-aluminio\/#primaryimage","url":"https:\/\/escolhelab.com.br\/wp-content\/uploads\/2024\/11\/Plataforma-Elevatoria-Tipo-Jack-escolhelab-com-br.webp","contentUrl":"https:\/\/escolhelab.com.br\/wp-content\/uploads\/2024\/11\/Plataforma-Elevatoria-Tipo-Jack-escolhelab-com-br.webp","width":700,"height":800},{"@type":"BreadcrumbList","@id":"https:\/\/escolhelab.com.br\/plataforma-elevatoria-tipo-jack-em-aluminio\/#breadcrumb","itemListElement":[{"@type":"ListItem","position":1,"name":"In\u00edcio","item":"https:\/\/escolhelab.com.br\/"},{"@type":"ListItem","position":2,"name":"loja","item":"https:\/\/escolhelab.com.br\/loja\/"},{"@type":"ListItem","position":3,"name":"Plataforma Elevat\u00f3ria Tipo Jack em Alum\u00ednio"}]},{"@type":"WebSite","@id":"https:\/\/escolhelab.com.br\/#website","url":"https:\/\/escolhelab.com.br\/","name":"Loja de produtos para laboratorio","description":"Produtos para Laborat\u00f3rio,Artigos e outros na loja do quimico","publisher":{"@id":"https:\/\/escolhelab.com.br\/#organization"},"alternateName":"escolhelab","potentialAction":[{"@type":"SearchAction","target":{"@type":"EntryPoint","urlTemplate":"https:\/\/escolhelab.com.br\/?s={search_term_string}"},"query-input":{"@type":"PropertyValueSpecification","valueRequired":true,"valueName":"search_term_string"}}],"inLanguage":"en-US"},{"@type":"Organization","@id":"https:\/\/escolhelab.com.br\/#organization","name":"loja escolhelab","alternateName":"escolhelab","url":"https:\/\/escolhelab.com.br\/","logo":{"@type":"ImageObject","inLanguage":"en-US","@id":"https:\/\/escolhelab.com.br\/#\/schema\/logo\/image\/","url":"https:\/\/escolhelab.com.br\/wp-content\/uploads\/2024\/12\/icone-e-512-512escolhelab-com-br-2-800x800.png","contentUrl":"https:\/\/escolhelab.com.br\/wp-content\/uploads\/2024\/12\/icone-e-512-512escolhelab-com-br-2-800x800.png","width":800,"height":800,"caption":"loja escolhelab"},"image":{"@id":"https:\/\/escolhelab.com.br\/#\/schema\/logo\/image\/"}}]}},"tiered_pricing_type":"fixed","tiered_pricing_fixed_rules":[],"tiered_pricing_product_settings":{"layout":"default","base_unit_name":{"singular":null,"plural":null},"default_variation":null},"tiered_pricing_minimum_quantity":null,"tiered_pricing_roles_data":[],"tiered_pricing_percentage_rules":[],"tiered_pricing_maximum_quantity":null,"tiered_pricing_quantity_step":null,"_links":{"self":[{"href":"https:\/\/escolhelab.com.br\/en\/wp-json\/wp\/v2\/product\/33818","targetHints":{"allow":["GET"]}}],"collection":[{"href":"https:\/\/escolhelab.com.br\/en\/wp-json\/wp\/v2\/product"}],"about":[{"href":"https:\/\/escolhelab.com.br\/en\/wp-json\/wp\/v2\/types\/product"}],"replies":[{"embeddable":true,"href":"https:\/\/escolhelab.com.br\/en\/wp-json\/wp\/v2\/comments?post=33818"}],"version-history":[{"count":0,"href":"https:\/\/escolhelab.com.br\/en\/wp-json\/wp\/v2\/product\/33818\/revisions"}],"wp:featuredmedia":[{"embeddable":true,"href":"https:\/\/escolhelab.com.br\/en\/wp-json\/wp\/v2\/media\/33821"}],"wp:attachment":[{"href":"https:\/\/escolhelab.com.br\/en\/wp-json\/wp\/v2\/media?parent=33818"}],"wp:term":[{"taxonomy":"product_brand","embeddable":true,"href":"https:\/\/escolhelab.com.br\/en\/wp-json\/wp\/v2\/product_brand?post=33818"},{"taxonomy":"product_cat","embeddable":true,"href":"https:\/\/escolhelab.com.br\/en\/wp-json\/wp\/v2\/product_cat?post=33818"},{"taxonomy":"product_tag","embeddable":true,"href":"https:\/\/escolhelab.com.br\/en\/wp-json\/wp\/v2\/product_tag?post=33818"}],"curies":[{"name":"wp","href":"https:\/\/api.w.org\/{rel}","templated":true}]}}