{"id":33837,"date":"2024-11-18T10:42:03","date_gmt":"2024-11-18T13:42:03","guid":{"rendered":"https:\/\/escolhelab.com.br\/?post_type=product&#038;p=33837"},"modified":"2025-08-25T16:07:47","modified_gmt":"2025-08-25T19:07:47","slug":"papel-filtro-qualitativo-7250g-diam-85cm-com-furo-75mm","status":"publish","type":"product","link":"https:\/\/escolhelab.com.br\/en\/papel-filtro-qualitativo-7250g-diam-85cm-com-furo-75mm\/","title":{"rendered":"Papel Filtro Qualitativo 250g Diam 85cm Com furo 75mm"},"content":{"rendered":"<h2>Papel Filtro Qualitativo 250g Diam 85cm Com furo 75mm<\/h2>\n<p><span style=\"font-family: helvetica, arial, sans-serif;\">Papel filtro qualitativo 250g diam 85cm Com furo 75mm\u00a0 \u00e9 elaborado a partir de fibras vegetais, tratadas por processo semi-qu\u00edmico (fibras curtas), isento de asbestos, brometos, iodetos e sais de merc\u00fario. Perfil de gramatura uniforme com micro distribui\u00e7\u00e3o de fibras, permite ao uma filtra\u00e7\u00e3o homog\u00eanea.<\/span><\/p>\n<p><span style=\"font-family: helvetica, arial, sans-serif;\">Aplica\u00e7\u00e3o do Papel 250 gramas:<\/span><\/p>\n<p><span style=\"font-family: helvetica, arial, sans-serif;\">O\u00a0 <strong>Papel 250 gramas<\/strong>\u00a0\u00e9 muito utilizado em combust\u00edveis, lubrificantes, querosene, banhos de foto-revela\u00e7\u00e3o, galvanoplastia, detergentes e \u00f3leo de transformadores.<\/span><\/p>\n<p><span style=\"font-family: helvetica, arial, sans-serif;\">Ind\u00fastria farmac\u00eautica e cosm\u00e9tica desde ess\u00eancias, produtos viscosos, \u00e1lcool, perfumes, etc. Laborat\u00f3rios qu\u00edmicos e f\u00edsicos, entre outros setores que necessitam de filtro e<strong>m papel<br \/>\n<\/strong><\/span><\/p>\n<p><span style=\"font-family: helvetica, arial, sans-serif;\">Lembrando que o\u00a0<strong>Papel 250 gramas<\/strong> pode ser solicita em tamanhos e formatos variados segue a especifica\u00e7\u00e3o abaixo:<\/span><\/p>\n<table style=\"width: 94.5231%; height: 556px;\" width=\"700\">\n<tbody>\n<tr>\n<td style=\"width: 52.4152%; text-align: center;\" width=\"201\"><span style=\"font-family: helvetica, arial, sans-serif;\"><strong>Descri\u00e7\u00e3o\u00a0<\/strong><\/span><\/td>\n<td style=\"width: 1.40845%; text-align: center;\" width=\"236\"><span style=\"font-family: helvetica, arial, sans-serif;\"><strong>Especifica\u00e7\u00e3o<\/strong><\/span><\/td>\n<td style=\"width: 64.7451%; text-align: left;\" width=\"263\"><span style=\"font-family: helvetica, arial, sans-serif;\"><strong>\u00a0 \u00a0 Resultado<\/strong><\/span><\/td>\n<\/tr>\n<tr>\n<td style=\"width: 52.4152%; text-align: center;\" width=\"201\"><span style=\"font-family: helvetica, arial, sans-serif;\"><strong>Gramatura \u00a0\u00a0\u00a0g\/m2\u00a0\u00a0 \u00a0\u00a0\u00a0\u00a0<\/strong><strong>(valor m\u00e9dio)<\/strong><\/span><\/td>\n<td style=\"width: 1.40845%; text-align: center;\" width=\"236\"><span style=\"font-family: helvetica, arial, sans-serif;\"><strong>225 a 255<\/strong><\/span><\/td>\n<td style=\"width: 64.7451%; text-align: left;\" width=\"263\"><span style=\"font-family: helvetica, arial, sans-serif;\"><strong>\u00a0 \u00a0 230-245\u00a0\u00a0\u00a0\u00a0\u00a0\u00a0 \u00a0\u00a0\u00a0 <\/strong><strong>(valor m\u00e9dio)<\/strong><\/span><\/td>\n<\/tr>\n<tr>\n<td style=\"width: 52.4152%; text-align: center;\" width=\"201\"><span style=\"font-family: helvetica, arial, sans-serif;\"><strong>Espessura\u00a0\u00a0 \u00a0m\/m\u00a0\u00a0\u00a0\u00a0 \u00a0\u00a0\u00a0<\/strong><strong>(valor m\u00e9dio)<\/strong><\/span><\/td>\n<td style=\"width: 1.40845%; text-align: center;\" width=\"236\"><span style=\"font-family: helvetica, arial, sans-serif;\"><strong>0,40 a 0,55<\/strong><\/span><\/td>\n<td style=\"width: 64.7451%; text-align: left;\" width=\"263\"><span style=\"font-family: helvetica, arial, sans-serif;\"><strong>\u00a0 \u00a00,40- 0,50\u00a0\u00a0\u00a0\u00a0\u00a0\u00a0\u00a0 <\/strong><strong>(valor m\u00e9dio)<\/strong><\/span><\/td>\n<\/tr>\n<tr>\n<td style=\"width: 52.4152%; text-align: center;\" width=\"201\"><span style=\"font-family: helvetica, arial, sans-serif;\"><strong>Porosidade\u00a0 \u00a0\u00a0Seg.<\/strong><\/span><\/td>\n<td style=\"width: 1.40845%; text-align: center;\" width=\"236\"><span style=\"font-family: helvetica, arial, sans-serif;\"><strong>7,0<\/strong><\/span><\/td>\n<td style=\"width: 64.7451%; text-align: left;\" width=\"263\"><span style=\"font-family: helvetica, arial, sans-serif;\"><strong>\u00a0 \u00a0 \u00a0Conforme<\/strong><\/span><\/td>\n<\/tr>\n<tr>\n<td style=\"width: 52.4152%; text-align: center;\" width=\"201\"><span style=\"font-family: helvetica, arial, sans-serif;\"><strong>Capilaridade\u00a0 Min\/cm<\/strong><\/span><\/td>\n<td style=\"width: 1.40845%; text-align: center;\" width=\"236\"><span style=\"font-family: helvetica, arial, sans-serif;\"><strong>10<\/strong><\/span><\/td>\n<td style=\"width: 64.7451%; text-align: left;\" width=\"263\"><span style=\"font-family: helvetica, arial, sans-serif;\"><strong>\u00a0 \u00a0 \u00a0Conforme<\/strong><\/span><\/td>\n<\/tr>\n<tr>\n<td style=\"width: 52.4152%; text-align: center;\" width=\"201\"><span style=\"font-family: helvetica, arial, sans-serif;\"><strong>Reten\u00e7\u00e3o\u00a0 \u00baSr<\/strong><\/span><\/td>\n<td style=\"width: 1.40845%; text-align: center;\" width=\"236\"><span style=\"font-family: helvetica, arial, sans-serif;\"><strong>12<\/strong><\/span><\/td>\n<td style=\"width: 64.7451%; text-align: left;\" width=\"263\"><span style=\"font-family: helvetica, arial, sans-serif;\"><strong>\u00a0 \u00a0 \u00a0Conforme<\/strong><\/span><\/td>\n<\/tr>\n<tr>\n<td style=\"width: 52.4152%; text-align: center;\" width=\"201\"><span style=\"font-family: helvetica, arial, sans-serif;\"><strong>Cinzas\u00a0\u00a0 %<\/strong><\/span><\/td>\n<td style=\"width: 1.40845%; text-align: center;\" width=\"236\"><span style=\"font-family: helvetica, arial, sans-serif;\"><strong>0,30<\/strong><\/span><\/td>\n<td style=\"width: 64.7451%; text-align: left;\" width=\"263\"><span style=\"font-family: helvetica, arial, sans-serif;\"><strong>\u00a0 \u00a0 \u00a0Conforme<\/strong><\/span><\/td>\n<\/tr>\n<tr>\n<td style=\"width: 52.4152%; text-align: center;\" width=\"201\"><span style=\"font-family: helvetica, arial, sans-serif;\"><strong>Grade Brancura\u00a0 Grau GE<\/strong><\/span><\/td>\n<td style=\"width: 1.40845%; text-align: center;\" width=\"236\"><span style=\"font-family: helvetica, arial, sans-serif;\"><strong>85\u00ba<\/strong><\/span><\/td>\n<td style=\"width: 64.7451%; text-align: left;\" width=\"263\"><span style=\"font-family: helvetica, arial, sans-serif;\"><strong>\u00a0 \u00a0 \u00a0Conforme<\/strong><\/span><\/td>\n<\/tr>\n<tr>\n<td style=\"width: 52.4152%; text-align: center;\" width=\"201\"><span style=\"font-family: helvetica, arial, sans-serif;\"><strong>Umidade\u00a0\u00a0 %<\/strong><\/span><\/td>\n<td style=\"width: 1.40845%; text-align: center;\" width=\"236\"><span style=\"font-family: helvetica, arial, sans-serif;\"><strong>2,2 -4,2<\/strong><\/span><\/td>\n<td style=\"width: 64.7451%; text-align: left;\" width=\"263\"><span style=\"font-family: helvetica, arial, sans-serif;\"><strong>\u00a0 \u00a0 \u00a0Conforme<\/strong><\/span><\/td>\n<\/tr>\n<tr>\n<td style=\"width: 52.4152%; text-align: center;\" width=\"201\"><span style=\"font-family: helvetica, arial, sans-serif;\"><strong>Estouro \u00damido Kg\/cm2<\/strong><\/span><\/td>\n<td style=\"width: 1.40845%; text-align: center;\" width=\"236\"><span style=\"font-family: helvetica, arial, sans-serif;\"><strong>3,3<\/strong><\/span><\/td>\n<td style=\"width: 64.7451%; text-align: left;\" width=\"263\"><span style=\"font-family: helvetica, arial, sans-serif;\"><strong>\u00a0 \u00a0 \u00a0Conforme<\/strong><\/span><\/td>\n<\/tr>\n<tr>\n<td style=\"width: 52.4152%; text-align: center;\" width=\"201\"><span style=\"font-family: helvetica, arial, sans-serif;\"><strong>Estouro\u00a0\u00a0\u00a0\u00a0\u00a0\u00a0\u00a0\u00a0\u00a0\u00a0\u00a0 \u00a0Kg\/cm2<\/strong><\/span><\/td>\n<td style=\"width: 1.40845%; text-align: center;\" width=\"236\"><span style=\"font-family: helvetica, arial, sans-serif;\"><strong>1,59<\/strong><\/span><\/td>\n<td style=\"width: 64.7451%; text-align: left;\" width=\"263\"><span style=\"font-family: helvetica, arial, sans-serif;\"><strong>\u00a0 \u00a0 \u00a0Conforme<\/strong><\/span><\/td>\n<\/tr>\n<tr>\n<td style=\"width: 52.4152%; text-align: center;\" width=\"201\"><span style=\"font-family: helvetica, arial, sans-serif;\"><strong>Reten\u00e7\u00e3o de S\u00f3lidos Micra<\/strong><\/span><\/td>\n<td style=\"width: 1.40845%; text-align: center;\" width=\"236\"><span style=\"font-family: helvetica, arial, sans-serif;\"><strong>1,0<\/strong><\/span><\/td>\n<td style=\"width: 64.7451%; text-align: left;\" width=\"263\"><span style=\"font-family: helvetica, arial, sans-serif;\"><strong>\u00a0 \u00a0 \u00a0Conforme<\/strong><\/span><\/td>\n<\/tr>\n<\/tbody>\n<\/table>\n<p>&nbsp;<\/p>\n<p>&nbsp;<\/p>\n<p><span style=\"font-family: helvetica, arial, sans-serif;\"><strong>Outras\u00a0 medidas consulte nos\u00a0 atrav\u00e9s email: vendas@escolhelab.com.nr<br \/>\n<a href=\"https:\/\/escolhelab.com.br\/en\/\">escolhelab.com.br<\/a><\/strong><\/span><\/p>\n<p>&nbsp;<\/p>","protected":false},"excerpt":{"rendered":"<p><span style=\"font-family: helvetica, arial, sans-serif;\">O Filtro\u00a0Papel 250 gramas foi elaborado a partir de fibras vegetais, tratado por processo semi-qu\u00edmico (fibra curta), de gramatura uniforme com micro distribui\u00e7\u00e3o de fibras,<\/span><br \/>\n<span style=\"font-family: helvetica, arial, sans-serif;\">permitindo filtra\u00e7\u00e3o homog\u00eanea.<br \/>\n<\/span><span style=\"font-family: helvetica, arial, sans-serif;\"><span style=\"color: #000000;\">Aplica\u00e7\u00e3o :<\/span><\/span><br \/>\n<span style=\"color: #000000; font-family: helvetica, arial, sans-serif;\">Ind\u00fastria farmac\u00eautica e cosm\u00e9tica e de ess\u00eancias,<\/span><br \/>\n<span style=\"color: #000000; font-family: helvetica, arial, sans-serif;\">Produtos viscosos, \u00e1lcool, perfumes, etc.<\/span><br \/>\n<span style=\"color: #000000; font-family: helvetica, arial, sans-serif;\">Laborat\u00f3rios Qu\u00edmicos e F\u00edsicos e Farmac\u00eauticos<br \/>\nInd\u00fastrias em geral\u00a0 que necessitam de filtra\u00e7\u00e3o<br \/>\n<\/span><\/p>","protected":false},"featured_media":33838,"comment_status":"closed","ping_status":"closed","template":"","meta":{"_acf_changed":false,"iawp_total_views":15},"product_brand":[],"product_cat":[728,606],"product_tag":[],"class_list":{"0":"post-33837","1":"product","2":"type-product","3":"status-publish","4":"has-post-thumbnail","6":"product_cat-filitos-e-biotecnologia","7":"product_cat-quimico","8":"product_shipping_class-produtos-laboratorio-quimico","10":"first","11":"instock","12":"shipping-taxable","13":"purchasable","14":"product-type-simple"},"acf":[],"yoast_head":"<!-- This site is optimized with the Yoast SEO Premium plugin v26.2 (Yoast SEO v27.3) - https:\/\/yoast.com\/product\/yoast-seo-premium-wordpress\/ -->\n<title>Papel Filtro Qualitativo 250g Diam 85cm Com furo 75mm<\/title>\n<meta name=\"description\" content=\"O Filtro\u00a0Papel 250 gramas foi elaborado a partir de fibras vegetais, tratado por processo semi-qu\u00edmico (fibra curta), de gramatura uniforme com micro.\" \/>\n<meta name=\"robots\" content=\"index, follow, max-snippet:-1, max-image-preview:large, max-video-preview:-1\" \/>\n<link rel=\"canonical\" href=\"https:\/\/escolhelab.com.br\/en\/papel-filtro-qualitativo-7250g-diam-85cm-com-furo-75mm\/\" \/>\n<meta property=\"og:locale\" content=\"en_US\" \/>\n<meta property=\"og:type\" content=\"article\" \/>\n<meta property=\"og:title\" content=\"Papel Filtro Qualitativo 250g Diam 85cm Com furo 75mm\" \/>\n<meta property=\"og:description\" content=\"O Filtro\u00a0Papel 250 gramas foi elaborado a partir de fibras vegetais, tratado por processo semi-qu\u00edmico (fibra curta), de gramatura uniforme com micro.\" \/>\n<meta property=\"og:url\" content=\"https:\/\/escolhelab.com.br\/en\/papel-filtro-qualitativo-7250g-diam-85cm-com-furo-75mm\/\" \/>\n<meta property=\"og:site_name\" content=\"Loja de produtos para laboratorio\" \/>\n<meta property=\"article:modified_time\" content=\"2025-08-25T19:07:47+00:00\" \/>\n<meta property=\"og:image\" content=\"https:\/\/escolhelab.com.br\/wp-content\/uploads\/2024\/11\/papel-filtro-qualitativo-250g-dia-85cm-com-furo-75mm-escolhelab-com-br.webp\" \/>\n\t<meta property=\"og:image:width\" content=\"700\" \/>\n\t<meta property=\"og:image:height\" content=\"800\" \/>\n\t<meta property=\"og:image:type\" content=\"image\/webp\" \/>\n<meta name=\"twitter:card\" content=\"summary_large_image\" \/>\n<meta name=\"twitter:label1\" content=\"Est. reading time\" \/>\n\t<meta name=\"twitter:data1\" content=\"2 minutes\" \/>\n<script type=\"application\/ld+json\" class=\"yoast-schema-graph\">{\"@context\":\"https:\\\/\\\/schema.org\",\"@graph\":[{\"@type\":\"WebPage\",\"@id\":\"https:\\\/\\\/escolhelab.com.br\\\/papel-filtro-qualitativo-7250g-diam-85cm-com-furo-75mm\\\/\",\"url\":\"https:\\\/\\\/escolhelab.com.br\\\/papel-filtro-qualitativo-7250g-diam-85cm-com-furo-75mm\\\/\",\"name\":\"Papel Filtro Qualitativo 250g Diam 85cm Com furo 75mm\",\"isPartOf\":{\"@id\":\"https:\\\/\\\/escolhelab.com.br\\\/#website\"},\"primaryImageOfPage\":{\"@id\":\"https:\\\/\\\/escolhelab.com.br\\\/papel-filtro-qualitativo-7250g-diam-85cm-com-furo-75mm\\\/#primaryimage\"},\"image\":{\"@id\":\"https:\\\/\\\/escolhelab.com.br\\\/papel-filtro-qualitativo-7250g-diam-85cm-com-furo-75mm\\\/#primaryimage\"},\"thumbnailUrl\":\"https:\\\/\\\/escolhelab.com.br\\\/wp-content\\\/uploads\\\/2024\\\/11\\\/papel-filtro-qualitativo-250g-dia-85cm-com-furo-75mm-escolhelab-com-br.webp\",\"datePublished\":\"2024-11-18T13:42:03+00:00\",\"dateModified\":\"2025-08-25T19:07:47+00:00\",\"description\":\"O Filtro\u00a0Papel 250 gramas foi elaborado a partir de fibras vegetais, tratado por processo semi-qu\u00edmico (fibra curta), de gramatura uniforme com micro.\",\"breadcrumb\":{\"@id\":\"https:\\\/\\\/escolhelab.com.br\\\/papel-filtro-qualitativo-7250g-diam-85cm-com-furo-75mm\\\/#breadcrumb\"},\"inLanguage\":\"en-US\",\"potentialAction\":[{\"@type\":\"ReadAction\",\"target\":[\"https:\\\/\\\/escolhelab.com.br\\\/papel-filtro-qualitativo-7250g-diam-85cm-com-furo-75mm\\\/\"]}]},{\"@type\":\"ImageObject\",\"inLanguage\":\"en-US\",\"@id\":\"https:\\\/\\\/escolhelab.com.br\\\/papel-filtro-qualitativo-7250g-diam-85cm-com-furo-75mm\\\/#primaryimage\",\"url\":\"https:\\\/\\\/escolhelab.com.br\\\/wp-content\\\/uploads\\\/2024\\\/11\\\/papel-filtro-qualitativo-250g-dia-85cm-com-furo-75mm-escolhelab-com-br.webp\",\"contentUrl\":\"https:\\\/\\\/escolhelab.com.br\\\/wp-content\\\/uploads\\\/2024\\\/11\\\/papel-filtro-qualitativo-250g-dia-85cm-com-furo-75mm-escolhelab-com-br.webp\",\"width\":700,\"height\":800},{\"@type\":\"BreadcrumbList\",\"@id\":\"https:\\\/\\\/escolhelab.com.br\\\/papel-filtro-qualitativo-7250g-diam-85cm-com-furo-75mm\\\/#breadcrumb\",\"itemListElement\":[{\"@type\":\"ListItem\",\"position\":1,\"name\":\"In\u00edcio\",\"item\":\"https:\\\/\\\/escolhelab.com.br\\\/\"},{\"@type\":\"ListItem\",\"position\":2,\"name\":\"loja\",\"item\":\"https:\\\/\\\/escolhelab.com.br\\\/loja\\\/\"},{\"@type\":\"ListItem\",\"position\":3,\"name\":\"Papel Filtro Qualitativo 250g Diam 85cm Com furo 75mm\"}]},{\"@type\":\"WebSite\",\"@id\":\"https:\\\/\\\/escolhelab.com.br\\\/#website\",\"url\":\"https:\\\/\\\/escolhelab.com.br\\\/\",\"name\":\"Loja de produtos para laboratorio\",\"description\":\"Produtos para Laborat\u00f3rio,Artigos e outros na loja do quimico\",\"publisher\":{\"@id\":\"https:\\\/\\\/escolhelab.com.br\\\/#organization\"},\"alternateName\":\"escolhelab\",\"potentialAction\":[{\"@type\":\"SearchAction\",\"target\":{\"@type\":\"EntryPoint\",\"urlTemplate\":\"https:\\\/\\\/escolhelab.com.br\\\/?s={search_term_string}\"},\"query-input\":{\"@type\":\"PropertyValueSpecification\",\"valueRequired\":true,\"valueName\":\"search_term_string\"}}],\"inLanguage\":\"en-US\"},{\"@type\":\"Organization\",\"@id\":\"https:\\\/\\\/escolhelab.com.br\\\/#organization\",\"name\":\"loja escolhelab\",\"alternateName\":\"escolhelab\",\"url\":\"https:\\\/\\\/escolhelab.com.br\\\/\",\"logo\":{\"@type\":\"ImageObject\",\"inLanguage\":\"en-US\",\"@id\":\"https:\\\/\\\/escolhelab.com.br\\\/#\\\/schema\\\/logo\\\/image\\\/\",\"url\":\"https:\\\/\\\/escolhelab.com.br\\\/wp-content\\\/uploads\\\/2024\\\/12\\\/icone-e-512-512escolhelab-com-br-2-800x800.png\",\"contentUrl\":\"https:\\\/\\\/escolhelab.com.br\\\/wp-content\\\/uploads\\\/2024\\\/12\\\/icone-e-512-512escolhelab-com-br-2-800x800.png\",\"width\":800,\"height\":800,\"caption\":\"loja escolhelab\"},\"image\":{\"@id\":\"https:\\\/\\\/escolhelab.com.br\\\/#\\\/schema\\\/logo\\\/image\\\/\"}}]}<\/script>\n<!-- \/ Yoast SEO Premium plugin. -->","yoast_head_json":{"title":"Papel Filtro Qualitativo 250g Diam 85cm Com furo 75mm","description":"O Filtro\u00a0Papel 250 gramas foi elaborado a partir de fibras vegetais, tratado por processo semi-qu\u00edmico (fibra curta), de gramatura uniforme com micro.","robots":{"index":"index","follow":"follow","max-snippet":"max-snippet:-1","max-image-preview":"max-image-preview:large","max-video-preview":"max-video-preview:-1"},"canonical":"https:\/\/escolhelab.com.br\/en\/papel-filtro-qualitativo-7250g-diam-85cm-com-furo-75mm\/","og_locale":"en_US","og_type":"article","og_title":"Papel Filtro Qualitativo 250g Diam 85cm Com furo 75mm","og_description":"O Filtro\u00a0Papel 250 gramas foi elaborado a partir de fibras vegetais, tratado por processo semi-qu\u00edmico (fibra curta), de gramatura uniforme com micro.","og_url":"https:\/\/escolhelab.com.br\/en\/papel-filtro-qualitativo-7250g-diam-85cm-com-furo-75mm\/","og_site_name":"Loja de produtos para laboratorio","article_modified_time":"2025-08-25T19:07:47+00:00","og_image":[{"width":700,"height":800,"url":"https:\/\/escolhelab.com.br\/wp-content\/uploads\/2024\/11\/papel-filtro-qualitativo-250g-dia-85cm-com-furo-75mm-escolhelab-com-br.webp","type":"image\/webp"}],"twitter_card":"summary_large_image","twitter_misc":{"Est. reading time":"2 minutes"},"schema":{"@context":"https:\/\/schema.org","@graph":[{"@type":"WebPage","@id":"https:\/\/escolhelab.com.br\/papel-filtro-qualitativo-7250g-diam-85cm-com-furo-75mm\/","url":"https:\/\/escolhelab.com.br\/papel-filtro-qualitativo-7250g-diam-85cm-com-furo-75mm\/","name":"Papel Filtro Qualitativo 250g Diam 85cm Com furo 75mm","isPartOf":{"@id":"https:\/\/escolhelab.com.br\/#website"},"primaryImageOfPage":{"@id":"https:\/\/escolhelab.com.br\/papel-filtro-qualitativo-7250g-diam-85cm-com-furo-75mm\/#primaryimage"},"image":{"@id":"https:\/\/escolhelab.com.br\/papel-filtro-qualitativo-7250g-diam-85cm-com-furo-75mm\/#primaryimage"},"thumbnailUrl":"https:\/\/escolhelab.com.br\/wp-content\/uploads\/2024\/11\/papel-filtro-qualitativo-250g-dia-85cm-com-furo-75mm-escolhelab-com-br.webp","datePublished":"2024-11-18T13:42:03+00:00","dateModified":"2025-08-25T19:07:47+00:00","description":"O Filtro\u00a0Papel 250 gramas foi elaborado a partir de fibras vegetais, tratado por processo semi-qu\u00edmico (fibra curta), de gramatura uniforme com micro.","breadcrumb":{"@id":"https:\/\/escolhelab.com.br\/papel-filtro-qualitativo-7250g-diam-85cm-com-furo-75mm\/#breadcrumb"},"inLanguage":"en-US","potentialAction":[{"@type":"ReadAction","target":["https:\/\/escolhelab.com.br\/papel-filtro-qualitativo-7250g-diam-85cm-com-furo-75mm\/"]}]},{"@type":"ImageObject","inLanguage":"en-US","@id":"https:\/\/escolhelab.com.br\/papel-filtro-qualitativo-7250g-diam-85cm-com-furo-75mm\/#primaryimage","url":"https:\/\/escolhelab.com.br\/wp-content\/uploads\/2024\/11\/papel-filtro-qualitativo-250g-dia-85cm-com-furo-75mm-escolhelab-com-br.webp","contentUrl":"https:\/\/escolhelab.com.br\/wp-content\/uploads\/2024\/11\/papel-filtro-qualitativo-250g-dia-85cm-com-furo-75mm-escolhelab-com-br.webp","width":700,"height":800},{"@type":"BreadcrumbList","@id":"https:\/\/escolhelab.com.br\/papel-filtro-qualitativo-7250g-diam-85cm-com-furo-75mm\/#breadcrumb","itemListElement":[{"@type":"ListItem","position":1,"name":"In\u00edcio","item":"https:\/\/escolhelab.com.br\/"},{"@type":"ListItem","position":2,"name":"loja","item":"https:\/\/escolhelab.com.br\/loja\/"},{"@type":"ListItem","position":3,"name":"Papel Filtro Qualitativo 250g Diam 85cm Com furo 75mm"}]},{"@type":"WebSite","@id":"https:\/\/escolhelab.com.br\/#website","url":"https:\/\/escolhelab.com.br\/","name":"Loja de produtos para laboratorio","description":"Produtos para Laborat\u00f3rio,Artigos e outros na loja do quimico","publisher":{"@id":"https:\/\/escolhelab.com.br\/#organization"},"alternateName":"escolhelab","potentialAction":[{"@type":"SearchAction","target":{"@type":"EntryPoint","urlTemplate":"https:\/\/escolhelab.com.br\/?s={search_term_string}"},"query-input":{"@type":"PropertyValueSpecification","valueRequired":true,"valueName":"search_term_string"}}],"inLanguage":"en-US"},{"@type":"Organization","@id":"https:\/\/escolhelab.com.br\/#organization","name":"loja escolhelab","alternateName":"escolhelab","url":"https:\/\/escolhelab.com.br\/","logo":{"@type":"ImageObject","inLanguage":"en-US","@id":"https:\/\/escolhelab.com.br\/#\/schema\/logo\/image\/","url":"https:\/\/escolhelab.com.br\/wp-content\/uploads\/2024\/12\/icone-e-512-512escolhelab-com-br-2-800x800.png","contentUrl":"https:\/\/escolhelab.com.br\/wp-content\/uploads\/2024\/12\/icone-e-512-512escolhelab-com-br-2-800x800.png","width":800,"height":800,"caption":"loja escolhelab"},"image":{"@id":"https:\/\/escolhelab.com.br\/#\/schema\/logo\/image\/"}}]}},"tiered_pricing_type":"percentage","tiered_pricing_fixed_rules":[],"tiered_pricing_product_settings":{"layout":"default","base_unit_name":{"singular":null,"plural":null},"default_variation":null},"tiered_pricing_minimum_quantity":null,"tiered_pricing_roles_data":[],"tiered_pricing_percentage_rules":{"2":"3.5","4":"5.5"},"tiered_pricing_maximum_quantity":null,"tiered_pricing_quantity_step":null,"_links":{"self":[{"href":"https:\/\/escolhelab.com.br\/en\/wp-json\/wp\/v2\/product\/33837","targetHints":{"allow":["GET"]}}],"collection":[{"href":"https:\/\/escolhelab.com.br\/en\/wp-json\/wp\/v2\/product"}],"about":[{"href":"https:\/\/escolhelab.com.br\/en\/wp-json\/wp\/v2\/types\/product"}],"replies":[{"embeddable":true,"href":"https:\/\/escolhelab.com.br\/en\/wp-json\/wp\/v2\/comments?post=33837"}],"version-history":[{"count":0,"href":"https:\/\/escolhelab.com.br\/en\/wp-json\/wp\/v2\/product\/33837\/revisions"}],"wp:featuredmedia":[{"embeddable":true,"href":"https:\/\/escolhelab.com.br\/en\/wp-json\/wp\/v2\/media\/33838"}],"wp:attachment":[{"href":"https:\/\/escolhelab.com.br\/en\/wp-json\/wp\/v2\/media?parent=33837"}],"wp:term":[{"taxonomy":"product_brand","embeddable":true,"href":"https:\/\/escolhelab.com.br\/en\/wp-json\/wp\/v2\/product_brand?post=33837"},{"taxonomy":"product_cat","embeddable":true,"href":"https:\/\/escolhelab.com.br\/en\/wp-json\/wp\/v2\/product_cat?post=33837"},{"taxonomy":"product_tag","embeddable":true,"href":"https:\/\/escolhelab.com.br\/en\/wp-json\/wp\/v2\/product_tag?post=33837"}],"curies":[{"name":"wp","href":"https:\/\/api.w.org\/{rel}","templated":true}]}}