{"id":34046,"date":"2024-12-09T11:03:36","date_gmt":"2024-12-09T14:03:36","guid":{"rendered":"https:\/\/escolhelab.com.br\/?post_type=product&#038;p=34046"},"modified":"2025-08-25T16:11:40","modified_gmt":"2025-08-25T19:11:40","slug":"microscopio-biologico-monocular","status":"publish","type":"product","link":"https:\/\/escolhelab.com.br\/en\/microscopio-biologico-monocular\/","title":{"rendered":"Microsc\u00f3pio Biol\u00f3gico Monocular"},"content":{"rendered":"<h2><span style=\"font-size: 12pt; font-family: helvetica, arial, sans-serif;\">Microsc\u00f3pio Biol\u00f3gico Monocular\u00a0<\/span><\/h2>\n<p style=\"text-align: left;\" title=\"Microsc\u00f3pio Biol\u00f3gico Monocular com Amplia\u00e7\u00e3o de 40x at\u00e9 640x e Ilumina\u00e7\u00e3o a LED.\"><span style=\"font-size: 12pt; font-family: helvetica, arial, sans-serif;\"><strong><img loading=\"lazy\" decoding=\"async\" class=\"wp-image-34050 alignleft\" src=\"https:\/\/escolhelab.com.br\/wp-content\/uploads\/2024\/12\/Microscopio-biologico-kit-6-laminas-preparadas-opton-263x300.webp\" alt=\"\" width=\"559\" height=\"638\" srcset=\"https:\/\/escolhelab.com.br\/wp-content\/uploads\/2024\/12\/Microscopio-biologico-kit-6-laminas-preparadas-opton-263x300.webp 263w, https:\/\/escolhelab.com.br\/wp-content\/uploads\/2024\/12\/Microscopio-biologico-kit-6-laminas-preparadas-opton-430x491.webp 430w, https:\/\/escolhelab.com.br\/wp-content\/uploads\/2024\/12\/Microscopio-biologico-kit-6-laminas-preparadas-opton-150x171.webp 150w, https:\/\/escolhelab.com.br\/wp-content\/uploads\/2024\/12\/Microscopio-biologico-kit-6-laminas-preparadas-opton.webp 700w\" sizes=\"auto, (max-width: 559px) 100vw, 559px\" \/>Microsc\u00f3pio Biol\u00f3gico Monocular\u00a0 com Amplia\u00e7\u00e3o de 40x at\u00e9 640x<\/strong> e Ilumina\u00e7\u00e3o a LED. Equipamento ideal para escolas de ensino fundamental, com \u00f3timo desempenho e durabilidade. Possui estrutura em metal e \u00f3ptica em vidro cristalino. Acompanha kit para trabalho.<br \/>\n<\/span><span style=\"font-family: helvetica, arial, sans-serif;\"><strong>Amplia\u00e7\u00f5es:\u00a0<\/strong>40X, 64X, 100X, 160X, 400X, 640X.<br \/>\n<\/span><span style=\"font-family: helvetica, arial, sans-serif;\"><strong>Tubo:<\/strong>\u00a0Monocular, inclina\u00e7\u00e3o 45\u00ba e giro 360\u00ba.<br \/>\n<\/span><span style=\"font-family: helvetica, arial, sans-serif;\"><strong>Oculares:<\/strong>\u00a010X e 16X.<br \/>\n<\/span><span style=\"font-family: helvetica, arial, sans-serif;\"><strong>Objetiva:<\/strong>\u00a0Acrom\u00e1tica: 4X, 10X, 40X (R).<br \/>\n<\/span><span style=\"font-family: helvetica, arial, sans-serif;\"><strong>Revolver:<\/strong>\u00a0Reverso para 3 objetivas.<br \/>\n<\/span><span style=\"font-family: helvetica, arial, sans-serif;\"><strong>Platina:<\/strong>\u00a0\u00c1rea de 90 x 90mm provida de presilhas.<br \/>\n<\/span><span style=\"font-family: helvetica, arial, sans-serif;\"><strong>Ajuste de foco:<\/strong>\u00a0Macrom\u00e9trico em bot\u00f5es bilaterais.<br \/>\n<\/span><span style=\"font-family: helvetica, arial, sans-serif;\"><strong>Ilumina\u00e7\u00e3o:<\/strong>\u00a0Disco com 6 ajustes de diafragma em movimento girat\u00f3rio e parada click stop. LED de alto brilho com controle luminoso por potenci\u00f4metro.<br \/>\n<\/span><span style=\"font-family: helvetica, arial, sans-serif;\"><strong>Tens\u00e3o de entrada:\u00a0<\/strong>Fonte autom\u00e1tica 90 ~ 240 VAC.<br \/>\n<\/span><span style=\"font-family: helvetica, arial, sans-serif;\"><strong>Acompanha Kit para trabalho composto por:<br \/>\n<\/strong><\/span><span style=\"font-family: helvetica, arial, sans-serif;\">6 l\u00e2minas preparadas e 6 l\u00e2minas lisa<br \/>\n<\/span><span style=\"font-family: helvetica, arial, sans-serif;\">6 lam\u00ednulas,<br \/>\n<\/span><span style=\"font-family: helvetica, arial, sans-serif;\">1 Lupa de m\u00e3o 3X,<br \/>\n<\/span><span style=\"font-family: helvetica, arial, sans-serif;\">1 Placa circular para cultura e\u00a0 1 Placa quadrada para cultura 4 fases,<br \/>\n<\/span><span style=\"font-family: helvetica, arial, sans-serif;\">Estilete\u00a0 Pin\u00e7a\u00a0 Agulha, uma unidade de cada<br \/>\n<\/span><span style=\"font-family: helvetica, arial, sans-serif;\">Manual de instru\u00e7\u00f5es em portugu\u00eas,<br \/>\n<\/span><span style=\"font-family: helvetica, arial, sans-serif;\">\u00a0Capa protetora,<br \/>\n<\/span><span style=\"font-family: helvetica, arial, sans-serif;\"><strong>Embalagem:<\/strong> Caixa de isopor e papel\u00e3o.<\/span><span style=\"font-family: helvetica, arial, sans-serif;\"><strong><br \/>\nOutras capacidades e medidas consulte nos\u00a0 atrav\u00e9s email: vendas@escolhelab.com.br<br \/>\n<a href=\"https:\/\/escolhelab.com.br\/en\/\">site:escolhelab.com.br<\/a><\/strong><\/span><\/p>\n<p>&nbsp;<\/p>\n<p>&nbsp;<\/p>","protected":false},"excerpt":{"rendered":"<p><span style=\"font-size: 12pt; font-family: helvetica, arial, sans-serif;\">Microsc\u00f3pio Biol\u00f3gico Monocular\u00a0 com Amplia\u00e7\u00e3o de 40x at\u00e9 640x e Ilumina\u00e7\u00e3o a LED. Equipamento ideal para escolas de ensino fundamental, com \u00f3timo desempenho e durabilidade. Possui estrutura em metal e \u00f3ptica em vidro cristalino. Acompanha kit para trabalho.<\/span><\/p>","protected":false},"featured_media":34047,"comment_status":"open","ping_status":"closed","template":"","meta":{"_acf_changed":false,"iawp_total_views":39},"product_brand":[],"product_cat":[733,606],"product_tag":[],"class_list":{"0":"post-34046","1":"product","2":"type-product","3":"status-publish","4":"has-post-thumbnail","6":"product_cat-equipamento-laboratorio","7":"product_cat-quimico","8":"product_shipping_class-produtos-laboratorio-quimico","10":"first","11":"instock","12":"featured","13":"shipping-taxable","14":"purchasable","15":"product-type-simple"},"acf":[],"yoast_head":"<!-- This site is optimized with the Yoast SEO Premium plugin v26.2 (Yoast SEO v27.3) - https:\/\/yoast.com\/product\/yoast-seo-premium-wordpress\/ -->\n<title>Microsc\u00f3pio Biol\u00f3gico Monocular<\/title>\n<meta name=\"description\" content=\"Microsc\u00f3pio Biol\u00f3gico Monocular\u00a0 com Amplia\u00e7\u00e3o de 40x at\u00e9 640x e Ilumina\u00e7\u00e3o a LED. Equipamento ideal para escolas de ensino fundamental, com \u00f3timo\" \/>\n<meta name=\"robots\" content=\"index, follow, max-snippet:-1, max-image-preview:large, max-video-preview:-1\" \/>\n<link rel=\"canonical\" href=\"https:\/\/escolhelab.com.br\/en\/microscopio-biologico-monocular\/\" \/>\n<meta property=\"og:locale\" content=\"en_US\" \/>\n<meta property=\"og:type\" content=\"article\" \/>\n<meta property=\"og:title\" content=\"Microsc\u00f3pio Biol\u00f3gico Monocular\" \/>\n<meta property=\"og:description\" content=\"Microsc\u00f3pio Biol\u00f3gico Monocular\u00a0 com Amplia\u00e7\u00e3o de 40x at\u00e9 640x e Ilumina\u00e7\u00e3o a LED. Equipamento ideal para escolas de ensino fundamental, com \u00f3timo\" \/>\n<meta property=\"og:url\" content=\"https:\/\/escolhelab.com.br\/en\/microscopio-biologico-monocular\/\" \/>\n<meta property=\"og:site_name\" content=\"Loja de produtos para laboratorio\" \/>\n<meta property=\"article:modified_time\" content=\"2025-08-25T19:11:40+00:00\" \/>\n<meta property=\"og:image\" content=\"https:\/\/escolhelab.com.br\/wp-content\/uploads\/2024\/12\/Microscopio-Biologico-Com-Laminas-Preparadas-opton-escolhelab-com-br.webp\" \/>\n\t<meta property=\"og:image:width\" content=\"700\" \/>\n\t<meta property=\"og:image:height\" content=\"800\" \/>\n\t<meta property=\"og:image:type\" content=\"image\/webp\" \/>\n<meta name=\"twitter:card\" content=\"summary_large_image\" \/>\n<meta name=\"twitter:label1\" content=\"Est. reading time\" \/>\n\t<meta name=\"twitter:data1\" content=\"2 minutes\" \/>\n<script type=\"application\/ld+json\" class=\"yoast-schema-graph\">{\"@context\":\"https:\\\/\\\/schema.org\",\"@graph\":[{\"@type\":\"WebPage\",\"@id\":\"https:\\\/\\\/escolhelab.com.br\\\/microscopio-biologico-monocular\\\/\",\"url\":\"https:\\\/\\\/escolhelab.com.br\\\/microscopio-biologico-monocular\\\/\",\"name\":\"Microsc\u00f3pio Biol\u00f3gico Monocular\",\"isPartOf\":{\"@id\":\"https:\\\/\\\/escolhelab.com.br\\\/#website\"},\"primaryImageOfPage\":{\"@id\":\"https:\\\/\\\/escolhelab.com.br\\\/microscopio-biologico-monocular\\\/#primaryimage\"},\"image\":{\"@id\":\"https:\\\/\\\/escolhelab.com.br\\\/microscopio-biologico-monocular\\\/#primaryimage\"},\"thumbnailUrl\":\"https:\\\/\\\/escolhelab.com.br\\\/wp-content\\\/uploads\\\/2024\\\/12\\\/Microscopio-Biologico-Com-Laminas-Preparadas-opton-escolhelab-com-br.webp\",\"datePublished\":\"2024-12-09T14:03:36+00:00\",\"dateModified\":\"2025-08-25T19:11:40+00:00\",\"description\":\"Microsc\u00f3pio Biol\u00f3gico Monocular\u00a0 com Amplia\u00e7\u00e3o de 40x at\u00e9 640x e Ilumina\u00e7\u00e3o a LED. Equipamento ideal para escolas de ensino fundamental, com \u00f3timo\",\"breadcrumb\":{\"@id\":\"https:\\\/\\\/escolhelab.com.br\\\/microscopio-biologico-monocular\\\/#breadcrumb\"},\"inLanguage\":\"en-US\",\"potentialAction\":[{\"@type\":\"ReadAction\",\"target\":[\"https:\\\/\\\/escolhelab.com.br\\\/microscopio-biologico-monocular\\\/\"]}]},{\"@type\":\"ImageObject\",\"inLanguage\":\"en-US\",\"@id\":\"https:\\\/\\\/escolhelab.com.br\\\/microscopio-biologico-monocular\\\/#primaryimage\",\"url\":\"https:\\\/\\\/escolhelab.com.br\\\/wp-content\\\/uploads\\\/2024\\\/12\\\/Microscopio-Biologico-Com-Laminas-Preparadas-opton-escolhelab-com-br.webp\",\"contentUrl\":\"https:\\\/\\\/escolhelab.com.br\\\/wp-content\\\/uploads\\\/2024\\\/12\\\/Microscopio-Biologico-Com-Laminas-Preparadas-opton-escolhelab-com-br.webp\",\"width\":700,\"height\":800},{\"@type\":\"BreadcrumbList\",\"@id\":\"https:\\\/\\\/escolhelab.com.br\\\/microscopio-biologico-monocular\\\/#breadcrumb\",\"itemListElement\":[{\"@type\":\"ListItem\",\"position\":1,\"name\":\"In\u00edcio\",\"item\":\"https:\\\/\\\/escolhelab.com.br\\\/\"},{\"@type\":\"ListItem\",\"position\":2,\"name\":\"loja\",\"item\":\"https:\\\/\\\/escolhelab.com.br\\\/loja\\\/\"},{\"@type\":\"ListItem\",\"position\":3,\"name\":\"Microsc\u00f3pio Biol\u00f3gico Monocular\"}]},{\"@type\":\"WebSite\",\"@id\":\"https:\\\/\\\/escolhelab.com.br\\\/#website\",\"url\":\"https:\\\/\\\/escolhelab.com.br\\\/\",\"name\":\"Loja de produtos para laboratorio\",\"description\":\"Produtos para Laborat\u00f3rio,Artigos e outros na loja do quimico\",\"publisher\":{\"@id\":\"https:\\\/\\\/escolhelab.com.br\\\/#organization\"},\"alternateName\":\"escolhelab\",\"potentialAction\":[{\"@type\":\"SearchAction\",\"target\":{\"@type\":\"EntryPoint\",\"urlTemplate\":\"https:\\\/\\\/escolhelab.com.br\\\/?s={search_term_string}\"},\"query-input\":{\"@type\":\"PropertyValueSpecification\",\"valueRequired\":true,\"valueName\":\"search_term_string\"}}],\"inLanguage\":\"en-US\"},{\"@type\":\"Organization\",\"@id\":\"https:\\\/\\\/escolhelab.com.br\\\/#organization\",\"name\":\"loja escolhelab\",\"alternateName\":\"escolhelab\",\"url\":\"https:\\\/\\\/escolhelab.com.br\\\/\",\"logo\":{\"@type\":\"ImageObject\",\"inLanguage\":\"en-US\",\"@id\":\"https:\\\/\\\/escolhelab.com.br\\\/#\\\/schema\\\/logo\\\/image\\\/\",\"url\":\"https:\\\/\\\/escolhelab.com.br\\\/wp-content\\\/uploads\\\/2024\\\/12\\\/icone-e-512-512escolhelab-com-br-2-800x800.png\",\"contentUrl\":\"https:\\\/\\\/escolhelab.com.br\\\/wp-content\\\/uploads\\\/2024\\\/12\\\/icone-e-512-512escolhelab-com-br-2-800x800.png\",\"width\":800,\"height\":800,\"caption\":\"loja escolhelab\"},\"image\":{\"@id\":\"https:\\\/\\\/escolhelab.com.br\\\/#\\\/schema\\\/logo\\\/image\\\/\"}}]}<\/script>\n<!-- \/ Yoast SEO Premium plugin. -->","yoast_head_json":{"title":"Microsc\u00f3pio Biol\u00f3gico Monocular","description":"Microsc\u00f3pio Biol\u00f3gico Monocular\u00a0 com Amplia\u00e7\u00e3o de 40x at\u00e9 640x e Ilumina\u00e7\u00e3o a LED. Equipamento ideal para escolas de ensino fundamental, com \u00f3timo","robots":{"index":"index","follow":"follow","max-snippet":"max-snippet:-1","max-image-preview":"max-image-preview:large","max-video-preview":"max-video-preview:-1"},"canonical":"https:\/\/escolhelab.com.br\/en\/microscopio-biologico-monocular\/","og_locale":"en_US","og_type":"article","og_title":"Microsc\u00f3pio Biol\u00f3gico Monocular","og_description":"Microsc\u00f3pio Biol\u00f3gico Monocular\u00a0 com Amplia\u00e7\u00e3o de 40x at\u00e9 640x e Ilumina\u00e7\u00e3o a LED. Equipamento ideal para escolas de ensino fundamental, com \u00f3timo","og_url":"https:\/\/escolhelab.com.br\/en\/microscopio-biologico-monocular\/","og_site_name":"Loja de produtos para laboratorio","article_modified_time":"2025-08-25T19:11:40+00:00","og_image":[{"width":700,"height":800,"url":"https:\/\/escolhelab.com.br\/wp-content\/uploads\/2024\/12\/Microscopio-Biologico-Com-Laminas-Preparadas-opton-escolhelab-com-br.webp","type":"image\/webp"}],"twitter_card":"summary_large_image","twitter_misc":{"Est. reading time":"2 minutes"},"schema":{"@context":"https:\/\/schema.org","@graph":[{"@type":"WebPage","@id":"https:\/\/escolhelab.com.br\/microscopio-biologico-monocular\/","url":"https:\/\/escolhelab.com.br\/microscopio-biologico-monocular\/","name":"Microsc\u00f3pio Biol\u00f3gico Monocular","isPartOf":{"@id":"https:\/\/escolhelab.com.br\/#website"},"primaryImageOfPage":{"@id":"https:\/\/escolhelab.com.br\/microscopio-biologico-monocular\/#primaryimage"},"image":{"@id":"https:\/\/escolhelab.com.br\/microscopio-biologico-monocular\/#primaryimage"},"thumbnailUrl":"https:\/\/escolhelab.com.br\/wp-content\/uploads\/2024\/12\/Microscopio-Biologico-Com-Laminas-Preparadas-opton-escolhelab-com-br.webp","datePublished":"2024-12-09T14:03:36+00:00","dateModified":"2025-08-25T19:11:40+00:00","description":"Microsc\u00f3pio Biol\u00f3gico Monocular\u00a0 com Amplia\u00e7\u00e3o de 40x at\u00e9 640x e Ilumina\u00e7\u00e3o a LED. Equipamento ideal para escolas de ensino fundamental, com \u00f3timo","breadcrumb":{"@id":"https:\/\/escolhelab.com.br\/microscopio-biologico-monocular\/#breadcrumb"},"inLanguage":"en-US","potentialAction":[{"@type":"ReadAction","target":["https:\/\/escolhelab.com.br\/microscopio-biologico-monocular\/"]}]},{"@type":"ImageObject","inLanguage":"en-US","@id":"https:\/\/escolhelab.com.br\/microscopio-biologico-monocular\/#primaryimage","url":"https:\/\/escolhelab.com.br\/wp-content\/uploads\/2024\/12\/Microscopio-Biologico-Com-Laminas-Preparadas-opton-escolhelab-com-br.webp","contentUrl":"https:\/\/escolhelab.com.br\/wp-content\/uploads\/2024\/12\/Microscopio-Biologico-Com-Laminas-Preparadas-opton-escolhelab-com-br.webp","width":700,"height":800},{"@type":"BreadcrumbList","@id":"https:\/\/escolhelab.com.br\/microscopio-biologico-monocular\/#breadcrumb","itemListElement":[{"@type":"ListItem","position":1,"name":"In\u00edcio","item":"https:\/\/escolhelab.com.br\/"},{"@type":"ListItem","position":2,"name":"loja","item":"https:\/\/escolhelab.com.br\/loja\/"},{"@type":"ListItem","position":3,"name":"Microsc\u00f3pio Biol\u00f3gico Monocular"}]},{"@type":"WebSite","@id":"https:\/\/escolhelab.com.br\/#website","url":"https:\/\/escolhelab.com.br\/","name":"Loja de produtos para laboratorio","description":"Produtos para Laborat\u00f3rio,Artigos e outros na loja do quimico","publisher":{"@id":"https:\/\/escolhelab.com.br\/#organization"},"alternateName":"escolhelab","potentialAction":[{"@type":"SearchAction","target":{"@type":"EntryPoint","urlTemplate":"https:\/\/escolhelab.com.br\/?s={search_term_string}"},"query-input":{"@type":"PropertyValueSpecification","valueRequired":true,"valueName":"search_term_string"}}],"inLanguage":"en-US"},{"@type":"Organization","@id":"https:\/\/escolhelab.com.br\/#organization","name":"loja escolhelab","alternateName":"escolhelab","url":"https:\/\/escolhelab.com.br\/","logo":{"@type":"ImageObject","inLanguage":"en-US","@id":"https:\/\/escolhelab.com.br\/#\/schema\/logo\/image\/","url":"https:\/\/escolhelab.com.br\/wp-content\/uploads\/2024\/12\/icone-e-512-512escolhelab-com-br-2-800x800.png","contentUrl":"https:\/\/escolhelab.com.br\/wp-content\/uploads\/2024\/12\/icone-e-512-512escolhelab-com-br-2-800x800.png","width":800,"height":800,"caption":"loja escolhelab"},"image":{"@id":"https:\/\/escolhelab.com.br\/#\/schema\/logo\/image\/"}}]}},"tiered_pricing_type":"percentage","tiered_pricing_fixed_rules":[],"tiered_pricing_product_settings":{"layout":"default","base_unit_name":{"singular":null,"plural":null},"default_variation":null},"tiered_pricing_minimum_quantity":null,"tiered_pricing_roles_data":[],"tiered_pricing_percentage_rules":{"2":"4","3":"6"},"tiered_pricing_maximum_quantity":null,"tiered_pricing_quantity_step":null,"_links":{"self":[{"href":"https:\/\/escolhelab.com.br\/en\/wp-json\/wp\/v2\/product\/34046","targetHints":{"allow":["GET"]}}],"collection":[{"href":"https:\/\/escolhelab.com.br\/en\/wp-json\/wp\/v2\/product"}],"about":[{"href":"https:\/\/escolhelab.com.br\/en\/wp-json\/wp\/v2\/types\/product"}],"replies":[{"embeddable":true,"href":"https:\/\/escolhelab.com.br\/en\/wp-json\/wp\/v2\/comments?post=34046"}],"version-history":[{"count":0,"href":"https:\/\/escolhelab.com.br\/en\/wp-json\/wp\/v2\/product\/34046\/revisions"}],"wp:featuredmedia":[{"embeddable":true,"href":"https:\/\/escolhelab.com.br\/en\/wp-json\/wp\/v2\/media\/34047"}],"wp:attachment":[{"href":"https:\/\/escolhelab.com.br\/en\/wp-json\/wp\/v2\/media?parent=34046"}],"wp:term":[{"taxonomy":"product_brand","embeddable":true,"href":"https:\/\/escolhelab.com.br\/en\/wp-json\/wp\/v2\/product_brand?post=34046"},{"taxonomy":"product_cat","embeddable":true,"href":"https:\/\/escolhelab.com.br\/en\/wp-json\/wp\/v2\/product_cat?post=34046"},{"taxonomy":"product_tag","embeddable":true,"href":"https:\/\/escolhelab.com.br\/en\/wp-json\/wp\/v2\/product_tag?post=34046"}],"curies":[{"name":"wp","href":"https:\/\/api.w.org\/{rel}","templated":true}]}}