{"id":34081,"date":"2024-12-09T19:14:13","date_gmt":"2024-12-09T22:14:13","guid":{"rendered":"https:\/\/escolhelab.com.br\/?post_type=product&#038;p=34081"},"modified":"2025-08-25T16:23:52","modified_gmt":"2025-08-25T19:23:52","slug":"chuveiro-lava-olhos-de-emergencia","status":"publish","type":"product","link":"https:\/\/escolhelab.com.br\/en\/chuveiro-lava-olhos-de-emergencia\/","title":{"rendered":"Chuveiro Lava Olhos de Emerg\u00eancia"},"content":{"rendered":"<h1><span style=\"font-size: 12pt; font-family: helvetica, arial, sans-serif;\">Chuveiro Lava Olhos de Emerg\u00eancia<\/span><\/h1>\n<p><span style=\"font-family: helvetica, arial, sans-serif;\">Chuveiro Lava Olhos de Emerg\u00eancia \u00c9 para fixa\u00e7\u00e3o no piso, com a tubula\u00e7\u00e3o em a\u00e7o galvanizado de 1\u201d o crivo e bacia em a\u00e7o inoxid\u00e1vel, pintura ep\u00f3xi anticorrosiva munsell 2.5G 5\/10.<br \/>\n<\/span><span style=\"font-family: helvetica, arial, sans-serif;\"><strong>O acionamento manual do chuveiro atrav\u00e9s da haste triangular e do lava olhos atrav\u00e9s da plaqueta<\/strong> empurre em a\u00e7o inoxid\u00e1vel. A conex\u00e3o de entrada e sa\u00edda de \u00e1gua de 1\u201d BSP.<\/span><br \/>\n<span style=\"font-family: helvetica, arial, sans-serif;\">As V\u00e1lvulas dos chuveiros s\u00e3o de esfera em lat\u00e3o cromado de 1\u201d e do lava olhos s\u00e3o de esfera em lat\u00e3o cromado de 1\/2\u201d . Todas as v\u00e1lvulas se abrem em menos de 1 segundo, com apenas 1 movimento do acidentado e permanecem abertas sem uso das m\u00e3os.<br \/>\n<\/span><span style=\"font-family: helvetica, arial, sans-serif;\">Os esguichos do lava-olhos s\u00e3o em pl\u00e1stico ABS.<\/span><br \/>\n<span style=\"font-family: helvetica, arial, sans-serif;\">A press\u00e3o m\u00ednima de \u00e1gua de alimenta\u00e7\u00e3o \u00e9 de 2,1Kgf\/cm2, sendo a press\u00e3o ideal de 3,0Kgf\/cm2. Com esta press\u00e3o de \u00e1gua o modelo fornece vaz\u00e3o de 75 l\/min no chuveiro e 1,5 l\/min no lava-olhos simultaneamente.<\/span><br \/>\n<span style=\"font-family: helvetica, arial, sans-serif;\">Todas as v\u00e1lvulas s\u00e3o 100% testadas quanto a vazamentos, antes e depois da montagem dos equipamentos.<\/span><\/p>\n<h2><span style=\"font-family: helvetica, arial, sans-serif;\"><span style=\"font-size: 12pt;\">Aten\u00e7\u00e3o na instala\u00e7\u00e3o do <\/span><span style=\"font-size: 12pt;\">Chuveiro Lava Olhos de Emerg\u00eancia:<\/span><\/span><\/h2>\n<p><span style=\"font-family: helvetica, arial, sans-serif;\"><strong>Contudo deve ser instalado a 10 segundos de onde houver risco de contamina\u00e7\u00e3o \u00e0 pessoas<\/strong> que possam estar expostas a materiais corrosivos, qu\u00edmicos ou prejudiciais a sa\u00fade. O local deve ser de f\u00e1cil acesso, sem obstru\u00e7\u00f5es, no mesmo n\u00edvel do risco, facilitando o uso do acidentado. Indicado para empresas sider\u00fargicas, petroqu\u00edmicas, farmac\u00eauticas, papel e celulose, mineradoras, bebidas, aliment\u00edcia, escolas e universidades, entre outras.<br \/>\n<\/span><span style=\"font-family: helvetica, arial, sans-serif;\"><strong>NORMAS:<\/strong>\u00a0Modelo atende a Norma Americana ANSIZ358. 1-2009 e a rec\u00e9m-publicada Norma Brasileira ABNT NBR 16291:2014 para Chuveiros e Lava-Olhos de emerg\u00eancia.<\/span><\/p>\n<p><span style=\"font-family: helvetica, arial, sans-serif;\"><strong>OBS:<\/strong>\u00a0Equipamento entregue desmontado. Acompanha manual com instru\u00e7\u00f5es.<\/span><\/p>\n<p>&nbsp;<\/p>\n<p><span style=\"font-family: helvetica, arial, sans-serif;\"><strong>Outras capacidades e medidas consulte nos\u00a0 atrav\u00e9s email: vendas@escoljelab.com.br<br \/>\nsite:escolhelab10<\/strong><\/span><\/p>\n<p>&nbsp;<\/p>","protected":false},"excerpt":{"rendered":"<p><span style=\"font-family: helvetica, arial, sans-serif;\">Chuveiro Lava Olhos de Emerg\u00eancia \u00c9 para fixa\u00e7\u00e3o no piso, com a tubula\u00e7\u00e3o em a\u00e7o galvanizado de 1\u201d o crivo e bacia em a\u00e7o inoxid\u00e1vel, pintura ep\u00f3xi anticorrosiva munsell 2.5G 5\/10.<\/span><\/p>","protected":false},"featured_media":34082,"comment_status":"open","ping_status":"closed","template":"","meta":{"_acf_changed":false,"iawp_total_views":2},"product_brand":[],"product_cat":[733,606],"product_tag":[],"class_list":{"0":"post-34081","1":"product","2":"type-product","3":"status-publish","4":"has-post-thumbnail","6":"product_cat-equipamento-laboratorio","7":"product_cat-quimico","8":"product_shipping_class-produtos-laboratorio-quimico","10":"first","11":"instock","12":"sale","13":"shipping-taxable","14":"purchasable","15":"product-type-simple"},"acf":[],"yoast_head":"<!-- This site is optimized with the Yoast SEO Premium plugin v26.2 (Yoast SEO v27.3) - https:\/\/yoast.com\/product\/yoast-seo-premium-wordpress\/ -->\n<title>Chuveiro Lava Olhos de Emerg\u00eancia<\/title>\n<meta name=\"description\" content=\"\u00c9 um chuveiro com lava-olhos de emerg\u00eancia para fixa\u00e7\u00e3o no piso, com a tubula\u00e7\u00e3o em a\u00e7o galvanizado de 1\u201d o crivo e bacia em a\u00e7o inoxid\u00e1vel, pintura ep\u00f3xi.\" \/>\n<meta name=\"robots\" content=\"index, follow, max-snippet:-1, max-image-preview:large, max-video-preview:-1\" \/>\n<link rel=\"canonical\" href=\"https:\/\/escolhelab.com.br\/en\/chuveiro-lava-olhos-de-emergencia\/\" \/>\n<meta property=\"og:locale\" content=\"en_US\" \/>\n<meta property=\"og:type\" content=\"article\" \/>\n<meta property=\"og:title\" content=\"Chuveiro Lava Olhos de Emerg\u00eancia\" \/>\n<meta property=\"og:description\" content=\"\u00c9 um chuveiro com lava-olhos de emerg\u00eancia para fixa\u00e7\u00e3o no piso, com a tubula\u00e7\u00e3o em a\u00e7o galvanizado de 1\u201d o crivo e bacia em a\u00e7o inoxid\u00e1vel, pintura ep\u00f3xi.\" \/>\n<meta property=\"og:url\" content=\"https:\/\/escolhelab.com.br\/en\/chuveiro-lava-olhos-de-emergencia\/\" \/>\n<meta property=\"og:site_name\" content=\"Loja de produtos para laboratorio\" \/>\n<meta property=\"article:modified_time\" content=\"2025-08-25T19:23:52+00:00\" \/>\n<meta property=\"og:image\" content=\"https:\/\/escolhelab.com.br\/wp-content\/uploads\/2024\/12\/Chuveiro-Lava-Olhos-de-Emergencia-escolhelab.com_.br_.webp\" \/>\n\t<meta property=\"og:image:width\" content=\"700\" \/>\n\t<meta property=\"og:image:height\" content=\"800\" \/>\n\t<meta property=\"og:image:type\" content=\"image\/webp\" \/>\n<meta name=\"twitter:card\" content=\"summary_large_image\" \/>\n<meta name=\"twitter:label1\" content=\"Est. reading time\" \/>\n\t<meta name=\"twitter:data1\" content=\"2 minutes\" \/>\n<script type=\"application\/ld+json\" class=\"yoast-schema-graph\">{\"@context\":\"https:\\\/\\\/schema.org\",\"@graph\":[{\"@type\":\"WebPage\",\"@id\":\"https:\\\/\\\/escolhelab.com.br\\\/chuveiro-lava-olhos-de-emergencia\\\/\",\"url\":\"https:\\\/\\\/escolhelab.com.br\\\/chuveiro-lava-olhos-de-emergencia\\\/\",\"name\":\"Chuveiro Lava Olhos de Emerg\u00eancia\",\"isPartOf\":{\"@id\":\"https:\\\/\\\/escolhelab.com.br\\\/#website\"},\"primaryImageOfPage\":{\"@id\":\"https:\\\/\\\/escolhelab.com.br\\\/chuveiro-lava-olhos-de-emergencia\\\/#primaryimage\"},\"image\":{\"@id\":\"https:\\\/\\\/escolhelab.com.br\\\/chuveiro-lava-olhos-de-emergencia\\\/#primaryimage\"},\"thumbnailUrl\":\"https:\\\/\\\/escolhelab.com.br\\\/wp-content\\\/uploads\\\/2024\\\/12\\\/Chuveiro-Lava-Olhos-de-Emergencia-escolhelab.com_.br_.webp\",\"datePublished\":\"2024-12-09T22:14:13+00:00\",\"dateModified\":\"2025-08-25T19:23:52+00:00\",\"description\":\"\u00c9 um chuveiro com lava-olhos de emerg\u00eancia para fixa\u00e7\u00e3o no piso, com a tubula\u00e7\u00e3o em a\u00e7o galvanizado de 1\u201d o crivo e bacia em a\u00e7o inoxid\u00e1vel, pintura ep\u00f3xi.\",\"breadcrumb\":{\"@id\":\"https:\\\/\\\/escolhelab.com.br\\\/chuveiro-lava-olhos-de-emergencia\\\/#breadcrumb\"},\"inLanguage\":\"en-US\",\"potentialAction\":[{\"@type\":\"ReadAction\",\"target\":[\"https:\\\/\\\/escolhelab.com.br\\\/chuveiro-lava-olhos-de-emergencia\\\/\"]}]},{\"@type\":\"ImageObject\",\"inLanguage\":\"en-US\",\"@id\":\"https:\\\/\\\/escolhelab.com.br\\\/chuveiro-lava-olhos-de-emergencia\\\/#primaryimage\",\"url\":\"https:\\\/\\\/escolhelab.com.br\\\/wp-content\\\/uploads\\\/2024\\\/12\\\/Chuveiro-Lava-Olhos-de-Emergencia-escolhelab.com_.br_.webp\",\"contentUrl\":\"https:\\\/\\\/escolhelab.com.br\\\/wp-content\\\/uploads\\\/2024\\\/12\\\/Chuveiro-Lava-Olhos-de-Emergencia-escolhelab.com_.br_.webp\",\"width\":700,\"height\":800},{\"@type\":\"BreadcrumbList\",\"@id\":\"https:\\\/\\\/escolhelab.com.br\\\/chuveiro-lava-olhos-de-emergencia\\\/#breadcrumb\",\"itemListElement\":[{\"@type\":\"ListItem\",\"position\":1,\"name\":\"In\u00edcio\",\"item\":\"https:\\\/\\\/escolhelab.com.br\\\/\"},{\"@type\":\"ListItem\",\"position\":2,\"name\":\"loja\",\"item\":\"https:\\\/\\\/escolhelab.com.br\\\/loja\\\/\"},{\"@type\":\"ListItem\",\"position\":3,\"name\":\"Chuveiro Lava Olhos de Emerg\u00eancia\"}]},{\"@type\":\"WebSite\",\"@id\":\"https:\\\/\\\/escolhelab.com.br\\\/#website\",\"url\":\"https:\\\/\\\/escolhelab.com.br\\\/\",\"name\":\"Loja de produtos para laboratorio\",\"description\":\"Produtos para Laborat\u00f3rio,Artigos e outros na loja do quimico\",\"publisher\":{\"@id\":\"https:\\\/\\\/escolhelab.com.br\\\/#organization\"},\"alternateName\":\"escolhelab\",\"potentialAction\":[{\"@type\":\"SearchAction\",\"target\":{\"@type\":\"EntryPoint\",\"urlTemplate\":\"https:\\\/\\\/escolhelab.com.br\\\/?s={search_term_string}\"},\"query-input\":{\"@type\":\"PropertyValueSpecification\",\"valueRequired\":true,\"valueName\":\"search_term_string\"}}],\"inLanguage\":\"en-US\"},{\"@type\":\"Organization\",\"@id\":\"https:\\\/\\\/escolhelab.com.br\\\/#organization\",\"name\":\"loja escolhelab\",\"alternateName\":\"escolhelab\",\"url\":\"https:\\\/\\\/escolhelab.com.br\\\/\",\"logo\":{\"@type\":\"ImageObject\",\"inLanguage\":\"en-US\",\"@id\":\"https:\\\/\\\/escolhelab.com.br\\\/#\\\/schema\\\/logo\\\/image\\\/\",\"url\":\"https:\\\/\\\/escolhelab.com.br\\\/wp-content\\\/uploads\\\/2024\\\/12\\\/icone-e-512-512escolhelab-com-br-2-800x800.png\",\"contentUrl\":\"https:\\\/\\\/escolhelab.com.br\\\/wp-content\\\/uploads\\\/2024\\\/12\\\/icone-e-512-512escolhelab-com-br-2-800x800.png\",\"width\":800,\"height\":800,\"caption\":\"loja escolhelab\"},\"image\":{\"@id\":\"https:\\\/\\\/escolhelab.com.br\\\/#\\\/schema\\\/logo\\\/image\\\/\"}}]}<\/script>\n<!-- \/ Yoast SEO Premium plugin. -->","yoast_head_json":{"title":"Chuveiro Lava Olhos de Emerg\u00eancia","description":"\u00c9 um chuveiro com lava-olhos de emerg\u00eancia para fixa\u00e7\u00e3o no piso, com a tubula\u00e7\u00e3o em a\u00e7o galvanizado de 1\u201d o crivo e bacia em a\u00e7o inoxid\u00e1vel, pintura ep\u00f3xi.","robots":{"index":"index","follow":"follow","max-snippet":"max-snippet:-1","max-image-preview":"max-image-preview:large","max-video-preview":"max-video-preview:-1"},"canonical":"https:\/\/escolhelab.com.br\/en\/chuveiro-lava-olhos-de-emergencia\/","og_locale":"en_US","og_type":"article","og_title":"Chuveiro Lava Olhos de Emerg\u00eancia","og_description":"\u00c9 um chuveiro com lava-olhos de emerg\u00eancia para fixa\u00e7\u00e3o no piso, com a tubula\u00e7\u00e3o em a\u00e7o galvanizado de 1\u201d o crivo e bacia em a\u00e7o inoxid\u00e1vel, pintura ep\u00f3xi.","og_url":"https:\/\/escolhelab.com.br\/en\/chuveiro-lava-olhos-de-emergencia\/","og_site_name":"Loja de produtos para laboratorio","article_modified_time":"2025-08-25T19:23:52+00:00","og_image":[{"width":700,"height":800,"url":"https:\/\/escolhelab.com.br\/wp-content\/uploads\/2024\/12\/Chuveiro-Lava-Olhos-de-Emergencia-escolhelab.com_.br_.webp","type":"image\/webp"}],"twitter_card":"summary_large_image","twitter_misc":{"Est. reading time":"2 minutes"},"schema":{"@context":"https:\/\/schema.org","@graph":[{"@type":"WebPage","@id":"https:\/\/escolhelab.com.br\/chuveiro-lava-olhos-de-emergencia\/","url":"https:\/\/escolhelab.com.br\/chuveiro-lava-olhos-de-emergencia\/","name":"Chuveiro Lava Olhos de Emerg\u00eancia","isPartOf":{"@id":"https:\/\/escolhelab.com.br\/#website"},"primaryImageOfPage":{"@id":"https:\/\/escolhelab.com.br\/chuveiro-lava-olhos-de-emergencia\/#primaryimage"},"image":{"@id":"https:\/\/escolhelab.com.br\/chuveiro-lava-olhos-de-emergencia\/#primaryimage"},"thumbnailUrl":"https:\/\/escolhelab.com.br\/wp-content\/uploads\/2024\/12\/Chuveiro-Lava-Olhos-de-Emergencia-escolhelab.com_.br_.webp","datePublished":"2024-12-09T22:14:13+00:00","dateModified":"2025-08-25T19:23:52+00:00","description":"\u00c9 um chuveiro com lava-olhos de emerg\u00eancia para fixa\u00e7\u00e3o no piso, com a tubula\u00e7\u00e3o em a\u00e7o galvanizado de 1\u201d o crivo e bacia em a\u00e7o inoxid\u00e1vel, pintura ep\u00f3xi.","breadcrumb":{"@id":"https:\/\/escolhelab.com.br\/chuveiro-lava-olhos-de-emergencia\/#breadcrumb"},"inLanguage":"en-US","potentialAction":[{"@type":"ReadAction","target":["https:\/\/escolhelab.com.br\/chuveiro-lava-olhos-de-emergencia\/"]}]},{"@type":"ImageObject","inLanguage":"en-US","@id":"https:\/\/escolhelab.com.br\/chuveiro-lava-olhos-de-emergencia\/#primaryimage","url":"https:\/\/escolhelab.com.br\/wp-content\/uploads\/2024\/12\/Chuveiro-Lava-Olhos-de-Emergencia-escolhelab.com_.br_.webp","contentUrl":"https:\/\/escolhelab.com.br\/wp-content\/uploads\/2024\/12\/Chuveiro-Lava-Olhos-de-Emergencia-escolhelab.com_.br_.webp","width":700,"height":800},{"@type":"BreadcrumbList","@id":"https:\/\/escolhelab.com.br\/chuveiro-lava-olhos-de-emergencia\/#breadcrumb","itemListElement":[{"@type":"ListItem","position":1,"name":"In\u00edcio","item":"https:\/\/escolhelab.com.br\/"},{"@type":"ListItem","position":2,"name":"loja","item":"https:\/\/escolhelab.com.br\/loja\/"},{"@type":"ListItem","position":3,"name":"Chuveiro Lava Olhos de Emerg\u00eancia"}]},{"@type":"WebSite","@id":"https:\/\/escolhelab.com.br\/#website","url":"https:\/\/escolhelab.com.br\/","name":"Loja de produtos para laboratorio","description":"Produtos para Laborat\u00f3rio,Artigos e outros na loja do quimico","publisher":{"@id":"https:\/\/escolhelab.com.br\/#organization"},"alternateName":"escolhelab","potentialAction":[{"@type":"SearchAction","target":{"@type":"EntryPoint","urlTemplate":"https:\/\/escolhelab.com.br\/?s={search_term_string}"},"query-input":{"@type":"PropertyValueSpecification","valueRequired":true,"valueName":"search_term_string"}}],"inLanguage":"en-US"},{"@type":"Organization","@id":"https:\/\/escolhelab.com.br\/#organization","name":"loja escolhelab","alternateName":"escolhelab","url":"https:\/\/escolhelab.com.br\/","logo":{"@type":"ImageObject","inLanguage":"en-US","@id":"https:\/\/escolhelab.com.br\/#\/schema\/logo\/image\/","url":"https:\/\/escolhelab.com.br\/wp-content\/uploads\/2024\/12\/icone-e-512-512escolhelab-com-br-2-800x800.png","contentUrl":"https:\/\/escolhelab.com.br\/wp-content\/uploads\/2024\/12\/icone-e-512-512escolhelab-com-br-2-800x800.png","width":800,"height":800,"caption":"loja escolhelab"},"image":{"@id":"https:\/\/escolhelab.com.br\/#\/schema\/logo\/image\/"}}]}},"tiered_pricing_type":"percentage","tiered_pricing_fixed_rules":[],"tiered_pricing_product_settings":{"layout":"default","base_unit_name":{"singular":null,"plural":null},"default_variation":null},"tiered_pricing_minimum_quantity":null,"tiered_pricing_roles_data":[],"tiered_pricing_percentage_rules":{"2":"3","3":"6"},"tiered_pricing_maximum_quantity":null,"tiered_pricing_quantity_step":null,"_links":{"self":[{"href":"https:\/\/escolhelab.com.br\/en\/wp-json\/wp\/v2\/product\/34081","targetHints":{"allow":["GET"]}}],"collection":[{"href":"https:\/\/escolhelab.com.br\/en\/wp-json\/wp\/v2\/product"}],"about":[{"href":"https:\/\/escolhelab.com.br\/en\/wp-json\/wp\/v2\/types\/product"}],"replies":[{"embeddable":true,"href":"https:\/\/escolhelab.com.br\/en\/wp-json\/wp\/v2\/comments?post=34081"}],"version-history":[{"count":0,"href":"https:\/\/escolhelab.com.br\/en\/wp-json\/wp\/v2\/product\/34081\/revisions"}],"wp:featuredmedia":[{"embeddable":true,"href":"https:\/\/escolhelab.com.br\/en\/wp-json\/wp\/v2\/media\/34082"}],"wp:attachment":[{"href":"https:\/\/escolhelab.com.br\/en\/wp-json\/wp\/v2\/media?parent=34081"}],"wp:term":[{"taxonomy":"product_brand","embeddable":true,"href":"https:\/\/escolhelab.com.br\/en\/wp-json\/wp\/v2\/product_brand?post=34081"},{"taxonomy":"product_cat","embeddable":true,"href":"https:\/\/escolhelab.com.br\/en\/wp-json\/wp\/v2\/product_cat?post=34081"},{"taxonomy":"product_tag","embeddable":true,"href":"https:\/\/escolhelab.com.br\/en\/wp-json\/wp\/v2\/product_tag?post=34081"}],"curies":[{"name":"wp","href":"https:\/\/api.w.org\/{rel}","templated":true}]}}