{"id":34084,"date":"2024-12-09T19:27:59","date_gmt":"2024-12-09T22:27:59","guid":{"rendered":"https:\/\/escolhelab.com.br\/?post_type=product&#038;p=34084"},"modified":"2025-12-26T16:04:13","modified_gmt":"2025-12-26T19:04:13","slug":"acido-naftaleno-acetico-ana-c","status":"publish","type":"product","link":"https:\/\/escolhelab.com.br\/en\/acido-naftaleno-acetico-ana-c\/","title":{"rendered":"\u00c1cido Naftaleno Ac\u00e9tico (ANA)"},"content":{"rendered":"<h1><span style=\"font-size: 14pt; font-family: helvetica, arial, sans-serif;\"><strong>\u00c1cido Naftaleno Ac\u00e9tico (ANA)<\/strong><\/span><\/h1>\n<h2><span style=\"font-size: 12pt; font-family: helvetica, arial, sans-serif;\"><strong>Potencialize o Crescimento e Desenvolvimento de Suas Plantas!<\/strong><\/span><\/h2>\n<p><span style=\"font-family: helvetica, arial, sans-serif;\">O \u00c1cido Naftaleno Ac\u00e9tico (ANA), tamb\u00e9m conhecido como \u00c1cido \u03b1-naftaleno ac\u00e9tico ou \u00c1cido 1-naftilac\u00e9tico, \u00e9 um composto org\u00e2nico utilizado principalmente como regulador de crescimento vegetal devido \u00e0s suas propriedades hormonais.<\/span><\/p>\n<ul>\n<li><span style=\"font-family: helvetica, arial, sans-serif;\"><strong>Sin\u00f4nimo<\/strong>: \u00c1cido \u0391-Naftaleno ac\u00e9tico, \u00c1cido 1-Naftilac\u00e9tico, NAA<\/span><\/li>\n<li><span style=\"font-family: helvetica, arial, sans-serif;\"><strong>CAS<\/strong>: 86-87-3<\/span><\/li>\n<li><span style=\"font-family: helvetica, arial, sans-serif;\"><strong>F\u00f3rmula Qu\u00edmica<\/strong>: C12H10O2<\/span><\/li>\n<li><span style=\"font-family: helvetica, arial, sans-serif;\"><strong>Peso Molecular<\/strong>: 186.21 g\/mol<\/span><\/li>\n<li><span style=\"font-family: helvetica, arial, sans-serif;\"><strong>Grau de Pureza<\/strong>: 99%, PA (Para An\u00e1lise), indicando alta pureza adequada para aplica\u00e7\u00f5es anal\u00edticas e de pesquisa.<\/span><\/li>\n<\/ul>\n<h2><span style=\"font-size: 10pt; font-family: helvetica, arial, sans-serif;\">\u00c1cido Naftaleno Ac\u00e9tico (ANA)<\/span><\/h2>\n<p><span style=\"font-family: helvetica, arial, sans-serif;\">Ideal para uso em agricultura e horticultura, o\u00a0 \u00e9 essencial para aumentar a produtividade das colheitas e melhorar a qualidade dos frutos.<br \/>\n<\/span><span style=\"font-family: helvetica, arial, sans-serif;\">O \u00c1cido Naftaleno Ac\u00e9tico \u00e9 amplamente utilizado em laborat\u00f3rios de pesquisa agr\u00edcola e na ind\u00fastria agr\u00edcola para melhorar a produtividade e a qualidade das colheitas. Potencialize o crescimento e desenvolvimento das suas plantas com o\u00a0 <strong>\u00c1cido.<br \/>\n<\/strong><\/span><span style=\"font-family: helvetica, arial, sans-serif;\">Revolucione sua produ\u00e7\u00e3o agr\u00edcola com o \u00c1cido\u00a0 aumente sua colheita e qualidade dos frutos. Adquira j\u00e1 e veja os resultados!<\/span><\/p>\n<h3><span style=\"font-size: 10pt; font-family: helvetica, arial, sans-serif;\"><strong>Qualidade e a Pureza em Produtos Qu\u00edmicos.<\/strong><\/span><\/h3>\n<p><span style=\"font-family: helvetica, arial, sans-serif;\">Acompanhado por um laudo de an\u00e1lise e Ficha de Informa\u00e7\u00f5es de Seguran\u00e7a de Produtos Qu\u00edmicos (FISPQ).<br \/>\n<\/span><span style=\"font-family: helvetica, arial, sans-serif;\"><strong>Apresenta\u00e7\u00e3o<\/strong>:\u00a0 Dispon\u00edvel em 25g, 100g, 250g e 25Kg (solicitar cota\u00e7\u00e3o).<br \/>\n<\/span><span style=\"font-family: helvetica, arial, sans-serif;\">Produto destinado exclusivamente para uso em an\u00e1lises laboratoriais e industriais<br \/>\nconforme indicado em seu r\u00f3tulo. N\u00e3o \u00e9 apropriado para uso dom\u00e9stico ou pessoal. Recomendamos estritamente o cumprimento das diretrizes de seguran\u00e7a e uso mencionadas nas informa\u00e7\u00f5es do produto.<\/span><\/p>\n<p><span style=\"font-family: helvetica, arial, sans-serif;\"><strong>Outras capacidades e medidas consulte nos\u00a0 atrav\u00e9s email: vendas@escolhelab.com.br<br \/>\n<a href=\"https:\/\/escolhelab.com.br\/en\/\">Site:escolhelab<\/a><\/strong><\/span><\/p>\n<p><span style=\"background-color: #ccffff; font-family: helvetica, arial, sans-serif;\">\u00a0<\/span><\/p>","protected":false},"excerpt":{"rendered":"<p><span style=\"font-family: helvetica, arial, sans-serif;\">\u00c1cido Naftaleno Ac\u00e9tico (ANA) \u00e9 um composto org\u00e2nico utilizado principalmente<\/span><br \/>\n<span style=\"font-family: helvetica, arial, sans-serif;\">como regulador de crescimento vegetal devido \u00e0s suas propriedades hormonais.<\/span><\/p>","protected":false},"featured_media":34085,"comment_status":"closed","ping_status":"closed","template":"","meta":{"_acf_changed":false,"iawp_total_views":70},"product_brand":[],"product_cat":[726,606],"product_tag":[],"class_list":{"0":"post-34084","1":"product","2":"type-product","3":"status-publish","4":"has-post-thumbnail","6":"product_cat-analises-aguas-e-papel-ph","7":"product_cat-quimico","9":"first","10":"outofstock","11":"featured","12":"shipping-taxable","13":"purchasable","14":"product-type-variable"},"acf":[],"yoast_head":"<!-- This site is optimized with the Yoast SEO Premium plugin v26.2 (Yoast SEO v27.3) - https:\/\/yoast.com\/product\/yoast-seo-premium-wordpress\/ -->\n<title>\u00c1cido Naftaleno Ac\u00e9tico (ANA)<\/title>\n<meta name=\"description\" content=\"O \u00c1cido Naftaleno Ac\u00e9tico (ANA) \u00e9 um composto org\u00e2nico utilizado principalmente como regulador de crescimento vegetal devido \u00e0s suas propriedades hormonais.\" \/>\n<meta name=\"robots\" content=\"index, follow, max-snippet:-1, max-image-preview:large, max-video-preview:-1\" \/>\n<link rel=\"canonical\" href=\"https:\/\/escolhelab.com.br\/en\/acido-naftaleno-acetico-ana-c\/\" \/>\n<meta property=\"og:locale\" content=\"en_US\" \/>\n<meta property=\"og:type\" content=\"article\" \/>\n<meta property=\"og:title\" content=\"\u00c1cido Naftaleno Ac\u00e9tico (ANA)\" \/>\n<meta property=\"og:description\" content=\"O \u00c1cido Naftaleno Ac\u00e9tico (ANA) \u00e9 um composto org\u00e2nico utilizado principalmente como regulador de crescimento vegetal devido \u00e0s suas propriedades hormonais.\" \/>\n<meta property=\"og:url\" content=\"https:\/\/escolhelab.com.br\/en\/acido-naftaleno-acetico-ana-c\/\" \/>\n<meta property=\"og:site_name\" content=\"Loja de produtos para laboratorio\" \/>\n<meta property=\"article:modified_time\" content=\"2025-12-26T19:04:13+00:00\" \/>\n<meta property=\"og:image\" content=\"https:\/\/escolhelab.com.br\/wp-content\/uploads\/2024\/12\/Acido-Naftaleno-Acetico-ANA-escolhelab.com_.br_.webp\" \/>\n\t<meta property=\"og:image:width\" content=\"701\" \/>\n\t<meta property=\"og:image:height\" content=\"801\" \/>\n\t<meta property=\"og:image:type\" content=\"image\/webp\" \/>\n<meta name=\"twitter:card\" content=\"summary_large_image\" \/>\n<meta name=\"twitter:label1\" content=\"Est. reading time\" \/>\n\t<meta name=\"twitter:data1\" content=\"2 minutes\" \/>\n<script type=\"application\/ld+json\" class=\"yoast-schema-graph\">{\"@context\":\"https:\\\/\\\/schema.org\",\"@graph\":[{\"@type\":\"WebPage\",\"@id\":\"https:\\\/\\\/escolhelab.com.br\\\/acido-naftaleno-acetico-ana-c\\\/\",\"url\":\"https:\\\/\\\/escolhelab.com.br\\\/acido-naftaleno-acetico-ana-c\\\/\",\"name\":\"\u00c1cido Naftaleno Ac\u00e9tico (ANA)\",\"isPartOf\":{\"@id\":\"https:\\\/\\\/escolhelab.com.br\\\/#website\"},\"primaryImageOfPage\":{\"@id\":\"https:\\\/\\\/escolhelab.com.br\\\/acido-naftaleno-acetico-ana-c\\\/#primaryimage\"},\"image\":{\"@id\":\"https:\\\/\\\/escolhelab.com.br\\\/acido-naftaleno-acetico-ana-c\\\/#primaryimage\"},\"thumbnailUrl\":\"https:\\\/\\\/escolhelab.com.br\\\/wp-content\\\/uploads\\\/2024\\\/12\\\/Acido-Naftaleno-Acetico-ANA-escolhelab.com_.br_.webp\",\"datePublished\":\"2024-12-09T22:27:59+00:00\",\"dateModified\":\"2025-12-26T19:04:13+00:00\",\"description\":\"O \u00c1cido Naftaleno Ac\u00e9tico (ANA) \u00e9 um composto org\u00e2nico utilizado principalmente como regulador de crescimento vegetal devido \u00e0s suas propriedades hormonais.\",\"breadcrumb\":{\"@id\":\"https:\\\/\\\/escolhelab.com.br\\\/acido-naftaleno-acetico-ana-c\\\/#breadcrumb\"},\"inLanguage\":\"en-US\",\"potentialAction\":[{\"@type\":\"ReadAction\",\"target\":[\"https:\\\/\\\/escolhelab.com.br\\\/acido-naftaleno-acetico-ana-c\\\/\"]}]},{\"@type\":\"ImageObject\",\"inLanguage\":\"en-US\",\"@id\":\"https:\\\/\\\/escolhelab.com.br\\\/acido-naftaleno-acetico-ana-c\\\/#primaryimage\",\"url\":\"https:\\\/\\\/escolhelab.com.br\\\/wp-content\\\/uploads\\\/2024\\\/12\\\/Acido-Naftaleno-Acetico-ANA-escolhelab.com_.br_.webp\",\"contentUrl\":\"https:\\\/\\\/escolhelab.com.br\\\/wp-content\\\/uploads\\\/2024\\\/12\\\/Acido-Naftaleno-Acetico-ANA-escolhelab.com_.br_.webp\",\"width\":701,\"height\":801},{\"@type\":\"BreadcrumbList\",\"@id\":\"https:\\\/\\\/escolhelab.com.br\\\/acido-naftaleno-acetico-ana-c\\\/#breadcrumb\",\"itemListElement\":[{\"@type\":\"ListItem\",\"position\":1,\"name\":\"In\u00edcio\",\"item\":\"https:\\\/\\\/escolhelab.com.br\\\/\"},{\"@type\":\"ListItem\",\"position\":2,\"name\":\"loja\",\"item\":\"https:\\\/\\\/escolhelab.com.br\\\/loja\\\/\"},{\"@type\":\"ListItem\",\"position\":3,\"name\":\"\u00c1cido Naftaleno Ac\u00e9tico (ANA)\"}]},{\"@type\":\"WebSite\",\"@id\":\"https:\\\/\\\/escolhelab.com.br\\\/#website\",\"url\":\"https:\\\/\\\/escolhelab.com.br\\\/\",\"name\":\"Loja de produtos para laboratorio\",\"description\":\"Produtos para Laborat\u00f3rio,Artigos e outros na loja do quimico\",\"publisher\":{\"@id\":\"https:\\\/\\\/escolhelab.com.br\\\/#organization\"},\"alternateName\":\"escolhelab\",\"potentialAction\":[{\"@type\":\"SearchAction\",\"target\":{\"@type\":\"EntryPoint\",\"urlTemplate\":\"https:\\\/\\\/escolhelab.com.br\\\/?s={search_term_string}\"},\"query-input\":{\"@type\":\"PropertyValueSpecification\",\"valueRequired\":true,\"valueName\":\"search_term_string\"}}],\"inLanguage\":\"en-US\"},{\"@type\":\"Organization\",\"@id\":\"https:\\\/\\\/escolhelab.com.br\\\/#organization\",\"name\":\"loja escolhelab\",\"alternateName\":\"escolhelab\",\"url\":\"https:\\\/\\\/escolhelab.com.br\\\/\",\"logo\":{\"@type\":\"ImageObject\",\"inLanguage\":\"en-US\",\"@id\":\"https:\\\/\\\/escolhelab.com.br\\\/#\\\/schema\\\/logo\\\/image\\\/\",\"url\":\"https:\\\/\\\/escolhelab.com.br\\\/wp-content\\\/uploads\\\/2024\\\/12\\\/icone-e-512-512escolhelab-com-br-2-800x800.png\",\"contentUrl\":\"https:\\\/\\\/escolhelab.com.br\\\/wp-content\\\/uploads\\\/2024\\\/12\\\/icone-e-512-512escolhelab-com-br-2-800x800.png\",\"width\":800,\"height\":800,\"caption\":\"loja escolhelab\"},\"image\":{\"@id\":\"https:\\\/\\\/escolhelab.com.br\\\/#\\\/schema\\\/logo\\\/image\\\/\"}}]}<\/script>\n<!-- \/ Yoast SEO Premium plugin. -->","yoast_head_json":{"title":"\u00c1cido Naftaleno Ac\u00e9tico (ANA)","description":"O \u00c1cido Naftaleno Ac\u00e9tico (ANA) \u00e9 um composto org\u00e2nico utilizado principalmente como regulador de crescimento vegetal devido \u00e0s suas propriedades hormonais.","robots":{"index":"index","follow":"follow","max-snippet":"max-snippet:-1","max-image-preview":"max-image-preview:large","max-video-preview":"max-video-preview:-1"},"canonical":"https:\/\/escolhelab.com.br\/en\/acido-naftaleno-acetico-ana-c\/","og_locale":"en_US","og_type":"article","og_title":"\u00c1cido Naftaleno Ac\u00e9tico (ANA)","og_description":"O \u00c1cido Naftaleno Ac\u00e9tico (ANA) \u00e9 um composto org\u00e2nico utilizado principalmente como regulador de crescimento vegetal devido \u00e0s suas propriedades hormonais.","og_url":"https:\/\/escolhelab.com.br\/en\/acido-naftaleno-acetico-ana-c\/","og_site_name":"Loja de produtos para laboratorio","article_modified_time":"2025-12-26T19:04:13+00:00","og_image":[{"width":701,"height":801,"url":"https:\/\/escolhelab.com.br\/wp-content\/uploads\/2024\/12\/Acido-Naftaleno-Acetico-ANA-escolhelab.com_.br_.webp","type":"image\/webp"}],"twitter_card":"summary_large_image","twitter_misc":{"Est. reading time":"2 minutes"},"schema":{"@context":"https:\/\/schema.org","@graph":[{"@type":"WebPage","@id":"https:\/\/escolhelab.com.br\/acido-naftaleno-acetico-ana-c\/","url":"https:\/\/escolhelab.com.br\/acido-naftaleno-acetico-ana-c\/","name":"\u00c1cido Naftaleno Ac\u00e9tico (ANA)","isPartOf":{"@id":"https:\/\/escolhelab.com.br\/#website"},"primaryImageOfPage":{"@id":"https:\/\/escolhelab.com.br\/acido-naftaleno-acetico-ana-c\/#primaryimage"},"image":{"@id":"https:\/\/escolhelab.com.br\/acido-naftaleno-acetico-ana-c\/#primaryimage"},"thumbnailUrl":"https:\/\/escolhelab.com.br\/wp-content\/uploads\/2024\/12\/Acido-Naftaleno-Acetico-ANA-escolhelab.com_.br_.webp","datePublished":"2024-12-09T22:27:59+00:00","dateModified":"2025-12-26T19:04:13+00:00","description":"O \u00c1cido Naftaleno Ac\u00e9tico (ANA) \u00e9 um composto org\u00e2nico utilizado principalmente como regulador de crescimento vegetal devido \u00e0s suas propriedades hormonais.","breadcrumb":{"@id":"https:\/\/escolhelab.com.br\/acido-naftaleno-acetico-ana-c\/#breadcrumb"},"inLanguage":"en-US","potentialAction":[{"@type":"ReadAction","target":["https:\/\/escolhelab.com.br\/acido-naftaleno-acetico-ana-c\/"]}]},{"@type":"ImageObject","inLanguage":"en-US","@id":"https:\/\/escolhelab.com.br\/acido-naftaleno-acetico-ana-c\/#primaryimage","url":"https:\/\/escolhelab.com.br\/wp-content\/uploads\/2024\/12\/Acido-Naftaleno-Acetico-ANA-escolhelab.com_.br_.webp","contentUrl":"https:\/\/escolhelab.com.br\/wp-content\/uploads\/2024\/12\/Acido-Naftaleno-Acetico-ANA-escolhelab.com_.br_.webp","width":701,"height":801},{"@type":"BreadcrumbList","@id":"https:\/\/escolhelab.com.br\/acido-naftaleno-acetico-ana-c\/#breadcrumb","itemListElement":[{"@type":"ListItem","position":1,"name":"In\u00edcio","item":"https:\/\/escolhelab.com.br\/"},{"@type":"ListItem","position":2,"name":"loja","item":"https:\/\/escolhelab.com.br\/loja\/"},{"@type":"ListItem","position":3,"name":"\u00c1cido Naftaleno Ac\u00e9tico (ANA)"}]},{"@type":"WebSite","@id":"https:\/\/escolhelab.com.br\/#website","url":"https:\/\/escolhelab.com.br\/","name":"Loja de produtos para laboratorio","description":"Produtos para Laborat\u00f3rio,Artigos e outros na loja do quimico","publisher":{"@id":"https:\/\/escolhelab.com.br\/#organization"},"alternateName":"escolhelab","potentialAction":[{"@type":"SearchAction","target":{"@type":"EntryPoint","urlTemplate":"https:\/\/escolhelab.com.br\/?s={search_term_string}"},"query-input":{"@type":"PropertyValueSpecification","valueRequired":true,"valueName":"search_term_string"}}],"inLanguage":"en-US"},{"@type":"Organization","@id":"https:\/\/escolhelab.com.br\/#organization","name":"loja escolhelab","alternateName":"escolhelab","url":"https:\/\/escolhelab.com.br\/","logo":{"@type":"ImageObject","inLanguage":"en-US","@id":"https:\/\/escolhelab.com.br\/#\/schema\/logo\/image\/","url":"https:\/\/escolhelab.com.br\/wp-content\/uploads\/2024\/12\/icone-e-512-512escolhelab-com-br-2-800x800.png","contentUrl":"https:\/\/escolhelab.com.br\/wp-content\/uploads\/2024\/12\/icone-e-512-512escolhelab-com-br-2-800x800.png","width":800,"height":800,"caption":"loja escolhelab"},"image":{"@id":"https:\/\/escolhelab.com.br\/#\/schema\/logo\/image\/"}}]}},"tiered_pricing_type":"fixed","tiered_pricing_fixed_rules":[],"tiered_pricing_product_settings":{"layout":"default","base_unit_name":{"singular":null,"plural":null},"default_variation":null},"tiered_pricing_minimum_quantity":null,"tiered_pricing_roles_data":[],"tiered_pricing_percentage_rules":[],"tiered_pricing_maximum_quantity":null,"tiered_pricing_quantity_step":null,"_links":{"self":[{"href":"https:\/\/escolhelab.com.br\/en\/wp-json\/wp\/v2\/product\/34084","targetHints":{"allow":["GET"]}}],"collection":[{"href":"https:\/\/escolhelab.com.br\/en\/wp-json\/wp\/v2\/product"}],"about":[{"href":"https:\/\/escolhelab.com.br\/en\/wp-json\/wp\/v2\/types\/product"}],"replies":[{"embeddable":true,"href":"https:\/\/escolhelab.com.br\/en\/wp-json\/wp\/v2\/comments?post=34084"}],"version-history":[{"count":0,"href":"https:\/\/escolhelab.com.br\/en\/wp-json\/wp\/v2\/product\/34084\/revisions"}],"wp:featuredmedia":[{"embeddable":true,"href":"https:\/\/escolhelab.com.br\/en\/wp-json\/wp\/v2\/media\/34085"}],"wp:attachment":[{"href":"https:\/\/escolhelab.com.br\/en\/wp-json\/wp\/v2\/media?parent=34084"}],"wp:term":[{"taxonomy":"product_brand","embeddable":true,"href":"https:\/\/escolhelab.com.br\/en\/wp-json\/wp\/v2\/product_brand?post=34084"},{"taxonomy":"product_cat","embeddable":true,"href":"https:\/\/escolhelab.com.br\/en\/wp-json\/wp\/v2\/product_cat?post=34084"},{"taxonomy":"product_tag","embeddable":true,"href":"https:\/\/escolhelab.com.br\/en\/wp-json\/wp\/v2\/product_tag?post=34084"}],"curies":[{"name":"wp","href":"https:\/\/api.w.org\/{rel}","templated":true}]}}