{"id":34095,"date":"2024-12-09T20:48:25","date_gmt":"2024-12-09T23:48:25","guid":{"rendered":"https:\/\/escolhelab.com.br\/?post_type=product&#038;p=34095"},"modified":"2025-08-25T16:33:56","modified_gmt":"2025-08-25T19:33:56","slug":"pipeta-sorologica-descartavel-c","status":"publish","type":"product","link":"https:\/\/escolhelab.com.br\/en\/pipeta-sorologica-descartavel-c\/","title":{"rendered":"Pipeta sorol\u00f3gica descart\u00e1vel"},"content":{"rendered":"<p><span style=\"font-size: 14pt;\">Pipeta sorol\u00f3gica descart\u00e1vel<\/span><\/p>\n<p id=\"ProductTitle-hurwxf3ly2\" class=\"col-xs-12 col-sm-12 col-md-12 col-xs-offset-0 col-sm-offset-0 col-md-offset-0 name\">Pipeta sorol\u00f3gica descart\u00e1vel para transfer\u00eancia de l\u00edquidos em quantidades precisas. Muito utilizada nas \u00e1reas de Sorologia, Biologia Molecular e Microbiologia.<\/p>\n<p><b>Embalagem individual Peel Pack- Imperme\u00e1vel.<\/b><\/p>\n<p><strong>CARACTER\u00cdSTICAS<\/strong><\/p>\n<ul>\n<li>Fabricada em pl\u00e1stico poliestireno<\/li>\n<li>Graduada<\/li>\n<li>Est\u00e9ril (E.O.)<\/li>\n<li>Embalagem individual Peel Pack- Imperme\u00e1vel<\/li>\n<\/ul>\n<p><strong>Outras capacidades e medidas consulte nos\u00a0 atrav\u00e9s email:vendas@rscolhelab.com.br<br \/>\n<a href=\"https:\/\/escolhelab.com.br\/en\/\">site:escolhelab.com.br<\/a><\/strong><\/p>\n<p>&nbsp;<\/p>","protected":false},"excerpt":{"rendered":"<p><span style=\"font-family: helvetica, arial, sans-serif;\">Pipeta sorol\u00f3gica descart\u00e1vel Est\u00e9ril\u00a0 para transfer\u00eancia de l\u00edquidos em quantidades precisas.<\/span><br \/>\n<span style=\"font-family: helvetica, arial, sans-serif;\">Muito utilizada nas \u00e1reas de Sorologia, Biologia Molecular e Microbiologia.<\/span><br \/>\n<span style=\"color: #000000; font-family: helvetica, arial, sans-serif;\"><b>Embalagem individual Peel Pack- Imperme\u00e1vel.<\/b><\/span><\/p>","protected":false},"featured_media":34098,"comment_status":"open","ping_status":"closed","template":"","meta":{"_acf_changed":false,"iawp_total_views":8},"product_brand":[],"product_cat":[730,606],"product_tag":[],"class_list":{"0":"post-34095","1":"product","2":"type-product","3":"status-publish","4":"has-post-thumbnail","6":"product_cat-plastico-e-borrachas","7":"product_cat-quimico","9":"first","10":"instock","11":"shipping-taxable","12":"purchasable","13":"product-type-variable"},"acf":[],"yoast_head":"<!-- This site is optimized with the Yoast SEO Premium plugin v26.2 (Yoast SEO v27.3) - https:\/\/yoast.com\/product\/yoast-seo-premium-wordpress\/ -->\n<title>Pipeta sorol\u00f3gica descart\u00e1vel<\/title>\n<meta name=\"description\" content=\"% Pipeta sorol\u00f3gica descart\u00e1vel\" \/>\n<meta name=\"robots\" content=\"index, follow, max-snippet:-1, max-image-preview:large, max-video-preview:-1\" \/>\n<link rel=\"canonical\" href=\"https:\/\/escolhelab.com.br\/en\/pipeta-sorologica-descartavel-c\/\" \/>\n<meta property=\"og:locale\" content=\"en_US\" \/>\n<meta property=\"og:type\" content=\"article\" \/>\n<meta property=\"og:title\" content=\"Pipeta sorol\u00f3gica descart\u00e1vel\" \/>\n<meta property=\"og:description\" content=\"% Pipeta sorol\u00f3gica descart\u00e1vel\" \/>\n<meta property=\"og:url\" content=\"https:\/\/escolhelab.com.br\/en\/pipeta-sorologica-descartavel-c\/\" \/>\n<meta property=\"og:site_name\" content=\"Loja de produtos para laboratorio\" \/>\n<meta property=\"article:modified_time\" content=\"2025-08-25T19:33:56+00:00\" \/>\n<meta property=\"og:image\" content=\"https:\/\/escolhelab.com.br\/wp-content\/uploads\/2024\/12\/pipeta-sorologica-plastica-descartavel-escolhelab-com-br.webp\" \/>\n\t<meta property=\"og:image:width\" content=\"700\" \/>\n\t<meta property=\"og:image:height\" content=\"800\" \/>\n\t<meta property=\"og:image:type\" content=\"image\/webp\" \/>\n<meta name=\"twitter:card\" content=\"summary_large_image\" \/>\n<meta name=\"twitter:label1\" content=\"Est. reading time\" \/>\n\t<meta name=\"twitter:data1\" content=\"1 minute\" \/>\n<script type=\"application\/ld+json\" class=\"yoast-schema-graph\">{\"@context\":\"https:\\\/\\\/schema.org\",\"@graph\":[{\"@type\":\"WebPage\",\"@id\":\"https:\\\/\\\/escolhelab.com.br\\\/pipeta-sorologica-descartavel-c\\\/\",\"url\":\"https:\\\/\\\/escolhelab.com.br\\\/pipeta-sorologica-descartavel-c\\\/\",\"name\":\"Pipeta sorol\u00f3gica descart\u00e1vel\",\"isPartOf\":{\"@id\":\"https:\\\/\\\/escolhelab.com.br\\\/#website\"},\"primaryImageOfPage\":{\"@id\":\"https:\\\/\\\/escolhelab.com.br\\\/pipeta-sorologica-descartavel-c\\\/#primaryimage\"},\"image\":{\"@id\":\"https:\\\/\\\/escolhelab.com.br\\\/pipeta-sorologica-descartavel-c\\\/#primaryimage\"},\"thumbnailUrl\":\"https:\\\/\\\/escolhelab.com.br\\\/wp-content\\\/uploads\\\/2024\\\/12\\\/pipeta-sorologica-plastica-descartavel-escolhelab-com-br.webp\",\"datePublished\":\"2024-12-09T23:48:25+00:00\",\"dateModified\":\"2025-08-25T19:33:56+00:00\",\"description\":\"% Pipeta sorol\u00f3gica descart\u00e1vel\",\"breadcrumb\":{\"@id\":\"https:\\\/\\\/escolhelab.com.br\\\/pipeta-sorologica-descartavel-c\\\/#breadcrumb\"},\"inLanguage\":\"en-US\",\"potentialAction\":[{\"@type\":\"ReadAction\",\"target\":[\"https:\\\/\\\/escolhelab.com.br\\\/pipeta-sorologica-descartavel-c\\\/\"]}]},{\"@type\":\"ImageObject\",\"inLanguage\":\"en-US\",\"@id\":\"https:\\\/\\\/escolhelab.com.br\\\/pipeta-sorologica-descartavel-c\\\/#primaryimage\",\"url\":\"https:\\\/\\\/escolhelab.com.br\\\/wp-content\\\/uploads\\\/2024\\\/12\\\/pipeta-sorologica-plastica-descartavel-escolhelab-com-br.webp\",\"contentUrl\":\"https:\\\/\\\/escolhelab.com.br\\\/wp-content\\\/uploads\\\/2024\\\/12\\\/pipeta-sorologica-plastica-descartavel-escolhelab-com-br.webp\",\"width\":700,\"height\":800},{\"@type\":\"BreadcrumbList\",\"@id\":\"https:\\\/\\\/escolhelab.com.br\\\/pipeta-sorologica-descartavel-c\\\/#breadcrumb\",\"itemListElement\":[{\"@type\":\"ListItem\",\"position\":1,\"name\":\"In\u00edcio\",\"item\":\"https:\\\/\\\/escolhelab.com.br\\\/\"},{\"@type\":\"ListItem\",\"position\":2,\"name\":\"loja\",\"item\":\"https:\\\/\\\/escolhelab.com.br\\\/loja\\\/\"},{\"@type\":\"ListItem\",\"position\":3,\"name\":\"Pipeta sorol\u00f3gica descart\u00e1vel\"}]},{\"@type\":\"WebSite\",\"@id\":\"https:\\\/\\\/escolhelab.com.br\\\/#website\",\"url\":\"https:\\\/\\\/escolhelab.com.br\\\/\",\"name\":\"Loja de produtos para laboratorio\",\"description\":\"Produtos para Laborat\u00f3rio,Artigos e outros na loja do quimico\",\"publisher\":{\"@id\":\"https:\\\/\\\/escolhelab.com.br\\\/#organization\"},\"alternateName\":\"escolhelab\",\"potentialAction\":[{\"@type\":\"SearchAction\",\"target\":{\"@type\":\"EntryPoint\",\"urlTemplate\":\"https:\\\/\\\/escolhelab.com.br\\\/?s={search_term_string}\"},\"query-input\":{\"@type\":\"PropertyValueSpecification\",\"valueRequired\":true,\"valueName\":\"search_term_string\"}}],\"inLanguage\":\"en-US\"},{\"@type\":\"Organization\",\"@id\":\"https:\\\/\\\/escolhelab.com.br\\\/#organization\",\"name\":\"loja escolhelab\",\"alternateName\":\"escolhelab\",\"url\":\"https:\\\/\\\/escolhelab.com.br\\\/\",\"logo\":{\"@type\":\"ImageObject\",\"inLanguage\":\"en-US\",\"@id\":\"https:\\\/\\\/escolhelab.com.br\\\/#\\\/schema\\\/logo\\\/image\\\/\",\"url\":\"https:\\\/\\\/escolhelab.com.br\\\/wp-content\\\/uploads\\\/2024\\\/12\\\/icone-e-512-512escolhelab-com-br-2-800x800.png\",\"contentUrl\":\"https:\\\/\\\/escolhelab.com.br\\\/wp-content\\\/uploads\\\/2024\\\/12\\\/icone-e-512-512escolhelab-com-br-2-800x800.png\",\"width\":800,\"height\":800,\"caption\":\"loja escolhelab\"},\"image\":{\"@id\":\"https:\\\/\\\/escolhelab.com.br\\\/#\\\/schema\\\/logo\\\/image\\\/\"}}]}<\/script>\n<!-- \/ Yoast SEO Premium plugin. -->","yoast_head_json":{"title":"Pipeta sorol\u00f3gica descart\u00e1vel","description":"% Pipeta sorol\u00f3gica descart\u00e1vel","robots":{"index":"index","follow":"follow","max-snippet":"max-snippet:-1","max-image-preview":"max-image-preview:large","max-video-preview":"max-video-preview:-1"},"canonical":"https:\/\/escolhelab.com.br\/en\/pipeta-sorologica-descartavel-c\/","og_locale":"en_US","og_type":"article","og_title":"Pipeta sorol\u00f3gica descart\u00e1vel","og_description":"% Pipeta sorol\u00f3gica descart\u00e1vel","og_url":"https:\/\/escolhelab.com.br\/en\/pipeta-sorologica-descartavel-c\/","og_site_name":"Loja de produtos para laboratorio","article_modified_time":"2025-08-25T19:33:56+00:00","og_image":[{"width":700,"height":800,"url":"https:\/\/escolhelab.com.br\/wp-content\/uploads\/2024\/12\/pipeta-sorologica-plastica-descartavel-escolhelab-com-br.webp","type":"image\/webp"}],"twitter_card":"summary_large_image","twitter_misc":{"Est. reading time":"1 minute"},"schema":{"@context":"https:\/\/schema.org","@graph":[{"@type":"WebPage","@id":"https:\/\/escolhelab.com.br\/pipeta-sorologica-descartavel-c\/","url":"https:\/\/escolhelab.com.br\/pipeta-sorologica-descartavel-c\/","name":"Pipeta sorol\u00f3gica descart\u00e1vel","isPartOf":{"@id":"https:\/\/escolhelab.com.br\/#website"},"primaryImageOfPage":{"@id":"https:\/\/escolhelab.com.br\/pipeta-sorologica-descartavel-c\/#primaryimage"},"image":{"@id":"https:\/\/escolhelab.com.br\/pipeta-sorologica-descartavel-c\/#primaryimage"},"thumbnailUrl":"https:\/\/escolhelab.com.br\/wp-content\/uploads\/2024\/12\/pipeta-sorologica-plastica-descartavel-escolhelab-com-br.webp","datePublished":"2024-12-09T23:48:25+00:00","dateModified":"2025-08-25T19:33:56+00:00","description":"% Pipeta sorol\u00f3gica descart\u00e1vel","breadcrumb":{"@id":"https:\/\/escolhelab.com.br\/pipeta-sorologica-descartavel-c\/#breadcrumb"},"inLanguage":"en-US","potentialAction":[{"@type":"ReadAction","target":["https:\/\/escolhelab.com.br\/pipeta-sorologica-descartavel-c\/"]}]},{"@type":"ImageObject","inLanguage":"en-US","@id":"https:\/\/escolhelab.com.br\/pipeta-sorologica-descartavel-c\/#primaryimage","url":"https:\/\/escolhelab.com.br\/wp-content\/uploads\/2024\/12\/pipeta-sorologica-plastica-descartavel-escolhelab-com-br.webp","contentUrl":"https:\/\/escolhelab.com.br\/wp-content\/uploads\/2024\/12\/pipeta-sorologica-plastica-descartavel-escolhelab-com-br.webp","width":700,"height":800},{"@type":"BreadcrumbList","@id":"https:\/\/escolhelab.com.br\/pipeta-sorologica-descartavel-c\/#breadcrumb","itemListElement":[{"@type":"ListItem","position":1,"name":"In\u00edcio","item":"https:\/\/escolhelab.com.br\/"},{"@type":"ListItem","position":2,"name":"loja","item":"https:\/\/escolhelab.com.br\/loja\/"},{"@type":"ListItem","position":3,"name":"Pipeta sorol\u00f3gica descart\u00e1vel"}]},{"@type":"WebSite","@id":"https:\/\/escolhelab.com.br\/#website","url":"https:\/\/escolhelab.com.br\/","name":"Loja de produtos para laboratorio","description":"Produtos para Laborat\u00f3rio,Artigos e outros na loja do quimico","publisher":{"@id":"https:\/\/escolhelab.com.br\/#organization"},"alternateName":"escolhelab","potentialAction":[{"@type":"SearchAction","target":{"@type":"EntryPoint","urlTemplate":"https:\/\/escolhelab.com.br\/?s={search_term_string}"},"query-input":{"@type":"PropertyValueSpecification","valueRequired":true,"valueName":"search_term_string"}}],"inLanguage":"en-US"},{"@type":"Organization","@id":"https:\/\/escolhelab.com.br\/#organization","name":"loja escolhelab","alternateName":"escolhelab","url":"https:\/\/escolhelab.com.br\/","logo":{"@type":"ImageObject","inLanguage":"en-US","@id":"https:\/\/escolhelab.com.br\/#\/schema\/logo\/image\/","url":"https:\/\/escolhelab.com.br\/wp-content\/uploads\/2024\/12\/icone-e-512-512escolhelab-com-br-2-800x800.png","contentUrl":"https:\/\/escolhelab.com.br\/wp-content\/uploads\/2024\/12\/icone-e-512-512escolhelab-com-br-2-800x800.png","width":800,"height":800,"caption":"loja escolhelab"},"image":{"@id":"https:\/\/escolhelab.com.br\/#\/schema\/logo\/image\/"}}]}},"tiered_pricing_type":"fixed","tiered_pricing_fixed_rules":[],"tiered_pricing_product_settings":{"layout":"default","base_unit_name":{"singular":null,"plural":null},"default_variation":null},"tiered_pricing_minimum_quantity":null,"tiered_pricing_roles_data":[],"tiered_pricing_percentage_rules":[],"tiered_pricing_maximum_quantity":null,"tiered_pricing_quantity_step":null,"_links":{"self":[{"href":"https:\/\/escolhelab.com.br\/en\/wp-json\/wp\/v2\/product\/34095","targetHints":{"allow":["GET"]}}],"collection":[{"href":"https:\/\/escolhelab.com.br\/en\/wp-json\/wp\/v2\/product"}],"about":[{"href":"https:\/\/escolhelab.com.br\/en\/wp-json\/wp\/v2\/types\/product"}],"replies":[{"embeddable":true,"href":"https:\/\/escolhelab.com.br\/en\/wp-json\/wp\/v2\/comments?post=34095"}],"version-history":[{"count":0,"href":"https:\/\/escolhelab.com.br\/en\/wp-json\/wp\/v2\/product\/34095\/revisions"}],"wp:featuredmedia":[{"embeddable":true,"href":"https:\/\/escolhelab.com.br\/en\/wp-json\/wp\/v2\/media\/34098"}],"wp:attachment":[{"href":"https:\/\/escolhelab.com.br\/en\/wp-json\/wp\/v2\/media?parent=34095"}],"wp:term":[{"taxonomy":"product_brand","embeddable":true,"href":"https:\/\/escolhelab.com.br\/en\/wp-json\/wp\/v2\/product_brand?post=34095"},{"taxonomy":"product_cat","embeddable":true,"href":"https:\/\/escolhelab.com.br\/en\/wp-json\/wp\/v2\/product_cat?post=34095"},{"taxonomy":"product_tag","embeddable":true,"href":"https:\/\/escolhelab.com.br\/en\/wp-json\/wp\/v2\/product_tag?post=34095"}],"curies":[{"name":"wp","href":"https:\/\/api.w.org\/{rel}","templated":true}]}}