{"id":34106,"date":"2024-12-09T22:46:03","date_gmt":"2024-12-10T01:46:03","guid":{"rendered":"https:\/\/escolhelab.com.br\/?post_type=product&#038;p=34106"},"modified":"2025-08-25T16:40:32","modified_gmt":"2025-08-25T19:40:32","slug":"irgasan-triclosan-c","status":"publish","type":"product","link":"https:\/\/escolhelab.com.br\/en\/irgasan-triclosan-c\/","title":{"rendered":"Irgasan (Triclosan )"},"content":{"rendered":"<p><span style=\"font-size: 14pt; font-family: helvetica, arial, sans-serif;\"><strong>Irgasan (Triclosan)<\/strong>\u00a0<\/span><\/p>\n<p class=\"nome-produto titulo cor-secundaria\"><span style=\"font-family: helvetica, arial, sans-serif;\">Irgasan (Triclosan) \u00a0N\u00b0CAS:3380-34-5 Produto para uso exclusivo em laborat\u00f3rio ,os reagentes possuem certificado de an\u00e1lise e ficha FISPQ<\/span><\/p>\n<h2><span style=\"font-size: 12pt; font-family: helvetica, arial, sans-serif;\">Utiliza\u00e7\u00e3o do Irgasan (Ticlosan )<\/span><\/h2>\n<p><span style=\"font-family: helvetica, arial, sans-serif;\">O Irgasan\u00a0<b>\u00e9<\/b> um anti-bactericida e anti-s\u00e9ptico, que atua sobre as bact\u00e9rias existentes na pele, mesmo quando empregado em concentra\u00e7\u00f5es muito baixas. \u00c9 efetivo contra bact\u00e9rias gram negativas, bem como gram positivas e atua contra fungos e bolores. pode ser\u00a0 encontrado em medicamentos, sabonetes, lo\u00e7\u00f5es e cremes dentais.<\/span><\/p>\n<div id=\"_Ibo7Z6zKO6DU1sQP183u8AI_36\" class=\"bCOlv\" data-ved=\"2ahUKEwjs3qPn8eaJAxUgqpUCHdemGy4Q7NUEegQIFBAE\">\n<div class=\"IZE3Td\">\n<div class=\"r2fjmd t0bRye\" data-hveid=\"CBQQBQ\" data-ved=\"2ahUKEwjs3qPn8eaJAxUgqpUCHdemGy4Qu04oAHoECBQQBQ\">\n<div id=\"Ibo7Z6zKO6DU1sQP183u8AI__18\">\n<div class=\"wDYxhc\" data-md=\"61\">\n<div class=\"LGOjhe\" data-attrid=\"wa:\/description\" data-hveid=\"CCIQAA\"><span style=\"font-family: helvetica, arial, sans-serif;\">Apresenta boa toler\u00e2ncia para uso na pele e cavidade bucal em baixas concentra\u00e7\u00f5es.<\/span><br \/>\n<span style=\"font-family: helvetica, arial, sans-serif;\">\u00c9 um anti-s\u00e9ptico, bactericida, fungicida e viricida, sendo que \u00e9 uma prepara\u00e7\u00e3o a base de fenol.<\/span><\/div>\n<div class=\"LGOjhe\" data-attrid=\"wa:\/description\" data-hveid=\"CCIQAA\"><span style=\"font-family: helvetica, arial, sans-serif;\">Estas solu\u00e7\u00f5es s\u00e3o indicadas para limpeza de ambientes e \u00e1reas cr\u00edticas com pus, sangue, urina, fezes e outras secre\u00e7\u00f5es, al\u00e9m de em contato com a umidade exercem a\u00e7\u00e3o antimicrobiana residual.<\/span><\/div>\n<h3 class=\"LGOjhe\" data-attrid=\"wa:\/description\" data-hveid=\"CCIQAA\"><span style=\"font-size: 12pt; font-family: helvetica, arial, sans-serif;\">Indica\u00e7\u00e3o do Irgasan( Triclosan) :<\/span><\/h3>\n<div class=\"LGOjhe\" data-attrid=\"wa:\/description\" data-hveid=\"CCIQAA\"><span style=\"font-family: helvetica, arial, sans-serif;\">Pesquisas j\u00e1 comprovaram que o desagrad\u00e1vel odor, principalmente do suor axilar, \u00e9 ocasionado pelo metabolismo ativo das bact\u00e9rias cut\u00e2neas. Neste sentido, a a\u00e7\u00e3o desodorizante pode ser obtida com o emprego de antiperspirantes, que reduzem a secre\u00e7\u00e3o sudor\u00edpara, ou utilizando bacteriost\u00e1ticos, que freiam a prolifera\u00e7\u00e3o das bact\u00e9rias cut\u00e2neas, evitando a decomposi\u00e7\u00e3o e mau odor do suor.<\/span><br \/>\n<span style=\"font-family: helvetica, arial, sans-serif;\">Dessa forma, torna-se importante \u00e0 atua\u00e7\u00e3o sobre micro organismos Gram positivos e negativos, pois estes \u00faltimos, pelo que se sabe, contribuem ao odor desagrad\u00e1vel corporal.<\/span><br \/>\n<span style=\"font-family: helvetica, arial, sans-serif;\">O TRICLOSAN atua sobre estas bact\u00e9rias existentes na pele, mesmo quando empregado em concentra\u00e7\u00f5es muito baixas. Al\u00e9m disso, apresenta boa compatibilidade com a pele humana, podendo ser utilizado com seguran\u00e7a como solu\u00e7\u00f5es e sabonetes anti-s\u00e9pticos e cir\u00fargicos ou desodorantes.<\/span><br \/>\n<span style=\"font-family: helvetica, arial, sans-serif;\">TRICLOSAN pode ser utilizado em uma ampla gama de produtos: Desodorantes L\u00edquidos ou em Barra, Sabonetes L\u00edquidos, Sabonetes Antiss\u00e9pticos, Produtos para Banho, Emuls\u00f5es, Shampoos, Produtos para Barbear, Pastas de dente, entre outros.<\/span><\/div>\n<div data-attrid=\"wa:\/description\" data-hveid=\"CCIQAA\"><\/div>\n<h4 data-attrid=\"wa:\/description\" data-hveid=\"CCIQAA\"><span style=\"font-family: helvetica, arial, sans-serif;\">ARMAZENAMENTO<\/span><\/h4>\n<div data-attrid=\"wa:\/description\" data-hveid=\"CCIQAA\"><span style=\"font-family: helvetica, arial, sans-serif;\">Acondicionar em recipiente herm\u00e9tico, ao abrigo da umidade, do calor e da luz solar direta.<\/span><\/div>\n<\/div>\n<\/div>\n<\/div>\n<\/div>\n<\/div>\n<p>&nbsp;<\/p>\n<p><span style=\"font-family: helvetica, arial, sans-serif;\"><strong>Outras capacidades e medidas consulte nos\u00a0 atrav\u00e9s email:vendas@escolhelab.com.br<br \/>\n<a href=\"https:\/\/escolhelab.com.br\/en\/\">site:escolhelab.com.br<\/a><\/strong><\/span><\/p>\n<p>&nbsp;<\/p>","protected":false},"excerpt":{"rendered":"<p><span style=\"font-family: helvetica, arial, sans-serif;\">Irgasan (Triclosan) \u00a0N\u00b0CAS:3380-34-5\u00a0 Produto para uso exclusivo em laborat\u00f3rio<\/span><br \/>\n<span style=\"font-family: helvetica, arial, sans-serif;\">os reagentes possuem certificado de an\u00e1lise e ficha FISPQ<\/span><\/p>","protected":false},"featured_media":34109,"comment_status":"open","ping_status":"closed","template":"","meta":{"_acf_changed":false,"iawp_total_views":15},"product_brand":[],"product_cat":[726,606],"product_tag":[],"class_list":{"0":"post-34106","1":"product","2":"type-product","3":"status-publish","4":"has-post-thumbnail","6":"product_cat-analises-aguas-e-papel-ph","7":"product_cat-quimico","8":"product_shipping_class-produtos-laboratorio-quimico","10":"first","11":"instock","12":"shipping-taxable","13":"purchasable","14":"product-type-variable"},"acf":[],"yoast_head":"<!-- This site is optimized with the Yoast SEO Premium plugin v26.2 (Yoast SEO v27.3) - https:\/\/yoast.com\/product\/yoast-seo-premium-wordpress\/ -->\n<title>Irgasan (Triclosan )<\/title>\n<meta name=\"description\" content=\"Irgasan (Triclosan) N\u00b0CAS:3380-34-5 Produto para uso exclusivo em laborat\u00f3rio ,os reagentes possuem certificado de an\u00e1lise e ficha FISPQ\" \/>\n<meta name=\"robots\" content=\"index, follow, max-snippet:-1, max-image-preview:large, max-video-preview:-1\" \/>\n<link rel=\"canonical\" href=\"https:\/\/escolhelab.com.br\/en\/irgasan-triclosan-c\/\" \/>\n<meta property=\"og:locale\" content=\"en_US\" \/>\n<meta property=\"og:type\" content=\"article\" \/>\n<meta property=\"og:title\" content=\"Irgasan (Triclosan )\" \/>\n<meta property=\"og:description\" content=\"Irgasan (Triclosan) N\u00b0CAS:3380-34-5 Produto para uso exclusivo em laborat\u00f3rio ,os reagentes possuem certificado de an\u00e1lise e ficha FISPQ\" \/>\n<meta property=\"og:url\" content=\"https:\/\/escolhelab.com.br\/en\/irgasan-triclosan-c\/\" \/>\n<meta property=\"og:site_name\" content=\"Loja de produtos para laboratorio\" \/>\n<meta property=\"article:modified_time\" content=\"2025-08-25T19:40:32+00:00\" \/>\n<meta property=\"og:image\" content=\"https:\/\/escolhelab.com.br\/wp-content\/uploads\/2024\/12\/IRGASAN-TRICLOSAN-escolhelab-com-br.webp\" \/>\n\t<meta property=\"og:image:width\" content=\"700\" \/>\n\t<meta property=\"og:image:height\" content=\"800\" \/>\n\t<meta property=\"og:image:type\" content=\"image\/webp\" \/>\n<meta name=\"twitter:card\" content=\"summary_large_image\" \/>\n<meta name=\"twitter:label1\" content=\"Est. reading time\" \/>\n\t<meta name=\"twitter:data1\" content=\"2 minutes\" \/>\n<script type=\"application\/ld+json\" class=\"yoast-schema-graph\">{\"@context\":\"https:\\\/\\\/schema.org\",\"@graph\":[{\"@type\":\"WebPage\",\"@id\":\"https:\\\/\\\/escolhelab.com.br\\\/irgasan-triclosan-c\\\/\",\"url\":\"https:\\\/\\\/escolhelab.com.br\\\/irgasan-triclosan-c\\\/\",\"name\":\"Irgasan (Triclosan )\",\"isPartOf\":{\"@id\":\"https:\\\/\\\/escolhelab.com.br\\\/#website\"},\"primaryImageOfPage\":{\"@id\":\"https:\\\/\\\/escolhelab.com.br\\\/irgasan-triclosan-c\\\/#primaryimage\"},\"image\":{\"@id\":\"https:\\\/\\\/escolhelab.com.br\\\/irgasan-triclosan-c\\\/#primaryimage\"},\"thumbnailUrl\":\"https:\\\/\\\/escolhelab.com.br\\\/wp-content\\\/uploads\\\/2024\\\/12\\\/IRGASAN-TRICLOSAN-escolhelab-com-br.webp\",\"datePublished\":\"2024-12-10T01:46:03+00:00\",\"dateModified\":\"2025-08-25T19:40:32+00:00\",\"description\":\"Irgasan (Triclosan) N\u00b0CAS:3380-34-5 Produto para uso exclusivo em laborat\u00f3rio ,os reagentes possuem certificado de an\u00e1lise e ficha FISPQ\",\"breadcrumb\":{\"@id\":\"https:\\\/\\\/escolhelab.com.br\\\/irgasan-triclosan-c\\\/#breadcrumb\"},\"inLanguage\":\"en-US\",\"potentialAction\":[{\"@type\":\"ReadAction\",\"target\":[\"https:\\\/\\\/escolhelab.com.br\\\/irgasan-triclosan-c\\\/\"]}]},{\"@type\":\"ImageObject\",\"inLanguage\":\"en-US\",\"@id\":\"https:\\\/\\\/escolhelab.com.br\\\/irgasan-triclosan-c\\\/#primaryimage\",\"url\":\"https:\\\/\\\/escolhelab.com.br\\\/wp-content\\\/uploads\\\/2024\\\/12\\\/IRGASAN-TRICLOSAN-escolhelab-com-br.webp\",\"contentUrl\":\"https:\\\/\\\/escolhelab.com.br\\\/wp-content\\\/uploads\\\/2024\\\/12\\\/IRGASAN-TRICLOSAN-escolhelab-com-br.webp\",\"width\":700,\"height\":800},{\"@type\":\"BreadcrumbList\",\"@id\":\"https:\\\/\\\/escolhelab.com.br\\\/irgasan-triclosan-c\\\/#breadcrumb\",\"itemListElement\":[{\"@type\":\"ListItem\",\"position\":1,\"name\":\"In\u00edcio\",\"item\":\"https:\\\/\\\/escolhelab.com.br\\\/\"},{\"@type\":\"ListItem\",\"position\":2,\"name\":\"loja\",\"item\":\"https:\\\/\\\/escolhelab.com.br\\\/loja\\\/\"},{\"@type\":\"ListItem\",\"position\":3,\"name\":\"Irgasan (Triclosan )\"}]},{\"@type\":\"WebSite\",\"@id\":\"https:\\\/\\\/escolhelab.com.br\\\/#website\",\"url\":\"https:\\\/\\\/escolhelab.com.br\\\/\",\"name\":\"Loja de produtos para laboratorio\",\"description\":\"Produtos para Laborat\u00f3rio,Artigos e outros na loja do quimico\",\"publisher\":{\"@id\":\"https:\\\/\\\/escolhelab.com.br\\\/#organization\"},\"alternateName\":\"escolhelab\",\"potentialAction\":[{\"@type\":\"SearchAction\",\"target\":{\"@type\":\"EntryPoint\",\"urlTemplate\":\"https:\\\/\\\/escolhelab.com.br\\\/?s={search_term_string}\"},\"query-input\":{\"@type\":\"PropertyValueSpecification\",\"valueRequired\":true,\"valueName\":\"search_term_string\"}}],\"inLanguage\":\"en-US\"},{\"@type\":\"Organization\",\"@id\":\"https:\\\/\\\/escolhelab.com.br\\\/#organization\",\"name\":\"loja escolhelab\",\"alternateName\":\"escolhelab\",\"url\":\"https:\\\/\\\/escolhelab.com.br\\\/\",\"logo\":{\"@type\":\"ImageObject\",\"inLanguage\":\"en-US\",\"@id\":\"https:\\\/\\\/escolhelab.com.br\\\/#\\\/schema\\\/logo\\\/image\\\/\",\"url\":\"https:\\\/\\\/escolhelab.com.br\\\/wp-content\\\/uploads\\\/2024\\\/12\\\/icone-e-512-512escolhelab-com-br-2-800x800.png\",\"contentUrl\":\"https:\\\/\\\/escolhelab.com.br\\\/wp-content\\\/uploads\\\/2024\\\/12\\\/icone-e-512-512escolhelab-com-br-2-800x800.png\",\"width\":800,\"height\":800,\"caption\":\"loja escolhelab\"},\"image\":{\"@id\":\"https:\\\/\\\/escolhelab.com.br\\\/#\\\/schema\\\/logo\\\/image\\\/\"}}]}<\/script>\n<!-- \/ Yoast SEO Premium plugin. -->","yoast_head_json":{"title":"Irgasan (Triclosan )","description":"Irgasan (Triclosan) N\u00b0CAS:3380-34-5 Produto para uso exclusivo em laborat\u00f3rio ,os reagentes possuem certificado de an\u00e1lise e ficha FISPQ","robots":{"index":"index","follow":"follow","max-snippet":"max-snippet:-1","max-image-preview":"max-image-preview:large","max-video-preview":"max-video-preview:-1"},"canonical":"https:\/\/escolhelab.com.br\/en\/irgasan-triclosan-c\/","og_locale":"en_US","og_type":"article","og_title":"Irgasan (Triclosan )","og_description":"Irgasan (Triclosan) N\u00b0CAS:3380-34-5 Produto para uso exclusivo em laborat\u00f3rio ,os reagentes possuem certificado de an\u00e1lise e ficha FISPQ","og_url":"https:\/\/escolhelab.com.br\/en\/irgasan-triclosan-c\/","og_site_name":"Loja de produtos para laboratorio","article_modified_time":"2025-08-25T19:40:32+00:00","og_image":[{"width":700,"height":800,"url":"https:\/\/escolhelab.com.br\/wp-content\/uploads\/2024\/12\/IRGASAN-TRICLOSAN-escolhelab-com-br.webp","type":"image\/webp"}],"twitter_card":"summary_large_image","twitter_misc":{"Est. reading time":"2 minutes"},"schema":{"@context":"https:\/\/schema.org","@graph":[{"@type":"WebPage","@id":"https:\/\/escolhelab.com.br\/irgasan-triclosan-c\/","url":"https:\/\/escolhelab.com.br\/irgasan-triclosan-c\/","name":"Irgasan (Triclosan )","isPartOf":{"@id":"https:\/\/escolhelab.com.br\/#website"},"primaryImageOfPage":{"@id":"https:\/\/escolhelab.com.br\/irgasan-triclosan-c\/#primaryimage"},"image":{"@id":"https:\/\/escolhelab.com.br\/irgasan-triclosan-c\/#primaryimage"},"thumbnailUrl":"https:\/\/escolhelab.com.br\/wp-content\/uploads\/2024\/12\/IRGASAN-TRICLOSAN-escolhelab-com-br.webp","datePublished":"2024-12-10T01:46:03+00:00","dateModified":"2025-08-25T19:40:32+00:00","description":"Irgasan (Triclosan) N\u00b0CAS:3380-34-5 Produto para uso exclusivo em laborat\u00f3rio ,os reagentes possuem certificado de an\u00e1lise e ficha FISPQ","breadcrumb":{"@id":"https:\/\/escolhelab.com.br\/irgasan-triclosan-c\/#breadcrumb"},"inLanguage":"en-US","potentialAction":[{"@type":"ReadAction","target":["https:\/\/escolhelab.com.br\/irgasan-triclosan-c\/"]}]},{"@type":"ImageObject","inLanguage":"en-US","@id":"https:\/\/escolhelab.com.br\/irgasan-triclosan-c\/#primaryimage","url":"https:\/\/escolhelab.com.br\/wp-content\/uploads\/2024\/12\/IRGASAN-TRICLOSAN-escolhelab-com-br.webp","contentUrl":"https:\/\/escolhelab.com.br\/wp-content\/uploads\/2024\/12\/IRGASAN-TRICLOSAN-escolhelab-com-br.webp","width":700,"height":800},{"@type":"BreadcrumbList","@id":"https:\/\/escolhelab.com.br\/irgasan-triclosan-c\/#breadcrumb","itemListElement":[{"@type":"ListItem","position":1,"name":"In\u00edcio","item":"https:\/\/escolhelab.com.br\/"},{"@type":"ListItem","position":2,"name":"loja","item":"https:\/\/escolhelab.com.br\/loja\/"},{"@type":"ListItem","position":3,"name":"Irgasan (Triclosan )"}]},{"@type":"WebSite","@id":"https:\/\/escolhelab.com.br\/#website","url":"https:\/\/escolhelab.com.br\/","name":"Loja de produtos para laboratorio","description":"Produtos para Laborat\u00f3rio,Artigos e outros na loja do quimico","publisher":{"@id":"https:\/\/escolhelab.com.br\/#organization"},"alternateName":"escolhelab","potentialAction":[{"@type":"SearchAction","target":{"@type":"EntryPoint","urlTemplate":"https:\/\/escolhelab.com.br\/?s={search_term_string}"},"query-input":{"@type":"PropertyValueSpecification","valueRequired":true,"valueName":"search_term_string"}}],"inLanguage":"en-US"},{"@type":"Organization","@id":"https:\/\/escolhelab.com.br\/#organization","name":"loja escolhelab","alternateName":"escolhelab","url":"https:\/\/escolhelab.com.br\/","logo":{"@type":"ImageObject","inLanguage":"en-US","@id":"https:\/\/escolhelab.com.br\/#\/schema\/logo\/image\/","url":"https:\/\/escolhelab.com.br\/wp-content\/uploads\/2024\/12\/icone-e-512-512escolhelab-com-br-2-800x800.png","contentUrl":"https:\/\/escolhelab.com.br\/wp-content\/uploads\/2024\/12\/icone-e-512-512escolhelab-com-br-2-800x800.png","width":800,"height":800,"caption":"loja escolhelab"},"image":{"@id":"https:\/\/escolhelab.com.br\/#\/schema\/logo\/image\/"}}]}},"tiered_pricing_type":"fixed","tiered_pricing_fixed_rules":[],"tiered_pricing_product_settings":{"layout":"default","base_unit_name":{"singular":null,"plural":null},"default_variation":null},"tiered_pricing_minimum_quantity":null,"tiered_pricing_roles_data":[],"tiered_pricing_percentage_rules":[],"tiered_pricing_maximum_quantity":null,"tiered_pricing_quantity_step":null,"_links":{"self":[{"href":"https:\/\/escolhelab.com.br\/en\/wp-json\/wp\/v2\/product\/34106","targetHints":{"allow":["GET"]}}],"collection":[{"href":"https:\/\/escolhelab.com.br\/en\/wp-json\/wp\/v2\/product"}],"about":[{"href":"https:\/\/escolhelab.com.br\/en\/wp-json\/wp\/v2\/types\/product"}],"replies":[{"embeddable":true,"href":"https:\/\/escolhelab.com.br\/en\/wp-json\/wp\/v2\/comments?post=34106"}],"version-history":[{"count":0,"href":"https:\/\/escolhelab.com.br\/en\/wp-json\/wp\/v2\/product\/34106\/revisions"}],"wp:featuredmedia":[{"embeddable":true,"href":"https:\/\/escolhelab.com.br\/en\/wp-json\/wp\/v2\/media\/34109"}],"wp:attachment":[{"href":"https:\/\/escolhelab.com.br\/en\/wp-json\/wp\/v2\/media?parent=34106"}],"wp:term":[{"taxonomy":"product_brand","embeddable":true,"href":"https:\/\/escolhelab.com.br\/en\/wp-json\/wp\/v2\/product_brand?post=34106"},{"taxonomy":"product_cat","embeddable":true,"href":"https:\/\/escolhelab.com.br\/en\/wp-json\/wp\/v2\/product_cat?post=34106"},{"taxonomy":"product_tag","embeddable":true,"href":"https:\/\/escolhelab.com.br\/en\/wp-json\/wp\/v2\/product_tag?post=34106"}],"curies":[{"name":"wp","href":"https:\/\/api.w.org\/{rel}","templated":true}]}}