{"id":34111,"date":"2024-12-09T23:00:00","date_gmt":"2024-12-10T02:00:00","guid":{"rendered":"https:\/\/escolhelab.com.br\/?post_type=product&#038;p=34111"},"modified":"2025-08-25T16:49:07","modified_gmt":"2025-08-25T19:49:07","slug":"viscosimetro-copo-ford-em-aluminio-c","status":"publish","type":"product","link":"https:\/\/escolhelab.com.br\/en\/viscosimetro-copo-ford-em-aluminio-c\/","title":{"rendered":"Viscos\u00edmetro copo Ford em Alum\u00ednio &#8211; Inox"},"content":{"rendered":"<p><span style=\"font-family: helvetica, arial, sans-serif;\">Primeiramente podemos dizer que o Viscos\u00edmetro copo Ford em Alum\u00ednio \u00e9 um dispositivo simples de gravidade. Por isso ele permite o fluxo cronometrado de um volume conhecido de l\u00edquido que passa atrav\u00e9s de um orif\u00edcio localizado na parte inferior do copo.<\/span><\/p>\n<p><span style=\"font-family: helvetica, arial, sans-serif;\">Dessa forma essa taxa de fluxo seria proporcional \u00e0 viscosidade, que depende da gravidade espec\u00edfica do l\u00edquido de drenagem. No entanto, as condi\u00e7\u00f5es em um copo de fluxo simples raramente s\u00e3o ideais para realizar verdadeiras medi\u00e7\u00f5es de viscosidade.<\/span><\/p>\n<h2><span style=\"font-family: helvetica, arial, sans-serif;\"><span style=\"font-size: 14pt;\"><strong>Especifica\u00e7\u00f5es T\u00e9cnicas do <\/strong><\/span><span style=\"font-size: 14pt;\">Viscos\u00edmetro copo Ford em Alum\u00ednio ou Inox<\/span><\/span><\/h2>\n<ul>\n<li><span style=\"font-family: helvetica, arial, sans-serif;\">Atende aos padr\u00f5es e normas t\u00e9cnicas ASTM D1200 e ABNT NBR 5849;<\/span><\/li>\n<li><span style=\"font-family: helvetica, arial, sans-serif;\">Tem seu copo, trip\u00e9 e sapatas reguladoras em Alum\u00ednio, orif\u00edcios intercambi\u00e1veis, sendo que este modelo acompanha somente um orif\u00edcio em lat\u00e3o;<\/span><\/li>\n<li style=\"text-align: left;\"><span style=\"font-family: helvetica, arial, sans-serif;\">Possui l\u00e2mina de vidro e n\u00edvel bolha;<\/span><\/li>\n<li style=\"text-align: left;\"><span style=\"font-family: helvetica, arial, sans-serif;\">Tem um excelente acabamento polido;<\/span><\/li>\n<li style=\"text-align: left;\"><span style=\"font-family: helvetica, arial, sans-serif;\">Utilizado na prepara\u00e7\u00e3o de vernizes, tintas, resinas, xampus, cremes, etc.<\/span><\/li>\n<\/ul>\n<h3><span style=\"font-size: 14pt; font-family: helvetica, arial, sans-serif;\"><strong>Observa\u00e7\u00e3o<\/strong><\/span><\/h3>\n<p><span style=\"font-family: helvetica, arial, sans-serif;\">Como conclus\u00e3o, ao usar um Viscos\u00edmetro copo Ford no teste dos l\u00edquidos, \u00e9 importante lembrar que a temperatura do copo e do l\u00edquido sejam mantidas.\u00a0 Para isso podemos utilizar um <span style=\"background-color: #33cccc; color: #000000;\">Term\u00f4metro tipo Espeto<\/span> para validar a temperatura. Tamb\u00e9m sabemos que a temperatura ambiente faz uma diferen\u00e7a significativa na viscosidade e, portanto, na vaz\u00e3o.<\/span><\/p>\n<h3><span style=\"font-family: helvetica, arial, sans-serif;\"><span style=\"font-size: 14pt;\">M\u00e9todo de Teste Padr\u00e3o ASTM D1200 para <\/span><span style=\"font-size: 14pt;\">Viscos\u00edmetro copo Ford<\/span><\/span><\/h3>\n<p><span style=\"font-family: helvetica, arial, sans-serif;\">Esta norma cobre a determina\u00e7\u00e3o da viscosidade de tintas, vernizes, lacas e materiais l\u00edquidos relacionados com um copo de viscosidade de fluxo tipo Ford.<\/span><\/p>\n<p><span style=\"font-family: helvetica, arial, sans-serif;\">Dessa forma, o copo \u00e9 preenchido com o fluido que ser\u00e1 testado e o tempo que leva para o material fluir por um dos orif\u00edcios padr\u00e3o \u00e9 medido. Essa medi\u00e7\u00e3o \u00e9 feita utilizando-se um <span style=\"color: #000000; background-color: #33cccc;\">Cron\u00f4metro<\/span>.<\/span><\/p>\n<p class=\"gt-block\"><span style=\"font-family: helvetica, arial, sans-serif;\">Este padr\u00e3o n\u00e3o pretende abordar todas as quest\u00f5es de seguran\u00e7a associadas ao seu uso. Por isso cabe ao usu\u00e1rio final determinar a aplicabilidade das restri\u00e7\u00f5es regulat\u00f3rias antes do uso.<\/span><\/p>\n<h3><span style=\"font-size: 14pt; font-family: helvetica, arial, sans-serif;\">Fale conosco<\/span><\/h3>\n<p><span style=\"font-family: helvetica, arial, sans-serif;\">Caso voc\u00ea precise de mais informa\u00e7\u00f5es ou tenha qualquer d\u00favida sobre como adquirir nossos produtos, entre em contato atrav\u00e9s de nosso e-mail <span style=\"color: #0000ff;\"><span style=\"background-color: #ccffff;\">ve<br \/>\nvendas@escolhelab.com.nr<br \/>\n<a href=\"https:\/\/escolhelab.com.br\/en\/\">site:escolhelab.com.br<\/a><\/span><\/span><\/span><\/p>","protected":false},"excerpt":{"rendered":"<p><span style=\"font-family: helvetica, arial, sans-serif;\">Viscos\u00edmetro copo Ford em A\u00e7o Alum\u00ednio\u00a0 ou inox atende <span class=\"fontstyle0\">aos padr\u00f5es das Normas ASTM D1200 e ABNT NBR5849 e sua <\/span><span class=\"fontstyle0\">f\u00e1cil utiliza\u00e7\u00e3o destina-se a determina\u00e7\u00e3o da viscosidade de tintas, vernizes, resinas e outros. Pode ser fornecido com orif\u00edcio no. 1, 2, 3, 4 e 5.<\/span><\/span><\/p>\n<p style=\"text-align: right;\">\u00a0<\/p>","protected":false},"featured_media":34112,"comment_status":"open","ping_status":"closed","template":"","meta":{"_acf_changed":false,"iawp_total_views":4},"product_brand":[],"product_cat":[725,606],"product_tag":[],"class_list":{"0":"post-34111","1":"product","2":"type-product","3":"status-publish","4":"has-post-thumbnail","6":"product_cat-acessorios-e-consumiveis","7":"product_cat-quimico","8":"product_shipping_class-produtos-laboratorio-quimico","10":"first","11":"instock","12":"shipping-taxable","13":"purchasable","14":"product-type-variable"},"acf":[],"yoast_head":"<!-- This site is optimized with the Yoast SEO Premium plugin v26.2 (Yoast SEO v27.4) - https:\/\/yoast.com\/product\/yoast-seo-premium-wordpress\/ -->\n<title>Viscos\u00edmetro copo Ford em Alum\u00ednio - Inox<\/title>\n<meta name=\"description\" content=\"Viscos\u00edmetro Copo Ford em Alum\u00ednio utilizado para determina\u00e7\u00e3o de viscosidade em tintas, vernizes, resinas e outros l\u00edquidos.\" \/>\n<meta name=\"robots\" content=\"index, follow, max-snippet:-1, max-image-preview:large, max-video-preview:-1\" \/>\n<link rel=\"canonical\" href=\"https:\/\/escolhelab.com.br\/en\/viscosimetro-copo-ford-em-aluminio-c\/\" \/>\n<meta property=\"og:locale\" content=\"en_US\" \/>\n<meta property=\"og:type\" content=\"article\" \/>\n<meta property=\"og:title\" content=\"Viscos\u00edmetro copo Ford em Alum\u00ednio - Inox\" \/>\n<meta property=\"og:description\" content=\"Viscos\u00edmetro Copo Ford em Alum\u00ednio utilizado para determina\u00e7\u00e3o de viscosidade em tintas, vernizes, resinas e outros l\u00edquidos.\" \/>\n<meta property=\"og:url\" content=\"https:\/\/escolhelab.com.br\/en\/viscosimetro-copo-ford-em-aluminio-c\/\" \/>\n<meta property=\"og:site_name\" content=\"Loja de produtos para laboratorio\" \/>\n<meta property=\"article:modified_time\" content=\"2025-08-25T19:49:07+00:00\" \/>\n<meta property=\"og:image\" content=\"https:\/\/escolhelab.com.br\/wp-content\/uploads\/2024\/12\/copo-ford-em-aco-inox-escolhelab-com-br.webp\" \/>\n\t<meta property=\"og:image:width\" content=\"700\" \/>\n\t<meta property=\"og:image:height\" content=\"800\" \/>\n\t<meta property=\"og:image:type\" content=\"image\/webp\" \/>\n<meta name=\"twitter:card\" content=\"summary_large_image\" \/>\n<meta name=\"twitter:label1\" content=\"Est. reading time\" \/>\n\t<meta name=\"twitter:data1\" content=\"2 minutes\" \/>\n<script type=\"application\/ld+json\" class=\"yoast-schema-graph\">{\"@context\":\"https:\\\/\\\/schema.org\",\"@graph\":[{\"@type\":\"WebPage\",\"@id\":\"https:\\\/\\\/escolhelab.com.br\\\/viscosimetro-copo-ford-em-aluminio-c\\\/\",\"url\":\"https:\\\/\\\/escolhelab.com.br\\\/viscosimetro-copo-ford-em-aluminio-c\\\/\",\"name\":\"Viscos\u00edmetro copo Ford em Alum\u00ednio - Inox\",\"isPartOf\":{\"@id\":\"https:\\\/\\\/escolhelab.com.br\\\/#website\"},\"primaryImageOfPage\":{\"@id\":\"https:\\\/\\\/escolhelab.com.br\\\/viscosimetro-copo-ford-em-aluminio-c\\\/#primaryimage\"},\"image\":{\"@id\":\"https:\\\/\\\/escolhelab.com.br\\\/viscosimetro-copo-ford-em-aluminio-c\\\/#primaryimage\"},\"thumbnailUrl\":\"https:\\\/\\\/escolhelab.com.br\\\/wp-content\\\/uploads\\\/2024\\\/12\\\/copo-ford-em-aco-inox-escolhelab-com-br.webp\",\"datePublished\":\"2024-12-10T02:00:00+00:00\",\"dateModified\":\"2025-08-25T19:49:07+00:00\",\"description\":\"Viscos\u00edmetro Copo Ford em Alum\u00ednio utilizado para determina\u00e7\u00e3o de viscosidade em tintas, vernizes, resinas e outros l\u00edquidos.\",\"breadcrumb\":{\"@id\":\"https:\\\/\\\/escolhelab.com.br\\\/viscosimetro-copo-ford-em-aluminio-c\\\/#breadcrumb\"},\"inLanguage\":\"en-US\",\"potentialAction\":[{\"@type\":\"ReadAction\",\"target\":[\"https:\\\/\\\/escolhelab.com.br\\\/viscosimetro-copo-ford-em-aluminio-c\\\/\"]}]},{\"@type\":\"ImageObject\",\"inLanguage\":\"en-US\",\"@id\":\"https:\\\/\\\/escolhelab.com.br\\\/viscosimetro-copo-ford-em-aluminio-c\\\/#primaryimage\",\"url\":\"https:\\\/\\\/escolhelab.com.br\\\/wp-content\\\/uploads\\\/2024\\\/12\\\/copo-ford-em-aco-inox-escolhelab-com-br.webp\",\"contentUrl\":\"https:\\\/\\\/escolhelab.com.br\\\/wp-content\\\/uploads\\\/2024\\\/12\\\/copo-ford-em-aco-inox-escolhelab-com-br.webp\",\"width\":700,\"height\":800},{\"@type\":\"BreadcrumbList\",\"@id\":\"https:\\\/\\\/escolhelab.com.br\\\/viscosimetro-copo-ford-em-aluminio-c\\\/#breadcrumb\",\"itemListElement\":[{\"@type\":\"ListItem\",\"position\":1,\"name\":\"In\u00edcio\",\"item\":\"https:\\\/\\\/escolhelab.com.br\\\/\"},{\"@type\":\"ListItem\",\"position\":2,\"name\":\"loja\",\"item\":\"https:\\\/\\\/escolhelab.com.br\\\/loja\\\/\"},{\"@type\":\"ListItem\",\"position\":3,\"name\":\"Viscos\u00edmetro copo Ford em Alum\u00ednio &#8211; Inox\"}]},{\"@type\":\"WebSite\",\"@id\":\"https:\\\/\\\/escolhelab.com.br\\\/#website\",\"url\":\"https:\\\/\\\/escolhelab.com.br\\\/\",\"name\":\"Loja de produtos para laboratorio\",\"description\":\"Produtos para Laborat\u00f3rio,Artigos e outros na loja do quimico\",\"publisher\":{\"@id\":\"https:\\\/\\\/escolhelab.com.br\\\/#organization\"},\"alternateName\":\"escolhelab\",\"potentialAction\":[{\"@type\":\"SearchAction\",\"target\":{\"@type\":\"EntryPoint\",\"urlTemplate\":\"https:\\\/\\\/escolhelab.com.br\\\/?s={search_term_string}\"},\"query-input\":{\"@type\":\"PropertyValueSpecification\",\"valueRequired\":true,\"valueName\":\"search_term_string\"}}],\"inLanguage\":\"en-US\"},{\"@type\":\"Organization\",\"@id\":\"https:\\\/\\\/escolhelab.com.br\\\/#organization\",\"name\":\"loja escolhelab\",\"alternateName\":\"escolhelab\",\"url\":\"https:\\\/\\\/escolhelab.com.br\\\/\",\"logo\":{\"@type\":\"ImageObject\",\"inLanguage\":\"en-US\",\"@id\":\"https:\\\/\\\/escolhelab.com.br\\\/#\\\/schema\\\/logo\\\/image\\\/\",\"url\":\"https:\\\/\\\/escolhelab.com.br\\\/wp-content\\\/uploads\\\/2024\\\/12\\\/icone-e-512-512escolhelab-com-br-2-800x800.png\",\"contentUrl\":\"https:\\\/\\\/escolhelab.com.br\\\/wp-content\\\/uploads\\\/2024\\\/12\\\/icone-e-512-512escolhelab-com-br-2-800x800.png\",\"width\":800,\"height\":800,\"caption\":\"loja escolhelab\"},\"image\":{\"@id\":\"https:\\\/\\\/escolhelab.com.br\\\/#\\\/schema\\\/logo\\\/image\\\/\"}}]}<\/script>\n<!-- \/ Yoast SEO Premium plugin. -->","yoast_head_json":{"title":"Viscos\u00edmetro copo Ford em Alum\u00ednio - Inox","description":"Viscos\u00edmetro Copo Ford em Alum\u00ednio utilizado para determina\u00e7\u00e3o de viscosidade em tintas, vernizes, resinas e outros l\u00edquidos.","robots":{"index":"index","follow":"follow","max-snippet":"max-snippet:-1","max-image-preview":"max-image-preview:large","max-video-preview":"max-video-preview:-1"},"canonical":"https:\/\/escolhelab.com.br\/en\/viscosimetro-copo-ford-em-aluminio-c\/","og_locale":"en_US","og_type":"article","og_title":"Viscos\u00edmetro copo Ford em Alum\u00ednio - Inox","og_description":"Viscos\u00edmetro Copo Ford em Alum\u00ednio utilizado para determina\u00e7\u00e3o de viscosidade em tintas, vernizes, resinas e outros l\u00edquidos.","og_url":"https:\/\/escolhelab.com.br\/en\/viscosimetro-copo-ford-em-aluminio-c\/","og_site_name":"Loja de produtos para laboratorio","article_modified_time":"2025-08-25T19:49:07+00:00","og_image":[{"width":700,"height":800,"url":"https:\/\/escolhelab.com.br\/wp-content\/uploads\/2024\/12\/copo-ford-em-aco-inox-escolhelab-com-br.webp","type":"image\/webp"}],"twitter_card":"summary_large_image","twitter_misc":{"Est. reading time":"2 minutes"},"schema":{"@context":"https:\/\/schema.org","@graph":[{"@type":"WebPage","@id":"https:\/\/escolhelab.com.br\/viscosimetro-copo-ford-em-aluminio-c\/","url":"https:\/\/escolhelab.com.br\/viscosimetro-copo-ford-em-aluminio-c\/","name":"Viscos\u00edmetro copo Ford em Alum\u00ednio - Inox","isPartOf":{"@id":"https:\/\/escolhelab.com.br\/#website"},"primaryImageOfPage":{"@id":"https:\/\/escolhelab.com.br\/viscosimetro-copo-ford-em-aluminio-c\/#primaryimage"},"image":{"@id":"https:\/\/escolhelab.com.br\/viscosimetro-copo-ford-em-aluminio-c\/#primaryimage"},"thumbnailUrl":"https:\/\/escolhelab.com.br\/wp-content\/uploads\/2024\/12\/copo-ford-em-aco-inox-escolhelab-com-br.webp","datePublished":"2024-12-10T02:00:00+00:00","dateModified":"2025-08-25T19:49:07+00:00","description":"Viscos\u00edmetro Copo Ford em Alum\u00ednio utilizado para determina\u00e7\u00e3o de viscosidade em tintas, vernizes, resinas e outros l\u00edquidos.","breadcrumb":{"@id":"https:\/\/escolhelab.com.br\/viscosimetro-copo-ford-em-aluminio-c\/#breadcrumb"},"inLanguage":"en-US","potentialAction":[{"@type":"ReadAction","target":["https:\/\/escolhelab.com.br\/viscosimetro-copo-ford-em-aluminio-c\/"]}]},{"@type":"ImageObject","inLanguage":"en-US","@id":"https:\/\/escolhelab.com.br\/viscosimetro-copo-ford-em-aluminio-c\/#primaryimage","url":"https:\/\/escolhelab.com.br\/wp-content\/uploads\/2024\/12\/copo-ford-em-aco-inox-escolhelab-com-br.webp","contentUrl":"https:\/\/escolhelab.com.br\/wp-content\/uploads\/2024\/12\/copo-ford-em-aco-inox-escolhelab-com-br.webp","width":700,"height":800},{"@type":"BreadcrumbList","@id":"https:\/\/escolhelab.com.br\/viscosimetro-copo-ford-em-aluminio-c\/#breadcrumb","itemListElement":[{"@type":"ListItem","position":1,"name":"In\u00edcio","item":"https:\/\/escolhelab.com.br\/"},{"@type":"ListItem","position":2,"name":"loja","item":"https:\/\/escolhelab.com.br\/loja\/"},{"@type":"ListItem","position":3,"name":"Viscos\u00edmetro copo Ford em Alum\u00ednio &#8211; Inox"}]},{"@type":"WebSite","@id":"https:\/\/escolhelab.com.br\/#website","url":"https:\/\/escolhelab.com.br\/","name":"Loja de produtos para laboratorio","description":"Produtos para Laborat\u00f3rio,Artigos e outros na loja do quimico","publisher":{"@id":"https:\/\/escolhelab.com.br\/#organization"},"alternateName":"escolhelab","potentialAction":[{"@type":"SearchAction","target":{"@type":"EntryPoint","urlTemplate":"https:\/\/escolhelab.com.br\/?s={search_term_string}"},"query-input":{"@type":"PropertyValueSpecification","valueRequired":true,"valueName":"search_term_string"}}],"inLanguage":"en-US"},{"@type":"Organization","@id":"https:\/\/escolhelab.com.br\/#organization","name":"loja escolhelab","alternateName":"escolhelab","url":"https:\/\/escolhelab.com.br\/","logo":{"@type":"ImageObject","inLanguage":"en-US","@id":"https:\/\/escolhelab.com.br\/#\/schema\/logo\/image\/","url":"https:\/\/escolhelab.com.br\/wp-content\/uploads\/2024\/12\/icone-e-512-512escolhelab-com-br-2-800x800.png","contentUrl":"https:\/\/escolhelab.com.br\/wp-content\/uploads\/2024\/12\/icone-e-512-512escolhelab-com-br-2-800x800.png","width":800,"height":800,"caption":"loja escolhelab"},"image":{"@id":"https:\/\/escolhelab.com.br\/#\/schema\/logo\/image\/"}}]}},"tiered_pricing_type":"fixed","tiered_pricing_fixed_rules":[],"tiered_pricing_product_settings":{"layout":"default","base_unit_name":{"singular":null,"plural":null},"default_variation":null},"tiered_pricing_minimum_quantity":null,"tiered_pricing_roles_data":[],"tiered_pricing_percentage_rules":[],"tiered_pricing_maximum_quantity":null,"tiered_pricing_quantity_step":null,"_links":{"self":[{"href":"https:\/\/escolhelab.com.br\/en\/wp-json\/wp\/v2\/product\/34111","targetHints":{"allow":["GET"]}}],"collection":[{"href":"https:\/\/escolhelab.com.br\/en\/wp-json\/wp\/v2\/product"}],"about":[{"href":"https:\/\/escolhelab.com.br\/en\/wp-json\/wp\/v2\/types\/product"}],"replies":[{"embeddable":true,"href":"https:\/\/escolhelab.com.br\/en\/wp-json\/wp\/v2\/comments?post=34111"}],"version-history":[{"count":0,"href":"https:\/\/escolhelab.com.br\/en\/wp-json\/wp\/v2\/product\/34111\/revisions"}],"wp:featuredmedia":[{"embeddable":true,"href":"https:\/\/escolhelab.com.br\/en\/wp-json\/wp\/v2\/media\/34112"}],"wp:attachment":[{"href":"https:\/\/escolhelab.com.br\/en\/wp-json\/wp\/v2\/media?parent=34111"}],"wp:term":[{"taxonomy":"product_brand","embeddable":true,"href":"https:\/\/escolhelab.com.br\/en\/wp-json\/wp\/v2\/product_brand?post=34111"},{"taxonomy":"product_cat","embeddable":true,"href":"https:\/\/escolhelab.com.br\/en\/wp-json\/wp\/v2\/product_cat?post=34111"},{"taxonomy":"product_tag","embeddable":true,"href":"https:\/\/escolhelab.com.br\/en\/wp-json\/wp\/v2\/product_tag?post=34111"}],"curies":[{"name":"wp","href":"https:\/\/api.w.org\/{rel}","templated":true}]}}