{"id":34144,"date":"2024-12-10T10:04:38","date_gmt":"2024-12-10T13:04:38","guid":{"rendered":"https:\/\/escolhelab.com.br\/?post_type=product&#038;p=34144"},"modified":"2025-08-29T16:56:24","modified_gmt":"2025-08-29T19:56:24","slug":"concha-para-pesagem-em-aluminio-2-c","status":"publish","type":"product","link":"https:\/\/escolhelab.com.br\/en\/concha-para-pesagem-em-aluminio-2-c\/","title":{"rendered":"Concha para Pesagem em A\u00e7o Inox"},"content":{"rendered":"<h2><span style=\"font-family: helvetica, arial, sans-serif; font-size: 12pt;\">Concha para Pesagem em A\u00e7o Inox<\/span><\/h2>\n<p><span style=\"font-family: helvetica, arial, sans-serif;\">Concha para Pesagem em Alum\u00ednio Usada para pesagem de pequenas quantidades de subst\u00e2ncias s\u00f3lidas<\/span><br \/>\n<span style=\"font-family: helvetica, arial, sans-serif;\">fabricada em a\u00e7o inox\u00a0 muito utilizadas em laborat\u00f3rio .<\/span><\/p>\n<p><span style=\"font-family: helvetica, arial, sans-serif;\">Tamanho de 60 x 30mm.<\/span><\/p>\n<p><span style=\"font-family: helvetica, arial, sans-serif;\"><strong>Outras capacidades e medidas consulte nos\u00a0 atrav\u00e9s email:vendas@escolhelab-com-br<br \/>\n<a href=\"https:\/\/escolhelab.com.br\/en\/\">site:escolhelab-com-br<\/a><\/strong><\/span><\/p>","protected":false},"excerpt":{"rendered":"<p>Concha para Pesagem em em a\u00e7o inox Usada para pesagem de pequenas quantidades de<br \/>\nsubst\u00e2ncias s\u00f3lidas fabricada em a\u00e7o inox\u00a0 muito utilizadas em laborat\u00f3rio .<\/p>\n<p>Tamanho de 60 x 30mm.<\/p>","protected":false},"featured_media":34912,"comment_status":"open","ping_status":"closed","template":"","meta":{"_acf_changed":false,"iawp_total_views":12},"product_brand":[],"product_cat":[729,606],"product_tag":[],"class_list":{"0":"post-34144","1":"product","2":"type-product","3":"status-publish","4":"has-post-thumbnail","6":"product_cat-inox-e-ferragens","7":"product_cat-quimico","8":"product_shipping_class-produtos-laboratorio-quimico","10":"first","11":"instock","12":"shipping-taxable","13":"purchasable","14":"product-type-simple"},"acf":[],"yoast_head":"<!-- This site is optimized with the Yoast SEO Premium plugin v26.2 (Yoast SEO v27.4) - https:\/\/yoast.com\/product\/yoast-seo-premium-wordpress\/ -->\n<title>Concha para Pesagem em A\u00e7o Inox<\/title>\n<meta name=\"description\" content=\"% Concha para Pesagem em A\u00e7o Inox\" \/>\n<meta name=\"robots\" content=\"index, follow, max-snippet:-1, max-image-preview:large, max-video-preview:-1\" \/>\n<link rel=\"canonical\" href=\"https:\/\/escolhelab.com.br\/en\/concha-para-pesagem-em-aluminio-2-c\/\" \/>\n<meta property=\"og:locale\" content=\"en_US\" \/>\n<meta property=\"og:type\" content=\"article\" \/>\n<meta property=\"og:title\" content=\"Concha para Pesagem em A\u00e7o Inox\" \/>\n<meta property=\"og:description\" content=\"% Concha para Pesagem em A\u00e7o Inox\" \/>\n<meta property=\"og:url\" content=\"https:\/\/escolhelab.com.br\/en\/concha-para-pesagem-em-aluminio-2-c\/\" \/>\n<meta property=\"og:site_name\" content=\"Loja de produtos para laboratorio\" \/>\n<meta property=\"article:modified_time\" content=\"2025-08-29T19:56:24+00:00\" \/>\n<meta property=\"og:image\" content=\"https:\/\/escolhelab.com.br\/wp-content\/uploads\/2024\/12\/Concha-para-Pesagem-em-Aco-Inox-a-escolhelab-com-br.png\" \/>\n\t<meta property=\"og:image:width\" content=\"700\" \/>\n\t<meta property=\"og:image:height\" content=\"800\" \/>\n\t<meta property=\"og:image:type\" content=\"image\/png\" \/>\n<meta name=\"twitter:card\" content=\"summary_large_image\" \/>\n<meta name=\"twitter:label1\" content=\"Est. reading time\" \/>\n\t<meta name=\"twitter:data1\" content=\"1 minute\" \/>\n<script type=\"application\/ld+json\" class=\"yoast-schema-graph\">{\"@context\":\"https:\\\/\\\/schema.org\",\"@graph\":[{\"@type\":\"WebPage\",\"@id\":\"https:\\\/\\\/escolhelab.com.br\\\/concha-para-pesagem-em-aluminio-2-c\\\/\",\"url\":\"https:\\\/\\\/escolhelab.com.br\\\/concha-para-pesagem-em-aluminio-2-c\\\/\",\"name\":\"Concha para Pesagem em A\u00e7o Inox\",\"isPartOf\":{\"@id\":\"https:\\\/\\\/escolhelab.com.br\\\/#website\"},\"primaryImageOfPage\":{\"@id\":\"https:\\\/\\\/escolhelab.com.br\\\/concha-para-pesagem-em-aluminio-2-c\\\/#primaryimage\"},\"image\":{\"@id\":\"https:\\\/\\\/escolhelab.com.br\\\/concha-para-pesagem-em-aluminio-2-c\\\/#primaryimage\"},\"thumbnailUrl\":\"https:\\\/\\\/escolhelab.com.br\\\/wp-content\\\/uploads\\\/2024\\\/12\\\/Concha-para-Pesagem-em-Aco-Inox-a-escolhelab-com-br.png\",\"datePublished\":\"2024-12-10T13:04:38+00:00\",\"dateModified\":\"2025-08-29T19:56:24+00:00\",\"description\":\"% Concha para Pesagem em A\u00e7o Inox\",\"breadcrumb\":{\"@id\":\"https:\\\/\\\/escolhelab.com.br\\\/concha-para-pesagem-em-aluminio-2-c\\\/#breadcrumb\"},\"inLanguage\":\"en-US\",\"potentialAction\":[{\"@type\":\"ReadAction\",\"target\":[\"https:\\\/\\\/escolhelab.com.br\\\/concha-para-pesagem-em-aluminio-2-c\\\/\"]}]},{\"@type\":\"ImageObject\",\"inLanguage\":\"en-US\",\"@id\":\"https:\\\/\\\/escolhelab.com.br\\\/concha-para-pesagem-em-aluminio-2-c\\\/#primaryimage\",\"url\":\"https:\\\/\\\/escolhelab.com.br\\\/wp-content\\\/uploads\\\/2024\\\/12\\\/Concha-para-Pesagem-em-Aco-Inox-a-escolhelab-com-br.png\",\"contentUrl\":\"https:\\\/\\\/escolhelab.com.br\\\/wp-content\\\/uploads\\\/2024\\\/12\\\/Concha-para-Pesagem-em-Aco-Inox-a-escolhelab-com-br.png\",\"width\":700,\"height\":800},{\"@type\":\"BreadcrumbList\",\"@id\":\"https:\\\/\\\/escolhelab.com.br\\\/concha-para-pesagem-em-aluminio-2-c\\\/#breadcrumb\",\"itemListElement\":[{\"@type\":\"ListItem\",\"position\":1,\"name\":\"In\u00edcio\",\"item\":\"https:\\\/\\\/escolhelab.com.br\\\/\"},{\"@type\":\"ListItem\",\"position\":2,\"name\":\"loja\",\"item\":\"https:\\\/\\\/escolhelab.com.br\\\/loja\\\/\"},{\"@type\":\"ListItem\",\"position\":3,\"name\":\"Concha para Pesagem em A\u00e7o Inox\"}]},{\"@type\":\"WebSite\",\"@id\":\"https:\\\/\\\/escolhelab.com.br\\\/#website\",\"url\":\"https:\\\/\\\/escolhelab.com.br\\\/\",\"name\":\"Loja de produtos para laboratorio\",\"description\":\"Produtos para Laborat\u00f3rio,Artigos e outros na loja do quimico\",\"publisher\":{\"@id\":\"https:\\\/\\\/escolhelab.com.br\\\/#organization\"},\"alternateName\":\"escolhelab\",\"potentialAction\":[{\"@type\":\"SearchAction\",\"target\":{\"@type\":\"EntryPoint\",\"urlTemplate\":\"https:\\\/\\\/escolhelab.com.br\\\/?s={search_term_string}\"},\"query-input\":{\"@type\":\"PropertyValueSpecification\",\"valueRequired\":true,\"valueName\":\"search_term_string\"}}],\"inLanguage\":\"en-US\"},{\"@type\":\"Organization\",\"@id\":\"https:\\\/\\\/escolhelab.com.br\\\/#organization\",\"name\":\"loja escolhelab\",\"alternateName\":\"escolhelab\",\"url\":\"https:\\\/\\\/escolhelab.com.br\\\/\",\"logo\":{\"@type\":\"ImageObject\",\"inLanguage\":\"en-US\",\"@id\":\"https:\\\/\\\/escolhelab.com.br\\\/#\\\/schema\\\/logo\\\/image\\\/\",\"url\":\"https:\\\/\\\/escolhelab.com.br\\\/wp-content\\\/uploads\\\/2024\\\/12\\\/icone-e-512-512escolhelab-com-br-2-800x800.png\",\"contentUrl\":\"https:\\\/\\\/escolhelab.com.br\\\/wp-content\\\/uploads\\\/2024\\\/12\\\/icone-e-512-512escolhelab-com-br-2-800x800.png\",\"width\":800,\"height\":800,\"caption\":\"loja escolhelab\"},\"image\":{\"@id\":\"https:\\\/\\\/escolhelab.com.br\\\/#\\\/schema\\\/logo\\\/image\\\/\"}}]}<\/script>\n<!-- \/ Yoast SEO Premium plugin. -->","yoast_head_json":{"title":"Concha para Pesagem em A\u00e7o Inox","description":"% Concha para Pesagem em A\u00e7o Inox","robots":{"index":"index","follow":"follow","max-snippet":"max-snippet:-1","max-image-preview":"max-image-preview:large","max-video-preview":"max-video-preview:-1"},"canonical":"https:\/\/escolhelab.com.br\/en\/concha-para-pesagem-em-aluminio-2-c\/","og_locale":"en_US","og_type":"article","og_title":"Concha para Pesagem em A\u00e7o Inox","og_description":"% Concha para Pesagem em A\u00e7o Inox","og_url":"https:\/\/escolhelab.com.br\/en\/concha-para-pesagem-em-aluminio-2-c\/","og_site_name":"Loja de produtos para laboratorio","article_modified_time":"2025-08-29T19:56:24+00:00","og_image":[{"width":700,"height":800,"url":"https:\/\/escolhelab.com.br\/wp-content\/uploads\/2024\/12\/Concha-para-Pesagem-em-Aco-Inox-a-escolhelab-com-br.png","type":"image\/png"}],"twitter_card":"summary_large_image","twitter_misc":{"Est. reading time":"1 minute"},"schema":{"@context":"https:\/\/schema.org","@graph":[{"@type":"WebPage","@id":"https:\/\/escolhelab.com.br\/concha-para-pesagem-em-aluminio-2-c\/","url":"https:\/\/escolhelab.com.br\/concha-para-pesagem-em-aluminio-2-c\/","name":"Concha para Pesagem em A\u00e7o Inox","isPartOf":{"@id":"https:\/\/escolhelab.com.br\/#website"},"primaryImageOfPage":{"@id":"https:\/\/escolhelab.com.br\/concha-para-pesagem-em-aluminio-2-c\/#primaryimage"},"image":{"@id":"https:\/\/escolhelab.com.br\/concha-para-pesagem-em-aluminio-2-c\/#primaryimage"},"thumbnailUrl":"https:\/\/escolhelab.com.br\/wp-content\/uploads\/2024\/12\/Concha-para-Pesagem-em-Aco-Inox-a-escolhelab-com-br.png","datePublished":"2024-12-10T13:04:38+00:00","dateModified":"2025-08-29T19:56:24+00:00","description":"% Concha para Pesagem em A\u00e7o Inox","breadcrumb":{"@id":"https:\/\/escolhelab.com.br\/concha-para-pesagem-em-aluminio-2-c\/#breadcrumb"},"inLanguage":"en-US","potentialAction":[{"@type":"ReadAction","target":["https:\/\/escolhelab.com.br\/concha-para-pesagem-em-aluminio-2-c\/"]}]},{"@type":"ImageObject","inLanguage":"en-US","@id":"https:\/\/escolhelab.com.br\/concha-para-pesagem-em-aluminio-2-c\/#primaryimage","url":"https:\/\/escolhelab.com.br\/wp-content\/uploads\/2024\/12\/Concha-para-Pesagem-em-Aco-Inox-a-escolhelab-com-br.png","contentUrl":"https:\/\/escolhelab.com.br\/wp-content\/uploads\/2024\/12\/Concha-para-Pesagem-em-Aco-Inox-a-escolhelab-com-br.png","width":700,"height":800},{"@type":"BreadcrumbList","@id":"https:\/\/escolhelab.com.br\/concha-para-pesagem-em-aluminio-2-c\/#breadcrumb","itemListElement":[{"@type":"ListItem","position":1,"name":"In\u00edcio","item":"https:\/\/escolhelab.com.br\/"},{"@type":"ListItem","position":2,"name":"loja","item":"https:\/\/escolhelab.com.br\/loja\/"},{"@type":"ListItem","position":3,"name":"Concha para Pesagem em A\u00e7o Inox"}]},{"@type":"WebSite","@id":"https:\/\/escolhelab.com.br\/#website","url":"https:\/\/escolhelab.com.br\/","name":"Loja de produtos para laboratorio","description":"Produtos para Laborat\u00f3rio,Artigos e outros na loja do quimico","publisher":{"@id":"https:\/\/escolhelab.com.br\/#organization"},"alternateName":"escolhelab","potentialAction":[{"@type":"SearchAction","target":{"@type":"EntryPoint","urlTemplate":"https:\/\/escolhelab.com.br\/?s={search_term_string}"},"query-input":{"@type":"PropertyValueSpecification","valueRequired":true,"valueName":"search_term_string"}}],"inLanguage":"en-US"},{"@type":"Organization","@id":"https:\/\/escolhelab.com.br\/#organization","name":"loja escolhelab","alternateName":"escolhelab","url":"https:\/\/escolhelab.com.br\/","logo":{"@type":"ImageObject","inLanguage":"en-US","@id":"https:\/\/escolhelab.com.br\/#\/schema\/logo\/image\/","url":"https:\/\/escolhelab.com.br\/wp-content\/uploads\/2024\/12\/icone-e-512-512escolhelab-com-br-2-800x800.png","contentUrl":"https:\/\/escolhelab.com.br\/wp-content\/uploads\/2024\/12\/icone-e-512-512escolhelab-com-br-2-800x800.png","width":800,"height":800,"caption":"loja escolhelab"},"image":{"@id":"https:\/\/escolhelab.com.br\/#\/schema\/logo\/image\/"}}]}},"tiered_pricing_type":"percentage","tiered_pricing_fixed_rules":[],"tiered_pricing_product_settings":{"layout":"default","base_unit_name":{"singular":null,"plural":null},"default_variation":null},"tiered_pricing_minimum_quantity":null,"tiered_pricing_roles_data":[],"tiered_pricing_percentage_rules":{"2":"3","4":"4","6":"5"},"tiered_pricing_maximum_quantity":null,"tiered_pricing_quantity_step":null,"_links":{"self":[{"href":"https:\/\/escolhelab.com.br\/en\/wp-json\/wp\/v2\/product\/34144","targetHints":{"allow":["GET"]}}],"collection":[{"href":"https:\/\/escolhelab.com.br\/en\/wp-json\/wp\/v2\/product"}],"about":[{"href":"https:\/\/escolhelab.com.br\/en\/wp-json\/wp\/v2\/types\/product"}],"replies":[{"embeddable":true,"href":"https:\/\/escolhelab.com.br\/en\/wp-json\/wp\/v2\/comments?post=34144"}],"version-history":[{"count":0,"href":"https:\/\/escolhelab.com.br\/en\/wp-json\/wp\/v2\/product\/34144\/revisions"}],"wp:featuredmedia":[{"embeddable":true,"href":"https:\/\/escolhelab.com.br\/en\/wp-json\/wp\/v2\/media\/34912"}],"wp:attachment":[{"href":"https:\/\/escolhelab.com.br\/en\/wp-json\/wp\/v2\/media?parent=34144"}],"wp:term":[{"taxonomy":"product_brand","embeddable":true,"href":"https:\/\/escolhelab.com.br\/en\/wp-json\/wp\/v2\/product_brand?post=34144"},{"taxonomy":"product_cat","embeddable":true,"href":"https:\/\/escolhelab.com.br\/en\/wp-json\/wp\/v2\/product_cat?post=34144"},{"taxonomy":"product_tag","embeddable":true,"href":"https:\/\/escolhelab.com.br\/en\/wp-json\/wp\/v2\/product_tag?post=34144"}],"curies":[{"name":"wp","href":"https:\/\/api.w.org\/{rel}","templated":true}]}}