{"id":34148,"date":"2024-12-10T10:28:41","date_gmt":"2024-12-10T13:28:41","guid":{"rendered":"https:\/\/escolhelab.com.br\/?post_type=product&#038;p=34148"},"modified":"2026-01-09T09:58:17","modified_gmt":"2026-01-09T12:58:17","slug":"pano-para-polimento-metalografico","status":"publish","type":"product","link":"https:\/\/escolhelab.com.br\/en\/pano-para-polimento-metalografico\/","title":{"rendered":"Pano para Polimento Metalogr\u00e1fico"},"content":{"rendered":"<h2><span class=\"uael-before-heading\" style=\"font-size: 14pt; font-family: helvetica, arial, sans-serif;\"><span class=\"elementor-inline-editing uael-dual-heading-text uael-first-text\" data-elementor-setting-key=\"before_heading_text\" data-elementor-inline-editing-toolbar=\"basic\">Pano para Polimento Metalogr\u00e1fico<\/span><\/span><\/h2>\n<p><span style=\"font-family: helvetica, arial, sans-serif;\"><span style=\"font-size: 12pt;\">Pano para Polimento Metalogr\u00e1fico <\/span><span style=\"color: #333333; font-size: 16px;\">Com alumina em suspens\u00e3o de qualquer micragem. Produto usado para polimento de materiais ferrosos e n\u00e3o ferrosos.<br \/>\n<\/span><\/span><span style=\"font-family: helvetica, arial, sans-serif;\">Nossos panos para polimento oferecem polimento de qualidade devido a textura desenvolvida para proporcionar um \u00f3timo acabamento durante o processo de prepara\u00e7\u00e3o das amostras metalogr\u00e1ficas. Seu costado autoadesivo contribui para a excelente qualidade, durabilidade e alta fixa\u00e7\u00e3o no prato da politriz metalogr\u00e1fica<\/span><\/p>\n<p><span style=\"font-size: 14pt;\"><strong><span style=\"color: #ff0000;\">Esse peoduto so serve para esse tipo de polidora de metal<\/span><\/strong><\/span> <img loading=\"lazy\" decoding=\"async\" class=\"wp-image-41061 alignleft\" src=\"https:\/\/escolhelab.com.br\/wp-content\/uploads\/2024\/12\/polidora-de-metal-escolhelab-com-br-300x300.jpeg\" alt=\"\" width=\"110\" height=\"110\" srcset=\"https:\/\/escolhelab.com.br\/wp-content\/uploads\/2024\/12\/polidora-de-metal-escolhelab-com-br-300x300.jpeg 300w, https:\/\/escolhelab.com.br\/wp-content\/uploads\/2024\/12\/polidora-de-metal-escolhelab-com-br-800x800.jpeg 800w, https:\/\/escolhelab.com.br\/wp-content\/uploads\/2024\/12\/polidora-de-metal-escolhelab-com-br-150x150.jpeg 150w, https:\/\/escolhelab.com.br\/wp-content\/uploads\/2024\/12\/polidora-de-metal-escolhelab-com-br-768x768.jpeg 768w, https:\/\/escolhelab.com.br\/wp-content\/uploads\/2024\/12\/polidora-de-metal-escolhelab-com-br-430x430.jpeg 430w, https:\/\/escolhelab.com.br\/wp-content\/uploads\/2024\/12\/polidora-de-metal-escolhelab-com-br-700x700.jpeg 700w, https:\/\/escolhelab.com.br\/wp-content\/uploads\/2024\/12\/polidora-de-metal-escolhelab-com-br.jpeg 1080w\" sizes=\"auto, (max-width: 110px) 100vw, 110px\" \/><\/p>\n<div class=\"elementor-element elementor-element-4c88f9e elementor-widget elementor-widget-heading\" data-id=\"4c88f9e\" data-element_type=\"widget\" data-widget_type=\"heading.default\">\n<div class=\"elementor-widget-container\">\n<h2>\u00a0<\/h2>\n<h2 class=\"elementor-heading-title elementor-size-default\"><span style=\"font-size: 12pt; font-family: helvetica, arial, sans-serif;\"><br \/>\nEspecifica\u00e7\u00f5es t\u00e9cnicas\u00a0 para <strong>Pano para Polimento<\/strong><\/span><\/h2>\n<\/div>\n<\/div>\n<div class=\"dce-fix-background-loop elementor-element elementor-element-9b4631d elementor-widget elementor-widget-dce-acf-repeater-v2\" data-dce-advanced-background-color=\"#333333\" data-id=\"9b4631d\" data-element_type=\"widget\" data-settings=\"{&quot;dce_acf_repeater_format&quot;:&quot;table&quot;}\" data-widget_type=\"dce-acf-repeater-v2.default\">\n<div class=\"elementor-widget-container\">\n<div class=\"dce-acf-repeater\">\n<table class=\"dce-acf-repeater-table\" style=\"width: 56.3293%;\">\n<tbody>\n<tr>\n<td style=\"width: 25.3197%;\"><span class=\"repeater-item elementor-repeater-item-70d861e\" style=\"font-family: helvetica, arial, sans-serif;\">Fornecido:<\/span><\/td>\n<td style=\"width: 81.3299%;\"><span class=\"repeater-item elementor-repeater-item-af7aecd\" style=\"font-family: helvetica, arial, sans-serif;\">pacote com 5 unidades<\/span><\/td>\n<\/tr>\n<tr>\n<td style=\"width: 25.3197%;\"><span class=\"repeater-item elementor-repeater-item-70d861e\" style=\"font-family: helvetica, arial, sans-serif;\">Fornecido:<\/span><\/td>\n<td style=\"width: 81.3299%;\"><span class=\"repeater-item elementor-repeater-item-af7aecd\" style=\"font-family: helvetica, arial, sans-serif;\">di\u00e2metro de 200 mm, 250 mm ou 300mm<\/span><\/td>\n<\/tr>\n<tr>\n<td style=\"width: 25.3197%;\"><span class=\"repeater-item elementor-repeater-item-70d861e\" style=\"font-family: helvetica, arial, sans-serif;\">Vermelho<\/span><\/td>\n<td style=\"width: 81.3299%;\"><span class=\"repeater-item elementor-repeater-item-af7aecd\" style=\"font-family: helvetica, arial, sans-serif;\">Para alumina em suspens\u00e3o<\/span><\/td>\n<\/tr>\n<\/tbody>\n<\/table>\n<p>qualquer d\u00favida entre em contato email: vendas@wscolhelab.com.br<br \/>\n<a href=\"https:\/\/escolhelab.com.br\/en\/\">site:escolhelab.com.br<\/a><\/p>\n<\/div>\n<\/div>\n<\/div>","protected":false},"excerpt":{"rendered":"<p>Pano para Polimento Metalogr\u00e1fico com Alumina em suspens\u00e3o de qualquer micragem.<br \/>\nUsado para polimento de materiais ferrosos e n\u00e3o ferrosos.<br \/>\n<span style=\"font-size: 12pt; color: #1b1919;\"><strong>Caracter\u00edsticas<\/strong><br \/>\n<\/span>&#8211; Costado autoadesivo<br \/>\n&#8211; Alta qualidade, rendimento e durabilidade<\/p>","protected":false},"featured_media":34152,"comment_status":"closed","ping_status":"closed","template":"","meta":{"_acf_changed":false,"iawp_total_views":39},"product_brand":[],"product_cat":[725,606],"product_tag":[],"class_list":{"0":"post-34148","1":"product","2":"type-product","3":"status-publish","4":"has-post-thumbnail","6":"product_cat-acessorios-e-consumiveis","7":"product_cat-quimico","9":"first","10":"instock","11":"shipping-taxable","12":"purchasable","13":"product-type-variable"},"acf":[],"yoast_head":"<!-- This site is optimized with the Yoast SEO Premium plugin v26.2 (Yoast SEO v27.4) - https:\/\/yoast.com\/product\/yoast-seo-premium-wordpress\/ -->\n<title>Pano para Polimento Metalogr\u00e1fico<\/title>\n<meta name=\"description\" content=\"Pano para Polimento Metalogr\u00e1fico com Alumina em suspens\u00e3o de qualquer micragem. usado para polimento de materiais ferrosos e n\u00e3o ferrosos.\" \/>\n<meta name=\"robots\" content=\"index, follow, max-snippet:-1, max-image-preview:large, max-video-preview:-1\" \/>\n<link rel=\"canonical\" href=\"https:\/\/escolhelab.com.br\/en\/pano-para-polimento-metalografico\/\" \/>\n<meta property=\"og:locale\" content=\"en_US\" \/>\n<meta property=\"og:type\" content=\"article\" \/>\n<meta property=\"og:title\" content=\"Pano para Polimento Metalogr\u00e1fico\" \/>\n<meta property=\"og:description\" content=\"Pano para Polimento Metalogr\u00e1fico com Alumina em suspens\u00e3o de qualquer micragem. usado para polimento de materiais ferrosos e n\u00e3o ferrosos.\" \/>\n<meta property=\"og:url\" content=\"https:\/\/escolhelab.com.br\/en\/pano-para-polimento-metalografico\/\" \/>\n<meta property=\"og:site_name\" content=\"Loja de produtos para laboratorio\" \/>\n<meta property=\"article:modified_time\" content=\"2026-01-09T12:58:17+00:00\" \/>\n<meta property=\"og:image\" content=\"https:\/\/escolhelab.com.br\/wp-content\/uploads\/2024\/12\/Pano-para-Polimento-Metalografico-com-Alumina-\u2013-PFV-escolhelab-com-br.webp\" \/>\n\t<meta property=\"og:image:width\" content=\"700\" \/>\n\t<meta property=\"og:image:height\" content=\"800\" \/>\n\t<meta property=\"og:image:type\" content=\"image\/webp\" \/>\n<meta name=\"twitter:card\" content=\"summary_large_image\" \/>\n<meta name=\"twitter:label1\" content=\"Est. reading time\" \/>\n\t<meta name=\"twitter:data1\" content=\"2 minutes\" \/>\n<script type=\"application\/ld+json\" class=\"yoast-schema-graph\">{\"@context\":\"https:\\\/\\\/schema.org\",\"@graph\":[{\"@type\":\"WebPage\",\"@id\":\"https:\\\/\\\/escolhelab.com.br\\\/pano-para-polimento-metalografico\\\/\",\"url\":\"https:\\\/\\\/escolhelab.com.br\\\/pano-para-polimento-metalografico\\\/\",\"name\":\"Pano para Polimento Metalogr\u00e1fico\",\"isPartOf\":{\"@id\":\"https:\\\/\\\/escolhelab.com.br\\\/#website\"},\"primaryImageOfPage\":{\"@id\":\"https:\\\/\\\/escolhelab.com.br\\\/pano-para-polimento-metalografico\\\/#primaryimage\"},\"image\":{\"@id\":\"https:\\\/\\\/escolhelab.com.br\\\/pano-para-polimento-metalografico\\\/#primaryimage\"},\"thumbnailUrl\":\"https:\\\/\\\/escolhelab.com.br\\\/wp-content\\\/uploads\\\/2024\\\/12\\\/Pano-para-Polimento-Metalografico-com-Alumina-\u2013-PFV-escolhelab-com-br.webp\",\"datePublished\":\"2024-12-10T13:28:41+00:00\",\"dateModified\":\"2026-01-09T12:58:17+00:00\",\"description\":\"Pano para Polimento Metalogr\u00e1fico com Alumina em suspens\u00e3o de qualquer micragem. usado para polimento de materiais ferrosos e n\u00e3o ferrosos.\",\"breadcrumb\":{\"@id\":\"https:\\\/\\\/escolhelab.com.br\\\/pano-para-polimento-metalografico\\\/#breadcrumb\"},\"inLanguage\":\"en-US\",\"potentialAction\":[{\"@type\":\"ReadAction\",\"target\":[\"https:\\\/\\\/escolhelab.com.br\\\/pano-para-polimento-metalografico\\\/\"]}]},{\"@type\":\"ImageObject\",\"inLanguage\":\"en-US\",\"@id\":\"https:\\\/\\\/escolhelab.com.br\\\/pano-para-polimento-metalografico\\\/#primaryimage\",\"url\":\"https:\\\/\\\/escolhelab.com.br\\\/wp-content\\\/uploads\\\/2024\\\/12\\\/Pano-para-Polimento-Metalografico-com-Alumina-\u2013-PFV-escolhelab-com-br.webp\",\"contentUrl\":\"https:\\\/\\\/escolhelab.com.br\\\/wp-content\\\/uploads\\\/2024\\\/12\\\/Pano-para-Polimento-Metalografico-com-Alumina-\u2013-PFV-escolhelab-com-br.webp\",\"width\":700,\"height\":800},{\"@type\":\"BreadcrumbList\",\"@id\":\"https:\\\/\\\/escolhelab.com.br\\\/pano-para-polimento-metalografico\\\/#breadcrumb\",\"itemListElement\":[{\"@type\":\"ListItem\",\"position\":1,\"name\":\"In\u00edcio\",\"item\":\"https:\\\/\\\/escolhelab.com.br\\\/\"},{\"@type\":\"ListItem\",\"position\":2,\"name\":\"loja\",\"item\":\"https:\\\/\\\/escolhelab.com.br\\\/loja\\\/\"},{\"@type\":\"ListItem\",\"position\":3,\"name\":\"Pano para Polimento Metalogr\u00e1fico\"}]},{\"@type\":\"WebSite\",\"@id\":\"https:\\\/\\\/escolhelab.com.br\\\/#website\",\"url\":\"https:\\\/\\\/escolhelab.com.br\\\/\",\"name\":\"Loja de produtos para laboratorio\",\"description\":\"Produtos para Laborat\u00f3rio,Artigos e outros na loja do quimico\",\"publisher\":{\"@id\":\"https:\\\/\\\/escolhelab.com.br\\\/#organization\"},\"alternateName\":\"escolhelab\",\"potentialAction\":[{\"@type\":\"SearchAction\",\"target\":{\"@type\":\"EntryPoint\",\"urlTemplate\":\"https:\\\/\\\/escolhelab.com.br\\\/?s={search_term_string}\"},\"query-input\":{\"@type\":\"PropertyValueSpecification\",\"valueRequired\":true,\"valueName\":\"search_term_string\"}}],\"inLanguage\":\"en-US\"},{\"@type\":\"Organization\",\"@id\":\"https:\\\/\\\/escolhelab.com.br\\\/#organization\",\"name\":\"loja escolhelab\",\"alternateName\":\"escolhelab\",\"url\":\"https:\\\/\\\/escolhelab.com.br\\\/\",\"logo\":{\"@type\":\"ImageObject\",\"inLanguage\":\"en-US\",\"@id\":\"https:\\\/\\\/escolhelab.com.br\\\/#\\\/schema\\\/logo\\\/image\\\/\",\"url\":\"https:\\\/\\\/escolhelab.com.br\\\/wp-content\\\/uploads\\\/2024\\\/12\\\/icone-e-512-512escolhelab-com-br-2-800x800.png\",\"contentUrl\":\"https:\\\/\\\/escolhelab.com.br\\\/wp-content\\\/uploads\\\/2024\\\/12\\\/icone-e-512-512escolhelab-com-br-2-800x800.png\",\"width\":800,\"height\":800,\"caption\":\"loja escolhelab\"},\"image\":{\"@id\":\"https:\\\/\\\/escolhelab.com.br\\\/#\\\/schema\\\/logo\\\/image\\\/\"}}]}<\/script>\n<!-- \/ Yoast SEO Premium plugin. -->","yoast_head_json":{"title":"Pano para Polimento Metalogr\u00e1fico","description":"Pano para Polimento Metalogr\u00e1fico com Alumina em suspens\u00e3o de qualquer micragem. usado para polimento de materiais ferrosos e n\u00e3o ferrosos.","robots":{"index":"index","follow":"follow","max-snippet":"max-snippet:-1","max-image-preview":"max-image-preview:large","max-video-preview":"max-video-preview:-1"},"canonical":"https:\/\/escolhelab.com.br\/en\/pano-para-polimento-metalografico\/","og_locale":"en_US","og_type":"article","og_title":"Pano para Polimento Metalogr\u00e1fico","og_description":"Pano para Polimento Metalogr\u00e1fico com Alumina em suspens\u00e3o de qualquer micragem. usado para polimento de materiais ferrosos e n\u00e3o ferrosos.","og_url":"https:\/\/escolhelab.com.br\/en\/pano-para-polimento-metalografico\/","og_site_name":"Loja de produtos para laboratorio","article_modified_time":"2026-01-09T12:58:17+00:00","og_image":[{"width":700,"height":800,"url":"https:\/\/escolhelab.com.br\/wp-content\/uploads\/2024\/12\/Pano-para-Polimento-Metalografico-com-Alumina-\u2013-PFV-escolhelab-com-br.webp","type":"image\/webp"}],"twitter_card":"summary_large_image","twitter_misc":{"Est. reading time":"2 minutes"},"schema":{"@context":"https:\/\/schema.org","@graph":[{"@type":"WebPage","@id":"https:\/\/escolhelab.com.br\/pano-para-polimento-metalografico\/","url":"https:\/\/escolhelab.com.br\/pano-para-polimento-metalografico\/","name":"Pano para Polimento Metalogr\u00e1fico","isPartOf":{"@id":"https:\/\/escolhelab.com.br\/#website"},"primaryImageOfPage":{"@id":"https:\/\/escolhelab.com.br\/pano-para-polimento-metalografico\/#primaryimage"},"image":{"@id":"https:\/\/escolhelab.com.br\/pano-para-polimento-metalografico\/#primaryimage"},"thumbnailUrl":"https:\/\/escolhelab.com.br\/wp-content\/uploads\/2024\/12\/Pano-para-Polimento-Metalografico-com-Alumina-\u2013-PFV-escolhelab-com-br.webp","datePublished":"2024-12-10T13:28:41+00:00","dateModified":"2026-01-09T12:58:17+00:00","description":"Pano para Polimento Metalogr\u00e1fico com Alumina em suspens\u00e3o de qualquer micragem. usado para polimento de materiais ferrosos e n\u00e3o ferrosos.","breadcrumb":{"@id":"https:\/\/escolhelab.com.br\/pano-para-polimento-metalografico\/#breadcrumb"},"inLanguage":"en-US","potentialAction":[{"@type":"ReadAction","target":["https:\/\/escolhelab.com.br\/pano-para-polimento-metalografico\/"]}]},{"@type":"ImageObject","inLanguage":"en-US","@id":"https:\/\/escolhelab.com.br\/pano-para-polimento-metalografico\/#primaryimage","url":"https:\/\/escolhelab.com.br\/wp-content\/uploads\/2024\/12\/Pano-para-Polimento-Metalografico-com-Alumina-\u2013-PFV-escolhelab-com-br.webp","contentUrl":"https:\/\/escolhelab.com.br\/wp-content\/uploads\/2024\/12\/Pano-para-Polimento-Metalografico-com-Alumina-\u2013-PFV-escolhelab-com-br.webp","width":700,"height":800},{"@type":"BreadcrumbList","@id":"https:\/\/escolhelab.com.br\/pano-para-polimento-metalografico\/#breadcrumb","itemListElement":[{"@type":"ListItem","position":1,"name":"In\u00edcio","item":"https:\/\/escolhelab.com.br\/"},{"@type":"ListItem","position":2,"name":"loja","item":"https:\/\/escolhelab.com.br\/loja\/"},{"@type":"ListItem","position":3,"name":"Pano para Polimento Metalogr\u00e1fico"}]},{"@type":"WebSite","@id":"https:\/\/escolhelab.com.br\/#website","url":"https:\/\/escolhelab.com.br\/","name":"Loja de produtos para laboratorio","description":"Produtos para Laborat\u00f3rio,Artigos e outros na loja do quimico","publisher":{"@id":"https:\/\/escolhelab.com.br\/#organization"},"alternateName":"escolhelab","potentialAction":[{"@type":"SearchAction","target":{"@type":"EntryPoint","urlTemplate":"https:\/\/escolhelab.com.br\/?s={search_term_string}"},"query-input":{"@type":"PropertyValueSpecification","valueRequired":true,"valueName":"search_term_string"}}],"inLanguage":"en-US"},{"@type":"Organization","@id":"https:\/\/escolhelab.com.br\/#organization","name":"loja escolhelab","alternateName":"escolhelab","url":"https:\/\/escolhelab.com.br\/","logo":{"@type":"ImageObject","inLanguage":"en-US","@id":"https:\/\/escolhelab.com.br\/#\/schema\/logo\/image\/","url":"https:\/\/escolhelab.com.br\/wp-content\/uploads\/2024\/12\/icone-e-512-512escolhelab-com-br-2-800x800.png","contentUrl":"https:\/\/escolhelab.com.br\/wp-content\/uploads\/2024\/12\/icone-e-512-512escolhelab-com-br-2-800x800.png","width":800,"height":800,"caption":"loja escolhelab"},"image":{"@id":"https:\/\/escolhelab.com.br\/#\/schema\/logo\/image\/"}}]}},"tiered_pricing_type":"fixed","tiered_pricing_fixed_rules":[],"tiered_pricing_product_settings":{"layout":"default","base_unit_name":{"singular":null,"plural":null},"default_variation":null},"tiered_pricing_minimum_quantity":null,"tiered_pricing_roles_data":[],"tiered_pricing_percentage_rules":[],"tiered_pricing_maximum_quantity":null,"tiered_pricing_quantity_step":null,"_links":{"self":[{"href":"https:\/\/escolhelab.com.br\/en\/wp-json\/wp\/v2\/product\/34148","targetHints":{"allow":["GET"]}}],"collection":[{"href":"https:\/\/escolhelab.com.br\/en\/wp-json\/wp\/v2\/product"}],"about":[{"href":"https:\/\/escolhelab.com.br\/en\/wp-json\/wp\/v2\/types\/product"}],"replies":[{"embeddable":true,"href":"https:\/\/escolhelab.com.br\/en\/wp-json\/wp\/v2\/comments?post=34148"}],"version-history":[{"count":0,"href":"https:\/\/escolhelab.com.br\/en\/wp-json\/wp\/v2\/product\/34148\/revisions"}],"wp:featuredmedia":[{"embeddable":true,"href":"https:\/\/escolhelab.com.br\/en\/wp-json\/wp\/v2\/media\/34152"}],"wp:attachment":[{"href":"https:\/\/escolhelab.com.br\/en\/wp-json\/wp\/v2\/media?parent=34148"}],"wp:term":[{"taxonomy":"product_brand","embeddable":true,"href":"https:\/\/escolhelab.com.br\/en\/wp-json\/wp\/v2\/product_brand?post=34148"},{"taxonomy":"product_cat","embeddable":true,"href":"https:\/\/escolhelab.com.br\/en\/wp-json\/wp\/v2\/product_cat?post=34148"},{"taxonomy":"product_tag","embeddable":true,"href":"https:\/\/escolhelab.com.br\/en\/wp-json\/wp\/v2\/product_tag?post=34148"}],"curies":[{"name":"wp","href":"https:\/\/api.w.org\/{rel}","templated":true}]}}