{"id":34156,"date":"2024-12-10T12:08:30","date_gmt":"2024-12-10T15:08:30","guid":{"rendered":"https:\/\/escolhelab.com.br\/?post_type=product&#038;p=34156"},"modified":"2025-09-05T18:08:56","modified_gmt":"2025-09-05T21:08:56","slug":"tubo-criogenico-c","status":"publish","type":"product","link":"https:\/\/escolhelab.com.br\/en\/tubo-criogenico-c\/","title":{"rendered":"Tubo Criogenico"},"content":{"rendered":"<h1><span style=\"font-size: 14pt; font-family: helvetica, arial, sans-serif;\"><strong>Tubo Criog\u00eanico 2ml<\/strong><\/span><\/h1>\n<p><span style=\"font-family: helvetica, arial, sans-serif;\"><strong>Tubo Criog\u00eanico 2ml de \u00a0pl\u00e1stico para armazenamento de amostras, em condi\u00e7\u00f5es extremas de temperatura.<\/strong><\/span><\/p>\n<p><span style=\"font-family: helvetica, arial, sans-serif;\">Caracter\u00edsticas<\/span><br \/>\n<span style=\"font-family: helvetica, arial, sans-serif;\">\u2022 Fabricado em Polipropileno (USP VI)<\/span><br \/>\n<span style=\"font-family: helvetica, arial, sans-serif;\">\u2022 Certificado ISO 13485:2016<\/span><br \/>\n<span style=\"font-family: helvetica, arial, sans-serif;\">\u2022 Livre de DNase \/ RNase e pirog\u00eanio.<\/span><br \/>\n<span style=\"font-family: helvetica, arial, sans-serif;\">\u2022 Fundo arredondado e autossustent\u00e1vel<\/span><br \/>\n<span style=\"font-family: helvetica, arial, sans-serif;\">\u2022 Autoclav\u00e1vel (121\u00b0C, 15 psi, 15 min.)<\/span><br \/>\n<span style=\"font-family: helvetica, arial, sans-serif;\">\u2022 Est\u00e9ril E.Beam, SAL = 10 -6 (feixe de el\u00e9trons) ISO 11137<\/span><br \/>\n<span style=\"font-family: helvetica, arial, sans-serif;\">\u2022 Gradua\u00e7\u00f5es claras e \u00e1rea de marca\u00e7\u00e3o branca<\/span><br \/>\n<span style=\"font-family: helvetica, arial, sans-serif;\">\u2022 Com Tampa Rosca interna<\/span><\/p>\n<p><span style=\"font-family: helvetica, arial, sans-serif;\">Aplica\u00e7\u00e3o<\/span><br \/>\n<span style=\"font-family: helvetica, arial, sans-serif;\">Diversas \u00e1reas laboratoriais, que requerem armazenamento em condi\u00e7\u00f5es extremas de<\/span><br \/>\n<span style=\"font-family: helvetica, arial, sans-serif;\">temperatura de at\u00e9 -196\u00b0C (nitrog\u00eanio l\u00edquido) e\/ou autoclavagem a 121\u00b0C.<\/span><br \/>\n<span style=\"font-family: helvetica, arial, sans-serif;\">Tampa de rosca externa especial, projetada sem anel de silicone para evitar o risco de<\/span><br \/>\n<span style=\"font-family: helvetica, arial, sans-serif;\">contamina\u00e7\u00e3o.<\/span><br \/>\n<span style=\"font-family: helvetica, arial, sans-serif;\">Recomendado armazenar no tanque de nitrog\u00eanio na fase gasosa:<\/span><br \/>\n<span style=\"font-family: helvetica, arial, sans-serif;\">\u2022 Somente para uso laboratorial e diagn\u00f3stico in vitro.<\/span><br \/>\n<span style=\"font-family: helvetica, arial, sans-serif;\">\u2022 Descarte segundo PGR (Plano de Gerenciamento de Res\u00edduos- material pl\u00e1stico) e CONAMA 358\/2005.<\/span><\/p>\n<p><span style=\"font-family: helvetica, arial, sans-serif;\">Armazenagem<\/span><br \/>\n<span style=\"font-family: helvetica, arial, sans-serif;\">Em \u00e1rea seca e temperatura laboratorial.<\/span><\/p>\n<p><span style=\"font-family: helvetica, arial, sans-serif;\">Validade :\u00a0 5 anos.<\/span><br \/>\n<span style=\"font-family: helvetica, arial, sans-serif;\">O prazo de validade est\u00e1 diretamente ligado a qualidade do inv\u00f3lucro e local de armazenagem dos<\/span><br \/>\n<span style=\"font-family: helvetica, arial, sans-serif;\">materiais est\u00e9reis. A viola\u00e7\u00e3o da embalagem ou de outro sistema de fechamento, denominado barreira est\u00e9ril, com perda da integridade por compress\u00e3o, empilhamento, cisalhamento, penetra\u00e7\u00e3o da unidade,<\/span><br \/>\n<span style=\"font-family: helvetica, arial, sans-serif;\">exposi\u00e7\u00e3o direta a raios solares ou outros agressores ambientais, que podem comprometer a<\/span><br \/>\n<span style=\"font-family: helvetica, arial, sans-serif;\">embalagem e contaminar o material que \u00e9 considerado est\u00e9ril at\u00e9 que um evento adverso ocorra<\/span><\/p>\n<p><span style=\"font-family: helvetica, arial, sans-serif;\">Pacote zip com 50 unidades<\/span><\/p>\n<p><span style=\"font-family: helvetica, arial, sans-serif;\"><strong>Outras capacidades e medidas consulte nos\u00a0 atrav\u00e9s email:vendas@escolhelab.com.br<\/strong><\/span><\/p>\n<p><span style=\"font-family: helvetica, arial, sans-serif;\"><a href=\"https:\/\/escolhelab.com.br\/en\/\">Site:escolhelab.com.br<\/a><\/span><\/p>\n<p><span style=\"background-color: #ccffff; font-family: helvetica, arial, sans-serif;\">\u00a0<\/span><\/p>","protected":false},"excerpt":{"rendered":"<p><span style=\"font-family: helvetica, arial, sans-serif;\">Tubo Criog\u00eanico 2ml para armazenamento e autoclavagem de amostras<\/span><\/p>\n<p><span style=\"font-family: helvetica, arial, sans-serif;\">Caracter\u00edsticas<\/span><br \/>\n<span style=\"font-family: helvetica, arial, sans-serif;\">\u2022 Fabricado em Polipropileno (USP VI)<\/span><br \/>\n<span style=\"font-family: helvetica, arial, sans-serif;\">\u2022 Certificado ISO 13485:2016<\/span><br \/>\n<span style=\"font-family: helvetica, arial, sans-serif;\">\u2022 Livre de DNase \/ RNase e pirog\u00eanio.<\/span><br \/>\n<span style=\"font-family: helvetica, arial, sans-serif;\">\u2022 Fundo arredondado e autossustent\u00e1vel<\/span><br \/>\n<span style=\"font-family: helvetica, arial, sans-serif;\">\u2022 Autoclav\u00e1vel (121\u00b0C, 15 psi, 15 min.)<\/span><br \/>\n<span style=\"font-family: helvetica, arial, sans-serif;\">\u2022 Est\u00e9ril E.Beam, SAL = 10 -6 (feixe de el\u00e9trons) ISO 11137<\/span><br \/>\n<span style=\"font-family: helvetica, arial, sans-serif;\">\u2022 Gradua\u00e7\u00f5es claras e \u00e1rea<\/span><br \/>\n<span style=\"font-family: helvetica, arial, sans-serif;\">\u2022 Com Tampa Rosca interna<\/span><\/p>\n<p><span style=\"font-family: helvetica, arial, sans-serif;\">Pacote zip com 50 unidades<\/span><\/p>","protected":false},"featured_media":34160,"comment_status":"open","ping_status":"closed","template":"","meta":{"_acf_changed":false,"iawp_total_views":16},"product_brand":[],"product_cat":[725,606],"product_tag":[],"class_list":{"0":"post-34156","1":"product","2":"type-product","3":"status-publish","4":"has-post-thumbnail","6":"product_cat-acessorios-e-consumiveis","7":"product_cat-quimico","8":"product_shipping_class-produtos-laboratorio-quimico","10":"first","11":"instock","12":"featured","13":"shipping-taxable","14":"purchasable","15":"product-type-variable"},"acf":[],"yoast_head":"<!-- This site is optimized with the Yoast SEO Premium plugin v26.2 (Yoast SEO v27.4) - https:\/\/yoast.com\/product\/yoast-seo-premium-wordpress\/ -->\n<title>Tubo Criogenico<\/title>\n<meta name=\"description\" content=\"Tubo Criog\u00eanico 2ml de pl\u00e1stico para armazenamento e autoclavagem de amostras, em condi\u00e7\u00f5es extremas de temperatura. e Com tampa rosca interna.\" \/>\n<meta name=\"robots\" content=\"index, follow, max-snippet:-1, max-image-preview:large, max-video-preview:-1\" \/>\n<link rel=\"canonical\" href=\"https:\/\/escolhelab.com.br\/en\/tubo-criogenico-c\/\" \/>\n<meta property=\"og:locale\" content=\"en_US\" \/>\n<meta property=\"og:type\" content=\"article\" \/>\n<meta property=\"og:title\" content=\"Tubo Criogenico\" \/>\n<meta property=\"og:description\" content=\"Tubo Criog\u00eanico 2ml de pl\u00e1stico para armazenamento e autoclavagem de amostras, em condi\u00e7\u00f5es extremas de temperatura. e Com tampa rosca interna.\" \/>\n<meta property=\"og:url\" content=\"https:\/\/escolhelab.com.br\/en\/tubo-criogenico-c\/\" \/>\n<meta property=\"og:site_name\" content=\"Loja de produtos para laboratorio\" \/>\n<meta property=\"article:modified_time\" content=\"2025-09-05T21:08:56+00:00\" \/>\n<meta property=\"og:image\" content=\"https:\/\/escolhelab.com.br\/wp-content\/uploads\/2024\/12\/tubo-crogenico-2-ml-escolhelab-com-br.webp\" \/>\n\t<meta property=\"og:image:width\" content=\"700\" \/>\n\t<meta property=\"og:image:height\" content=\"800\" \/>\n\t<meta property=\"og:image:type\" content=\"image\/webp\" \/>\n<meta name=\"twitter:card\" content=\"summary_large_image\" \/>\n<meta name=\"twitter:label1\" content=\"Est. reading time\" \/>\n\t<meta name=\"twitter:data1\" content=\"2 minutes\" \/>\n<script type=\"application\/ld+json\" class=\"yoast-schema-graph\">{\"@context\":\"https:\\\/\\\/schema.org\",\"@graph\":[{\"@type\":\"WebPage\",\"@id\":\"https:\\\/\\\/escolhelab.com.br\\\/tubo-criogenico-c\\\/\",\"url\":\"https:\\\/\\\/escolhelab.com.br\\\/tubo-criogenico-c\\\/\",\"name\":\"Tubo Criogenico\",\"isPartOf\":{\"@id\":\"https:\\\/\\\/escolhelab.com.br\\\/#website\"},\"primaryImageOfPage\":{\"@id\":\"https:\\\/\\\/escolhelab.com.br\\\/tubo-criogenico-c\\\/#primaryimage\"},\"image\":{\"@id\":\"https:\\\/\\\/escolhelab.com.br\\\/tubo-criogenico-c\\\/#primaryimage\"},\"thumbnailUrl\":\"https:\\\/\\\/escolhelab.com.br\\\/wp-content\\\/uploads\\\/2024\\\/12\\\/tubo-crogenico-2-ml-escolhelab-com-br.webp\",\"datePublished\":\"2024-12-10T15:08:30+00:00\",\"dateModified\":\"2025-09-05T21:08:56+00:00\",\"description\":\"Tubo Criog\u00eanico 2ml de pl\u00e1stico para armazenamento e autoclavagem de amostras, em condi\u00e7\u00f5es extremas de temperatura. e Com tampa rosca interna.\",\"breadcrumb\":{\"@id\":\"https:\\\/\\\/escolhelab.com.br\\\/tubo-criogenico-c\\\/#breadcrumb\"},\"inLanguage\":\"en-US\",\"potentialAction\":[{\"@type\":\"ReadAction\",\"target\":[\"https:\\\/\\\/escolhelab.com.br\\\/tubo-criogenico-c\\\/\"]}]},{\"@type\":\"ImageObject\",\"inLanguage\":\"en-US\",\"@id\":\"https:\\\/\\\/escolhelab.com.br\\\/tubo-criogenico-c\\\/#primaryimage\",\"url\":\"https:\\\/\\\/escolhelab.com.br\\\/wp-content\\\/uploads\\\/2024\\\/12\\\/tubo-crogenico-2-ml-escolhelab-com-br.webp\",\"contentUrl\":\"https:\\\/\\\/escolhelab.com.br\\\/wp-content\\\/uploads\\\/2024\\\/12\\\/tubo-crogenico-2-ml-escolhelab-com-br.webp\",\"width\":700,\"height\":800,\"caption\":\"tubo-crogenico-2-ml-escolhelab-com-br\"},{\"@type\":\"BreadcrumbList\",\"@id\":\"https:\\\/\\\/escolhelab.com.br\\\/tubo-criogenico-c\\\/#breadcrumb\",\"itemListElement\":[{\"@type\":\"ListItem\",\"position\":1,\"name\":\"In\u00edcio\",\"item\":\"https:\\\/\\\/escolhelab.com.br\\\/\"},{\"@type\":\"ListItem\",\"position\":2,\"name\":\"loja\",\"item\":\"https:\\\/\\\/escolhelab.com.br\\\/loja\\\/\"},{\"@type\":\"ListItem\",\"position\":3,\"name\":\"Tubo Criogenico\"}]},{\"@type\":\"WebSite\",\"@id\":\"https:\\\/\\\/escolhelab.com.br\\\/#website\",\"url\":\"https:\\\/\\\/escolhelab.com.br\\\/\",\"name\":\"Loja de produtos para laboratorio\",\"description\":\"Produtos para Laborat\u00f3rio,Artigos e outros na loja do quimico\",\"publisher\":{\"@id\":\"https:\\\/\\\/escolhelab.com.br\\\/#organization\"},\"alternateName\":\"escolhelab\",\"potentialAction\":[{\"@type\":\"SearchAction\",\"target\":{\"@type\":\"EntryPoint\",\"urlTemplate\":\"https:\\\/\\\/escolhelab.com.br\\\/?s={search_term_string}\"},\"query-input\":{\"@type\":\"PropertyValueSpecification\",\"valueRequired\":true,\"valueName\":\"search_term_string\"}}],\"inLanguage\":\"en-US\"},{\"@type\":\"Organization\",\"@id\":\"https:\\\/\\\/escolhelab.com.br\\\/#organization\",\"name\":\"loja escolhelab\",\"alternateName\":\"escolhelab\",\"url\":\"https:\\\/\\\/escolhelab.com.br\\\/\",\"logo\":{\"@type\":\"ImageObject\",\"inLanguage\":\"en-US\",\"@id\":\"https:\\\/\\\/escolhelab.com.br\\\/#\\\/schema\\\/logo\\\/image\\\/\",\"url\":\"https:\\\/\\\/escolhelab.com.br\\\/wp-content\\\/uploads\\\/2024\\\/12\\\/icone-e-512-512escolhelab-com-br-2-800x800.png\",\"contentUrl\":\"https:\\\/\\\/escolhelab.com.br\\\/wp-content\\\/uploads\\\/2024\\\/12\\\/icone-e-512-512escolhelab-com-br-2-800x800.png\",\"width\":800,\"height\":800,\"caption\":\"loja escolhelab\"},\"image\":{\"@id\":\"https:\\\/\\\/escolhelab.com.br\\\/#\\\/schema\\\/logo\\\/image\\\/\"}}]}<\/script>\n<!-- \/ Yoast SEO Premium plugin. -->","yoast_head_json":{"title":"Tubo Criogenico","description":"Tubo Criog\u00eanico 2ml de pl\u00e1stico para armazenamento e autoclavagem de amostras, em condi\u00e7\u00f5es extremas de temperatura. e Com tampa rosca interna.","robots":{"index":"index","follow":"follow","max-snippet":"max-snippet:-1","max-image-preview":"max-image-preview:large","max-video-preview":"max-video-preview:-1"},"canonical":"https:\/\/escolhelab.com.br\/en\/tubo-criogenico-c\/","og_locale":"en_US","og_type":"article","og_title":"Tubo Criogenico","og_description":"Tubo Criog\u00eanico 2ml de pl\u00e1stico para armazenamento e autoclavagem de amostras, em condi\u00e7\u00f5es extremas de temperatura. e Com tampa rosca interna.","og_url":"https:\/\/escolhelab.com.br\/en\/tubo-criogenico-c\/","og_site_name":"Loja de produtos para laboratorio","article_modified_time":"2025-09-05T21:08:56+00:00","og_image":[{"width":700,"height":800,"url":"https:\/\/escolhelab.com.br\/wp-content\/uploads\/2024\/12\/tubo-crogenico-2-ml-escolhelab-com-br.webp","type":"image\/webp"}],"twitter_card":"summary_large_image","twitter_misc":{"Est. reading time":"2 minutes"},"schema":{"@context":"https:\/\/schema.org","@graph":[{"@type":"WebPage","@id":"https:\/\/escolhelab.com.br\/tubo-criogenico-c\/","url":"https:\/\/escolhelab.com.br\/tubo-criogenico-c\/","name":"Tubo Criogenico","isPartOf":{"@id":"https:\/\/escolhelab.com.br\/#website"},"primaryImageOfPage":{"@id":"https:\/\/escolhelab.com.br\/tubo-criogenico-c\/#primaryimage"},"image":{"@id":"https:\/\/escolhelab.com.br\/tubo-criogenico-c\/#primaryimage"},"thumbnailUrl":"https:\/\/escolhelab.com.br\/wp-content\/uploads\/2024\/12\/tubo-crogenico-2-ml-escolhelab-com-br.webp","datePublished":"2024-12-10T15:08:30+00:00","dateModified":"2025-09-05T21:08:56+00:00","description":"Tubo Criog\u00eanico 2ml de pl\u00e1stico para armazenamento e autoclavagem de amostras, em condi\u00e7\u00f5es extremas de temperatura. e Com tampa rosca interna.","breadcrumb":{"@id":"https:\/\/escolhelab.com.br\/tubo-criogenico-c\/#breadcrumb"},"inLanguage":"en-US","potentialAction":[{"@type":"ReadAction","target":["https:\/\/escolhelab.com.br\/tubo-criogenico-c\/"]}]},{"@type":"ImageObject","inLanguage":"en-US","@id":"https:\/\/escolhelab.com.br\/tubo-criogenico-c\/#primaryimage","url":"https:\/\/escolhelab.com.br\/wp-content\/uploads\/2024\/12\/tubo-crogenico-2-ml-escolhelab-com-br.webp","contentUrl":"https:\/\/escolhelab.com.br\/wp-content\/uploads\/2024\/12\/tubo-crogenico-2-ml-escolhelab-com-br.webp","width":700,"height":800,"caption":"tubo-crogenico-2-ml-escolhelab-com-br"},{"@type":"BreadcrumbList","@id":"https:\/\/escolhelab.com.br\/tubo-criogenico-c\/#breadcrumb","itemListElement":[{"@type":"ListItem","position":1,"name":"In\u00edcio","item":"https:\/\/escolhelab.com.br\/"},{"@type":"ListItem","position":2,"name":"loja","item":"https:\/\/escolhelab.com.br\/loja\/"},{"@type":"ListItem","position":3,"name":"Tubo Criogenico"}]},{"@type":"WebSite","@id":"https:\/\/escolhelab.com.br\/#website","url":"https:\/\/escolhelab.com.br\/","name":"Loja de produtos para laboratorio","description":"Produtos para Laborat\u00f3rio,Artigos e outros na loja do quimico","publisher":{"@id":"https:\/\/escolhelab.com.br\/#organization"},"alternateName":"escolhelab","potentialAction":[{"@type":"SearchAction","target":{"@type":"EntryPoint","urlTemplate":"https:\/\/escolhelab.com.br\/?s={search_term_string}"},"query-input":{"@type":"PropertyValueSpecification","valueRequired":true,"valueName":"search_term_string"}}],"inLanguage":"en-US"},{"@type":"Organization","@id":"https:\/\/escolhelab.com.br\/#organization","name":"loja escolhelab","alternateName":"escolhelab","url":"https:\/\/escolhelab.com.br\/","logo":{"@type":"ImageObject","inLanguage":"en-US","@id":"https:\/\/escolhelab.com.br\/#\/schema\/logo\/image\/","url":"https:\/\/escolhelab.com.br\/wp-content\/uploads\/2024\/12\/icone-e-512-512escolhelab-com-br-2-800x800.png","contentUrl":"https:\/\/escolhelab.com.br\/wp-content\/uploads\/2024\/12\/icone-e-512-512escolhelab-com-br-2-800x800.png","width":800,"height":800,"caption":"loja escolhelab"},"image":{"@id":"https:\/\/escolhelab.com.br\/#\/schema\/logo\/image\/"}}]}},"tiered_pricing_type":"fixed","tiered_pricing_fixed_rules":[],"tiered_pricing_product_settings":{"layout":"default","base_unit_name":{"singular":null,"plural":null},"default_variation":null},"tiered_pricing_minimum_quantity":null,"tiered_pricing_roles_data":[],"tiered_pricing_percentage_rules":[],"tiered_pricing_maximum_quantity":null,"tiered_pricing_quantity_step":null,"_links":{"self":[{"href":"https:\/\/escolhelab.com.br\/en\/wp-json\/wp\/v2\/product\/34156","targetHints":{"allow":["GET"]}}],"collection":[{"href":"https:\/\/escolhelab.com.br\/en\/wp-json\/wp\/v2\/product"}],"about":[{"href":"https:\/\/escolhelab.com.br\/en\/wp-json\/wp\/v2\/types\/product"}],"replies":[{"embeddable":true,"href":"https:\/\/escolhelab.com.br\/en\/wp-json\/wp\/v2\/comments?post=34156"}],"version-history":[{"count":0,"href":"https:\/\/escolhelab.com.br\/en\/wp-json\/wp\/v2\/product\/34156\/revisions"}],"wp:featuredmedia":[{"embeddable":true,"href":"https:\/\/escolhelab.com.br\/en\/wp-json\/wp\/v2\/media\/34160"}],"wp:attachment":[{"href":"https:\/\/escolhelab.com.br\/en\/wp-json\/wp\/v2\/media?parent=34156"}],"wp:term":[{"taxonomy":"product_brand","embeddable":true,"href":"https:\/\/escolhelab.com.br\/en\/wp-json\/wp\/v2\/product_brand?post=34156"},{"taxonomy":"product_cat","embeddable":true,"href":"https:\/\/escolhelab.com.br\/en\/wp-json\/wp\/v2\/product_cat?post=34156"},{"taxonomy":"product_tag","embeddable":true,"href":"https:\/\/escolhelab.com.br\/en\/wp-json\/wp\/v2\/product_tag?post=34156"}],"curies":[{"name":"wp","href":"https:\/\/api.w.org\/{rel}","templated":true}]}}