{"id":34185,"date":"2024-12-10T15:31:07","date_gmt":"2024-12-10T18:31:07","guid":{"rendered":"https:\/\/escolhelab.com.br\/?post_type=product&#038;p=34185"},"modified":"2025-08-25T22:59:21","modified_gmt":"2025-08-26T01:59:21","slug":"butirometro-para-leite-0-8-01-com-rolha-c","status":"publish","type":"product","link":"https:\/\/escolhelab.com.br\/en\/butirometro-para-leite-0-8-01-com-rolha-c\/","title":{"rendered":"Butir\u00f4metro para Leite 0-8%-0,1 com Rolha"},"content":{"rendered":"<h1><span style=\"font-size: 12pt; font-family: helvetica, arial, sans-serif;\">Butir\u00f4metro para Leite 0-8%-0,1 com Rolha<\/span><\/h1>\n<h2><span style=\"font-size: 12pt; font-family: helvetica, arial, sans-serif;\">Butir\u00f4metro para Leite 0-8%-0,1 com rolha \u00e9 uma ferramenta fundamental para an\u00e1lises acuradas do teor de gordura no leite.<br \/>\n<\/span><span style=\"font-size: 12pt; font-family: helvetica, arial, sans-serif;\">Este instrumento de medi\u00e7\u00e3o oferece confiabilidade e resultados consistentes em suas determina\u00e7\u00f5es.<\/span><\/h2>\n<p><span style=\"font-family: helvetica, arial, sans-serif;\">Experimente a efic\u00e1cia e a qualidade do Butir\u00f4metro para leite com rolha em suas an\u00e1lises, assegurando informa\u00e7\u00f5es precisas sobre o teor de gordura em seus produtos l\u00e1cteos. Essa ferramenta \u00e9 indispens\u00e1vel para garantir a qualidade e consist\u00eancia dos seus produtos, contribuindo para a excel\u00eancia em suas opera\u00e7\u00f5es<\/span><\/p>\n<h2><span style=\"font-family: helvetica, arial, sans-serif; font-size: 14pt;\"><strong>Especifica\u00e7\u00f5es do\u00a0Produto:<\/strong><\/span><\/h2>\n<ul>\n<li><span style=\"font-family: helvetica, arial, sans-serif;\">Projetado para medi\u00e7\u00e3o precisa do teor de gordura no leite.<\/span><\/li>\n<li><span style=\"font-family: helvetica, arial, sans-serif;\">Ideal para laborat\u00f3rios e ind\u00fastrias de latic\u00ednios.<\/span><\/li>\n<li><span style=\"font-family: helvetica, arial, sans-serif;\">Facilidade de uso e obten\u00e7\u00e3o de resultados confi\u00e1veis<\/span><\/li>\n<li><span style=\"font-family: helvetica, arial, sans-serif;\">Indicado para an\u00e1lise f\u00edsico-qu\u00edmica do leite.<\/span><\/li>\n<li><span style=\"font-family: helvetica, arial, sans-serif;\">butir\u00f4metro tipo\u00a0 Gerber s\u00e3o instrumentos de precis\u00e3o com escala<\/span><\/li>\n<li><span style=\"font-family: helvetica, arial, sans-serif;\">Fabricado em vidro borossilicato.<\/span><\/li>\n<li><span style=\"font-family: helvetica, arial, sans-serif;\">Resistente a \u00e1cidos<\/span><\/li>\n<li><span style=\"font-family: helvetica, arial, sans-serif;\">Fabricado de acordo com as normas nacionais<\/span><\/li>\n<li><span style=\"font-family: helvetica, arial, sans-serif;\">Divis\u00e3o 0,1.<\/span><\/li>\n<li><span style=\"font-family: helvetica, arial, sans-serif;\">Com Rolha.<\/span><\/li>\n<li><span style=\"font-family: helvetica, arial, sans-serif;\">Embalagem: Pe\u00e7a<\/span><\/li>\n<li><span style=\"font-family: helvetica, arial, sans-serif;\">*<span style=\"font-size: 10pt;\">FOTO MERAMENTE ILUSTRATIVA<\/span>*<\/span><\/li>\n<\/ul>\n<p>&nbsp;<\/p>\n<p><span style=\"font-family: helvetica, arial, sans-serif;\"><strong>Outras capacidades e medidas consulte nos\u00a0 atrav\u00e9s email: vendas@escolhelab.com.br<br \/>\n<a href=\"https:\/\/escolhelab.com.br\/en\/\">site:escolhelab.com.br<\/a><\/strong><\/span><\/p>\n<p>&nbsp;<\/p>","protected":false},"excerpt":{"rendered":"<p><span style=\"font-size: 12pt; font-family: helvetica, arial, sans-serif;\"><strong>Butir\u00f4metro para Leite 0-8%-0,1 com rolha \u00e9 uma ferramenta fundamental para an\u00e1lises acuradas do teor<br \/>\nde gordura no leite<br \/>\n<\/strong>Fabricado em vidro borossilicato.<br \/>\nResistente a \u00e1cidos<br \/>\nFabricado de acordo com as normas nacionais<br \/>\nDivis\u00e3o 0,1.<br \/>\nCom Rolha.<br \/>\nEmbalagem: Pe\u00e7a<\/span><\/p>","protected":false},"featured_media":34162,"comment_status":"open","ping_status":"closed","template":"","meta":{"_acf_changed":false,"iawp_total_views":55},"product_brand":[],"product_cat":[733,606],"product_tag":[],"class_list":{"0":"post-34185","1":"product","2":"type-product","3":"status-publish","4":"has-post-thumbnail","6":"product_cat-equipamento-laboratorio","7":"product_cat-quimico","8":"product_shipping_class-produtos-laboratorio-quimico","10":"first","11":"instock","12":"featured","13":"shipping-taxable","14":"purchasable","15":"product-type-simple"},"acf":[],"yoast_head":"<!-- This site is optimized with the Yoast SEO Premium plugin v26.2 (Yoast SEO v27.4) - https:\/\/yoast.com\/product\/yoast-seo-premium-wordpress\/ -->\n<title>Butir\u00f4metro para Leite 0-8%-0,1 com Rolha<\/title>\n<meta name=\"description\" content=\"Butir\u00f4metro para Leite 0-8%-0,1 com rolha para diferentes produtos \u00e9 uma ferramenta fundamental para an\u00e1lises acuradas do teor de gordura no leite.\" \/>\n<meta name=\"robots\" content=\"index, follow, max-snippet:-1, max-image-preview:large, max-video-preview:-1\" \/>\n<link rel=\"canonical\" href=\"https:\/\/escolhelab.com.br\/en\/butirometro-para-leite-0-8-01-com-rolha-c\/\" \/>\n<meta property=\"og:locale\" content=\"en_US\" \/>\n<meta property=\"og:type\" content=\"article\" \/>\n<meta property=\"og:title\" content=\"Butir\u00f4metro para Leite 0-8%-0,1 com Rolha\" \/>\n<meta property=\"og:description\" content=\"Butir\u00f4metro para Leite 0-8%-0,1 com rolha para diferentes produtos \u00e9 uma ferramenta fundamental para an\u00e1lises acuradas do teor de gordura no leite.\" \/>\n<meta property=\"og:url\" content=\"https:\/\/escolhelab.com.br\/en\/butirometro-para-leite-0-8-01-com-rolha-c\/\" \/>\n<meta property=\"og:site_name\" content=\"Loja de produtos para laboratorio\" \/>\n<meta property=\"article:modified_time\" content=\"2025-08-26T01:59:21+00:00\" \/>\n<meta property=\"og:image\" content=\"https:\/\/escolhelab.com.br\/wp-content\/uploads\/2024\/12\/Butirometro-para-Leite-0-8-01-com-Rolha-escolhelab.com_.br_.webp\" \/>\n\t<meta property=\"og:image:width\" content=\"700\" \/>\n\t<meta property=\"og:image:height\" content=\"800\" \/>\n\t<meta property=\"og:image:type\" content=\"image\/webp\" \/>\n<meta name=\"twitter:card\" content=\"summary_large_image\" \/>\n<meta name=\"twitter:label1\" content=\"Est. reading time\" \/>\n\t<meta name=\"twitter:data1\" content=\"2 minutes\" \/>\n<script type=\"application\/ld+json\" class=\"yoast-schema-graph\">{\"@context\":\"https:\\\/\\\/schema.org\",\"@graph\":[{\"@type\":\"WebPage\",\"@id\":\"https:\\\/\\\/escolhelab.com.br\\\/butirometro-para-leite-0-8-01-com-rolha-c\\\/\",\"url\":\"https:\\\/\\\/escolhelab.com.br\\\/butirometro-para-leite-0-8-01-com-rolha-c\\\/\",\"name\":\"Butir\u00f4metro para Leite 0-8%-0,1 com Rolha\",\"isPartOf\":{\"@id\":\"https:\\\/\\\/escolhelab.com.br\\\/#website\"},\"primaryImageOfPage\":{\"@id\":\"https:\\\/\\\/escolhelab.com.br\\\/butirometro-para-leite-0-8-01-com-rolha-c\\\/#primaryimage\"},\"image\":{\"@id\":\"https:\\\/\\\/escolhelab.com.br\\\/butirometro-para-leite-0-8-01-com-rolha-c\\\/#primaryimage\"},\"thumbnailUrl\":\"https:\\\/\\\/escolhelab.com.br\\\/wp-content\\\/uploads\\\/2024\\\/12\\\/Butirometro-para-Leite-0-8-01-com-Rolha-escolhelab.com_.br_.webp\",\"datePublished\":\"2024-12-10T18:31:07+00:00\",\"dateModified\":\"2025-08-26T01:59:21+00:00\",\"description\":\"Butir\u00f4metro para Leite 0-8%-0,1 com rolha para diferentes produtos \u00e9 uma ferramenta fundamental para an\u00e1lises acuradas do teor de gordura no leite.\",\"breadcrumb\":{\"@id\":\"https:\\\/\\\/escolhelab.com.br\\\/butirometro-para-leite-0-8-01-com-rolha-c\\\/#breadcrumb\"},\"inLanguage\":\"en-US\",\"potentialAction\":[{\"@type\":\"ReadAction\",\"target\":[\"https:\\\/\\\/escolhelab.com.br\\\/butirometro-para-leite-0-8-01-com-rolha-c\\\/\"]}]},{\"@type\":\"ImageObject\",\"inLanguage\":\"en-US\",\"@id\":\"https:\\\/\\\/escolhelab.com.br\\\/butirometro-para-leite-0-8-01-com-rolha-c\\\/#primaryimage\",\"url\":\"https:\\\/\\\/escolhelab.com.br\\\/wp-content\\\/uploads\\\/2024\\\/12\\\/Butirometro-para-Leite-0-8-01-com-Rolha-escolhelab.com_.br_.webp\",\"contentUrl\":\"https:\\\/\\\/escolhelab.com.br\\\/wp-content\\\/uploads\\\/2024\\\/12\\\/Butirometro-para-Leite-0-8-01-com-Rolha-escolhelab.com_.br_.webp\",\"width\":700,\"height\":800},{\"@type\":\"BreadcrumbList\",\"@id\":\"https:\\\/\\\/escolhelab.com.br\\\/butirometro-para-leite-0-8-01-com-rolha-c\\\/#breadcrumb\",\"itemListElement\":[{\"@type\":\"ListItem\",\"position\":1,\"name\":\"In\u00edcio\",\"item\":\"https:\\\/\\\/escolhelab.com.br\\\/\"},{\"@type\":\"ListItem\",\"position\":2,\"name\":\"loja\",\"item\":\"https:\\\/\\\/escolhelab.com.br\\\/loja\\\/\"},{\"@type\":\"ListItem\",\"position\":3,\"name\":\"Butir\u00f4metro para Leite 0-8%-0,1 com Rolha\"}]},{\"@type\":\"WebSite\",\"@id\":\"https:\\\/\\\/escolhelab.com.br\\\/#website\",\"url\":\"https:\\\/\\\/escolhelab.com.br\\\/\",\"name\":\"Loja de produtos para laboratorio\",\"description\":\"Produtos para Laborat\u00f3rio,Artigos e outros na loja do quimico\",\"publisher\":{\"@id\":\"https:\\\/\\\/escolhelab.com.br\\\/#organization\"},\"alternateName\":\"escolhelab\",\"potentialAction\":[{\"@type\":\"SearchAction\",\"target\":{\"@type\":\"EntryPoint\",\"urlTemplate\":\"https:\\\/\\\/escolhelab.com.br\\\/?s={search_term_string}\"},\"query-input\":{\"@type\":\"PropertyValueSpecification\",\"valueRequired\":true,\"valueName\":\"search_term_string\"}}],\"inLanguage\":\"en-US\"},{\"@type\":\"Organization\",\"@id\":\"https:\\\/\\\/escolhelab.com.br\\\/#organization\",\"name\":\"loja escolhelab\",\"alternateName\":\"escolhelab\",\"url\":\"https:\\\/\\\/escolhelab.com.br\\\/\",\"logo\":{\"@type\":\"ImageObject\",\"inLanguage\":\"en-US\",\"@id\":\"https:\\\/\\\/escolhelab.com.br\\\/#\\\/schema\\\/logo\\\/image\\\/\",\"url\":\"https:\\\/\\\/escolhelab.com.br\\\/wp-content\\\/uploads\\\/2024\\\/12\\\/icone-e-512-512escolhelab-com-br-2-800x800.png\",\"contentUrl\":\"https:\\\/\\\/escolhelab.com.br\\\/wp-content\\\/uploads\\\/2024\\\/12\\\/icone-e-512-512escolhelab-com-br-2-800x800.png\",\"width\":800,\"height\":800,\"caption\":\"loja escolhelab\"},\"image\":{\"@id\":\"https:\\\/\\\/escolhelab.com.br\\\/#\\\/schema\\\/logo\\\/image\\\/\"}}]}<\/script>\n<!-- \/ Yoast SEO Premium plugin. -->","yoast_head_json":{"title":"Butir\u00f4metro para Leite 0-8%-0,1 com Rolha","description":"Butir\u00f4metro para Leite 0-8%-0,1 com rolha para diferentes produtos \u00e9 uma ferramenta fundamental para an\u00e1lises acuradas do teor de gordura no leite.","robots":{"index":"index","follow":"follow","max-snippet":"max-snippet:-1","max-image-preview":"max-image-preview:large","max-video-preview":"max-video-preview:-1"},"canonical":"https:\/\/escolhelab.com.br\/en\/butirometro-para-leite-0-8-01-com-rolha-c\/","og_locale":"en_US","og_type":"article","og_title":"Butir\u00f4metro para Leite 0-8%-0,1 com Rolha","og_description":"Butir\u00f4metro para Leite 0-8%-0,1 com rolha para diferentes produtos \u00e9 uma ferramenta fundamental para an\u00e1lises acuradas do teor de gordura no leite.","og_url":"https:\/\/escolhelab.com.br\/en\/butirometro-para-leite-0-8-01-com-rolha-c\/","og_site_name":"Loja de produtos para laboratorio","article_modified_time":"2025-08-26T01:59:21+00:00","og_image":[{"width":700,"height":800,"url":"https:\/\/escolhelab.com.br\/wp-content\/uploads\/2024\/12\/Butirometro-para-Leite-0-8-01-com-Rolha-escolhelab.com_.br_.webp","type":"image\/webp"}],"twitter_card":"summary_large_image","twitter_misc":{"Est. reading time":"2 minutes"},"schema":{"@context":"https:\/\/schema.org","@graph":[{"@type":"WebPage","@id":"https:\/\/escolhelab.com.br\/butirometro-para-leite-0-8-01-com-rolha-c\/","url":"https:\/\/escolhelab.com.br\/butirometro-para-leite-0-8-01-com-rolha-c\/","name":"Butir\u00f4metro para Leite 0-8%-0,1 com Rolha","isPartOf":{"@id":"https:\/\/escolhelab.com.br\/#website"},"primaryImageOfPage":{"@id":"https:\/\/escolhelab.com.br\/butirometro-para-leite-0-8-01-com-rolha-c\/#primaryimage"},"image":{"@id":"https:\/\/escolhelab.com.br\/butirometro-para-leite-0-8-01-com-rolha-c\/#primaryimage"},"thumbnailUrl":"https:\/\/escolhelab.com.br\/wp-content\/uploads\/2024\/12\/Butirometro-para-Leite-0-8-01-com-Rolha-escolhelab.com_.br_.webp","datePublished":"2024-12-10T18:31:07+00:00","dateModified":"2025-08-26T01:59:21+00:00","description":"Butir\u00f4metro para Leite 0-8%-0,1 com rolha para diferentes produtos \u00e9 uma ferramenta fundamental para an\u00e1lises acuradas do teor de gordura no leite.","breadcrumb":{"@id":"https:\/\/escolhelab.com.br\/butirometro-para-leite-0-8-01-com-rolha-c\/#breadcrumb"},"inLanguage":"en-US","potentialAction":[{"@type":"ReadAction","target":["https:\/\/escolhelab.com.br\/butirometro-para-leite-0-8-01-com-rolha-c\/"]}]},{"@type":"ImageObject","inLanguage":"en-US","@id":"https:\/\/escolhelab.com.br\/butirometro-para-leite-0-8-01-com-rolha-c\/#primaryimage","url":"https:\/\/escolhelab.com.br\/wp-content\/uploads\/2024\/12\/Butirometro-para-Leite-0-8-01-com-Rolha-escolhelab.com_.br_.webp","contentUrl":"https:\/\/escolhelab.com.br\/wp-content\/uploads\/2024\/12\/Butirometro-para-Leite-0-8-01-com-Rolha-escolhelab.com_.br_.webp","width":700,"height":800},{"@type":"BreadcrumbList","@id":"https:\/\/escolhelab.com.br\/butirometro-para-leite-0-8-01-com-rolha-c\/#breadcrumb","itemListElement":[{"@type":"ListItem","position":1,"name":"In\u00edcio","item":"https:\/\/escolhelab.com.br\/"},{"@type":"ListItem","position":2,"name":"loja","item":"https:\/\/escolhelab.com.br\/loja\/"},{"@type":"ListItem","position":3,"name":"Butir\u00f4metro para Leite 0-8%-0,1 com Rolha"}]},{"@type":"WebSite","@id":"https:\/\/escolhelab.com.br\/#website","url":"https:\/\/escolhelab.com.br\/","name":"Loja de produtos para laboratorio","description":"Produtos para Laborat\u00f3rio,Artigos e outros na loja do quimico","publisher":{"@id":"https:\/\/escolhelab.com.br\/#organization"},"alternateName":"escolhelab","potentialAction":[{"@type":"SearchAction","target":{"@type":"EntryPoint","urlTemplate":"https:\/\/escolhelab.com.br\/?s={search_term_string}"},"query-input":{"@type":"PropertyValueSpecification","valueRequired":true,"valueName":"search_term_string"}}],"inLanguage":"en-US"},{"@type":"Organization","@id":"https:\/\/escolhelab.com.br\/#organization","name":"loja escolhelab","alternateName":"escolhelab","url":"https:\/\/escolhelab.com.br\/","logo":{"@type":"ImageObject","inLanguage":"en-US","@id":"https:\/\/escolhelab.com.br\/#\/schema\/logo\/image\/","url":"https:\/\/escolhelab.com.br\/wp-content\/uploads\/2024\/12\/icone-e-512-512escolhelab-com-br-2-800x800.png","contentUrl":"https:\/\/escolhelab.com.br\/wp-content\/uploads\/2024\/12\/icone-e-512-512escolhelab-com-br-2-800x800.png","width":800,"height":800,"caption":"loja escolhelab"},"image":{"@id":"https:\/\/escolhelab.com.br\/#\/schema\/logo\/image\/"}}]}},"tiered_pricing_type":"percentage","tiered_pricing_fixed_rules":[],"tiered_pricing_product_settings":{"layout":"default","base_unit_name":{"singular":null,"plural":null},"default_variation":null},"tiered_pricing_minimum_quantity":null,"tiered_pricing_roles_data":[],"tiered_pricing_percentage_rules":{"2":"2","3":"4","4":"5"},"tiered_pricing_maximum_quantity":null,"tiered_pricing_quantity_step":null,"_links":{"self":[{"href":"https:\/\/escolhelab.com.br\/en\/wp-json\/wp\/v2\/product\/34185","targetHints":{"allow":["GET"]}}],"collection":[{"href":"https:\/\/escolhelab.com.br\/en\/wp-json\/wp\/v2\/product"}],"about":[{"href":"https:\/\/escolhelab.com.br\/en\/wp-json\/wp\/v2\/types\/product"}],"replies":[{"embeddable":true,"href":"https:\/\/escolhelab.com.br\/en\/wp-json\/wp\/v2\/comments?post=34185"}],"version-history":[{"count":0,"href":"https:\/\/escolhelab.com.br\/en\/wp-json\/wp\/v2\/product\/34185\/revisions"}],"wp:featuredmedia":[{"embeddable":true,"href":"https:\/\/escolhelab.com.br\/en\/wp-json\/wp\/v2\/media\/34162"}],"wp:attachment":[{"href":"https:\/\/escolhelab.com.br\/en\/wp-json\/wp\/v2\/media?parent=34185"}],"wp:term":[{"taxonomy":"product_brand","embeddable":true,"href":"https:\/\/escolhelab.com.br\/en\/wp-json\/wp\/v2\/product_brand?post=34185"},{"taxonomy":"product_cat","embeddable":true,"href":"https:\/\/escolhelab.com.br\/en\/wp-json\/wp\/v2\/product_cat?post=34185"},{"taxonomy":"product_tag","embeddable":true,"href":"https:\/\/escolhelab.com.br\/en\/wp-json\/wp\/v2\/product_tag?post=34185"}],"curies":[{"name":"wp","href":"https:\/\/api.w.org\/{rel}","templated":true}]}}