{"id":34202,"date":"2024-12-10T19:11:47","date_gmt":"2024-12-10T22:11:47","guid":{"rendered":"https:\/\/escolhelab.com.br\/?post_type=product&#038;p=34202"},"modified":"2025-08-25T23:18:11","modified_gmt":"2025-08-26T02:18:11","slug":"coletor-de-amostra-tipo-caneca-c","status":"publish","type":"product","link":"https:\/\/escolhelab.com.br\/en\/coletor-de-amostra-tipo-caneca-c\/","title":{"rendered":"Coletor de Amostra tipo caneca"},"content":{"rendered":"<h2><span style=\"font-family: helvetica, arial, sans-serif;\"><strong><span style=\"font-size: 14pt;\"> Coletor de Amostra tipo caneca<\/span>\u00a0<\/strong><\/span><\/h2>\n<pre><span style=\"font-family: helvetica, arial, sans-serif;\">COLETOR DE AMOSTRA TIPO CANECA EM A\u00c7O INOX 304\r\n<\/span><\/pre>\n<ul>\n<li>\n<pre><span style=\"font-family: helvetica, arial, sans-serif;\"> Coletor em\u00a0 a\u00e7o inox 304<\/span><\/pre>\n<\/li>\n<li>\n<pre><span style=\"font-family: helvetica, arial, sans-serif;\">Capacidade do copo com\u00a0 250ml \/ 150mm\u00a0 total\r\n<\/span><\/pre>\n<\/li>\n<li>\n<pre><span style=\"font-family: helvetica, arial, sans-serif;\">Copo com 7,5x7,5cm (di\u00e2metro x altura)<\/span><\/pre>\n<\/li>\n<li>\n<pre><span style=\"font-family: helvetica, arial, sans-serif;\">Cabo tipo Concha 25x500mm\r\n<\/span><\/pre>\n<\/li>\n<li>\n<pre><span style=\"font-family: helvetica, arial, sans-serif;\">Coletor de a\u00e7o inox 304<\/span><\/pre>\n<\/li>\n<li>\n<pre><span style=\"font-family: helvetica, arial, sans-serif;\">Capacidade do copo de\u00a0 150ml e copo com 6x6cm (di\u00e2metro x altura)<\/span><\/pre>\n<\/li>\n<li>\n<pre><span style=\"font-family: helvetica, arial, sans-serif;\">Cabo tipo Concha 25x500mm\u00a0<\/span><\/pre>\n<\/li>\n<li>\n<pre><span style=\"font-family: helvetica, arial, sans-serif;\">Pe\u00e7a fabricada em car\u00e1ter ESPECIAL, apenas sob encomenda, n\u00e3o aceitamos devolu\u00e7\u00e3o.<\/span><\/pre>\n<\/li>\n<\/ul>\n<pre><span style=\"font-family: helvetica, arial, sans-serif;\">\u00a0Outras capacidades e medidas consulte nos\u00a0 atrav\u00e9s email: vendas@escolhelab.com.br\r\n<a href=\"https:\/\/escolhelab.com.br\/en\/\">site:escolhelab.com.br<\/a><\/span>\r\n<\/pre>","protected":false},"excerpt":{"rendered":"<pre><span style=\"font-family: arial, helvetica, sans-serif; font-size: 12pt;\">Coletor de Amostra tipo caneca com capacidade de 250ml\r\nColetor em a\u00e7o inox 304\r\nCapacidade do copo com\u00a0 at\u00e9 250ml total\r\n<\/span>Copo com 7,5x7,5cm (di\u00e2metro x altura)Cabo tipo Concha 25x500m<\/pre>\n<p>&nbsp;<\/p>","protected":false},"featured_media":34914,"comment_status":"open","ping_status":"closed","template":"","meta":{"_acf_changed":false,"iawp_total_views":58},"product_brand":[],"product_cat":[729,606],"product_tag":[],"class_list":{"0":"post-34202","1":"product","2":"type-product","3":"status-publish","4":"has-post-thumbnail","6":"product_cat-inox-e-ferragens","7":"product_cat-quimico","8":"product_shipping_class-produtos-laboratorio-quimico","10":"first","11":"instock","12":"featured","13":"shipping-taxable","14":"purchasable","15":"product-type-variable"},"acf":[],"yoast_head":"<!-- This site is optimized with the Yoast SEO Premium plugin v26.2 (Yoast SEO v27.3) - https:\/\/yoast.com\/product\/yoast-seo-premium-wordpress\/ -->\n<title>Coletor de Amostra tipo caneca<\/title>\n<meta name=\"description\" content=\"Coletor de Amostra tipo caneca fabricado em a\u00e7o inox 304 com capacidade de 150ml e copo com o tamanho de 7,5x7,5cm (DxA) e Cabo tipo Concha 25x500mm.\" \/>\n<meta name=\"robots\" content=\"index, follow, max-snippet:-1, max-image-preview:large, max-video-preview:-1\" \/>\n<link rel=\"canonical\" href=\"https:\/\/escolhelab.com.br\/en\/coletor-de-amostra-tipo-caneca-c\/\" \/>\n<meta property=\"og:locale\" content=\"en_US\" \/>\n<meta property=\"og:type\" content=\"article\" \/>\n<meta property=\"og:title\" content=\"Coletor de Amostra tipo caneca\" \/>\n<meta property=\"og:description\" content=\"Coletor de Amostra tipo caneca fabricado em a\u00e7o inox 304 com capacidade de 150ml e copo com o tamanho de 7,5x7,5cm (DxA) e Cabo tipo Concha 25x500mm.\" \/>\n<meta property=\"og:url\" content=\"https:\/\/escolhelab.com.br\/en\/coletor-de-amostra-tipo-caneca-c\/\" \/>\n<meta property=\"og:site_name\" content=\"Loja de produtos para laboratorio\" \/>\n<meta property=\"article:modified_time\" content=\"2025-08-26T02:18:11+00:00\" \/>\n<meta property=\"og:image\" content=\"https:\/\/escolhelab.com.br\/wp-content\/uploads\/2024\/12\/coletor-de-amostra-tipo-caneca-escolhelab-com-br-1.png.png\" \/>\n\t<meta property=\"og:image:width\" content=\"700\" \/>\n\t<meta property=\"og:image:height\" content=\"800\" \/>\n\t<meta property=\"og:image:type\" content=\"image\/png\" \/>\n<meta name=\"twitter:card\" content=\"summary_large_image\" \/>\n<meta name=\"twitter:label1\" content=\"Est. reading time\" \/>\n\t<meta name=\"twitter:data1\" content=\"1 minute\" \/>\n<script type=\"application\/ld+json\" class=\"yoast-schema-graph\">{\"@context\":\"https:\\\/\\\/schema.org\",\"@graph\":[{\"@type\":\"WebPage\",\"@id\":\"https:\\\/\\\/escolhelab.com.br\\\/coletor-de-amostra-tipo-caneca-c\\\/\",\"url\":\"https:\\\/\\\/escolhelab.com.br\\\/coletor-de-amostra-tipo-caneca-c\\\/\",\"name\":\"Coletor de Amostra tipo caneca\",\"isPartOf\":{\"@id\":\"https:\\\/\\\/escolhelab.com.br\\\/#website\"},\"primaryImageOfPage\":{\"@id\":\"https:\\\/\\\/escolhelab.com.br\\\/coletor-de-amostra-tipo-caneca-c\\\/#primaryimage\"},\"image\":{\"@id\":\"https:\\\/\\\/escolhelab.com.br\\\/coletor-de-amostra-tipo-caneca-c\\\/#primaryimage\"},\"thumbnailUrl\":\"https:\\\/\\\/escolhelab.com.br\\\/wp-content\\\/uploads\\\/2024\\\/12\\\/coletor-de-amostra-tipo-caneca-escolhelab-com-br-1.png.png\",\"datePublished\":\"2024-12-10T22:11:47+00:00\",\"dateModified\":\"2025-08-26T02:18:11+00:00\",\"description\":\"Coletor de Amostra tipo caneca fabricado em a\u00e7o inox 304 com capacidade de 150ml e copo com o tamanho de 7,5x7,5cm (DxA) e Cabo tipo Concha 25x500mm.\",\"breadcrumb\":{\"@id\":\"https:\\\/\\\/escolhelab.com.br\\\/coletor-de-amostra-tipo-caneca-c\\\/#breadcrumb\"},\"inLanguage\":\"en-US\",\"potentialAction\":[{\"@type\":\"ReadAction\",\"target\":[\"https:\\\/\\\/escolhelab.com.br\\\/coletor-de-amostra-tipo-caneca-c\\\/\"]}]},{\"@type\":\"ImageObject\",\"inLanguage\":\"en-US\",\"@id\":\"https:\\\/\\\/escolhelab.com.br\\\/coletor-de-amostra-tipo-caneca-c\\\/#primaryimage\",\"url\":\"https:\\\/\\\/escolhelab.com.br\\\/wp-content\\\/uploads\\\/2024\\\/12\\\/coletor-de-amostra-tipo-caneca-escolhelab-com-br-1.png.png\",\"contentUrl\":\"https:\\\/\\\/escolhelab.com.br\\\/wp-content\\\/uploads\\\/2024\\\/12\\\/coletor-de-amostra-tipo-caneca-escolhelab-com-br-1.png.png\",\"width\":700,\"height\":800},{\"@type\":\"BreadcrumbList\",\"@id\":\"https:\\\/\\\/escolhelab.com.br\\\/coletor-de-amostra-tipo-caneca-c\\\/#breadcrumb\",\"itemListElement\":[{\"@type\":\"ListItem\",\"position\":1,\"name\":\"In\u00edcio\",\"item\":\"https:\\\/\\\/escolhelab.com.br\\\/\"},{\"@type\":\"ListItem\",\"position\":2,\"name\":\"loja\",\"item\":\"https:\\\/\\\/escolhelab.com.br\\\/loja\\\/\"},{\"@type\":\"ListItem\",\"position\":3,\"name\":\"Coletor de Amostra tipo caneca\"}]},{\"@type\":\"WebSite\",\"@id\":\"https:\\\/\\\/escolhelab.com.br\\\/#website\",\"url\":\"https:\\\/\\\/escolhelab.com.br\\\/\",\"name\":\"Loja de produtos para laboratorio\",\"description\":\"Produtos para Laborat\u00f3rio,Artigos e outros na loja do quimico\",\"publisher\":{\"@id\":\"https:\\\/\\\/escolhelab.com.br\\\/#organization\"},\"alternateName\":\"escolhelab\",\"potentialAction\":[{\"@type\":\"SearchAction\",\"target\":{\"@type\":\"EntryPoint\",\"urlTemplate\":\"https:\\\/\\\/escolhelab.com.br\\\/?s={search_term_string}\"},\"query-input\":{\"@type\":\"PropertyValueSpecification\",\"valueRequired\":true,\"valueName\":\"search_term_string\"}}],\"inLanguage\":\"en-US\"},{\"@type\":\"Organization\",\"@id\":\"https:\\\/\\\/escolhelab.com.br\\\/#organization\",\"name\":\"loja escolhelab\",\"alternateName\":\"escolhelab\",\"url\":\"https:\\\/\\\/escolhelab.com.br\\\/\",\"logo\":{\"@type\":\"ImageObject\",\"inLanguage\":\"en-US\",\"@id\":\"https:\\\/\\\/escolhelab.com.br\\\/#\\\/schema\\\/logo\\\/image\\\/\",\"url\":\"https:\\\/\\\/escolhelab.com.br\\\/wp-content\\\/uploads\\\/2024\\\/12\\\/icone-e-512-512escolhelab-com-br-2-800x800.png\",\"contentUrl\":\"https:\\\/\\\/escolhelab.com.br\\\/wp-content\\\/uploads\\\/2024\\\/12\\\/icone-e-512-512escolhelab-com-br-2-800x800.png\",\"width\":800,\"height\":800,\"caption\":\"loja escolhelab\"},\"image\":{\"@id\":\"https:\\\/\\\/escolhelab.com.br\\\/#\\\/schema\\\/logo\\\/image\\\/\"}}]}<\/script>\n<!-- \/ Yoast SEO Premium plugin. -->","yoast_head_json":{"title":"Coletor de Amostra tipo caneca","description":"Coletor de Amostra tipo caneca fabricado em a\u00e7o inox 304 com capacidade de 150ml e copo com o tamanho de 7,5x7,5cm (DxA) e Cabo tipo Concha 25x500mm.","robots":{"index":"index","follow":"follow","max-snippet":"max-snippet:-1","max-image-preview":"max-image-preview:large","max-video-preview":"max-video-preview:-1"},"canonical":"https:\/\/escolhelab.com.br\/en\/coletor-de-amostra-tipo-caneca-c\/","og_locale":"en_US","og_type":"article","og_title":"Coletor de Amostra tipo caneca","og_description":"Coletor de Amostra tipo caneca fabricado em a\u00e7o inox 304 com capacidade de 150ml e copo com o tamanho de 7,5x7,5cm (DxA) e Cabo tipo Concha 25x500mm.","og_url":"https:\/\/escolhelab.com.br\/en\/coletor-de-amostra-tipo-caneca-c\/","og_site_name":"Loja de produtos para laboratorio","article_modified_time":"2025-08-26T02:18:11+00:00","og_image":[{"width":700,"height":800,"url":"https:\/\/escolhelab.com.br\/wp-content\/uploads\/2024\/12\/coletor-de-amostra-tipo-caneca-escolhelab-com-br-1.png.png","type":"image\/png"}],"twitter_card":"summary_large_image","twitter_misc":{"Est. reading time":"1 minute"},"schema":{"@context":"https:\/\/schema.org","@graph":[{"@type":"WebPage","@id":"https:\/\/escolhelab.com.br\/coletor-de-amostra-tipo-caneca-c\/","url":"https:\/\/escolhelab.com.br\/coletor-de-amostra-tipo-caneca-c\/","name":"Coletor de Amostra tipo caneca","isPartOf":{"@id":"https:\/\/escolhelab.com.br\/#website"},"primaryImageOfPage":{"@id":"https:\/\/escolhelab.com.br\/coletor-de-amostra-tipo-caneca-c\/#primaryimage"},"image":{"@id":"https:\/\/escolhelab.com.br\/coletor-de-amostra-tipo-caneca-c\/#primaryimage"},"thumbnailUrl":"https:\/\/escolhelab.com.br\/wp-content\/uploads\/2024\/12\/coletor-de-amostra-tipo-caneca-escolhelab-com-br-1.png.png","datePublished":"2024-12-10T22:11:47+00:00","dateModified":"2025-08-26T02:18:11+00:00","description":"Coletor de Amostra tipo caneca fabricado em a\u00e7o inox 304 com capacidade de 150ml e copo com o tamanho de 7,5x7,5cm (DxA) e Cabo tipo Concha 25x500mm.","breadcrumb":{"@id":"https:\/\/escolhelab.com.br\/coletor-de-amostra-tipo-caneca-c\/#breadcrumb"},"inLanguage":"en-US","potentialAction":[{"@type":"ReadAction","target":["https:\/\/escolhelab.com.br\/coletor-de-amostra-tipo-caneca-c\/"]}]},{"@type":"ImageObject","inLanguage":"en-US","@id":"https:\/\/escolhelab.com.br\/coletor-de-amostra-tipo-caneca-c\/#primaryimage","url":"https:\/\/escolhelab.com.br\/wp-content\/uploads\/2024\/12\/coletor-de-amostra-tipo-caneca-escolhelab-com-br-1.png.png","contentUrl":"https:\/\/escolhelab.com.br\/wp-content\/uploads\/2024\/12\/coletor-de-amostra-tipo-caneca-escolhelab-com-br-1.png.png","width":700,"height":800},{"@type":"BreadcrumbList","@id":"https:\/\/escolhelab.com.br\/coletor-de-amostra-tipo-caneca-c\/#breadcrumb","itemListElement":[{"@type":"ListItem","position":1,"name":"In\u00edcio","item":"https:\/\/escolhelab.com.br\/"},{"@type":"ListItem","position":2,"name":"loja","item":"https:\/\/escolhelab.com.br\/loja\/"},{"@type":"ListItem","position":3,"name":"Coletor de Amostra tipo caneca"}]},{"@type":"WebSite","@id":"https:\/\/escolhelab.com.br\/#website","url":"https:\/\/escolhelab.com.br\/","name":"Loja de produtos para laboratorio","description":"Produtos para Laborat\u00f3rio,Artigos e outros na loja do quimico","publisher":{"@id":"https:\/\/escolhelab.com.br\/#organization"},"alternateName":"escolhelab","potentialAction":[{"@type":"SearchAction","target":{"@type":"EntryPoint","urlTemplate":"https:\/\/escolhelab.com.br\/?s={search_term_string}"},"query-input":{"@type":"PropertyValueSpecification","valueRequired":true,"valueName":"search_term_string"}}],"inLanguage":"en-US"},{"@type":"Organization","@id":"https:\/\/escolhelab.com.br\/#organization","name":"loja escolhelab","alternateName":"escolhelab","url":"https:\/\/escolhelab.com.br\/","logo":{"@type":"ImageObject","inLanguage":"en-US","@id":"https:\/\/escolhelab.com.br\/#\/schema\/logo\/image\/","url":"https:\/\/escolhelab.com.br\/wp-content\/uploads\/2024\/12\/icone-e-512-512escolhelab-com-br-2-800x800.png","contentUrl":"https:\/\/escolhelab.com.br\/wp-content\/uploads\/2024\/12\/icone-e-512-512escolhelab-com-br-2-800x800.png","width":800,"height":800,"caption":"loja escolhelab"},"image":{"@id":"https:\/\/escolhelab.com.br\/#\/schema\/logo\/image\/"}}]}},"tiered_pricing_type":"fixed","tiered_pricing_fixed_rules":[],"tiered_pricing_product_settings":{"layout":"default","base_unit_name":{"singular":null,"plural":null},"default_variation":null},"tiered_pricing_minimum_quantity":null,"tiered_pricing_roles_data":[],"tiered_pricing_percentage_rules":[],"tiered_pricing_maximum_quantity":null,"tiered_pricing_quantity_step":null,"_links":{"self":[{"href":"https:\/\/escolhelab.com.br\/en\/wp-json\/wp\/v2\/product\/34202","targetHints":{"allow":["GET"]}}],"collection":[{"href":"https:\/\/escolhelab.com.br\/en\/wp-json\/wp\/v2\/product"}],"about":[{"href":"https:\/\/escolhelab.com.br\/en\/wp-json\/wp\/v2\/types\/product"}],"replies":[{"embeddable":true,"href":"https:\/\/escolhelab.com.br\/en\/wp-json\/wp\/v2\/comments?post=34202"}],"version-history":[{"count":0,"href":"https:\/\/escolhelab.com.br\/en\/wp-json\/wp\/v2\/product\/34202\/revisions"}],"wp:featuredmedia":[{"embeddable":true,"href":"https:\/\/escolhelab.com.br\/en\/wp-json\/wp\/v2\/media\/34914"}],"wp:attachment":[{"href":"https:\/\/escolhelab.com.br\/en\/wp-json\/wp\/v2\/media?parent=34202"}],"wp:term":[{"taxonomy":"product_brand","embeddable":true,"href":"https:\/\/escolhelab.com.br\/en\/wp-json\/wp\/v2\/product_brand?post=34202"},{"taxonomy":"product_cat","embeddable":true,"href":"https:\/\/escolhelab.com.br\/en\/wp-json\/wp\/v2\/product_cat?post=34202"},{"taxonomy":"product_tag","embeddable":true,"href":"https:\/\/escolhelab.com.br\/en\/wp-json\/wp\/v2\/product_tag?post=34202"}],"curies":[{"name":"wp","href":"https:\/\/api.w.org\/{rel}","templated":true}]}}