{"id":36107,"date":"2025-02-12T14:14:11","date_gmt":"2025-02-12T17:14:11","guid":{"rendered":"https:\/\/escolhelab.com.br\/?post_type=product&#038;p=36107"},"modified":"2026-02-03T08:34:34","modified_gmt":"2026-02-03T11:34:34","slug":"frasco-para-titulacao-500-ml-conforme-astm-d-3242","status":"publish","type":"product","link":"https:\/\/escolhelab.com.br\/en\/frasco-para-titulacao-500-ml-conforme-astm-d-3242\/","title":{"rendered":"Frasco para Titula\u00e7\u00e3o 500 ml conforme ASTM D 3242"},"content":{"rendered":"<h2><span style=\"font-family: helvetica, arial, sans-serif;\"><strong>Frasco para Titula\u00e7\u00e3o 500 ml conforme ASTM D 3242<\/strong><\/span><\/h2>\n<p class=\"bread__title\"><span style=\"font-family: helvetica, arial, sans-serif;\">Frasco para Titula\u00e7\u00e3o 500 ml conforme ASTM D 3242 fabricado em Vidro Borosilicato 3.3;<\/span><\/p>\n<ul>\n<li><span style=\"font-family: helvetica, arial, sans-serif;\">Escala graduada de f\u00e1cil leitura e tarja com tamanho grande para facilitar a marca\u00e7\u00e3o;<\/span><\/li>\n<li><span style=\"font-family: helvetica, arial, sans-serif;\">Calibra\u00e7\u00e3o baseada no volume (\u201cIn\u201d) a 20\u00b0C;<\/span><\/li>\n<li><span style=\"font-family: helvetica, arial, sans-serif;\">Fabricada de acordo com a ASTM D 3242;<\/span><\/li>\n<li><span style=\"font-family: helvetica, arial, sans-serif;\">Acabamento superior.<\/span><\/li>\n<\/ul>\n<p><span style=\"font-family: helvetica, arial, sans-serif;\">A ASTM International, anteriormente conhecida como Sociedade Americana para Testes e Materiais (ASTM), \u00e9 l\u00edder mundialmente reconhecida no desenvolvimento e fornecimento de padr\u00f5es internacionais de consenso volunt\u00e1rio.<\/span><\/p>\n<p><span style=\"font-family: helvetica, arial, sans-serif;\">Caso voc\u00ea precise de mais informa\u00e7\u00f5es ou tenha qualquer d\u00favida sobre como adquirir nossos produtos, entre em contato atrav\u00e9s de nosso e-mail<\/span><\/p>\n<p><span style=\"font-family: helvetica, arial, sans-serif;\"><strong>Outras capacidades e medidas consulte nos\u00a0 atrav\u00e9s email:<\/strong><\/span><\/p>\n<p>&nbsp;<\/p>","protected":false},"excerpt":{"rendered":"<p>Frasco para Titula\u00e7\u00e3o 500 ml conforme ASTM D 3242 fabricado em Vidro Borosilicato 3.3 com escala graduada de f\u00e1cil leitura.<\/p>","protected":false},"featured_media":36108,"comment_status":"open","ping_status":"closed","template":"","meta":{"_acf_changed":false,"iawp_total_views":52},"product_brand":[],"product_cat":[773,606,731],"product_tag":[],"class_list":{"0":"post-36107","1":"product","2":"type-product","3":"status-publish","4":"has-post-thumbnail","6":"product_cat-frasco-de-vidro","7":"product_cat-quimico","8":"product_cat-vidarias","9":"product_shipping_class-produtos-laboratorio-quimico","11":"first","12":"instock","13":"sale","14":"shipping-taxable","15":"purchasable","16":"product-type-simple"},"acf":[],"yoast_head":"<!-- This site is optimized with the Yoast SEO Premium plugin v26.2 (Yoast SEO v27.3) - https:\/\/yoast.com\/product\/yoast-seo-premium-wordpress\/ -->\n<title>Frasco para Titula\u00e7\u00e3o 500 ml conforme ASTM D 3242<\/title>\n<meta name=\"description\" content=\"% Frasco para Titula\u00e7\u00e3o 500 ml conforme ASTM D 3242\" \/>\n<meta name=\"robots\" content=\"index, follow, max-snippet:-1, max-image-preview:large, max-video-preview:-1\" \/>\n<link rel=\"canonical\" href=\"https:\/\/escolhelab.com.br\/en\/frasco-para-titulacao-500-ml-conforme-astm-d-3242\/\" \/>\n<meta property=\"og:locale\" content=\"en_US\" \/>\n<meta property=\"og:type\" content=\"article\" \/>\n<meta property=\"og:title\" content=\"Frasco para Titula\u00e7\u00e3o 500 ml conforme ASTM D 3242\" \/>\n<meta property=\"og:description\" content=\"% Frasco para Titula\u00e7\u00e3o 500 ml conforme ASTM D 3242\" \/>\n<meta property=\"og:url\" content=\"https:\/\/escolhelab.com.br\/en\/frasco-para-titulacao-500-ml-conforme-astm-d-3242\/\" \/>\n<meta property=\"og:site_name\" content=\"Loja de produtos para laboratorio\" \/>\n<meta property=\"article:modified_time\" content=\"2026-02-03T11:34:34+00:00\" \/>\n<meta property=\"og:image\" content=\"https:\/\/escolhelab.com.br\/wp-content\/uploads\/2025\/02\/Frasco-para-Titulacao-500-ml-conforme-ASTM-D-3242-escolhelab.com_.br_.webp\" \/>\n\t<meta property=\"og:image:width\" content=\"700\" \/>\n\t<meta property=\"og:image:height\" content=\"800\" \/>\n\t<meta property=\"og:image:type\" content=\"image\/webp\" \/>\n<meta name=\"twitter:card\" content=\"summary_large_image\" \/>\n<meta name=\"twitter:label1\" content=\"Est. reading time\" \/>\n\t<meta name=\"twitter:data1\" content=\"1 minute\" \/>\n<script type=\"application\/ld+json\" class=\"yoast-schema-graph\">{\"@context\":\"https:\\\/\\\/schema.org\",\"@graph\":[{\"@type\":\"WebPage\",\"@id\":\"https:\\\/\\\/escolhelab.com.br\\\/frasco-para-titulacao-500-ml-conforme-astm-d-3242\\\/\",\"url\":\"https:\\\/\\\/escolhelab.com.br\\\/frasco-para-titulacao-500-ml-conforme-astm-d-3242\\\/\",\"name\":\"Frasco para Titula\u00e7\u00e3o 500 ml conforme ASTM D 3242\",\"isPartOf\":{\"@id\":\"https:\\\/\\\/escolhelab.com.br\\\/#website\"},\"primaryImageOfPage\":{\"@id\":\"https:\\\/\\\/escolhelab.com.br\\\/frasco-para-titulacao-500-ml-conforme-astm-d-3242\\\/#primaryimage\"},\"image\":{\"@id\":\"https:\\\/\\\/escolhelab.com.br\\\/frasco-para-titulacao-500-ml-conforme-astm-d-3242\\\/#primaryimage\"},\"thumbnailUrl\":\"https:\\\/\\\/escolhelab.com.br\\\/wp-content\\\/uploads\\\/2025\\\/02\\\/Frasco-para-Titulacao-500-ml-conforme-ASTM-D-3242-escolhelab.com_.br_.webp\",\"datePublished\":\"2025-02-12T17:14:11+00:00\",\"dateModified\":\"2026-02-03T11:34:34+00:00\",\"description\":\"% Frasco para Titula\u00e7\u00e3o 500 ml conforme ASTM D 3242\",\"breadcrumb\":{\"@id\":\"https:\\\/\\\/escolhelab.com.br\\\/frasco-para-titulacao-500-ml-conforme-astm-d-3242\\\/#breadcrumb\"},\"inLanguage\":\"en-US\",\"potentialAction\":[{\"@type\":\"ReadAction\",\"target\":[\"https:\\\/\\\/escolhelab.com.br\\\/frasco-para-titulacao-500-ml-conforme-astm-d-3242\\\/\"]}]},{\"@type\":\"ImageObject\",\"inLanguage\":\"en-US\",\"@id\":\"https:\\\/\\\/escolhelab.com.br\\\/frasco-para-titulacao-500-ml-conforme-astm-d-3242\\\/#primaryimage\",\"url\":\"https:\\\/\\\/escolhelab.com.br\\\/wp-content\\\/uploads\\\/2025\\\/02\\\/Frasco-para-Titulacao-500-ml-conforme-ASTM-D-3242-escolhelab.com_.br_.webp\",\"contentUrl\":\"https:\\\/\\\/escolhelab.com.br\\\/wp-content\\\/uploads\\\/2025\\\/02\\\/Frasco-para-Titulacao-500-ml-conforme-ASTM-D-3242-escolhelab.com_.br_.webp\",\"width\":700,\"height\":800},{\"@type\":\"BreadcrumbList\",\"@id\":\"https:\\\/\\\/escolhelab.com.br\\\/frasco-para-titulacao-500-ml-conforme-astm-d-3242\\\/#breadcrumb\",\"itemListElement\":[{\"@type\":\"ListItem\",\"position\":1,\"name\":\"In\u00edcio\",\"item\":\"https:\\\/\\\/escolhelab.com.br\\\/\"},{\"@type\":\"ListItem\",\"position\":2,\"name\":\"loja\",\"item\":\"https:\\\/\\\/escolhelab.com.br\\\/loja\\\/\"},{\"@type\":\"ListItem\",\"position\":3,\"name\":\"Frasco para Titula\u00e7\u00e3o 500 ml conforme ASTM D 3242\"}]},{\"@type\":\"WebSite\",\"@id\":\"https:\\\/\\\/escolhelab.com.br\\\/#website\",\"url\":\"https:\\\/\\\/escolhelab.com.br\\\/\",\"name\":\"Loja de produtos para laboratorio\",\"description\":\"Produtos para Laborat\u00f3rio,Artigos e outros na loja do quimico\",\"publisher\":{\"@id\":\"https:\\\/\\\/escolhelab.com.br\\\/#organization\"},\"alternateName\":\"escolhelab\",\"potentialAction\":[{\"@type\":\"SearchAction\",\"target\":{\"@type\":\"EntryPoint\",\"urlTemplate\":\"https:\\\/\\\/escolhelab.com.br\\\/?s={search_term_string}\"},\"query-input\":{\"@type\":\"PropertyValueSpecification\",\"valueRequired\":true,\"valueName\":\"search_term_string\"}}],\"inLanguage\":\"en-US\"},{\"@type\":\"Organization\",\"@id\":\"https:\\\/\\\/escolhelab.com.br\\\/#organization\",\"name\":\"loja escolhelab\",\"alternateName\":\"escolhelab\",\"url\":\"https:\\\/\\\/escolhelab.com.br\\\/\",\"logo\":{\"@type\":\"ImageObject\",\"inLanguage\":\"en-US\",\"@id\":\"https:\\\/\\\/escolhelab.com.br\\\/#\\\/schema\\\/logo\\\/image\\\/\",\"url\":\"https:\\\/\\\/escolhelab.com.br\\\/wp-content\\\/uploads\\\/2024\\\/12\\\/icone-e-512-512escolhelab-com-br-2-800x800.png\",\"contentUrl\":\"https:\\\/\\\/escolhelab.com.br\\\/wp-content\\\/uploads\\\/2024\\\/12\\\/icone-e-512-512escolhelab-com-br-2-800x800.png\",\"width\":800,\"height\":800,\"caption\":\"loja escolhelab\"},\"image\":{\"@id\":\"https:\\\/\\\/escolhelab.com.br\\\/#\\\/schema\\\/logo\\\/image\\\/\"}}]}<\/script>\n<!-- \/ Yoast SEO Premium plugin. -->","yoast_head_json":{"title":"Frasco para Titula\u00e7\u00e3o 500 ml conforme ASTM D 3242","description":"% Frasco para Titula\u00e7\u00e3o 500 ml conforme ASTM D 3242","robots":{"index":"index","follow":"follow","max-snippet":"max-snippet:-1","max-image-preview":"max-image-preview:large","max-video-preview":"max-video-preview:-1"},"canonical":"https:\/\/escolhelab.com.br\/en\/frasco-para-titulacao-500-ml-conforme-astm-d-3242\/","og_locale":"en_US","og_type":"article","og_title":"Frasco para Titula\u00e7\u00e3o 500 ml conforme ASTM D 3242","og_description":"% Frasco para Titula\u00e7\u00e3o 500 ml conforme ASTM D 3242","og_url":"https:\/\/escolhelab.com.br\/en\/frasco-para-titulacao-500-ml-conforme-astm-d-3242\/","og_site_name":"Loja de produtos para laboratorio","article_modified_time":"2026-02-03T11:34:34+00:00","og_image":[{"width":700,"height":800,"url":"https:\/\/escolhelab.com.br\/wp-content\/uploads\/2025\/02\/Frasco-para-Titulacao-500-ml-conforme-ASTM-D-3242-escolhelab.com_.br_.webp","type":"image\/webp"}],"twitter_card":"summary_large_image","twitter_misc":{"Est. reading time":"1 minute"},"schema":{"@context":"https:\/\/schema.org","@graph":[{"@type":"WebPage","@id":"https:\/\/escolhelab.com.br\/frasco-para-titulacao-500-ml-conforme-astm-d-3242\/","url":"https:\/\/escolhelab.com.br\/frasco-para-titulacao-500-ml-conforme-astm-d-3242\/","name":"Frasco para Titula\u00e7\u00e3o 500 ml conforme ASTM D 3242","isPartOf":{"@id":"https:\/\/escolhelab.com.br\/#website"},"primaryImageOfPage":{"@id":"https:\/\/escolhelab.com.br\/frasco-para-titulacao-500-ml-conforme-astm-d-3242\/#primaryimage"},"image":{"@id":"https:\/\/escolhelab.com.br\/frasco-para-titulacao-500-ml-conforme-astm-d-3242\/#primaryimage"},"thumbnailUrl":"https:\/\/escolhelab.com.br\/wp-content\/uploads\/2025\/02\/Frasco-para-Titulacao-500-ml-conforme-ASTM-D-3242-escolhelab.com_.br_.webp","datePublished":"2025-02-12T17:14:11+00:00","dateModified":"2026-02-03T11:34:34+00:00","description":"% Frasco para Titula\u00e7\u00e3o 500 ml conforme ASTM D 3242","breadcrumb":{"@id":"https:\/\/escolhelab.com.br\/frasco-para-titulacao-500-ml-conforme-astm-d-3242\/#breadcrumb"},"inLanguage":"en-US","potentialAction":[{"@type":"ReadAction","target":["https:\/\/escolhelab.com.br\/frasco-para-titulacao-500-ml-conforme-astm-d-3242\/"]}]},{"@type":"ImageObject","inLanguage":"en-US","@id":"https:\/\/escolhelab.com.br\/frasco-para-titulacao-500-ml-conforme-astm-d-3242\/#primaryimage","url":"https:\/\/escolhelab.com.br\/wp-content\/uploads\/2025\/02\/Frasco-para-Titulacao-500-ml-conforme-ASTM-D-3242-escolhelab.com_.br_.webp","contentUrl":"https:\/\/escolhelab.com.br\/wp-content\/uploads\/2025\/02\/Frasco-para-Titulacao-500-ml-conforme-ASTM-D-3242-escolhelab.com_.br_.webp","width":700,"height":800},{"@type":"BreadcrumbList","@id":"https:\/\/escolhelab.com.br\/frasco-para-titulacao-500-ml-conforme-astm-d-3242\/#breadcrumb","itemListElement":[{"@type":"ListItem","position":1,"name":"In\u00edcio","item":"https:\/\/escolhelab.com.br\/"},{"@type":"ListItem","position":2,"name":"loja","item":"https:\/\/escolhelab.com.br\/loja\/"},{"@type":"ListItem","position":3,"name":"Frasco para Titula\u00e7\u00e3o 500 ml conforme ASTM D 3242"}]},{"@type":"WebSite","@id":"https:\/\/escolhelab.com.br\/#website","url":"https:\/\/escolhelab.com.br\/","name":"Loja de produtos para laboratorio","description":"Produtos para Laborat\u00f3rio,Artigos e outros na loja do quimico","publisher":{"@id":"https:\/\/escolhelab.com.br\/#organization"},"alternateName":"escolhelab","potentialAction":[{"@type":"SearchAction","target":{"@type":"EntryPoint","urlTemplate":"https:\/\/escolhelab.com.br\/?s={search_term_string}"},"query-input":{"@type":"PropertyValueSpecification","valueRequired":true,"valueName":"search_term_string"}}],"inLanguage":"en-US"},{"@type":"Organization","@id":"https:\/\/escolhelab.com.br\/#organization","name":"loja escolhelab","alternateName":"escolhelab","url":"https:\/\/escolhelab.com.br\/","logo":{"@type":"ImageObject","inLanguage":"en-US","@id":"https:\/\/escolhelab.com.br\/#\/schema\/logo\/image\/","url":"https:\/\/escolhelab.com.br\/wp-content\/uploads\/2024\/12\/icone-e-512-512escolhelab-com-br-2-800x800.png","contentUrl":"https:\/\/escolhelab.com.br\/wp-content\/uploads\/2024\/12\/icone-e-512-512escolhelab-com-br-2-800x800.png","width":800,"height":800,"caption":"loja escolhelab"},"image":{"@id":"https:\/\/escolhelab.com.br\/#\/schema\/logo\/image\/"}}]}},"tiered_pricing_type":"percentage","tiered_pricing_fixed_rules":[],"tiered_pricing_product_settings":{"layout":"default","base_unit_name":{"singular":null,"plural":null},"default_variation":null},"tiered_pricing_minimum_quantity":null,"tiered_pricing_roles_data":[],"tiered_pricing_percentage_rules":{"2":"3","3":"5","4":"7"},"tiered_pricing_maximum_quantity":null,"tiered_pricing_quantity_step":null,"_links":{"self":[{"href":"https:\/\/escolhelab.com.br\/en\/wp-json\/wp\/v2\/product\/36107","targetHints":{"allow":["GET"]}}],"collection":[{"href":"https:\/\/escolhelab.com.br\/en\/wp-json\/wp\/v2\/product"}],"about":[{"href":"https:\/\/escolhelab.com.br\/en\/wp-json\/wp\/v2\/types\/product"}],"replies":[{"embeddable":true,"href":"https:\/\/escolhelab.com.br\/en\/wp-json\/wp\/v2\/comments?post=36107"}],"version-history":[{"count":0,"href":"https:\/\/escolhelab.com.br\/en\/wp-json\/wp\/v2\/product\/36107\/revisions"}],"wp:featuredmedia":[{"embeddable":true,"href":"https:\/\/escolhelab.com.br\/en\/wp-json\/wp\/v2\/media\/36108"}],"wp:attachment":[{"href":"https:\/\/escolhelab.com.br\/en\/wp-json\/wp\/v2\/media?parent=36107"}],"wp:term":[{"taxonomy":"product_brand","embeddable":true,"href":"https:\/\/escolhelab.com.br\/en\/wp-json\/wp\/v2\/product_brand?post=36107"},{"taxonomy":"product_cat","embeddable":true,"href":"https:\/\/escolhelab.com.br\/en\/wp-json\/wp\/v2\/product_cat?post=36107"},{"taxonomy":"product_tag","embeddable":true,"href":"https:\/\/escolhelab.com.br\/en\/wp-json\/wp\/v2\/product_tag?post=36107"}],"curies":[{"name":"wp","href":"https:\/\/api.w.org\/{rel}","templated":true}]}}