{"id":36111,"date":"2025-02-12T14:42:18","date_gmt":"2025-02-12T17:42:18","guid":{"rendered":"https:\/\/escolhelab.com.br\/?post_type=product&#038;p=36111"},"modified":"2025-09-06T17:28:57","modified_gmt":"2025-09-06T20:28:57","slug":"cadinho-de-fusao-forma-alta","status":"publish","type":"product","link":"https:\/\/escolhelab.com.br\/en\/cadinho-de-fusao-forma-alta\/","title":{"rendered":"Cadinho de Fus\u00e3o Forma Alta"},"content":{"rendered":"<h2><span style=\"font-size: 14pt; font-family: helvetica, arial, sans-serif;\">Cadinho de Fus\u00e3o Forma Alta<\/span><\/h2>\n<p><span style=\"font-family: helvetica, arial, sans-serif;\">O Cadinho de Fus\u00e3o Forma Alta \u00e9 fabricado em porcelana refrat\u00e1ria, sendo seus elementos principais o Zirc\u00f4nio e o \u00d3xido de Alum\u00ednio.<\/span><\/p>\n<ul>\n<li><span style=\"font-family: helvetica, arial, sans-serif;\">Utilizado na calcina\u00e7\u00e3o e fus\u00e3o de materiais s\u00f3lidos ou pastosos<\/span><\/li>\n<li><span style=\"font-family: helvetica, arial, sans-serif;\">Ao utilizar o B\u00f3rax, seu uso \u00e9 de apenas uma \u00fanica vez, considerando-se o ataque do B\u00f3rax \u00e0 porcelana<\/span><\/li>\n<li><span style=\"font-family: helvetica, arial, sans-serif;\">Dispon\u00edvel nas Formas: Alta, M\u00e9dia e Baixa<\/span><\/li>\n<\/ul>\n<p><span style=\"font-family: helvetica, arial, sans-serif;\"><strong>Outras capacidades e medidas consulte-nos\u00a0atrav\u00e9s do e-mail:<\/strong><\/span><\/p>\n<p><img loading=\"lazy\" decoding=\"async\" class=\"alignnone size-medium wp-image-36113\" src=\"https:\/\/escolhelab.com.br\/wp-content\/uploads\/2025\/02\/cadinho-fusao-forma-alta-tabela-escolhelab-com-br-400x167.webp\" alt=\"\" width=\"400\" height=\"167\" srcset=\"https:\/\/escolhelab.com.br\/wp-content\/uploads\/2025\/02\/cadinho-fusao-forma-alta-tabela-escolhelab-com-br-400x167.webp 400w, https:\/\/escolhelab.com.br\/wp-content\/uploads\/2025\/02\/cadinho-fusao-forma-alta-tabela-escolhelab-com-br-430x179.webp 430w, https:\/\/escolhelab.com.br\/wp-content\/uploads\/2025\/02\/cadinho-fusao-forma-alta-tabela-escolhelab-com-br-150x63.webp 150w, https:\/\/escolhelab.com.br\/wp-content\/uploads\/2025\/02\/cadinho-fusao-forma-alta-tabela-escolhelab-com-br.webp 600w\" sizes=\"auto, (max-width: 400px) 100vw, 400px\" \/><\/p>","protected":false},"excerpt":{"rendered":"<p><span style=\"font-family: helvetica, arial, sans-serif\">O Cadinho de Fus\u00e3o Forma Alta \u00e9 fabricado em porcelana refrat\u00e1ria, sendo seus elementos principais o Zirc\u00f4nio e o \u00d3xido de Alum\u00ednio.<br \/><\/span><span style=\"font-family: helvetica, arial, sans-serif\">Utilizado na calcina\u00e7\u00e3o e fus\u00e3o de materiais s\u00f3lidos ou pastosos<br \/><\/span><span style=\"font-family: helvetica, arial, sans-serif\">Sem riscos de dano com o choque t\u00e9rmico<br \/><\/span><span style=\"font-family: helvetica, arial, sans-serif\">Ao utilizar o B\u00f3rax, seu uso \u00e9 de apenas uma \u00fanica vez, considerando-se o ataque do B\u00f3rax \u00e0 porcelana<br \/><\/span><span style=\"font-family: helvetica, arial, sans-serif\">Dispon\u00edvel nas Formas: Alta, M\u00e9dia e Baixa<\/span><\/p>","protected":false},"featured_media":36125,"comment_status":"open","ping_status":"closed","template":"","meta":{"_acf_changed":false,"iawp_total_views":15},"product_brand":[],"product_cat":[748,732,606],"product_tag":[],"class_list":{"0":"post-36111","1":"product","2":"type-product","3":"status-publish","4":"has-post-thumbnail","6":"product_cat-cadinho","7":"product_cat-porcelanas","8":"product_cat-quimico","9":"product_shipping_class-produtos-laboratorio-quimico","11":"first","12":"instock","13":"shipping-taxable","14":"purchasable","15":"product-type-variable"},"acf":[],"yoast_head":"<!-- This site is optimized with the Yoast SEO Premium plugin v26.2 (Yoast SEO v27.4) - https:\/\/yoast.com\/product\/yoast-seo-premium-wordpress\/ -->\n<title>Cadinho de Fus\u00e3o Forma Alta<\/title>\n<meta name=\"description\" content=\"Cadinho de Fus\u00e3o Forma AltaO Cadinho de Fus\u00e3o Forma Alta \u00e9 fabricado em porcelana refrat\u00e1ria, sendo seus elementos principais o Zirc\u00f4nio e o \u00d3xido.\" \/>\n<meta name=\"robots\" content=\"index, follow, max-snippet:-1, max-image-preview:large, max-video-preview:-1\" \/>\n<link rel=\"canonical\" href=\"https:\/\/escolhelab.com.br\/en\/cadinho-de-fusao-forma-alta\/\" \/>\n<meta property=\"og:locale\" content=\"en_US\" \/>\n<meta property=\"og:type\" content=\"article\" \/>\n<meta property=\"og:title\" content=\"Cadinho de Fus\u00e3o Forma Alta\" \/>\n<meta property=\"og:description\" content=\"Cadinho de Fus\u00e3o Forma AltaO Cadinho de Fus\u00e3o Forma Alta \u00e9 fabricado em porcelana refrat\u00e1ria, sendo seus elementos principais o Zirc\u00f4nio e o \u00d3xido.\" \/>\n<meta property=\"og:url\" content=\"https:\/\/escolhelab.com.br\/en\/cadinho-de-fusao-forma-alta\/\" \/>\n<meta property=\"og:site_name\" content=\"Loja de produtos para laboratorio\" \/>\n<meta property=\"article:modified_time\" content=\"2025-09-06T20:28:57+00:00\" \/>\n<meta property=\"og:image\" content=\"https:\/\/escolhelab.com.br\/wp-content\/uploads\/2025\/02\/porcelana-cadinho-foma-alta-escolhelab-com-br.png\" \/>\n\t<meta property=\"og:image:width\" content=\"700\" \/>\n\t<meta property=\"og:image:height\" content=\"800\" \/>\n\t<meta property=\"og:image:type\" content=\"image\/png\" \/>\n<meta name=\"twitter:card\" content=\"summary_large_image\" \/>\n<meta name=\"twitter:label1\" content=\"Est. reading time\" \/>\n\t<meta name=\"twitter:data1\" content=\"1 minute\" \/>\n<script type=\"application\/ld+json\" class=\"yoast-schema-graph\">{\"@context\":\"https:\\\/\\\/schema.org\",\"@graph\":[{\"@type\":\"WebPage\",\"@id\":\"https:\\\/\\\/escolhelab.com.br\\\/cadinho-de-fusao-forma-alta\\\/\",\"url\":\"https:\\\/\\\/escolhelab.com.br\\\/cadinho-de-fusao-forma-alta\\\/\",\"name\":\"Cadinho de Fus\u00e3o Forma Alta\",\"isPartOf\":{\"@id\":\"https:\\\/\\\/escolhelab.com.br\\\/#website\"},\"primaryImageOfPage\":{\"@id\":\"https:\\\/\\\/escolhelab.com.br\\\/cadinho-de-fusao-forma-alta\\\/#primaryimage\"},\"image\":{\"@id\":\"https:\\\/\\\/escolhelab.com.br\\\/cadinho-de-fusao-forma-alta\\\/#primaryimage\"},\"thumbnailUrl\":\"https:\\\/\\\/escolhelab.com.br\\\/wp-content\\\/uploads\\\/2025\\\/02\\\/porcelana-cadinho-foma-alta-escolhelab-com-br.png\",\"datePublished\":\"2025-02-12T17:42:18+00:00\",\"dateModified\":\"2025-09-06T20:28:57+00:00\",\"description\":\"Cadinho de Fus\u00e3o Forma AltaO Cadinho de Fus\u00e3o Forma Alta \u00e9 fabricado em porcelana refrat\u00e1ria, sendo seus elementos principais o Zirc\u00f4nio e o \u00d3xido.\",\"breadcrumb\":{\"@id\":\"https:\\\/\\\/escolhelab.com.br\\\/cadinho-de-fusao-forma-alta\\\/#breadcrumb\"},\"inLanguage\":\"en-US\",\"potentialAction\":[{\"@type\":\"ReadAction\",\"target\":[\"https:\\\/\\\/escolhelab.com.br\\\/cadinho-de-fusao-forma-alta\\\/\"]}]},{\"@type\":\"ImageObject\",\"inLanguage\":\"en-US\",\"@id\":\"https:\\\/\\\/escolhelab.com.br\\\/cadinho-de-fusao-forma-alta\\\/#primaryimage\",\"url\":\"https:\\\/\\\/escolhelab.com.br\\\/wp-content\\\/uploads\\\/2025\\\/02\\\/porcelana-cadinho-foma-alta-escolhelab-com-br.png\",\"contentUrl\":\"https:\\\/\\\/escolhelab.com.br\\\/wp-content\\\/uploads\\\/2025\\\/02\\\/porcelana-cadinho-foma-alta-escolhelab-com-br.png\",\"width\":700,\"height\":800},{\"@type\":\"BreadcrumbList\",\"@id\":\"https:\\\/\\\/escolhelab.com.br\\\/cadinho-de-fusao-forma-alta\\\/#breadcrumb\",\"itemListElement\":[{\"@type\":\"ListItem\",\"position\":1,\"name\":\"In\u00edcio\",\"item\":\"https:\\\/\\\/escolhelab.com.br\\\/\"},{\"@type\":\"ListItem\",\"position\":2,\"name\":\"loja\",\"item\":\"https:\\\/\\\/escolhelab.com.br\\\/loja\\\/\"},{\"@type\":\"ListItem\",\"position\":3,\"name\":\"Cadinho de Fus\u00e3o Forma Alta\"}]},{\"@type\":\"WebSite\",\"@id\":\"https:\\\/\\\/escolhelab.com.br\\\/#website\",\"url\":\"https:\\\/\\\/escolhelab.com.br\\\/\",\"name\":\"Loja de produtos para laboratorio\",\"description\":\"Produtos para Laborat\u00f3rio,Artigos e outros na loja do quimico\",\"publisher\":{\"@id\":\"https:\\\/\\\/escolhelab.com.br\\\/#organization\"},\"alternateName\":\"escolhelab\",\"potentialAction\":[{\"@type\":\"SearchAction\",\"target\":{\"@type\":\"EntryPoint\",\"urlTemplate\":\"https:\\\/\\\/escolhelab.com.br\\\/?s={search_term_string}\"},\"query-input\":{\"@type\":\"PropertyValueSpecification\",\"valueRequired\":true,\"valueName\":\"search_term_string\"}}],\"inLanguage\":\"en-US\"},{\"@type\":\"Organization\",\"@id\":\"https:\\\/\\\/escolhelab.com.br\\\/#organization\",\"name\":\"loja escolhelab\",\"alternateName\":\"escolhelab\",\"url\":\"https:\\\/\\\/escolhelab.com.br\\\/\",\"logo\":{\"@type\":\"ImageObject\",\"inLanguage\":\"en-US\",\"@id\":\"https:\\\/\\\/escolhelab.com.br\\\/#\\\/schema\\\/logo\\\/image\\\/\",\"url\":\"https:\\\/\\\/escolhelab.com.br\\\/wp-content\\\/uploads\\\/2024\\\/12\\\/icone-e-512-512escolhelab-com-br-2-800x800.png\",\"contentUrl\":\"https:\\\/\\\/escolhelab.com.br\\\/wp-content\\\/uploads\\\/2024\\\/12\\\/icone-e-512-512escolhelab-com-br-2-800x800.png\",\"width\":800,\"height\":800,\"caption\":\"loja escolhelab\"},\"image\":{\"@id\":\"https:\\\/\\\/escolhelab.com.br\\\/#\\\/schema\\\/logo\\\/image\\\/\"}}]}<\/script>\n<!-- \/ Yoast SEO Premium plugin. -->","yoast_head_json":{"title":"Cadinho de Fus\u00e3o Forma Alta","description":"Cadinho de Fus\u00e3o Forma AltaO Cadinho de Fus\u00e3o Forma Alta \u00e9 fabricado em porcelana refrat\u00e1ria, sendo seus elementos principais o Zirc\u00f4nio e o \u00d3xido.","robots":{"index":"index","follow":"follow","max-snippet":"max-snippet:-1","max-image-preview":"max-image-preview:large","max-video-preview":"max-video-preview:-1"},"canonical":"https:\/\/escolhelab.com.br\/en\/cadinho-de-fusao-forma-alta\/","og_locale":"en_US","og_type":"article","og_title":"Cadinho de Fus\u00e3o Forma Alta","og_description":"Cadinho de Fus\u00e3o Forma AltaO Cadinho de Fus\u00e3o Forma Alta \u00e9 fabricado em porcelana refrat\u00e1ria, sendo seus elementos principais o Zirc\u00f4nio e o \u00d3xido.","og_url":"https:\/\/escolhelab.com.br\/en\/cadinho-de-fusao-forma-alta\/","og_site_name":"Loja de produtos para laboratorio","article_modified_time":"2025-09-06T20:28:57+00:00","og_image":[{"width":700,"height":800,"url":"https:\/\/escolhelab.com.br\/wp-content\/uploads\/2025\/02\/porcelana-cadinho-foma-alta-escolhelab-com-br.png","type":"image\/png"}],"twitter_card":"summary_large_image","twitter_misc":{"Est. reading time":"1 minute"},"schema":{"@context":"https:\/\/schema.org","@graph":[{"@type":"WebPage","@id":"https:\/\/escolhelab.com.br\/cadinho-de-fusao-forma-alta\/","url":"https:\/\/escolhelab.com.br\/cadinho-de-fusao-forma-alta\/","name":"Cadinho de Fus\u00e3o Forma Alta","isPartOf":{"@id":"https:\/\/escolhelab.com.br\/#website"},"primaryImageOfPage":{"@id":"https:\/\/escolhelab.com.br\/cadinho-de-fusao-forma-alta\/#primaryimage"},"image":{"@id":"https:\/\/escolhelab.com.br\/cadinho-de-fusao-forma-alta\/#primaryimage"},"thumbnailUrl":"https:\/\/escolhelab.com.br\/wp-content\/uploads\/2025\/02\/porcelana-cadinho-foma-alta-escolhelab-com-br.png","datePublished":"2025-02-12T17:42:18+00:00","dateModified":"2025-09-06T20:28:57+00:00","description":"Cadinho de Fus\u00e3o Forma AltaO Cadinho de Fus\u00e3o Forma Alta \u00e9 fabricado em porcelana refrat\u00e1ria, sendo seus elementos principais o Zirc\u00f4nio e o \u00d3xido.","breadcrumb":{"@id":"https:\/\/escolhelab.com.br\/cadinho-de-fusao-forma-alta\/#breadcrumb"},"inLanguage":"en-US","potentialAction":[{"@type":"ReadAction","target":["https:\/\/escolhelab.com.br\/cadinho-de-fusao-forma-alta\/"]}]},{"@type":"ImageObject","inLanguage":"en-US","@id":"https:\/\/escolhelab.com.br\/cadinho-de-fusao-forma-alta\/#primaryimage","url":"https:\/\/escolhelab.com.br\/wp-content\/uploads\/2025\/02\/porcelana-cadinho-foma-alta-escolhelab-com-br.png","contentUrl":"https:\/\/escolhelab.com.br\/wp-content\/uploads\/2025\/02\/porcelana-cadinho-foma-alta-escolhelab-com-br.png","width":700,"height":800},{"@type":"BreadcrumbList","@id":"https:\/\/escolhelab.com.br\/cadinho-de-fusao-forma-alta\/#breadcrumb","itemListElement":[{"@type":"ListItem","position":1,"name":"In\u00edcio","item":"https:\/\/escolhelab.com.br\/"},{"@type":"ListItem","position":2,"name":"loja","item":"https:\/\/escolhelab.com.br\/loja\/"},{"@type":"ListItem","position":3,"name":"Cadinho de Fus\u00e3o Forma Alta"}]},{"@type":"WebSite","@id":"https:\/\/escolhelab.com.br\/#website","url":"https:\/\/escolhelab.com.br\/","name":"Loja de produtos para laboratorio","description":"Produtos para Laborat\u00f3rio,Artigos e outros na loja do quimico","publisher":{"@id":"https:\/\/escolhelab.com.br\/#organization"},"alternateName":"escolhelab","potentialAction":[{"@type":"SearchAction","target":{"@type":"EntryPoint","urlTemplate":"https:\/\/escolhelab.com.br\/?s={search_term_string}"},"query-input":{"@type":"PropertyValueSpecification","valueRequired":true,"valueName":"search_term_string"}}],"inLanguage":"en-US"},{"@type":"Organization","@id":"https:\/\/escolhelab.com.br\/#organization","name":"loja escolhelab","alternateName":"escolhelab","url":"https:\/\/escolhelab.com.br\/","logo":{"@type":"ImageObject","inLanguage":"en-US","@id":"https:\/\/escolhelab.com.br\/#\/schema\/logo\/image\/","url":"https:\/\/escolhelab.com.br\/wp-content\/uploads\/2024\/12\/icone-e-512-512escolhelab-com-br-2-800x800.png","contentUrl":"https:\/\/escolhelab.com.br\/wp-content\/uploads\/2024\/12\/icone-e-512-512escolhelab-com-br-2-800x800.png","width":800,"height":800,"caption":"loja escolhelab"},"image":{"@id":"https:\/\/escolhelab.com.br\/#\/schema\/logo\/image\/"}}]}},"tiered_pricing_type":"fixed","tiered_pricing_fixed_rules":[],"tiered_pricing_product_settings":{"layout":"default","base_unit_name":{"singular":null,"plural":null},"default_variation":null},"tiered_pricing_minimum_quantity":null,"tiered_pricing_roles_data":[],"tiered_pricing_percentage_rules":[],"tiered_pricing_maximum_quantity":null,"tiered_pricing_quantity_step":null,"_links":{"self":[{"href":"https:\/\/escolhelab.com.br\/en\/wp-json\/wp\/v2\/product\/36111","targetHints":{"allow":["GET"]}}],"collection":[{"href":"https:\/\/escolhelab.com.br\/en\/wp-json\/wp\/v2\/product"}],"about":[{"href":"https:\/\/escolhelab.com.br\/en\/wp-json\/wp\/v2\/types\/product"}],"replies":[{"embeddable":true,"href":"https:\/\/escolhelab.com.br\/en\/wp-json\/wp\/v2\/comments?post=36111"}],"version-history":[{"count":0,"href":"https:\/\/escolhelab.com.br\/en\/wp-json\/wp\/v2\/product\/36111\/revisions"}],"wp:featuredmedia":[{"embeddable":true,"href":"https:\/\/escolhelab.com.br\/en\/wp-json\/wp\/v2\/media\/36125"}],"wp:attachment":[{"href":"https:\/\/escolhelab.com.br\/en\/wp-json\/wp\/v2\/media?parent=36111"}],"wp:term":[{"taxonomy":"product_brand","embeddable":true,"href":"https:\/\/escolhelab.com.br\/en\/wp-json\/wp\/v2\/product_brand?post=36111"},{"taxonomy":"product_cat","embeddable":true,"href":"https:\/\/escolhelab.com.br\/en\/wp-json\/wp\/v2\/product_cat?post=36111"},{"taxonomy":"product_tag","embeddable":true,"href":"https:\/\/escolhelab.com.br\/en\/wp-json\/wp\/v2\/product_tag?post=36111"}],"curies":[{"name":"wp","href":"https:\/\/api.w.org\/{rel}","templated":true}]}}