{"id":36701,"date":"2025-06-26T00:07:41","date_gmt":"2025-06-26T03:07:41","guid":{"rendered":"https:\/\/escolhelab.com.br\/?post_type=product&#038;p=36701"},"modified":"2025-09-06T17:25:36","modified_gmt":"2025-09-06T20:25:36","slug":"tela-para-copo-shop-rigler-sku-ldj704","status":"publish","type":"product","link":"https:\/\/escolhelab.com.br\/en\/tela-para-copo-shop-rigler-sku-ldj704\/","title":{"rendered":"Tela para Copo Shop Rigler"},"content":{"rendered":"<h1><span style=\"font-family: helvetica, arial, sans-serif;\">Tela para Copo Shop Rigler<\/span><\/h1>\n<p><span style=\"font-family: helvetica, arial, sans-serif;\">A Tela para Copo Shop Rigler \u00e9\u00a0 fabricada em bronze fosforoso para ser utilizado em conjunto com o copo Shop Rigler<\/span><\/p>\n<p><span style=\"font-family: helvetica, arial, sans-serif;\">Di\u00e2metro: 125 mm.<\/span><br \/>\n<span style=\"font-family: helvetica, arial, sans-serif;\">24 malhas \/ cm na trama \u2013 espessura\u00a0 fio 0,17 mm<\/span><br \/>\n<span style=\"font-family: helvetica, arial, sans-serif;\">32 malhas\/cm no urdume \u2013 espessura fio 0,16 mm<\/span><\/p>\n<p><span style=\"font-family: helvetica, arial, sans-serif;\">(Pacote com 5 pe\u00e7as).<\/span><\/p>\n<p><span style=\"font-family: helvetica, arial, sans-serif;\">Maiores informa\u00e7\u00f5es sobre o bronze fosforoso:<\/span><\/p>\n<p><span style=\"font-family: helvetica, arial, sans-serif;\">O bronze \u00e9 formado da mistura do cobre com estanho. A dureza do bronze est\u00e1 diretamente relacionada \u00e0 quantidade de estanho na mistura, que pode chegar at\u00e9 12% do valor total. Apesar da durabilidade que o estanho pode oferecer, o cobre conta com mais um elemento importante para garantir rigidez, resist\u00eancia mec\u00e2nica e evitar desgaste: o f\u00f3sforo. A partir disso, d\u00e1-se origem ao que conhecemos como\u00a0<strong>bronze fosforoso<\/strong>.<\/span><\/p>\n<p><span style=\"font-family: helvetica, arial, sans-serif;\">bronze \u00e9 uma das ligas met\u00e1licas mais antigas da hist\u00f3ria. Apesar de sua longa trajet\u00f3ria, ele continua sendo um dos mais populares membros da fam\u00edlia da liga do cobre.<\/span><\/p>\n<h5><span style=\"font-family: helvetica, arial, sans-serif;\">Vantagens da combina\u00e7\u00e3o do f\u00f3sforo com bronze<\/span><\/h5>\n<p><span style=\"font-family: helvetica, arial, sans-serif;\">O f\u00f3sforo \u00e9 um elemento qu\u00edmico com alto potencial de oxida\u00e7\u00e3o que pertencente \u00e0 fam\u00edlia dos n\u00e3o metais. Em sua uni\u00e3o com o estanho e o cobre \u00e9 capaz de oferecer grandes vantagens para a fabrica\u00e7\u00e3o de materiais. O uso do f\u00f3sforo faz com que o bronze se torne mais resistente ao desgaste e endurecido.<\/span><\/p>\n<p><span style=\"font-family: helvetica, arial, sans-serif;\">O f\u00f3sforo \u00e9 o elemento menos abundante na composi\u00e7\u00e3o do\u00a0<strong>bronze fosforoso<\/strong>, podendo chegar a no m\u00e1ximo 1% em rela\u00e7\u00e3o \u00e0s outras mat\u00e9rias-primas.<\/span><\/p>\n<p><span style=\"font-family: helvetica, arial, sans-serif;\">A procura por produtos a base de\u00a0<strong>bronze fosforoso<\/strong>\u00a0se d\u00e1 principalmente por seu potencial anticorrosivo, propriedades mec\u00e2nicas e excelente resist\u00eancia contra abras\u00e3o. As pe\u00e7as fabricadas a partir da mat\u00e9ria-prima podem ser feitas sob medida para atender a necessidade do consumidor. O uso dessa liga met\u00e1lica \u00e9 comum em: ind\u00fastrias navais, qu\u00edmicas, aliment\u00edcias, para sistemas hidr\u00e1ulicos, equipamentos mar\u00edtimos, entre outros<\/span><\/p>\n<p><span style=\"font-family: helvetica, arial, sans-serif;\">O\u00a0<strong>bronze fosforoso<\/strong>\u00a0pode ter v\u00e1rias aplica\u00e7\u00f5es. Quanto mais f\u00f3sforo o produto possui, mais resistente ele \u00e9 a desgastes, e menor ser\u00e1 a sua necessidade de lubrifica\u00e7\u00e3o para conserva\u00e7\u00e3o.<\/span><\/p>","protected":false},"excerpt":{"rendered":"<p><span style=\"font-family: helvetica, arial, sans-serif\">A tela \u00e9\u00a0 fabricada em bronze fosforoso para ser utilizado em conjunto com o copo Shop Rigler<br \/><\/span><span style=\"font-family: helvetica, arial, sans-serif\">Di\u00e2metro: 125 mm.<\/span><br \/><span style=\"font-family: helvetica, arial, sans-serif\">24 malhas \/ cm na trama \u2013 espessura\u00a0 fio 0,17 mm<\/span><br \/><span style=\"font-family: helvetica, arial, sans-serif\">32 malhas\/cm no urdume \u2013 espessura fio 0,16 mm<br \/><\/span><span style=\"font-family: helvetica, arial, sans-serif\"><strong>(Pacote com 5 pe\u00e7as).<\/strong><\/span><\/p>","protected":false},"featured_media":36702,"comment_status":"open","ping_status":"closed","template":"","meta":{"_acf_changed":false,"iawp_total_views":23},"product_brand":[],"product_cat":[725,606],"product_tag":[],"class_list":{"0":"post-36701","1":"product","2":"type-product","3":"status-publish","4":"has-post-thumbnail","6":"product_cat-acessorios-e-consumiveis","7":"product_cat-quimico","8":"product_shipping_class-produtos-laboratorio-quimico","10":"first","11":"instock","12":"sale","13":"shipping-taxable","14":"purchasable","15":"product-type-simple"},"acf":[],"yoast_head":"<!-- This site is optimized with the Yoast SEO Premium plugin v26.2 (Yoast SEO v27.3) - https:\/\/yoast.com\/product\/yoast-seo-premium-wordpress\/ -->\n<title>Tela para Copo Shop Rigler<\/title>\n<meta name=\"description\" content=\"A tela \u00e9 fabricada em bronze fosforoso para ser utilizado em conjunto com o copo Shop RiglerDi\u00e2metro: 125 mm.24 malhas \/ cm na trama \u2013 espessura fio\" \/>\n<meta name=\"robots\" content=\"index, follow, max-snippet:-1, max-image-preview:large, max-video-preview:-1\" \/>\n<link rel=\"canonical\" href=\"https:\/\/escolhelab.com.br\/en\/tela-para-copo-shop-rigler-sku-ldj704\/\" \/>\n<meta property=\"og:locale\" content=\"en_US\" \/>\n<meta property=\"og:type\" content=\"article\" \/>\n<meta property=\"og:title\" content=\"Tela para Copo Shop Rigler\" \/>\n<meta property=\"og:description\" content=\"A tela \u00e9 fabricada em bronze fosforoso para ser utilizado em conjunto com o copo Shop RiglerDi\u00e2metro: 125 mm.24 malhas \/ cm na trama \u2013 espessura fio\" \/>\n<meta property=\"og:url\" content=\"https:\/\/escolhelab.com.br\/en\/tela-para-copo-shop-rigler-sku-ldj704\/\" \/>\n<meta property=\"og:site_name\" content=\"Loja de produtos para laboratorio\" \/>\n<meta property=\"article:modified_time\" content=\"2025-09-06T20:25:36+00:00\" \/>\n<meta property=\"og:image\" content=\"https:\/\/escolhelab.com.br\/wp-content\/uploads\/2025\/06\/tela-de-bronze-para-copo-shop-rigler-escolhelab-com-br.webp\" \/>\n\t<meta property=\"og:image:width\" content=\"1080\" \/>\n\t<meta property=\"og:image:height\" content=\"1080\" \/>\n\t<meta property=\"og:image:type\" content=\"image\/webp\" \/>\n<meta name=\"twitter:card\" content=\"summary_large_image\" \/>\n<meta name=\"twitter:label1\" content=\"Est. reading time\" \/>\n\t<meta name=\"twitter:data1\" content=\"3 minutes\" \/>\n<script type=\"application\/ld+json\" class=\"yoast-schema-graph\">{\"@context\":\"https:\\\/\\\/schema.org\",\"@graph\":[{\"@type\":\"WebPage\",\"@id\":\"https:\\\/\\\/escolhelab.com.br\\\/tela-para-copo-shop-rigler-sku-ldj704\\\/\",\"url\":\"https:\\\/\\\/escolhelab.com.br\\\/tela-para-copo-shop-rigler-sku-ldj704\\\/\",\"name\":\"Tela para Copo Shop Rigler\",\"isPartOf\":{\"@id\":\"https:\\\/\\\/escolhelab.com.br\\\/#website\"},\"primaryImageOfPage\":{\"@id\":\"https:\\\/\\\/escolhelab.com.br\\\/tela-para-copo-shop-rigler-sku-ldj704\\\/#primaryimage\"},\"image\":{\"@id\":\"https:\\\/\\\/escolhelab.com.br\\\/tela-para-copo-shop-rigler-sku-ldj704\\\/#primaryimage\"},\"thumbnailUrl\":\"https:\\\/\\\/escolhelab.com.br\\\/wp-content\\\/uploads\\\/2025\\\/06\\\/tela-de-bronze-para-copo-shop-rigler-escolhelab-com-br.webp\",\"datePublished\":\"2025-06-26T03:07:41+00:00\",\"dateModified\":\"2025-09-06T20:25:36+00:00\",\"description\":\"A tela \u00e9 fabricada em bronze fosforoso para ser utilizado em conjunto com o copo Shop RiglerDi\u00e2metro: 125 mm.24 malhas \\\/ cm na trama \u2013 espessura fio\",\"breadcrumb\":{\"@id\":\"https:\\\/\\\/escolhelab.com.br\\\/tela-para-copo-shop-rigler-sku-ldj704\\\/#breadcrumb\"},\"inLanguage\":\"en-US\",\"potentialAction\":[{\"@type\":\"ReadAction\",\"target\":[\"https:\\\/\\\/escolhelab.com.br\\\/tela-para-copo-shop-rigler-sku-ldj704\\\/\"]}]},{\"@type\":\"ImageObject\",\"inLanguage\":\"en-US\",\"@id\":\"https:\\\/\\\/escolhelab.com.br\\\/tela-para-copo-shop-rigler-sku-ldj704\\\/#primaryimage\",\"url\":\"https:\\\/\\\/escolhelab.com.br\\\/wp-content\\\/uploads\\\/2025\\\/06\\\/tela-de-bronze-para-copo-shop-rigler-escolhelab-com-br.webp\",\"contentUrl\":\"https:\\\/\\\/escolhelab.com.br\\\/wp-content\\\/uploads\\\/2025\\\/06\\\/tela-de-bronze-para-copo-shop-rigler-escolhelab-com-br.webp\",\"width\":1080,\"height\":1080},{\"@type\":\"BreadcrumbList\",\"@id\":\"https:\\\/\\\/escolhelab.com.br\\\/tela-para-copo-shop-rigler-sku-ldj704\\\/#breadcrumb\",\"itemListElement\":[{\"@type\":\"ListItem\",\"position\":1,\"name\":\"In\u00edcio\",\"item\":\"https:\\\/\\\/escolhelab.com.br\\\/\"},{\"@type\":\"ListItem\",\"position\":2,\"name\":\"loja\",\"item\":\"https:\\\/\\\/escolhelab.com.br\\\/loja\\\/\"},{\"@type\":\"ListItem\",\"position\":3,\"name\":\"Tela para Copo Shop Rigler\"}]},{\"@type\":\"WebSite\",\"@id\":\"https:\\\/\\\/escolhelab.com.br\\\/#website\",\"url\":\"https:\\\/\\\/escolhelab.com.br\\\/\",\"name\":\"Loja de produtos para laboratorio\",\"description\":\"Produtos para Laborat\u00f3rio,Artigos e outros na loja do quimico\",\"publisher\":{\"@id\":\"https:\\\/\\\/escolhelab.com.br\\\/#organization\"},\"alternateName\":\"escolhelab\",\"potentialAction\":[{\"@type\":\"SearchAction\",\"target\":{\"@type\":\"EntryPoint\",\"urlTemplate\":\"https:\\\/\\\/escolhelab.com.br\\\/?s={search_term_string}\"},\"query-input\":{\"@type\":\"PropertyValueSpecification\",\"valueRequired\":true,\"valueName\":\"search_term_string\"}}],\"inLanguage\":\"en-US\"},{\"@type\":\"Organization\",\"@id\":\"https:\\\/\\\/escolhelab.com.br\\\/#organization\",\"name\":\"loja escolhelab\",\"alternateName\":\"escolhelab\",\"url\":\"https:\\\/\\\/escolhelab.com.br\\\/\",\"logo\":{\"@type\":\"ImageObject\",\"inLanguage\":\"en-US\",\"@id\":\"https:\\\/\\\/escolhelab.com.br\\\/#\\\/schema\\\/logo\\\/image\\\/\",\"url\":\"https:\\\/\\\/escolhelab.com.br\\\/wp-content\\\/uploads\\\/2024\\\/12\\\/icone-e-512-512escolhelab-com-br-2-800x800.png\",\"contentUrl\":\"https:\\\/\\\/escolhelab.com.br\\\/wp-content\\\/uploads\\\/2024\\\/12\\\/icone-e-512-512escolhelab-com-br-2-800x800.png\",\"width\":800,\"height\":800,\"caption\":\"loja escolhelab\"},\"image\":{\"@id\":\"https:\\\/\\\/escolhelab.com.br\\\/#\\\/schema\\\/logo\\\/image\\\/\"}}]}<\/script>\n<!-- \/ Yoast SEO Premium plugin. -->","yoast_head_json":{"title":"Tela para Copo Shop Rigler","description":"A tela \u00e9 fabricada em bronze fosforoso para ser utilizado em conjunto com o copo Shop RiglerDi\u00e2metro: 125 mm.24 malhas \/ cm na trama \u2013 espessura fio","robots":{"index":"index","follow":"follow","max-snippet":"max-snippet:-1","max-image-preview":"max-image-preview:large","max-video-preview":"max-video-preview:-1"},"canonical":"https:\/\/escolhelab.com.br\/en\/tela-para-copo-shop-rigler-sku-ldj704\/","og_locale":"en_US","og_type":"article","og_title":"Tela para Copo Shop Rigler","og_description":"A tela \u00e9 fabricada em bronze fosforoso para ser utilizado em conjunto com o copo Shop RiglerDi\u00e2metro: 125 mm.24 malhas \/ cm na trama \u2013 espessura fio","og_url":"https:\/\/escolhelab.com.br\/en\/tela-para-copo-shop-rigler-sku-ldj704\/","og_site_name":"Loja de produtos para laboratorio","article_modified_time":"2025-09-06T20:25:36+00:00","og_image":[{"width":1080,"height":1080,"url":"https:\/\/escolhelab.com.br\/wp-content\/uploads\/2025\/06\/tela-de-bronze-para-copo-shop-rigler-escolhelab-com-br.webp","type":"image\/webp"}],"twitter_card":"summary_large_image","twitter_misc":{"Est. reading time":"3 minutes"},"schema":{"@context":"https:\/\/schema.org","@graph":[{"@type":"WebPage","@id":"https:\/\/escolhelab.com.br\/tela-para-copo-shop-rigler-sku-ldj704\/","url":"https:\/\/escolhelab.com.br\/tela-para-copo-shop-rigler-sku-ldj704\/","name":"Tela para Copo Shop Rigler","isPartOf":{"@id":"https:\/\/escolhelab.com.br\/#website"},"primaryImageOfPage":{"@id":"https:\/\/escolhelab.com.br\/tela-para-copo-shop-rigler-sku-ldj704\/#primaryimage"},"image":{"@id":"https:\/\/escolhelab.com.br\/tela-para-copo-shop-rigler-sku-ldj704\/#primaryimage"},"thumbnailUrl":"https:\/\/escolhelab.com.br\/wp-content\/uploads\/2025\/06\/tela-de-bronze-para-copo-shop-rigler-escolhelab-com-br.webp","datePublished":"2025-06-26T03:07:41+00:00","dateModified":"2025-09-06T20:25:36+00:00","description":"A tela \u00e9 fabricada em bronze fosforoso para ser utilizado em conjunto com o copo Shop RiglerDi\u00e2metro: 125 mm.24 malhas \/ cm na trama \u2013 espessura fio","breadcrumb":{"@id":"https:\/\/escolhelab.com.br\/tela-para-copo-shop-rigler-sku-ldj704\/#breadcrumb"},"inLanguage":"en-US","potentialAction":[{"@type":"ReadAction","target":["https:\/\/escolhelab.com.br\/tela-para-copo-shop-rigler-sku-ldj704\/"]}]},{"@type":"ImageObject","inLanguage":"en-US","@id":"https:\/\/escolhelab.com.br\/tela-para-copo-shop-rigler-sku-ldj704\/#primaryimage","url":"https:\/\/escolhelab.com.br\/wp-content\/uploads\/2025\/06\/tela-de-bronze-para-copo-shop-rigler-escolhelab-com-br.webp","contentUrl":"https:\/\/escolhelab.com.br\/wp-content\/uploads\/2025\/06\/tela-de-bronze-para-copo-shop-rigler-escolhelab-com-br.webp","width":1080,"height":1080},{"@type":"BreadcrumbList","@id":"https:\/\/escolhelab.com.br\/tela-para-copo-shop-rigler-sku-ldj704\/#breadcrumb","itemListElement":[{"@type":"ListItem","position":1,"name":"In\u00edcio","item":"https:\/\/escolhelab.com.br\/"},{"@type":"ListItem","position":2,"name":"loja","item":"https:\/\/escolhelab.com.br\/loja\/"},{"@type":"ListItem","position":3,"name":"Tela para Copo Shop Rigler"}]},{"@type":"WebSite","@id":"https:\/\/escolhelab.com.br\/#website","url":"https:\/\/escolhelab.com.br\/","name":"Loja de produtos para laboratorio","description":"Produtos para Laborat\u00f3rio,Artigos e outros na loja do quimico","publisher":{"@id":"https:\/\/escolhelab.com.br\/#organization"},"alternateName":"escolhelab","potentialAction":[{"@type":"SearchAction","target":{"@type":"EntryPoint","urlTemplate":"https:\/\/escolhelab.com.br\/?s={search_term_string}"},"query-input":{"@type":"PropertyValueSpecification","valueRequired":true,"valueName":"search_term_string"}}],"inLanguage":"en-US"},{"@type":"Organization","@id":"https:\/\/escolhelab.com.br\/#organization","name":"loja escolhelab","alternateName":"escolhelab","url":"https:\/\/escolhelab.com.br\/","logo":{"@type":"ImageObject","inLanguage":"en-US","@id":"https:\/\/escolhelab.com.br\/#\/schema\/logo\/image\/","url":"https:\/\/escolhelab.com.br\/wp-content\/uploads\/2024\/12\/icone-e-512-512escolhelab-com-br-2-800x800.png","contentUrl":"https:\/\/escolhelab.com.br\/wp-content\/uploads\/2024\/12\/icone-e-512-512escolhelab-com-br-2-800x800.png","width":800,"height":800,"caption":"loja escolhelab"},"image":{"@id":"https:\/\/escolhelab.com.br\/#\/schema\/logo\/image\/"}}]}},"tiered_pricing_type":"percentage","tiered_pricing_fixed_rules":[],"tiered_pricing_product_settings":{"layout":"default","base_unit_name":{"singular":null,"plural":null},"default_variation":null},"tiered_pricing_minimum_quantity":null,"tiered_pricing_roles_data":[],"tiered_pricing_percentage_rules":{"2":"3","3":"5","4":"7"},"tiered_pricing_maximum_quantity":null,"tiered_pricing_quantity_step":null,"_links":{"self":[{"href":"https:\/\/escolhelab.com.br\/en\/wp-json\/wp\/v2\/product\/36701","targetHints":{"allow":["GET"]}}],"collection":[{"href":"https:\/\/escolhelab.com.br\/en\/wp-json\/wp\/v2\/product"}],"about":[{"href":"https:\/\/escolhelab.com.br\/en\/wp-json\/wp\/v2\/types\/product"}],"replies":[{"embeddable":true,"href":"https:\/\/escolhelab.com.br\/en\/wp-json\/wp\/v2\/comments?post=36701"}],"version-history":[{"count":0,"href":"https:\/\/escolhelab.com.br\/en\/wp-json\/wp\/v2\/product\/36701\/revisions"}],"wp:featuredmedia":[{"embeddable":true,"href":"https:\/\/escolhelab.com.br\/en\/wp-json\/wp\/v2\/media\/36702"}],"wp:attachment":[{"href":"https:\/\/escolhelab.com.br\/en\/wp-json\/wp\/v2\/media?parent=36701"}],"wp:term":[{"taxonomy":"product_brand","embeddable":true,"href":"https:\/\/escolhelab.com.br\/en\/wp-json\/wp\/v2\/product_brand?post=36701"},{"taxonomy":"product_cat","embeddable":true,"href":"https:\/\/escolhelab.com.br\/en\/wp-json\/wp\/v2\/product_cat?post=36701"},{"taxonomy":"product_tag","embeddable":true,"href":"https:\/\/escolhelab.com.br\/en\/wp-json\/wp\/v2\/product_tag?post=36701"}],"curies":[{"name":"wp","href":"https:\/\/api.w.org\/{rel}","templated":true}]}}