{"id":38225,"date":"2025-09-09T16:36:00","date_gmt":"2025-09-09T19:36:00","guid":{"rendered":"https:\/\/escolhelab.com.br\/?post_type=product&#038;p=38225"},"modified":"2025-09-09T16:54:42","modified_gmt":"2025-09-09T19:54:42","slug":"relogio-timer-digital","status":"publish","type":"product","link":"https:\/\/escolhelab.com.br\/en\/relogio-timer-digital\/","title":{"rendered":"Relogio timer digital"},"content":{"rendered":"<h2><span style=\"font-family: helvetica, arial, sans-serif;\">Rel\u00f3gio timer digital<\/span><\/h2>\n<ul>\n<li><span style=\"font-family: helvetica, arial, sans-serif;\">Pl\u00e1stico r\u00edgido<\/span><\/li>\n<li><span style=\"font-family: helvetica, arial, sans-serif;\">Rel\u00f3gio com 1 canal<\/span><\/li>\n<li><span style=\"font-family: helvetica, arial, sans-serif;\">Timer: 99 minutos<\/span><\/li>\n<li><span style=\"font-family: helvetica, arial, sans-serif;\">Alarme: 60 segundos<\/span><\/li>\n<\/ul>","protected":false},"excerpt":{"rendered":"<ul>\n<li><span style=\"font-family: helvetica, arial, sans-serif; font-size: 12pt;\">Pl\u00e1stico r\u00edgido<\/span><\/li>\n<li><span style=\"font-family: helvetica, arial, sans-serif; font-size: 12pt;\">Rel\u00f3gio com 1 canal<\/span><\/li>\n<li><span style=\"font-family: helvetica, arial, sans-serif; font-size: 12pt;\">Timer: 99 minutos<\/span><\/li>\n<li><span style=\"font-family: helvetica, arial, sans-serif; font-size: 12pt;\">Alarme: 60 segundos<\/span><\/li>\n<\/ul>","protected":false},"featured_media":38226,"comment_status":"closed","ping_status":"closed","template":"","meta":{"_acf_changed":false,"iawp_total_views":19},"product_brand":[],"product_cat":[733,734,606],"product_tag":[],"class_list":{"0":"post-38225","1":"product","2":"type-product","3":"status-publish","4":"has-post-thumbnail","6":"product_cat-equipamento-laboratorio","7":"product_cat-equipamentos-eletronicos","8":"product_cat-quimico","9":"product_shipping_class-produtos-laboratorio-quimico","11":"first","12":"instock","13":"shipping-taxable","14":"purchasable","15":"product-type-simple"},"acf":[],"yoast_head":"<!-- This site is optimized with the Yoast SEO Premium plugin v26.2 (Yoast SEO v27.4) - https:\/\/yoast.com\/product\/yoast-seo-premium-wordpress\/ -->\n<title>Relogio timer digital<\/title>\n<meta name=\"description\" content=\"Rel\u00f3gio timer digital para cronometrar processo em laborat\u00f3rio qu\u00edmico para industria, escolas, faculdades e farmac\u00eautica\" \/>\n<meta name=\"robots\" content=\"index, follow, max-snippet:-1, max-image-preview:large, max-video-preview:-1\" \/>\n<link rel=\"canonical\" href=\"https:\/\/escolhelab.com.br\/en\/relogio-timer-digital\/\" \/>\n<meta property=\"og:locale\" content=\"en_US\" \/>\n<meta property=\"og:type\" content=\"article\" \/>\n<meta property=\"og:title\" content=\"Relogio timer digital\" \/>\n<meta property=\"og:description\" content=\"Rel\u00f3gio timer digital para cronometrar processo em laborat\u00f3rio qu\u00edmico para industria, escolas, faculdades e farmac\u00eautica\" \/>\n<meta property=\"og:url\" content=\"https:\/\/escolhelab.com.br\/en\/relogio-timer-digital\/\" \/>\n<meta property=\"og:site_name\" content=\"Loja de produtos para laboratorio\" \/>\n<meta property=\"article:modified_time\" content=\"2025-09-09T19:54:42+00:00\" \/>\n<meta property=\"og:image\" content=\"https:\/\/escolhelab.com.br\/wp-content\/uploads\/2025\/09\/relogioc-timer-digital-escolhelab-com-br.png\" \/>\n\t<meta property=\"og:image:width\" content=\"700\" \/>\n\t<meta property=\"og:image:height\" content=\"800\" \/>\n\t<meta property=\"og:image:type\" content=\"image\/png\" \/>\n<meta name=\"twitter:card\" content=\"summary_large_image\" \/>\n<meta name=\"twitter:label1\" content=\"Est. reading time\" \/>\n\t<meta name=\"twitter:data1\" content=\"1 minute\" \/>\n<script type=\"application\/ld+json\" class=\"yoast-schema-graph\">{\"@context\":\"https:\\\/\\\/schema.org\",\"@graph\":[{\"@type\":\"WebPage\",\"@id\":\"https:\\\/\\\/escolhelab.com.br\\\/relogio-timer-digital\\\/\",\"url\":\"https:\\\/\\\/escolhelab.com.br\\\/relogio-timer-digital\\\/\",\"name\":\"Relogio timer digital\",\"isPartOf\":{\"@id\":\"https:\\\/\\\/escolhelab.com.br\\\/#website\"},\"primaryImageOfPage\":{\"@id\":\"https:\\\/\\\/escolhelab.com.br\\\/relogio-timer-digital\\\/#primaryimage\"},\"image\":{\"@id\":\"https:\\\/\\\/escolhelab.com.br\\\/relogio-timer-digital\\\/#primaryimage\"},\"thumbnailUrl\":\"https:\\\/\\\/escolhelab.com.br\\\/wp-content\\\/uploads\\\/2025\\\/09\\\/relogioc-timer-digital-escolhelab-com-br.png\",\"datePublished\":\"2025-09-09T19:36:00+00:00\",\"dateModified\":\"2025-09-09T19:54:42+00:00\",\"description\":\"Rel\u00f3gio timer digital para cronometrar processo em laborat\u00f3rio qu\u00edmico para industria, escolas, faculdades e farmac\u00eautica\",\"breadcrumb\":{\"@id\":\"https:\\\/\\\/escolhelab.com.br\\\/relogio-timer-digital\\\/#breadcrumb\"},\"inLanguage\":\"en-US\",\"potentialAction\":[{\"@type\":\"ReadAction\",\"target\":[\"https:\\\/\\\/escolhelab.com.br\\\/relogio-timer-digital\\\/\"]}]},{\"@type\":\"ImageObject\",\"inLanguage\":\"en-US\",\"@id\":\"https:\\\/\\\/escolhelab.com.br\\\/relogio-timer-digital\\\/#primaryimage\",\"url\":\"https:\\\/\\\/escolhelab.com.br\\\/wp-content\\\/uploads\\\/2025\\\/09\\\/relogioc-timer-digital-escolhelab-com-br.png\",\"contentUrl\":\"https:\\\/\\\/escolhelab.com.br\\\/wp-content\\\/uploads\\\/2025\\\/09\\\/relogioc-timer-digital-escolhelab-com-br.png\",\"width\":700,\"height\":800,\"caption\":\"relogioc-timer-digital-escolhelab-com-br\"},{\"@type\":\"BreadcrumbList\",\"@id\":\"https:\\\/\\\/escolhelab.com.br\\\/relogio-timer-digital\\\/#breadcrumb\",\"itemListElement\":[{\"@type\":\"ListItem\",\"position\":1,\"name\":\"In\u00edcio\",\"item\":\"https:\\\/\\\/escolhelab.com.br\\\/\"},{\"@type\":\"ListItem\",\"position\":2,\"name\":\"loja\",\"item\":\"https:\\\/\\\/escolhelab.com.br\\\/loja\\\/\"},{\"@type\":\"ListItem\",\"position\":3,\"name\":\"Relogio timer digital\"}]},{\"@type\":\"WebSite\",\"@id\":\"https:\\\/\\\/escolhelab.com.br\\\/#website\",\"url\":\"https:\\\/\\\/escolhelab.com.br\\\/\",\"name\":\"Loja de produtos para laboratorio\",\"description\":\"Produtos para Laborat\u00f3rio,Artigos e outros na loja do quimico\",\"publisher\":{\"@id\":\"https:\\\/\\\/escolhelab.com.br\\\/#organization\"},\"alternateName\":\"escolhelab\",\"potentialAction\":[{\"@type\":\"SearchAction\",\"target\":{\"@type\":\"EntryPoint\",\"urlTemplate\":\"https:\\\/\\\/escolhelab.com.br\\\/?s={search_term_string}\"},\"query-input\":{\"@type\":\"PropertyValueSpecification\",\"valueRequired\":true,\"valueName\":\"search_term_string\"}}],\"inLanguage\":\"en-US\"},{\"@type\":\"Organization\",\"@id\":\"https:\\\/\\\/escolhelab.com.br\\\/#organization\",\"name\":\"loja escolhelab\",\"alternateName\":\"escolhelab\",\"url\":\"https:\\\/\\\/escolhelab.com.br\\\/\",\"logo\":{\"@type\":\"ImageObject\",\"inLanguage\":\"en-US\",\"@id\":\"https:\\\/\\\/escolhelab.com.br\\\/#\\\/schema\\\/logo\\\/image\\\/\",\"url\":\"https:\\\/\\\/escolhelab.com.br\\\/wp-content\\\/uploads\\\/2024\\\/12\\\/icone-e-512-512escolhelab-com-br-2-800x800.png\",\"contentUrl\":\"https:\\\/\\\/escolhelab.com.br\\\/wp-content\\\/uploads\\\/2024\\\/12\\\/icone-e-512-512escolhelab-com-br-2-800x800.png\",\"width\":800,\"height\":800,\"caption\":\"loja escolhelab\"},\"image\":{\"@id\":\"https:\\\/\\\/escolhelab.com.br\\\/#\\\/schema\\\/logo\\\/image\\\/\"}}]}<\/script>\n<!-- \/ Yoast SEO Premium plugin. -->","yoast_head_json":{"title":"Relogio timer digital","description":"Rel\u00f3gio timer digital para cronometrar processo em laborat\u00f3rio qu\u00edmico para industria, escolas, faculdades e farmac\u00eautica","robots":{"index":"index","follow":"follow","max-snippet":"max-snippet:-1","max-image-preview":"max-image-preview:large","max-video-preview":"max-video-preview:-1"},"canonical":"https:\/\/escolhelab.com.br\/en\/relogio-timer-digital\/","og_locale":"en_US","og_type":"article","og_title":"Relogio timer digital","og_description":"Rel\u00f3gio timer digital para cronometrar processo em laborat\u00f3rio qu\u00edmico para industria, escolas, faculdades e farmac\u00eautica","og_url":"https:\/\/escolhelab.com.br\/en\/relogio-timer-digital\/","og_site_name":"Loja de produtos para laboratorio","article_modified_time":"2025-09-09T19:54:42+00:00","og_image":[{"width":700,"height":800,"url":"https:\/\/escolhelab.com.br\/wp-content\/uploads\/2025\/09\/relogioc-timer-digital-escolhelab-com-br.png","type":"image\/png"}],"twitter_card":"summary_large_image","twitter_misc":{"Est. reading time":"1 minute"},"schema":{"@context":"https:\/\/schema.org","@graph":[{"@type":"WebPage","@id":"https:\/\/escolhelab.com.br\/relogio-timer-digital\/","url":"https:\/\/escolhelab.com.br\/relogio-timer-digital\/","name":"Relogio timer digital","isPartOf":{"@id":"https:\/\/escolhelab.com.br\/#website"},"primaryImageOfPage":{"@id":"https:\/\/escolhelab.com.br\/relogio-timer-digital\/#primaryimage"},"image":{"@id":"https:\/\/escolhelab.com.br\/relogio-timer-digital\/#primaryimage"},"thumbnailUrl":"https:\/\/escolhelab.com.br\/wp-content\/uploads\/2025\/09\/relogioc-timer-digital-escolhelab-com-br.png","datePublished":"2025-09-09T19:36:00+00:00","dateModified":"2025-09-09T19:54:42+00:00","description":"Rel\u00f3gio timer digital para cronometrar processo em laborat\u00f3rio qu\u00edmico para industria, escolas, faculdades e farmac\u00eautica","breadcrumb":{"@id":"https:\/\/escolhelab.com.br\/relogio-timer-digital\/#breadcrumb"},"inLanguage":"en-US","potentialAction":[{"@type":"ReadAction","target":["https:\/\/escolhelab.com.br\/relogio-timer-digital\/"]}]},{"@type":"ImageObject","inLanguage":"en-US","@id":"https:\/\/escolhelab.com.br\/relogio-timer-digital\/#primaryimage","url":"https:\/\/escolhelab.com.br\/wp-content\/uploads\/2025\/09\/relogioc-timer-digital-escolhelab-com-br.png","contentUrl":"https:\/\/escolhelab.com.br\/wp-content\/uploads\/2025\/09\/relogioc-timer-digital-escolhelab-com-br.png","width":700,"height":800,"caption":"relogioc-timer-digital-escolhelab-com-br"},{"@type":"BreadcrumbList","@id":"https:\/\/escolhelab.com.br\/relogio-timer-digital\/#breadcrumb","itemListElement":[{"@type":"ListItem","position":1,"name":"In\u00edcio","item":"https:\/\/escolhelab.com.br\/"},{"@type":"ListItem","position":2,"name":"loja","item":"https:\/\/escolhelab.com.br\/loja\/"},{"@type":"ListItem","position":3,"name":"Relogio timer digital"}]},{"@type":"WebSite","@id":"https:\/\/escolhelab.com.br\/#website","url":"https:\/\/escolhelab.com.br\/","name":"Loja de produtos para laboratorio","description":"Produtos para Laborat\u00f3rio,Artigos e outros na loja do quimico","publisher":{"@id":"https:\/\/escolhelab.com.br\/#organization"},"alternateName":"escolhelab","potentialAction":[{"@type":"SearchAction","target":{"@type":"EntryPoint","urlTemplate":"https:\/\/escolhelab.com.br\/?s={search_term_string}"},"query-input":{"@type":"PropertyValueSpecification","valueRequired":true,"valueName":"search_term_string"}}],"inLanguage":"en-US"},{"@type":"Organization","@id":"https:\/\/escolhelab.com.br\/#organization","name":"loja escolhelab","alternateName":"escolhelab","url":"https:\/\/escolhelab.com.br\/","logo":{"@type":"ImageObject","inLanguage":"en-US","@id":"https:\/\/escolhelab.com.br\/#\/schema\/logo\/image\/","url":"https:\/\/escolhelab.com.br\/wp-content\/uploads\/2024\/12\/icone-e-512-512escolhelab-com-br-2-800x800.png","contentUrl":"https:\/\/escolhelab.com.br\/wp-content\/uploads\/2024\/12\/icone-e-512-512escolhelab-com-br-2-800x800.png","width":800,"height":800,"caption":"loja escolhelab"},"image":{"@id":"https:\/\/escolhelab.com.br\/#\/schema\/logo\/image\/"}}]}},"tiered_pricing_type":"percentage","tiered_pricing_fixed_rules":[],"tiered_pricing_product_settings":{"layout":"default","base_unit_name":{"singular":null,"plural":null},"default_variation":null},"tiered_pricing_minimum_quantity":null,"tiered_pricing_roles_data":[],"tiered_pricing_percentage_rules":{"3":"2","6":"4","9":"5"},"tiered_pricing_maximum_quantity":null,"tiered_pricing_quantity_step":null,"_links":{"self":[{"href":"https:\/\/escolhelab.com.br\/en\/wp-json\/wp\/v2\/product\/38225","targetHints":{"allow":["GET"]}}],"collection":[{"href":"https:\/\/escolhelab.com.br\/en\/wp-json\/wp\/v2\/product"}],"about":[{"href":"https:\/\/escolhelab.com.br\/en\/wp-json\/wp\/v2\/types\/product"}],"replies":[{"embeddable":true,"href":"https:\/\/escolhelab.com.br\/en\/wp-json\/wp\/v2\/comments?post=38225"}],"version-history":[{"count":0,"href":"https:\/\/escolhelab.com.br\/en\/wp-json\/wp\/v2\/product\/38225\/revisions"}],"wp:featuredmedia":[{"embeddable":true,"href":"https:\/\/escolhelab.com.br\/en\/wp-json\/wp\/v2\/media\/38226"}],"wp:attachment":[{"href":"https:\/\/escolhelab.com.br\/en\/wp-json\/wp\/v2\/media?parent=38225"}],"wp:term":[{"taxonomy":"product_brand","embeddable":true,"href":"https:\/\/escolhelab.com.br\/en\/wp-json\/wp\/v2\/product_brand?post=38225"},{"taxonomy":"product_cat","embeddable":true,"href":"https:\/\/escolhelab.com.br\/en\/wp-json\/wp\/v2\/product_cat?post=38225"},{"taxonomy":"product_tag","embeddable":true,"href":"https:\/\/escolhelab.com.br\/en\/wp-json\/wp\/v2\/product_tag?post=38225"}],"curies":[{"name":"wp","href":"https:\/\/api.w.org\/{rel}","templated":true}]}}