{"id":38816,"date":"2025-10-08T10:06:55","date_gmt":"2025-10-08T13:06:55","guid":{"rendered":"https:\/\/escolhelab.com.br\/?post_type=product&#038;p=38816"},"modified":"2026-04-11T10:18:39","modified_gmt":"2026-04-11T13:18:39","slug":"frasco-reagente-claro-vidro-neutro-tampa-azul-gtaduado","status":"publish","type":"product","link":"https:\/\/escolhelab.com.br\/en\/frasco-reagente-claro-vidro-neutro-tampa-azul-gtaduado\/","title":{"rendered":"Frasco reagente claro vidro neutro tampa azul &#8211; gtaduado"},"content":{"rendered":"<h2>Frasco reagente claro vidro neutro tampa azul &#8211; gtaduado<\/h2>\n<ul>\n<li><span style=\"font-family: helvetica, arial, sans-serif;\">Graduado para medi\u00e7\u00e3o aproximada<\/span><br \/>\n<span style=\"font-family: helvetica, arial, sans-serif;\">Tampa de rosca cor azul<\/span><br \/>\n<span style=\"font-family: helvetica, arial, sans-serif;\">Autoclav\u00e1vel (121\u00b0C, 15psi, 15min)<\/span><br \/>\n<span style=\"font-family: helvetica, arial, sans-serif;\">Embalagem individual<\/span><\/li>\n<\/ul>","protected":false},"excerpt":{"rendered":"<p><span style=\"font-family: helvetica, arial, sans-serif;\">Graduado para medi\u00e7\u00e3o aproximada<\/span><br \/>\n<span style=\"font-family: helvetica, arial, sans-serif;\">Tampa de rosca cor azul<\/span><br \/>\n<span style=\"font-family: helvetica, arial, sans-serif;\">Autoclav\u00e1vel (121\u00b0C, 15psi, 15min)<\/span><br \/>\n<span style=\"font-family: helvetica, arial, sans-serif;\">Embalagem individual<\/span><\/p>","protected":false},"featured_media":38822,"comment_status":"closed","ping_status":"closed","template":"","meta":{"_acf_changed":false,"iawp_total_views":52},"product_brand":[],"product_cat":[773,731],"product_tag":[],"class_list":{"0":"post-38816","1":"product","2":"type-product","3":"status-publish","4":"has-post-thumbnail","6":"product_cat-frasco-de-vidro","7":"product_cat-vidarias","9":"first","10":"instock","11":"featured","12":"shipping-taxable","13":"purchasable","14":"product-type-variable"},"acf":[],"yoast_head":"<!-- This site is optimized with the Yoast SEO Premium plugin v26.2 (Yoast SEO v27.3) - https:\/\/yoast.com\/product\/yoast-seo-premium-wordpress\/ -->\n<title>Frasco reagente claro vidro neutro tampa azul - gtaduado<\/title>\n<meta name=\"description\" content=\"Fabricado em vidro neutro \u00e2mbar -Adequado para subst\u00e2ncias fotossens\u00edveis-Gradua\u00e7\u00e3o orientava-Tampa de rosca azul, pl\u00e1stica-N\u00e3o autoclav\u00e1vel\" \/>\n<meta name=\"robots\" content=\"index, follow, max-snippet:-1, max-image-preview:large, max-video-preview:-1\" \/>\n<link rel=\"canonical\" href=\"https:\/\/escolhelab.com.br\/en\/frasco-reagente-claro-vidro-neutro-tampa-azul-gtaduado\/\" \/>\n<meta property=\"og:locale\" content=\"en_US\" \/>\n<meta property=\"og:type\" content=\"article\" \/>\n<meta property=\"og:title\" content=\"Frasco reagente claro vidro neutro tampa azul - gtaduado\" \/>\n<meta property=\"og:description\" content=\"Fabricado em vidro neutro \u00e2mbar -Adequado para subst\u00e2ncias fotossens\u00edveis-Gradua\u00e7\u00e3o orientava-Tampa de rosca azul, pl\u00e1stica-N\u00e3o autoclav\u00e1vel\" \/>\n<meta property=\"og:url\" content=\"https:\/\/escolhelab.com.br\/en\/frasco-reagente-claro-vidro-neutro-tampa-azul-gtaduado\/\" \/>\n<meta property=\"og:site_name\" content=\"Loja de produtos para laboratorio\" \/>\n<meta property=\"article:modified_time\" content=\"2026-04-11T13:18:39+00:00\" \/>\n<meta property=\"og:image\" content=\"https:\/\/escolhelab.com.br\/wp-content\/uploads\/2025\/10\/frasco-reagente-claro-graduado-vidro-neutr-tampa-azul-escolhelab-com-br.png\" \/>\n\t<meta property=\"og:image:width\" content=\"700\" \/>\n\t<meta property=\"og:image:height\" content=\"800\" \/>\n\t<meta property=\"og:image:type\" content=\"image\/png\" \/>\n<meta name=\"twitter:card\" content=\"summary_large_image\" \/>\n<meta name=\"twitter:label1\" content=\"Est. reading time\" \/>\n\t<meta name=\"twitter:data1\" content=\"1 minute\" \/>\n<script type=\"application\/ld+json\" class=\"yoast-schema-graph\">{\"@context\":\"https:\\\/\\\/schema.org\",\"@graph\":[{\"@type\":\"WebPage\",\"@id\":\"https:\\\/\\\/escolhelab.com.br\\\/frasco-reagente-claro-vidro-neutro-tampa-azul-gtaduado\\\/\",\"url\":\"https:\\\/\\\/escolhelab.com.br\\\/frasco-reagente-claro-vidro-neutro-tampa-azul-gtaduado\\\/\",\"name\":\"Frasco reagente claro vidro neutro tampa azul - gtaduado\",\"isPartOf\":{\"@id\":\"https:\\\/\\\/escolhelab.com.br\\\/#website\"},\"primaryImageOfPage\":{\"@id\":\"https:\\\/\\\/escolhelab.com.br\\\/frasco-reagente-claro-vidro-neutro-tampa-azul-gtaduado\\\/#primaryimage\"},\"image\":{\"@id\":\"https:\\\/\\\/escolhelab.com.br\\\/frasco-reagente-claro-vidro-neutro-tampa-azul-gtaduado\\\/#primaryimage\"},\"thumbnailUrl\":\"https:\\\/\\\/escolhelab.com.br\\\/wp-content\\\/uploads\\\/2025\\\/10\\\/frasco-reagente-claro-graduado-vidro-neutr-tampa-azul-escolhelab-com-br.png\",\"datePublished\":\"2025-10-08T13:06:55+00:00\",\"dateModified\":\"2026-04-11T13:18:39+00:00\",\"description\":\"Fabricado em vidro neutro \u00e2mbar -Adequado para subst\u00e2ncias fotossens\u00edveis-Gradua\u00e7\u00e3o orientava-Tampa de rosca azul, pl\u00e1stica-N\u00e3o autoclav\u00e1vel\",\"breadcrumb\":{\"@id\":\"https:\\\/\\\/escolhelab.com.br\\\/frasco-reagente-claro-vidro-neutro-tampa-azul-gtaduado\\\/#breadcrumb\"},\"inLanguage\":\"en-US\",\"potentialAction\":[{\"@type\":\"ReadAction\",\"target\":[\"https:\\\/\\\/escolhelab.com.br\\\/frasco-reagente-claro-vidro-neutro-tampa-azul-gtaduado\\\/\"]}]},{\"@type\":\"ImageObject\",\"inLanguage\":\"en-US\",\"@id\":\"https:\\\/\\\/escolhelab.com.br\\\/frasco-reagente-claro-vidro-neutro-tampa-azul-gtaduado\\\/#primaryimage\",\"url\":\"https:\\\/\\\/escolhelab.com.br\\\/wp-content\\\/uploads\\\/2025\\\/10\\\/frasco-reagente-claro-graduado-vidro-neutr-tampa-azul-escolhelab-com-br.png\",\"contentUrl\":\"https:\\\/\\\/escolhelab.com.br\\\/wp-content\\\/uploads\\\/2025\\\/10\\\/frasco-reagente-claro-graduado-vidro-neutr-tampa-azul-escolhelab-com-br.png\",\"width\":700,\"height\":800,\"caption\":\"frasco-reagente-claro-graduado-vidro-neutr-tampa-azul-escolhelab-com-br\"},{\"@type\":\"BreadcrumbList\",\"@id\":\"https:\\\/\\\/escolhelab.com.br\\\/frasco-reagente-claro-vidro-neutro-tampa-azul-gtaduado\\\/#breadcrumb\",\"itemListElement\":[{\"@type\":\"ListItem\",\"position\":1,\"name\":\"In\u00edcio\",\"item\":\"https:\\\/\\\/escolhelab.com.br\\\/\"},{\"@type\":\"ListItem\",\"position\":2,\"name\":\"loja\",\"item\":\"https:\\\/\\\/escolhelab.com.br\\\/loja\\\/\"},{\"@type\":\"ListItem\",\"position\":3,\"name\":\"Frasco reagente claro vidro neutro tampa azul &#8211; gtaduado\"}]},{\"@type\":\"WebSite\",\"@id\":\"https:\\\/\\\/escolhelab.com.br\\\/#website\",\"url\":\"https:\\\/\\\/escolhelab.com.br\\\/\",\"name\":\"Loja de produtos para laboratorio\",\"description\":\"Produtos para Laborat\u00f3rio,Artigos e outros na loja do quimico\",\"publisher\":{\"@id\":\"https:\\\/\\\/escolhelab.com.br\\\/#organization\"},\"alternateName\":\"escolhelab\",\"potentialAction\":[{\"@type\":\"SearchAction\",\"target\":{\"@type\":\"EntryPoint\",\"urlTemplate\":\"https:\\\/\\\/escolhelab.com.br\\\/?s={search_term_string}\"},\"query-input\":{\"@type\":\"PropertyValueSpecification\",\"valueRequired\":true,\"valueName\":\"search_term_string\"}}],\"inLanguage\":\"en-US\"},{\"@type\":\"Organization\",\"@id\":\"https:\\\/\\\/escolhelab.com.br\\\/#organization\",\"name\":\"loja escolhelab\",\"alternateName\":\"escolhelab\",\"url\":\"https:\\\/\\\/escolhelab.com.br\\\/\",\"logo\":{\"@type\":\"ImageObject\",\"inLanguage\":\"en-US\",\"@id\":\"https:\\\/\\\/escolhelab.com.br\\\/#\\\/schema\\\/logo\\\/image\\\/\",\"url\":\"https:\\\/\\\/escolhelab.com.br\\\/wp-content\\\/uploads\\\/2024\\\/12\\\/icone-e-512-512escolhelab-com-br-2-800x800.png\",\"contentUrl\":\"https:\\\/\\\/escolhelab.com.br\\\/wp-content\\\/uploads\\\/2024\\\/12\\\/icone-e-512-512escolhelab-com-br-2-800x800.png\",\"width\":800,\"height\":800,\"caption\":\"loja escolhelab\"},\"image\":{\"@id\":\"https:\\\/\\\/escolhelab.com.br\\\/#\\\/schema\\\/logo\\\/image\\\/\"}}]}<\/script>\n<!-- \/ Yoast SEO Premium plugin. -->","yoast_head_json":{"title":"Frasco reagente claro vidro neutro tampa azul - gtaduado","description":"Fabricado em vidro neutro \u00e2mbar -Adequado para subst\u00e2ncias fotossens\u00edveis-Gradua\u00e7\u00e3o orientava-Tampa de rosca azul, pl\u00e1stica-N\u00e3o autoclav\u00e1vel","robots":{"index":"index","follow":"follow","max-snippet":"max-snippet:-1","max-image-preview":"max-image-preview:large","max-video-preview":"max-video-preview:-1"},"canonical":"https:\/\/escolhelab.com.br\/en\/frasco-reagente-claro-vidro-neutro-tampa-azul-gtaduado\/","og_locale":"en_US","og_type":"article","og_title":"Frasco reagente claro vidro neutro tampa azul - gtaduado","og_description":"Fabricado em vidro neutro \u00e2mbar -Adequado para subst\u00e2ncias fotossens\u00edveis-Gradua\u00e7\u00e3o orientava-Tampa de rosca azul, pl\u00e1stica-N\u00e3o autoclav\u00e1vel","og_url":"https:\/\/escolhelab.com.br\/en\/frasco-reagente-claro-vidro-neutro-tampa-azul-gtaduado\/","og_site_name":"Loja de produtos para laboratorio","article_modified_time":"2026-04-11T13:18:39+00:00","og_image":[{"width":700,"height":800,"url":"https:\/\/escolhelab.com.br\/wp-content\/uploads\/2025\/10\/frasco-reagente-claro-graduado-vidro-neutr-tampa-azul-escolhelab-com-br.png","type":"image\/png"}],"twitter_card":"summary_large_image","twitter_misc":{"Est. reading time":"1 minute"},"schema":{"@context":"https:\/\/schema.org","@graph":[{"@type":"WebPage","@id":"https:\/\/escolhelab.com.br\/frasco-reagente-claro-vidro-neutro-tampa-azul-gtaduado\/","url":"https:\/\/escolhelab.com.br\/frasco-reagente-claro-vidro-neutro-tampa-azul-gtaduado\/","name":"Frasco reagente claro vidro neutro tampa azul - gtaduado","isPartOf":{"@id":"https:\/\/escolhelab.com.br\/#website"},"primaryImageOfPage":{"@id":"https:\/\/escolhelab.com.br\/frasco-reagente-claro-vidro-neutro-tampa-azul-gtaduado\/#primaryimage"},"image":{"@id":"https:\/\/escolhelab.com.br\/frasco-reagente-claro-vidro-neutro-tampa-azul-gtaduado\/#primaryimage"},"thumbnailUrl":"https:\/\/escolhelab.com.br\/wp-content\/uploads\/2025\/10\/frasco-reagente-claro-graduado-vidro-neutr-tampa-azul-escolhelab-com-br.png","datePublished":"2025-10-08T13:06:55+00:00","dateModified":"2026-04-11T13:18:39+00:00","description":"Fabricado em vidro neutro \u00e2mbar -Adequado para subst\u00e2ncias fotossens\u00edveis-Gradua\u00e7\u00e3o orientava-Tampa de rosca azul, pl\u00e1stica-N\u00e3o autoclav\u00e1vel","breadcrumb":{"@id":"https:\/\/escolhelab.com.br\/frasco-reagente-claro-vidro-neutro-tampa-azul-gtaduado\/#breadcrumb"},"inLanguage":"en-US","potentialAction":[{"@type":"ReadAction","target":["https:\/\/escolhelab.com.br\/frasco-reagente-claro-vidro-neutro-tampa-azul-gtaduado\/"]}]},{"@type":"ImageObject","inLanguage":"en-US","@id":"https:\/\/escolhelab.com.br\/frasco-reagente-claro-vidro-neutro-tampa-azul-gtaduado\/#primaryimage","url":"https:\/\/escolhelab.com.br\/wp-content\/uploads\/2025\/10\/frasco-reagente-claro-graduado-vidro-neutr-tampa-azul-escolhelab-com-br.png","contentUrl":"https:\/\/escolhelab.com.br\/wp-content\/uploads\/2025\/10\/frasco-reagente-claro-graduado-vidro-neutr-tampa-azul-escolhelab-com-br.png","width":700,"height":800,"caption":"frasco-reagente-claro-graduado-vidro-neutr-tampa-azul-escolhelab-com-br"},{"@type":"BreadcrumbList","@id":"https:\/\/escolhelab.com.br\/frasco-reagente-claro-vidro-neutro-tampa-azul-gtaduado\/#breadcrumb","itemListElement":[{"@type":"ListItem","position":1,"name":"In\u00edcio","item":"https:\/\/escolhelab.com.br\/"},{"@type":"ListItem","position":2,"name":"loja","item":"https:\/\/escolhelab.com.br\/loja\/"},{"@type":"ListItem","position":3,"name":"Frasco reagente claro vidro neutro tampa azul &#8211; gtaduado"}]},{"@type":"WebSite","@id":"https:\/\/escolhelab.com.br\/#website","url":"https:\/\/escolhelab.com.br\/","name":"Loja de produtos para laboratorio","description":"Produtos para Laborat\u00f3rio,Artigos e outros na loja do quimico","publisher":{"@id":"https:\/\/escolhelab.com.br\/#organization"},"alternateName":"escolhelab","potentialAction":[{"@type":"SearchAction","target":{"@type":"EntryPoint","urlTemplate":"https:\/\/escolhelab.com.br\/?s={search_term_string}"},"query-input":{"@type":"PropertyValueSpecification","valueRequired":true,"valueName":"search_term_string"}}],"inLanguage":"en-US"},{"@type":"Organization","@id":"https:\/\/escolhelab.com.br\/#organization","name":"loja escolhelab","alternateName":"escolhelab","url":"https:\/\/escolhelab.com.br\/","logo":{"@type":"ImageObject","inLanguage":"en-US","@id":"https:\/\/escolhelab.com.br\/#\/schema\/logo\/image\/","url":"https:\/\/escolhelab.com.br\/wp-content\/uploads\/2024\/12\/icone-e-512-512escolhelab-com-br-2-800x800.png","contentUrl":"https:\/\/escolhelab.com.br\/wp-content\/uploads\/2024\/12\/icone-e-512-512escolhelab-com-br-2-800x800.png","width":800,"height":800,"caption":"loja escolhelab"},"image":{"@id":"https:\/\/escolhelab.com.br\/#\/schema\/logo\/image\/"}}]}},"tiered_pricing_type":"fixed","tiered_pricing_fixed_rules":[],"tiered_pricing_product_settings":{"layout":"default","base_unit_name":{"singular":null,"plural":null},"default_variation":null},"tiered_pricing_minimum_quantity":null,"tiered_pricing_roles_data":[],"tiered_pricing_percentage_rules":[],"tiered_pricing_maximum_quantity":null,"tiered_pricing_quantity_step":null,"_links":{"self":[{"href":"https:\/\/escolhelab.com.br\/en\/wp-json\/wp\/v2\/product\/38816","targetHints":{"allow":["GET"]}}],"collection":[{"href":"https:\/\/escolhelab.com.br\/en\/wp-json\/wp\/v2\/product"}],"about":[{"href":"https:\/\/escolhelab.com.br\/en\/wp-json\/wp\/v2\/types\/product"}],"replies":[{"embeddable":true,"href":"https:\/\/escolhelab.com.br\/en\/wp-json\/wp\/v2\/comments?post=38816"}],"version-history":[{"count":0,"href":"https:\/\/escolhelab.com.br\/en\/wp-json\/wp\/v2\/product\/38816\/revisions"}],"wp:featuredmedia":[{"embeddable":true,"href":"https:\/\/escolhelab.com.br\/en\/wp-json\/wp\/v2\/media\/38822"}],"wp:attachment":[{"href":"https:\/\/escolhelab.com.br\/en\/wp-json\/wp\/v2\/media?parent=38816"}],"wp:term":[{"taxonomy":"product_brand","embeddable":true,"href":"https:\/\/escolhelab.com.br\/en\/wp-json\/wp\/v2\/product_brand?post=38816"},{"taxonomy":"product_cat","embeddable":true,"href":"https:\/\/escolhelab.com.br\/en\/wp-json\/wp\/v2\/product_cat?post=38816"},{"taxonomy":"product_tag","embeddable":true,"href":"https:\/\/escolhelab.com.br\/en\/wp-json\/wp\/v2\/product_tag?post=38816"}],"curies":[{"name":"wp","href":"https:\/\/api.w.org\/{rel}","templated":true}]}}